{"id":12246,"date":"2020-02-13T08:50:22","date_gmt":"2020-02-13T08:50:22","guid":{"rendered":"http:\/\/protodev.ee\/?page_id=12246"},"modified":"2025-12-11T09:36:18","modified_gmt":"2025-12-11T09:36:18","slug":"daily-offers","status":"publish","type":"page","link":"https:\/\/www.prototehas.ee\/en\/daily-offers\/","title":{"rendered":"DAILY OFFERS"},"content":{"rendered":"[et_pb_section fb_built=&#8221;1&#8243; _builder_version=&#8221;4.16&#8243; background_image=&#8221;https:\/\/www.prototehas.ee\/wp-content\/uploads\/2020\/11\/web_paevapakkumised_201120.jpg&#8221; custom_margin=&#8221;0px||||false|false&#8221; custom_padding=&#8221;13em||13em||true|false&#8221; global_colors_info=&#8221;{}&#8221;][\/et_pb_section][et_pb_section fb_built=&#8221;1&#8243; _builder_version=&#8221;4.16&#8243; background_enable_image=&#8221;off&#8221; global_colors_info=&#8221;{}&#8221;][et_pb_row use_custom_gutter=&#8221;on&#8221; gutter_width=&#8221;1&#8243; make_equal=&#8221;on&#8221; admin_label=&#8221;Card Vertical&#8221; _builder_version=&#8221;4.24.2&#8243; _module_preset=&#8221;default&#8221; background_color=&#8221;#FFFFFF&#8221; module_alignment=&#8221;center&#8221; custom_margin=&#8221;15px|14px|15px|14px|false|false&#8221; custom_padding=&#8221;0px||0px||false|false&#8221; border_radii=&#8221;on|20px|20px|20px|20px&#8221; locked=&#8221;off&#8221; global_colors_info=&#8221;{}&#8221;][et_pb_column type=&#8221;4_4&#8243; _builder_version=&#8221;4.24.2&#8243; _module_preset=&#8221;default&#8221; custom_padding=&#8221;||||false|false&#8221; border_radii=&#8221;on|20px|20px|20px|20px&#8221; global_colors_info=&#8221;{}&#8221;][et_pb_heading title=&#8221;DAILY OFFERS&#8221; _builder_version=&#8221;4.24.2&#8243; _module_preset=&#8221;default&#8221; title_font=&#8221;Amsi Pro Cond Bold|||on|||||&#8221; title_text_align=&#8221;center&#8221; background_color=&#8221;rgba(255,255,255,0)&#8221; custom_margin=&#8221;30px||0px||false|false&#8221; custom_padding=&#8221;|30px||30px|false|false&#8221; global_colors_info=&#8221;{}&#8221;][\/et_pb_heading][et_pb_code _builder_version=&#8221;4.24.2&#8243; _module_preset=&#8221;default&#8221; custom_padding_tablet=&#8221;&#8221; custom_padding_phone=&#8221;|20px||20px|false|false&#8221; custom_padding_last_edited=&#8221;on|phone&#8221; global_colors_info=&#8221;{}&#8221;]<article class=\"w-full text-token-text-primary focus-visible:outline-2 focus-visible:outline-offset-[-4px]\" dir=\"auto\" data-testid=\"conversation-turn-120\" data-scroll-anchor=\"false\"><\/article>\n<article class=\"w-full text-token-text-primary focus-visible:outline-2 focus-visible:outline-offset-[-4px]\" dir=\"auto\" data-testid=\"conversation-turn-121\" data-scroll-anchor=\"true\">\n<div class=\"text-base my-auto mx-auto py-[18px] px-6\">\n<div class=\"mx-auto flex flex-1 text-base gap-4 md:gap-5 lg:gap-6 md:max-w-3xl lg:max-w-[40rem] xl:max-w-[48rem]\">\n<div class=\"group\/conversation-turn relative flex w-full min-w-0 flex-col agent-turn @xs\/thread:px-0 @sm\/thread:px-1.5 @md\/thread:px-4\">\n<div class=\"flex-col gap-1 md:gap-3\">\n<div class=\"flex max-w-full flex-col flex-grow\"><\/div>\n<\/div>\n<\/div>\n<\/div>\n<\/div>\n<\/article>\n<p style=\"text-align: center;\" data-start=\"94\" data-end=\"159\"><strong data-start=\"94\" data-end=\"110\">Monday 13.04<\/strong><br data-start=\"110\" data-end=\"113\" \/><br data-start=\"117\" data-end=\"120\" \/>Chicken and Rice Soup 3.50 \u20ac \/ 5.50 \u20ac<\/p>\n<p style=\"text-align: center;\" data-start=\"161\" data-end=\"256\"><strong data-start=\"161\" data-end=\"192\">Lunch Buffet 1.80 \u20ac \/ 100 g<\/strong><br data-start=\"192\" data-end=\"195\" \/>Grilled Chicken Thigh<br data-start=\"216\" data-end=\"219\" \/>Oven-Baked Trout<br data-start=\"235\" data-end=\"238\" \/>Sides and Salads<\/p>\n<hr data-start=\"258\" data-end=\"261\" \/>\n<p style=\"text-align: center;\" data-start=\"263\" data-end=\"322\"><strong data-start=\"263\" data-end=\"280\">Tuesday 14.04<\/strong><br data-start=\"280\" data-end=\"283\" \/><br data-start=\"287\" data-end=\"290\" \/>Ukha Fish Soup 3.50 \u20ac \/ 5.50 \u20ac<\/p>\n<p style=\"text-align: center;\" data-start=\"324\" data-end=\"430\"><strong data-start=\"324\" data-end=\"355\">Lunch Buffet 1.80 \u20ac \/ 100 g<\/strong><br data-start=\"355\" data-end=\"358\" \/>Rosemary Beef Meatballs<br data-start=\"381\" data-end=\"384\" \/>Grilled Turkey with Herbs<br data-start=\"409\" data-end=\"412\" \/>Sides and Salads<\/p>\n<hr data-start=\"432\" data-end=\"435\" \/>\n<p style=\"text-align: center;\" data-start=\"437\" data-end=\"492\"><strong data-start=\"437\" data-end=\"456\">Wednesday 15.04<\/strong><br data-start=\"456\" data-end=\"459\" \/><br data-start=\"463\" data-end=\"466\" \/>Solyanka 3.50 \u20ac \/ 5.50 \u20ac<\/p>\n<p style=\"text-align: center;\" data-start=\"494\" data-end=\"581\"><strong data-start=\"494\" data-end=\"525\">Lunch Buffet 1.80 \u20ac \/ 100 g<\/strong><br data-start=\"525\" data-end=\"528\" \/>Spicy Pulled Pork<br data-start=\"545\" data-end=\"548\" \/>Duck Goulash<br data-start=\"560\" data-end=\"563\" \/>Sides and Salads<\/p>\n<hr data-start=\"583\" data-end=\"586\" \/>\n<p style=\"text-align: center;\" data-start=\"588\" data-end=\"668\"><strong data-start=\"588\" data-end=\"606\">Thursday 16.04<\/strong><br data-start=\"606\" data-end=\"609\" \/><br data-start=\"613\" data-end=\"616\" \/>Cauliflower and Coconut Pur\u00e9e Soup 3.50 \u20ac \/ 5.50 \u20ac<\/p>\n<p style=\"text-align: center;\" data-start=\"670\" data-end=\"767\"><strong data-start=\"670\" data-end=\"701\">Lunch Buffet 1.80 \u20ac \/ 100 g<\/strong><br data-start=\"701\" data-end=\"704\" \/>Beef in Teriyaki Sauce<br data-start=\"726\" data-end=\"729\" \/>Red Chicken Curry<br data-start=\"746\" data-end=\"749\" \/>Sides and Salads<\/p>\n<hr data-start=\"769\" data-end=\"772\" \/>\n<p style=\"text-align: center;\" data-start=\"774\" data-end=\"841\"><strong data-start=\"774\" data-end=\"790\">Friday 17.04<\/strong><br data-start=\"790\" data-end=\"793\" \/><br data-start=\"797\" data-end=\"800\" \/>Tomato Minced Meat Soup 3.50 \u20ac \/ 5.50 \u20ac<\/p>\n<p style=\"text-align: center;\" data-start=\"843\" data-end=\"938\"><strong data-start=\"843\" data-end=\"874\">Lunch Buffet 1.80 \u20ac \/ 100 g<\/strong><br data-start=\"874\" data-end=\"877\" \/>Homemade Lasagne<br data-start=\"893\" data-end=\"896\" \/>Charcoal-Grilled Pork<br data-start=\"917\" data-end=\"920\" \/>Sides and Salads<\/p>\n<p>&nbsp;<\/p>\n<p style=\"text-align: center;\"><strong>The lunch menu at PROTO caf\u00e9 is waiting to be enjoyed:<br \/>\n<\/strong><br \/>\nMon 11:30-15:00<br \/>\nTue-Fri 11:30-16:30<\/p>\n<p style=\"text-align: center;\">Come and enjoy on the spot or grab a tasty bite to take home or to the office!<\/p>\n<p>&nbsp;<\/p>\n[\/et_pb_code][\/et_pb_column][\/et_pb_row][\/et_pb_section]<span class=\"et_bloom_bottom_trigger\"><\/span>","protected":false},"excerpt":{"rendered":"<article class=\"w-full text-token-text-primary focus-visible:outline-2 focus-visible:outline-offset-[-4px]\" dir=\"auto\" data-testid=\"conversation-turn-120\" data-scroll-anchor=\"false\"><\/article>\n<article class=\"w-full text-token-text-primary focus-visible:outline-2 focus-visible:outline-offset-[-4px]\" dir=\"auto\" data-testid=\"conversation-turn-121\" data-scroll-anchor=\"true\">\n<div class=\"text-base my-auto mx-auto py-[18px] px-6\">\n<div class=\"mx-auto flex flex-1 text-base gap-4 md:gap-5 lg:gap-6 md:max-w-3xl lg:max-w-[40rem] xl:max-w-[48rem]\">\n<div class=\"group\/conversation-turn relative flex w-full min-w-0 flex-col agent-turn @xs\/thread:px-0 @sm\/thread:px-1.5 @md\/thread:px-4\">\n<div class=\"flex-col gap-1 md:gap-3\">\n<div class=\"flex max-w-full flex-col flex-grow\"><\/div>\n<\/div>\n<\/div>\n<\/div>\n<\/div>\n<\/article>\n<p style=\"text-align: center;\" data-start=\"94\" data-end=\"159\"><strong data-start=\"94\" data-end=\"110\">Monday 13.04<\/strong><br data-start=\"110\" data-end=\"113\" \/><br data-start=\"117\" data-end=\"120\" \/>Chicken and Rice Soup 3.50 \u20ac \/ 5.50 \u20ac<\/p>\n<p style=\"text-align: center;\" data-start=\"161\" data-end=\"256\"><strong data-start=\"161\" data-end=\"192\">Lunch Buffet 1.80 \u20ac \/ 100 g<\/strong><br data-start=\"192\" data-end=\"195\" \/>Grilled Chicken Thigh<br data-start=\"216\" data-end=\"219\" \/>Oven-Baked Trout<br data-start=\"235\" data-end=\"238\" \/>Sides and Salads<\/p>\n<hr data-start=\"258\" data-end=\"261\" \/>\n<p style=\"text-align: center;\" data-start=\"263\" data-end=\"322\"><strong data-start=\"263\" data-end=\"280\">Tuesday 14.04<\/strong><br data-start=\"280\" data-end=\"283\" \/><br data-start=\"287\" data-end=\"290\" \/>Ukha Fish Soup 3.50 \u20ac \/ 5.50 \u20ac<\/p>\n<p style=\"text-align: center;\" data-start=\"324\" data-end=\"430\"><strong data-start=\"324\" data-end=\"355\">Lunch Buffet 1.80 \u20ac \/ 100 g<\/strong><br data-start=\"355\" data-end=\"358\" \/>Rosemary Beef Meatballs<br data-start=\"381\" data-end=\"384\" \/>Grilled Turkey with Herbs<br data-start=\"409\" data-end=\"412\" \/>Sides and Salads<\/p>\n<hr data-start=\"432\" data-end=\"435\" \/>\n<p style=\"text-align: center;\" data-start=\"437\" data-end=\"492\"><strong data-start=\"437\" data-end=\"456\">Wednesday 15.04<\/strong><br data-start=\"456\" data-end=\"459\" \/><br data-start=\"463\" data-end=\"466\" \/>Solyanka 3.50 \u20ac \/ 5.50 \u20ac<\/p>\n<p style=\"text-align: center;\" data-start=\"494\" data-end=\"581\"><strong data-start=\"494\" data-end=\"525\">Lunch Buffet 1.80 \u20ac \/ 100 g<\/strong><br data-start=\"525\" data-end=\"528\" \/>Spicy Pulled Pork<br data-start=\"545\" data-end=\"548\" \/>Duck Goulash<br data-start=\"560\" data-end=\"563\" \/>Sides and Salads<\/p>\n<hr data-start=\"583\" data-end=\"586\" \/>\n<p style=\"text-align: center;\" data-start=\"588\" data-end=\"668\"><strong data-start=\"588\" data-end=\"606\">Thursday 16.04<\/strong><br data-start=\"606\" data-end=\"609\" \/><br data-start=\"613\" data-end=\"616\" \/>Cauliflower and Coconut Pur\u00e9e Soup 3.50 \u20ac \/ 5.50 \u20ac<\/p>\n<p style=\"text-align: center;\" data-start=\"670\" data-end=\"767\"><strong data-start=\"670\" data-end=\"701\">Lunch Buffet 1.80 \u20ac \/ 100 g<\/strong><br data-start=\"701\" data-end=\"704\" \/>Beef in Teriyaki Sauce<br data-start=\"726\" data-end=\"729\" \/>Red Chicken Curry<br data-start=\"746\" data-end=\"749\" \/>Sides and Salads<\/p>\n<hr data-start=\"769\" data-end=\"772\" \/>\n<p style=\"text-align: center;\" data-start=\"774\" data-end=\"841\"><strong data-start=\"774\" data-end=\"790\">Friday 17.04<\/strong><br data-start=\"790\" data-end=\"793\" \/><br data-start=\"797\" data-end=\"800\" \/>Tomato Minced Meat Soup 3.50 \u20ac \/ 5.50 \u20ac<\/p>\n<p style=\"text-align: center;\" data-start=\"843\" data-end=\"938\"><strong data-start=\"843\" data-end=\"874\">Lunch Buffet 1.80 \u20ac \/ 100 g<\/strong><br data-start=\"874\" data-end=\"877\" \/>Homemade Lasagne<br data-start=\"893\" data-end=\"896\" \/>Charcoal-Grilled Pork<br data-start=\"917\" data-end=\"920\" \/>Sides and Salads<\/p>\n<p>&nbsp;<\/p>\n<p style=\"text-align: center;\"><strong>The lunch menu at PROTO caf\u00e9 is waiting to be enjoyed:<br \/>\n<\/strong><br \/>\nMon 11:30-15:00<br \/>\nTue-Fri 11:30-16:30<\/p>\n<p style=\"text-align: center;\">Come and enjoy on the spot or grab a tasty bite to take home or to the office!<\/p>\n<p>&nbsp;<\/p>\n\n","protected":false},"author":15,"featured_media":0,"parent":0,"menu_order":0,"comment_status":"closed","ping_status":"closed","template":"","meta":{"_acf_changed":false,"_et_pb_use_builder":"on","_et_pb_old_content":"","_et_gb_content_width":"","inline_featured_image":false,"footnotes":""},"class_list":["post-12246","page","type-page","status-publish","hentry"],"acf":[],"yoast_head":"<!-- This site is optimized with the Yoast SEO plugin v26.9 - https:\/\/yoast.com\/product\/yoast-seo-wordpress\/ -->\n<title>Daily offers at PROTO avastustehas<\/title>\n<meta name=\"robots\" content=\"index, follow, max-snippet:-1, max-image-preview:large, max-video-preview:-1\" \/>\n<link rel=\"canonical\" href=\"https:\/\/www.prototehas.ee\/en\/daily-offers\/\" \/>\n<meta property=\"og:locale\" content=\"en_US\" \/>\n<meta property=\"og:type\" content=\"article\" \/>\n<meta property=\"og:title\" content=\"Tule l\u00f5unata PROTO kohvikus!\" \/>\n<meta property=\"og:description\" content=\"S\u00f6\u00f6 kohapeal v\u00f5i osta toit kaasa! Pakume maitsvaid, tervislikke ja m\u00f5istliku hinnaga praade, suppe ja magustoitusid. Toidud sobivad nii lastele kui t\u00e4iskasvanutele.\" \/>\n<meta property=\"og:url\" content=\"https:\/\/www.prototehas.ee\/en\/daily-offers\/\" \/>\n<meta property=\"og:site_name\" content=\"PROTO avastustehas\" \/>\n<meta property=\"article:publisher\" content=\"https:\/\/www.facebook.com\/prototehas\/\" \/>\n<meta property=\"article:modified_time\" content=\"2025-12-11T09:36:18+00:00\" \/>\n<meta property=\"og:image\" content=\"https:\/\/www.prototehas.ee\/wp-content\/uploads\/2020\/03\/Soolane-3.jpg?wsr\" \/>\n\t<meta property=\"og:image:width\" content=\"1024\" \/>\n\t<meta property=\"og:image:height\" content=\"683\" \/>\n\t<meta property=\"og:image:type\" content=\"image\/jpeg\" \/>\n<meta name=\"twitter:card\" content=\"summary_large_image\" \/>\n<meta name=\"twitter:label1\" content=\"Est. reading time\" \/>\n\t<meta name=\"twitter:data1\" content=\"2 minutes\" \/>\n<script type=\"application\/ld+json\" class=\"yoast-schema-graph\">{\"@context\":\"https:\/\/schema.org\",\"@graph\":[{\"@type\":\"WebPage\",\"@id\":\"https:\/\/www.prototehas.ee\/en\/daily-offers\/\",\"url\":\"https:\/\/www.prototehas.ee\/en\/daily-offers\/\",\"name\":\"Daily offers at PROTO avastustehas\",\"isPartOf\":{\"@id\":\"https:\/\/www.prototehas.ee\/en\/#website\"},\"datePublished\":\"2020-02-13T08:50:22+00:00\",\"dateModified\":\"2025-12-11T09:36:18+00:00\",\"breadcrumb\":{\"@id\":\"https:\/\/www.prototehas.ee\/en\/daily-offers\/#breadcrumb\"},\"inLanguage\":\"en-US\",\"potentialAction\":[{\"@type\":\"ReadAction\",\"target\":[\"https:\/\/www.prototehas.ee\/en\/daily-offers\/\"]}]},{\"@type\":\"BreadcrumbList\",\"@id\":\"https:\/\/www.prototehas.ee\/en\/daily-offers\/#breadcrumb\",\"itemListElement\":[{\"@type\":\"ListItem\",\"position\":1,\"name\":\"Avaleht\",\"item\":\"https:\/\/www.prototehas.ee\/en\/\"},{\"@type\":\"ListItem\",\"position\":2,\"name\":\"DAILY OFFERS\"}]},{\"@type\":\"WebSite\",\"@id\":\"https:\/\/www.prototehas.ee\/en\/#website\",\"url\":\"https:\/\/www.prototehas.ee\/en\/\",\"name\":\"PROTO avastustehas\",\"description\":\"Where science meets fantasy\",\"publisher\":{\"@id\":\"https:\/\/www.prototehas.ee\/en\/#organization\"},\"potentialAction\":[{\"@type\":\"SearchAction\",\"target\":{\"@type\":\"EntryPoint\",\"urlTemplate\":\"https:\/\/www.prototehas.ee\/en\/?s={search_term_string}\"},\"query-input\":{\"@type\":\"PropertyValueSpecification\",\"valueRequired\":true,\"valueName\":\"search_term_string\"}}],\"inLanguage\":\"en-US\"},{\"@type\":\"Organization\",\"@id\":\"https:\/\/www.prototehas.ee\/en\/#organization\",\"name\":\"PROTO avastustehas\",\"url\":\"https:\/\/www.prototehas.ee\/en\/\",\"logo\":{\"@type\":\"ImageObject\",\"inLanguage\":\"en-US\",\"@id\":\"https:\/\/www.prototehas.ee\/en\/#\/schema\/logo\/image\/\",\"url\":\"https:\/\/www.prototehas.ee\/wp-content\/uploads\/2019\/10\/prototehas_logo_et_2.svg\",\"contentUrl\":\"https:\/\/www.prototehas.ee\/wp-content\/uploads\/2019\/10\/prototehas_logo_et_2.svg\",\"width\":100,\"height\":100,\"caption\":\"PROTO avastustehas\"},\"image\":{\"@id\":\"https:\/\/www.prototehas.ee\/en\/#\/schema\/logo\/image\/\"},\"sameAs\":[\"https:\/\/www.facebook.com\/prototehas\/\"]}]}<\/script>\n<!-- \/ Yoast SEO plugin. -->","yoast_head_json":{"title":"Daily offers at PROTO avastustehas","robots":{"index":"index","follow":"follow","max-snippet":"max-snippet:-1","max-image-preview":"max-image-preview:large","max-video-preview":"max-video-preview:-1"},"canonical":"https:\/\/www.prototehas.ee\/en\/daily-offers\/","og_locale":"en_US","og_type":"article","og_title":"Tule l\u00f5unata PROTO kohvikus!","og_description":"S\u00f6\u00f6 kohapeal v\u00f5i osta toit kaasa! Pakume maitsvaid, tervislikke ja m\u00f5istliku hinnaga praade, suppe ja magustoitusid. Toidud sobivad nii lastele kui t\u00e4iskasvanutele.","og_url":"https:\/\/www.prototehas.ee\/en\/daily-offers\/","og_site_name":"PROTO avastustehas","article_publisher":"https:\/\/www.facebook.com\/prototehas\/","article_modified_time":"2025-12-11T09:36:18+00:00","og_image":[{"width":1024,"height":683,"url":"https:\/\/www.prototehas.ee\/wp-content\/uploads\/2020\/03\/Soolane-3.jpg?wsr","type":"image\/jpeg"}],"twitter_card":"summary_large_image","twitter_misc":{"Est. reading time":"2 minutes"},"schema":{"@context":"https:\/\/schema.org","@graph":[{"@type":"WebPage","@id":"https:\/\/www.prototehas.ee\/en\/daily-offers\/","url":"https:\/\/www.prototehas.ee\/en\/daily-offers\/","name":"Daily offers at PROTO avastustehas","isPartOf":{"@id":"https:\/\/www.prototehas.ee\/en\/#website"},"datePublished":"2020-02-13T08:50:22+00:00","dateModified":"2025-12-11T09:36:18+00:00","breadcrumb":{"@id":"https:\/\/www.prototehas.ee\/en\/daily-offers\/#breadcrumb"},"inLanguage":"en-US","potentialAction":[{"@type":"ReadAction","target":["https:\/\/www.prototehas.ee\/en\/daily-offers\/"]}]},{"@type":"BreadcrumbList","@id":"https:\/\/www.prototehas.ee\/en\/daily-offers\/#breadcrumb","itemListElement":[{"@type":"ListItem","position":1,"name":"Avaleht","item":"https:\/\/www.prototehas.ee\/en\/"},{"@type":"ListItem","position":2,"name":"DAILY OFFERS"}]},{"@type":"WebSite","@id":"https:\/\/www.prototehas.ee\/en\/#website","url":"https:\/\/www.prototehas.ee\/en\/","name":"PROTO avastustehas","description":"Where science meets fantasy","publisher":{"@id":"https:\/\/www.prototehas.ee\/en\/#organization"},"potentialAction":[{"@type":"SearchAction","target":{"@type":"EntryPoint","urlTemplate":"https:\/\/www.prototehas.ee\/en\/?s={search_term_string}"},"query-input":{"@type":"PropertyValueSpecification","valueRequired":true,"valueName":"search_term_string"}}],"inLanguage":"en-US"},{"@type":"Organization","@id":"https:\/\/www.prototehas.ee\/en\/#organization","name":"PROTO avastustehas","url":"https:\/\/www.prototehas.ee\/en\/","logo":{"@type":"ImageObject","inLanguage":"en-US","@id":"https:\/\/www.prototehas.ee\/en\/#\/schema\/logo\/image\/","url":"https:\/\/www.prototehas.ee\/wp-content\/uploads\/2019\/10\/prototehas_logo_et_2.svg","contentUrl":"https:\/\/www.prototehas.ee\/wp-content\/uploads\/2019\/10\/prototehas_logo_et_2.svg","width":100,"height":100,"caption":"PROTO avastustehas"},"image":{"@id":"https:\/\/www.prototehas.ee\/en\/#\/schema\/logo\/image\/"},"sameAs":["https:\/\/www.facebook.com\/prototehas\/"]}]}},"_links":{"self":[{"href":"https:\/\/www.prototehas.ee\/en\/wp-json\/wp\/v2\/pages\/12246","targetHints":{"allow":["GET"]}}],"collection":[{"href":"https:\/\/www.prototehas.ee\/en\/wp-json\/wp\/v2\/pages"}],"about":[{"href":"https:\/\/www.prototehas.ee\/en\/wp-json\/wp\/v2\/types\/page"}],"author":[{"embeddable":true,"href":"https:\/\/www.prototehas.ee\/en\/wp-json\/wp\/v2\/users\/15"}],"replies":[{"embeddable":true,"href":"https:\/\/www.prototehas.ee\/en\/wp-json\/wp\/v2\/comments?post=12246"}],"version-history":[{"count":3,"href":"https:\/\/www.prototehas.ee\/en\/wp-json\/wp\/v2\/pages\/12246\/revisions"}],"predecessor-version":[{"id":29698,"href":"https:\/\/www.prototehas.ee\/en\/wp-json\/wp\/v2\/pages\/12246\/revisions\/29698"}],"wp:attachment":[{"href":"https:\/\/www.prototehas.ee\/en\/wp-json\/wp\/v2\/media?parent=12246"}],"curies":[{"name":"wp","href":"https:\/\/api.w.org\/{rel}","templated":true}]}}