{"id":16697,"date":"2023-09-05T11:28:42","date_gmt":"2023-09-05T11:28:42","guid":{"rendered":"http:\/\/protodev.ee\/?page_id=16697"},"modified":"2026-01-28T13:01:42","modified_gmt":"2026-01-28T13:01:42","slug":"surrealistic-flavours","status":"publish","type":"page","link":"https:\/\/www.prototehas.ee\/en\/surrealistic-flavours\/","title":{"rendered":"SURREALISTIC FLAVOURS"},"content":{"rendered":"[et_pb_section fb_built=&#8221;1&#8243; _builder_version=&#8221;4.16&#8243; background_image=&#8221;https:\/\/www.prototehas.ee\/wp-content\/uploads\/2023\/10\/5_Rasmus-Kooskora_8553-scaled.jpg&#8221; custom_margin=&#8221;0px||||false|false&#8221; custom_padding=&#8221;13em||13em||true|false&#8221; locked=&#8221;off&#8221; global_colors_info=&#8221;{}&#8221;][\/et_pb_section][et_pb_section fb_built=&#8221;1&#8243; _builder_version=&#8221;4.16&#8243; _module_preset=&#8221;default&#8221; global_colors_info=&#8221;{}&#8221;][et_pb_row admin_label=&#8221;Eesti Maitsed&#8221; _builder_version=&#8221;4.24.2&#8243; _module_preset=&#8221;default&#8221; background_color=&#8221;#FFFFFF&#8221; border_radii=&#8221;on|30px|30px|30px|30px&#8221; locked=&#8221;off&#8221; global_colors_info=&#8221;{}&#8221;][et_pb_column type=&#8221;4_4&#8243; _builder_version=&#8221;4.16&#8243; _module_preset=&#8221;default&#8221; global_colors_info=&#8221;{}&#8221;][et_pb_heading title=&#8221;SURREALISTIC FLAVOURS&#8221; _builder_version=&#8221;4.24.2&#8243; _module_preset=&#8221;c9a4dd29-8345-43ea-bd4d-e73ae35e5717&#8243; global_colors_info=&#8221;{}&#8221;][\/et_pb_heading][et_pb_text _builder_version=&#8221;4.24.2&#8243; _module_preset=&#8221;e179c0c4-c115-407d-a110-ebe813713cd6&#8243; custom_padding=&#8221;|90px||90px|false|false&#8221; custom_padding_tablet=&#8221;|20px||20px|false|false&#8221; custom_padding_phone=&#8221;|0px||0px|false|false&#8221; custom_padding_last_edited=&#8221;on|tablet&#8221; global_colors_info=&#8221;{}&#8221;]<p><span>\u201cSurrealistic flavours\u201d invites you to dive headfirst into unknown waters. Have you ever thought what it feels like to turn into music under shrieking clouds? Or to discuss the enigmas of the world with your dinner plate. You can do all this and more in a world of surrealist flavours. If you are courageous enough to step over the threshold, then all you have imagined might become reality.<\/span><\/p>\n<p><span>The virtual reality dinner begins at 7 PM and can be ordered in Estonian, English and Finnish languages. We ask you to agree on a language within your group. The dinner can be enjoyed by a group of 24 to 40 people at a time. The price of dinner per person is 105 euros. <\/span>With a drink menu, an additional \u20ac32 per person applies, and with a non-alcoholic drink menu, \u20ac22 per person.<\/p>[\/et_pb_text][et_pb_button button_url=&#8221;https:\/\/www.prototehas.ee\/en\/vr-dinner-inquiry\/&#8221; button_text=&#8221;SEND INQUIRY&#8221; button_alignment=&#8221;center&#8221; _builder_version=&#8221;4.24.2&#8243; _module_preset=&#8221;f68e210a-7307-4655-825f-63256ae554ce&#8221; locked=&#8221;off&#8221; global_colors_info=&#8221;{}&#8221;][\/et_pb_button][\/et_pb_column][\/et_pb_row][et_pb_row _builder_version=&#8221;4.24.2&#8243; _module_preset=&#8221;default&#8221; width=&#8221;90%&#8221; global_colors_info=&#8221;{}&#8221;][et_pb_column type=&#8221;4_4&#8243; _builder_version=&#8221;4.16&#8243; _module_preset=&#8221;default&#8221; global_colors_info=&#8221;{}&#8221;][et_pb_heading title=&#8221;MENU&#8221; _builder_version=&#8221;4.24.2&#8243; _module_preset=&#8221;_initial&#8221; title_text_align=&#8221;center&#8221; title_font_size=&#8221;32px&#8221; global_colors_info=&#8221;{}&#8221;][\/et_pb_heading][\/et_pb_column][\/et_pb_row][et_pb_row column_structure=&#8221;1_2,1_2&#8243; _builder_version=&#8221;4.24.2&#8243; _module_preset=&#8221;default&#8221; width=&#8221;90%&#8221; locked=&#8221;off&#8221; global_colors_info=&#8221;{}&#8221;][et_pb_column type=&#8221;1_2&#8243; _builder_version=&#8221;4.16&#8243; _module_preset=&#8221;default&#8221; global_colors_info=&#8221;{}&#8221;][et_pb_heading title=&#8221;MENU&#8221; _builder_version=&#8221;4.24.2&#8243; _module_preset=&#8221;_initial&#8221; title_text_align=&#8221;center&#8221; title_font_size=&#8221;32px&#8221; global_colors_info=&#8221;{}&#8221;][\/et_pb_heading][et_pb_image src=&#8221;https:\/\/www.prototehas.ee\/wp-content\/uploads\/2024\/08\/Surreal-Flavors-and-vegetarian-Food.png&#8221; alt=&#8221;Surreal Flavors and vegetarian Food&#8221; title_text=&#8221;Surreal Flavors and vegetarian Food&#8221; align=&#8221;center&#8221; _builder_version=&#8221;4.24.2&#8243; _module_preset=&#8221;default&#8221; border_radii=&#8221;on|12px|12px|12px|12px&#8221; global_colors_info=&#8221;{}&#8221;][\/et_pb_image][\/et_pb_column][et_pb_column type=&#8221;1_2&#8243; _builder_version=&#8221;4.16&#8243; _module_preset=&#8221;default&#8221; global_colors_info=&#8221;{}&#8221;][et_pb_heading title=&#8221;DRINKS&#8221; _builder_version=&#8221;4.24.2&#8243; _module_preset=&#8221;_initial&#8221; title_text_align=&#8221;center&#8221; title_font_size=&#8221;32px&#8221; global_colors_info=&#8221;{}&#8221;][\/et_pb_heading][et_pb_image src=&#8221;https:\/\/www.prototehas.ee\/wp-content\/uploads\/2026\/01\/420&#215;803-drinks-eng_v2.jpg&#8221; alt=&#8221;mystical estonian drinks menu&#8221; title_text=&#8221;420&#215;803-drinks-eng_v2&#8243; _builder_version=&#8221;4.24.2&#8243; _module_preset=&#8221;default&#8221; hover_enabled=&#8221;0&#8243; border_radii=&#8221;on|12px|12px|12px|12px&#8221; global_colors_info=&#8221;{}&#8221; sticky_enabled=&#8221;0&#8243;][\/et_pb_image][\/et_pb_column][\/et_pb_row][\/et_pb_section]<span class=\"et_bloom_bottom_trigger\"><\/span>","protected":false},"excerpt":{"rendered":"<p>\u201cSurrealistic flavours\u201d invites you to dive headfirst into unknown waters. Have you ever thought what it feels like to turn into music under shrieking clouds? Or to discuss the enigmas of the world with your dinner plate. You can do all this and more in a world of surrealist flavours. If you are courageous enough [&hellip;]<\/p>\n","protected":false},"author":19,"featured_media":0,"parent":0,"menu_order":0,"comment_status":"closed","ping_status":"closed","template":"","meta":{"_acf_changed":false,"_et_pb_use_builder":"on","_et_pb_old_content":"","_et_gb_content_width":"","inline_featured_image":false,"footnotes":""},"class_list":["post-16697","page","type-page","status-publish","hentry"],"acf":[],"yoast_head":"<!-- This site is optimized with the Yoast SEO plugin v26.9 - https:\/\/yoast.com\/product\/yoast-seo-wordpress\/ -->\n<title>SURREALISTIC FLAVOURS - PROTO avastustehas<\/title>\n<meta name=\"description\" content=\"Sukeldu s\u00fcrrealistlikku maitsete maailma PROTO avastustehases. Naudi virtuaalreaalsuse \u00f5htus\u00f6\u00f6ki, mis viib sind unikaalsetesse seiklustesse.\" \/>\n<meta name=\"robots\" content=\"index, follow, max-snippet:-1, max-image-preview:large, max-video-preview:-1\" \/>\n<link rel=\"canonical\" href=\"https:\/\/www.prototehas.ee\/en\/surrealistic-flavours\/\" \/>\n<meta property=\"og:locale\" content=\"en_US\" \/>\n<meta property=\"og:type\" content=\"article\" \/>\n<meta property=\"og:title\" content=\"SURREALISTIC FLAVOURS - PROTO avastustehas\" \/>\n<meta property=\"og:description\" content=\"Sukeldu s\u00fcrrealistlikku maitsete maailma PROTO avastustehases. Naudi virtuaalreaalsuse \u00f5htus\u00f6\u00f6ki, mis viib sind unikaalsetesse seiklustesse.\" \/>\n<meta property=\"og:url\" content=\"https:\/\/www.prototehas.ee\/en\/surrealistic-flavours\/\" \/>\n<meta property=\"og:site_name\" content=\"PROTO avastustehas\" \/>\n<meta property=\"article:publisher\" content=\"https:\/\/www.facebook.com\/prototehas\/\" \/>\n<meta property=\"article:modified_time\" content=\"2026-01-28T13:01:42+00:00\" \/>\n<meta name=\"twitter:card\" content=\"summary_large_image\" \/>\n<meta name=\"twitter:label1\" content=\"Est. reading time\" \/>\n\t<meta name=\"twitter:data1\" content=\"1 minute\" \/>\n<script type=\"application\/ld+json\" class=\"yoast-schema-graph\">{\"@context\":\"https:\/\/schema.org\",\"@graph\":[{\"@type\":\"WebPage\",\"@id\":\"https:\/\/www.prototehas.ee\/en\/surrealistic-flavours\/\",\"url\":\"https:\/\/www.prototehas.ee\/en\/surrealistic-flavours\/\",\"name\":\"SURREALISTIC FLAVOURS - PROTO avastustehas\",\"isPartOf\":{\"@id\":\"https:\/\/www.prototehas.ee\/en\/#website\"},\"datePublished\":\"2023-09-05T11:28:42+00:00\",\"dateModified\":\"2026-01-28T13:01:42+00:00\",\"description\":\"Sukeldu s\u00fcrrealistlikku maitsete maailma PROTO avastustehases. Naudi virtuaalreaalsuse \u00f5htus\u00f6\u00f6ki, mis viib sind unikaalsetesse seiklustesse.\",\"breadcrumb\":{\"@id\":\"https:\/\/www.prototehas.ee\/en\/surrealistic-flavours\/#breadcrumb\"},\"inLanguage\":\"en-US\",\"potentialAction\":[{\"@type\":\"ReadAction\",\"target\":[\"https:\/\/www.prototehas.ee\/en\/surrealistic-flavours\/\"]}]},{\"@type\":\"BreadcrumbList\",\"@id\":\"https:\/\/www.prototehas.ee\/en\/surrealistic-flavours\/#breadcrumb\",\"itemListElement\":[{\"@type\":\"ListItem\",\"position\":1,\"name\":\"Avaleht\",\"item\":\"https:\/\/www.prototehas.ee\/en\/\"},{\"@type\":\"ListItem\",\"position\":2,\"name\":\"SURREALISTIC FLAVOURS\"}]},{\"@type\":\"WebSite\",\"@id\":\"https:\/\/www.prototehas.ee\/en\/#website\",\"url\":\"https:\/\/www.prototehas.ee\/en\/\",\"name\":\"PROTO avastustehas\",\"description\":\"Where science meets fantasy\",\"publisher\":{\"@id\":\"https:\/\/www.prototehas.ee\/en\/#organization\"},\"potentialAction\":[{\"@type\":\"SearchAction\",\"target\":{\"@type\":\"EntryPoint\",\"urlTemplate\":\"https:\/\/www.prototehas.ee\/en\/?s={search_term_string}\"},\"query-input\":{\"@type\":\"PropertyValueSpecification\",\"valueRequired\":true,\"valueName\":\"search_term_string\"}}],\"inLanguage\":\"en-US\"},{\"@type\":\"Organization\",\"@id\":\"https:\/\/www.prototehas.ee\/en\/#organization\",\"name\":\"PROTO avastustehas\",\"url\":\"https:\/\/www.prototehas.ee\/en\/\",\"logo\":{\"@type\":\"ImageObject\",\"inLanguage\":\"en-US\",\"@id\":\"https:\/\/www.prototehas.ee\/en\/#\/schema\/logo\/image\/\",\"url\":\"https:\/\/www.prototehas.ee\/wp-content\/uploads\/2019\/10\/prototehas_logo_et_2.svg\",\"contentUrl\":\"https:\/\/www.prototehas.ee\/wp-content\/uploads\/2019\/10\/prototehas_logo_et_2.svg\",\"width\":100,\"height\":100,\"caption\":\"PROTO avastustehas\"},\"image\":{\"@id\":\"https:\/\/www.prototehas.ee\/en\/#\/schema\/logo\/image\/\"},\"sameAs\":[\"https:\/\/www.facebook.com\/prototehas\/\"]}]}<\/script>\n<!-- \/ Yoast SEO plugin. -->","yoast_head_json":{"title":"SURREALISTIC FLAVOURS - PROTO avastustehas","description":"Sukeldu s\u00fcrrealistlikku maitsete maailma PROTO avastustehases. Naudi virtuaalreaalsuse \u00f5htus\u00f6\u00f6ki, mis viib sind unikaalsetesse seiklustesse.","robots":{"index":"index","follow":"follow","max-snippet":"max-snippet:-1","max-image-preview":"max-image-preview:large","max-video-preview":"max-video-preview:-1"},"canonical":"https:\/\/www.prototehas.ee\/en\/surrealistic-flavours\/","og_locale":"en_US","og_type":"article","og_title":"SURREALISTIC FLAVOURS - PROTO avastustehas","og_description":"Sukeldu s\u00fcrrealistlikku maitsete maailma PROTO avastustehases. Naudi virtuaalreaalsuse \u00f5htus\u00f6\u00f6ki, mis viib sind unikaalsetesse seiklustesse.","og_url":"https:\/\/www.prototehas.ee\/en\/surrealistic-flavours\/","og_site_name":"PROTO avastustehas","article_publisher":"https:\/\/www.facebook.com\/prototehas\/","article_modified_time":"2026-01-28T13:01:42+00:00","twitter_card":"summary_large_image","twitter_misc":{"Est. reading time":"1 minute"},"schema":{"@context":"https:\/\/schema.org","@graph":[{"@type":"WebPage","@id":"https:\/\/www.prototehas.ee\/en\/surrealistic-flavours\/","url":"https:\/\/www.prototehas.ee\/en\/surrealistic-flavours\/","name":"SURREALISTIC FLAVOURS - PROTO avastustehas","isPartOf":{"@id":"https:\/\/www.prototehas.ee\/en\/#website"},"datePublished":"2023-09-05T11:28:42+00:00","dateModified":"2026-01-28T13:01:42+00:00","description":"Sukeldu s\u00fcrrealistlikku maitsete maailma PROTO avastustehases. Naudi virtuaalreaalsuse \u00f5htus\u00f6\u00f6ki, mis viib sind unikaalsetesse seiklustesse.","breadcrumb":{"@id":"https:\/\/www.prototehas.ee\/en\/surrealistic-flavours\/#breadcrumb"},"inLanguage":"en-US","potentialAction":[{"@type":"ReadAction","target":["https:\/\/www.prototehas.ee\/en\/surrealistic-flavours\/"]}]},{"@type":"BreadcrumbList","@id":"https:\/\/www.prototehas.ee\/en\/surrealistic-flavours\/#breadcrumb","itemListElement":[{"@type":"ListItem","position":1,"name":"Avaleht","item":"https:\/\/www.prototehas.ee\/en\/"},{"@type":"ListItem","position":2,"name":"SURREALISTIC FLAVOURS"}]},{"@type":"WebSite","@id":"https:\/\/www.prototehas.ee\/en\/#website","url":"https:\/\/www.prototehas.ee\/en\/","name":"PROTO avastustehas","description":"Where science meets fantasy","publisher":{"@id":"https:\/\/www.prototehas.ee\/en\/#organization"},"potentialAction":[{"@type":"SearchAction","target":{"@type":"EntryPoint","urlTemplate":"https:\/\/www.prototehas.ee\/en\/?s={search_term_string}"},"query-input":{"@type":"PropertyValueSpecification","valueRequired":true,"valueName":"search_term_string"}}],"inLanguage":"en-US"},{"@type":"Organization","@id":"https:\/\/www.prototehas.ee\/en\/#organization","name":"PROTO avastustehas","url":"https:\/\/www.prototehas.ee\/en\/","logo":{"@type":"ImageObject","inLanguage":"en-US","@id":"https:\/\/www.prototehas.ee\/en\/#\/schema\/logo\/image\/","url":"https:\/\/www.prototehas.ee\/wp-content\/uploads\/2019\/10\/prototehas_logo_et_2.svg","contentUrl":"https:\/\/www.prototehas.ee\/wp-content\/uploads\/2019\/10\/prototehas_logo_et_2.svg","width":100,"height":100,"caption":"PROTO avastustehas"},"image":{"@id":"https:\/\/www.prototehas.ee\/en\/#\/schema\/logo\/image\/"},"sameAs":["https:\/\/www.facebook.com\/prototehas\/"]}]}},"_links":{"self":[{"href":"https:\/\/www.prototehas.ee\/en\/wp-json\/wp\/v2\/pages\/16697","targetHints":{"allow":["GET"]}}],"collection":[{"href":"https:\/\/www.prototehas.ee\/en\/wp-json\/wp\/v2\/pages"}],"about":[{"href":"https:\/\/www.prototehas.ee\/en\/wp-json\/wp\/v2\/types\/page"}],"author":[{"embeddable":true,"href":"https:\/\/www.prototehas.ee\/en\/wp-json\/wp\/v2\/users\/19"}],"replies":[{"embeddable":true,"href":"https:\/\/www.prototehas.ee\/en\/wp-json\/wp\/v2\/comments?post=16697"}],"version-history":[{"count":5,"href":"https:\/\/www.prototehas.ee\/en\/wp-json\/wp\/v2\/pages\/16697\/revisions"}],"predecessor-version":[{"id":36037,"href":"https:\/\/www.prototehas.ee\/en\/wp-json\/wp\/v2\/pages\/16697\/revisions\/36037"}],"wp:attachment":[{"href":"https:\/\/www.prototehas.ee\/en\/wp-json\/wp\/v2\/media?parent=16697"}],"curies":[{"name":"wp","href":"https:\/\/api.w.org\/{rel}","templated":true}]}}