{"id":28266,"date":"2020-11-23T12:22:46","date_gmt":"2020-11-23T12:22:46","guid":{"rendered":"http:\/\/protodev.ee\/?page_id=28266"},"modified":"2025-08-19T09:04:48","modified_gmt":"2025-08-19T09:04:48","slug":"giftcards","status":"publish","type":"page","link":"https:\/\/www.prototehas.ee\/en\/giftcards\/","title":{"rendered":"GIFT CARDS"},"content":{"rendered":"[et_pb_section fb_built=&#8221;1&#8243; _builder_version=&#8221;4.16&#8243; background_image=&#8221;https:\/\/www.prototehas.ee\/wp-content\/uploads\/2019\/11\/Fujifilm_Panorama3.jpg&#8221; custom_margin=&#8221;0px||||false|false&#8221; custom_padding=&#8221;13em||13em||true|false&#8221; global_colors_info=&#8221;{}&#8221;][\/et_pb_section][et_pb_section fb_built=&#8221;1&#8243; _builder_version=&#8221;4.16&#8243; background_enable_image=&#8221;off&#8221; global_colors_info=&#8221;{}&#8221;][et_pb_row admin_label=&#8221;Main heading&#8221; _builder_version=&#8221;4.24.2&#8243; _module_preset=&#8221;default&#8221; custom_padding=&#8221;||0px|||&#8221; global_colors_info=&#8221;{}&#8221;][et_pb_column type=&#8221;4_4&#8243; _builder_version=&#8221;4.24.2&#8243; _module_preset=&#8221;default&#8221; global_colors_info=&#8221;{}&#8221;][et_pb_heading title=&#8221;PROTO Gift Card&#8221; _builder_version=&#8221;4.24.2&#8243; _module_preset=&#8221;c9a4dd29-8345-43ea-bd4d-e73ae35e5717&#8243; title_level=&#8221;h1&#8243; global_colors_info=&#8221;{}&#8221;][\/et_pb_heading][\/et_pb_column][\/et_pb_row][et_pb_row _builder_version=&#8221;4.24.2&#8243; _module_preset=&#8221;default&#8221; min_height=&#8221;103.2px&#8221; custom_padding=&#8221;|20px|11px|20px|false|false&#8221; global_colors_info=&#8221;{}&#8221;][et_pb_column type=&#8221;4_4&#8243; _builder_version=&#8221;4.24.2&#8243; _module_preset=&#8221;default&#8221; global_colors_info=&#8221;{}&#8221;][et_pb_text _builder_version=&#8221;4.24.2&#8243; _module_preset=&#8221;default&#8221; global_colors_info=&#8221;{}&#8221;]<h3 style=\"text-align: center;\">The PROTO gift card is perfect for birthdays, Christmas, or any special occasion.<\/h3>\r\n<div class=\"group\/conversation-turn relative flex w-full min-w-0 flex-col agent-turn\">\r\n<div class=\"flex-col gap-1 md:gap-3\">\r\n<div class=\"flex flex-grow flex-col max-w-full\">\r\n<div class=\"min-h-[20px] text-message flex flex-col items-start whitespace-pre-wrap break-words [.text-message+&amp;]:mt-5 juice:w-full juice:items-end overflow-x-auto gap-2\" dir=\"auto\" data-message-author-role=\"assistant\" data-message-id=\"d87cd2d7-dc69-4e89-9227-f8b347bfa36d\">\r\n<div class=\"flex w-full flex-col gap-1 juice:empty:hidden juice:first:pt-[3px]\">\r\n<div class=\"markdown prose w-full break-words dark:prose-invert light\" style=\"text-align: center;\">The PROTO discovery factory gift card is an exciting and experiential gift for adults, children, and company employees. They offer gift cards for one or two people and families. The gift card is the best gift as it allows the recipient to visit PROTO at their convenience.<\/div>\r\n<\/div>\r\n<\/div>\r\n<\/div>\r\n<\/div>\r\n<\/div>\r[\/et_pb_text][\/et_pb_column][\/et_pb_row][et_pb_row column_structure=&#8221;1_2,1_2&#8243; use_custom_gutter=&#8221;on&#8221; gutter_width=&#8221;1&#8243; make_equal=&#8221;on&#8221; admin_label=&#8221;Card Image Right&#8221; _builder_version=&#8221;4.24.2&#8243; _module_preset=&#8221;default&#8221; background_color=&#8221;#FFFFFF&#8221; custom_margin=&#8221;25px||25px||false|false&#8221; custom_padding=&#8221;0px||0px||false|false&#8221; border_radii=&#8221;on|20px|20px|20px|20px&#8221; global_colors_info=&#8221;{}&#8221; custom_css_main_element_last_edited=&#8221;on|tablet&#8221;][et_pb_column type=&#8221;1_2&#8243; _builder_version=&#8221;4.24.2&#8243; _module_preset=&#8221;default&#8221; custom_padding=&#8221;|30px||30px|false|false&#8221; global_colors_info=&#8221;{}&#8221;][et_pb_text _builder_version=&#8221;4.24.2&#8243; _module_preset=&#8221;e179c0c4-c115-407d-a110-ebe813713cd6&#8243; custom_margin=&#8221;|0px|||false|false&#8221; custom_padding=&#8221;29px||30px|0px|false|false&#8221; global_colors_info=&#8221;{}&#8221;]<p>&nbsp;<\/p>\n<p><strong>FOR STUDENT<\/strong>*<strong>\u00a0 11\u20ac<\/strong><br \/>Suitable for anyone aged 7-18.<\/p>\n<p><strong>FOR ONE ADULT*\u00a0 20\u20ac<\/strong><br \/>Applies to one adult aged 19+.<\/p>\n<p><strong>FOR FAMILIES<\/strong>*\u00a0<strong> 40\u20ac<br \/><\/strong>Includes two adults and their underaged children.<\/p>\n<p><strong>*<\/strong> Gift cards are valid for one year from the date of purchase. Includes access to all interactive exhibits and VR experiences.<\/p>[\/et_pb_text][\/et_pb_column][et_pb_column type=&#8221;1_2&#8243; _builder_version=&#8221;4.24.2&#8243; _module_preset=&#8221;default&#8221; global_colors_info=&#8221;{}&#8221;][et_pb_image src=&#8221;https:\/\/www.prototehas.ee\/wp-content\/uploads\/2020\/12\/Kinkekaart_crop-1.jpg&#8221; alt=&#8221;PROTO avastustehase kinkekaart&#8221; title_text=&#8221;PROTO kinkekaart&#8221; show_bottom_space=&#8221;off&#8221; module_class=&#8221;pa-full-height-image-column&#8221; _builder_version=&#8221;4.24.2&#8243; _module_preset=&#8221;default&#8221; height=&#8221;100%&#8221; global_colors_info=&#8221;{}&#8221;][\/et_pb_image][\/et_pb_column][\/et_pb_row][et_pb_row admin_label=&#8221;Eesti Maitsed&#8221; _builder_version=&#8221;4.24.2&#8243; _module_preset=&#8221;default&#8221; locked=&#8221;off&#8221; global_colors_info=&#8221;{}&#8221;][et_pb_column type=&#8221;4_4&#8243; _builder_version=&#8221;4.16&#8243; _module_preset=&#8221;default&#8221; global_colors_info=&#8221;{}&#8221;][et_pb_text _builder_version=&#8221;4.24.2&#8243; _module_preset=&#8221;e179c0c4-c115-407d-a110-ebe813713cd6&#8243; custom_padding=&#8221;|90px||90px|false|false&#8221; custom_padding_tablet=&#8221;|20px||20px|false|false&#8221; custom_padding_phone=&#8221;|0px||0px|false|false&#8221; custom_padding_last_edited=&#8221;on|tablet&#8221; global_colors_info=&#8221;{}&#8221;]<div class=\"purchase-instructions\">\n<h2>HOW TO BUY?<\/h2>\n<p>&nbsp;<\/p>\n<p style=\"text-align: left;\">Purchase Options:<\/p>\n<ul>\n<li style=\"text-align: left;\"><strong>From the PROTO discovery factory cash desk.<\/strong> When purchasing on-site, we add a beautiful envelope and an introductory brochure to the gift card. The cash desk is open Wed-Sun 11-18.<\/li>\n<li style=\"text-align: left;\">By sending an email to <a href=\"mailto:info@protofactory.ee\">info@protofactory.ee<\/a>. Please specify the type and quantity of gift cards in the email. <strong>The gift card will be issued in PDF format.<\/strong><\/li>\n<li style=\"text-align: left;\">Ordering from the PROTO discovery factory <strong><a href=\"https:\/\/prototehas.voog.com\/\">online store<\/a><\/strong>.<\/li>\n<li style=\"text-align: left;\"><strong>From the Piletilevi gift card online store <a href=\"https:\/\/www.piletilevi.ee\/eng\/tickets\/kogupere\/proto-avastustehas-462486\/\">kinkekaart.ee<\/a><\/strong>. The gift card will be issued as a PDF ticket.<\/li>\n<\/ul>\n<\/div>[\/et_pb_text][\/et_pb_column][\/et_pb_row][\/et_pb_section]<span class=\"et_bloom_bottom_trigger\"><\/span>","protected":false},"excerpt":{"rendered":"<p>The PROTO gift card is perfect for birthdays, Christmas, or any special occasion. The PROTO discovery factory gift card is an exciting and experiential gift for adults, children, and company employees. They offer gift cards for one or two people and families. The gift card is the best gift as it allows the recipient to [&hellip;]<\/p>\n","protected":false},"author":15,"featured_media":0,"parent":0,"menu_order":0,"comment_status":"closed","ping_status":"closed","template":"","meta":{"_acf_changed":false,"_et_pb_use_builder":"on","_et_pb_old_content":"","_et_gb_content_width":"","inline_featured_image":false,"footnotes":""},"class_list":["post-28266","page","type-page","status-publish","hentry"],"acf":[],"yoast_head":"<!-- This site is optimized with the Yoast SEO plugin v26.9 - https:\/\/yoast.com\/product\/yoast-seo-wordpress\/ -->\n<title>Kinkekaart - Elamused suurtele ja v\u00e4ikestele - PROTO avastustehas<\/title>\n<meta name=\"description\" content=\"PROTO avastustehase kinkekaart on p\u00f5nev ja elamuslik kingitus nii t\u00e4iskasvanutele, lastele kui oma ettev\u00f5tte t\u00f6\u00f6tajatele. Loe rohkem!\" \/>\n<meta name=\"robots\" content=\"index, follow, max-snippet:-1, max-image-preview:large, max-video-preview:-1\" \/>\n<link rel=\"canonical\" href=\"https:\/\/www.prototehas.ee\/en\/giftcards\/\" \/>\n<meta property=\"og:locale\" content=\"en_US\" \/>\n<meta property=\"og:type\" content=\"article\" \/>\n<meta property=\"og:title\" content=\"Kinkekaart - Elamused suurtele ja v\u00e4ikestele - PROTO avastustehas\" \/>\n<meta property=\"og:description\" content=\"PROTO avastustehase kinkekaart on p\u00f5nev ja elamuslik kingitus nii t\u00e4iskasvanutele, lastele kui oma ettev\u00f5tte t\u00f6\u00f6tajatele. Loe rohkem!\" \/>\n<meta property=\"og:url\" content=\"https:\/\/www.prototehas.ee\/en\/giftcards\/\" \/>\n<meta property=\"og:site_name\" content=\"PROTO avastustehas\" \/>\n<meta property=\"article:publisher\" content=\"https:\/\/www.facebook.com\/prototehas\/\" \/>\n<meta property=\"article:modified_time\" content=\"2025-08-19T09:04:48+00:00\" \/>\n<meta name=\"twitter:card\" content=\"summary_large_image\" \/>\n<meta name=\"twitter:label1\" content=\"Est. reading time\" \/>\n\t<meta name=\"twitter:data1\" content=\"2 minutes\" \/>\n<script type=\"application\/ld+json\" class=\"yoast-schema-graph\">{\"@context\":\"https:\/\/schema.org\",\"@graph\":[{\"@type\":\"WebPage\",\"@id\":\"https:\/\/www.prototehas.ee\/en\/giftcards\/\",\"url\":\"https:\/\/www.prototehas.ee\/en\/giftcards\/\",\"name\":\"Kinkekaart - Elamused suurtele ja v\u00e4ikestele - PROTO avastustehas\",\"isPartOf\":{\"@id\":\"https:\/\/www.prototehas.ee\/en\/#website\"},\"datePublished\":\"2020-11-23T12:22:46+00:00\",\"dateModified\":\"2025-08-19T09:04:48+00:00\",\"description\":\"PROTO avastustehase kinkekaart on p\u00f5nev ja elamuslik kingitus nii t\u00e4iskasvanutele, lastele kui oma ettev\u00f5tte t\u00f6\u00f6tajatele. Loe rohkem!\",\"breadcrumb\":{\"@id\":\"https:\/\/www.prototehas.ee\/en\/giftcards\/#breadcrumb\"},\"inLanguage\":\"en-US\",\"potentialAction\":[{\"@type\":\"ReadAction\",\"target\":[\"https:\/\/www.prototehas.ee\/en\/giftcards\/\"]}]},{\"@type\":\"BreadcrumbList\",\"@id\":\"https:\/\/www.prototehas.ee\/en\/giftcards\/#breadcrumb\",\"itemListElement\":[{\"@type\":\"ListItem\",\"position\":1,\"name\":\"Avaleht\",\"item\":\"https:\/\/www.prototehas.ee\/en\/\"},{\"@type\":\"ListItem\",\"position\":2,\"name\":\"GIFT CARDS\"}]},{\"@type\":\"WebSite\",\"@id\":\"https:\/\/www.prototehas.ee\/en\/#website\",\"url\":\"https:\/\/www.prototehas.ee\/en\/\",\"name\":\"PROTO avastustehas\",\"description\":\"Where science meets fantasy\",\"publisher\":{\"@id\":\"https:\/\/www.prototehas.ee\/en\/#organization\"},\"potentialAction\":[{\"@type\":\"SearchAction\",\"target\":{\"@type\":\"EntryPoint\",\"urlTemplate\":\"https:\/\/www.prototehas.ee\/en\/?s={search_term_string}\"},\"query-input\":{\"@type\":\"PropertyValueSpecification\",\"valueRequired\":true,\"valueName\":\"search_term_string\"}}],\"inLanguage\":\"en-US\"},{\"@type\":\"Organization\",\"@id\":\"https:\/\/www.prototehas.ee\/en\/#organization\",\"name\":\"PROTO avastustehas\",\"url\":\"https:\/\/www.prototehas.ee\/en\/\",\"logo\":{\"@type\":\"ImageObject\",\"inLanguage\":\"en-US\",\"@id\":\"https:\/\/www.prototehas.ee\/en\/#\/schema\/logo\/image\/\",\"url\":\"https:\/\/www.prototehas.ee\/wp-content\/uploads\/2019\/10\/prototehas_logo_et_2.svg\",\"contentUrl\":\"https:\/\/www.prototehas.ee\/wp-content\/uploads\/2019\/10\/prototehas_logo_et_2.svg\",\"width\":100,\"height\":100,\"caption\":\"PROTO avastustehas\"},\"image\":{\"@id\":\"https:\/\/www.prototehas.ee\/en\/#\/schema\/logo\/image\/\"},\"sameAs\":[\"https:\/\/www.facebook.com\/prototehas\/\"]}]}<\/script>\n<!-- \/ Yoast SEO plugin. -->","yoast_head_json":{"title":"Kinkekaart - Elamused suurtele ja v\u00e4ikestele - PROTO avastustehas","description":"PROTO avastustehase kinkekaart on p\u00f5nev ja elamuslik kingitus nii t\u00e4iskasvanutele, lastele kui oma ettev\u00f5tte t\u00f6\u00f6tajatele. Loe rohkem!","robots":{"index":"index","follow":"follow","max-snippet":"max-snippet:-1","max-image-preview":"max-image-preview:large","max-video-preview":"max-video-preview:-1"},"canonical":"https:\/\/www.prototehas.ee\/en\/giftcards\/","og_locale":"en_US","og_type":"article","og_title":"Kinkekaart - Elamused suurtele ja v\u00e4ikestele - PROTO avastustehas","og_description":"PROTO avastustehase kinkekaart on p\u00f5nev ja elamuslik kingitus nii t\u00e4iskasvanutele, lastele kui oma ettev\u00f5tte t\u00f6\u00f6tajatele. Loe rohkem!","og_url":"https:\/\/www.prototehas.ee\/en\/giftcards\/","og_site_name":"PROTO avastustehas","article_publisher":"https:\/\/www.facebook.com\/prototehas\/","article_modified_time":"2025-08-19T09:04:48+00:00","twitter_card":"summary_large_image","twitter_misc":{"Est. reading time":"2 minutes"},"schema":{"@context":"https:\/\/schema.org","@graph":[{"@type":"WebPage","@id":"https:\/\/www.prototehas.ee\/en\/giftcards\/","url":"https:\/\/www.prototehas.ee\/en\/giftcards\/","name":"Kinkekaart - Elamused suurtele ja v\u00e4ikestele - PROTO avastustehas","isPartOf":{"@id":"https:\/\/www.prototehas.ee\/en\/#website"},"datePublished":"2020-11-23T12:22:46+00:00","dateModified":"2025-08-19T09:04:48+00:00","description":"PROTO avastustehase kinkekaart on p\u00f5nev ja elamuslik kingitus nii t\u00e4iskasvanutele, lastele kui oma ettev\u00f5tte t\u00f6\u00f6tajatele. Loe rohkem!","breadcrumb":{"@id":"https:\/\/www.prototehas.ee\/en\/giftcards\/#breadcrumb"},"inLanguage":"en-US","potentialAction":[{"@type":"ReadAction","target":["https:\/\/www.prototehas.ee\/en\/giftcards\/"]}]},{"@type":"BreadcrumbList","@id":"https:\/\/www.prototehas.ee\/en\/giftcards\/#breadcrumb","itemListElement":[{"@type":"ListItem","position":1,"name":"Avaleht","item":"https:\/\/www.prototehas.ee\/en\/"},{"@type":"ListItem","position":2,"name":"GIFT CARDS"}]},{"@type":"WebSite","@id":"https:\/\/www.prototehas.ee\/en\/#website","url":"https:\/\/www.prototehas.ee\/en\/","name":"PROTO avastustehas","description":"Where science meets fantasy","publisher":{"@id":"https:\/\/www.prototehas.ee\/en\/#organization"},"potentialAction":[{"@type":"SearchAction","target":{"@type":"EntryPoint","urlTemplate":"https:\/\/www.prototehas.ee\/en\/?s={search_term_string}"},"query-input":{"@type":"PropertyValueSpecification","valueRequired":true,"valueName":"search_term_string"}}],"inLanguage":"en-US"},{"@type":"Organization","@id":"https:\/\/www.prototehas.ee\/en\/#organization","name":"PROTO avastustehas","url":"https:\/\/www.prototehas.ee\/en\/","logo":{"@type":"ImageObject","inLanguage":"en-US","@id":"https:\/\/www.prototehas.ee\/en\/#\/schema\/logo\/image\/","url":"https:\/\/www.prototehas.ee\/wp-content\/uploads\/2019\/10\/prototehas_logo_et_2.svg","contentUrl":"https:\/\/www.prototehas.ee\/wp-content\/uploads\/2019\/10\/prototehas_logo_et_2.svg","width":100,"height":100,"caption":"PROTO avastustehas"},"image":{"@id":"https:\/\/www.prototehas.ee\/en\/#\/schema\/logo\/image\/"},"sameAs":["https:\/\/www.facebook.com\/prototehas\/"]}]}},"_links":{"self":[{"href":"https:\/\/www.prototehas.ee\/en\/wp-json\/wp\/v2\/pages\/28266","targetHints":{"allow":["GET"]}}],"collection":[{"href":"https:\/\/www.prototehas.ee\/en\/wp-json\/wp\/v2\/pages"}],"about":[{"href":"https:\/\/www.prototehas.ee\/en\/wp-json\/wp\/v2\/types\/page"}],"author":[{"embeddable":true,"href":"https:\/\/www.prototehas.ee\/en\/wp-json\/wp\/v2\/users\/15"}],"replies":[{"embeddable":true,"href":"https:\/\/www.prototehas.ee\/en\/wp-json\/wp\/v2\/comments?post=28266"}],"version-history":[{"count":5,"href":"https:\/\/www.prototehas.ee\/en\/wp-json\/wp\/v2\/pages\/28266\/revisions"}],"predecessor-version":[{"id":34826,"href":"https:\/\/www.prototehas.ee\/en\/wp-json\/wp\/v2\/pages\/28266\/revisions\/34826"}],"wp:attachment":[{"href":"https:\/\/www.prototehas.ee\/en\/wp-json\/wp\/v2\/media?parent=28266"}],"curies":[{"name":"wp","href":"https:\/\/api.w.org\/{rel}","templated":true}]}}