{"id":2843,"date":"2019-10-09T19:10:47","date_gmt":"2019-10-09T19:10:47","guid":{"rendered":"http:\/\/protodev.ee\/?page_id=2843"},"modified":"2025-07-18T12:32:40","modified_gmt":"2025-07-18T12:32:40","slug":"asukoht-ja-parkimine","status":"publish","type":"page","link":"https:\/\/www.prototehas.ee\/en\/asukoht-ja-parkimine\/","title":{"rendered":"LOCATION AND PARKING"},"content":{"rendered":"[et_pb_section fb_built=&#8221;1&#8243; _builder_version=&#8221;4.16&#8243; background_image=&#8221;https:\/\/www.prototehas.ee\/wp-content\/uploads\/2020\/11\/web_valukoda_201120.jpg&#8221; custom_margin=&#8221;0px||||false|false&#8221; custom_padding=&#8221;13em||13em||true|false&#8221; global_colors_info=&#8221;{}&#8221;][\/et_pb_section][et_pb_section fb_built=&#8221;1&#8243; _builder_version=&#8221;4.16&#8243; background_color=&#8221;#fff0d9&#8243; background_enable_image=&#8221;off&#8221; global_colors_info=&#8221;{}&#8221;][et_pb_row _builder_version=&#8221;4.24.2&#8243; _module_preset=&#8221;default&#8221; global_colors_info=&#8221;{}&#8221;][et_pb_column type=&#8221;4_4&#8243; _builder_version=&#8221;4.24.2&#8243; _module_preset=&#8221;default&#8221; global_colors_info=&#8221;{}&#8221;][et_pb_heading title=&#8221;HOW TO GET HERE?&#8221; _builder_version=&#8221;4.24.2&#8243; _module_preset=&#8221;c9a4dd29-8345-43ea-bd4d-e73ae35e5717&#8243; title_level=&#8221;h1&#8243; global_colors_info=&#8221;{}&#8221;][\/et_pb_heading][\/et_pb_column][\/et_pb_row][et_pb_row admin_label=&#8221;Eesti Maitsed&#8221; _builder_version=&#8221;4.24.2&#8243; _module_preset=&#8221;default&#8221; background_color=&#8221;#FFFFFF&#8221; min_height=&#8221;1364.2px&#8221; custom_margin=&#8221;-18px|auto|14px|auto|false|false&#8221; border_radii=&#8221;on|13px|13px|13px|13px&#8221; locked=&#8221;off&#8221; global_colors_info=&#8221;{}&#8221;][et_pb_column type=&#8221;4_4&#8243; _builder_version=&#8221;4.16&#8243; _module_preset=&#8221;default&#8221; global_colors_info=&#8221;{}&#8221;][et_pb_text _builder_version=&#8221;4.24.2&#8243; _module_preset=&#8221;e179c0c4-c115-407d-a110-ebe813713cd6&#8243; custom_padding=&#8221;|90px|0px|90px|false|false&#8221; custom_padding_tablet=&#8221;|20px||20px|false|false&#8221; custom_padding_phone=&#8221;|0px||0px|false|false&#8221; custom_padding_last_edited=&#8221;on|tablet&#8221; hover_enabled=&#8221;0&#8243; global_colors_info=&#8221;{}&#8221; sticky_enabled=&#8221;0&#8243;]<p><strong>By Bicycle:<\/strong><\/p>\n<p>You can conveniently reach Noblessner by bicycle from both Allveelaeva and Peetri Street. A wide pedestrian and bicycle path leads directly to Noblessner from the \u201cNoblessneri\u201d bus stop on Kalaranna Street. Right in front of PROTO, outside of the winter season, you can park and also rent <strong>Rekola<\/strong> bikes as well as <strong>Bolt<\/strong> and <strong>Tuul<\/strong> e-scooters.<\/p>\n<p><strong>By Public Transport:<\/strong><\/p>\n<p>Noblessner can be reached by bus number 73, with a stop at Noblessneri. From the viaduct, stairs lead directly down to Noblessner.<br \/>Bus number 3 goes to the Kungla stop on T\u00f6\u00f6stuse Street. Walk along the street for about 100 meters and then turn down Peetri Street after the park.<\/p>\n<p><strong>By Car:<\/strong><\/p>\n<p>Coming from the city center, drive along Kalaranna Road. After passing the Seaplane Harbor and the white rectangular building of the IT Agency, turn right onto Lennusadama Street, then immediately left onto Allveelaeva Street. This marks the beginning of the Noblessner seaport district. Coming via T\u00f6\u00f6stuse Street, turn down Peetri Street at T\u00f6\u00f6stuse 48 building, heading towards the sea.<\/p>[\/et_pb_text][et_pb_text _builder_version=&#8221;4.24.2&#8243; _module_preset=&#8221;e179c0c4-c115-407d-a110-ebe813713cd6&#8243; custom_padding=&#8221;|90px||90px|false|false&#8221; custom_padding_tablet=&#8221;|20px||20px|false|false&#8221; custom_padding_phone=&#8221;|0px||0px|false|false&#8221; custom_padding_last_edited=&#8221;on|tablet&#8221; hover_enabled=&#8221;0&#8243; global_colors_info=&#8221;{}&#8221; sticky_enabled=&#8221;0&#8243;]<h2><strong>PARKING<br \/><\/strong>\u00a0<\/h2>\n<p><strong>There is a paid parking lot in front of the PROTO invention factory.<\/strong><\/p>\n<p style=\"text-align: center;\"><strong>Parking rules(zone EP143):<\/strong><br \/>\u2022 15 minutes free with a parking clock<br \/>\u2022 30 minutes \u2013 1 \u20ac<br \/>\u2022 24 hours \u2013 10 \u20ac<br \/>\u2022 Monthly fee \u2013 60 \u20ac<\/p>\n<p><strong>In the parking lot opposite PROTO, it is also possible to charge electric cars. <\/strong>See more details <strong><a href=\"https:\/\/europark.ee\/uudised\/europark-rajab-elektrilaadijate-vorgustikku\">HERE<\/a>.<\/strong><\/p>\n<p>There are parking spaces <strong>for buses<\/strong> in front of the building, where <strong>parking is free<\/strong>.<br \/><br \/><\/p>[\/et_pb_text][et_pb_text _builder_version=&#8221;4.24.2&#8243; _module_preset=&#8221;e179c0c4-c115-407d-a110-ebe813713cd6&#8243; custom_padding=&#8221;|90px||90px|false|false&#8221; custom_padding_tablet=&#8221;|20px||20px|false|false&#8221; custom_padding_phone=&#8221;|0px||0px|false|false&#8221; custom_padding_last_edited=&#8221;on|tablet&#8221; global_colors_info=&#8221;{}&#8221; locked=&#8221;off&#8221;]<h2><strong>ACCESSIBILITY<\/strong><\/h2>\n<p><b><\/b><\/p>\n<p>The entrance to PROTO is on the same level as the street and is accessible to visitors in wheelchairs and with prams.<\/p>\n<p>The exhibition area of the PROTO invention factory, as well as the conference and birthday rooms, are located on two floors. There is a lift next to the ticket office for convenient movement between the two floors. Unfortunately, the use of the exhibition is partially limited for visitors in wheelchairs.<\/p>\n<p>An accessible toilet, which also has a changing table, is located near the ticket offices.<\/p>\n<p>Visitors with prams or larger luggage can leave them in the cloakroom or in a secure storage area behind the ticket office.<\/p>\n<p>The PROTO cafe is located on the first floor and is easily accessible for visitors in wheelchairs and with prams.<\/p>\n<p>High chairs for small children are available in the cafe. Visitors with a ticket can go directly from the cafe area to the exhibition hall, where there is also a toddler area with many exciting activities.<\/p>\n<p><strong><\/strong><\/p>[\/et_pb_text][et_pb_text _builder_version=&#8221;4.24.2&#8243; _module_preset=&#8221;e179c0c4-c115-407d-a110-ebe813713cd6&#8243; custom_padding=&#8221;|90px||90px|false|false&#8221; custom_padding_tablet=&#8221;|20px||20px|false|false&#8221; custom_padding_phone=&#8221;|0px||0px|false|false&#8221; custom_padding_last_edited=&#8221;on|tablet&#8221; global_colors_info=&#8221;{}&#8221;]<h2><strong>LOCATION<\/strong><\/h2>\n<p><strong><\/strong><\/p>\n<p>PROTO invention factory<br \/>Peetri 10<br \/>10415 P\u00f5hja-Tallinn<br \/>Tallinn<\/p>[\/et_pb_text][et_pb_map_extended address=&#8221;Peetri 10, 10411 Tallinn, Viro&#8221; zoom_level=&#8221;13&#8243; address_lat=&#8221;59.4518449&#8243; address_lng=&#8221;24.7303524&#8243; controls_ui=&#8221;off&#8221; marker_center=&#8221;on&#8221; info_window_method=&#8221;mouseover&#8221; bounce_on_click_on_off=&#8221;on&#8221; marker_animation=&#8221;on&#8221; map_custom_style=&#8221;on&#8221; map_custom_code=&#8221;%91\r\n{\r\n%22featureType%22: %22all%22,\r\n%22elementType%22: %22all%22,\r\n%22stylers%22: %91\r\n{\r\n%22saturation%22: -100\r\n},\r\n{\r\n%22gamma%22: 0.5\r\n}\r\n%93\r\n}\r\n%93&#8243; disabled_on=&#8221;on|on|on&#8221; _builder_version=&#8221;4.24.2&#8243; _module_preset=&#8221;default&#8221; border_radii=&#8221;on|12px|12px|12px|12px&#8221; disabled=&#8221;on&#8221; global_colors_info=&#8221;{}&#8221;][et_pb_map_pin_extended marker_label_text=&#8221;PROTO avastustehas&#8221; pin_address=&#8221;Peetri 10, 10411 Tallinn, Viro&#8221; pin_address_lat=&#8221;59.4518449&#8243; pin_address_lng=&#8221;24.7303524&#8243; pin_on_off=&#8221;on&#8221; pin_src=&#8221;https:\/\/www.prototehas.ee\/wp-content\/uploads\/2020\/12\/proto-mappin-2.png&#8221; pin_widthsize=&#8221;58px&#8221; pin_heightsize=&#8221;58px&#8221; _builder_version=&#8221;4.6.6&#8243; _module_preset=&#8221;default&#8221; global_colors_info=&#8221;{}&#8221;][\/et_pb_map_pin_extended][\/et_pb_map_extended][et_pb_code _builder_version=&#8221;4.24.2&#8243; _module_preset=&#8221;default&#8221; global_colors_info=&#8221;{}&#8221;]<iframe src=\"https:\/\/www.google.com\/maps\/embed?pb=!1m18!1m12!1m3!1d3073.5134258903977!2d24.727786477904793!3d59.45166647467381!2m3!1f0!2f0!3f0!3m2!1i1024!2i768!4f13.1!3m3!1m2!1s0x469293cfccc30ab3%3A0x8f8899a991692412!2sPROTO%20avastustehas!5e1!3m2!1sen!2see!4v1752585565498!5m2!1sen!2see\" width=\"1200\" height=\"450\" style=\"border:0;\" allowfullscreen=\"\" loading=\"lazy\" referrerpolicy=\"no-referrer-when-downgrade\"><\/iframe>[\/et_pb_code][\/et_pb_column][\/et_pb_row][\/et_pb_section][et_pb_section fb_built=&#8221;1&#8243; _builder_version=&#8221;4.24.2&#8243; _module_preset=&#8221;default&#8221; global_colors_info=&#8221;{}&#8221;][\/et_pb_section]<span class=\"et_bloom_bottom_trigger\"><\/span>","protected":false},"excerpt":{"rendered":"<p>By Bicycle: You can conveniently reach Noblessner by bicycle from both Allveelaeva and Peetri Street. A wide pedestrian and bicycle path leads directly to Noblessner from the \u201cNoblessneri\u201d bus stop on Kalaranna Street. Right in front of PROTO, outside of the winter season, you can park and also rent Rekola bikes as well as Bolt [&hellip;]<\/p>\n","protected":false},"author":15,"featured_media":0,"parent":0,"menu_order":0,"comment_status":"closed","ping_status":"closed","template":"","meta":{"_acf_changed":false,"_et_pb_use_builder":"on","_et_pb_old_content":"","_et_gb_content_width":"","inline_featured_image":false,"footnotes":""},"class_list":["post-2843","page","type-page","status-publish","hentry"],"acf":[],"yoast_head":"<!-- This site is optimized with the Yoast SEO plugin v26.9 - https:\/\/yoast.com\/product\/yoast-seo-wordpress\/ -->\n<title>Asukoht ja Parkimine - Elamuskeskus - PROTO avastustehas<\/title>\n<meta name=\"description\" content=\"PROTO avastustehas asub Tallinna t\u00f6\u00f6stusarhitektuuri kullakambris \u2013 ajaloolises Noblessneri laevatehase kompleksis. \u27a4 Tule meile k\u00fclla! \u27a8 Tallinn, Peetri 10\" \/>\n<meta name=\"robots\" content=\"index, follow, max-snippet:-1, max-image-preview:large, max-video-preview:-1\" \/>\n<link rel=\"canonical\" href=\"https:\/\/www.prototehas.ee\/en\/asukoht-ja-parkimine\/\" \/>\n<meta property=\"og:locale\" content=\"en_US\" \/>\n<meta property=\"og:type\" content=\"article\" \/>\n<meta property=\"og:title\" content=\"Asukoht ja Parkimine - Elamuskeskus - PROTO avastustehas\" \/>\n<meta property=\"og:description\" content=\"PROTO avastustehas asub Tallinna t\u00f6\u00f6stusarhitektuuri kullakambris \u2013 ajaloolises Noblessneri laevatehase kompleksis. \u27a4 Tule meile k\u00fclla! \u27a8 Tallinn, Peetri 10\" \/>\n<meta property=\"og:url\" content=\"https:\/\/www.prototehas.ee\/en\/asukoht-ja-parkimine\/\" \/>\n<meta property=\"og:site_name\" content=\"PROTO avastustehas\" \/>\n<meta property=\"article:publisher\" content=\"https:\/\/www.facebook.com\/prototehas\/\" \/>\n<meta property=\"article:modified_time\" content=\"2025-07-18T12:32:40+00:00\" \/>\n<meta name=\"twitter:card\" content=\"summary_large_image\" \/>\n<meta name=\"twitter:label1\" content=\"Est. reading time\" \/>\n\t<meta name=\"twitter:data1\" content=\"2 minutes\" \/>\n<script type=\"application\/ld+json\" class=\"yoast-schema-graph\">{\"@context\":\"https:\/\/schema.org\",\"@graph\":[{\"@type\":[\"WebPage\",\"ContactPage\"],\"@id\":\"https:\/\/www.prototehas.ee\/en\/asukoht-ja-parkimine\/\",\"url\":\"https:\/\/www.prototehas.ee\/en\/asukoht-ja-parkimine\/\",\"name\":\"Asukoht ja Parkimine - Elamuskeskus - PROTO avastustehas\",\"isPartOf\":{\"@id\":\"https:\/\/www.prototehas.ee\/en\/#website\"},\"datePublished\":\"2019-10-09T19:10:47+00:00\",\"dateModified\":\"2025-07-18T12:32:40+00:00\",\"description\":\"PROTO avastustehas asub Tallinna t\u00f6\u00f6stusarhitektuuri kullakambris \u2013 ajaloolises Noblessneri laevatehase kompleksis. \u27a4 Tule meile k\u00fclla! \u27a8 Tallinn, Peetri 10\",\"breadcrumb\":{\"@id\":\"https:\/\/www.prototehas.ee\/en\/asukoht-ja-parkimine\/#breadcrumb\"},\"inLanguage\":\"en-US\",\"potentialAction\":[{\"@type\":\"ReadAction\",\"target\":[\"https:\/\/www.prototehas.ee\/en\/asukoht-ja-parkimine\/\"]}]},{\"@type\":\"BreadcrumbList\",\"@id\":\"https:\/\/www.prototehas.ee\/en\/asukoht-ja-parkimine\/#breadcrumb\",\"itemListElement\":[{\"@type\":\"ListItem\",\"position\":1,\"name\":\"Avaleht\",\"item\":\"https:\/\/www.prototehas.ee\/en\/\"},{\"@type\":\"ListItem\",\"position\":2,\"name\":\"LOCATION AND PARKING\"}]},{\"@type\":\"WebSite\",\"@id\":\"https:\/\/www.prototehas.ee\/en\/#website\",\"url\":\"https:\/\/www.prototehas.ee\/en\/\",\"name\":\"PROTO avastustehas\",\"description\":\"Where science meets fantasy\",\"publisher\":{\"@id\":\"https:\/\/www.prototehas.ee\/en\/#organization\"},\"potentialAction\":[{\"@type\":\"SearchAction\",\"target\":{\"@type\":\"EntryPoint\",\"urlTemplate\":\"https:\/\/www.prototehas.ee\/en\/?s={search_term_string}\"},\"query-input\":{\"@type\":\"PropertyValueSpecification\",\"valueRequired\":true,\"valueName\":\"search_term_string\"}}],\"inLanguage\":\"en-US\"},{\"@type\":\"Organization\",\"@id\":\"https:\/\/www.prototehas.ee\/en\/#organization\",\"name\":\"PROTO avastustehas\",\"url\":\"https:\/\/www.prototehas.ee\/en\/\",\"logo\":{\"@type\":\"ImageObject\",\"inLanguage\":\"en-US\",\"@id\":\"https:\/\/www.prototehas.ee\/en\/#\/schema\/logo\/image\/\",\"url\":\"https:\/\/www.prototehas.ee\/wp-content\/uploads\/2019\/10\/prototehas_logo_et_2.svg\",\"contentUrl\":\"https:\/\/www.prototehas.ee\/wp-content\/uploads\/2019\/10\/prototehas_logo_et_2.svg\",\"width\":100,\"height\":100,\"caption\":\"PROTO avastustehas\"},\"image\":{\"@id\":\"https:\/\/www.prototehas.ee\/en\/#\/schema\/logo\/image\/\"},\"sameAs\":[\"https:\/\/www.facebook.com\/prototehas\/\"]}]}<\/script>\n<!-- \/ Yoast SEO plugin. -->","yoast_head_json":{"title":"Asukoht ja Parkimine - Elamuskeskus - PROTO avastustehas","description":"PROTO avastustehas asub Tallinna t\u00f6\u00f6stusarhitektuuri kullakambris \u2013 ajaloolises Noblessneri laevatehase kompleksis. \u27a4 Tule meile k\u00fclla! \u27a8 Tallinn, Peetri 10","robots":{"index":"index","follow":"follow","max-snippet":"max-snippet:-1","max-image-preview":"max-image-preview:large","max-video-preview":"max-video-preview:-1"},"canonical":"https:\/\/www.prototehas.ee\/en\/asukoht-ja-parkimine\/","og_locale":"en_US","og_type":"article","og_title":"Asukoht ja Parkimine - Elamuskeskus - PROTO avastustehas","og_description":"PROTO avastustehas asub Tallinna t\u00f6\u00f6stusarhitektuuri kullakambris \u2013 ajaloolises Noblessneri laevatehase kompleksis. \u27a4 Tule meile k\u00fclla! \u27a8 Tallinn, Peetri 10","og_url":"https:\/\/www.prototehas.ee\/en\/asukoht-ja-parkimine\/","og_site_name":"PROTO avastustehas","article_publisher":"https:\/\/www.facebook.com\/prototehas\/","article_modified_time":"2025-07-18T12:32:40+00:00","twitter_card":"summary_large_image","twitter_misc":{"Est. reading time":"2 minutes"},"schema":{"@context":"https:\/\/schema.org","@graph":[{"@type":["WebPage","ContactPage"],"@id":"https:\/\/www.prototehas.ee\/en\/asukoht-ja-parkimine\/","url":"https:\/\/www.prototehas.ee\/en\/asukoht-ja-parkimine\/","name":"Asukoht ja Parkimine - Elamuskeskus - PROTO avastustehas","isPartOf":{"@id":"https:\/\/www.prototehas.ee\/en\/#website"},"datePublished":"2019-10-09T19:10:47+00:00","dateModified":"2025-07-18T12:32:40+00:00","description":"PROTO avastustehas asub Tallinna t\u00f6\u00f6stusarhitektuuri kullakambris \u2013 ajaloolises Noblessneri laevatehase kompleksis. \u27a4 Tule meile k\u00fclla! \u27a8 Tallinn, Peetri 10","breadcrumb":{"@id":"https:\/\/www.prototehas.ee\/en\/asukoht-ja-parkimine\/#breadcrumb"},"inLanguage":"en-US","potentialAction":[{"@type":"ReadAction","target":["https:\/\/www.prototehas.ee\/en\/asukoht-ja-parkimine\/"]}]},{"@type":"BreadcrumbList","@id":"https:\/\/www.prototehas.ee\/en\/asukoht-ja-parkimine\/#breadcrumb","itemListElement":[{"@type":"ListItem","position":1,"name":"Avaleht","item":"https:\/\/www.prototehas.ee\/en\/"},{"@type":"ListItem","position":2,"name":"LOCATION AND PARKING"}]},{"@type":"WebSite","@id":"https:\/\/www.prototehas.ee\/en\/#website","url":"https:\/\/www.prototehas.ee\/en\/","name":"PROTO avastustehas","description":"Where science meets fantasy","publisher":{"@id":"https:\/\/www.prototehas.ee\/en\/#organization"},"potentialAction":[{"@type":"SearchAction","target":{"@type":"EntryPoint","urlTemplate":"https:\/\/www.prototehas.ee\/en\/?s={search_term_string}"},"query-input":{"@type":"PropertyValueSpecification","valueRequired":true,"valueName":"search_term_string"}}],"inLanguage":"en-US"},{"@type":"Organization","@id":"https:\/\/www.prototehas.ee\/en\/#organization","name":"PROTO avastustehas","url":"https:\/\/www.prototehas.ee\/en\/","logo":{"@type":"ImageObject","inLanguage":"en-US","@id":"https:\/\/www.prototehas.ee\/en\/#\/schema\/logo\/image\/","url":"https:\/\/www.prototehas.ee\/wp-content\/uploads\/2019\/10\/prototehas_logo_et_2.svg","contentUrl":"https:\/\/www.prototehas.ee\/wp-content\/uploads\/2019\/10\/prototehas_logo_et_2.svg","width":100,"height":100,"caption":"PROTO avastustehas"},"image":{"@id":"https:\/\/www.prototehas.ee\/en\/#\/schema\/logo\/image\/"},"sameAs":["https:\/\/www.facebook.com\/prototehas\/"]}]}},"_links":{"self":[{"href":"https:\/\/www.prototehas.ee\/en\/wp-json\/wp\/v2\/pages\/2843","targetHints":{"allow":["GET"]}}],"collection":[{"href":"https:\/\/www.prototehas.ee\/en\/wp-json\/wp\/v2\/pages"}],"about":[{"href":"https:\/\/www.prototehas.ee\/en\/wp-json\/wp\/v2\/types\/page"}],"author":[{"embeddable":true,"href":"https:\/\/www.prototehas.ee\/en\/wp-json\/wp\/v2\/users\/15"}],"replies":[{"embeddable":true,"href":"https:\/\/www.prototehas.ee\/en\/wp-json\/wp\/v2\/comments?post=2843"}],"version-history":[{"count":5,"href":"https:\/\/www.prototehas.ee\/en\/wp-json\/wp\/v2\/pages\/2843\/revisions"}],"predecessor-version":[{"id":34752,"href":"https:\/\/www.prototehas.ee\/en\/wp-json\/wp\/v2\/pages\/2843\/revisions\/34752"}],"wp:attachment":[{"href":"https:\/\/www.prototehas.ee\/en\/wp-json\/wp\/v2\/media?parent=2843"}],"curies":[{"name":"wp","href":"https:\/\/api.w.org\/{rel}","templated":true}]}}