{"id":28541,"date":"2020-11-05T11:24:51","date_gmt":"2020-11-05T11:24:51","guid":{"rendered":"http:\/\/protodev.ee\/catering\/"},"modified":"2024-07-23T11:47:26","modified_gmt":"2024-07-23T11:47:26","slug":"catering","status":"publish","type":"page","link":"https:\/\/www.prototehas.ee\/en\/catering\/","title":{"rendered":"CATERING"},"content":{"rendered":"[et_pb_section fb_built=&#8221;1&#8243; _builder_version=&#8221;4.16&#8243; background_image=&#8221;https:\/\/www.prototehas.ee\/wp-content\/uploads\/2020\/11\/web_catering_201120.jpg&#8221; background_position=&#8221;bottom_center&#8221; custom_margin=&#8221;0px||||false|false&#8221; custom_padding=&#8221;13em||13em||true|false&#8221; global_colors_info=&#8221;{}&#8221;][\/et_pb_section][et_pb_section fb_built=&#8221;1&#8243; _builder_version=&#8221;4.16&#8243; background_enable_image=&#8221;off&#8221; global_colors_info=&#8221;{}&#8221;][et_pb_row admin_label=&#8221;Main heading&#8221; _builder_version=&#8221;4.24.2&#8243; _module_preset=&#8221;default&#8221; global_colors_info=&#8221;{}&#8221;][et_pb_column type=&#8221;4_4&#8243; _builder_version=&#8221;4.24.2&#8243; _module_preset=&#8221;default&#8221; global_colors_info=&#8221;{}&#8221;][et_pb_heading title=&#8221;PROTO CATERING&#8221; _builder_version=&#8221;4.24.2&#8243; _module_preset=&#8221;c9a4dd29-8345-43ea-bd4d-e73ae35e5717&#8243; title_level=&#8221;h1&#8243; custom_margin=&#8221;||12px|||&#8221; global_colors_info=&#8221;{}&#8221;][\/et_pb_heading][et_pb_text _builder_version=&#8221;4.24.2&#8243; _module_preset=&#8221;default&#8221; text_orientation=&#8221;center&#8221; global_colors_info=&#8221;{}&#8221;]<h2>Complete Solution \u2013 Venue and Catering<\/h2>[\/et_pb_text][\/et_pb_column][\/et_pb_row][et_pb_row column_structure=&#8221;1_2,1_2&#8243; use_custom_gutter=&#8221;on&#8221; gutter_width=&#8221;1&#8243; make_equal=&#8221;on&#8221; admin_label=&#8221;Card Image Right&#8221; _builder_version=&#8221;4.24.2&#8243; _module_preset=&#8221;default&#8221; background_color=&#8221;#FFFFFF&#8221; custom_margin=&#8221;25px||25px||false|false&#8221; custom_padding=&#8221;0px||0px||false|false&#8221; border_radii=&#8221;on|20px|20px|20px|20px&#8221; global_colors_info=&#8221;{}&#8221; custom_css_main_element_last_edited=&#8221;on|tablet&#8221;][et_pb_column type=&#8221;1_2&#8243; _builder_version=&#8221;4.24.2&#8243; _module_preset=&#8221;default&#8221; custom_padding=&#8221;|30px||30px|false|false&#8221; global_colors_info=&#8221;{}&#8221;][et_pb_text _builder_version=&#8221;4.24.2&#8243; _module_preset=&#8221;e179c0c4-c115-407d-a110-ebe813713cd6&#8243; custom_margin=&#8221;|0px|||false|false&#8221; custom_padding=&#8221;42px||30px|0px|false|false&#8221; hover_enabled=&#8221;0&#8243; global_colors_info=&#8221;{}&#8221; sticky_enabled=&#8221;0&#8243;]<p>PROTO is a magical world of old and new inventions. Our venue tells a story of invention, creation, and experiences, as does our catering. Our menus include both classic favorites and new, contemporary flavor combinations. We adapt to the event and client preferences, ensuring a memorable culinary experience.<\/p>\n<p>We use fresh ingredients to highlight the purity, simplicity, and healthiness of flavors. As inventors at heart, we experiment with local flavors and recipes gathered from our explorations.<\/p>[\/et_pb_text][\/et_pb_column][et_pb_column type=&#8221;1_2&#8243; _builder_version=&#8221;4.24.2&#8243; _module_preset=&#8221;default&#8221; global_colors_info=&#8221;{}&#8221;][et_pb_image src=&#8221;https:\/\/www.prototehas.ee\/wp-content\/uploads\/2020\/11\/DSCF0450-scaled.jpg&#8221; alt=&#8221;PROTO t\u00e4islahendus &#8211; ruum ja catering&#8221; title_text=&#8221;PROTO catering&#8221; show_bottom_space=&#8221;off&#8221; module_class=&#8221;pa-full-height-image-column&#8221; _builder_version=&#8221;4.24.2&#8243; _module_preset=&#8221;default&#8221; height=&#8221;100%&#8221; global_colors_info=&#8221;{}&#8221;][\/et_pb_image][\/et_pb_column][\/et_pb_row][et_pb_row column_structure=&#8221;1_2,1_2&#8243; admin_label=&#8221;Card Image Left&#8221; _builder_version=&#8221;4.24.2&#8243; _module_preset=&#8221;90498953-537a-45d8-96c9-83e32ef8ef4e&#8221; custom_margin=&#8221;25px||25px||false|false&#8221; saved_tabs=&#8221;all&#8221; global_colors_info=&#8221;{}&#8221;][et_pb_column type=&#8221;1_2&#8243; _builder_version=&#8221;4.24.2&#8243; _module_preset=&#8221;default&#8221; global_colors_info=&#8221;{}&#8221;][et_pb_image src=&#8221;https:\/\/www.prototehas.ee\/wp-content\/uploads\/2020\/11\/DSCF8775-scaled.jpg&#8221; alt=&#8221;Erinevad s\u00fcndmuseks, milleks PROTO cateringi tellida&#8221; show_bottom_space=&#8221;off&#8221; module_class=&#8221;pa-full-height-image-column&#8221; _builder_version=&#8221;4.24.2&#8243; _module_preset=&#8221;default&#8221; height=&#8221;100%&#8221; global_colors_info=&#8221;{}&#8221;][\/et_pb_image][\/et_pb_column][et_pb_column type=&#8221;1_2&#8243; _builder_version=&#8221;4.24.2&#8243; _module_preset=&#8221;default&#8221; custom_padding=&#8221;|30px||30px|false|false&#8221; global_colors_info=&#8221;{}&#8221;][et_pb_text _builder_version=&#8221;4.24.2&#8243; _module_preset=&#8221;e179c0c4-c115-407d-a110-ebe813713cd6&#8243; custom_margin=&#8221;|0px|||false|false&#8221; custom_padding=&#8221;40px||30px|0px|false|false&#8221; global_colors_info=&#8221;{}&#8221;]<p><strong>Events we cater to:<\/strong><\/p>\n<p><strong><\/strong><\/p>\n<ul>\n<li style=\"text-align: left;\">Seminars and conferences<\/li>\n<li style=\"text-align: left;\">Official lunches and dinners<\/li>\n<li style=\"text-align: left;\">Formal \u00e0 la carte dinners<\/li>\n<li style=\"text-align: left;\">Receptions<\/li>\n<li style=\"text-align: left;\">Christmas parties<\/li>\n<li style=\"text-align: left;\">Weddings<\/li>\n<li style=\"text-align: left;\">Family gatherings<\/li>\n<li style=\"text-align: left;\">Corporate and private birthdays<\/li>\n<\/ul>[\/et_pb_text][\/et_pb_column][\/et_pb_row][et_pb_row _builder_version=&#8221;4.16&#8243; global_colors_info=&#8221;{}&#8221;][et_pb_column type=&#8221;4_4&#8243; _builder_version=&#8221;4.16&#8243; global_colors_info=&#8221;{}&#8221;][et_pb_text module_class=&#8221;regular-text-header&#8221; _builder_version=&#8221;4.24.2&#8243; text_font=&#8221;Amsi Pro Narrow Regular||||||||&#8221; text_font_size=&#8221;20px&#8221; text_letter_spacing=&#8221;1px&#8221; header_font=&#8221;Amsi Pro Condensed Black||||||||&#8221; header_text_color=&#8221;#d5242a&#8221; header_font_size=&#8221;36px&#8221; global_colors_info=&#8221;{}&#8221;]<h2 style=\"text-align: center;\">5 Reasons to Choose PROTO Catering:<\/h2>[\/et_pb_text][et_pb_text module_class=&#8221;regular-text&#8221; _builder_version=&#8221;4.24.2&#8243; _module_preset=&#8221;e179c0c4-c115-407d-a110-ebe813713cd6&#8243; text_font=&#8221;Amsi Pro Narrow Regular||||||||&#8221; text_line_height=&#8221;21px&#8221; global_colors_info=&#8221;{}&#8221;]<ul>\n<li style=\"text-align: left;\">Convenient one-stop solution for venue and catering.<\/li>\n<li style=\"text-align: left;\">Quick and responsive event service.<\/li>\n<li style=\"text-align: left;\">Flexible menus and special requests.<\/li>\n<li style=\"text-align: left;\">No need for additional space, equipment, or separate transport fees.<\/li>\n<li style=\"text-align: left;\">Guaranteed satisfying meal!<\/li>\n<\/ul>\n<p style=\"text-align: left;\">Located in Tallinn, Peetri 10.<\/p>\n<p style=\"text-align: left;\"><strong>For inquiries, email: <a href=\"mailto:booking@protofactory.ee\">booking@protofactory.ee<\/a><\/strong><\/p>[\/et_pb_text][\/et_pb_column][\/et_pb_row][\/et_pb_section]<span class=\"et_bloom_bottom_trigger\"><\/span>","protected":false},"excerpt":{"rendered":"<p>Complete Solution \u2013 Venue and CateringPROTO is a magical world of old and new inventions. Our venue tells a story of invention, creation, and experiences, as does our catering. Our menus include both classic favorites and new, contemporary flavor combinations. We adapt to the event and client preferences, ensuring a memorable culinary experience. We use [&hellip;]<\/p>\n","protected":false},"author":15,"featured_media":0,"parent":0,"menu_order":0,"comment_status":"closed","ping_status":"closed","template":"","meta":{"_acf_changed":false,"_et_pb_use_builder":"on","_et_pb_old_content":"","_et_gb_content_width":"","inline_featured_image":false,"footnotes":""},"class_list":["post-28541","page","type-page","status-publish","hentry"],"acf":[],"yoast_head":"<!-- This site is optimized with the Yoast SEO plugin v26.9 - https:\/\/yoast.com\/product\/yoast-seo-wordpress\/ -->\n<title>Catering Tallinnas | T\u00e4islahendus: ruum &amp; toitlustus<\/title>\n<meta name=\"description\" content=\"Pakume Sinu \u00fcritusele t\u00e4islahendust. S\u00fcndmuspaik ja Catering mugavalt \u00fchest kohast. K\u00f5rge kvaliteet ja personaalne l\u00e4henemine! Uuri lisa.\" \/>\n<meta name=\"robots\" content=\"index, follow, max-snippet:-1, max-image-preview:large, max-video-preview:-1\" \/>\n<link rel=\"canonical\" href=\"https:\/\/www.prototehas.ee\/en\/catering\/\" \/>\n<meta property=\"og:locale\" content=\"en_US\" \/>\n<meta property=\"og:type\" content=\"article\" \/>\n<meta property=\"og:title\" content=\"Catering Tallinnas | T\u00e4islahendus: ruum &amp; toitlustus\" \/>\n<meta property=\"og:description\" content=\"Pakume Sinu \u00fcritusele t\u00e4islahendust. S\u00fcndmuspaik ja Catering mugavalt \u00fchest kohast. K\u00f5rge kvaliteet ja personaalne l\u00e4henemine! Uuri lisa.\" \/>\n<meta property=\"og:url\" content=\"https:\/\/www.prototehas.ee\/en\/catering\/\" \/>\n<meta property=\"og:site_name\" content=\"PROTO avastustehas\" \/>\n<meta property=\"article:publisher\" content=\"https:\/\/www.facebook.com\/prototehas\/\" \/>\n<meta property=\"article:modified_time\" content=\"2024-07-23T11:47:26+00:00\" \/>\n<meta name=\"twitter:card\" content=\"summary_large_image\" \/>\n<meta name=\"twitter:label1\" content=\"Est. reading time\" \/>\n\t<meta name=\"twitter:data1\" content=\"2 minutes\" \/>\n<script type=\"application\/ld+json\" class=\"yoast-schema-graph\">{\"@context\":\"https:\/\/schema.org\",\"@graph\":[{\"@type\":\"WebPage\",\"@id\":\"https:\/\/www.prototehas.ee\/en\/catering\/\",\"url\":\"https:\/\/www.prototehas.ee\/en\/catering\/\",\"name\":\"Catering Tallinnas | T\u00e4islahendus: ruum & toitlustus\",\"isPartOf\":{\"@id\":\"https:\/\/www.prototehas.ee\/en\/#website\"},\"datePublished\":\"2020-11-05T11:24:51+00:00\",\"dateModified\":\"2024-07-23T11:47:26+00:00\",\"description\":\"Pakume Sinu \u00fcritusele t\u00e4islahendust. S\u00fcndmuspaik ja Catering mugavalt \u00fchest kohast. K\u00f5rge kvaliteet ja personaalne l\u00e4henemine! Uuri lisa.\",\"breadcrumb\":{\"@id\":\"https:\/\/www.prototehas.ee\/en\/catering\/#breadcrumb\"},\"inLanguage\":\"en-US\",\"potentialAction\":[{\"@type\":\"ReadAction\",\"target\":[\"https:\/\/www.prototehas.ee\/en\/catering\/\"]}]},{\"@type\":\"BreadcrumbList\",\"@id\":\"https:\/\/www.prototehas.ee\/en\/catering\/#breadcrumb\",\"itemListElement\":[{\"@type\":\"ListItem\",\"position\":1,\"name\":\"Avaleht\",\"item\":\"https:\/\/www.prototehas.ee\/en\/\"},{\"@type\":\"ListItem\",\"position\":2,\"name\":\"CATERING\"}]},{\"@type\":\"WebSite\",\"@id\":\"https:\/\/www.prototehas.ee\/en\/#website\",\"url\":\"https:\/\/www.prototehas.ee\/en\/\",\"name\":\"PROTO avastustehas\",\"description\":\"Where science meets fantasy\",\"publisher\":{\"@id\":\"https:\/\/www.prototehas.ee\/en\/#organization\"},\"potentialAction\":[{\"@type\":\"SearchAction\",\"target\":{\"@type\":\"EntryPoint\",\"urlTemplate\":\"https:\/\/www.prototehas.ee\/en\/?s={search_term_string}\"},\"query-input\":{\"@type\":\"PropertyValueSpecification\",\"valueRequired\":true,\"valueName\":\"search_term_string\"}}],\"inLanguage\":\"en-US\"},{\"@type\":\"Organization\",\"@id\":\"https:\/\/www.prototehas.ee\/en\/#organization\",\"name\":\"PROTO avastustehas\",\"url\":\"https:\/\/www.prototehas.ee\/en\/\",\"logo\":{\"@type\":\"ImageObject\",\"inLanguage\":\"en-US\",\"@id\":\"https:\/\/www.prototehas.ee\/en\/#\/schema\/logo\/image\/\",\"url\":\"https:\/\/www.prototehas.ee\/wp-content\/uploads\/2019\/10\/prototehas_logo_et_2.svg\",\"contentUrl\":\"https:\/\/www.prototehas.ee\/wp-content\/uploads\/2019\/10\/prototehas_logo_et_2.svg\",\"width\":100,\"height\":100,\"caption\":\"PROTO avastustehas\"},\"image\":{\"@id\":\"https:\/\/www.prototehas.ee\/en\/#\/schema\/logo\/image\/\"},\"sameAs\":[\"https:\/\/www.facebook.com\/prototehas\/\"]}]}<\/script>\n<!-- \/ Yoast SEO plugin. -->","yoast_head_json":{"title":"Catering Tallinnas | T\u00e4islahendus: ruum & toitlustus","description":"Pakume Sinu \u00fcritusele t\u00e4islahendust. S\u00fcndmuspaik ja Catering mugavalt \u00fchest kohast. K\u00f5rge kvaliteet ja personaalne l\u00e4henemine! Uuri lisa.","robots":{"index":"index","follow":"follow","max-snippet":"max-snippet:-1","max-image-preview":"max-image-preview:large","max-video-preview":"max-video-preview:-1"},"canonical":"https:\/\/www.prototehas.ee\/en\/catering\/","og_locale":"en_US","og_type":"article","og_title":"Catering Tallinnas | T\u00e4islahendus: ruum & toitlustus","og_description":"Pakume Sinu \u00fcritusele t\u00e4islahendust. S\u00fcndmuspaik ja Catering mugavalt \u00fchest kohast. K\u00f5rge kvaliteet ja personaalne l\u00e4henemine! Uuri lisa.","og_url":"https:\/\/www.prototehas.ee\/en\/catering\/","og_site_name":"PROTO avastustehas","article_publisher":"https:\/\/www.facebook.com\/prototehas\/","article_modified_time":"2024-07-23T11:47:26+00:00","twitter_card":"summary_large_image","twitter_misc":{"Est. reading time":"2 minutes"},"schema":{"@context":"https:\/\/schema.org","@graph":[{"@type":"WebPage","@id":"https:\/\/www.prototehas.ee\/en\/catering\/","url":"https:\/\/www.prototehas.ee\/en\/catering\/","name":"Catering Tallinnas | T\u00e4islahendus: ruum & toitlustus","isPartOf":{"@id":"https:\/\/www.prototehas.ee\/en\/#website"},"datePublished":"2020-11-05T11:24:51+00:00","dateModified":"2024-07-23T11:47:26+00:00","description":"Pakume Sinu \u00fcritusele t\u00e4islahendust. S\u00fcndmuspaik ja Catering mugavalt \u00fchest kohast. K\u00f5rge kvaliteet ja personaalne l\u00e4henemine! Uuri lisa.","breadcrumb":{"@id":"https:\/\/www.prototehas.ee\/en\/catering\/#breadcrumb"},"inLanguage":"en-US","potentialAction":[{"@type":"ReadAction","target":["https:\/\/www.prototehas.ee\/en\/catering\/"]}]},{"@type":"BreadcrumbList","@id":"https:\/\/www.prototehas.ee\/en\/catering\/#breadcrumb","itemListElement":[{"@type":"ListItem","position":1,"name":"Avaleht","item":"https:\/\/www.prototehas.ee\/en\/"},{"@type":"ListItem","position":2,"name":"CATERING"}]},{"@type":"WebSite","@id":"https:\/\/www.prototehas.ee\/en\/#website","url":"https:\/\/www.prototehas.ee\/en\/","name":"PROTO avastustehas","description":"Where science meets fantasy","publisher":{"@id":"https:\/\/www.prototehas.ee\/en\/#organization"},"potentialAction":[{"@type":"SearchAction","target":{"@type":"EntryPoint","urlTemplate":"https:\/\/www.prototehas.ee\/en\/?s={search_term_string}"},"query-input":{"@type":"PropertyValueSpecification","valueRequired":true,"valueName":"search_term_string"}}],"inLanguage":"en-US"},{"@type":"Organization","@id":"https:\/\/www.prototehas.ee\/en\/#organization","name":"PROTO avastustehas","url":"https:\/\/www.prototehas.ee\/en\/","logo":{"@type":"ImageObject","inLanguage":"en-US","@id":"https:\/\/www.prototehas.ee\/en\/#\/schema\/logo\/image\/","url":"https:\/\/www.prototehas.ee\/wp-content\/uploads\/2019\/10\/prototehas_logo_et_2.svg","contentUrl":"https:\/\/www.prototehas.ee\/wp-content\/uploads\/2019\/10\/prototehas_logo_et_2.svg","width":100,"height":100,"caption":"PROTO avastustehas"},"image":{"@id":"https:\/\/www.prototehas.ee\/en\/#\/schema\/logo\/image\/"},"sameAs":["https:\/\/www.facebook.com\/prototehas\/"]}]}},"_links":{"self":[{"href":"https:\/\/www.prototehas.ee\/en\/wp-json\/wp\/v2\/pages\/28541","targetHints":{"allow":["GET"]}}],"collection":[{"href":"https:\/\/www.prototehas.ee\/en\/wp-json\/wp\/v2\/pages"}],"about":[{"href":"https:\/\/www.prototehas.ee\/en\/wp-json\/wp\/v2\/types\/page"}],"author":[{"embeddable":true,"href":"https:\/\/www.prototehas.ee\/en\/wp-json\/wp\/v2\/users\/15"}],"replies":[{"embeddable":true,"href":"https:\/\/www.prototehas.ee\/en\/wp-json\/wp\/v2\/comments?post=28541"}],"version-history":[{"count":3,"href":"https:\/\/www.prototehas.ee\/en\/wp-json\/wp\/v2\/pages\/28541\/revisions"}],"predecessor-version":[{"id":30980,"href":"https:\/\/www.prototehas.ee\/en\/wp-json\/wp\/v2\/pages\/28541\/revisions\/30980"}],"wp:attachment":[{"href":"https:\/\/www.prototehas.ee\/en\/wp-json\/wp\/v2\/media?parent=28541"}],"curies":[{"name":"wp","href":"https:\/\/api.w.org\/{rel}","templated":true}]}}