{"id":10477,"date":"2019-11-06T08:15:05","date_gmt":"2019-11-06T08:15:05","guid":{"rendered":"http:\/\/protodev.ee\/?page_id=10477"},"modified":"2024-06-25T11:52:58","modified_gmt":"2024-06-25T11:52:58","slug":"ryhmille","status":"publish","type":"page","link":"https:\/\/www.prototehas.ee\/fi\/ryhmille\/","title":{"rendered":"RYHMILLE"},"content":{"rendered":"[et_pb_section fb_built=&#8221;1&#8243; _builder_version=&#8221;4.16&#8243; background_image=&#8221;https:\/\/www.prototehas.ee\/wp-content\/uploads\/2019\/11\/Fujifilm_Panorama3.jpg&#8221; width=&#8221;100%&#8221; custom_margin=&#8221;0px||||false|false&#8221; custom_padding=&#8221;13em||13em||true|false&#8221; locked=&#8221;off&#8221; global_colors_info=&#8221;{}&#8221;][\/et_pb_section][et_pb_section fb_built=&#8221;1&#8243; _builder_version=&#8221;4.16&#8243; background_image=&#8221;https:\/\/www.prototehas.ee\/wp-content\/uploads\/2019\/09\/foundpaper31.jpg&#8221; custom_margin=&#8221;-117px|||||&#8221; global_colors_info=&#8221;{}&#8221;][et_pb_row _builder_version=&#8221;4.24.2&#8243; _module_preset=&#8221;default&#8221; global_colors_info=&#8221;{}&#8221;][et_pb_column type=&#8221;4_4&#8243; _builder_version=&#8221;4.24.2&#8243; _module_preset=&#8221;default&#8221; global_colors_info=&#8221;{}&#8221;][et_pb_heading title=&#8221;RYHMILLE&#8221; _builder_version=&#8221;4.24.2&#8243; _module_preset=&#8221;c9a4dd29-8345-43ea-bd4d-e73ae35e5717&#8243; title_level=&#8221;h1&#8243; global_colors_info=&#8221;{}&#8221;][\/et_pb_heading][\/et_pb_column][\/et_pb_row][et_pb_row admin_label=&#8221;Eesti Maitsed&#8221; _builder_version=&#8221;4.24.2&#8243; _module_preset=&#8221;default&#8221; background_color=&#8221;#FFFFFF&#8221; border_radii=&#8221;on|30px|30px|30px|30px&#8221; locked=&#8221;off&#8221; global_colors_info=&#8221;{}&#8221;][et_pb_column type=&#8221;4_4&#8243; _builder_version=&#8221;4.16&#8243; _module_preset=&#8221;default&#8221; global_colors_info=&#8221;{}&#8221;][et_pb_text _builder_version=&#8221;4.24.2&#8243; _module_preset=&#8221;e179c0c4-c115-407d-a110-ebe813713cd6&#8243; custom_padding=&#8221;|90px||90px|false|false&#8221; custom_padding_tablet=&#8221;|20px||20px|false|false&#8221; custom_padding_phone=&#8221;|0px||0px|false|false&#8221; custom_padding_last_edited=&#8221;on|tablet&#8221; global_colors_info=&#8221;{}&#8221;]<span lang=\"EN-US\">Kokoa ryhm\u00e4 ja tulkaa yhdess\u00e4 seikkailulle Protoon!<\/span>\r\n<p class=\"Standard\"><span lang=\"EN-US\">Haluttaessa j\u00e4rjest\u00e4mme lis\u00e4ksi opastetun kierroksen keksint\u00f6tehtaalle. Kierroksella tutustut entisen sukellusvenetelakan menneisyyteen, saat kiehtovien n\u00e4yttelykohteiden ansiosta tiet\u00e4\u00e4, miten kuuluisat tieteilij\u00e4t kehittiv\u00e4t maailmaa j\u00e4risytt\u00e4neet keksint\u00f6ns\u00e4 ja keskustella vaikka siit\u00e4, mikseiv\u00e4t lentokoneet putoa taivaalta.<\/span><\/p>\r\n<p class=\"Standard\"><span lang=\"EN-US\">Varmaan jo arvaat, miss\u00e4 Viron tehtaassa rakennettiin 12 komeaa sukellusvenett\u00e4 ennen I maailmansotaa? Mutta tied\u00e4tk\u00f6, kuinka Henry Ford keksi liukuhihnan? Tai miksi sukellusvene voi painua veden alla ja nousta my\u00f6hemmin taas pintaan? Opaskierroksella l\u00f6yd\u00e4t vastaukset n\u00e4ihin ja moniin muihin kysymyksiin.<\/span><\/p>\r[\/et_pb_text][et_pb_text _builder_version=&#8221;4.24.2&#8243; _module_preset=&#8221;e179c0c4-c115-407d-a110-ebe813713cd6&#8243; custom_padding=&#8221;|90px||90px|false|false&#8221; custom_padding_tablet=&#8221;|20px||20px|false|false&#8221; custom_padding_phone=&#8221;|0px||0px|false|false&#8221; custom_padding_last_edited=&#8221;on|tablet&#8221; hover_enabled=&#8221;0&#8243; global_colors_info=&#8221;{}&#8221; sticky_enabled=&#8221;0&#8243;]<h2 class=\"Standard\"><span lang=\"EN-US\">OPASTETTU KIERROS<\/span><\/h2>\n<ul>\n<li class=\"Standard\" style=\"text-align: left;\"><span lang=\"EN-US\">Hinta 56 euroa \/ ryhm\u00e4<\/span><\/li>\n<li class=\"Standard\" style=\"text-align: left;\"><span lang=\"EN-US\">Kesto 45 minuuttia<\/span><\/li>\n<li class=\"Standard\" style=\"text-align: left;\">Ryhm\u00e4koko: enint\u00e4\u00e4n 20 henkil\u00f6\u00e4<\/li>\n<li class=\"Standard\" style=\"text-align: left;\"><span lang=\"EN-US\"><strong>Kierrokset vain varauksesta<\/strong><\/span><\/li>\n<li class=\"Standard\" style=\"text-align: left;\"><span lang=\"EN-US\">Kierrokseen <strong>ei sis\u00e4lly<\/strong> n\u00e4yttelykohteiden k\u00e4ytt\u00f6, mutta haluttaessa lipun n\u00e4yttelyyn voi ostaa lis\u00e4ksi. Lippujen hinnat n\u00e4et\u00a0<strong><a href=\"https:\/\/www.prototehas.ee\/fi\/liput\/\">T\u00c4\u00c4LT\u00c4<\/a><\/strong>.<\/span><\/li>\n<\/ul>[\/et_pb_text][et_pb_text _builder_version=&#8221;4.24.2&#8243; _module_preset=&#8221;e179c0c4-c115-407d-a110-ebe813713cd6&#8243; min_height=&#8221;196.8px&#8221; custom_padding=&#8221;|90px||90px|false|false&#8221; custom_padding_tablet=&#8221;|20px||20px|false|false&#8221; custom_padding_phone=&#8221;|0px||0px|false|false&#8221; custom_padding_last_edited=&#8221;on|tablet&#8221; global_colors_info=&#8221;{}&#8221;]<h3 class=\"Standard\"><span lang=\"EN-US\">KOULURYHMILLE<\/span><\/h3>\r\n&nbsp;\r\n<ul style=\"text-align: left;\">\r\n \t<li class=\"gmail-Standard\"><span lang=\"EN-US\">Hinta 11 euroa \/ oppilas<\/span><\/li>\r\n \t<li class=\"gmail-Standard\">20 minuutin kierros on <em>ilmainen<\/em> ja <strong>se tulee varata etuk\u00e4teen<\/strong>.<\/li>\r\n \t<li class=\"Standard\">Ryhm\u00e4n koko enint\u00e4\u00e4n 20 henkil\u00f6\u00e4. Suuremmat koululaisryhm\u00e4t jaetaan pienempiin lukum\u00e4\u00e4r\u00e4n mukaan.<\/li>\r\n \t<li class=\"Standard\"><span lang=\"EN-US\">Yksi valvoja jokaista 10 oppilasta kohti <strong>ilmaiseksi<\/strong><\/span><\/li>\r\n \t<li class=\"Standard\"><span lang=\"EN-US\">Lipun hintaan sis\u00e4ltyy kaikkien n\u00e4yttelykohteiden k\u00e4ytt\u00f6 Protorolleria lukuunottamatta<\/span><\/li>\r\n<\/ul>\r[\/et_pb_text][et_pb_button button_url=&#8221;https:\/\/www.prototehas.ee\/fi\/ryhman-vierailu\/&#8221; button_text=&#8221;VARAA RYHM\u00c4K\u00c4YNTI&#8221; button_alignment=&#8221;center&#8221; _builder_version=&#8221;4.24.2&#8243; _module_preset=&#8221;default&#8221; custom_margin=&#8221;89px|||||&#8221; hover_enabled=&#8221;0&#8243; global_colors_info=&#8221;{}&#8221; sticky_enabled=&#8221;0&#8243;][\/et_pb_button][\/et_pb_column][\/et_pb_row][\/et_pb_section]<span class=\"et_bloom_bottom_trigger\"><\/span>","protected":false},"excerpt":{"rendered":"<p>Kokoa ryhm\u00e4 ja tulkaa yhdess\u00e4 seikkailulle Protoon! Haluttaessa j\u00e4rjest\u00e4mme lis\u00e4ksi opastetun kierroksen keksint\u00f6tehtaalle. Kierroksella tutustut entisen sukellusvenetelakan menneisyyteen, saat kiehtovien n\u00e4yttelykohteiden ansiosta tiet\u00e4\u00e4, miten kuuluisat tieteilij\u00e4t kehittiv\u00e4t maailmaa j\u00e4risytt\u00e4neet keksint\u00f6ns\u00e4 ja keskustella vaikka siit\u00e4, mikseiv\u00e4t lentokoneet putoa taivaalta. Varmaan jo arvaat, miss\u00e4 Viron tehtaassa rakennettiin 12 komeaa sukellusvenett\u00e4 ennen I maailmansotaa? Mutta tied\u00e4tk\u00f6, kuinka Henry [&hellip;]<\/p>\n","protected":false},"author":15,"featured_media":0,"parent":0,"menu_order":0,"comment_status":"closed","ping_status":"closed","template":"","meta":{"_acf_changed":false,"_et_pb_use_builder":"on","_et_pb_old_content":"","_et_gb_content_width":"","inline_featured_image":false,"footnotes":""},"class_list":["post-10477","page","type-page","status-publish","hentry"],"acf":[],"yoast_head":"<!-- This site is optimized with the Yoast SEO plugin v26.9 - https:\/\/yoast.com\/product\/yoast-seo-wordpress\/ -->\n<title>K\u00fclastus gruppidele - Ekskursioon - PROTO avastustehas<\/title>\n<meta name=\"description\" content=\"PROTO avastustehase ekskursioon viib teid tutvuma endise allveelaeva tehase ajalooga. Pane kokku grupp ja tulge seiklema. \u27a4 Vaata l\u00e4hemalt!\" \/>\n<meta name=\"robots\" content=\"index, follow, max-snippet:-1, max-image-preview:large, max-video-preview:-1\" \/>\n<link rel=\"canonical\" href=\"https:\/\/www.prototehas.ee\/fi\/ryhmille\/\" \/>\n<meta property=\"og:locale\" content=\"fi_FI\" \/>\n<meta property=\"og:type\" content=\"article\" \/>\n<meta property=\"og:title\" content=\"K\u00fclastus gruppidele - Ekskursioon - PROTO avastustehas\" \/>\n<meta property=\"og:description\" content=\"PROTO avastustehase ekskursioon viib teid tutvuma endise allveelaeva tehase ajalooga. Pane kokku grupp ja tulge seiklema. \u27a4 Vaata l\u00e4hemalt!\" \/>\n<meta property=\"og:url\" content=\"https:\/\/www.prototehas.ee\/fi\/ryhmille\/\" \/>\n<meta property=\"og:site_name\" content=\"PROTO avastustehas\" \/>\n<meta property=\"article:publisher\" content=\"https:\/\/www.facebook.com\/prototehas\/\" \/>\n<meta property=\"article:modified_time\" content=\"2024-06-25T11:52:58+00:00\" \/>\n<meta name=\"twitter:card\" content=\"summary_large_image\" \/>\n<meta name=\"twitter:label1\" content=\"Arvioitu lukuaika\" \/>\n\t<meta name=\"twitter:data1\" content=\"2 minuuttia\" \/>\n<script type=\"application\/ld+json\" class=\"yoast-schema-graph\">{\"@context\":\"https:\/\/schema.org\",\"@graph\":[{\"@type\":\"WebPage\",\"@id\":\"https:\/\/www.prototehas.ee\/fi\/ryhmille\/\",\"url\":\"https:\/\/www.prototehas.ee\/fi\/ryhmille\/\",\"name\":\"K\u00fclastus gruppidele - Ekskursioon - PROTO avastustehas\",\"isPartOf\":{\"@id\":\"https:\/\/www.prototehas.ee\/fi\/#website\"},\"datePublished\":\"2019-11-06T08:15:05+00:00\",\"dateModified\":\"2024-06-25T11:52:58+00:00\",\"description\":\"PROTO avastustehase ekskursioon viib teid tutvuma endise allveelaeva tehase ajalooga. Pane kokku grupp ja tulge seiklema. \u27a4 Vaata l\u00e4hemalt!\",\"breadcrumb\":{\"@id\":\"https:\/\/www.prototehas.ee\/fi\/ryhmille\/#breadcrumb\"},\"inLanguage\":\"fi\",\"potentialAction\":[{\"@type\":\"ReadAction\",\"target\":[\"https:\/\/www.prototehas.ee\/fi\/ryhmille\/\"]}]},{\"@type\":\"BreadcrumbList\",\"@id\":\"https:\/\/www.prototehas.ee\/fi\/ryhmille\/#breadcrumb\",\"itemListElement\":[{\"@type\":\"ListItem\",\"position\":1,\"name\":\"Avaleht\",\"item\":\"https:\/\/www.prototehas.ee\/fi\/\"},{\"@type\":\"ListItem\",\"position\":2,\"name\":\"RYHMILLE\"}]},{\"@type\":\"WebSite\",\"@id\":\"https:\/\/www.prototehas.ee\/fi\/#website\",\"url\":\"https:\/\/www.prototehas.ee\/fi\/\",\"name\":\"PROTO avastustehas\",\"description\":\"Where science meets fantasy\",\"publisher\":{\"@id\":\"https:\/\/www.prototehas.ee\/fi\/#organization\"},\"potentialAction\":[{\"@type\":\"SearchAction\",\"target\":{\"@type\":\"EntryPoint\",\"urlTemplate\":\"https:\/\/www.prototehas.ee\/fi\/?s={search_term_string}\"},\"query-input\":{\"@type\":\"PropertyValueSpecification\",\"valueRequired\":true,\"valueName\":\"search_term_string\"}}],\"inLanguage\":\"fi\"},{\"@type\":\"Organization\",\"@id\":\"https:\/\/www.prototehas.ee\/fi\/#organization\",\"name\":\"PROTO avastustehas\",\"url\":\"https:\/\/www.prototehas.ee\/fi\/\",\"logo\":{\"@type\":\"ImageObject\",\"inLanguage\":\"fi\",\"@id\":\"https:\/\/www.prototehas.ee\/fi\/#\/schema\/logo\/image\/\",\"url\":\"https:\/\/www.prototehas.ee\/wp-content\/uploads\/2019\/10\/prototehas_logo_et_2.svg\",\"contentUrl\":\"https:\/\/www.prototehas.ee\/wp-content\/uploads\/2019\/10\/prototehas_logo_et_2.svg\",\"width\":100,\"height\":100,\"caption\":\"PROTO avastustehas\"},\"image\":{\"@id\":\"https:\/\/www.prototehas.ee\/fi\/#\/schema\/logo\/image\/\"},\"sameAs\":[\"https:\/\/www.facebook.com\/prototehas\/\"]}]}<\/script>\n<!-- \/ Yoast SEO plugin. -->","yoast_head_json":{"title":"K\u00fclastus gruppidele - Ekskursioon - PROTO avastustehas","description":"PROTO avastustehase ekskursioon viib teid tutvuma endise allveelaeva tehase ajalooga. Pane kokku grupp ja tulge seiklema. \u27a4 Vaata l\u00e4hemalt!","robots":{"index":"index","follow":"follow","max-snippet":"max-snippet:-1","max-image-preview":"max-image-preview:large","max-video-preview":"max-video-preview:-1"},"canonical":"https:\/\/www.prototehas.ee\/fi\/ryhmille\/","og_locale":"fi_FI","og_type":"article","og_title":"K\u00fclastus gruppidele - Ekskursioon - PROTO avastustehas","og_description":"PROTO avastustehase ekskursioon viib teid tutvuma endise allveelaeva tehase ajalooga. Pane kokku grupp ja tulge seiklema. \u27a4 Vaata l\u00e4hemalt!","og_url":"https:\/\/www.prototehas.ee\/fi\/ryhmille\/","og_site_name":"PROTO avastustehas","article_publisher":"https:\/\/www.facebook.com\/prototehas\/","article_modified_time":"2024-06-25T11:52:58+00:00","twitter_card":"summary_large_image","twitter_misc":{"Arvioitu lukuaika":"2 minuuttia"},"schema":{"@context":"https:\/\/schema.org","@graph":[{"@type":"WebPage","@id":"https:\/\/www.prototehas.ee\/fi\/ryhmille\/","url":"https:\/\/www.prototehas.ee\/fi\/ryhmille\/","name":"K\u00fclastus gruppidele - Ekskursioon - PROTO avastustehas","isPartOf":{"@id":"https:\/\/www.prototehas.ee\/fi\/#website"},"datePublished":"2019-11-06T08:15:05+00:00","dateModified":"2024-06-25T11:52:58+00:00","description":"PROTO avastustehase ekskursioon viib teid tutvuma endise allveelaeva tehase ajalooga. Pane kokku grupp ja tulge seiklema. \u27a4 Vaata l\u00e4hemalt!","breadcrumb":{"@id":"https:\/\/www.prototehas.ee\/fi\/ryhmille\/#breadcrumb"},"inLanguage":"fi","potentialAction":[{"@type":"ReadAction","target":["https:\/\/www.prototehas.ee\/fi\/ryhmille\/"]}]},{"@type":"BreadcrumbList","@id":"https:\/\/www.prototehas.ee\/fi\/ryhmille\/#breadcrumb","itemListElement":[{"@type":"ListItem","position":1,"name":"Avaleht","item":"https:\/\/www.prototehas.ee\/fi\/"},{"@type":"ListItem","position":2,"name":"RYHMILLE"}]},{"@type":"WebSite","@id":"https:\/\/www.prototehas.ee\/fi\/#website","url":"https:\/\/www.prototehas.ee\/fi\/","name":"PROTO avastustehas","description":"Where science meets fantasy","publisher":{"@id":"https:\/\/www.prototehas.ee\/fi\/#organization"},"potentialAction":[{"@type":"SearchAction","target":{"@type":"EntryPoint","urlTemplate":"https:\/\/www.prototehas.ee\/fi\/?s={search_term_string}"},"query-input":{"@type":"PropertyValueSpecification","valueRequired":true,"valueName":"search_term_string"}}],"inLanguage":"fi"},{"@type":"Organization","@id":"https:\/\/www.prototehas.ee\/fi\/#organization","name":"PROTO avastustehas","url":"https:\/\/www.prototehas.ee\/fi\/","logo":{"@type":"ImageObject","inLanguage":"fi","@id":"https:\/\/www.prototehas.ee\/fi\/#\/schema\/logo\/image\/","url":"https:\/\/www.prototehas.ee\/wp-content\/uploads\/2019\/10\/prototehas_logo_et_2.svg","contentUrl":"https:\/\/www.prototehas.ee\/wp-content\/uploads\/2019\/10\/prototehas_logo_et_2.svg","width":100,"height":100,"caption":"PROTO avastustehas"},"image":{"@id":"https:\/\/www.prototehas.ee\/fi\/#\/schema\/logo\/image\/"},"sameAs":["https:\/\/www.facebook.com\/prototehas\/"]}]}},"_links":{"self":[{"href":"https:\/\/www.prototehas.ee\/fi\/wp-json\/wp\/v2\/pages\/10477","targetHints":{"allow":["GET"]}}],"collection":[{"href":"https:\/\/www.prototehas.ee\/fi\/wp-json\/wp\/v2\/pages"}],"about":[{"href":"https:\/\/www.prototehas.ee\/fi\/wp-json\/wp\/v2\/types\/page"}],"author":[{"embeddable":true,"href":"https:\/\/www.prototehas.ee\/fi\/wp-json\/wp\/v2\/users\/15"}],"replies":[{"embeddable":true,"href":"https:\/\/www.prototehas.ee\/fi\/wp-json\/wp\/v2\/comments?post=10477"}],"version-history":[{"count":5,"href":"https:\/\/www.prototehas.ee\/fi\/wp-json\/wp\/v2\/pages\/10477\/revisions"}],"predecessor-version":[{"id":29677,"href":"https:\/\/www.prototehas.ee\/fi\/wp-json\/wp\/v2\/pages\/10477\/revisions\/29677"}],"wp:attachment":[{"href":"https:\/\/www.prototehas.ee\/fi\/wp-json\/wp\/v2\/media?parent=10477"}],"curies":[{"name":"wp","href":"https:\/\/api.w.org\/{rel}","templated":true}]}}