{"id":10860,"date":"2020-11-04T07:19:34","date_gmt":"2020-11-04T07:19:34","guid":{"rendered":"http:\/\/protodev.ee\/?page_id=10860"},"modified":"2024-06-21T14:42:27","modified_gmt":"2024-06-21T14:42:27","slug":"itsekulkevat-vaunut","status":"publish","type":"page","link":"https:\/\/www.prototehas.ee\/fi\/itsekulkevat-vaunut\/","title":{"rendered":"ITSEKULKEVAT VAUNUT"},"content":{"rendered":"[et_pb_section fb_built=&#8221;1&#8243; _builder_version=&#8221;4.16&#8243; background_color=&#8221;#fff0d9&#8243; background_enable_image=&#8221;off&#8221; locked=&#8221;off&#8221; global_colors_info=&#8221;{}&#8221;][et_pb_row admin_label=&#8221;Main heading&#8221; _builder_version=&#8221;4.24.2&#8243; _module_preset=&#8221;default&#8221; global_colors_info=&#8221;{}&#8221;][et_pb_column type=&#8221;4_4&#8243; _builder_version=&#8221;4.24.2&#8243; _module_preset=&#8221;default&#8221; global_colors_info=&#8221;{}&#8221;][et_pb_heading title=&#8221;ITSEKULKEVAT VAUNUT&#8221; _builder_version=&#8221;4.24.2&#8243; _module_preset=&#8221;c9a4dd29-8345-43ea-bd4d-e73ae35e5717&#8243; hover_enabled=&#8221;0&#8243; global_colors_info=&#8221;{}&#8221; sticky_enabled=&#8221;0&#8243;][\/et_pb_heading][et_pb_text _builder_version=&#8221;4.24.2&#8243; _module_preset=&#8221;e179c0c4-c115-407d-a110-ebe813713cd6&#8243; custom_padding=&#8221;|90px||90px|false|false&#8221; custom_padding_tablet=&#8221;|20px||20px|false|false&#8221; custom_padding_phone=&#8221;|0px||0px|false|false&#8221; custom_padding_last_edited=&#8221;on|tablet&#8221; hover_enabled=&#8221;0&#8243; locked=&#8221;off&#8221; global_colors_info=&#8221;{}&#8221; sticky_enabled=&#8221;0&#8243;]<p><strong>Lent\u00e4minen on yht\u00e4 helppoa kuin py\u00f6r\u00e4ll\u00e4 ajaminen!<\/strong><\/p>[\/et_pb_text][\/et_pb_column][\/et_pb_row][et_pb_row column_structure=&#8221;1_2,1_2&#8243; use_custom_gutter=&#8221;on&#8221; gutter_width=&#8221;1&#8243; make_equal=&#8221;on&#8221; admin_label=&#8221;Card Image Right&#8221; _builder_version=&#8221;4.24.2&#8243; _module_preset=&#8221;default&#8221; background_color=&#8221;#FFFFFF&#8221; custom_margin=&#8221;25px||25px||false|false&#8221; custom_padding=&#8221;0px||0px||false|false&#8221; border_radii=&#8221;on|20px|20px|20px|20px&#8221; global_colors_info=&#8221;{}&#8221; custom_css_main_element_last_edited=&#8221;on|tablet&#8221;][et_pb_column type=&#8221;1_2&#8243; _builder_version=&#8221;4.24.2&#8243; _module_preset=&#8221;default&#8221; custom_padding=&#8221;|30px||30px|false|false&#8221; global_colors_info=&#8221;{}&#8221;][et_pb_text _builder_version=&#8221;4.24.2&#8243; _module_preset=&#8221;e179c0c4-c115-407d-a110-ebe813713cd6&#8243; custom_margin=&#8221;|0px|||false|false&#8221; custom_padding=&#8221;60px||30px|0px|false|false&#8221; hover_enabled=&#8221;0&#8243; global_colors_info=&#8221;{}&#8221; sticky_enabled=&#8221;0&#8243;]Keksinn\u00f6t ovat kuin Tallinna: kaupunki, joka ei valmistu koskaan. Polkupy\u00f6rist\u00e4 tuli suosittuja 1800-luvun lopussa, ja 1890-luku tunnetaankin varsinaisena polkupy\u00f6rien kultaisena vuosikymmenen\u00e4. Polkupy\u00f6r\u00e4 oli er\u00e4s parhaita yhden ihmisen kulkupelej\u00e4 ennen autoa. Ei siis ole mik\u00e4\u00e4n ihme, ett\u00e4 polkupy\u00f6r\u00e4\u00e4 ryhdyttiin parantelemaan\u2026\n\nEr\u00e4s korkealentoisimmista ideoista oli nostaa polkupy\u00f6r\u00e4 ilmaan potkurin avulla teiden ep\u00e4tasaisuuksien ja kuoppien v\u00e4ltt\u00e4miseksi. Keksint\u00f6tehtaassa voit ajella juuri t\u00e4llaisella polkupy\u00f6r\u00e4ll\u00e4! VR-lasien avulla nouset korkealle teollisuuskaupungin ylle, ja ilmojen postiljoonin tapaan voit noukkia talojen v\u00e4liss\u00e4 leijuvia kirjeit\u00e4. Muista, ett\u00e4 my\u00f6s yl\u00e4ilmoissa on tarkkailtava muuta liikennett\u00e4![\/et_pb_text][\/et_pb_column][et_pb_column type=&#8221;1_2&#8243; _builder_version=&#8221;4.24.2&#8243; _module_preset=&#8221;default&#8221; global_colors_info=&#8221;{}&#8221;][et_pb_image src=&#8221;https:\/\/www.prototehas.ee\/wp-content\/uploads\/2024\/06\/pildid_veebi_519x519px26.png&#8221; alt=&#8221;Ises\u00f5itev vanker PROTO avastustehases&#8221; title_text=&#8221;Ises\u00f5itev vanker&#8221; show_bottom_space=&#8221;off&#8221; module_class=&#8221;pa-full-height-image-column&#8221; _builder_version=&#8221;4.24.2&#8243; _module_preset=&#8221;default&#8221; height=&#8221;100%&#8221; global_colors_info=&#8221;{}&#8221;][\/et_pb_image][\/et_pb_column][\/et_pb_row][et_pb_row column_structure=&#8221;1_2,1_2&#8243; use_custom_gutter=&#8221;on&#8221; gutter_width=&#8221;2&#8243; _builder_version=&#8221;4.24.2&#8243; _module_preset=&#8221;default&#8221; width=&#8221;95%&#8221; custom_margin=&#8221;||||false|false&#8221; locked=&#8221;off&#8221; global_colors_info=&#8221;{}&#8221;][et_pb_column type=&#8221;1_2&#8243; _builder_version=&#8221;4.24.2&#8243; _module_preset=&#8221;default&#8221; global_colors_info=&#8221;{}&#8221;][et_pb_blurb title=&#8221;Keksint\u00f6tyyppi&#8221; _builder_version=&#8221;4.24.2&#8243; _module_preset=&#8221;481f6fb3-e1ad-4711-b65b-226135c026c0&#8243; global_colors_info=&#8221;{}&#8221;]<p>Virtuaalitodellisuus<\/p>[\/et_pb_blurb][et_pb_blurb title=&#8221;Vaikeusaste&#8221; _builder_version=&#8221;4.24.2&#8243; _module_preset=&#8221;481f6fb3-e1ad-4711-b65b-226135c026c0&#8243; custom_margin=&#8221;||||false|false&#8221; locked=&#8221;off&#8221; global_colors_info=&#8221;{}&#8221;]<p>Keskivaikea<\/p>[\/et_pb_blurb][et_pb_blurb title=&#8221;SUURIN SALLITTU OSALLISTUJAM\u00c4\u00c4R\u00c4&#8221; _builder_version=&#8221;4.24.2&#8243; _module_preset=&#8221;481f6fb3-e1ad-4711-b65b-226135c026c0&#8243; custom_margin=&#8221;34px||||false|false&#8221; locked=&#8221;off&#8221; global_colors_info=&#8221;{}&#8221;]<p>4<\/p>[\/et_pb_blurb][\/et_pb_column][et_pb_column type=&#8221;1_2&#8243; _builder_version=&#8221;4.24.2&#8243; _module_preset=&#8221;default&#8221; global_colors_info=&#8221;{}&#8221;][et_pb_blurb title=&#8221;Kest\u00e4vyys&#8221; _builder_version=&#8221;4.24.2&#8243; _module_preset=&#8221;481f6fb3-e1ad-4711-b65b-226135c026c0&#8243; custom_margin=&#8221;||||false|false&#8221; locked=&#8221;off&#8221; global_colors_info=&#8221;{}&#8221;]<p>180 sek<\/p>[\/et_pb_blurb][et_pb_blurb title=&#8221;PISTEYTYS&#8221; _builder_version=&#8221;4.24.2&#8243; _module_preset=&#8221;481f6fb3-e1ad-4711-b65b-226135c026c0&#8243; custom_margin=&#8221;30px||25px||false|false&#8221; global_colors_info=&#8221;{}&#8221;]<p>Kyll\u00e4<\/p>[\/et_pb_blurb][et_pb_blurb title=&#8221;IK\u00c4RAJA&#8221; _builder_version=&#8221;4.24.2&#8243; _module_preset=&#8221;481f6fb3-e1ad-4711-b65b-226135c026c0&#8243; custom_margin=&#8221;30px||25px||false|false&#8221; global_colors_info=&#8221;{}&#8221;]<p>10+<\/p>[\/et_pb_blurb][\/et_pb_column][\/et_pb_row][\/et_pb_section]<span class=\"et_bloom_bottom_trigger\"><\/span>","protected":false},"excerpt":{"rendered":"<p>Lent\u00e4minen on yht\u00e4 helppoa kuin py\u00f6r\u00e4ll\u00e4 ajaminen!Keksinn\u00f6t ovat kuin Tallinna: kaupunki, joka ei valmistu koskaan. Polkupy\u00f6rist\u00e4 tuli suosittuja 1800-luvun lopussa, ja 1890-luku tunnetaankin varsinaisena polkupy\u00f6rien kultaisena vuosikymmenen\u00e4. Polkupy\u00f6r\u00e4 oli er\u00e4s parhaita yhden ihmisen kulkupelej\u00e4 ennen autoa. Ei siis ole mik\u00e4\u00e4n ihme, ett\u00e4 polkupy\u00f6r\u00e4\u00e4 ryhdyttiin parantelemaan\u2026 Er\u00e4s korkealentoisimmista ideoista oli nostaa polkupy\u00f6r\u00e4 ilmaan potkurin avulla teiden [&hellip;]<\/p>\n","protected":false},"author":15,"featured_media":0,"parent":0,"menu_order":0,"comment_status":"closed","ping_status":"closed","template":"","meta":{"_acf_changed":false,"_et_pb_use_builder":"on","_et_pb_old_content":"","_et_gb_content_width":"","inline_featured_image":false,"footnotes":""},"class_list":["post-10860","page","type-page","status-publish","hentry"],"acf":[],"yoast_head":"<!-- This site is optimized with the Yoast SEO plugin v26.9 - https:\/\/yoast.com\/product\/yoast-seo-wordpress\/ -->\n<title>ITSEKULKEVAT VAUNUT - PROTO avastustehas<\/title>\n<meta name=\"robots\" content=\"index, follow, max-snippet:-1, max-image-preview:large, max-video-preview:-1\" \/>\n<link rel=\"canonical\" href=\"https:\/\/www.prototehas.ee\/fi\/itsekulkevat-vaunut\/\" \/>\n<meta property=\"og:locale\" content=\"fi_FI\" \/>\n<meta property=\"og:type\" content=\"article\" \/>\n<meta property=\"og:title\" content=\"ITSEKULKEVAT VAUNUT - PROTO avastustehas\" \/>\n<meta property=\"og:description\" content=\"Lent\u00e4minen on yht\u00e4 helppoa kuin py\u00f6r\u00e4ll\u00e4 ajaminen!Keksinn\u00f6t ovat kuin Tallinna: kaupunki, joka ei valmistu koskaan. Polkupy\u00f6rist\u00e4 tuli suosittuja 1800-luvun lopussa, ja 1890-luku tunnetaankin varsinaisena polkupy\u00f6rien kultaisena vuosikymmenen\u00e4. Polkupy\u00f6r\u00e4 oli er\u00e4s parhaita yhden ihmisen kulkupelej\u00e4 ennen autoa. Ei siis ole mik\u00e4\u00e4n ihme, ett\u00e4 polkupy\u00f6r\u00e4\u00e4 ryhdyttiin parantelemaan\u2026 Er\u00e4s korkealentoisimmista ideoista oli nostaa polkupy\u00f6r\u00e4 ilmaan potkurin avulla teiden [&hellip;]\" \/>\n<meta property=\"og:url\" content=\"https:\/\/www.prototehas.ee\/fi\/itsekulkevat-vaunut\/\" \/>\n<meta property=\"og:site_name\" content=\"PROTO avastustehas\" \/>\n<meta property=\"article:publisher\" content=\"https:\/\/www.facebook.com\/prototehas\/\" \/>\n<meta property=\"article:modified_time\" content=\"2024-06-21T14:42:27+00:00\" \/>\n<meta name=\"twitter:card\" content=\"summary_large_image\" \/>\n<meta name=\"twitter:label1\" content=\"Arvioitu lukuaika\" \/>\n\t<meta name=\"twitter:data1\" content=\"2 minuuttia\" \/>\n<script type=\"application\/ld+json\" class=\"yoast-schema-graph\">{\"@context\":\"https:\/\/schema.org\",\"@graph\":[{\"@type\":\"WebPage\",\"@id\":\"https:\/\/www.prototehas.ee\/fi\/itsekulkevat-vaunut\/\",\"url\":\"https:\/\/www.prototehas.ee\/fi\/itsekulkevat-vaunut\/\",\"name\":\"ITSEKULKEVAT VAUNUT - PROTO avastustehas\",\"isPartOf\":{\"@id\":\"https:\/\/www.prototehas.ee\/fi\/#website\"},\"datePublished\":\"2020-11-04T07:19:34+00:00\",\"dateModified\":\"2024-06-21T14:42:27+00:00\",\"breadcrumb\":{\"@id\":\"https:\/\/www.prototehas.ee\/fi\/itsekulkevat-vaunut\/#breadcrumb\"},\"inLanguage\":\"fi\",\"potentialAction\":[{\"@type\":\"ReadAction\",\"target\":[\"https:\/\/www.prototehas.ee\/fi\/itsekulkevat-vaunut\/\"]}]},{\"@type\":\"BreadcrumbList\",\"@id\":\"https:\/\/www.prototehas.ee\/fi\/itsekulkevat-vaunut\/#breadcrumb\",\"itemListElement\":[{\"@type\":\"ListItem\",\"position\":1,\"name\":\"Avaleht\",\"item\":\"https:\/\/www.prototehas.ee\/fi\/\"},{\"@type\":\"ListItem\",\"position\":2,\"name\":\"ITSEKULKEVAT VAUNUT\"}]},{\"@type\":\"WebSite\",\"@id\":\"https:\/\/www.prototehas.ee\/fi\/#website\",\"url\":\"https:\/\/www.prototehas.ee\/fi\/\",\"name\":\"PROTO avastustehas\",\"description\":\"Where science meets fantasy\",\"publisher\":{\"@id\":\"https:\/\/www.prototehas.ee\/fi\/#organization\"},\"potentialAction\":[{\"@type\":\"SearchAction\",\"target\":{\"@type\":\"EntryPoint\",\"urlTemplate\":\"https:\/\/www.prototehas.ee\/fi\/?s={search_term_string}\"},\"query-input\":{\"@type\":\"PropertyValueSpecification\",\"valueRequired\":true,\"valueName\":\"search_term_string\"}}],\"inLanguage\":\"fi\"},{\"@type\":\"Organization\",\"@id\":\"https:\/\/www.prototehas.ee\/fi\/#organization\",\"name\":\"PROTO avastustehas\",\"url\":\"https:\/\/www.prototehas.ee\/fi\/\",\"logo\":{\"@type\":\"ImageObject\",\"inLanguage\":\"fi\",\"@id\":\"https:\/\/www.prototehas.ee\/fi\/#\/schema\/logo\/image\/\",\"url\":\"https:\/\/www.prototehas.ee\/wp-content\/uploads\/2019\/10\/prototehas_logo_et_2.svg\",\"contentUrl\":\"https:\/\/www.prototehas.ee\/wp-content\/uploads\/2019\/10\/prototehas_logo_et_2.svg\",\"width\":100,\"height\":100,\"caption\":\"PROTO avastustehas\"},\"image\":{\"@id\":\"https:\/\/www.prototehas.ee\/fi\/#\/schema\/logo\/image\/\"},\"sameAs\":[\"https:\/\/www.facebook.com\/prototehas\/\"]}]}<\/script>\n<!-- \/ Yoast SEO plugin. -->","yoast_head_json":{"title":"ITSEKULKEVAT VAUNUT - PROTO avastustehas","robots":{"index":"index","follow":"follow","max-snippet":"max-snippet:-1","max-image-preview":"max-image-preview:large","max-video-preview":"max-video-preview:-1"},"canonical":"https:\/\/www.prototehas.ee\/fi\/itsekulkevat-vaunut\/","og_locale":"fi_FI","og_type":"article","og_title":"ITSEKULKEVAT VAUNUT - PROTO avastustehas","og_description":"Lent\u00e4minen on yht\u00e4 helppoa kuin py\u00f6r\u00e4ll\u00e4 ajaminen!Keksinn\u00f6t ovat kuin Tallinna: kaupunki, joka ei valmistu koskaan. Polkupy\u00f6rist\u00e4 tuli suosittuja 1800-luvun lopussa, ja 1890-luku tunnetaankin varsinaisena polkupy\u00f6rien kultaisena vuosikymmenen\u00e4. Polkupy\u00f6r\u00e4 oli er\u00e4s parhaita yhden ihmisen kulkupelej\u00e4 ennen autoa. Ei siis ole mik\u00e4\u00e4n ihme, ett\u00e4 polkupy\u00f6r\u00e4\u00e4 ryhdyttiin parantelemaan\u2026 Er\u00e4s korkealentoisimmista ideoista oli nostaa polkupy\u00f6r\u00e4 ilmaan potkurin avulla teiden [&hellip;]","og_url":"https:\/\/www.prototehas.ee\/fi\/itsekulkevat-vaunut\/","og_site_name":"PROTO avastustehas","article_publisher":"https:\/\/www.facebook.com\/prototehas\/","article_modified_time":"2024-06-21T14:42:27+00:00","twitter_card":"summary_large_image","twitter_misc":{"Arvioitu lukuaika":"2 minuuttia"},"schema":{"@context":"https:\/\/schema.org","@graph":[{"@type":"WebPage","@id":"https:\/\/www.prototehas.ee\/fi\/itsekulkevat-vaunut\/","url":"https:\/\/www.prototehas.ee\/fi\/itsekulkevat-vaunut\/","name":"ITSEKULKEVAT VAUNUT - PROTO avastustehas","isPartOf":{"@id":"https:\/\/www.prototehas.ee\/fi\/#website"},"datePublished":"2020-11-04T07:19:34+00:00","dateModified":"2024-06-21T14:42:27+00:00","breadcrumb":{"@id":"https:\/\/www.prototehas.ee\/fi\/itsekulkevat-vaunut\/#breadcrumb"},"inLanguage":"fi","potentialAction":[{"@type":"ReadAction","target":["https:\/\/www.prototehas.ee\/fi\/itsekulkevat-vaunut\/"]}]},{"@type":"BreadcrumbList","@id":"https:\/\/www.prototehas.ee\/fi\/itsekulkevat-vaunut\/#breadcrumb","itemListElement":[{"@type":"ListItem","position":1,"name":"Avaleht","item":"https:\/\/www.prototehas.ee\/fi\/"},{"@type":"ListItem","position":2,"name":"ITSEKULKEVAT VAUNUT"}]},{"@type":"WebSite","@id":"https:\/\/www.prototehas.ee\/fi\/#website","url":"https:\/\/www.prototehas.ee\/fi\/","name":"PROTO avastustehas","description":"Where science meets fantasy","publisher":{"@id":"https:\/\/www.prototehas.ee\/fi\/#organization"},"potentialAction":[{"@type":"SearchAction","target":{"@type":"EntryPoint","urlTemplate":"https:\/\/www.prototehas.ee\/fi\/?s={search_term_string}"},"query-input":{"@type":"PropertyValueSpecification","valueRequired":true,"valueName":"search_term_string"}}],"inLanguage":"fi"},{"@type":"Organization","@id":"https:\/\/www.prototehas.ee\/fi\/#organization","name":"PROTO avastustehas","url":"https:\/\/www.prototehas.ee\/fi\/","logo":{"@type":"ImageObject","inLanguage":"fi","@id":"https:\/\/www.prototehas.ee\/fi\/#\/schema\/logo\/image\/","url":"https:\/\/www.prototehas.ee\/wp-content\/uploads\/2019\/10\/prototehas_logo_et_2.svg","contentUrl":"https:\/\/www.prototehas.ee\/wp-content\/uploads\/2019\/10\/prototehas_logo_et_2.svg","width":100,"height":100,"caption":"PROTO avastustehas"},"image":{"@id":"https:\/\/www.prototehas.ee\/fi\/#\/schema\/logo\/image\/"},"sameAs":["https:\/\/www.facebook.com\/prototehas\/"]}]}},"_links":{"self":[{"href":"https:\/\/www.prototehas.ee\/fi\/wp-json\/wp\/v2\/pages\/10860","targetHints":{"allow":["GET"]}}],"collection":[{"href":"https:\/\/www.prototehas.ee\/fi\/wp-json\/wp\/v2\/pages"}],"about":[{"href":"https:\/\/www.prototehas.ee\/fi\/wp-json\/wp\/v2\/types\/page"}],"author":[{"embeddable":true,"href":"https:\/\/www.prototehas.ee\/fi\/wp-json\/wp\/v2\/users\/15"}],"replies":[{"embeddable":true,"href":"https:\/\/www.prototehas.ee\/fi\/wp-json\/wp\/v2\/comments?post=10860"}],"version-history":[{"count":3,"href":"https:\/\/www.prototehas.ee\/fi\/wp-json\/wp\/v2\/pages\/10860\/revisions"}],"predecessor-version":[{"id":29344,"href":"https:\/\/www.prototehas.ee\/fi\/wp-json\/wp\/v2\/pages\/10860\/revisions\/29344"}],"wp:attachment":[{"href":"https:\/\/www.prototehas.ee\/fi\/wp-json\/wp\/v2\/media?parent=10860"}],"curies":[{"name":"wp","href":"https:\/\/api.w.org\/{rel}","templated":true}]}}