{"id":11094,"date":"2020-11-05T17:58:04","date_gmt":"2020-11-05T17:58:04","guid":{"rendered":"http:\/\/protodev.ee\/?page_id=11094"},"modified":"2024-06-23T15:25:58","modified_gmt":"2024-06-23T15:25:58","slug":"ukkospiano","status":"publish","type":"page","link":"https:\/\/www.prototehas.ee\/fi\/ukkospiano\/","title":{"rendered":"UKKOSPIANO"},"content":{"rendered":"[et_pb_section fb_built=&#8221;1&#8243; _builder_version=&#8221;4.16&#8243; background_color=&#8221;#fff0d9&#8243; background_enable_image=&#8221;off&#8221; custom_padding=&#8221;54px|||||&#8221; locked=&#8221;off&#8221; global_colors_info=&#8221;{}&#8221;][et_pb_row admin_label=&#8221;Main heading&#8221; _builder_version=&#8221;4.24.2&#8243; _module_preset=&#8221;default&#8221; global_colors_info=&#8221;{}&#8221;][et_pb_column type=&#8221;4_4&#8243; _builder_version=&#8221;4.24.2&#8243; _module_preset=&#8221;default&#8221; global_colors_info=&#8221;{}&#8221;][et_pb_heading title=&#8221;UKKOSPIANO&#8221; _builder_version=&#8221;4.24.2&#8243; _module_preset=&#8221;c9a4dd29-8345-43ea-bd4d-e73ae35e5717&#8243; global_colors_info=&#8221;{}&#8221;][\/et_pb_heading][et_pb_text _builder_version=&#8221;4.24.2&#8243; _module_preset=&#8221;e179c0c4-c115-407d-a110-ebe813713cd6&#8243; custom_padding=&#8221;|90px||90px|false|false&#8221; custom_padding_tablet=&#8221;|20px||20px|false|false&#8221; custom_padding_phone=&#8221;|0px||0px|false|false&#8221; custom_padding_last_edited=&#8221;on|tablet&#8221; hover_enabled=&#8221;0&#8243; locked=&#8221;off&#8221; global_colors_info=&#8221;{}&#8221; sticky_enabled=&#8221;0&#8243;]<p style=\"text-align: center;\"><strong>Milt\u00e4 500 000 voltin s\u00e4hk\u00f6j\u00e4nnite kuulostaa? Istu pianon \u00e4\u00e4reen ja kokeile!<\/strong><\/p>[\/et_pb_text][\/et_pb_column][\/et_pb_row][et_pb_row column_structure=&#8221;1_2,1_2&#8243; use_custom_gutter=&#8221;on&#8221; gutter_width=&#8221;1&#8243; make_equal=&#8221;on&#8221; admin_label=&#8221;Card Image Right&#8221; _builder_version=&#8221;4.24.2&#8243; _module_preset=&#8221;default&#8221; background_color=&#8221;#FFFFFF&#8221; custom_margin=&#8221;25px||25px||false|false&#8221; custom_padding=&#8221;0px||0px||false|false&#8221; border_radii=&#8221;on|20px|20px|20px|20px&#8221; global_colors_info=&#8221;{}&#8221; custom_css_main_element_last_edited=&#8221;on|tablet&#8221;][et_pb_column type=&#8221;1_2&#8243; _builder_version=&#8221;4.24.2&#8243; _module_preset=&#8221;default&#8221; custom_padding=&#8221;|30px||30px|false|false&#8221; global_colors_info=&#8221;{}&#8221;][et_pb_text _builder_version=&#8221;4.24.2&#8243; _module_preset=&#8221;e179c0c4-c115-407d-a110-ebe813713cd6&#8243; custom_margin=&#8221;|0px|||false|false&#8221; custom_padding=&#8221;60px||30px|0px|false|false&#8221; global_colors_info=&#8221;{}&#8221;]Thomas Alva Edisonin keksim\u00e4 s\u00e4hk\u00f6lamppu ja ensimm\u00e4inen s\u00e4hk\u00f6verkko muuttivat peruuttamattomasti tapaamme kuluttaa energiaa. S\u00e4hk\u00f6n voittokulku oli alkanut, ja uudet havainnot sek\u00e4 keksinn\u00f6t seurasivat toistaan. Esimerkiksi Nikola Teslan keksim\u00e4 teslamuuntaja pystyy tuottamaan jopa 500 000 voltin s\u00e4hk\u00f6j\u00e4nnitteen.\n\n\nS\u00e4hk\u00f6n ensisijainen tarkoitus on toimia erilaisten laitteiden virtal\u00e4hteen\u00e4, mutta s\u00e4hk\u00f6ll\u00e4 voidaan tehd\u00e4 my\u00f6s kaikenlaista muuta hauskaa. Esimerkiksi s\u00e4hk\u00f6 kuulostaa erilaiselta eri taajuuksilla, ja n\u00e4it\u00e4 taajuuksia voidaan my\u00f6s muuttaa. Keksij\u00e4t ovatkin kehitt\u00e4neet urkuja muistuttavan pianon, joka on kytketty teslamuuntajaan. Istu pianon \u00e4\u00e4reen, paina koskettimia ja kuulet miten korkeaj\u00e4nnite laulaa![\/et_pb_text][\/et_pb_column][et_pb_column type=&#8221;1_2&#8243; _builder_version=&#8221;4.24.2&#8243; _module_preset=&#8221;default&#8221; global_colors_info=&#8221;{}&#8221;][et_pb_image src=&#8221;https:\/\/www.prototehas.ee\/wp-content\/uploads\/2024\/05\/E21-Aikseline-klaver_Triin-Raa.jpeg&#8221; alt=&#8221;\u00c4ikeseline klaver ehk v\u00e4lkorel&#8221; title_text=&#8221;\u00c4ikeseline klaver&#8221; show_bottom_space=&#8221;off&#8221; module_class=&#8221;pa-full-height-image-column&#8221; _builder_version=&#8221;4.24.2&#8243; _module_preset=&#8221;default&#8221; height=&#8221;100%&#8221; global_colors_info=&#8221;{}&#8221;][\/et_pb_image][\/et_pb_column][\/et_pb_row][et_pb_row column_structure=&#8221;1_2,1_2&#8243; use_custom_gutter=&#8221;on&#8221; gutter_width=&#8221;2&#8243; _builder_version=&#8221;4.24.2&#8243; _module_preset=&#8221;default&#8221; width=&#8221;95%&#8221; custom_margin=&#8221;||||false|false&#8221; locked=&#8221;off&#8221; global_colors_info=&#8221;{}&#8221;][et_pb_column type=&#8221;1_2&#8243; _builder_version=&#8221;4.24.2&#8243; _module_preset=&#8221;default&#8221; global_colors_info=&#8221;{}&#8221;][et_pb_blurb title=&#8221;KEKSINN\u00d6N LAJI&#8221; _builder_version=&#8221;4.24.2&#8243; _module_preset=&#8221;481f6fb3-e1ad-4711-b65b-226135c026c0&#8243; global_colors_info=&#8221;{}&#8221;]KOKEILE ITSE\r[\/et_pb_blurb][et_pb_blurb title=&#8221;VAATIVUUSTASO&#8221; _builder_version=&#8221;4.24.2&#8243; _module_preset=&#8221;481f6fb3-e1ad-4711-b65b-226135c026c0&#8243; custom_margin=&#8221;||||false|false&#8221; locked=&#8221;off&#8221; global_colors_info=&#8221;{}&#8221;]HELPPO\r[\/et_pb_blurb][et_pb_blurb title=&#8221;SUURIN SALLITTU OSALLISTUJAM\u00c4\u00c4R\u00c4&#8221; _builder_version=&#8221;4.24.2&#8243; _module_preset=&#8221;481f6fb3-e1ad-4711-b65b-226135c026c0&#8243; custom_margin=&#8221;34px||||false|false&#8221; locked=&#8221;off&#8221; global_colors_info=&#8221;{}&#8221;]2\r[\/et_pb_blurb][\/et_pb_column][et_pb_column type=&#8221;1_2&#8243; _builder_version=&#8221;4.24.2&#8243; _module_preset=&#8221;default&#8221; global_colors_info=&#8221;{}&#8221;][et_pb_blurb title=&#8221;KESTO&#8221; _builder_version=&#8221;4.24.2&#8243; _module_preset=&#8221;481f6fb3-e1ad-4711-b65b-226135c026c0&#8243; custom_margin=&#8221;||||false|false&#8221; locked=&#8221;off&#8221; global_colors_info=&#8221;{}&#8221;]240 s\r[\/et_pb_blurb][et_pb_blurb title=&#8221;PISTEYTYS&#8221; _builder_version=&#8221;4.24.2&#8243; _module_preset=&#8221;481f6fb3-e1ad-4711-b65b-226135c026c0&#8243; custom_margin=&#8221;30px||25px||false|false&#8221; global_colors_info=&#8221;{}&#8221;]EI\r[\/et_pb_blurb][et_pb_blurb title=&#8221;IK\u00c4RAJA&#8221; _builder_version=&#8221;4.24.2&#8243; _module_preset=&#8221;481f6fb3-e1ad-4711-b65b-226135c026c0&#8243; custom_margin=&#8221;34px||25px||false|false&#8221; global_colors_info=&#8221;{}&#8221;]5+\r[\/et_pb_blurb][\/et_pb_column][\/et_pb_row][\/et_pb_section]<span class=\"et_bloom_bottom_trigger\"><\/span>","protected":false},"excerpt":{"rendered":"<p>Milt\u00e4 500 000 voltin s\u00e4hk\u00f6j\u00e4nnite kuulostaa? Istu pianon \u00e4\u00e4reen ja kokeile!Thomas Alva Edisonin keksim\u00e4 s\u00e4hk\u00f6lamppu ja ensimm\u00e4inen s\u00e4hk\u00f6verkko muuttivat peruuttamattomasti tapaamme kuluttaa energiaa. S\u00e4hk\u00f6n voittokulku oli alkanut, ja uudet havainnot sek\u00e4 keksinn\u00f6t seurasivat toistaan. Esimerkiksi Nikola Teslan keksim\u00e4 teslamuuntaja pystyy tuottamaan jopa 500 000 voltin s\u00e4hk\u00f6j\u00e4nnitteen. S\u00e4hk\u00f6n ensisijainen tarkoitus on toimia erilaisten laitteiden virtal\u00e4hteen\u00e4, mutta [&hellip;]<\/p>\n","protected":false},"author":15,"featured_media":0,"parent":0,"menu_order":0,"comment_status":"closed","ping_status":"closed","template":"","meta":{"_acf_changed":false,"_et_pb_use_builder":"on","_et_pb_old_content":"","_et_gb_content_width":"","inline_featured_image":false,"footnotes":""},"class_list":["post-11094","page","type-page","status-publish","hentry"],"acf":[],"yoast_head":"<!-- This site is optimized with the Yoast SEO plugin v26.9 - https:\/\/yoast.com\/product\/yoast-seo-wordpress\/ -->\n<title>UKKOSPIANO - PROTO avastustehas<\/title>\n<meta name=\"description\" content=\"Koge k\u00f5rgepingeelektri v\u00f5lu V\u00e4lkorelil PROTO avastustehases. Istu klaveri taha, m\u00e4ngi ja kuula, kuidas elekter heliseb.\" \/>\n<meta name=\"robots\" content=\"index, follow, max-snippet:-1, max-image-preview:large, max-video-preview:-1\" \/>\n<link rel=\"canonical\" href=\"https:\/\/www.prototehas.ee\/fi\/ukkospiano\/\" \/>\n<meta property=\"og:locale\" content=\"fi_FI\" \/>\n<meta property=\"og:type\" content=\"article\" \/>\n<meta property=\"og:title\" content=\"UKKOSPIANO - PROTO avastustehas\" \/>\n<meta property=\"og:description\" content=\"Koge k\u00f5rgepingeelektri v\u00f5lu V\u00e4lkorelil PROTO avastustehases. Istu klaveri taha, m\u00e4ngi ja kuula, kuidas elekter heliseb.\" \/>\n<meta property=\"og:url\" content=\"https:\/\/www.prototehas.ee\/fi\/ukkospiano\/\" \/>\n<meta property=\"og:site_name\" content=\"PROTO avastustehas\" \/>\n<meta property=\"article:publisher\" content=\"https:\/\/www.facebook.com\/prototehas\/\" \/>\n<meta property=\"article:modified_time\" content=\"2024-06-23T15:25:58+00:00\" \/>\n<meta name=\"twitter:card\" content=\"summary_large_image\" \/>\n<meta name=\"twitter:label1\" content=\"Arvioitu lukuaika\" \/>\n\t<meta name=\"twitter:data1\" content=\"2 minuuttia\" \/>\n<script type=\"application\/ld+json\" class=\"yoast-schema-graph\">{\"@context\":\"https:\/\/schema.org\",\"@graph\":[{\"@type\":\"WebPage\",\"@id\":\"https:\/\/www.prototehas.ee\/fi\/ukkospiano\/\",\"url\":\"https:\/\/www.prototehas.ee\/fi\/ukkospiano\/\",\"name\":\"UKKOSPIANO - PROTO avastustehas\",\"isPartOf\":{\"@id\":\"https:\/\/www.prototehas.ee\/fi\/#website\"},\"datePublished\":\"2020-11-05T17:58:04+00:00\",\"dateModified\":\"2024-06-23T15:25:58+00:00\",\"description\":\"Koge k\u00f5rgepingeelektri v\u00f5lu V\u00e4lkorelil PROTO avastustehases. Istu klaveri taha, m\u00e4ngi ja kuula, kuidas elekter heliseb.\",\"breadcrumb\":{\"@id\":\"https:\/\/www.prototehas.ee\/fi\/ukkospiano\/#breadcrumb\"},\"inLanguage\":\"fi\",\"potentialAction\":[{\"@type\":\"ReadAction\",\"target\":[\"https:\/\/www.prototehas.ee\/fi\/ukkospiano\/\"]}]},{\"@type\":\"BreadcrumbList\",\"@id\":\"https:\/\/www.prototehas.ee\/fi\/ukkospiano\/#breadcrumb\",\"itemListElement\":[{\"@type\":\"ListItem\",\"position\":1,\"name\":\"Avaleht\",\"item\":\"https:\/\/www.prototehas.ee\/fi\/\"},{\"@type\":\"ListItem\",\"position\":2,\"name\":\"UKKOSPIANO\"}]},{\"@type\":\"WebSite\",\"@id\":\"https:\/\/www.prototehas.ee\/fi\/#website\",\"url\":\"https:\/\/www.prototehas.ee\/fi\/\",\"name\":\"PROTO avastustehas\",\"description\":\"Where science meets fantasy\",\"publisher\":{\"@id\":\"https:\/\/www.prototehas.ee\/fi\/#organization\"},\"potentialAction\":[{\"@type\":\"SearchAction\",\"target\":{\"@type\":\"EntryPoint\",\"urlTemplate\":\"https:\/\/www.prototehas.ee\/fi\/?s={search_term_string}\"},\"query-input\":{\"@type\":\"PropertyValueSpecification\",\"valueRequired\":true,\"valueName\":\"search_term_string\"}}],\"inLanguage\":\"fi\"},{\"@type\":\"Organization\",\"@id\":\"https:\/\/www.prototehas.ee\/fi\/#organization\",\"name\":\"PROTO avastustehas\",\"url\":\"https:\/\/www.prototehas.ee\/fi\/\",\"logo\":{\"@type\":\"ImageObject\",\"inLanguage\":\"fi\",\"@id\":\"https:\/\/www.prototehas.ee\/fi\/#\/schema\/logo\/image\/\",\"url\":\"https:\/\/www.prototehas.ee\/wp-content\/uploads\/2019\/10\/prototehas_logo_et_2.svg\",\"contentUrl\":\"https:\/\/www.prototehas.ee\/wp-content\/uploads\/2019\/10\/prototehas_logo_et_2.svg\",\"width\":100,\"height\":100,\"caption\":\"PROTO avastustehas\"},\"image\":{\"@id\":\"https:\/\/www.prototehas.ee\/fi\/#\/schema\/logo\/image\/\"},\"sameAs\":[\"https:\/\/www.facebook.com\/prototehas\/\"]}]}<\/script>\n<!-- \/ Yoast SEO plugin. -->","yoast_head_json":{"title":"UKKOSPIANO - PROTO avastustehas","description":"Koge k\u00f5rgepingeelektri v\u00f5lu V\u00e4lkorelil PROTO avastustehases. Istu klaveri taha, m\u00e4ngi ja kuula, kuidas elekter heliseb.","robots":{"index":"index","follow":"follow","max-snippet":"max-snippet:-1","max-image-preview":"max-image-preview:large","max-video-preview":"max-video-preview:-1"},"canonical":"https:\/\/www.prototehas.ee\/fi\/ukkospiano\/","og_locale":"fi_FI","og_type":"article","og_title":"UKKOSPIANO - PROTO avastustehas","og_description":"Koge k\u00f5rgepingeelektri v\u00f5lu V\u00e4lkorelil PROTO avastustehases. Istu klaveri taha, m\u00e4ngi ja kuula, kuidas elekter heliseb.","og_url":"https:\/\/www.prototehas.ee\/fi\/ukkospiano\/","og_site_name":"PROTO avastustehas","article_publisher":"https:\/\/www.facebook.com\/prototehas\/","article_modified_time":"2024-06-23T15:25:58+00:00","twitter_card":"summary_large_image","twitter_misc":{"Arvioitu lukuaika":"2 minuuttia"},"schema":{"@context":"https:\/\/schema.org","@graph":[{"@type":"WebPage","@id":"https:\/\/www.prototehas.ee\/fi\/ukkospiano\/","url":"https:\/\/www.prototehas.ee\/fi\/ukkospiano\/","name":"UKKOSPIANO - PROTO avastustehas","isPartOf":{"@id":"https:\/\/www.prototehas.ee\/fi\/#website"},"datePublished":"2020-11-05T17:58:04+00:00","dateModified":"2024-06-23T15:25:58+00:00","description":"Koge k\u00f5rgepingeelektri v\u00f5lu V\u00e4lkorelil PROTO avastustehases. Istu klaveri taha, m\u00e4ngi ja kuula, kuidas elekter heliseb.","breadcrumb":{"@id":"https:\/\/www.prototehas.ee\/fi\/ukkospiano\/#breadcrumb"},"inLanguage":"fi","potentialAction":[{"@type":"ReadAction","target":["https:\/\/www.prototehas.ee\/fi\/ukkospiano\/"]}]},{"@type":"BreadcrumbList","@id":"https:\/\/www.prototehas.ee\/fi\/ukkospiano\/#breadcrumb","itemListElement":[{"@type":"ListItem","position":1,"name":"Avaleht","item":"https:\/\/www.prototehas.ee\/fi\/"},{"@type":"ListItem","position":2,"name":"UKKOSPIANO"}]},{"@type":"WebSite","@id":"https:\/\/www.prototehas.ee\/fi\/#website","url":"https:\/\/www.prototehas.ee\/fi\/","name":"PROTO avastustehas","description":"Where science meets fantasy","publisher":{"@id":"https:\/\/www.prototehas.ee\/fi\/#organization"},"potentialAction":[{"@type":"SearchAction","target":{"@type":"EntryPoint","urlTemplate":"https:\/\/www.prototehas.ee\/fi\/?s={search_term_string}"},"query-input":{"@type":"PropertyValueSpecification","valueRequired":true,"valueName":"search_term_string"}}],"inLanguage":"fi"},{"@type":"Organization","@id":"https:\/\/www.prototehas.ee\/fi\/#organization","name":"PROTO avastustehas","url":"https:\/\/www.prototehas.ee\/fi\/","logo":{"@type":"ImageObject","inLanguage":"fi","@id":"https:\/\/www.prototehas.ee\/fi\/#\/schema\/logo\/image\/","url":"https:\/\/www.prototehas.ee\/wp-content\/uploads\/2019\/10\/prototehas_logo_et_2.svg","contentUrl":"https:\/\/www.prototehas.ee\/wp-content\/uploads\/2019\/10\/prototehas_logo_et_2.svg","width":100,"height":100,"caption":"PROTO avastustehas"},"image":{"@id":"https:\/\/www.prototehas.ee\/fi\/#\/schema\/logo\/image\/"},"sameAs":["https:\/\/www.facebook.com\/prototehas\/"]}]}},"_links":{"self":[{"href":"https:\/\/www.prototehas.ee\/fi\/wp-json\/wp\/v2\/pages\/11094","targetHints":{"allow":["GET"]}}],"collection":[{"href":"https:\/\/www.prototehas.ee\/fi\/wp-json\/wp\/v2\/pages"}],"about":[{"href":"https:\/\/www.prototehas.ee\/fi\/wp-json\/wp\/v2\/types\/page"}],"author":[{"embeddable":true,"href":"https:\/\/www.prototehas.ee\/fi\/wp-json\/wp\/v2\/users\/15"}],"replies":[{"embeddable":true,"href":"https:\/\/www.prototehas.ee\/fi\/wp-json\/wp\/v2\/comments?post=11094"}],"version-history":[{"count":5,"href":"https:\/\/www.prototehas.ee\/fi\/wp-json\/wp\/v2\/pages\/11094\/revisions"}],"predecessor-version":[{"id":29450,"href":"https:\/\/www.prototehas.ee\/fi\/wp-json\/wp\/v2\/pages\/11094\/revisions\/29450"}],"wp:attachment":[{"href":"https:\/\/www.prototehas.ee\/fi\/wp-json\/wp\/v2\/media?parent=11094"}],"curies":[{"name":"wp","href":"https:\/\/api.w.org\/{rel}","templated":true}]}}