{"id":16261,"date":"2023-06-13T12:26:13","date_gmt":"2023-06-13T12:26:13","guid":{"rendered":"http:\/\/protodev.ee\/?page_id=16261"},"modified":"2025-07-23T09:01:21","modified_gmt":"2025-07-23T09:01:21","slug":"kesaterassi","status":"publish","type":"page","link":"https:\/\/www.prototehas.ee\/fi\/kesaterassi\/","title":{"rendered":"PROTO KES\u00c4TERASSI"},"content":{"rendered":"[et_pb_section fb_built=&#8221;1&#8243; _builder_version=&#8221;4.16&#8243; background_image=&#8221;https:\/\/www.prototehas.ee\/wp-content\/uploads\/2023\/06\/WEW.png&#8221; custom_margin=&#8221;0px||||false|false&#8221; custom_padding=&#8221;13em||13em||true|false&#8221; global_colors_info=&#8221;{}&#8221;][\/et_pb_section][et_pb_section fb_built=&#8221;1&#8243; _builder_version=&#8221;4.16&#8243; background_color=&#8221;#fff0d9&#8243; background_enable_image=&#8221;off&#8221; global_colors_info=&#8221;{}&#8221;][et_pb_row admin_label=&#8221;P\u00e4\u00e4otsikko&#8221; _builder_version=&#8221;4.24.2&#8243; _module_preset=&#8221;default&#8221; global_colors_info=&#8221;{}&#8221;][et_pb_column type=&#8221;4_4&#8243; _builder_version=&#8221;4.24.2&#8243; _module_preset=&#8221;default&#8221; global_colors_info=&#8221;{}&#8221;][et_pb_heading title=&#8221;PROTO KES\u00c4TERASSI&#8221; _builder_version=&#8221;4.24.2&#8243; _module_preset=&#8221;c9a4dd29-8345-43ea-bd4d-e73ae35e5717&#8243; title_level=&#8221;h1&#8243; global_colors_info=&#8221;{}&#8221;][\/et_pb_heading][\/et_pb_column][\/et_pb_row][et_pb_row column_structure=&#8221;1_2,1_2&#8243; admin_label=&#8221;Kortin kuva vasemmalla&#8221; _builder_version=&#8221;4.24.2&#8243; _module_preset=&#8221;90498953-537a-45d8-96c9-83e32ef8ef4e&#8221; custom_margin=&#8221;25px||25px||false|false&#8221; saved_tabs=&#8221;all&#8221; global_colors_info=&#8221;{}&#8221;][et_pb_column type=&#8221;1_2&#8243; _builder_version=&#8221;4.24.2&#8243; _module_preset=&#8221;default&#8221; global_colors_info=&#8221;{}&#8221;][et_pb_image src=&#8221;https:\/\/www.prototehas.ee\/wp-content\/uploads\/2023\/06\/proto_markus-sein_7O6A3051-1-scaled.jpg&#8221; alt=&#8221;Etel\u00e4amerikkalaista ruokaa PROTO-kes\u00e4terassilla&#8221; title_text=&#8221;Proto kes\u00e4terassiateria&#8221; show_bottom_space=&#8221;off&#8221; module_class=&#8221;pa-full-height-image-column&#8221; _builder_version=&#8221;4.24.2&#8243; _module_preset=&#8221;default&#8221; global_colors_info=&#8221;{}&#8221;][\/et_pb_image][\/et_pb_column][et_pb_column type=&#8221;1_2&#8243; _builder_version=&#8221;4.24.2&#8243; _module_preset=&#8221;default&#8221; custom_padding=&#8221;|30px||30px|false|false&#8221; global_colors_info=&#8221;{}&#8221;][et_pb_text _builder_version=&#8221;4.24.2&#8243; _module_preset=&#8221;e179c0c4-c115-407d-a110-ebe813713cd6&#8243; custom_margin=&#8221;|0px|||false|false&#8221; custom_padding=&#8221;||30px|0px|false|false&#8221; hover_enabled=&#8221;0&#8243; global_colors_info=&#8221;{}&#8221; sticky_enabled=&#8221;0&#8243;]<p style=\"font-weight: 400;\"><strong><br \/>PROTOn kes\u00e4terassi<\/strong> kutsuu nauttimaan aidosta perulais- ja etel\u00e4amerikkalaisruoasta ja ammattitaidolla tehdyist\u00e4 cocktaileista.<\/p>\n<p style=\"font-weight: 400;\"><strong>Kokkimme<\/strong> on luonut <strong>poikkeuksellisen menun<\/strong> , joka tarjoaa kulinaarisia herkkuja suoraan <strong>Etel\u00e4-Amerikan<\/strong> syd\u00e4mest\u00e4. Olipa kyseess\u00e4 perinteinen ceviche, joka on valmistettu tuoreista merenel\u00e4vist\u00e4 tai t\u00e4ytel\u00e4isesti maustetut t\u00e4ytetyt perunat (Papa Rellena), ruokavalikoimamme vie sinut suoraan eksoottiseen kulinaariseen seikkailuun.<\/p>\n<p style=\"font-weight: 400;\"><strong>Hein\u00e4kuu (01.07-<b>10.08)<\/b><\/strong><\/p>\n<p style=\"font-weight: 400;\">\ud83d\udd53 Ti-Pe 16.00-22.00 | La-Su 13.00-22.00<\/p>\n<p style=\"font-weight: 400;\"><strong>Elokuu<span>\u00a0<\/span>(<b>11.08-31.08<\/b>)<\/strong><\/p>\n<p style=\"font-weight: 400;\">\ud83d\udd54 To-Pe 17.00-22.00 | La 13.00-22.00<\/p>\n<p style=\"font-weight: 400;\"><strong>Syyskuu<\/strong><\/p>\n<p style=\"font-weight: 400;\">\ud83d\udd54 Pe-La 17.00-22.00<\/p>\n<p>\ud83d\udcde Varaa p\u00f6yt\u00e4 soittamalla numeroon: <strong>+372<\/strong> <strong>5450 0840<\/strong><\/p>[\/et_pb_text][\/et_pb_column][\/et_pb_row][et_pb_row column_structure=&#8221;1_2,1_2&#8243; use_custom_gutter=&#8221;on&#8221; gutter_width=&#8221;2&#8243; _builder_version=&#8221;4.24.2&#8243; _module_preset=&#8221;default&#8221; width=&#8221;95%&#8221; custom_margin=&#8221;||||false|false&#8221; locked=&#8221;off&#8221; global_colors_info=&#8221;{}&#8221;][et_pb_column type=&#8221;1_2&#8243; _builder_version=&#8221;4.24.2&#8243; _module_preset=&#8221;default&#8221; global_colors_info=&#8221;{}&#8221;][et_pb_blurb title=&#8221;VALIKKO&#8221; _builder_version=&#8221;4.24.2&#8243; _module_preset=&#8221;481f6fb3-e1ad-4711-b65b-226135c026c0&#8243; locked=&#8221;off&#8221; global_colors_info=&#8221;{}&#8221;]<p>PROTO Kes\u00e4terassin valikko<\/p>[\/et_pb_blurb][et_pb_button button_url=&#8221;https:\/\/www.prototehas.ee\/wp-content\/uploads\/2025\/05\/PROTO-menu-ee-297x210mm3mm-bleed.pdf&#8221; button_text=&#8221; Katso tarkemmin&#8221; button_alignment=&#8221;center&#8221; _builder_version=&#8221;4.24.2&#8243; _module_preset=&#8221;default&#8221; global_colors_info=&#8221;{}&#8221;][\/et_pb_button][\/et_pb_column][et_pb_column type=&#8221;1_2&#8243; _builder_version=&#8221;4.24.2&#8243; _module_preset=&#8221;default&#8221; global_colors_info=&#8221;{}&#8221;][et_pb_blurb title=&#8221;JUOMAVALIKKO&#8221; _builder_version=&#8221;4.24.2&#8243; _module_preset=&#8221;481f6fb3-e1ad-4711-b65b-226135c026c0&#8243; locked=&#8221;off&#8221; global_colors_info=&#8221;{}&#8221;]<p>PROTO Kes\u00e4terassin juomavalikko<\/p>[\/et_pb_blurb][et_pb_button button_url=&#8221;https:\/\/www.prototehas.ee\/wp-content\/uploads\/2025\/05\/PROTO-drinks-ee-297x210mm3mm-bleed.pdf&#8221; button_text=&#8221; Katso tarkemmin&#8221; button_alignment=&#8221;center&#8221; _builder_version=&#8221;4.24.2&#8243; _module_preset=&#8221;default&#8221; global_colors_info=&#8221;{}&#8221;][\/et_pb_button][\/et_pb_column][\/et_pb_row][et_pb_row column_structure=&#8221;1_2,1_2&#8243; use_custom_gutter=&#8221;on&#8221; gutter_width=&#8221;1&#8243; make_equal=&#8221;on&#8221; admin_label=&#8221;Korttikuva oikealla&#8221; _builder_version=&#8221;4.24.2&#8243; _module_preset=&#8221;default&#8221; background_color=&#8221;#FFFFFF&#8221; custom_margin=&#8221;25px||25px||false|false&#8221; custom_padding=&#8221;0px||0px||false|false&#8221; border_radii=&#8221;on|20px|20px|20px|20px&#8221; global_colors_info=&#8221;{}&#8221; custom_css_main_element_last_edited=&#8221;on|tablet&#8221;][et_pb_column type=&#8221;1_2&#8243; _builder_version=&#8221;4.24.2&#8243; _module_preset=&#8221;default&#8221; custom_padding=&#8221;|30px||30px|false|false&#8221; global_colors_info=&#8221;{}&#8221;][et_pb_text _builder_version=&#8221;4.24.2&#8243; _module_preset=&#8221;e179c0c4-c115-407d-a110-ebe813713cd6&#8243; custom_margin=&#8221;|0px|||false|false&#8221; custom_padding=&#8221;43px||30px|0px|false|false&#8221; global_colors_info=&#8221;{}&#8221;]<p style=\"font-weight: 400;\"><strong>Klaar Modulaariset<\/strong> kupolit luovat terassillemme ainutlaatuisen tunnelman tarjoten <strong>yksityisyytt\u00e4<\/strong> ja samalla mahdollisuuden nauttia ulkoilun vieh\u00e4tyksist\u00e4. Olipa kyseess\u00e4 sateinen kes\u00e4ilta tai romanttinen illallinen auringonlaskun aikaan, kupolimme tarjoavat intiimin ja suojatun tilan. <\/p>\n<p style=\"font-weight: 400;\"><strong>PROTOn kes\u00e4terassi on t\u00e4ydellinen paikka rentoutua, viett\u00e4\u00e4 aikaa yst\u00e4vien kanssa tai nauttia romanttisesta illallisesta. Pys\u00e4hdy ja l\u00f6yd\u00e4 Etel\u00e4-Amerikan seikkailu, joka her\u00e4tt\u00e4\u00e4 makuhermosi. <\/strong><\/p>\n<p>&nbsp;<\/p>[\/et_pb_text][\/et_pb_column][et_pb_column type=&#8221;1_2&#8243; _builder_version=&#8221;4.24.2&#8243; _module_preset=&#8221;default&#8221; global_colors_info=&#8221;{}&#8221;][et_pb_image src=&#8221;https:\/\/www.prototehas.ee\/wp-content\/uploads\/2023\/06\/proto_markus-sein_7O6A2898-scaled.jpg&#8221; alt=&#8221;Kirkas modulaarinen kupoli&#8221; title_text=&#8221;Proto Summer Terrace Klaar Modular Dome&#8221; show_bottom_space=&#8221;off&#8221; module_class=&#8221;pa-full-height-image-column&#8221; _builder_version=&#8221;4.24.2&#8243; _module_preset=&#8221;default&#8221; global_colors_info=&#8221;{}&#8221;][\/et_pb_image][\/et_pb_column][\/et_pb_row][et_pb_row admin_label=&#8221;Viron makuja&#8221; _builder_version=&#8221;4.24.2&#8243; _module_preset=&#8221;default&#8221; background_color=&#8221;#FFFFFF&#8221; border_radii=&#8221;on|30px|30px|30px|30px&#8221; locked=&#8221;off&#8221; global_colors_info=&#8221;{}&#8221;][et_pb_column type=&#8221;4_4&#8243; _builder_version=&#8221;4.16&#8243; _module_preset=&#8221;default&#8221; global_colors_info=&#8221;{}&#8221;][et_pb_heading title=&#8221;LIS\u00c4TIETOJA  &#8221; _builder_version=&#8221;4.24.2&#8243; _module_preset=&#8221;c9a4dd29-8345-43ea-bd4d-e73ae35e5717&#8243; custom_margin=&#8221;||30px||false|false&#8221; global_colors_info=&#8221;{}&#8221;][\/et_pb_heading][et_pb_text _builder_version=&#8221;4.24.2&#8243; _module_preset=&#8221;e179c0c4-c115-407d-a110-ebe813713cd6&#8243; custom_padding=&#8221;0px|90px|0px|90px|false|false&#8221; custom_padding_tablet=&#8221;|20px||20px|false|false&#8221; custom_padding_phone=&#8221;|0px||0px|false|false&#8221; custom_padding_last_edited=&#8221;on|tablet&#8221; global_colors_info=&#8221;{}&#8221;]<p class=\"s5\"><span>\ud83d\udccc<\/span> <span>Kapasiteetti: Yhteen kupoliin mahtuu jopa 9 henkil\u00f6\u00e4.<br> \ud83d\udccc Lemmikit: Tervetuloa kupoliin!<\/span><\/p>\n<p class=\"s5\"><span>\ud83d\udcde Varaa p\u00f6yt\u00e4 soittamalla numeroon: <strong>+372<\/strong> <strong>5450 0840<\/strong><\/span><\/p>[\/et_pb_text][\/et_pb_column][\/et_pb_row][et_pb_row use_custom_gutter=&#8221;on&#8221; gutter_width=&#8221;1&#8243; admin_label=&#8221;Viron makuja&#8221; _builder_version=&#8221;4.24.2&#8243; _module_preset=&#8221;default&#8221; width=&#8221;100%&#8221; min_height=&#8221;527.5px&#8221; locked=&#8221;off&#8221; global_colors_info=&#8221;{}&#8221;][et_pb_column type=&#8221;4_4&#8243; _builder_version=&#8221;4.16&#8243; _module_preset=&#8221;default&#8221; global_colors_info=&#8221;{}&#8221;][et_pb_heading title=&#8221;KUVAGALLERIA&#8221; _builder_version=&#8221;4.24.2&#8243; _module_preset=&#8221;c9a4dd29-8345-43ea-bd4d-e73ae35e5717&#8243; title_font=&#8221;Amsi Pro Cond Regular|||on|||||&#8221; custom_margin=&#8221;||30px||false|false&#8221; global_colors_info=&#8221;{}&#8221;][\/et_pb_heading][et_pb_gallery gallery_ids=&#8221;24766,24750,24746,24774,24726,24738,24698,24694,24714,24686,24770,24762&#8243; posts_number=&#8221;8&#8243; show_title_and_caption=&#8221;off&#8221; show_pagination=&#8221;off&#8221; zoom_icon_color=&#8221;#6400FF&#8221; hover_overlay_color=&#8221;rgba(255,255,255,0.52)&#8221; hover_icon=&#8221;&#x2d;||divi||400&#8243; module_class=&#8221;col-width&#8221; _builder_version=&#8221;4.24.2&#8243; _module_preset=&#8221;default&#8221; custom_margin=&#8221;||||false|false&#8221; custom_margin_tablet=&#8221;||||false|false&#8221; custom_margin_phone=&#8221;||||false|false&#8221; custom_margin_last_edited=&#8221;on|tablet&#8221; custom_padding=&#8221;|10px||10px|false|false&#8221; border_width_all=&#8221;14px&#8221; border_color_all=&#8221;RGBA(255,255,255,0)&#8221; border_width_all_tablet=&#8221;14px&#8221; border_width_all_phone=&#8221;6px&#8221; border_width_all_last_edited=&#8221;on|phone&#8221; border_radii_image=&#8221;on|12px|12px|12px|12px&#8221; global_colors_info=&#8221;{}&#8221;][\/et_pb_gallery][\/et_pb_column][\/et_pb_row][\/et_pb_section]<span class=\"et_bloom_bottom_trigger\"><\/span>","protected":false},"excerpt":{"rendered":"<p>PROTOn kes\u00e4terassi kutsuu nauttimaan aidosta perulais- ja etel\u00e4amerikkalaisruoasta ja ammattitaidolla tehdyist\u00e4 cocktaileista. Kokkimme on luonut poikkeuksellisen menun , joka tarjoaa kulinaarisia herkkuja suoraan Etel\u00e4-Amerikan syd\u00e4mest\u00e4. Olipa kyseess\u00e4 perinteinen ceviche, joka on valmistettu tuoreista merenel\u00e4vist\u00e4 tai t\u00e4ytel\u00e4isesti maustetut t\u00e4ytetyt perunat (Papa Rellena), ruokavalikoimamme vie sinut suoraan eksoottiseen kulinaariseen seikkailuun. Hein\u00e4kuu (01.07-10.08) \ud83d\udd53 Ti-Pe 16.00-22.00 | La-Su [&hellip;]<\/p>\n","protected":false},"author":19,"featured_media":0,"parent":0,"menu_order":0,"comment_status":"closed","ping_status":"closed","template":"","meta":{"_acf_changed":false,"_et_pb_use_builder":"on","_et_pb_old_content":"","_et_gb_content_width":"","inline_featured_image":false,"footnotes":""},"class_list":["post-16261","page","type-page","status-publish","hentry"],"acf":[],"yoast_head":"<!-- This site is optimized with the Yoast SEO plugin v26.9 - https:\/\/yoast.com\/product\/yoast-seo-wordpress\/ -->\n<title>PROTO KES\u00c4TERASSI - PROTO avastustehas<\/title>\n<meta name=\"description\" content=\"Nauti kes\u00e4illasta Tallinnan PROTO-kes\u00e4terassilla - t\u00e4ydellinen paikka rentoutua, nauttia v\u00e4lipaloja, juomia ja etel\u00e4amerikkalaista ruokaa.\" \/>\n<meta name=\"robots\" content=\"index, follow, max-snippet:-1, max-image-preview:large, max-video-preview:-1\" \/>\n<link rel=\"canonical\" href=\"https:\/\/www.prototehas.ee\/fi\/kesaterassi\/\" \/>\n<meta property=\"og:locale\" content=\"fi_FI\" \/>\n<meta property=\"og:type\" content=\"article\" \/>\n<meta property=\"og:title\" content=\"PROTO KES\u00c4TERASSI - PROTO avastustehas\" \/>\n<meta property=\"og:description\" content=\"Nauti kes\u00e4illasta Tallinnan PROTO-kes\u00e4terassilla - t\u00e4ydellinen paikka rentoutua, nauttia v\u00e4lipaloja, juomia ja etel\u00e4amerikkalaista ruokaa.\" \/>\n<meta property=\"og:url\" content=\"https:\/\/www.prototehas.ee\/fi\/kesaterassi\/\" \/>\n<meta property=\"og:site_name\" content=\"PROTO avastustehas\" \/>\n<meta property=\"article:publisher\" content=\"https:\/\/www.facebook.com\/prototehas\/\" \/>\n<meta property=\"article:modified_time\" content=\"2025-07-23T09:01:21+00:00\" \/>\n<meta name=\"twitter:card\" content=\"summary_large_image\" \/>\n<meta name=\"twitter:label1\" content=\"Arvioitu lukuaika\" \/>\n\t<meta name=\"twitter:data1\" content=\"2 minuuttia\" \/>\n<script type=\"application\/ld+json\" class=\"yoast-schema-graph\">{\"@context\":\"https:\/\/schema.org\",\"@graph\":[{\"@type\":\"WebPage\",\"@id\":\"https:\/\/www.prototehas.ee\/fi\/kesaterassi\/\",\"url\":\"https:\/\/www.prototehas.ee\/fi\/kesaterassi\/\",\"name\":\"PROTO KES\u00c4TERASSI - PROTO avastustehas\",\"isPartOf\":{\"@id\":\"https:\/\/www.prototehas.ee\/fi\/#website\"},\"datePublished\":\"2023-06-13T12:26:13+00:00\",\"dateModified\":\"2025-07-23T09:01:21+00:00\",\"description\":\"Nauti kes\u00e4illasta Tallinnan PROTO-kes\u00e4terassilla - t\u00e4ydellinen paikka rentoutua, nauttia v\u00e4lipaloja, juomia ja etel\u00e4amerikkalaista ruokaa.\",\"breadcrumb\":{\"@id\":\"https:\/\/www.prototehas.ee\/fi\/kesaterassi\/#breadcrumb\"},\"inLanguage\":\"fi\",\"potentialAction\":[{\"@type\":\"ReadAction\",\"target\":[\"https:\/\/www.prototehas.ee\/fi\/kesaterassi\/\"]}]},{\"@type\":\"BreadcrumbList\",\"@id\":\"https:\/\/www.prototehas.ee\/fi\/kesaterassi\/#breadcrumb\",\"itemListElement\":[{\"@type\":\"ListItem\",\"position\":1,\"name\":\"Avaleht\",\"item\":\"https:\/\/www.prototehas.ee\/fi\/\"},{\"@type\":\"ListItem\",\"position\":2,\"name\":\"PROTO KES\u00c4TERASSI\"}]},{\"@type\":\"WebSite\",\"@id\":\"https:\/\/www.prototehas.ee\/fi\/#website\",\"url\":\"https:\/\/www.prototehas.ee\/fi\/\",\"name\":\"PROTO avastustehas\",\"description\":\"Where science meets fantasy\",\"publisher\":{\"@id\":\"https:\/\/www.prototehas.ee\/fi\/#organization\"},\"potentialAction\":[{\"@type\":\"SearchAction\",\"target\":{\"@type\":\"EntryPoint\",\"urlTemplate\":\"https:\/\/www.prototehas.ee\/fi\/?s={search_term_string}\"},\"query-input\":{\"@type\":\"PropertyValueSpecification\",\"valueRequired\":true,\"valueName\":\"search_term_string\"}}],\"inLanguage\":\"fi\"},{\"@type\":\"Organization\",\"@id\":\"https:\/\/www.prototehas.ee\/fi\/#organization\",\"name\":\"PROTO avastustehas\",\"url\":\"https:\/\/www.prototehas.ee\/fi\/\",\"logo\":{\"@type\":\"ImageObject\",\"inLanguage\":\"fi\",\"@id\":\"https:\/\/www.prototehas.ee\/fi\/#\/schema\/logo\/image\/\",\"url\":\"https:\/\/www.prototehas.ee\/wp-content\/uploads\/2019\/10\/prototehas_logo_et_2.svg\",\"contentUrl\":\"https:\/\/www.prototehas.ee\/wp-content\/uploads\/2019\/10\/prototehas_logo_et_2.svg\",\"width\":100,\"height\":100,\"caption\":\"PROTO avastustehas\"},\"image\":{\"@id\":\"https:\/\/www.prototehas.ee\/fi\/#\/schema\/logo\/image\/\"},\"sameAs\":[\"https:\/\/www.facebook.com\/prototehas\/\"]}]}<\/script>\n<!-- \/ Yoast SEO plugin. -->","yoast_head_json":{"title":"PROTO KES\u00c4TERASSI - PROTO avastustehas","description":"Nauti kes\u00e4illasta Tallinnan PROTO-kes\u00e4terassilla - t\u00e4ydellinen paikka rentoutua, nauttia v\u00e4lipaloja, juomia ja etel\u00e4amerikkalaista ruokaa.","robots":{"index":"index","follow":"follow","max-snippet":"max-snippet:-1","max-image-preview":"max-image-preview:large","max-video-preview":"max-video-preview:-1"},"canonical":"https:\/\/www.prototehas.ee\/fi\/kesaterassi\/","og_locale":"fi_FI","og_type":"article","og_title":"PROTO KES\u00c4TERASSI - PROTO avastustehas","og_description":"Nauti kes\u00e4illasta Tallinnan PROTO-kes\u00e4terassilla - t\u00e4ydellinen paikka rentoutua, nauttia v\u00e4lipaloja, juomia ja etel\u00e4amerikkalaista ruokaa.","og_url":"https:\/\/www.prototehas.ee\/fi\/kesaterassi\/","og_site_name":"PROTO avastustehas","article_publisher":"https:\/\/www.facebook.com\/prototehas\/","article_modified_time":"2025-07-23T09:01:21+00:00","twitter_card":"summary_large_image","twitter_misc":{"Arvioitu lukuaika":"2 minuuttia"},"schema":{"@context":"https:\/\/schema.org","@graph":[{"@type":"WebPage","@id":"https:\/\/www.prototehas.ee\/fi\/kesaterassi\/","url":"https:\/\/www.prototehas.ee\/fi\/kesaterassi\/","name":"PROTO KES\u00c4TERASSI - PROTO avastustehas","isPartOf":{"@id":"https:\/\/www.prototehas.ee\/fi\/#website"},"datePublished":"2023-06-13T12:26:13+00:00","dateModified":"2025-07-23T09:01:21+00:00","description":"Nauti kes\u00e4illasta Tallinnan PROTO-kes\u00e4terassilla - t\u00e4ydellinen paikka rentoutua, nauttia v\u00e4lipaloja, juomia ja etel\u00e4amerikkalaista ruokaa.","breadcrumb":{"@id":"https:\/\/www.prototehas.ee\/fi\/kesaterassi\/#breadcrumb"},"inLanguage":"fi","potentialAction":[{"@type":"ReadAction","target":["https:\/\/www.prototehas.ee\/fi\/kesaterassi\/"]}]},{"@type":"BreadcrumbList","@id":"https:\/\/www.prototehas.ee\/fi\/kesaterassi\/#breadcrumb","itemListElement":[{"@type":"ListItem","position":1,"name":"Avaleht","item":"https:\/\/www.prototehas.ee\/fi\/"},{"@type":"ListItem","position":2,"name":"PROTO KES\u00c4TERASSI"}]},{"@type":"WebSite","@id":"https:\/\/www.prototehas.ee\/fi\/#website","url":"https:\/\/www.prototehas.ee\/fi\/","name":"PROTO avastustehas","description":"Where science meets fantasy","publisher":{"@id":"https:\/\/www.prototehas.ee\/fi\/#organization"},"potentialAction":[{"@type":"SearchAction","target":{"@type":"EntryPoint","urlTemplate":"https:\/\/www.prototehas.ee\/fi\/?s={search_term_string}"},"query-input":{"@type":"PropertyValueSpecification","valueRequired":true,"valueName":"search_term_string"}}],"inLanguage":"fi"},{"@type":"Organization","@id":"https:\/\/www.prototehas.ee\/fi\/#organization","name":"PROTO avastustehas","url":"https:\/\/www.prototehas.ee\/fi\/","logo":{"@type":"ImageObject","inLanguage":"fi","@id":"https:\/\/www.prototehas.ee\/fi\/#\/schema\/logo\/image\/","url":"https:\/\/www.prototehas.ee\/wp-content\/uploads\/2019\/10\/prototehas_logo_et_2.svg","contentUrl":"https:\/\/www.prototehas.ee\/wp-content\/uploads\/2019\/10\/prototehas_logo_et_2.svg","width":100,"height":100,"caption":"PROTO avastustehas"},"image":{"@id":"https:\/\/www.prototehas.ee\/fi\/#\/schema\/logo\/image\/"},"sameAs":["https:\/\/www.facebook.com\/prototehas\/"]}]}},"_links":{"self":[{"href":"https:\/\/www.prototehas.ee\/fi\/wp-json\/wp\/v2\/pages\/16261","targetHints":{"allow":["GET"]}}],"collection":[{"href":"https:\/\/www.prototehas.ee\/fi\/wp-json\/wp\/v2\/pages"}],"about":[{"href":"https:\/\/www.prototehas.ee\/fi\/wp-json\/wp\/v2\/types\/page"}],"author":[{"embeddable":true,"href":"https:\/\/www.prototehas.ee\/fi\/wp-json\/wp\/v2\/users\/19"}],"replies":[{"embeddable":true,"href":"https:\/\/www.prototehas.ee\/fi\/wp-json\/wp\/v2\/comments?post=16261"}],"version-history":[{"count":5,"href":"https:\/\/www.prototehas.ee\/fi\/wp-json\/wp\/v2\/pages\/16261\/revisions"}],"predecessor-version":[{"id":34783,"href":"https:\/\/www.prototehas.ee\/fi\/wp-json\/wp\/v2\/pages\/16261\/revisions\/34783"}],"wp:attachment":[{"href":"https:\/\/www.prototehas.ee\/fi\/wp-json\/wp\/v2\/media?parent=16261"}],"curies":[{"name":"wp","href":"https:\/\/api.w.org\/{rel}","templated":true}]}}