{"id":16775,"date":"2022-06-06T14:59:39","date_gmt":"2022-06-06T14:59:39","guid":{"rendered":"http:\/\/protodev.ee\/?page_id=16775"},"modified":"2025-01-30T15:39:51","modified_gmt":"2025-01-30T15:39:51","slug":"elamysillallinen","status":"publish","type":"page","link":"https:\/\/www.prototehas.ee\/fi\/elamysillallinen\/","title":{"rendered":"KOE illalliset"},"content":{"rendered":"[et_pb_section fb_built=&#8221;1&#8243; _builder_version=&#8221;4.24.2&#8243; background_image=&#8221;https:\/\/www.prototehas.ee\/wp-content\/uploads\/2024\/02\/static2-scaled.jpg&#8221; custom_margin=&#8221;0px||||false|false&#8221; custom_padding=&#8221;13em||13em||true|false&#8221; locked=&#8221;off&#8221; global_colors_info=&#8221;{}&#8221;][\/et_pb_section][et_pb_section fb_built=&#8221;1&#8243; _builder_version=&#8221;4.16&#8243; background_enable_image=&#8221;off&#8221; global_colors_info=&#8221;{}&#8221;][et_pb_row admin_label=&#8221;Viron makuja&#8221; _builder_version=&#8221;4.24.2&#8243; _module_preset=&#8221;default&#8221; background_color=&#8221;#FFFFFF&#8221; border_radii=&#8221;on|30px|30px|30px|30px&#8221; locked=&#8221;off&#8221; global_colors_info=&#8221;{}&#8221;][et_pb_column type=&#8221;4_4&#8243; _builder_version=&#8221;4.16&#8243; _module_preset=&#8221;default&#8221; global_colors_info=&#8221;{}&#8221;][et_pb_heading title=&#8221;elamysillallinen&#8221; _builder_version=&#8221;4.24.2&#8243; _module_preset=&#8221;c9a4dd29-8345-43ea-bd4d-e73ae35e5717&#8243; global_colors_info=&#8221;{}&#8221;][\/et_pb_heading][et_pb_text _builder_version=&#8221;4.24.2&#8243; _module_preset=&#8221;e179c0c4-c115-407d-a110-ebe813713cd6&#8243; custom_padding=&#8221;|90px|0px|90px|false|false&#8221; custom_padding_tablet=&#8221;|20px||20px|false|false&#8221; custom_padding_phone=&#8221;|0px||0px|false|false&#8221; custom_padding_last_edited=&#8221;on|tablet&#8221; global_colors_info=&#8221;{}&#8221;]<p>El\u00e4mysillallisen aikana jokaiselle ruokailijalle esitell\u00e4\u00e4n tilaisuutta varten laadittu <strong>4 ruokalajin kokin menu<\/strong> , joka perustuu virolaisiin makuihin ja keitti\u00f6\u00f6n. Jokainen suupala on mosaiikki paikallisista ja sesongin raaka-aineista, valmistettu rakkaudella ja j\u00e4rjestetty lautaselle hell\u00e4sti ja huolellisesti luomaan harmoniaa sek\u00e4 silm\u00e4lle ett\u00e4 makuhermoille. Keitti\u00f6mestarimme on taitava sulattelemaan erilaisia \u200b\u200btekniikoita ja taiteita yhdeksi illalliseksi tuomaan esiin kunkin ruuan parhaat ominaisuudet ja varmistamaan, ett\u00e4 kaikkien tuoreiden ja paikallisten makujen kokonaisuus vie ruokailijan kielen myrskyyn.  <\/p>\n<p>Halukkaat voivat tilata vain kasvisruoista koostuvan makupaletin. Pyyd\u00e4mme ottamaan virtuaalilasit pois aterian ajaksi, sill\u00e4 leikkis\u00e4t el\u00e4mykset tapahtuvat aterioiden v\u00e4lill\u00e4 ja kest\u00e4v\u00e4t jopa 3 minuuttia kerrallaan. El\u00e4mys, joka yhdist\u00e4\u00e4 illallisen ja virtuaalitodellisuuden kokemuksen, avautuu samaan aikaan koko ryhm\u00e4lle ja kest\u00e4\u00e4 yhteens\u00e4 2 tuntia.  <\/p>\n<p><strong>El\u00e4mysillallisen voi nauttia samanaikaisesti 24-40 ruokailijan ryhm\u00e4.<\/strong><\/p>[\/et_pb_text][et_pb_button button_url=&#8221;https:\/\/www.prototehas.ee\/fi\/elamysillallisen-varauspyynto\/&#8221; button_text=&#8221;L\u00c4HET\u00c4 KYSELY&#8221; button_alignment=&#8221;center&#8221; _builder_version=&#8221;4.24.2&#8243; _module_preset=&#8221;f68e210a-7307-4655-825f-63256ae554ce&#8221; locked=&#8221;off&#8221; global_colors_info=&#8221;{}&#8221;][\/et_pb_button][\/et_pb_column][\/et_pb_row][et_pb_row column_structure=&#8221;1_2,1_2&#8243; admin_label=&#8221;Kortin kuva vasemmalla&#8221; _builder_version=&#8221;4.24.2&#8243; _dynamic_attributes=&#8221;link_option_url&#8221; _module_preset=&#8221;90498953-537a-45d8-96c9-83e32ef8ef4e&#8221; custom_margin=&#8221;25px||25px||false|false&#8221; link_option_url=&#8221;@ET-DC@eyJkeW5hbWljIjp0cnVlLCJjb250ZW50IjoicG9zdF9saW5rX3VybF9wYWdlIiwic2V0dGluZ3MiOnsicG9zdF9pZCI6IjE2Njc2IiwiZW5hYmxlX2h0bWwiOiJvZmYifX0=@&#8221; saved_tabs=&#8221;all&#8221; global_colors_info=&#8221;{}&#8221;][et_pb_column type=&#8221;1_2&#8243; _builder_version=&#8221;4.24.2&#8243; _module_preset=&#8221;default&#8221; custom_padding=&#8221;|30px||30px|false|false&#8221; global_colors_info=&#8221;{}&#8221;][et_pb_heading title=&#8221;JULKINEN LIVE ILLAINEN&#8221; _builder_version=&#8221;4.24.2&#8243; _module_preset=&#8221;default&#8221; title_font=&#8221;Amsi Pro Cond Bold|||on|||||&#8221; title_text_align=&#8221;center&#8221; background_color=&#8221;rgba(255,255,255,0)&#8221; custom_margin=&#8221;30px||0px||false|false&#8221; custom_padding=&#8221;||5px|||&#8221; global_colors_info=&#8221;{}&#8221;][\/et_pb_heading][et_pb_text _builder_version=&#8221;4.24.2&#8243; _module_preset=&#8221;e179c0c4-c115-407d-a110-ebe813713cd6&#8243; custom_margin=&#8221;|0px|||false|false&#8221; custom_padding=&#8221;||30px|0px|false|false&#8221; global_colors_info=&#8221;{}&#8221;]<p class=\"p1\"><strong>Haluatko nauttia el\u00e4myksellisen illallisen ilman, ett\u00e4 sinun tarvitsee tulla koko porukalla?<\/strong><\/p>\n<p class=\"p1\">Nyt, vain muutaman y\u00f6n j\u00e4lkeen, sinulla on t\u00e4m\u00e4 mahdollisuus! Kutsumme sinut Skandinavian ainoalle el\u00e4mykselliselle illalliselle, jossa huolellisesti valmistettu 4 ruokalajin fine dining -menu kohtaa virtuaalitodellisuuden j\u00e4nnitt\u00e4v\u00e4n maailman. <\/p>[\/et_pb_text][et_pb_button button_url=&#8221;https:\/\/www.prototehas.ee\/en\/event\/experience-dinner\/&#8221; button_text=&#8221;KATSO TARVIKKAA&#8221; button_alignment=&#8221;center&#8221; _builder_version=&#8221;4.24.2&#8243; _module_preset=&#8221;f68e210a-7307-4655-825f-63256ae554ce&#8221; custom_margin=&#8221;||30px||false|false&#8221; global_colors_info=&#8221;{}&#8221;][\/et_pb_button][\/et_pb_column][et_pb_column type=&#8221;1_2&#8243; _builder_version=&#8221;4.24.2&#8243; _module_preset=&#8221;default&#8221; global_colors_info=&#8221;{}&#8221;][et_pb_image src=&#8221;https:\/\/www.prototehas.ee\/wp-content\/uploads\/2024\/08\/12092023_19.12_Rasmus-Kooskora_8652-scaled.jpg&#8221; alt=&#8221;PROTO-el\u00e4mysillallinen %22Mystisi\u00e4 virolaisia  makuja%22&#8243; title_text=&#8221;12092023_19.12_Rasmus Kooskora_8652&#8243; url=&#8221;https:\/\/www.prototehas.ee\/en\/event\/experience-dinner\/&#8221; show_bottom_space=&#8221;off&#8221; module_class=&#8221;pa-full-height-image-column&#8221; _builder_version=&#8221;4.24.2&#8243; _module_preset=&#8221;default&#8221; height=&#8221;100%&#8221; global_colors_info=&#8221;{}&#8221;][\/et_pb_image][\/et_pb_column][\/et_pb_row][et_pb_row column_structure=&#8221;1_2,1_2&#8243; admin_label=&#8221;Kortin kuva vasemmalla&#8221; _builder_version=&#8221;4.24.2&#8243; _dynamic_attributes=&#8221;link_option_url&#8221; _module_preset=&#8221;90498953-537a-45d8-96c9-83e32ef8ef4e&#8221; custom_margin=&#8221;25px||25px||false|false&#8221; link_option_url=&#8221;@ET-DC@eyJkeW5hbWljIjp0cnVlLCJjb250ZW50IjoicG9zdF9saW5rX3VybF9wYWdlIiwic2V0dGluZ3MiOnsicG9zdF9pZCI6IjE2Njc2IiwiZW5hYmxlX2h0bWwiOiJvZmYifX0=@&#8221; saved_tabs=&#8221;all&#8221; global_colors_info=&#8221;{}&#8221;][et_pb_column type=&#8221;1_2&#8243; _builder_version=&#8221;4.24.2&#8243; _module_preset=&#8221;default&#8221; global_colors_info=&#8221;{}&#8221;][et_pb_image src=&#8221;https:\/\/www.prototehas.ee\/wp-content\/uploads\/2023\/10\/11_Rasmus-Kooskora_8800-scaled.jpg&#8221; alt=&#8221;PROTO-el\u00e4mysillallinen %22Mystisi\u00e4 virolaisia  makuja%22&#8243; title_text=&#8221;Protokokemus illallinen&#8221; show_bottom_space=&#8221;off&#8221; module_class=&#8221;pa-full-height-image-column&#8221; _builder_version=&#8221;4.24.2&#8243; _module_preset=&#8221;default&#8221; height=&#8221;100%&#8221; global_colors_info=&#8221;{}&#8221;][\/et_pb_image][\/et_pb_column][et_pb_column type=&#8221;1_2&#8243; _builder_version=&#8221;4.24.2&#8243; _module_preset=&#8221;default&#8221; custom_padding=&#8221;|30px||30px|false|false&#8221; global_colors_info=&#8221;{}&#8221;][et_pb_heading title=&#8221;MYSTISI\u00c4 MAKUJA&#8221; _builder_version=&#8221;4.24.2&#8243; _module_preset=&#8221;default&#8221; title_font=&#8221;Amsi Pro Cond Bold|||on|||||&#8221; title_text_align=&#8221;center&#8221; background_color=&#8221;rgba(255,255,255,0)&#8221; custom_margin=&#8221;30px||0px||false|false&#8221; custom_padding=&#8221;||5px|||&#8221; global_colors_info=&#8221;{}&#8221;][\/et_pb_heading][et_pb_text _builder_version=&#8221;4.24.2&#8243; _module_preset=&#8221;e179c0c4-c115-407d-a110-ebe813713cd6&#8243; custom_margin=&#8221;|0px|||false|false&#8221; custom_padding=&#8221;||30px|0px|false|false&#8221; global_colors_info=&#8221;{}&#8221;]<p class=\"s2\"><span class=\"s4\">&#8221;Mystical Estonian Flavors&#8221; on arkaainen kokemus kaikille aisteille. Tule vaeltamaan Viron maisemissa \u2013 k\u00e4vele mets\u00e4ss\u00e4, kulje suon l\u00e4pi, k\u00e4vele pihalla ja hyv\u00e4ll\u00e4 tuurilla saatat t\u00f6rm\u00e4t\u00e4 kantoonkin. <\/span><\/p>[\/et_pb_text][et_pb_button button_url=&#8221;@ET-DC@eyJkeW5hbWljIjp0cnVlLCJjb250ZW50IjoicG9zdF9saW5rX3VybF9wYWdlIiwic2V0dGluZ3MiOnsicG9zdF9pZCI6IjE2Njc2IiwiZW5hYmxlX2h0bWwiOiJvZmYifX0=@&#8221; button_text=&#8221;KATSO MY\u00d6S&#8221; button_alignment=&#8221;center&#8221; _builder_version=&#8221;4.24.2&#8243; _dynamic_attributes=&#8221;button_url&#8221; _module_preset=&#8221;f68e210a-7307-4655-825f-63256ae554ce&#8221; custom_margin=&#8221;||30px||false|false&#8221; global_colors_info=&#8221;{}&#8221;][\/et_pb_button][\/et_pb_column][\/et_pb_row][et_pb_row column_structure=&#8221;1_2,1_2&#8243; use_custom_gutter=&#8221;on&#8221; gutter_width=&#8221;1&#8243; make_equal=&#8221;on&#8221; admin_label=&#8221;Korttikuva oikealla&#8221; module_class=&#8221;reverse&#8221; _builder_version=&#8221;4.24.2&#8243; _dynamic_attributes=&#8221;link_option_url&#8221; _module_preset=&#8221;default&#8221; background_color=&#8221;#FFFFFF&#8221; custom_margin=&#8221;25px||25px||false|false&#8221; custom_padding=&#8221;0px||0px||false|false&#8221; link_option_url=&#8221;@ET-DC@eyJkeW5hbWljIjp0cnVlLCJjb250ZW50IjoicG9zdF9saW5rX3VybF9wYWdlIiwic2V0dGluZ3MiOnsicG9zdF9pZCI6IjE2NjgwIiwiZW5hYmxlX2h0bWwiOiJvZmYifX0=@&#8221; border_radii=&#8221;on|20px|20px|20px|20px&#8221; global_colors_info=&#8221;{}&#8221; custom_css_main_element_last_edited=&#8221;on|tablet&#8221;][et_pb_column type=&#8221;1_2&#8243; _builder_version=&#8221;4.24.2&#8243; _module_preset=&#8221;default&#8221; custom_padding=&#8221;|30px||30px|false|false&#8221; global_colors_info=&#8221;{}&#8221;][et_pb_heading title=&#8221;SURREALISTISIA MAKUJA&#8221; _builder_version=&#8221;4.24.2&#8243; _module_preset=&#8221;default&#8221; title_font=&#8221;Amsi Pro Cond Bold|||on|||||&#8221; title_text_align=&#8221;center&#8221; background_color=&#8221;rgba(255,255,255,0)&#8221; custom_margin=&#8221;30px||0px||false|false&#8221; custom_padding=&#8221;||7px|||&#8221; global_colors_info=&#8221;{}&#8221;][\/et_pb_heading][et_pb_text _builder_version=&#8221;4.24.2&#8243; _module_preset=&#8221;e179c0c4-c115-407d-a110-ebe813713cd6&#8243; custom_margin=&#8221;|0px|||false|false&#8221; custom_padding=&#8221;||30px|0px|false|false&#8221; global_colors_info=&#8221;{}&#8221;]<p style=\"text-align: center;\"><span class=\"s4\"> <\/span><span class=\"s4\">&#8221;Surrealistic Flavors&#8221; kutsuu sinut sukeltamaan p\u00e4\u00e4 edell\u00e4 tuntemattomiin vesiin. Oletko koskaan miettinyt, milt\u00e4 tuntuu muuttua musiikiksi huutavien pilvien alla? Tai keskustele maailman mysteereist\u00e4 paistinpannullasi. <\/span><\/p>[\/et_pb_text][et_pb_button button_url=&#8221;@ET-DC@eyJkeW5hbWljIjp0cnVlLCJjb250ZW50IjoicG9zdF9saW5rX3VybF9wYWdlIiwic2V0dGluZ3MiOnsicG9zdF9pZCI6IjE2NjgwIiwiZW5hYmxlX2h0bWwiOiJvZmYifX0=@&#8221; button_text=&#8221;KATSO MY\u00d6S&#8221; button_alignment=&#8221;center&#8221; _builder_version=&#8221;4.24.2&#8243; _dynamic_attributes=&#8221;button_url&#8221; _module_preset=&#8221;f68e210a-7307-4655-825f-63256ae554ce&#8221; custom_margin=&#8221;||30px||false|false&#8221; global_colors_info=&#8221;{}&#8221;][\/et_pb_button][\/et_pb_column][et_pb_column type=&#8221;1_2&#8243; _builder_version=&#8221;4.24.2&#8243; _module_preset=&#8221;default&#8221; global_colors_info=&#8221;{}&#8221;][et_pb_image src=&#8221;https:\/\/www.prototehas.ee\/wp-content\/uploads\/2023\/10\/5_Rasmus-Kooskora_8553-scaled.jpg&#8221; alt=&#8221;PROTO El\u00e4mysillallinen %22Surrealistisia makuja%22&#8243; title_text=&#8221;PROTO VR -el\u00e4mysillallinen&#8221; show_bottom_space=&#8221;off&#8221; module_class=&#8221;pa-full-height-image-column&#8221; _builder_version=&#8221;4.24.2&#8243; _module_preset=&#8221;default&#8221; height=&#8221;100%&#8221; global_colors_info=&#8221;{}&#8221;][\/et_pb_image][\/et_pb_column][\/et_pb_row][et_pb_row use_custom_gutter=&#8221;on&#8221; gutter_width=&#8221;1&#8243; admin_label=&#8221;Viron makuja&#8221; _builder_version=&#8221;4.24.2&#8243; _module_preset=&#8221;default&#8221; width=&#8221;100%&#8221; locked=&#8221;off&#8221; global_colors_info=&#8221;{}&#8221;][et_pb_column type=&#8221;4_4&#8243; _builder_version=&#8221;4.16&#8243; _module_preset=&#8221;default&#8221; global_colors_info=&#8221;{}&#8221;][et_pb_heading title=&#8221;LIS\u00c4TIETOJA&#8221; _builder_version=&#8221;4.24.2&#8243; _module_preset=&#8221;c9a4dd29-8345-43ea-bd4d-e73ae35e5717&#8243; custom_margin=&#8221;||30px||false|false&#8221; global_colors_info=&#8221;{}&#8221;][\/et_pb_heading][et_pb_text _builder_version=&#8221;4.24.2&#8243; _module_preset=&#8221;e179c0c4-c115-407d-a110-ebe813713cd6&#8243; custom_margin=&#8221;|0px|||false|false&#8221; custom_padding=&#8221;||30px|0px|false|false&#8221; locked=&#8221;off&#8221; global_colors_info=&#8221;{}&#8221;]<p class=\"s2\"><strong><a href=\"mailto:booking@protofactory.ee\">booking@protofactory.ee<\/a><br><\/strong> <strong>+372 53 620 400<\/strong><\/p>[\/et_pb_text][\/et_pb_column][\/et_pb_row][\/et_pb_section]<span class=\"et_bloom_bottom_trigger\"><\/span>","protected":false},"excerpt":{"rendered":"<p>El\u00e4mysillallisen aikana jokaiselle ruokailijalle esitell\u00e4\u00e4n tilaisuutta varten laadittu 4 ruokalajin kokin menu , joka perustuu virolaisiin makuihin ja keitti\u00f6\u00f6n. Jokainen suupala on mosaiikki paikallisista ja sesongin raaka-aineista, valmistettu rakkaudella ja j\u00e4rjestetty lautaselle hell\u00e4sti ja huolellisesti luomaan harmoniaa sek\u00e4 silm\u00e4lle ett\u00e4 makuhermoille. Keitti\u00f6mestarimme on taitava sulattelemaan erilaisia \u200b\u200btekniikoita ja taiteita yhdeksi illalliseksi tuomaan esiin kunkin ruuan [&hellip;]<\/p>\n","protected":false},"author":19,"featured_media":23915,"parent":0,"menu_order":0,"comment_status":"closed","ping_status":"closed","template":"","meta":{"_acf_changed":false,"_et_pb_use_builder":"on","_et_pb_old_content":"","_et_gb_content_width":"","inline_featured_image":false,"footnotes":""},"class_list":["post-16775","page","type-page","status-publish","has-post-thumbnail","hentry"],"acf":[],"yoast_head":"<!-- This site is optimized with the Yoast SEO plugin v26.9 - https:\/\/yoast.com\/product\/yoast-seo-wordpress\/ -->\n<title>KOE illalliset - PROTO avastustehas<\/title>\n<meta name=\"description\" content=\"Koe unohtumaton illallinen PROTO Discovery Factoryssa - nauti virolaisista makuista ja virtuaalitodellisuuden kokemuksista. Ihanteellinen ryhmille!\" \/>\n<meta name=\"robots\" content=\"index, follow, max-snippet:-1, max-image-preview:large, max-video-preview:-1\" \/>\n<link rel=\"canonical\" href=\"https:\/\/www.prototehas.ee\/fi\/elamysillallinen\/\" \/>\n<meta property=\"og:locale\" content=\"fi_FI\" \/>\n<meta property=\"og:type\" content=\"article\" \/>\n<meta property=\"og:title\" content=\"KOE illalliset - PROTO avastustehas\" \/>\n<meta property=\"og:description\" content=\"Koe unohtumaton illallinen PROTO Discovery Factoryssa - nauti virolaisista makuista ja virtuaalitodellisuuden kokemuksista. Ihanteellinen ryhmille!\" \/>\n<meta property=\"og:url\" content=\"https:\/\/www.prototehas.ee\/fi\/elamysillallinen\/\" \/>\n<meta property=\"og:site_name\" content=\"PROTO avastustehas\" \/>\n<meta property=\"article:publisher\" content=\"https:\/\/www.facebook.com\/prototehas\/\" \/>\n<meta property=\"article:modified_time\" content=\"2025-01-30T15:39:51+00:00\" \/>\n<meta property=\"og:image\" content=\"https:\/\/www.prototehas.ee\/wp-content\/uploads\/2022\/06\/PROTO_VR_o\u0303htuso\u0308o\u0308k.jpg?wsr\" \/>\n\t<meta property=\"og:image:width\" content=\"1920\" \/>\n\t<meta property=\"og:image:height\" content=\"1080\" \/>\n\t<meta property=\"og:image:type\" content=\"image\/jpeg\" \/>\n<meta name=\"twitter:card\" content=\"summary_large_image\" \/>\n<meta name=\"twitter:label1\" content=\"Arvioitu lukuaika\" \/>\n\t<meta name=\"twitter:data1\" content=\"3 minuuttia\" \/>\n<script type=\"application\/ld+json\" class=\"yoast-schema-graph\">{\"@context\":\"https:\/\/schema.org\",\"@graph\":[{\"@type\":\"WebPage\",\"@id\":\"https:\/\/www.prototehas.ee\/fi\/elamysillallinen\/\",\"url\":\"https:\/\/www.prototehas.ee\/fi\/elamysillallinen\/\",\"name\":\"KOE illalliset - PROTO avastustehas\",\"isPartOf\":{\"@id\":\"https:\/\/www.prototehas.ee\/fi\/#website\"},\"primaryImageOfPage\":{\"@id\":\"https:\/\/www.prototehas.ee\/fi\/elamysillallinen\/#primaryimage\"},\"image\":{\"@id\":\"https:\/\/www.prototehas.ee\/fi\/elamysillallinen\/#primaryimage\"},\"thumbnailUrl\":\"https:\/\/www.prototehas.ee\/wp-content\/uploads\/2022\/06\/PROTO_VR_o\u0303htuso\u0308o\u0308k.jpg?wsr\",\"datePublished\":\"2022-06-06T14:59:39+00:00\",\"dateModified\":\"2025-01-30T15:39:51+00:00\",\"description\":\"Koe unohtumaton illallinen PROTO Discovery Factoryssa - nauti virolaisista makuista ja virtuaalitodellisuuden kokemuksista. Ihanteellinen ryhmille!\",\"breadcrumb\":{\"@id\":\"https:\/\/www.prototehas.ee\/fi\/elamysillallinen\/#breadcrumb\"},\"inLanguage\":\"fi\",\"potentialAction\":[{\"@type\":\"ReadAction\",\"target\":[\"https:\/\/www.prototehas.ee\/fi\/elamysillallinen\/\"]}]},{\"@type\":\"ImageObject\",\"inLanguage\":\"fi\",\"@id\":\"https:\/\/www.prototehas.ee\/fi\/elamysillallinen\/#primaryimage\",\"url\":\"https:\/\/www.prototehas.ee\/wp-content\/uploads\/2022\/06\/PROTO_VR_o\u0303htuso\u0308o\u0308k.jpg?wsr\",\"contentUrl\":\"https:\/\/www.prototehas.ee\/wp-content\/uploads\/2022\/06\/PROTO_VR_o\u0303htuso\u0308o\u0308k.jpg?wsr\",\"width\":1920,\"height\":1080},{\"@type\":\"BreadcrumbList\",\"@id\":\"https:\/\/www.prototehas.ee\/fi\/elamysillallinen\/#breadcrumb\",\"itemListElement\":[{\"@type\":\"ListItem\",\"position\":1,\"name\":\"Avaleht\",\"item\":\"https:\/\/www.prototehas.ee\/fi\/\"},{\"@type\":\"ListItem\",\"position\":2,\"name\":\"KOE illalliset\"}]},{\"@type\":\"WebSite\",\"@id\":\"https:\/\/www.prototehas.ee\/fi\/#website\",\"url\":\"https:\/\/www.prototehas.ee\/fi\/\",\"name\":\"PROTO avastustehas\",\"description\":\"Where science meets fantasy\",\"publisher\":{\"@id\":\"https:\/\/www.prototehas.ee\/fi\/#organization\"},\"potentialAction\":[{\"@type\":\"SearchAction\",\"target\":{\"@type\":\"EntryPoint\",\"urlTemplate\":\"https:\/\/www.prototehas.ee\/fi\/?s={search_term_string}\"},\"query-input\":{\"@type\":\"PropertyValueSpecification\",\"valueRequired\":true,\"valueName\":\"search_term_string\"}}],\"inLanguage\":\"fi\"},{\"@type\":\"Organization\",\"@id\":\"https:\/\/www.prototehas.ee\/fi\/#organization\",\"name\":\"PROTO avastustehas\",\"url\":\"https:\/\/www.prototehas.ee\/fi\/\",\"logo\":{\"@type\":\"ImageObject\",\"inLanguage\":\"fi\",\"@id\":\"https:\/\/www.prototehas.ee\/fi\/#\/schema\/logo\/image\/\",\"url\":\"https:\/\/www.prototehas.ee\/wp-content\/uploads\/2019\/10\/prototehas_logo_et_2.svg\",\"contentUrl\":\"https:\/\/www.prototehas.ee\/wp-content\/uploads\/2019\/10\/prototehas_logo_et_2.svg\",\"width\":100,\"height\":100,\"caption\":\"PROTO avastustehas\"},\"image\":{\"@id\":\"https:\/\/www.prototehas.ee\/fi\/#\/schema\/logo\/image\/\"},\"sameAs\":[\"https:\/\/www.facebook.com\/prototehas\/\"]}]}<\/script>\n<!-- \/ Yoast SEO plugin. -->","yoast_head_json":{"title":"KOE illalliset - PROTO avastustehas","description":"Koe unohtumaton illallinen PROTO Discovery Factoryssa - nauti virolaisista makuista ja virtuaalitodellisuuden kokemuksista. Ihanteellinen ryhmille!","robots":{"index":"index","follow":"follow","max-snippet":"max-snippet:-1","max-image-preview":"max-image-preview:large","max-video-preview":"max-video-preview:-1"},"canonical":"https:\/\/www.prototehas.ee\/fi\/elamysillallinen\/","og_locale":"fi_FI","og_type":"article","og_title":"KOE illalliset - PROTO avastustehas","og_description":"Koe unohtumaton illallinen PROTO Discovery Factoryssa - nauti virolaisista makuista ja virtuaalitodellisuuden kokemuksista. Ihanteellinen ryhmille!","og_url":"https:\/\/www.prototehas.ee\/fi\/elamysillallinen\/","og_site_name":"PROTO avastustehas","article_publisher":"https:\/\/www.facebook.com\/prototehas\/","article_modified_time":"2025-01-30T15:39:51+00:00","og_image":[{"width":1920,"height":1080,"url":"https:\/\/www.prototehas.ee\/wp-content\/uploads\/2022\/06\/PROTO_VR_o\u0303htuso\u0308o\u0308k.jpg?wsr","type":"image\/jpeg"}],"twitter_card":"summary_large_image","twitter_misc":{"Arvioitu lukuaika":"3 minuuttia"},"schema":{"@context":"https:\/\/schema.org","@graph":[{"@type":"WebPage","@id":"https:\/\/www.prototehas.ee\/fi\/elamysillallinen\/","url":"https:\/\/www.prototehas.ee\/fi\/elamysillallinen\/","name":"KOE illalliset - PROTO avastustehas","isPartOf":{"@id":"https:\/\/www.prototehas.ee\/fi\/#website"},"primaryImageOfPage":{"@id":"https:\/\/www.prototehas.ee\/fi\/elamysillallinen\/#primaryimage"},"image":{"@id":"https:\/\/www.prototehas.ee\/fi\/elamysillallinen\/#primaryimage"},"thumbnailUrl":"https:\/\/www.prototehas.ee\/wp-content\/uploads\/2022\/06\/PROTO_VR_o\u0303htuso\u0308o\u0308k.jpg?wsr","datePublished":"2022-06-06T14:59:39+00:00","dateModified":"2025-01-30T15:39:51+00:00","description":"Koe unohtumaton illallinen PROTO Discovery Factoryssa - nauti virolaisista makuista ja virtuaalitodellisuuden kokemuksista. Ihanteellinen ryhmille!","breadcrumb":{"@id":"https:\/\/www.prototehas.ee\/fi\/elamysillallinen\/#breadcrumb"},"inLanguage":"fi","potentialAction":[{"@type":"ReadAction","target":["https:\/\/www.prototehas.ee\/fi\/elamysillallinen\/"]}]},{"@type":"ImageObject","inLanguage":"fi","@id":"https:\/\/www.prototehas.ee\/fi\/elamysillallinen\/#primaryimage","url":"https:\/\/www.prototehas.ee\/wp-content\/uploads\/2022\/06\/PROTO_VR_o\u0303htuso\u0308o\u0308k.jpg?wsr","contentUrl":"https:\/\/www.prototehas.ee\/wp-content\/uploads\/2022\/06\/PROTO_VR_o\u0303htuso\u0308o\u0308k.jpg?wsr","width":1920,"height":1080},{"@type":"BreadcrumbList","@id":"https:\/\/www.prototehas.ee\/fi\/elamysillallinen\/#breadcrumb","itemListElement":[{"@type":"ListItem","position":1,"name":"Avaleht","item":"https:\/\/www.prototehas.ee\/fi\/"},{"@type":"ListItem","position":2,"name":"KOE illalliset"}]},{"@type":"WebSite","@id":"https:\/\/www.prototehas.ee\/fi\/#website","url":"https:\/\/www.prototehas.ee\/fi\/","name":"PROTO avastustehas","description":"Where science meets fantasy","publisher":{"@id":"https:\/\/www.prototehas.ee\/fi\/#organization"},"potentialAction":[{"@type":"SearchAction","target":{"@type":"EntryPoint","urlTemplate":"https:\/\/www.prototehas.ee\/fi\/?s={search_term_string}"},"query-input":{"@type":"PropertyValueSpecification","valueRequired":true,"valueName":"search_term_string"}}],"inLanguage":"fi"},{"@type":"Organization","@id":"https:\/\/www.prototehas.ee\/fi\/#organization","name":"PROTO avastustehas","url":"https:\/\/www.prototehas.ee\/fi\/","logo":{"@type":"ImageObject","inLanguage":"fi","@id":"https:\/\/www.prototehas.ee\/fi\/#\/schema\/logo\/image\/","url":"https:\/\/www.prototehas.ee\/wp-content\/uploads\/2019\/10\/prototehas_logo_et_2.svg","contentUrl":"https:\/\/www.prototehas.ee\/wp-content\/uploads\/2019\/10\/prototehas_logo_et_2.svg","width":100,"height":100,"caption":"PROTO avastustehas"},"image":{"@id":"https:\/\/www.prototehas.ee\/fi\/#\/schema\/logo\/image\/"},"sameAs":["https:\/\/www.facebook.com\/prototehas\/"]}]}},"_links":{"self":[{"href":"https:\/\/www.prototehas.ee\/fi\/wp-json\/wp\/v2\/pages\/16775","targetHints":{"allow":["GET"]}}],"collection":[{"href":"https:\/\/www.prototehas.ee\/fi\/wp-json\/wp\/v2\/pages"}],"about":[{"href":"https:\/\/www.prototehas.ee\/fi\/wp-json\/wp\/v2\/types\/page"}],"author":[{"embeddable":true,"href":"https:\/\/www.prototehas.ee\/fi\/wp-json\/wp\/v2\/users\/19"}],"replies":[{"embeddable":true,"href":"https:\/\/www.prototehas.ee\/fi\/wp-json\/wp\/v2\/comments?post=16775"}],"version-history":[{"count":5,"href":"https:\/\/www.prototehas.ee\/fi\/wp-json\/wp\/v2\/pages\/16775\/revisions"}],"predecessor-version":[{"id":33033,"href":"https:\/\/www.prototehas.ee\/fi\/wp-json\/wp\/v2\/pages\/16775\/revisions\/33033"}],"wp:featuredmedia":[{"embeddable":true,"href":"https:\/\/www.prototehas.ee\/fi\/wp-json\/wp\/v2\/media\/23915"}],"wp:attachment":[{"href":"https:\/\/www.prototehas.ee\/fi\/wp-json\/wp\/v2\/media?parent=16775"}],"curies":[{"name":"wp","href":"https:\/\/api.w.org\/{rel}","templated":true}]}}