{"id":16783,"date":"2023-09-05T11:28:42","date_gmt":"2023-09-05T11:28:42","guid":{"rendered":"http:\/\/protodev.ee\/?page_id=16783"},"modified":"2026-01-28T13:03:42","modified_gmt":"2026-01-28T13:03:42","slug":"surrealistisia-makuja","status":"publish","type":"page","link":"https:\/\/www.prototehas.ee\/fi\/surrealistisia-makuja\/","title":{"rendered":"SURREALISTISIA MAKUJA"},"content":{"rendered":"[et_pb_section fb_built=&#8221;1&#8243; _builder_version=&#8221;4.16&#8243; background_image=&#8221;https:\/\/www.prototehas.ee\/wp-content\/uploads\/2023\/10\/5_Rasmus-Kooskora_8553-scaled.jpg&#8221; custom_margin=&#8221;0px||||false|false&#8221; custom_padding=&#8221;13em||13em||true|false&#8221; locked=&#8221;off&#8221; global_colors_info=&#8221;{}&#8221;][\/et_pb_section][et_pb_section fb_built=&#8221;1&#8243; _builder_version=&#8221;4.16&#8243; _module_preset=&#8221;default&#8221; global_colors_info=&#8221;{}&#8221;][et_pb_row admin_label=&#8221;Eesti Maitsed&#8221; _builder_version=&#8221;4.24.2&#8243; _module_preset=&#8221;default&#8221; background_color=&#8221;#FFFFFF&#8221; border_radii=&#8221;on|30px|30px|30px|30px&#8221; locked=&#8221;off&#8221; global_colors_info=&#8221;{}&#8221;][et_pb_column type=&#8221;4_4&#8243; _builder_version=&#8221;4.16&#8243; _module_preset=&#8221;default&#8221; global_colors_info=&#8221;{}&#8221;][et_pb_heading title=&#8221;SURREALISTISIA MAKUJA&#8221; _builder_version=&#8221;4.24.2&#8243; _module_preset=&#8221;c9a4dd29-8345-43ea-bd4d-e73ae35e5717&#8243; global_colors_info=&#8221;{}&#8221;][\/et_pb_heading][et_pb_text _builder_version=&#8221;4.24.2&#8243; _module_preset=&#8221;e179c0c4-c115-407d-a110-ebe813713cd6&#8243; custom_padding=&#8221;|90px||90px|false|false&#8221; custom_padding_tablet=&#8221;|20px||20px|false|false&#8221; custom_padding_phone=&#8221;|0px||0px|false|false&#8221; custom_padding_last_edited=&#8221;on|tablet&#8221; global_colors_info=&#8221;{}&#8221;]<p><span>Surrealistiset maut on tapahtuma, joka kutsuu sinut sukeltamaan p\u00e4\u00e4 edell\u00e4 tuntemattomiin liemiin. Oletko koskaan ajatellut, millaista on muuttua musiikiksi ulvovien pilvien alla? Tai pohdiskella maailman menoa ruokalautasen kanssa? Surrealististen makujen maailmassa sekin on mahdollista. Ja moni muukin asia. Jos olet tarpeeksi rohkea hypp\u00e4\u00e4m\u00e4\u00e4n kynnyksen yli, kaikki kuvitelmasi voivat toteutua.<\/span><\/p>\n<p><span>Virtuaalitodellinen illallinen alkaa klo 19,\u00a0 ja sen voi tilata viroksi, englanniksi ja suomeksi.Ryhm\u00e4n tulisi kuitenkin valita yksi yhteinen kieli. Illallista voi nauttia 24-40 hengen ryhmiss\u00e4. Illallinen maksaa henke\u00e4 kohti 105 euroa. <\/span>Juomalistalla lis\u00e4maksu on 32 \u20ac \/ hl\u00f6 ja alkoholittomalla juomalistalla 22 \u20ac \/ hl\u00f6.<\/p>[\/et_pb_text][et_pb_button button_url=&#8221;https:\/\/www.prototehas.ee\/fi\/elamysillallisen-varauspyynto\/&#8221; button_text=&#8221;L\u00c4HETA PYNT\u00d6&#8221; button_alignment=&#8221;center&#8221; _builder_version=&#8221;4.24.2&#8243; _module_preset=&#8221;f68e210a-7307-4655-825f-63256ae554ce&#8221; locked=&#8221;off&#8221; global_colors_info=&#8221;{}&#8221;][\/et_pb_button][\/et_pb_column][\/et_pb_row][et_pb_row column_structure=&#8221;1_2,1_2&#8243; _builder_version=&#8221;4.24.2&#8243; _module_preset=&#8221;default&#8221; width=&#8221;90%&#8221; locked=&#8221;off&#8221; global_colors_info=&#8221;{}&#8221;][et_pb_column type=&#8221;1_2&#8243; _builder_version=&#8221;4.16&#8243; _module_preset=&#8221;default&#8221; global_colors_info=&#8221;{}&#8221;][et_pb_heading title=&#8221;VALIKKO&#8221; _builder_version=&#8221;4.24.2&#8243; _module_preset=&#8221;_initial&#8221; title_text_align=&#8221;center&#8221; title_font_size=&#8221;32px&#8221; global_colors_info=&#8221;{}&#8221;][\/et_pb_heading][et_pb_image src=&#8221;https:\/\/www.prototehas.ee\/wp-content\/uploads\/2024\/08\/Surrealistisia-Makuja.png&#8221; title_text=&#8221;Surrealistisia Makuja&#8221; align=&#8221;center&#8221; _builder_version=&#8221;4.24.2&#8243; _module_preset=&#8221;default&#8221; border_radii=&#8221;on|12px|12px|12px|12px&#8221; global_colors_info=&#8221;{}&#8221;][\/et_pb_image][\/et_pb_column][et_pb_column type=&#8221;1_2&#8243; _builder_version=&#8221;4.16&#8243; _module_preset=&#8221;default&#8221; global_colors_info=&#8221;{}&#8221;][et_pb_heading title=&#8221;JUOMAVALIKKO&#8221; _builder_version=&#8221;4.24.2&#8243; _module_preset=&#8221;_initial&#8221; title_text_align=&#8221;center&#8221; title_font_size=&#8221;32px&#8221; global_colors_info=&#8221;{}&#8221;][\/et_pb_heading][et_pb_image src=&#8221;https:\/\/www.prototehas.ee\/wp-content\/uploads\/2026\/01\/420&#215;803-drinks-fin_v2-1.jpg&#8221; title_text=&#8221;420&#215;803-drinks-fin_v2&#8243; _builder_version=&#8221;4.24.2&#8243; _module_preset=&#8221;default&#8221; hover_enabled=&#8221;0&#8243; border_radii=&#8221;on|12px|12px|12px|12px&#8221; global_colors_info=&#8221;{}&#8221; sticky_enabled=&#8221;0&#8243;][\/et_pb_image][\/et_pb_column][\/et_pb_row][\/et_pb_section]<span class=\"et_bloom_bottom_trigger\"><\/span>","protected":false},"excerpt":{"rendered":"<p>Surrealistiset maut on tapahtuma, joka kutsuu sinut sukeltamaan p\u00e4\u00e4 edell\u00e4 tuntemattomiin liemiin. Oletko koskaan ajatellut, millaista on muuttua musiikiksi ulvovien pilvien alla? Tai pohdiskella maailman menoa ruokalautasen kanssa? Surrealististen makujen maailmassa sekin on mahdollista. Ja moni muukin asia. Jos olet tarpeeksi rohkea hypp\u00e4\u00e4m\u00e4\u00e4n kynnyksen yli, kaikki kuvitelmasi voivat toteutua. Virtuaalitodellinen illallinen alkaa klo 19,\u00a0 ja [&hellip;]<\/p>\n","protected":false},"author":19,"featured_media":0,"parent":0,"menu_order":0,"comment_status":"closed","ping_status":"closed","template":"","meta":{"_acf_changed":false,"_et_pb_use_builder":"on","_et_pb_old_content":"","_et_gb_content_width":"","inline_featured_image":false,"footnotes":""},"class_list":["post-16783","page","type-page","status-publish","hentry"],"acf":[],"yoast_head":"<!-- This site is optimized with the Yoast SEO plugin v26.9 - https:\/\/yoast.com\/product\/yoast-seo-wordpress\/ -->\n<title>SURREALISTISIA MAKUJA - PROTO avastustehas<\/title>\n<meta name=\"description\" content=\"Sukeldu s\u00fcrrealistlikku maitsete maailma PROTO avastustehases. Naudi virtuaalreaalsuse \u00f5htus\u00f6\u00f6ki, mis viib sind unikaalsetesse seiklustesse.\" \/>\n<meta name=\"robots\" content=\"index, follow, max-snippet:-1, max-image-preview:large, max-video-preview:-1\" \/>\n<link rel=\"canonical\" href=\"https:\/\/www.prototehas.ee\/fi\/surrealistisia-makuja\/\" \/>\n<meta property=\"og:locale\" content=\"fi_FI\" \/>\n<meta property=\"og:type\" content=\"article\" \/>\n<meta property=\"og:title\" content=\"SURREALISTISIA MAKUJA - PROTO avastustehas\" \/>\n<meta property=\"og:description\" content=\"Sukeldu s\u00fcrrealistlikku maitsete maailma PROTO avastustehases. Naudi virtuaalreaalsuse \u00f5htus\u00f6\u00f6ki, mis viib sind unikaalsetesse seiklustesse.\" \/>\n<meta property=\"og:url\" content=\"https:\/\/www.prototehas.ee\/fi\/surrealistisia-makuja\/\" \/>\n<meta property=\"og:site_name\" content=\"PROTO avastustehas\" \/>\n<meta property=\"article:publisher\" content=\"https:\/\/www.facebook.com\/prototehas\/\" \/>\n<meta property=\"article:modified_time\" content=\"2026-01-28T13:03:42+00:00\" \/>\n<meta name=\"twitter:card\" content=\"summary_large_image\" \/>\n<meta name=\"twitter:label1\" content=\"Arvioitu lukuaika\" \/>\n\t<meta name=\"twitter:data1\" content=\"1 minuutti\" \/>\n<script type=\"application\/ld+json\" class=\"yoast-schema-graph\">{\"@context\":\"https:\/\/schema.org\",\"@graph\":[{\"@type\":\"WebPage\",\"@id\":\"https:\/\/www.prototehas.ee\/fi\/surrealistisia-makuja\/\",\"url\":\"https:\/\/www.prototehas.ee\/fi\/surrealistisia-makuja\/\",\"name\":\"SURREALISTISIA MAKUJA - PROTO avastustehas\",\"isPartOf\":{\"@id\":\"https:\/\/www.prototehas.ee\/fi\/#website\"},\"datePublished\":\"2023-09-05T11:28:42+00:00\",\"dateModified\":\"2026-01-28T13:03:42+00:00\",\"description\":\"Sukeldu s\u00fcrrealistlikku maitsete maailma PROTO avastustehases. Naudi virtuaalreaalsuse \u00f5htus\u00f6\u00f6ki, mis viib sind unikaalsetesse seiklustesse.\",\"breadcrumb\":{\"@id\":\"https:\/\/www.prototehas.ee\/fi\/surrealistisia-makuja\/#breadcrumb\"},\"inLanguage\":\"fi\",\"potentialAction\":[{\"@type\":\"ReadAction\",\"target\":[\"https:\/\/www.prototehas.ee\/fi\/surrealistisia-makuja\/\"]}]},{\"@type\":\"BreadcrumbList\",\"@id\":\"https:\/\/www.prototehas.ee\/fi\/surrealistisia-makuja\/#breadcrumb\",\"itemListElement\":[{\"@type\":\"ListItem\",\"position\":1,\"name\":\"Avaleht\",\"item\":\"https:\/\/www.prototehas.ee\/fi\/\"},{\"@type\":\"ListItem\",\"position\":2,\"name\":\"SURREALISTISIA MAKUJA\"}]},{\"@type\":\"WebSite\",\"@id\":\"https:\/\/www.prototehas.ee\/fi\/#website\",\"url\":\"https:\/\/www.prototehas.ee\/fi\/\",\"name\":\"PROTO avastustehas\",\"description\":\"Where science meets fantasy\",\"publisher\":{\"@id\":\"https:\/\/www.prototehas.ee\/fi\/#organization\"},\"potentialAction\":[{\"@type\":\"SearchAction\",\"target\":{\"@type\":\"EntryPoint\",\"urlTemplate\":\"https:\/\/www.prototehas.ee\/fi\/?s={search_term_string}\"},\"query-input\":{\"@type\":\"PropertyValueSpecification\",\"valueRequired\":true,\"valueName\":\"search_term_string\"}}],\"inLanguage\":\"fi\"},{\"@type\":\"Organization\",\"@id\":\"https:\/\/www.prototehas.ee\/fi\/#organization\",\"name\":\"PROTO avastustehas\",\"url\":\"https:\/\/www.prototehas.ee\/fi\/\",\"logo\":{\"@type\":\"ImageObject\",\"inLanguage\":\"fi\",\"@id\":\"https:\/\/www.prototehas.ee\/fi\/#\/schema\/logo\/image\/\",\"url\":\"https:\/\/www.prototehas.ee\/wp-content\/uploads\/2019\/10\/prototehas_logo_et_2.svg\",\"contentUrl\":\"https:\/\/www.prototehas.ee\/wp-content\/uploads\/2019\/10\/prototehas_logo_et_2.svg\",\"width\":100,\"height\":100,\"caption\":\"PROTO avastustehas\"},\"image\":{\"@id\":\"https:\/\/www.prototehas.ee\/fi\/#\/schema\/logo\/image\/\"},\"sameAs\":[\"https:\/\/www.facebook.com\/prototehas\/\"]}]}<\/script>\n<!-- \/ Yoast SEO plugin. -->","yoast_head_json":{"title":"SURREALISTISIA MAKUJA - PROTO avastustehas","description":"Sukeldu s\u00fcrrealistlikku maitsete maailma PROTO avastustehases. Naudi virtuaalreaalsuse \u00f5htus\u00f6\u00f6ki, mis viib sind unikaalsetesse seiklustesse.","robots":{"index":"index","follow":"follow","max-snippet":"max-snippet:-1","max-image-preview":"max-image-preview:large","max-video-preview":"max-video-preview:-1"},"canonical":"https:\/\/www.prototehas.ee\/fi\/surrealistisia-makuja\/","og_locale":"fi_FI","og_type":"article","og_title":"SURREALISTISIA MAKUJA - PROTO avastustehas","og_description":"Sukeldu s\u00fcrrealistlikku maitsete maailma PROTO avastustehases. Naudi virtuaalreaalsuse \u00f5htus\u00f6\u00f6ki, mis viib sind unikaalsetesse seiklustesse.","og_url":"https:\/\/www.prototehas.ee\/fi\/surrealistisia-makuja\/","og_site_name":"PROTO avastustehas","article_publisher":"https:\/\/www.facebook.com\/prototehas\/","article_modified_time":"2026-01-28T13:03:42+00:00","twitter_card":"summary_large_image","twitter_misc":{"Arvioitu lukuaika":"1 minuutti"},"schema":{"@context":"https:\/\/schema.org","@graph":[{"@type":"WebPage","@id":"https:\/\/www.prototehas.ee\/fi\/surrealistisia-makuja\/","url":"https:\/\/www.prototehas.ee\/fi\/surrealistisia-makuja\/","name":"SURREALISTISIA MAKUJA - PROTO avastustehas","isPartOf":{"@id":"https:\/\/www.prototehas.ee\/fi\/#website"},"datePublished":"2023-09-05T11:28:42+00:00","dateModified":"2026-01-28T13:03:42+00:00","description":"Sukeldu s\u00fcrrealistlikku maitsete maailma PROTO avastustehases. Naudi virtuaalreaalsuse \u00f5htus\u00f6\u00f6ki, mis viib sind unikaalsetesse seiklustesse.","breadcrumb":{"@id":"https:\/\/www.prototehas.ee\/fi\/surrealistisia-makuja\/#breadcrumb"},"inLanguage":"fi","potentialAction":[{"@type":"ReadAction","target":["https:\/\/www.prototehas.ee\/fi\/surrealistisia-makuja\/"]}]},{"@type":"BreadcrumbList","@id":"https:\/\/www.prototehas.ee\/fi\/surrealistisia-makuja\/#breadcrumb","itemListElement":[{"@type":"ListItem","position":1,"name":"Avaleht","item":"https:\/\/www.prototehas.ee\/fi\/"},{"@type":"ListItem","position":2,"name":"SURREALISTISIA MAKUJA"}]},{"@type":"WebSite","@id":"https:\/\/www.prototehas.ee\/fi\/#website","url":"https:\/\/www.prototehas.ee\/fi\/","name":"PROTO avastustehas","description":"Where science meets fantasy","publisher":{"@id":"https:\/\/www.prototehas.ee\/fi\/#organization"},"potentialAction":[{"@type":"SearchAction","target":{"@type":"EntryPoint","urlTemplate":"https:\/\/www.prototehas.ee\/fi\/?s={search_term_string}"},"query-input":{"@type":"PropertyValueSpecification","valueRequired":true,"valueName":"search_term_string"}}],"inLanguage":"fi"},{"@type":"Organization","@id":"https:\/\/www.prototehas.ee\/fi\/#organization","name":"PROTO avastustehas","url":"https:\/\/www.prototehas.ee\/fi\/","logo":{"@type":"ImageObject","inLanguage":"fi","@id":"https:\/\/www.prototehas.ee\/fi\/#\/schema\/logo\/image\/","url":"https:\/\/www.prototehas.ee\/wp-content\/uploads\/2019\/10\/prototehas_logo_et_2.svg","contentUrl":"https:\/\/www.prototehas.ee\/wp-content\/uploads\/2019\/10\/prototehas_logo_et_2.svg","width":100,"height":100,"caption":"PROTO avastustehas"},"image":{"@id":"https:\/\/www.prototehas.ee\/fi\/#\/schema\/logo\/image\/"},"sameAs":["https:\/\/www.facebook.com\/prototehas\/"]}]}},"_links":{"self":[{"href":"https:\/\/www.prototehas.ee\/fi\/wp-json\/wp\/v2\/pages\/16783","targetHints":{"allow":["GET"]}}],"collection":[{"href":"https:\/\/www.prototehas.ee\/fi\/wp-json\/wp\/v2\/pages"}],"about":[{"href":"https:\/\/www.prototehas.ee\/fi\/wp-json\/wp\/v2\/types\/page"}],"author":[{"embeddable":true,"href":"https:\/\/www.prototehas.ee\/fi\/wp-json\/wp\/v2\/users\/19"}],"replies":[{"embeddable":true,"href":"https:\/\/www.prototehas.ee\/fi\/wp-json\/wp\/v2\/comments?post=16783"}],"version-history":[{"count":5,"href":"https:\/\/www.prototehas.ee\/fi\/wp-json\/wp\/v2\/pages\/16783\/revisions"}],"predecessor-version":[{"id":36044,"href":"https:\/\/www.prototehas.ee\/fi\/wp-json\/wp\/v2\/pages\/16783\/revisions\/36044"}],"wp:attachment":[{"href":"https:\/\/www.prototehas.ee\/fi\/wp-json\/wp\/v2\/media?parent=16783"}],"curies":[{"name":"wp","href":"https:\/\/api.w.org\/{rel}","templated":true}]}}