{"id":17004,"date":"2023-07-28T10:17:10","date_gmt":"2023-07-28T10:17:10","guid":{"rendered":"http:\/\/protodev.ee\/?page_id=17004"},"modified":"2025-07-15T13:41:30","modified_gmt":"2025-07-15T13:41:30","slug":"kestava-kehitys","status":"publish","type":"page","link":"https:\/\/www.prototehas.ee\/fi\/kestava-kehitys\/","title":{"rendered":"KEST\u00c4V\u00c4 KEHITYS"},"content":{"rendered":"[et_pb_section fb_built=&#8221;1&#8243; _builder_version=&#8221;4.16&#8243; background_image=&#8221;https:\/\/www.prototehas.ee\/wp-content\/uploads\/2019\/11\/Fujifilm_Panorama3.jpg&#8221; custom_margin=&#8221;0px||||false|false&#8221; custom_padding=&#8221;13em||13em||true|false&#8221; global_colors_info=&#8221;{}&#8221;][\/et_pb_section][et_pb_section fb_built=&#8221;1&#8243; _builder_version=&#8221;4.16&#8243; background_color=&#8221;#fff0d9&#8243; background_enable_image=&#8221;off&#8221; locked=&#8221;off&#8221; global_colors_info=&#8221;{}&#8221;][et_pb_row _builder_version=&#8221;4.16&#8243; locked=&#8221;off&#8221; global_colors_info=&#8221;{}&#8221;][et_pb_column type=&#8221;4_4&#8243; _builder_version=&#8221;4.16&#8243; global_colors_info=&#8221;{}&#8221;][et_pb_heading title=&#8221;Kest\u00e4v\u00e4 kehitys PROTO Invention Factorylla&#8221; _builder_version=&#8221;4.24.2&#8243; _module_preset=&#8221;c9a4dd29-8345-43ea-bd4d-e73ae35e5717&#8243; locked=&#8221;off&#8221; global_colors_info=&#8221;{}&#8221;][\/et_pb_heading][et_pb_text module_class=&#8221;regular-text&#8221; _builder_version=&#8221;4.24.2&#8243; _module_preset=&#8221;e179c0c4-c115-407d-a110-ebe813713cd6&#8243; text_font=&#8221;Amsi Pro Narrow Regular||||||||&#8221; text_line_height=&#8221;21px&#8221; global_colors_info=&#8221;{}&#8221;]<p class=\"s3\" style=\"text-align: left;\"><span class=\"s4\" style=\"font-size: 16px;\">PROTO Invention Factoryssa arvostamme uteliaisuuden, luovuuden ja keksimisrohkeuden lis\u00e4ksi halua muuttua ja l\u00f6yt\u00e4\u00e4 ymp\u00e4rill\u00e4mme olevaa maailmaa sek\u00e4 ymm\u00e4rt\u00e4\u00e4 toimintamme vaikutusta luontoon. Siksi teemme ty\u00f6t\u00e4 <\/span><span class=\"s4\" style=\"font-size: 16px;\">PROTO<\/span> <span class=\"s4\" style=\"font-size: 16px;\">pyrkii aktiivisesti pienent\u00e4m\u00e4\u00e4n ymp\u00e4rist\u00f6jalanj\u00e4lke\u00e4\u00e4n ollakseen esimerkkin\u00e4 ja edell\u00e4k\u00e4vij\u00e4n\u00e4 muille vastaaville yrityksille.\u00a0 PROTO Keksint\u00f6tehtaalla on ollut Green Key -ymp\u00e4rist\u00f6merkki vuodesta 2023 l\u00e4htien.<\/span><\/p>\n<p style=\"text-align: left;\"><strong><span class=\"s2\">PROTO:n ymp\u00e4rist\u00f6periaatteet:<\/span><\/strong><strong> <\/strong><\/p>\n<p><strong><\/strong><\/p>\n<div class=\"s4\" style=\"text-align: left;\"><span>1. PROTO Invention Factorylla Viro on aina etusijalla! N\u00e4yttelymme valmistetaan mahdollisimman laajasti paikallisesti Virossa, jotta matka ideasta toteutukseen olisi mahdollisimman lyhyt ja resursseja s\u00e4\u00e4st\u00e4v\u00e4. K\u00e4yt\u00e4mme luonnonmateriaaleja, suosimme kierr\u00e4tyst\u00e4 aina kun mahdollista ja annamme aina mielell\u00e4mme uuden el\u00e4m\u00e4n jonkun toisen vanhalle materiaalille. Haluamme turistien saavan meilt\u00e4 saman tunteen \u2013 Viro on pieni, ihana, puhdas, kest\u00e4v\u00e4 maa, jossa ihmiset v\u00e4litt\u00e4v\u00e4t ymp\u00e4rist\u00f6st\u00e4\u00e4n. <br \/><\/span><span><br \/><\/span><\/div>\n<div class=\"s4\" style=\"text-align: left;\"><span><\/span><\/div>\n<div class=\"s4\" style=\"text-align: left;\"><span><\/span><\/div>\n<div class=\"s4\" style=\"text-align: left;\"><span><\/span><\/div>\n<div class=\"s4\" style=\"text-align: left;\"><span><\/span><\/div>\n<div class=\"s4\" style=\"text-align: left;\"><span><\/span><\/div>\n<div class=\"s4\" style=\"text-align: left;\"><span><\/span><\/div>\n<div class=\"s4\" style=\"text-align: left;\"><span><\/span><\/div>\n<div class=\"s5\" style=\"text-align: left;\"><span>2. PROTO Invention Factoryssa n\u00e4yttelyss\u00e4 vierailevat opiskelijat ja perheet voivat osallistua erilaisiin kest\u00e4v\u00e4n kehityksen edist\u00e4misen ty\u00f6pajoihin. Ymp\u00e4rist\u00f6n kest\u00e4v\u00e4n kehityksen aiheita on my\u00f6s integroitu erilaisiin PROTO-ohjelmiin. <br \/><\/span><span><br \/><\/span><\/div>\n<div class=\"s5\" style=\"text-align: left;\"><span>3. PROTO-cateringilla on yksinkertainen periaate \u2013 tuhlaamme ja saastutamme mahdollisimman v\u00e4h\u00e4n! Toisin sanoen kahvilassamme ja tilaisuuksissa ruoka on aina monipuolista ja terveellist\u00e4 ja ruokalistalta l\u00f6ytyy my\u00f6s kasvissy\u00f6ji\u00e4. Lis\u00e4ksi PROTO-l\u00f6yt\u00f6laitoksessa ei ole sijaa kemikaaleja sis\u00e4lt\u00e4ville puhdistustuotteille ja ilman ep\u00e4puhtauksia, lannoitteita tai torjunta-aineita sis\u00e4lt\u00e4ville raaka-aineille. <br \/><\/span><span><br \/><\/span><\/div>\n<div class=\"s5\" style=\"text-align: left;\">\n<p><span>4. PROTO k\u00e4ytt\u00e4\u00e4 l\u00e4mmityst\u00e4 ja s\u00e4hk\u00f6\u00e4, vett\u00e4 ja muita resursseja mahdollisimman taloudellisesti, seuraamme kulutusta jatkuvasti ja etsimme uusia tapoja optimoida kustannuksia.<\/span><\/p>\n<p><span style=\"font-size: 16px;\">5.<\/span> <span class=\"s6\" style=\"font-size: 16px;\">Ker\u00e4\u00e4mme j\u00e4tteet tyypeitt\u00e4in koko<\/span> <span class=\"s6\" style=\"font-size: 16px;\">PROTOssa<\/span><span class=\"s6\" style=\"font-size: 16px;\">tehokkaan j\u00e4tehuollon varmistamiseksi ja ymp\u00e4rist\u00f6vaikutusten v\u00e4hent\u00e4miseksi. Lis\u00e4ksi teemme yhteisty\u00f6t\u00e4 paikallisten j\u00e4tehuoltoyritysten kanssa varmistaaksemme, ett\u00e4 kaikki j\u00e4tteet saapuvat asianmukaisille kierr\u00e4tys- ja k\u00e4sittelypaikoille. <\/span><\/p>\n<p><span style=\"font-size: 16px;\">6.<\/span> <span class=\"s6\" style=\"font-size: 16px;\">Olemme laatineet<\/span> <span class=\"s6\" style=\"font-size: 16px;\">PROTOssa<\/span> <span class=\"s6\" style=\"font-size: 16px;\">j\u00e4rjestett\u00e4viin tapahtumiin kest\u00e4v\u00e4n tapahtumaj\u00e4rjestyksen suositukset<\/span> , joiden perusteella suunnittelemme ohjelmamme ja <span class=\"s6\" style=\"font-size: 16px;\">jotka jaamme my\u00f6s muille j\u00e4rjest\u00e4jille.\u00a0<\/span><\/p>\n<p><span style=\"font-size: 16px;\">7. PROTO arvostaa vastuullista ja eettist\u00e4 k\u00e4ytt\u00e4ytymist\u00e4 tarjoamalla turvallisen ja osallistavan ty\u00f6ymp\u00e4rist\u00f6n, joka kunnioittaa ty\u00f6ntekij\u00f6iden oikeuksia ja takaa yht\u00e4l\u00e4iset mahdollisuudet kaikille i\u00e4st\u00e4, rodusta, sukupuolesta tai muista ominaisuuksista riippumatta. Tuemme kest\u00e4v\u00e4n matkailun edist\u00e4mist\u00e4 edist\u00e4m\u00e4ll\u00e4 l\u00e4pin\u00e4kyvyytt\u00e4, korruption torjuntaa ja ymp\u00e4rist\u00f6n kannalta kest\u00e4v\u00e4\u00e4 johtamista. Panostamme ty\u00f6ntekij\u00f6idemme ammatilliseen kehitykseen koulutuksen ja tietoisuuden lis\u00e4\u00e4misen kautta ja kannustamme osallistumaan kaikilla tasoilla. Tavoitteenamme on luoda ymp\u00e4rist\u00f6, jossa jokainen tuntee olevansa arvostettu, turvallinen ja inspiroitunut osallistumaan yhteiskunnan ja ymp\u00e4rist\u00f6n kest\u00e4v\u00e4\u00e4n kehitykseen.<\/span><strong><span style=\"font-size: 16px;\"><\/span><\/strong><\/p>\n<p class=\"p1\"><strong>PROTOn ohjeet kest\u00e4v\u00e4\u00e4n tapahtumaj\u00e4rjest\u00e4miseen \u2013 katso lis\u00e4\u00e4 <a href=\"https:\/\/www.prototehas.ee\/wp-content\/uploads\/2025\/07\/PROTOs-Guidelines-for-Sustainable-Event-Management.pdf\">T\u00c4\u00c4LT\u00c4<\/a>.<\/strong><br \/><strong><span style=\"font-size: 16px;\">PROTOn ymp\u00e4rist\u00f6periaatteet \u2013 katso lis\u00e4\u00e4 <a href=\"https:\/\/www.prototehas.ee\/wp-content\/uploads\/2025\/07\/PROTOs-Environmental-Principles.pdf\">T\u00c4\u00c4LT\u00c4<\/a>.<\/span><\/strong><\/p>\n<p>&nbsp;<\/p>\n<\/div>[\/et_pb_text][et_pb_image src=&#8221;https:\/\/www.prototehas.ee\/wp-content\/uploads\/2019\/09\/hammasratas_joon.png&#8221; align=&#8221;center&#8221; disabled_on=&#8221;on|on|on&#8221; _builder_version=&#8221;4.16&#8243; disabled=&#8221;on&#8221; locked=&#8221;off&#8221; global_colors_info=&#8221;{}&#8221;][\/et_pb_image][et_pb_text module_class=&#8221;regular-text&#8221; _builder_version=&#8221;4.24.2&#8243; _module_preset=&#8221;e179c0c4-c115-407d-a110-ebe813713cd6&#8243; text_font=&#8221;Amsi Pro Narrow Regular||||||||&#8221; text_line_height=&#8221;21px&#8221; locked=&#8221;off&#8221; global_colors_info=&#8221;{}&#8221;]<p style=\"text-align: left;\"><strong>Viheralueet l\u00e4hell\u00e4 PROTOa<\/strong><\/p>\n<p style=\"text-align: left;\"><span style=\"font-weight: 400;\">PROTOn ymp\u00e4rill\u00e4 on my\u00f6s monia erilaisia \u200b\u200bpuistoja, joissa voit k\u00e4yd\u00e4 k\u00e4velyll\u00e4, py\u00f6r\u00e4ill\u00e4 tai pit\u00e4\u00e4 mukavaa pikniki\u00e4 l\u00e4heistesi kanssa ennen tai j\u00e4lkeen vierailusi.<\/span><span style=\"font-weight: 400;\"><\/span><\/p>\n<p style=\"text-align: left;\">Katso lis\u00e4\u00e4 <a href=\"https:\/\/www.visittallinn.ee\/est\/k%C3%BClastaja\/mida-teha\/k%C3%BClasta\/rannad-rohealad?location=Kalamaja%20%26%20Pelgulinn\"><strong>T\u00c4\u00c4LT\u00c4<\/strong><\/a> .<\/p>[\/et_pb_text][et_pb_image src=&#8221;https:\/\/www.prototehas.ee\/wp-content\/uploads\/2019\/09\/hammasratas_joon.png&#8221; align=&#8221;center&#8221; disabled_on=&#8221;on|on|on&#8221; _builder_version=&#8221;4.24.2&#8243; disabled=&#8221;on&#8221; locked=&#8221;off&#8221; global_colors_info=&#8221;{}&#8221;][\/et_pb_image][et_pb_text module_class=&#8221;regular-text&#8221; _builder_version=&#8221;4.24.2&#8243; _module_preset=&#8221;e179c0c4-c115-407d-a110-ebe813713cd6&#8243; text_font=&#8221;Amsi Pro Narrow Regular||||||||&#8221; text_line_height=&#8221;21px&#8221; locked=&#8221;off&#8221; global_colors_info=&#8221;{}&#8221;]<p style=\"text-align: left;\"><strong>VIHRE\u00c4 AVAIN<\/strong><\/p>\n<p style=\"text-align: left;\"><strong>Green Key<\/strong> on kansainv\u00e4linen matkailualan <strong>ekomerkki<\/strong> ja vuodesta 1994 l\u00e4htien se on ollut johtava matkailualan ymp\u00e4rist\u00f6yst\u00e4v\u00e4llisen ja kest\u00e4v\u00e4n toiminnan tunnustusstandardi. T\u00e4h\u00e4n menness\u00e4 merkkiin on liittynyt noin 4 500 yrityst\u00e4 65 maasta ymp\u00e4ri maailmaa.<\/p>\n<p style=\"text-align: left;\">Green Keyn kansainv\u00e4linen johtaja on Foundation for Environmental Education, ja Virossa merkin my\u00f6nt\u00e4mist\u00e4 koordinoi Entrepreneurship and Innovation Foundation (EIS). Korkeatasoinen ymp\u00e4rist\u00f6nhoito varmistetaan toiminnan dokumentoinnilla, puolueettomalla auditoinnilla ja paikan p\u00e4\u00e4ll\u00e4 tarkastuksilla.<\/p>\n<p style=\"text-align: left;\">Katso lis\u00e4\u00e4 <a href=\"https:\/\/puhkaeestis.ee\/et\/traveltrade\/green-key\"><strong>T\u00c4\u00c4LT\u00c4<\/strong><\/a> .<br \/><br \/><\/p>\n<div style=\"text-align: left;\">PROTO Invention Factory sijaitsee ainutlaatuisessa Noblessnerin satamakaupungissa, jonka ymp\u00e4rist\u00f6ss\u00e4 on runsaasti historiaa ja kauniita luonnonmaisemia. T\u00e4m\u00e4n ymp\u00e4rist\u00f6n suojelemiseksi pyyd\u00e4mme sinua noudattamaan <strong><a href=\"https:\/\/noblessner.ee\/noblessnerist\/noblessneri-sisekorraeeskiri\/\">sis\u00e4isi\u00e4 s\u00e4\u00e4nt\u00f6j\u00e4<\/a><\/strong> y\u00f6pyess\u00e4si Noblessneriss\u00e4.<\/div>\n<p style=\"text-align: left;\"><\/p>[\/et_pb_text][\/et_pb_column][\/et_pb_row][\/et_pb_section]<span class=\"et_bloom_bottom_trigger\"><\/span>","protected":false},"excerpt":{"rendered":"<p>PROTO Invention Factoryssa arvostamme uteliaisuuden, luovuuden ja keksimisrohkeuden lis\u00e4ksi halua muuttua ja l\u00f6yt\u00e4\u00e4 ymp\u00e4rill\u00e4mme olevaa maailmaa sek\u00e4 ymm\u00e4rt\u00e4\u00e4 toimintamme vaikutusta luontoon. Siksi teemme ty\u00f6t\u00e4 PROTO pyrkii aktiivisesti pienent\u00e4m\u00e4\u00e4n ymp\u00e4rist\u00f6jalanj\u00e4lke\u00e4\u00e4n ollakseen esimerkkin\u00e4 ja edell\u00e4k\u00e4vij\u00e4n\u00e4 muille vastaaville yrityksille.\u00a0 PROTO Keksint\u00f6tehtaalla on ollut Green Key -ymp\u00e4rist\u00f6merkki vuodesta 2023 l\u00e4htien. PROTO:n ymp\u00e4rist\u00f6periaatteet: 1. PROTO Invention Factorylla Viro on aina [&hellip;]<\/p>\n","protected":false},"author":19,"featured_media":0,"parent":0,"menu_order":0,"comment_status":"closed","ping_status":"closed","template":"","meta":{"_acf_changed":false,"_et_pb_use_builder":"on","_et_pb_old_content":"","_et_gb_content_width":"","inline_featured_image":false,"footnotes":""},"class_list":["post-17004","page","type-page","status-publish","hentry"],"acf":[],"yoast_head":"<!-- This site is optimized with the Yoast SEO plugin v26.9 - https:\/\/yoast.com\/product\/yoast-seo-wordpress\/ -->\n<title>Kest\u00e4v\u00e4 kehitys PROTO Discovery Factorylla<\/title>\n<meta name=\"description\" content=\"PROTO Discovery Factorylla keskitymme kest\u00e4v\u00e4\u00e4n kehitykseen, ymp\u00e4rist\u00f6jalanj\u00e4lkemme pienent\u00e4miseen ja paikallisten ratkaisujen edist\u00e4miseen.\" \/>\n<meta name=\"robots\" content=\"index, follow, max-snippet:-1, max-image-preview:large, max-video-preview:-1\" \/>\n<link rel=\"canonical\" href=\"https:\/\/www.prototehas.ee\/fi\/kestava-kehitys\/\" \/>\n<meta property=\"og:locale\" content=\"fi_FI\" \/>\n<meta property=\"og:type\" content=\"article\" \/>\n<meta property=\"og:title\" content=\"Kest\u00e4v\u00e4 kehitys PROTO Discovery Factorylla\" \/>\n<meta property=\"og:description\" content=\"PROTO Discovery Factorylla keskitymme kest\u00e4v\u00e4\u00e4n kehitykseen, ymp\u00e4rist\u00f6jalanj\u00e4lkemme pienent\u00e4miseen ja paikallisten ratkaisujen edist\u00e4miseen.\" \/>\n<meta property=\"og:url\" content=\"https:\/\/www.prototehas.ee\/fi\/kestava-kehitys\/\" \/>\n<meta property=\"og:site_name\" content=\"PROTO avastustehas\" \/>\n<meta property=\"article:publisher\" content=\"https:\/\/www.facebook.com\/prototehas\/\" \/>\n<meta property=\"article:modified_time\" content=\"2025-07-15T13:41:30+00:00\" \/>\n<meta name=\"twitter:card\" content=\"summary_large_image\" \/>\n<meta name=\"twitter:label1\" content=\"Arvioitu lukuaika\" \/>\n\t<meta name=\"twitter:data1\" content=\"3 minuuttia\" \/>\n<script type=\"application\/ld+json\" class=\"yoast-schema-graph\">{\"@context\":\"https:\/\/schema.org\",\"@graph\":[{\"@type\":\"WebPage\",\"@id\":\"https:\/\/www.prototehas.ee\/fi\/kestava-kehitys\/\",\"url\":\"https:\/\/www.prototehas.ee\/fi\/kestava-kehitys\/\",\"name\":\"Kest\u00e4v\u00e4 kehitys PROTO Discovery Factorylla\",\"isPartOf\":{\"@id\":\"https:\/\/www.prototehas.ee\/fi\/#website\"},\"datePublished\":\"2023-07-28T10:17:10+00:00\",\"dateModified\":\"2025-07-15T13:41:30+00:00\",\"description\":\"PROTO Discovery Factorylla keskitymme kest\u00e4v\u00e4\u00e4n kehitykseen, ymp\u00e4rist\u00f6jalanj\u00e4lkemme pienent\u00e4miseen ja paikallisten ratkaisujen edist\u00e4miseen.\",\"breadcrumb\":{\"@id\":\"https:\/\/www.prototehas.ee\/fi\/kestava-kehitys\/#breadcrumb\"},\"inLanguage\":\"fi\",\"potentialAction\":[{\"@type\":\"ReadAction\",\"target\":[\"https:\/\/www.prototehas.ee\/fi\/kestava-kehitys\/\"]}]},{\"@type\":\"BreadcrumbList\",\"@id\":\"https:\/\/www.prototehas.ee\/fi\/kestava-kehitys\/#breadcrumb\",\"itemListElement\":[{\"@type\":\"ListItem\",\"position\":1,\"name\":\"Avaleht\",\"item\":\"https:\/\/www.prototehas.ee\/fi\/\"},{\"@type\":\"ListItem\",\"position\":2,\"name\":\"KEST\u00c4V\u00c4 KEHITYS\"}]},{\"@type\":\"WebSite\",\"@id\":\"https:\/\/www.prototehas.ee\/fi\/#website\",\"url\":\"https:\/\/www.prototehas.ee\/fi\/\",\"name\":\"PROTO avastustehas\",\"description\":\"Where science meets fantasy\",\"publisher\":{\"@id\":\"https:\/\/www.prototehas.ee\/fi\/#organization\"},\"potentialAction\":[{\"@type\":\"SearchAction\",\"target\":{\"@type\":\"EntryPoint\",\"urlTemplate\":\"https:\/\/www.prototehas.ee\/fi\/?s={search_term_string}\"},\"query-input\":{\"@type\":\"PropertyValueSpecification\",\"valueRequired\":true,\"valueName\":\"search_term_string\"}}],\"inLanguage\":\"fi\"},{\"@type\":\"Organization\",\"@id\":\"https:\/\/www.prototehas.ee\/fi\/#organization\",\"name\":\"PROTO avastustehas\",\"url\":\"https:\/\/www.prototehas.ee\/fi\/\",\"logo\":{\"@type\":\"ImageObject\",\"inLanguage\":\"fi\",\"@id\":\"https:\/\/www.prototehas.ee\/fi\/#\/schema\/logo\/image\/\",\"url\":\"https:\/\/www.prototehas.ee\/wp-content\/uploads\/2019\/10\/prototehas_logo_et_2.svg\",\"contentUrl\":\"https:\/\/www.prototehas.ee\/wp-content\/uploads\/2019\/10\/prototehas_logo_et_2.svg\",\"width\":100,\"height\":100,\"caption\":\"PROTO avastustehas\"},\"image\":{\"@id\":\"https:\/\/www.prototehas.ee\/fi\/#\/schema\/logo\/image\/\"},\"sameAs\":[\"https:\/\/www.facebook.com\/prototehas\/\"]}]}<\/script>\n<!-- \/ Yoast SEO plugin. -->","yoast_head_json":{"title":"Kest\u00e4v\u00e4 kehitys PROTO Discovery Factorylla","description":"PROTO Discovery Factorylla keskitymme kest\u00e4v\u00e4\u00e4n kehitykseen, ymp\u00e4rist\u00f6jalanj\u00e4lkemme pienent\u00e4miseen ja paikallisten ratkaisujen edist\u00e4miseen.","robots":{"index":"index","follow":"follow","max-snippet":"max-snippet:-1","max-image-preview":"max-image-preview:large","max-video-preview":"max-video-preview:-1"},"canonical":"https:\/\/www.prototehas.ee\/fi\/kestava-kehitys\/","og_locale":"fi_FI","og_type":"article","og_title":"Kest\u00e4v\u00e4 kehitys PROTO Discovery Factorylla","og_description":"PROTO Discovery Factorylla keskitymme kest\u00e4v\u00e4\u00e4n kehitykseen, ymp\u00e4rist\u00f6jalanj\u00e4lkemme pienent\u00e4miseen ja paikallisten ratkaisujen edist\u00e4miseen.","og_url":"https:\/\/www.prototehas.ee\/fi\/kestava-kehitys\/","og_site_name":"PROTO avastustehas","article_publisher":"https:\/\/www.facebook.com\/prototehas\/","article_modified_time":"2025-07-15T13:41:30+00:00","twitter_card":"summary_large_image","twitter_misc":{"Arvioitu lukuaika":"3 minuuttia"},"schema":{"@context":"https:\/\/schema.org","@graph":[{"@type":"WebPage","@id":"https:\/\/www.prototehas.ee\/fi\/kestava-kehitys\/","url":"https:\/\/www.prototehas.ee\/fi\/kestava-kehitys\/","name":"Kest\u00e4v\u00e4 kehitys PROTO Discovery Factorylla","isPartOf":{"@id":"https:\/\/www.prototehas.ee\/fi\/#website"},"datePublished":"2023-07-28T10:17:10+00:00","dateModified":"2025-07-15T13:41:30+00:00","description":"PROTO Discovery Factorylla keskitymme kest\u00e4v\u00e4\u00e4n kehitykseen, ymp\u00e4rist\u00f6jalanj\u00e4lkemme pienent\u00e4miseen ja paikallisten ratkaisujen edist\u00e4miseen.","breadcrumb":{"@id":"https:\/\/www.prototehas.ee\/fi\/kestava-kehitys\/#breadcrumb"},"inLanguage":"fi","potentialAction":[{"@type":"ReadAction","target":["https:\/\/www.prototehas.ee\/fi\/kestava-kehitys\/"]}]},{"@type":"BreadcrumbList","@id":"https:\/\/www.prototehas.ee\/fi\/kestava-kehitys\/#breadcrumb","itemListElement":[{"@type":"ListItem","position":1,"name":"Avaleht","item":"https:\/\/www.prototehas.ee\/fi\/"},{"@type":"ListItem","position":2,"name":"KEST\u00c4V\u00c4 KEHITYS"}]},{"@type":"WebSite","@id":"https:\/\/www.prototehas.ee\/fi\/#website","url":"https:\/\/www.prototehas.ee\/fi\/","name":"PROTO avastustehas","description":"Where science meets fantasy","publisher":{"@id":"https:\/\/www.prototehas.ee\/fi\/#organization"},"potentialAction":[{"@type":"SearchAction","target":{"@type":"EntryPoint","urlTemplate":"https:\/\/www.prototehas.ee\/fi\/?s={search_term_string}"},"query-input":{"@type":"PropertyValueSpecification","valueRequired":true,"valueName":"search_term_string"}}],"inLanguage":"fi"},{"@type":"Organization","@id":"https:\/\/www.prototehas.ee\/fi\/#organization","name":"PROTO avastustehas","url":"https:\/\/www.prototehas.ee\/fi\/","logo":{"@type":"ImageObject","inLanguage":"fi","@id":"https:\/\/www.prototehas.ee\/fi\/#\/schema\/logo\/image\/","url":"https:\/\/www.prototehas.ee\/wp-content\/uploads\/2019\/10\/prototehas_logo_et_2.svg","contentUrl":"https:\/\/www.prototehas.ee\/wp-content\/uploads\/2019\/10\/prototehas_logo_et_2.svg","width":100,"height":100,"caption":"PROTO avastustehas"},"image":{"@id":"https:\/\/www.prototehas.ee\/fi\/#\/schema\/logo\/image\/"},"sameAs":["https:\/\/www.facebook.com\/prototehas\/"]}]}},"_links":{"self":[{"href":"https:\/\/www.prototehas.ee\/fi\/wp-json\/wp\/v2\/pages\/17004","targetHints":{"allow":["GET"]}}],"collection":[{"href":"https:\/\/www.prototehas.ee\/fi\/wp-json\/wp\/v2\/pages"}],"about":[{"href":"https:\/\/www.prototehas.ee\/fi\/wp-json\/wp\/v2\/types\/page"}],"author":[{"embeddable":true,"href":"https:\/\/www.prototehas.ee\/fi\/wp-json\/wp\/v2\/users\/19"}],"replies":[{"embeddable":true,"href":"https:\/\/www.prototehas.ee\/fi\/wp-json\/wp\/v2\/comments?post=17004"}],"version-history":[{"count":5,"href":"https:\/\/www.prototehas.ee\/fi\/wp-json\/wp\/v2\/pages\/17004\/revisions"}],"predecessor-version":[{"id":34597,"href":"https:\/\/www.prototehas.ee\/fi\/wp-json\/wp\/v2\/pages\/17004\/revisions\/34597"}],"wp:attachment":[{"href":"https:\/\/www.prototehas.ee\/fi\/wp-json\/wp\/v2\/media?parent=17004"}],"curies":[{"name":"wp","href":"https:\/\/api.w.org\/{rel}","templated":true}]}}