{"id":2687,"date":"2019-10-10T07:53:33","date_gmt":"2019-10-10T07:53:33","guid":{"rendered":"http:\/\/protodev.ee\/?page_id=2687"},"modified":"2024-06-24T12:55:25","modified_gmt":"2024-06-24T12:55:25","slug":"aanien-sieppaaja","status":"publish","type":"page","link":"https:\/\/www.prototehas.ee\/fi\/aanien-sieppaaja\/","title":{"rendered":"\u00c4\u00c4NIEN SIEPPAAJA"},"content":{"rendered":"[et_pb_section fb_built=&#8221;1&#8243; _builder_version=&#8221;4.16&#8243; background_color=&#8221;#fff0d9&#8243; background_enable_image=&#8221;off&#8221; locked=&#8221;off&#8221; global_colors_info=&#8221;{}&#8221;][et_pb_row admin_label=&#8221;Main heading&#8221; _builder_version=&#8221;4.24.2&#8243; _module_preset=&#8221;default&#8221; global_colors_info=&#8221;{}&#8221;][et_pb_column type=&#8221;4_4&#8243; _builder_version=&#8221;4.24.2&#8243; _module_preset=&#8221;default&#8221; global_colors_info=&#8221;{}&#8221;][et_pb_heading title=&#8221;\u00c4\u00c4NIEN SIEPPAAJA&#8221; _builder_version=&#8221;4.24.2&#8243; _module_preset=&#8221;c9a4dd29-8345-43ea-bd4d-e73ae35e5717&#8243; hover_enabled=&#8221;0&#8243; global_colors_info=&#8221;{}&#8221; sticky_enabled=&#8221;0&#8243;][\/et_pb_heading][et_pb_text _builder_version=&#8221;4.24.2&#8243; _module_preset=&#8221;e179c0c4-c115-407d-a110-ebe813713cd6&#8243; custom_padding=&#8221;|90px||90px|false|false&#8221; custom_padding_tablet=&#8221;|20px||20px|false|false&#8221; custom_padding_phone=&#8221;|0px||0px|false|false&#8221; custom_padding_last_edited=&#8221;on|tablet&#8221; hover_enabled=&#8221;0&#8243; locked=&#8221;off&#8221; global_colors_info=&#8221;{}&#8221; sticky_enabled=&#8221;0&#8243;]<p style=\"text-align: center;\"><strong>Keskustele salaisuuksia yst\u00e4v\u00e4si kanssa satelliittiantennia k\u00e4ytt\u00e4en.<\/strong><\/p>[\/et_pb_text][\/et_pb_column][\/et_pb_row][et_pb_row column_structure=&#8221;1_2,1_2&#8243; use_custom_gutter=&#8221;on&#8221; gutter_width=&#8221;1&#8243; make_equal=&#8221;on&#8221; admin_label=&#8221;Card Image Right&#8221; _builder_version=&#8221;4.24.2&#8243; _module_preset=&#8221;default&#8221; background_color=&#8221;#FFFFFF&#8221; custom_margin=&#8221;25px||25px||false|false&#8221; custom_padding=&#8221;0px||0px||false|false&#8221; border_radii=&#8221;on|20px|20px|20px|20px&#8221; global_colors_info=&#8221;{}&#8221; custom_css_main_element_last_edited=&#8221;on|tablet&#8221;][et_pb_column type=&#8221;1_2&#8243; _builder_version=&#8221;4.24.2&#8243; _module_preset=&#8221;default&#8221; custom_padding=&#8221;|30px||30px|false|false&#8221; global_colors_info=&#8221;{}&#8221;][et_pb_text _builder_version=&#8221;4.24.2&#8243; _module_preset=&#8221;e179c0c4-c115-407d-a110-ebe813713cd6&#8243; custom_margin=&#8221;|0px|||false|false&#8221; custom_padding=&#8221;60px||30px|0px|false|false&#8221; hover_enabled=&#8221;0&#8243; global_colors_info=&#8221;{}&#8221; sticky_enabled=&#8221;0&#8243;]Jo muinaiset kreikkalaiset tiesiv\u00e4t, ett\u00e4 parabolisen peilin avulla leve\u00e4 valons\u00e4de voidaan tiivist\u00e4\u00e4 kapeaksi. Fyysikko Rudolf Hertz hy\u00f6dynsi samaa periaatetta radiotaajuuksilla ja kehitti maailman ensimm\u00e4isen parabolisen peiliantennin, eli lautasantennin, vuonna 1888. Kahden t\u00e4llaisen antennin avulla Hertz kykeni todistamaan radioaaltojen olemassaolon. Hertzin keksint\u00f6 oli suuri edistysaskel viestinn\u00e4n kehityksess\u00e4.\n\nHaluatko kokeilla, miten paraboliset heijastimet keskitt\u00e4v\u00e4t \u00e4\u00e4niaaltoja? Asetu heijastimen luo ja pyyd\u00e4 kaveriasi menem\u00e4\u00e4n toisen heijastimen luo. Koveran heijastimen ansiosta voitte puhua ilman, ett\u00e4 n\u00e4ette toisianne, ja vain yst\u00e4v\u00e4si voi kuulla puheesi. [\/et_pb_text][\/et_pb_column][et_pb_column type=&#8221;1_2&#8243; _builder_version=&#8221;4.24.2&#8243; _module_preset=&#8221;default&#8221; global_colors_info=&#8221;{}&#8221;][et_pb_image src=&#8221;https:\/\/www.prototehas.ee\/wp-content\/uploads\/2024\/05\/pildid_veebi_519x519px45.png&#8221; alt=&#8221;R\u00e4\u00e4gi salajutte helide p\u00fc\u00fcdja abil&#8221; title_text=&#8221;Helide p\u00fc\u00fcdja&#8221; show_bottom_space=&#8221;off&#8221; module_class=&#8221;pa-full-height-image-column&#8221; _builder_version=&#8221;4.24.2&#8243; _module_preset=&#8221;default&#8221; height=&#8221;100%&#8221; global_colors_info=&#8221;{}&#8221;][\/et_pb_image][\/et_pb_column][\/et_pb_row][et_pb_row column_structure=&#8221;1_2,1_2&#8243; use_custom_gutter=&#8221;on&#8221; gutter_width=&#8221;2&#8243; _builder_version=&#8221;4.24.2&#8243; _module_preset=&#8221;default&#8221; width=&#8221;95%&#8221; custom_margin=&#8221;||||false|false&#8221; hover_enabled=&#8221;0&#8243; locked=&#8221;off&#8221; global_colors_info=&#8221;{}&#8221; sticky_enabled=&#8221;0&#8243;][et_pb_column type=&#8221;1_2&#8243; _builder_version=&#8221;4.24.2&#8243; _module_preset=&#8221;default&#8221; global_colors_info=&#8221;{}&#8221;][et_pb_blurb title=&#8221;KEKSINN\u00d6N LAJI&#8221; _builder_version=&#8221;4.24.2&#8243; _module_preset=&#8221;481f6fb3-e1ad-4711-b65b-226135c026c0&#8243; global_colors_info=&#8221;{}&#8221;]KOKEILE ITSE\r[\/et_pb_blurb][et_pb_blurb title=&#8221;VAATIVUUSTASO&#8221; _builder_version=&#8221;4.24.2&#8243; _module_preset=&#8221;481f6fb3-e1ad-4711-b65b-226135c026c0&#8243; custom_margin=&#8221;||||false|false&#8221; locked=&#8221;off&#8221; global_colors_info=&#8221;{}&#8221;]HELPPO\r[\/et_pb_blurb][\/et_pb_column][et_pb_column type=&#8221;1_2&#8243; _builder_version=&#8221;4.24.2&#8243; _module_preset=&#8221;default&#8221; global_colors_info=&#8221;{}&#8221;][et_pb_blurb title=&#8221;KESTO&#8221; _builder_version=&#8221;4.24.2&#8243; _module_preset=&#8221;481f6fb3-e1ad-4711-b65b-226135c026c0&#8243; custom_margin=&#8221;||||false|false&#8221; locked=&#8221;off&#8221; global_colors_info=&#8221;{}&#8221;]<p>1 min<\/p>[\/et_pb_blurb][et_pb_blurb title=&#8221;PISTEYTYS&#8221; _builder_version=&#8221;4.24.2&#8243; _module_preset=&#8221;481f6fb3-e1ad-4711-b65b-226135c026c0&#8243; custom_margin=&#8221;30px||25px||false|false&#8221; global_colors_info=&#8221;{}&#8221;]EI\r[\/et_pb_blurb][\/et_pb_column][\/et_pb_row][\/et_pb_section]<span class=\"et_bloom_bottom_trigger\"><\/span>","protected":false},"excerpt":{"rendered":"<p>Keskustele salaisuuksia yst\u00e4v\u00e4si kanssa satelliittiantennia k\u00e4ytt\u00e4en.Jo muinaiset kreikkalaiset tiesiv\u00e4t, ett\u00e4 parabolisen peilin avulla leve\u00e4 valons\u00e4de voidaan tiivist\u00e4\u00e4 kapeaksi. Fyysikko Rudolf Hertz hy\u00f6dynsi samaa periaatetta radiotaajuuksilla ja kehitti maailman ensimm\u00e4isen parabolisen peiliantennin, eli lautasantennin, vuonna 1888. Kahden t\u00e4llaisen antennin avulla Hertz kykeni todistamaan radioaaltojen olemassaolon. Hertzin keksint\u00f6 oli suuri edistysaskel viestinn\u00e4n kehityksess\u00e4. Haluatko kokeilla, miten paraboliset [&hellip;]<\/p>\n","protected":false},"author":19,"featured_media":0,"parent":0,"menu_order":0,"comment_status":"closed","ping_status":"closed","template":"","meta":{"_acf_changed":false,"_et_pb_use_builder":"on","_et_pb_old_content":"","_et_gb_content_width":"","inline_featured_image":false,"footnotes":""},"class_list":["post-2687","page","type-page","status-publish","hentry"],"acf":[],"yoast_head":"<!-- This site is optimized with the Yoast SEO plugin v26.9 - https:\/\/yoast.com\/product\/yoast-seo-wordpress\/ -->\n<title>\u00c4\u00c4NIEN SIEPPAAJA - Elamuskeskus - PROTO avastustehas<\/title>\n<meta name=\"robots\" content=\"index, follow, max-snippet:-1, max-image-preview:large, max-video-preview:-1\" \/>\n<link rel=\"canonical\" href=\"https:\/\/www.prototehas.ee\/fi\/aanien-sieppaaja\/\" \/>\n<meta property=\"og:locale\" content=\"fi_FI\" \/>\n<meta property=\"og:type\" content=\"article\" \/>\n<meta property=\"og:title\" content=\"\u00c4\u00c4NIEN SIEPPAAJA - Elamuskeskus - PROTO avastustehas\" \/>\n<meta property=\"og:description\" content=\"Keskustele salaisuuksia yst\u00e4v\u00e4si kanssa satelliittiantennia k\u00e4ytt\u00e4en.Jo muinaiset kreikkalaiset tiesiv\u00e4t, ett\u00e4 parabolisen peilin avulla leve\u00e4 valons\u00e4de voidaan tiivist\u00e4\u00e4 kapeaksi. Fyysikko Rudolf Hertz hy\u00f6dynsi samaa periaatetta radiotaajuuksilla ja kehitti maailman ensimm\u00e4isen parabolisen peiliantennin, eli lautasantennin, vuonna 1888. Kahden t\u00e4llaisen antennin avulla Hertz kykeni todistamaan radioaaltojen olemassaolon. Hertzin keksint\u00f6 oli suuri edistysaskel viestinn\u00e4n kehityksess\u00e4. Haluatko kokeilla, miten paraboliset [&hellip;]\" \/>\n<meta property=\"og:url\" content=\"https:\/\/www.prototehas.ee\/fi\/aanien-sieppaaja\/\" \/>\n<meta property=\"og:site_name\" content=\"PROTO avastustehas\" \/>\n<meta property=\"article:publisher\" content=\"https:\/\/www.facebook.com\/prototehas\/\" \/>\n<meta property=\"article:modified_time\" content=\"2024-06-24T12:55:25+00:00\" \/>\n<meta name=\"twitter:card\" content=\"summary_large_image\" \/>\n<meta name=\"twitter:label1\" content=\"Arvioitu lukuaika\" \/>\n\t<meta name=\"twitter:data1\" content=\"2 minuuttia\" \/>\n<script type=\"application\/ld+json\" class=\"yoast-schema-graph\">{\"@context\":\"https:\/\/schema.org\",\"@graph\":[{\"@type\":\"WebPage\",\"@id\":\"https:\/\/www.prototehas.ee\/fi\/aanien-sieppaaja\/\",\"url\":\"https:\/\/www.prototehas.ee\/fi\/aanien-sieppaaja\/\",\"name\":\"\u00c4\u00c4NIEN SIEPPAAJA - Elamuskeskus - PROTO avastustehas\",\"isPartOf\":{\"@id\":\"https:\/\/www.prototehas.ee\/fi\/#website\"},\"datePublished\":\"2019-10-10T07:53:33+00:00\",\"dateModified\":\"2024-06-24T12:55:25+00:00\",\"breadcrumb\":{\"@id\":\"https:\/\/www.prototehas.ee\/fi\/aanien-sieppaaja\/#breadcrumb\"},\"inLanguage\":\"fi\",\"potentialAction\":[{\"@type\":\"ReadAction\",\"target\":[\"https:\/\/www.prototehas.ee\/fi\/aanien-sieppaaja\/\"]}]},{\"@type\":\"BreadcrumbList\",\"@id\":\"https:\/\/www.prototehas.ee\/fi\/aanien-sieppaaja\/#breadcrumb\",\"itemListElement\":[{\"@type\":\"ListItem\",\"position\":1,\"name\":\"Avaleht\",\"item\":\"https:\/\/www.prototehas.ee\/fi\/\"},{\"@type\":\"ListItem\",\"position\":2,\"name\":\"\u00c4\u00c4NIEN SIEPPAAJA\"}]},{\"@type\":\"WebSite\",\"@id\":\"https:\/\/www.prototehas.ee\/fi\/#website\",\"url\":\"https:\/\/www.prototehas.ee\/fi\/\",\"name\":\"PROTO avastustehas\",\"description\":\"Where science meets fantasy\",\"publisher\":{\"@id\":\"https:\/\/www.prototehas.ee\/fi\/#organization\"},\"potentialAction\":[{\"@type\":\"SearchAction\",\"target\":{\"@type\":\"EntryPoint\",\"urlTemplate\":\"https:\/\/www.prototehas.ee\/fi\/?s={search_term_string}\"},\"query-input\":{\"@type\":\"PropertyValueSpecification\",\"valueRequired\":true,\"valueName\":\"search_term_string\"}}],\"inLanguage\":\"fi\"},{\"@type\":\"Organization\",\"@id\":\"https:\/\/www.prototehas.ee\/fi\/#organization\",\"name\":\"PROTO avastustehas\",\"url\":\"https:\/\/www.prototehas.ee\/fi\/\",\"logo\":{\"@type\":\"ImageObject\",\"inLanguage\":\"fi\",\"@id\":\"https:\/\/www.prototehas.ee\/fi\/#\/schema\/logo\/image\/\",\"url\":\"https:\/\/www.prototehas.ee\/wp-content\/uploads\/2019\/10\/prototehas_logo_et_2.svg\",\"contentUrl\":\"https:\/\/www.prototehas.ee\/wp-content\/uploads\/2019\/10\/prototehas_logo_et_2.svg\",\"width\":100,\"height\":100,\"caption\":\"PROTO avastustehas\"},\"image\":{\"@id\":\"https:\/\/www.prototehas.ee\/fi\/#\/schema\/logo\/image\/\"},\"sameAs\":[\"https:\/\/www.facebook.com\/prototehas\/\"]}]}<\/script>\n<!-- \/ Yoast SEO plugin. -->","yoast_head_json":{"title":"\u00c4\u00c4NIEN SIEPPAAJA - Elamuskeskus - PROTO avastustehas","robots":{"index":"index","follow":"follow","max-snippet":"max-snippet:-1","max-image-preview":"max-image-preview:large","max-video-preview":"max-video-preview:-1"},"canonical":"https:\/\/www.prototehas.ee\/fi\/aanien-sieppaaja\/","og_locale":"fi_FI","og_type":"article","og_title":"\u00c4\u00c4NIEN SIEPPAAJA - Elamuskeskus - PROTO avastustehas","og_description":"Keskustele salaisuuksia yst\u00e4v\u00e4si kanssa satelliittiantennia k\u00e4ytt\u00e4en.Jo muinaiset kreikkalaiset tiesiv\u00e4t, ett\u00e4 parabolisen peilin avulla leve\u00e4 valons\u00e4de voidaan tiivist\u00e4\u00e4 kapeaksi. Fyysikko Rudolf Hertz hy\u00f6dynsi samaa periaatetta radiotaajuuksilla ja kehitti maailman ensimm\u00e4isen parabolisen peiliantennin, eli lautasantennin, vuonna 1888. Kahden t\u00e4llaisen antennin avulla Hertz kykeni todistamaan radioaaltojen olemassaolon. Hertzin keksint\u00f6 oli suuri edistysaskel viestinn\u00e4n kehityksess\u00e4. Haluatko kokeilla, miten paraboliset [&hellip;]","og_url":"https:\/\/www.prototehas.ee\/fi\/aanien-sieppaaja\/","og_site_name":"PROTO avastustehas","article_publisher":"https:\/\/www.facebook.com\/prototehas\/","article_modified_time":"2024-06-24T12:55:25+00:00","twitter_card":"summary_large_image","twitter_misc":{"Arvioitu lukuaika":"2 minuuttia"},"schema":{"@context":"https:\/\/schema.org","@graph":[{"@type":"WebPage","@id":"https:\/\/www.prototehas.ee\/fi\/aanien-sieppaaja\/","url":"https:\/\/www.prototehas.ee\/fi\/aanien-sieppaaja\/","name":"\u00c4\u00c4NIEN SIEPPAAJA - Elamuskeskus - PROTO avastustehas","isPartOf":{"@id":"https:\/\/www.prototehas.ee\/fi\/#website"},"datePublished":"2019-10-10T07:53:33+00:00","dateModified":"2024-06-24T12:55:25+00:00","breadcrumb":{"@id":"https:\/\/www.prototehas.ee\/fi\/aanien-sieppaaja\/#breadcrumb"},"inLanguage":"fi","potentialAction":[{"@type":"ReadAction","target":["https:\/\/www.prototehas.ee\/fi\/aanien-sieppaaja\/"]}]},{"@type":"BreadcrumbList","@id":"https:\/\/www.prototehas.ee\/fi\/aanien-sieppaaja\/#breadcrumb","itemListElement":[{"@type":"ListItem","position":1,"name":"Avaleht","item":"https:\/\/www.prototehas.ee\/fi\/"},{"@type":"ListItem","position":2,"name":"\u00c4\u00c4NIEN SIEPPAAJA"}]},{"@type":"WebSite","@id":"https:\/\/www.prototehas.ee\/fi\/#website","url":"https:\/\/www.prototehas.ee\/fi\/","name":"PROTO avastustehas","description":"Where science meets fantasy","publisher":{"@id":"https:\/\/www.prototehas.ee\/fi\/#organization"},"potentialAction":[{"@type":"SearchAction","target":{"@type":"EntryPoint","urlTemplate":"https:\/\/www.prototehas.ee\/fi\/?s={search_term_string}"},"query-input":{"@type":"PropertyValueSpecification","valueRequired":true,"valueName":"search_term_string"}}],"inLanguage":"fi"},{"@type":"Organization","@id":"https:\/\/www.prototehas.ee\/fi\/#organization","name":"PROTO avastustehas","url":"https:\/\/www.prototehas.ee\/fi\/","logo":{"@type":"ImageObject","inLanguage":"fi","@id":"https:\/\/www.prototehas.ee\/fi\/#\/schema\/logo\/image\/","url":"https:\/\/www.prototehas.ee\/wp-content\/uploads\/2019\/10\/prototehas_logo_et_2.svg","contentUrl":"https:\/\/www.prototehas.ee\/wp-content\/uploads\/2019\/10\/prototehas_logo_et_2.svg","width":100,"height":100,"caption":"PROTO avastustehas"},"image":{"@id":"https:\/\/www.prototehas.ee\/fi\/#\/schema\/logo\/image\/"},"sameAs":["https:\/\/www.facebook.com\/prototehas\/"]}]}},"_links":{"self":[{"href":"https:\/\/www.prototehas.ee\/fi\/wp-json\/wp\/v2\/pages\/2687","targetHints":{"allow":["GET"]}}],"collection":[{"href":"https:\/\/www.prototehas.ee\/fi\/wp-json\/wp\/v2\/pages"}],"about":[{"href":"https:\/\/www.prototehas.ee\/fi\/wp-json\/wp\/v2\/types\/page"}],"author":[{"embeddable":true,"href":"https:\/\/www.prototehas.ee\/fi\/wp-json\/wp\/v2\/users\/19"}],"replies":[{"embeddable":true,"href":"https:\/\/www.prototehas.ee\/fi\/wp-json\/wp\/v2\/comments?post=2687"}],"version-history":[{"count":3,"href":"https:\/\/www.prototehas.ee\/fi\/wp-json\/wp\/v2\/pages\/2687\/revisions"}],"predecessor-version":[{"id":29507,"href":"https:\/\/www.prototehas.ee\/fi\/wp-json\/wp\/v2\/pages\/2687\/revisions\/29507"}],"wp:attachment":[{"href":"https:\/\/www.prototehas.ee\/fi\/wp-json\/wp\/v2\/media?parent=2687"}],"curies":[{"name":"wp","href":"https:\/\/api.w.org\/{rel}","templated":true}]}}