{"id":28272,"date":"2020-11-23T12:22:46","date_gmt":"2020-11-23T12:22:46","guid":{"rendered":"http:\/\/protodev.ee\/kinkekaart\/"},"modified":"2025-08-19T09:05:10","modified_gmt":"2025-08-19T09:05:10","slug":"lahjakortti","status":"publish","type":"page","link":"https:\/\/www.prototehas.ee\/fi\/lahjakortti\/","title":{"rendered":"LAHJAKORTTI"},"content":{"rendered":"[et_pb_section fb_built=&#8221;1&#8243; _builder_version=&#8221;4.16&#8243; background_image=&#8221;https:\/\/www.prototehas.ee\/wp-content\/uploads\/2019\/11\/Fujifilm_Panorama3.jpg&#8221; custom_margin=&#8221;0px||||false|false&#8221; custom_padding=&#8221;13em||13em||true|false&#8221; global_colors_info=&#8221;{}&#8221;][\/et_pb_section][et_pb_section fb_built=&#8221;1&#8243; _builder_version=&#8221;4.16&#8243; background_enable_image=&#8221;off&#8221; global_colors_info=&#8221;{}&#8221;][et_pb_row admin_label=&#8221;Main heading&#8221; _builder_version=&#8221;4.24.2&#8243; _module_preset=&#8221;default&#8221; custom_padding=&#8221;||0px|||&#8221; global_colors_info=&#8221;{}&#8221;][et_pb_column type=&#8221;4_4&#8243; _builder_version=&#8221;4.24.2&#8243; _module_preset=&#8221;default&#8221; global_colors_info=&#8221;{}&#8221;][et_pb_heading title=&#8221;PROTO-LAHJAKORTTI &#8221; _builder_version=&#8221;4.24.2&#8243; _module_preset=&#8221;c9a4dd29-8345-43ea-bd4d-e73ae35e5717&#8243; global_colors_info=&#8221;{}&#8221;][\/et_pb_heading][\/et_pb_column][\/et_pb_row][et_pb_row _builder_version=&#8221;4.24.2&#8243; _module_preset=&#8221;default&#8221; min_height=&#8221;103.2px&#8221; custom_padding=&#8221;|20px|11px|20px|false|false&#8221; global_colors_info=&#8221;{}&#8221;][et_pb_column type=&#8221;4_4&#8243; _builder_version=&#8221;4.24.2&#8243; _module_preset=&#8221;default&#8221; global_colors_info=&#8221;{}&#8221;][et_pb_text _builder_version=&#8221;4.24.2&#8243; _module_preset=&#8221;default&#8221; global_colors_info=&#8221;{}&#8221;]<h3 style=\"text-align: center;\">PARAS LAHJA SYNTYM\u00c4P\u00c4IV\u00c4KSI, JOULUKSI TAI MIHIN TAHANSA ERITYISP\u00c4IV\u00c4\u00c4N!<\/h3>\r\n<p style=\"text-align: center;\"><span style=\"color: #000000;\"><strong>PROTO l\u00f6yt\u00f6tehtaan lahjakortti<\/strong> on j\u00e4nnitt\u00e4v\u00e4 ja el\u00e4myksellinen lahja niin aikuisille, lapsille kuin yrityksesi ty\u00f6ntekij\u00f6illekin. Valikoimastamme l\u00f6ytyy lahjakortteja opiskelijoille ja aikuisille sek\u00e4 perheille. Lahjakortti on paras lahja, koska n\u00e4in jokainen voi vierailla PROTOssa juuri silloin kun itse haluaa.<\/span><\/p>\r[\/et_pb_text][\/et_pb_column][\/et_pb_row][et_pb_row column_structure=&#8221;1_2,1_2&#8243; use_custom_gutter=&#8221;on&#8221; gutter_width=&#8221;1&#8243; make_equal=&#8221;on&#8221; admin_label=&#8221;Card Image Right&#8221; _builder_version=&#8221;4.24.2&#8243; _module_preset=&#8221;default&#8221; background_color=&#8221;#FFFFFF&#8221; custom_margin=&#8221;25px||25px||false|false&#8221; custom_padding=&#8221;0px||0px||false|false&#8221; border_radii=&#8221;on|20px|20px|20px|20px&#8221; global_colors_info=&#8221;{}&#8221; custom_css_main_element_last_edited=&#8221;on|tablet&#8221;][et_pb_column type=&#8221;1_2&#8243; _builder_version=&#8221;4.24.2&#8243; _module_preset=&#8221;default&#8221; custom_padding=&#8221;|30px||30px|false|false&#8221; global_colors_info=&#8221;{}&#8221;][et_pb_text _builder_version=&#8221;4.24.2&#8243; _module_preset=&#8221;e179c0c4-c115-407d-a110-ebe813713cd6&#8243; custom_margin=&#8221;|0px|||false|false&#8221; custom_padding=&#8221;29px||30px|0px|false|false&#8221; global_colors_info=&#8221;{}&#8221;]<p><strong>OPPILAAN LAHJAKORTTI* 11\u20ac<\/strong><br \/>Voimassa oppilaalle (7-18 v)<\/p>\n<p><strong>YHDEN HENKIL\u00d6N LAHJAKORTTI* 20\u20ac<\/strong><br \/>Voimassa yhdelle aikuiselle<\/p>\n<p><strong>PERHEEN K\u00c4YNNIN LAHJAKORTTI* 40\u20ac<\/strong><br \/>Voimassa perheen vierailulle (2 aikuista ja heid\u00e4n alaik\u00e4iset lapsensa)<\/p>\n<p>* Lahjakortti on voimassa vuoden ajan ostohetkest\u00e4 l\u00e4htien. Lahjakortit sis\u00e4lt\u00e4v\u00e4t kaikkien toimintan\u00e4yttelyiden ja virtuaalitodellisuuden el\u00e4myksien k\u00e4yt\u00f6n.<\/p>[\/et_pb_text][\/et_pb_column][et_pb_column type=&#8221;1_2&#8243; _builder_version=&#8221;4.24.2&#8243; _module_preset=&#8221;default&#8221; global_colors_info=&#8221;{}&#8221;][et_pb_image src=&#8221;https:\/\/www.prototehas.ee\/wp-content\/uploads\/2020\/12\/Kinkekaart_crop-1.jpg&#8221; alt=&#8221;PROTO avastustehase kinkekaart&#8221; title_text=&#8221;PROTO kinkekaart&#8221; show_bottom_space=&#8221;off&#8221; module_class=&#8221;pa-full-height-image-column&#8221; _builder_version=&#8221;4.24.2&#8243; _module_preset=&#8221;default&#8221; height=&#8221;100%&#8221; global_colors_info=&#8221;{}&#8221;][\/et_pb_image][\/et_pb_column][\/et_pb_row][et_pb_row admin_label=&#8221;Eesti Maitsed&#8221; _builder_version=&#8221;4.24.2&#8243; _module_preset=&#8221;default&#8221; locked=&#8221;off&#8221; global_colors_info=&#8221;{}&#8221;][et_pb_column type=&#8221;4_4&#8243; _builder_version=&#8221;4.16&#8243; _module_preset=&#8221;default&#8221; global_colors_info=&#8221;{}&#8221;][et_pb_text _builder_version=&#8221;4.24.2&#8243; _module_preset=&#8221;e179c0c4-c115-407d-a110-ebe813713cd6&#8243; custom_padding=&#8221;|90px||90px|false|false&#8221; custom_padding_tablet=&#8221;|20px||20px|false|false&#8221; custom_padding_phone=&#8221;|0px||0px|false|false&#8221; custom_padding_last_edited=&#8221;on|tablet&#8221; global_colors_info=&#8221;{}&#8221;]<div class=\"purchase-instructions\">\n<h2>MITEN OSTAA?<\/h2>\n<p>&nbsp;<\/p>\n<p style=\"text-align: left;\"><span style=\"font-size: 18px;\">PROTO-lahjakortteja voi ostaa seuraavilla tavoilla:<\/span><\/p>\n<ul>\n<li style=\"text-align: left;\">Paikan p\u00e4\u00e4lt\u00e4 PROTO-l\u00f6yt\u00f6tehtaan kassalta. Paikan p\u00e4\u00e4lt\u00e4 ostettaessa lis\u00e4\u00e4mme lahjakorttiin kauniin kirjekuoren ja esittelyjulkaisun. Kassa on avoinna ti-su 11-18.<\/li>\n<li style=\"text-align: left;\">L\u00e4hett\u00e4m\u00e4ll\u00e4 s\u00e4hk\u00f6postia osoitteeseen <a href=\"mailto:info@protofactory.ee\">info@protofactory.ee<\/a>. Pyyd\u00e4mme ilmoittamaan s\u00e4hk\u00f6postissa lahjakorttien tyypin ja m\u00e4\u00e4r\u00e4n. <strong>Lahjakortti toimitetaan PDF-muodossa.<\/strong><\/li>\n<li style=\"text-align: left;\">Tilaamalla PROTO-l\u00f6yt\u00f6tehtaan <strong><a href=\"https:\/\/prototehas.voog.com\/kinkekaardid-ja-piletid\">verkkokaupasta<\/a><\/strong>.<\/li>\n<li style=\"text-align: left;\"><strong><a href=\"https:\/\/www.piletilevi.ee\/fin\/liput\/kogupere\/proto-avastustehas-462486\/\">Piletilevi<\/a><\/strong><\/li>\n<\/ul>\n<\/div>[\/et_pb_text][\/et_pb_column][\/et_pb_row][\/et_pb_section]<span class=\"et_bloom_bottom_trigger\"><\/span>","protected":false},"excerpt":{"rendered":"<p>PARAS LAHJA SYNTYM\u00c4P\u00c4IV\u00c4KSI, JOULUKSI TAI MIHIN TAHANSA ERITYISP\u00c4IV\u00c4\u00c4N! PROTO l\u00f6yt\u00f6tehtaan lahjakortti on j\u00e4nnitt\u00e4v\u00e4 ja el\u00e4myksellinen lahja niin aikuisille, lapsille kuin yrityksesi ty\u00f6ntekij\u00f6illekin. Valikoimastamme l\u00f6ytyy lahjakortteja opiskelijoille ja aikuisille sek\u00e4 perheille. Lahjakortti on paras lahja, koska n\u00e4in jokainen voi vierailla PROTOssa juuri silloin kun itse haluaa. OPPILAAN LAHJAKORTTI* 11\u20acVoimassa oppilaalle (7-18 v) YHDEN HENKIL\u00d6N LAHJAKORTTI* 20\u20acVoimassa [&hellip;]<\/p>\n","protected":false},"author":15,"featured_media":0,"parent":0,"menu_order":0,"comment_status":"closed","ping_status":"closed","template":"","meta":{"_acf_changed":false,"_et_pb_use_builder":"on","_et_pb_old_content":"","_et_gb_content_width":"","inline_featured_image":false,"footnotes":""},"class_list":["post-28272","page","type-page","status-publish","hentry"],"acf":[],"yoast_head":"<!-- This site is optimized with the Yoast SEO plugin v26.9 - https:\/\/yoast.com\/product\/yoast-seo-wordpress\/ -->\n<title>Kinkekaart - Elamused suurtele ja v\u00e4ikestele - PROTO avastustehas<\/title>\n<meta name=\"description\" content=\"PROTO avastustehase kinkekaart on p\u00f5nev ja elamuslik kingitus nii t\u00e4iskasvanutele, lastele kui oma ettev\u00f5tte t\u00f6\u00f6tajatele. Loe rohkem!\" \/>\n<meta name=\"robots\" content=\"index, follow, max-snippet:-1, max-image-preview:large, max-video-preview:-1\" \/>\n<link rel=\"canonical\" href=\"https:\/\/www.prototehas.ee\/fi\/lahjakortti\/\" \/>\n<meta property=\"og:locale\" content=\"fi_FI\" \/>\n<meta property=\"og:type\" content=\"article\" \/>\n<meta property=\"og:title\" content=\"Kinkekaart - Elamused suurtele ja v\u00e4ikestele - PROTO avastustehas\" \/>\n<meta property=\"og:description\" content=\"PROTO avastustehase kinkekaart on p\u00f5nev ja elamuslik kingitus nii t\u00e4iskasvanutele, lastele kui oma ettev\u00f5tte t\u00f6\u00f6tajatele. Loe rohkem!\" \/>\n<meta property=\"og:url\" content=\"https:\/\/www.prototehas.ee\/fi\/lahjakortti\/\" \/>\n<meta property=\"og:site_name\" content=\"PROTO avastustehas\" \/>\n<meta property=\"article:publisher\" content=\"https:\/\/www.facebook.com\/prototehas\/\" \/>\n<meta property=\"article:modified_time\" content=\"2025-08-19T09:05:10+00:00\" \/>\n<meta name=\"twitter:card\" content=\"summary_large_image\" \/>\n<meta name=\"twitter:label1\" content=\"Arvioitu lukuaika\" \/>\n\t<meta name=\"twitter:data1\" content=\"2 minuuttia\" \/>\n<script type=\"application\/ld+json\" class=\"yoast-schema-graph\">{\"@context\":\"https:\/\/schema.org\",\"@graph\":[{\"@type\":\"WebPage\",\"@id\":\"https:\/\/www.prototehas.ee\/fi\/lahjakortti\/\",\"url\":\"https:\/\/www.prototehas.ee\/fi\/lahjakortti\/\",\"name\":\"Kinkekaart - Elamused suurtele ja v\u00e4ikestele - PROTO avastustehas\",\"isPartOf\":{\"@id\":\"https:\/\/www.prototehas.ee\/fi\/#website\"},\"datePublished\":\"2020-11-23T12:22:46+00:00\",\"dateModified\":\"2025-08-19T09:05:10+00:00\",\"description\":\"PROTO avastustehase kinkekaart on p\u00f5nev ja elamuslik kingitus nii t\u00e4iskasvanutele, lastele kui oma ettev\u00f5tte t\u00f6\u00f6tajatele. Loe rohkem!\",\"breadcrumb\":{\"@id\":\"https:\/\/www.prototehas.ee\/fi\/lahjakortti\/#breadcrumb\"},\"inLanguage\":\"fi\",\"potentialAction\":[{\"@type\":\"ReadAction\",\"target\":[\"https:\/\/www.prototehas.ee\/fi\/lahjakortti\/\"]}]},{\"@type\":\"BreadcrumbList\",\"@id\":\"https:\/\/www.prototehas.ee\/fi\/lahjakortti\/#breadcrumb\",\"itemListElement\":[{\"@type\":\"ListItem\",\"position\":1,\"name\":\"Avaleht\",\"item\":\"https:\/\/www.prototehas.ee\/fi\/\"},{\"@type\":\"ListItem\",\"position\":2,\"name\":\"LAHJAKORTTI\"}]},{\"@type\":\"WebSite\",\"@id\":\"https:\/\/www.prototehas.ee\/fi\/#website\",\"url\":\"https:\/\/www.prototehas.ee\/fi\/\",\"name\":\"PROTO avastustehas\",\"description\":\"Where science meets fantasy\",\"publisher\":{\"@id\":\"https:\/\/www.prototehas.ee\/fi\/#organization\"},\"potentialAction\":[{\"@type\":\"SearchAction\",\"target\":{\"@type\":\"EntryPoint\",\"urlTemplate\":\"https:\/\/www.prototehas.ee\/fi\/?s={search_term_string}\"},\"query-input\":{\"@type\":\"PropertyValueSpecification\",\"valueRequired\":true,\"valueName\":\"search_term_string\"}}],\"inLanguage\":\"fi\"},{\"@type\":\"Organization\",\"@id\":\"https:\/\/www.prototehas.ee\/fi\/#organization\",\"name\":\"PROTO avastustehas\",\"url\":\"https:\/\/www.prototehas.ee\/fi\/\",\"logo\":{\"@type\":\"ImageObject\",\"inLanguage\":\"fi\",\"@id\":\"https:\/\/www.prototehas.ee\/fi\/#\/schema\/logo\/image\/\",\"url\":\"https:\/\/www.prototehas.ee\/wp-content\/uploads\/2019\/10\/prototehas_logo_et_2.svg\",\"contentUrl\":\"https:\/\/www.prototehas.ee\/wp-content\/uploads\/2019\/10\/prototehas_logo_et_2.svg\",\"width\":100,\"height\":100,\"caption\":\"PROTO avastustehas\"},\"image\":{\"@id\":\"https:\/\/www.prototehas.ee\/fi\/#\/schema\/logo\/image\/\"},\"sameAs\":[\"https:\/\/www.facebook.com\/prototehas\/\"]}]}<\/script>\n<!-- \/ Yoast SEO plugin. -->","yoast_head_json":{"title":"Kinkekaart - Elamused suurtele ja v\u00e4ikestele - PROTO avastustehas","description":"PROTO avastustehase kinkekaart on p\u00f5nev ja elamuslik kingitus nii t\u00e4iskasvanutele, lastele kui oma ettev\u00f5tte t\u00f6\u00f6tajatele. Loe rohkem!","robots":{"index":"index","follow":"follow","max-snippet":"max-snippet:-1","max-image-preview":"max-image-preview:large","max-video-preview":"max-video-preview:-1"},"canonical":"https:\/\/www.prototehas.ee\/fi\/lahjakortti\/","og_locale":"fi_FI","og_type":"article","og_title":"Kinkekaart - Elamused suurtele ja v\u00e4ikestele - PROTO avastustehas","og_description":"PROTO avastustehase kinkekaart on p\u00f5nev ja elamuslik kingitus nii t\u00e4iskasvanutele, lastele kui oma ettev\u00f5tte t\u00f6\u00f6tajatele. Loe rohkem!","og_url":"https:\/\/www.prototehas.ee\/fi\/lahjakortti\/","og_site_name":"PROTO avastustehas","article_publisher":"https:\/\/www.facebook.com\/prototehas\/","article_modified_time":"2025-08-19T09:05:10+00:00","twitter_card":"summary_large_image","twitter_misc":{"Arvioitu lukuaika":"2 minuuttia"},"schema":{"@context":"https:\/\/schema.org","@graph":[{"@type":"WebPage","@id":"https:\/\/www.prototehas.ee\/fi\/lahjakortti\/","url":"https:\/\/www.prototehas.ee\/fi\/lahjakortti\/","name":"Kinkekaart - Elamused suurtele ja v\u00e4ikestele - PROTO avastustehas","isPartOf":{"@id":"https:\/\/www.prototehas.ee\/fi\/#website"},"datePublished":"2020-11-23T12:22:46+00:00","dateModified":"2025-08-19T09:05:10+00:00","description":"PROTO avastustehase kinkekaart on p\u00f5nev ja elamuslik kingitus nii t\u00e4iskasvanutele, lastele kui oma ettev\u00f5tte t\u00f6\u00f6tajatele. Loe rohkem!","breadcrumb":{"@id":"https:\/\/www.prototehas.ee\/fi\/lahjakortti\/#breadcrumb"},"inLanguage":"fi","potentialAction":[{"@type":"ReadAction","target":["https:\/\/www.prototehas.ee\/fi\/lahjakortti\/"]}]},{"@type":"BreadcrumbList","@id":"https:\/\/www.prototehas.ee\/fi\/lahjakortti\/#breadcrumb","itemListElement":[{"@type":"ListItem","position":1,"name":"Avaleht","item":"https:\/\/www.prototehas.ee\/fi\/"},{"@type":"ListItem","position":2,"name":"LAHJAKORTTI"}]},{"@type":"WebSite","@id":"https:\/\/www.prototehas.ee\/fi\/#website","url":"https:\/\/www.prototehas.ee\/fi\/","name":"PROTO avastustehas","description":"Where science meets fantasy","publisher":{"@id":"https:\/\/www.prototehas.ee\/fi\/#organization"},"potentialAction":[{"@type":"SearchAction","target":{"@type":"EntryPoint","urlTemplate":"https:\/\/www.prototehas.ee\/fi\/?s={search_term_string}"},"query-input":{"@type":"PropertyValueSpecification","valueRequired":true,"valueName":"search_term_string"}}],"inLanguage":"fi"},{"@type":"Organization","@id":"https:\/\/www.prototehas.ee\/fi\/#organization","name":"PROTO avastustehas","url":"https:\/\/www.prototehas.ee\/fi\/","logo":{"@type":"ImageObject","inLanguage":"fi","@id":"https:\/\/www.prototehas.ee\/fi\/#\/schema\/logo\/image\/","url":"https:\/\/www.prototehas.ee\/wp-content\/uploads\/2019\/10\/prototehas_logo_et_2.svg","contentUrl":"https:\/\/www.prototehas.ee\/wp-content\/uploads\/2019\/10\/prototehas_logo_et_2.svg","width":100,"height":100,"caption":"PROTO avastustehas"},"image":{"@id":"https:\/\/www.prototehas.ee\/fi\/#\/schema\/logo\/image\/"},"sameAs":["https:\/\/www.facebook.com\/prototehas\/"]}]}},"_links":{"self":[{"href":"https:\/\/www.prototehas.ee\/fi\/wp-json\/wp\/v2\/pages\/28272","targetHints":{"allow":["GET"]}}],"collection":[{"href":"https:\/\/www.prototehas.ee\/fi\/wp-json\/wp\/v2\/pages"}],"about":[{"href":"https:\/\/www.prototehas.ee\/fi\/wp-json\/wp\/v2\/types\/page"}],"author":[{"embeddable":true,"href":"https:\/\/www.prototehas.ee\/fi\/wp-json\/wp\/v2\/users\/15"}],"replies":[{"embeddable":true,"href":"https:\/\/www.prototehas.ee\/fi\/wp-json\/wp\/v2\/comments?post=28272"}],"version-history":[{"count":5,"href":"https:\/\/www.prototehas.ee\/fi\/wp-json\/wp\/v2\/pages\/28272\/revisions"}],"predecessor-version":[{"id":34827,"href":"https:\/\/www.prototehas.ee\/fi\/wp-json\/wp\/v2\/pages\/28272\/revisions\/34827"}],"wp:attachment":[{"href":"https:\/\/www.prototehas.ee\/fi\/wp-json\/wp\/v2\/media?parent=28272"}],"curies":[{"name":"wp","href":"https:\/\/api.w.org\/{rel}","templated":true}]}}