{"id":28594,"date":"2021-04-09T09:12:40","date_gmt":"2021-04-09T09:12:40","guid":{"rendered":"http:\/\/protodev.ee\/haridusprogrammide-tellimisinfo\/"},"modified":"2021-04-09T09:12:40","modified_gmt":"2021-04-09T09:12:40","slug":"haridusprogrammide-tellimisinfo","status":"publish","type":"page","link":"https:\/\/www.prototehas.ee\/fi\/haridusprogrammide-tellimisinfo\/","title":{"rendered":"HARIDUSPROGRAMMIDE TELLIMISINFO"},"content":{"rendered":"[et_pb_section fb_built=&#8221;1&#8243; _builder_version=&#8221;4.16&#8243; background_color=&#8221;#fff0d9&#8243; background_enable_image=&#8221;off&#8221; global_colors_info=&#8221;{}&#8221;][et_pb_row _builder_version=&#8221;4.16&#8243; global_colors_info=&#8221;{}&#8221; locked=&#8221;off&#8221;][et_pb_column type=&#8221;4_4&#8243; _builder_version=&#8221;4.16&#8243; global_colors_info=&#8221;{}&#8221;][et_pb_heading title=&#8221;HARIDUSPROGRAMMIDE TELLIMISINFO&#8221; _builder_version=&#8221;4.24.2&#8243; _module_preset=&#8221;c9a4dd29-8345-43ea-bd4d-e73ae35e5717&#8243; global_colors_info=&#8221;{}&#8221; locked=&#8221;off&#8221;][\/et_pb_heading][et_pb_text module_class=&#8221;regular-text&#8221; _builder_version=&#8221;4.24.2&#8243; _module_preset=&#8221;e179c0c4-c115-407d-a110-ebe813713cd6&#8243; text_font=&#8221;Amsi Pro Narrow Regular||||||||&#8221; text_line_height=&#8221;21px&#8221; hover_enabled=&#8221;0&#8243; global_colors_info=&#8221;{}&#8221; sticky_enabled=&#8221;0&#8243;]<ul>\n<li style=\"text-align: left;\">\u00d5ppeprogramm toimub vaid ettetellimisel E-R.<\/li>\n<li style=\"text-align: left;\">Programmi algusajad: 9:30; 11:30; 13:30 \u2026 (erisoovid kokkuleppel)<\/li>\n<li style=\"text-align: left;\">Hind: 11 \u20ac\/\u00f5pilane ja 6 \u20ac\/lasteaialaps (8\u20ac\/erivajadusega \u00f5pilane).<\/li>\n<li style=\"text-align: left;\">Programmid toimuvad eesti, inglise ja vene keeles.<\/li>\n<li style=\"text-align: left;\">\u00dche grupi suurus on kuni 30 \u00f5pilast. Minimaalne grupi suurus on 10 \u00f5pilast.<br \/><strong>Pane t\u00e4hele!<\/strong> Kui tunnis osalev grupp on v\u00e4iksem kui 10 osalejat, rakendub hind 10 \u00f5pilase eest.<\/li>\n<li style=\"text-align: left;\">Programm sisaldab k\u00f5ikide eksponaatide k\u00fclastust. Planeeri \u00f5ppeprogrammile lisaks v\u00e4hemalt tund aega, mille jooksul saavad \u00f5pilased avastada VR-maailma ja 19. sajandi leiutisi.<\/li>\n<\/ul>\n<p style=\"text-align: left;\"><strong>Saatjad:<\/strong><\/p>\n<ul>\n<li style=\"text-align: left;\">Iga 10 \u00f5pilase kohta 1 saatja tasuta<\/li>\n<li style=\"text-align: left;\">Iga 7 lasteaialapse kohta 1 saatja tasuta<\/li>\n<li style=\"text-align: left;\">Erivajadusega \u00f5pilaste grupi puhul on k\u00f5ik tugiisikud tasuta<\/li>\n<\/ul>\n<p style=\"text-align: left;\"><strong>Toitlustus:<\/strong><\/p>\n<p style=\"text-align: left;\">Telli lisaks toitlustus PROTO kohvikust. Vaata <a href=\"https:\/\/www.prototehas.ee\/grupimenuu-lastele\/\"><strong>SIIT<\/strong><\/a>.<\/p>\n<p style=\"text-align: left;\"><strong>OLULINE! Grupi suurust saab muuta kuni 2 p\u00e4eva enne k\u00fclastust. Vastasel juhul tasutakse tellitud arvu j\u00e4rgi.<\/strong><\/p>\n<p style=\"text-align: left;\">K\u00fclastuse sujuvaks kulgemiseks ja soovitud eesm\u00e4rkide saavutamiseks soovitame:<\/p>\n<div class=\"et_pb_text_inner\" style=\"text-align: left;\">\n<ul>\n<li>tutvustada \u00f5pilastele enne k\u00fclastust PROTO avastustehast veebilehel olevate piltide kaudu ja selgitada p\u00e4evakava \u00fclesehitust;<\/li>\n<li>tutvuda PROTO kodulehel haridusprogrammide \u00f5ppematerjalidega.<\/li>\n<\/ul>\n<p>&nbsp;<\/p>\n<\/div>\n<div class=\"et_pb_text_inner\" style=\"text-align: left;\">\n<h3>\u00d5PPEMATERJALID<\/h3>\n<\/div>\n<div class=\"et_pb_text_inner\" style=\"text-align: left;\">\n<ul>\n<li>Katsed soojuspaisumise kohta. Lae alla <a href=\"https:\/\/www.prototehas.ee\/wp-content\/uploads\/2020\/02\/01_Kuuma%C3%B5hupalli-%C3%B5pituba-sissejuhatavad-katsed-kooli.docx\" target=\"_blank\" rel=\"noopener noreferrer\">SIIT<\/a>.<\/li>\n<li>Kuuma\u00f5hupalli \u00f5pituba kokkuv\u00f5ttev t\u00f6\u00f6leht. Lae alla <a href=\"https:\/\/www.prototehas.ee\/wp-content\/uploads\/2020\/02\/05_Kuuma%C3%B5hupall_t%C3%B6%C3%B6leht_kokkuv%C3%B5te.docx\" target=\"_blank\" rel=\"noopener noreferrer\">SIIT<\/a>.<\/li>\n<li><span>PROTO <\/span><span>haridusplakat<\/span>. Lae alla <a href=\"https:\/\/www.prototehas.ee\/wp-content\/uploads\/2022\/08\/PROTO_A3_220817_01.pdf\" target=\"_blank\" rel=\"noopener noreferrer\">SIIT<\/a>.<\/li>\n<\/ul>\n<\/div>\n<p style=\"text-align: left;\">[\/et_pb_text][et_pb_button button_url=&#8221;https:\/\/www.prototehas.ee\/oppeprogrammide-paring\/&#8221; button_text=&#8221;SAADA P\u00c4RING&#8221; button_alignment=&#8221;center&#8221; _builder_version=&#8221;4.24.2&#8243; _module_preset=&#8221;f68e210a-7307-4655-825f-63256ae554ce&#8221; hover_enabled=&#8221;0&#8243; global_colors_info=&#8221;{}&#8221; sticky_enabled=&#8221;0&#8243;][\/et_pb_button][et_pb_text module_class=&#8221;regular-text&#8221; _builder_version=&#8221;4.24.2&#8243; _module_preset=&#8221;e179c0c4-c115-407d-a110-ebe813713cd6&#8243; text_font=&#8221;Amsi Pro Narrow Regular||||||||&#8221; text_line_height=&#8221;21px&#8221; hover_enabled=&#8221;0&#8243; global_colors_info=&#8221;{}&#8221; sticky_enabled=&#8221;0&#8243; locked=&#8221;off&#8221;]<p><strong>E-mail: <a href=\"mailto:info@protofactory.ee\">info@protofactory.ee<\/a><\/strong><br \/><strong>Telefon: +372 627 6660<\/strong><\/p>\n<p style=\"font-weight: 400;\"><span>Kas teadsid, et <strong><a href=\"https:\/\/luxexpress.eu\/schools\/\">Lux Expressi<\/a><\/strong> mugav ja turvaline buss on m\u00f5istlik valik nii \u00f5ppek\u00e4iguks kui ka kooliekskursiooniks? Loe l\u00e4hemalt Lux Expressiga klassiekskursiooni tegemise v\u00f5imalustest ning tutvu hinnapakkumiste ja s\u00f5iduplaanidega.<\/span><\/p>\n<p style=\"font-weight: 400;\"><span>Tallinna bussijaamast saad tulla PROTO avastustehasesse trammiga number 2 v\u00f5i 4 ja &#8221;Mere Puiestee&#8221; peatuses istuda \u00fcmber bussile number 73, millega soovitame s\u00f5ita &#8221;Noblessneri&#8221; peatusesse, kust PROTO on vaid l\u00fchikese jalutusk\u00e4igu kaugusel. Tallinna \u00fchistranspordiga s\u00f5idavad \u00f5pilased tasuta!<\/span><\/p>[\/et_pb_text][\/et_pb_column][\/et_pb_row][\/et_pb_section]<span class=\"et_bloom_bottom_trigger\"><\/span>","protected":false},"excerpt":{"rendered":"<p>\u00d5ppeprogramm toimub vaid ettetellimisel E-R. Programmi algusajad: 9:30; 11:30; 13:30 \u2026 (erisoovid kokkuleppel) Hind: 11 \u20ac\/\u00f5pilane ja 6 \u20ac\/lasteaialaps (8\u20ac\/erivajadusega \u00f5pilane). Programmid toimuvad eesti, inglise ja vene keeles. \u00dche grupi suurus on kuni 30 \u00f5pilast. Minimaalne grupi suurus on 10 \u00f5pilast.Pane t\u00e4hele! Kui tunnis osalev grupp on v\u00e4iksem kui 10 osalejat, rakendub hind 10 \u00f5pilase [&hellip;]<\/p>\n","protected":false},"author":15,"featured_media":0,"parent":0,"menu_order":0,"comment_status":"closed","ping_status":"closed","template":"","meta":{"_acf_changed":false,"_et_pb_use_builder":"on","_et_pb_old_content":"","_et_gb_content_width":"","inline_featured_image":false,"footnotes":""},"class_list":["post-28594","page","type-page","status-publish","hentry"],"acf":[],"yoast_head":"<!-- This site is optimized with the Yoast SEO plugin v26.9 - https:\/\/yoast.com\/product\/yoast-seo-wordpress\/ -->\n<title>HARIDUSPROGRAMMIDE TELLIMISINFO - PROTO avastustehas<\/title>\n<meta name=\"robots\" content=\"index, follow, max-snippet:-1, max-image-preview:large, max-video-preview:-1\" \/>\n<link rel=\"canonical\" href=\"https:\/\/www.prototehas.ee\/fi\/haridusprogrammide-tellimisinfo\/\" \/>\n<meta property=\"og:locale\" content=\"fi_FI\" \/>\n<meta property=\"og:type\" content=\"article\" \/>\n<meta property=\"og:title\" content=\"HARIDUSPROGRAMMIDE TELLIMISINFO - PROTO avastustehas\" \/>\n<meta property=\"og:description\" content=\"\u00d5ppeprogramm toimub vaid ettetellimisel E-R. Programmi algusajad: 9:30; 11:30; 13:30 \u2026 (erisoovid kokkuleppel) Hind: 11 \u20ac\/\u00f5pilane ja 6 \u20ac\/lasteaialaps (8\u20ac\/erivajadusega \u00f5pilane). Programmid toimuvad eesti, inglise ja vene keeles. \u00dche grupi suurus on kuni 30 \u00f5pilast. Minimaalne grupi suurus on 10 \u00f5pilast.Pane t\u00e4hele! Kui tunnis osalev grupp on v\u00e4iksem kui 10 osalejat, rakendub hind 10 \u00f5pilase [&hellip;]\" \/>\n<meta property=\"og:url\" content=\"https:\/\/www.prototehas.ee\/fi\/haridusprogrammide-tellimisinfo\/\" \/>\n<meta property=\"og:site_name\" content=\"PROTO avastustehas\" \/>\n<meta property=\"article:publisher\" content=\"https:\/\/www.facebook.com\/prototehas\/\" \/>\n<meta name=\"twitter:card\" content=\"summary_large_image\" \/>\n<meta name=\"twitter:label1\" content=\"Arvioitu lukuaika\" \/>\n\t<meta name=\"twitter:data1\" content=\"2 minuuttia\" \/>\n<script type=\"application\/ld+json\" class=\"yoast-schema-graph\">{\"@context\":\"https:\/\/schema.org\",\"@graph\":[{\"@type\":\"WebPage\",\"@id\":\"https:\/\/www.prototehas.ee\/fi\/haridusprogrammide-tellimisinfo\/\",\"url\":\"https:\/\/www.prototehas.ee\/fi\/haridusprogrammide-tellimisinfo\/\",\"name\":\"HARIDUSPROGRAMMIDE TELLIMISINFO - PROTO avastustehas\",\"isPartOf\":{\"@id\":\"https:\/\/www.prototehas.ee\/fi\/#website\"},\"datePublished\":\"2021-04-09T09:12:40+00:00\",\"breadcrumb\":{\"@id\":\"https:\/\/www.prototehas.ee\/fi\/haridusprogrammide-tellimisinfo\/#breadcrumb\"},\"inLanguage\":\"fi\",\"potentialAction\":[{\"@type\":\"ReadAction\",\"target\":[\"https:\/\/www.prototehas.ee\/fi\/haridusprogrammide-tellimisinfo\/\"]}]},{\"@type\":\"BreadcrumbList\",\"@id\":\"https:\/\/www.prototehas.ee\/fi\/haridusprogrammide-tellimisinfo\/#breadcrumb\",\"itemListElement\":[{\"@type\":\"ListItem\",\"position\":1,\"name\":\"Avaleht\",\"item\":\"https:\/\/www.prototehas.ee\/fi\/\"},{\"@type\":\"ListItem\",\"position\":2,\"name\":\"HARIDUSPROGRAMMIDE TELLIMISINFO\"}]},{\"@type\":\"WebSite\",\"@id\":\"https:\/\/www.prototehas.ee\/fi\/#website\",\"url\":\"https:\/\/www.prototehas.ee\/fi\/\",\"name\":\"PROTO avastustehas\",\"description\":\"Where science meets fantasy\",\"publisher\":{\"@id\":\"https:\/\/www.prototehas.ee\/fi\/#organization\"},\"potentialAction\":[{\"@type\":\"SearchAction\",\"target\":{\"@type\":\"EntryPoint\",\"urlTemplate\":\"https:\/\/www.prototehas.ee\/fi\/?s={search_term_string}\"},\"query-input\":{\"@type\":\"PropertyValueSpecification\",\"valueRequired\":true,\"valueName\":\"search_term_string\"}}],\"inLanguage\":\"fi\"},{\"@type\":\"Organization\",\"@id\":\"https:\/\/www.prototehas.ee\/fi\/#organization\",\"name\":\"PROTO avastustehas\",\"url\":\"https:\/\/www.prototehas.ee\/fi\/\",\"logo\":{\"@type\":\"ImageObject\",\"inLanguage\":\"fi\",\"@id\":\"https:\/\/www.prototehas.ee\/fi\/#\/schema\/logo\/image\/\",\"url\":\"https:\/\/www.prototehas.ee\/wp-content\/uploads\/2019\/10\/prototehas_logo_et_2.svg\",\"contentUrl\":\"https:\/\/www.prototehas.ee\/wp-content\/uploads\/2019\/10\/prototehas_logo_et_2.svg\",\"width\":100,\"height\":100,\"caption\":\"PROTO avastustehas\"},\"image\":{\"@id\":\"https:\/\/www.prototehas.ee\/fi\/#\/schema\/logo\/image\/\"},\"sameAs\":[\"https:\/\/www.facebook.com\/prototehas\/\"]}]}<\/script>\n<!-- \/ Yoast SEO plugin. -->","yoast_head_json":{"title":"HARIDUSPROGRAMMIDE TELLIMISINFO - PROTO avastustehas","robots":{"index":"index","follow":"follow","max-snippet":"max-snippet:-1","max-image-preview":"max-image-preview:large","max-video-preview":"max-video-preview:-1"},"canonical":"https:\/\/www.prototehas.ee\/fi\/haridusprogrammide-tellimisinfo\/","og_locale":"fi_FI","og_type":"article","og_title":"HARIDUSPROGRAMMIDE TELLIMISINFO - PROTO avastustehas","og_description":"\u00d5ppeprogramm toimub vaid ettetellimisel E-R. Programmi algusajad: 9:30; 11:30; 13:30 \u2026 (erisoovid kokkuleppel) Hind: 11 \u20ac\/\u00f5pilane ja 6 \u20ac\/lasteaialaps (8\u20ac\/erivajadusega \u00f5pilane). Programmid toimuvad eesti, inglise ja vene keeles. \u00dche grupi suurus on kuni 30 \u00f5pilast. Minimaalne grupi suurus on 10 \u00f5pilast.Pane t\u00e4hele! Kui tunnis osalev grupp on v\u00e4iksem kui 10 osalejat, rakendub hind 10 \u00f5pilase [&hellip;]","og_url":"https:\/\/www.prototehas.ee\/fi\/haridusprogrammide-tellimisinfo\/","og_site_name":"PROTO avastustehas","article_publisher":"https:\/\/www.facebook.com\/prototehas\/","twitter_card":"summary_large_image","twitter_misc":{"Arvioitu lukuaika":"2 minuuttia"},"schema":{"@context":"https:\/\/schema.org","@graph":[{"@type":"WebPage","@id":"https:\/\/www.prototehas.ee\/fi\/haridusprogrammide-tellimisinfo\/","url":"https:\/\/www.prototehas.ee\/fi\/haridusprogrammide-tellimisinfo\/","name":"HARIDUSPROGRAMMIDE TELLIMISINFO - PROTO avastustehas","isPartOf":{"@id":"https:\/\/www.prototehas.ee\/fi\/#website"},"datePublished":"2021-04-09T09:12:40+00:00","breadcrumb":{"@id":"https:\/\/www.prototehas.ee\/fi\/haridusprogrammide-tellimisinfo\/#breadcrumb"},"inLanguage":"fi","potentialAction":[{"@type":"ReadAction","target":["https:\/\/www.prototehas.ee\/fi\/haridusprogrammide-tellimisinfo\/"]}]},{"@type":"BreadcrumbList","@id":"https:\/\/www.prototehas.ee\/fi\/haridusprogrammide-tellimisinfo\/#breadcrumb","itemListElement":[{"@type":"ListItem","position":1,"name":"Avaleht","item":"https:\/\/www.prototehas.ee\/fi\/"},{"@type":"ListItem","position":2,"name":"HARIDUSPROGRAMMIDE TELLIMISINFO"}]},{"@type":"WebSite","@id":"https:\/\/www.prototehas.ee\/fi\/#website","url":"https:\/\/www.prototehas.ee\/fi\/","name":"PROTO avastustehas","description":"Where science meets fantasy","publisher":{"@id":"https:\/\/www.prototehas.ee\/fi\/#organization"},"potentialAction":[{"@type":"SearchAction","target":{"@type":"EntryPoint","urlTemplate":"https:\/\/www.prototehas.ee\/fi\/?s={search_term_string}"},"query-input":{"@type":"PropertyValueSpecification","valueRequired":true,"valueName":"search_term_string"}}],"inLanguage":"fi"},{"@type":"Organization","@id":"https:\/\/www.prototehas.ee\/fi\/#organization","name":"PROTO avastustehas","url":"https:\/\/www.prototehas.ee\/fi\/","logo":{"@type":"ImageObject","inLanguage":"fi","@id":"https:\/\/www.prototehas.ee\/fi\/#\/schema\/logo\/image\/","url":"https:\/\/www.prototehas.ee\/wp-content\/uploads\/2019\/10\/prototehas_logo_et_2.svg","contentUrl":"https:\/\/www.prototehas.ee\/wp-content\/uploads\/2019\/10\/prototehas_logo_et_2.svg","width":100,"height":100,"caption":"PROTO avastustehas"},"image":{"@id":"https:\/\/www.prototehas.ee\/fi\/#\/schema\/logo\/image\/"},"sameAs":["https:\/\/www.facebook.com\/prototehas\/"]}]}},"_links":{"self":[{"href":"https:\/\/www.prototehas.ee\/fi\/wp-json\/wp\/v2\/pages\/28594","targetHints":{"allow":["GET"]}}],"collection":[{"href":"https:\/\/www.prototehas.ee\/fi\/wp-json\/wp\/v2\/pages"}],"about":[{"href":"https:\/\/www.prototehas.ee\/fi\/wp-json\/wp\/v2\/types\/page"}],"author":[{"embeddable":true,"href":"https:\/\/www.prototehas.ee\/fi\/wp-json\/wp\/v2\/users\/15"}],"replies":[{"embeddable":true,"href":"https:\/\/www.prototehas.ee\/fi\/wp-json\/wp\/v2\/comments?post=28594"}],"version-history":[{"count":0,"href":"https:\/\/www.prototehas.ee\/fi\/wp-json\/wp\/v2\/pages\/28594\/revisions"}],"wp:attachment":[{"href":"https:\/\/www.prototehas.ee\/fi\/wp-json\/wp\/v2\/media?parent=28594"}],"curies":[{"name":"wp","href":"https:\/\/api.w.org\/{rel}","templated":true}]}}