{"id":2861,"date":"2019-10-09T19:10:47","date_gmt":"2019-10-09T19:10:47","guid":{"rendered":"http:\/\/protodev.ee\/?page_id=2861"},"modified":"2025-07-18T12:35:41","modified_gmt":"2025-07-18T12:35:41","slug":"sijainti-ja-pysakointi","status":"publish","type":"page","link":"https:\/\/www.prototehas.ee\/fi\/sijainti-ja-pysakointi\/","title":{"rendered":"SIJAINTI JA PYS\u00c4K\u00d6INTI"},"content":{"rendered":"[et_pb_section fb_built=&#8221;1&#8243; _builder_version=&#8221;4.16&#8243; background_image=&#8221;https:\/\/www.prototehas.ee\/wp-content\/uploads\/2020\/11\/web_valukoda_201120.jpg&#8221; custom_margin=&#8221;0px||||false|false&#8221; custom_padding=&#8221;13em||13em||true|false&#8221; global_colors_info=&#8221;{}&#8221;][\/et_pb_section][et_pb_section fb_built=&#8221;1&#8243; _builder_version=&#8221;4.16&#8243; background_color=&#8221;#fff0d9&#8243; background_enable_image=&#8221;off&#8221; global_colors_info=&#8221;{}&#8221;][et_pb_row _builder_version=&#8221;4.24.2&#8243; _module_preset=&#8221;default&#8221; global_colors_info=&#8221;{}&#8221;][et_pb_column type=&#8221;4_4&#8243; _builder_version=&#8221;4.24.2&#8243; _module_preset=&#8221;default&#8221; global_colors_info=&#8221;{}&#8221;][et_pb_heading title=&#8221;SIJAINTI JA PYS\u00c4K\u00d6INTI&#8221; _builder_version=&#8221;4.24.2&#8243; _module_preset=&#8221;c9a4dd29-8345-43ea-bd4d-e73ae35e5717&#8243; title_level=&#8221;h1&#8243; global_colors_info=&#8221;{}&#8221;][\/et_pb_heading][\/et_pb_column][\/et_pb_row][et_pb_row admin_label=&#8221;Viron makuja&#8221; _builder_version=&#8221;4.24.2&#8243; _module_preset=&#8221;default&#8221; background_color=&#8221;#FFFFFF&#8221; min_height=&#8221;1364.2px&#8221; custom_margin=&#8221;-18px|auto|14px|auto|false|false&#8221; border_radii=&#8221;on|13px|13px|13px|13px&#8221; locked=&#8221;off&#8221; global_colors_info=&#8221;{}&#8221;][et_pb_column type=&#8221;4_4&#8243; _builder_version=&#8221;4.16&#8243; _module_preset=&#8221;default&#8221; global_colors_info=&#8221;{}&#8221;][et_pb_heading title=&#8221;MITEN SINNE P\u00c4\u00c4ST\u00c4\u00c4N?&#8221; _builder_version=&#8221;4.24.2&#8243; _module_preset=&#8221;c9a4dd29-8345-43ea-bd4d-e73ae35e5717&#8243; global_colors_info=&#8221;{}&#8221;][\/et_pb_heading][et_pb_text _builder_version=&#8221;4.24.2&#8243; _module_preset=&#8221;e179c0c4-c115-407d-a110-ebe813713cd6&#8243; custom_padding=&#8221;|90px|0px|90px|false|false&#8221; custom_padding_tablet=&#8221;|20px||20px|false|false&#8221; custom_padding_phone=&#8221;|0px||0px|false|false&#8221; custom_padding_last_edited=&#8221;on|tablet&#8221; global_colors_info=&#8221;{}&#8221;]<p><strong>Py\u00f6r\u00e4ll\u00e4:<\/strong><\/p>\n<p>Noblessneriin p\u00e4\u00e4see helposti py\u00f6r\u00e4ll\u00e4 sek\u00e4 Allveelaeva- ett\u00e4 Peetri-kaduilta, ja Kalaranna-kadulta Noblessnerin bussipys\u00e4kin kautta leve\u00e4 k\u00e4velytie johtaa suoraan Noblessneriin. PROTOn edess\u00e4 on talvikauden ulkopuolella my\u00f6s mahdollista pys\u00e4k\u00f6id\u00e4 ja vuokrata <strong>Rekola<\/strong> -polkupy\u00f6ri\u00e4 sek\u00e4 <strong>Bolt-<\/strong> ja <strong>Tuule<\/strong> -potkulaudat. <\/p>\n<p><strong>Julkisilla kulkuneuvoilla:<\/strong><\/p>\n<p>P\u00e4\u00e4set Noblessneriin bussilla numero <strong>73<\/strong> , <strong>pys\u00e4kki<\/strong> <strong>Noblessner<\/strong> . Aivan viaduktin vieress\u00e4 on portaat, jotka johtavat suoraan alas Noblessneriin.<br> Bussi numero <strong>3<\/strong> ajaa <strong>Kunglan<\/strong> <strong>pys\u00e4kille<\/strong> T\u00f6\u00f6stuse-kadulle. K\u00e4vele katua pitkin noin 100 metri\u00e4 ja puiston j\u00e4lkeen k\u00e4\u00e4nny Peetri-kadulle.  <\/p>\n<p><strong>Autolla:<\/strong><\/p>\n<p>Keskustasta tullessa aja Kalaranna tiet\u00e4 pitkin, Lennusadaman ja IT-toimiston valkoisen neli\u00f6nmuotoisen rakennuksen j\u00e4lkeen k\u00e4\u00e4nny oikealle Lennusadama-kadulle ja heti vasemmalle Allveelaeva-kadulle. T\u00e4st\u00e4 alkaa Noblessnerin sataman kampusalue. T\u00f6\u00f6stuse-kadulta tullessa k\u00e4\u00e4nny alas m\u00e4ke\u00e4 T\u00f6\u00f6stuse 48:n rakennukselta Peetri-kadulle kohti merta.  <\/p>[\/et_pb_text][et_pb_text _builder_version=&#8221;4.24.2&#8243; _module_preset=&#8221;e179c0c4-c115-407d-a110-ebe813713cd6&#8243; custom_padding=&#8221;|90px||90px|false|false&#8221; custom_padding_tablet=&#8221;|20px||20px|false|false&#8221; custom_padding_phone=&#8221;|0px||0px|false|false&#8221; custom_padding_last_edited=&#8221;on|tablet&#8221; global_colors_info=&#8221;{}&#8221;]<h2><b>PYS\u00c4K\u00d6INTI<\/b><\/h2>\n<p><b><\/b><\/p>\n<p><b>PROTO Invention Factoryn edess\u00e4 on maksullinen pys\u00e4k\u00f6intialue. <\/b><\/p>\n<p><strong>Pys\u00e4k\u00f6intimenettely (vy\u00f6hyke EP143):<\/strong><br> \u2022 15 minuuttia ilmaiseksi pys\u00e4k\u00f6intimittarilla<br> \u2022 30 minuuttia \u2013 1 \u20ac<br> \u2022 24 tuntia \u2013 10 \u20ac<br> \u2022 kuukausimaksu \u2013 60 \u20ac<\/p>\n<p><strong>PROTOa vastap\u00e4\u00e4t\u00e4 olevalla pys\u00e4k\u00f6intialueella on my\u00f6s mahdollisuus ladata s\u00e4hk\u00f6autoja.<\/strong> Lis\u00e4tietoja <strong><a href=\"https:\/\/europark.ee\/uudised\/europark-rajab-elektrilaadijate-vorgustikku\">T\u00c4\u00c4LT\u00c4<\/a> .<\/strong><\/p>\n<p>Rakennuksen edess\u00e4 on pys\u00e4k\u00f6intipaikkoja <strong>linja-autoille<\/strong> , ja pys\u00e4k\u00f6inti on <strong>ilmaista<\/strong> .<\/p>\n<p><strong><\/strong><\/p>[\/et_pb_text][et_pb_text _builder_version=&#8221;4.24.2&#8243; _module_preset=&#8221;e179c0c4-c115-407d-a110-ebe813713cd6&#8243; custom_padding=&#8221;|90px||90px|false|false&#8221; custom_padding_tablet=&#8221;|20px||20px|false|false&#8221; custom_padding_phone=&#8221;|0px||0px|false|false&#8221; custom_padding_last_edited=&#8221;on|tablet&#8221; global_colors_info=&#8221;{}&#8221;]<h2><b>SAAVUTETTAVUUS<\/b><\/h2>\n<p><b><\/b><\/p>\n<p>PROTOn sis\u00e4\u00e4nk\u00e4ynti sijaitsee katutasossa ja on esteet\u00f6n sek\u00e4 py\u00f6r\u00e4tuolin k\u00e4ytt\u00e4jille ett\u00e4 lastenrattaiden k\u00e4ytt\u00e4jille.<br \/>PROTO Invention Factoryn n\u00e4yttelyalue sek\u00e4 kokous- ja syntym\u00e4p\u00e4iv\u00e4tilat sijaitsevat kahdessa kerroksessa. Lipputoimiston vieress\u00e4 on hissi, jolla p\u00e4\u00e4see liikkumaan mukavasti kerrosten v\u00e4lill\u00e4. N\u00e4yttelyn k\u00e4ytt\u00f6 on valitettavasti osittain rajoitettua py\u00f6r\u00e4tuolivierailijoille.<\/p>\n<p>Lipputoimistojen l\u00e4hell\u00e4 on inva-WC, jossa on my\u00f6s vauvanhoitop\u00f6yt\u00e4.<\/p>\n<p>Lastenrattaiden tai suurempien matkatavaroiden kanssa matkustavat voivat j\u00e4tt\u00e4\u00e4 ne turvalliseen s\u00e4ilytystilaan narikan tai lipunmyynnin taakse.<\/p>\n<p>PROTO-kahvila sijaitsee ensimm\u00e4isess\u00e4 kerroksessa ja sinne on helppo p\u00e4\u00e4st\u00e4 py\u00f6r\u00e4tuolilla ja lastenvaunuilla.<br \/>Kahvilassa on sy\u00f6tt\u00f6tuoleja pienille lapsille. Lipulla vierailijat p\u00e4\u00e4sev\u00e4t n\u00e4yttelyhalliin suoraan kahvila-alueelta, jossa on my\u00f6s taaperoalue monine j\u00e4nnitt\u00e4vine aktiviteetteineen.<\/p>\n<p><strong><\/strong><\/p>[\/et_pb_text][et_pb_text _builder_version=&#8221;4.24.2&#8243; _module_preset=&#8221;e179c0c4-c115-407d-a110-ebe813713cd6&#8243; custom_padding=&#8221;|90px||90px|false|false&#8221; custom_padding_tablet=&#8221;|20px||20px|false|false&#8221; custom_padding_phone=&#8221;|0px||0px|false|false&#8221; custom_padding_last_edited=&#8221;on|tablet&#8221; global_colors_info=&#8221;{}&#8221;]<h2><strong>SIJAINTI<\/strong><\/h2>\n<p>PROTO Invention Factory<br>Pietari 10<br>10415 Pohjois-Tallinna<br>Tallinna<\/p>[\/et_pb_text][et_pb_map_extended address=&#8221;Peetri 10, 10411 Tallinn, Viro&#8221; zoom_level=&#8221;13&#8243; address_lat=&#8221;59.4518449&#8243; address_lng=&#8221;24.7303524&#8243; controls_ui=&#8221;off&#8221; marker_center=&#8221;on&#8221; info_window_method=&#8221;mouseover&#8221; bounce_on_click_on_off=&#8221;on&#8221; marker_animation=&#8221;on&#8221; map_custom_style=&#8221;on&#8221; map_custom_code=&#8221;%91\r\n{\r\n%22featureType%22: %22all%22,\r\n%22elementType%22: %22all%22,\r\n%22stylers%22: %91\r\n{\r\n%22saturation%22: -100\r\n},\r\n{\r\n%22gamma%22: 0.5\r\n}\r\n%93\r\n}\r\n%93&#8243; disabled_on=&#8221;on|on|on&#8221; admin_label=&#8221;Map Extended&#8221; _builder_version=&#8221;4.24.2&#8243; _module_preset=&#8221;default&#8221; border_radii=&#8221;on|12px|12px|12px|12px&#8221; disabled=&#8221;on&#8221; global_colors_info=&#8221;{}&#8221;][et_pb_map_pin_extended marker_label_text=&#8221;PROTO avastustehas&#8221; pin_address=&#8221;Peetri 10, 10411 Tallinn, Viro&#8221; pin_address_lat=&#8221;59.4518449&#8243; pin_address_lng=&#8221;24.7303524&#8243; pin_on_off=&#8221;on&#8221; pin_src=&#8221;https:\/\/www.prototehas.ee\/wp-content\/uploads\/2020\/12\/proto-mappin-2.png&#8221; pin_widthsize=&#8221;58px&#8221; pin_heightsize=&#8221;58px&#8221; _builder_version=&#8221;4.24.2&#8243; _module_preset=&#8221;default&#8221; global_colors_info=&#8221;{}&#8221;][\/et_pb_map_pin_extended][\/et_pb_map_extended][et_pb_code _builder_version=&#8221;4.24.2&#8243; _module_preset=&#8221;default&#8221; global_colors_info=&#8221;{}&#8221;]<iframe src=\"https:\/\/www.google.com\/maps\/embed?pb=!1m18!1m12!1m3!1d3073.5134258903977!2d24.727786477904793!3d59.45166647467381!2m3!1f0!2f0!3f0!3m2!1i1024!2i768!4f13.1!3m3!1m2!1s0x469293cfccc30ab3%3A0x8f8899a991692412!2sPROTO%20avastustehas!5e1!3m2!1sen!2see!4v1752585565498!5m2!1sen!2see\" width=\"1200\" height=\"450\" style=\"border:0;\" allowfullscreen=\"\" loading=\"lazy\" referrerpolicy=\"no-referrer-when-downgrade\"><\/iframe>[\/et_pb_code][\/et_pb_column][\/et_pb_row][et_pb_row _builder_version=&#8221;4.24.2&#8243; _module_preset=&#8221;default&#8221; global_colors_info=&#8221;{}&#8221;][et_pb_column type=&#8221;4_4&#8243; _builder_version=&#8221;4.24.2&#8243; _module_preset=&#8221;default&#8221; global_colors_info=&#8221;{}&#8221;][\/et_pb_column][\/et_pb_row][\/et_pb_section][et_pb_section fb_built=&#8221;1&#8243; _builder_version=&#8221;4.24.2&#8243; _module_preset=&#8221;default&#8221; global_colors_info=&#8221;{}&#8221;][\/et_pb_section]<span class=\"et_bloom_bottom_trigger\"><\/span>","protected":false},"excerpt":{"rendered":"<p>Py\u00f6r\u00e4ll\u00e4: Noblessneriin p\u00e4\u00e4see helposti py\u00f6r\u00e4ll\u00e4 sek\u00e4 Allveelaeva- ett\u00e4 Peetri-kaduilta, ja Kalaranna-kadulta Noblessnerin bussipys\u00e4kin kautta leve\u00e4 k\u00e4velytie johtaa suoraan Noblessneriin. PROTOn edess\u00e4 on talvikauden ulkopuolella my\u00f6s mahdollista pys\u00e4k\u00f6id\u00e4 ja vuokrata Rekola -polkupy\u00f6ri\u00e4 sek\u00e4 Bolt- ja Tuule -potkulaudat. Julkisilla kulkuneuvoilla: P\u00e4\u00e4set Noblessneriin bussilla numero 73 , pys\u00e4kki Noblessner . Aivan viaduktin vieress\u00e4 on portaat, jotka johtavat suoraan [&hellip;]<\/p>\n","protected":false},"author":15,"featured_media":0,"parent":0,"menu_order":0,"comment_status":"closed","ping_status":"closed","template":"","meta":{"_acf_changed":false,"_et_pb_use_builder":"on","_et_pb_old_content":"","_et_gb_content_width":"","inline_featured_image":false,"footnotes":""},"class_list":["post-2861","page","type-page","status-publish","hentry"],"acf":[],"yoast_head":"<!-- This site is optimized with the Yoast SEO plugin v26.9 - https:\/\/yoast.com\/product\/yoast-seo-wordpress\/ -->\n<title>Sijainti ja pys\u00e4k\u00f6inti - El\u00e4myskeskus - PROTO Invention Factory<\/title>\n<meta name=\"description\" content=\"PROTO Invention Factory sijaitsee Tallinnan teollisuusarkkitehtuurin kultakaivoksessa \u2013 historiallisessa Noblessnerin telakkakompleksissa. \u27a4 Tule k\u00e4ym\u00e4\u00e4n! \u27a8 Tallinna, Peetri 10\" \/>\n<meta name=\"robots\" content=\"index, follow, max-snippet:-1, max-image-preview:large, max-video-preview:-1\" \/>\n<link rel=\"canonical\" href=\"https:\/\/www.prototehas.ee\/fi\/sijainti-ja-pysakointi\/\" \/>\n<meta property=\"og:locale\" content=\"fi_FI\" \/>\n<meta property=\"og:type\" content=\"article\" \/>\n<meta property=\"og:title\" content=\"Sijainti ja pys\u00e4k\u00f6inti - El\u00e4myskeskus - PROTO Invention Factory\" \/>\n<meta property=\"og:description\" content=\"PROTO Invention Factory sijaitsee Tallinnan teollisuusarkkitehtuurin kultakaivoksessa \u2013 historiallisessa Noblessnerin telakkakompleksissa. \u27a4 Tule k\u00e4ym\u00e4\u00e4n! \u27a8 Tallinna, Peetri 10\" \/>\n<meta property=\"og:url\" content=\"https:\/\/www.prototehas.ee\/fi\/sijainti-ja-pysakointi\/\" \/>\n<meta property=\"og:site_name\" content=\"PROTO avastustehas\" \/>\n<meta property=\"article:publisher\" content=\"https:\/\/www.facebook.com\/prototehas\/\" \/>\n<meta property=\"article:modified_time\" content=\"2025-07-18T12:35:41+00:00\" \/>\n<meta name=\"twitter:card\" content=\"summary_large_image\" \/>\n<meta name=\"twitter:label1\" content=\"Arvioitu lukuaika\" \/>\n\t<meta name=\"twitter:data1\" content=\"2 minuuttia\" \/>\n<script type=\"application\/ld+json\" class=\"yoast-schema-graph\">{\"@context\":\"https:\/\/schema.org\",\"@graph\":[{\"@type\":[\"WebPage\",\"ContactPage\"],\"@id\":\"https:\/\/www.prototehas.ee\/fi\/sijainti-ja-pysakointi\/\",\"url\":\"https:\/\/www.prototehas.ee\/fi\/sijainti-ja-pysakointi\/\",\"name\":\"Sijainti ja pys\u00e4k\u00f6inti - El\u00e4myskeskus - PROTO Invention Factory\",\"isPartOf\":{\"@id\":\"https:\/\/www.prototehas.ee\/fi\/#website\"},\"datePublished\":\"2019-10-09T19:10:47+00:00\",\"dateModified\":\"2025-07-18T12:35:41+00:00\",\"description\":\"PROTO Invention Factory sijaitsee Tallinnan teollisuusarkkitehtuurin kultakaivoksessa \u2013 historiallisessa Noblessnerin telakkakompleksissa. \u27a4 Tule k\u00e4ym\u00e4\u00e4n! \u27a8 Tallinna, Peetri 10\",\"breadcrumb\":{\"@id\":\"https:\/\/www.prototehas.ee\/fi\/sijainti-ja-pysakointi\/#breadcrumb\"},\"inLanguage\":\"fi\",\"potentialAction\":[{\"@type\":\"ReadAction\",\"target\":[\"https:\/\/www.prototehas.ee\/fi\/sijainti-ja-pysakointi\/\"]}]},{\"@type\":\"BreadcrumbList\",\"@id\":\"https:\/\/www.prototehas.ee\/fi\/sijainti-ja-pysakointi\/#breadcrumb\",\"itemListElement\":[{\"@type\":\"ListItem\",\"position\":1,\"name\":\"Avaleht\",\"item\":\"https:\/\/www.prototehas.ee\/fi\/\"},{\"@type\":\"ListItem\",\"position\":2,\"name\":\"SIJAINTI JA PYS\u00c4K\u00d6INTI\"}]},{\"@type\":\"WebSite\",\"@id\":\"https:\/\/www.prototehas.ee\/fi\/#website\",\"url\":\"https:\/\/www.prototehas.ee\/fi\/\",\"name\":\"PROTO avastustehas\",\"description\":\"Where science meets fantasy\",\"publisher\":{\"@id\":\"https:\/\/www.prototehas.ee\/fi\/#organization\"},\"potentialAction\":[{\"@type\":\"SearchAction\",\"target\":{\"@type\":\"EntryPoint\",\"urlTemplate\":\"https:\/\/www.prototehas.ee\/fi\/?s={search_term_string}\"},\"query-input\":{\"@type\":\"PropertyValueSpecification\",\"valueRequired\":true,\"valueName\":\"search_term_string\"}}],\"inLanguage\":\"fi\"},{\"@type\":\"Organization\",\"@id\":\"https:\/\/www.prototehas.ee\/fi\/#organization\",\"name\":\"PROTO avastustehas\",\"url\":\"https:\/\/www.prototehas.ee\/fi\/\",\"logo\":{\"@type\":\"ImageObject\",\"inLanguage\":\"fi\",\"@id\":\"https:\/\/www.prototehas.ee\/fi\/#\/schema\/logo\/image\/\",\"url\":\"https:\/\/www.prototehas.ee\/wp-content\/uploads\/2019\/10\/prototehas_logo_et_2.svg\",\"contentUrl\":\"https:\/\/www.prototehas.ee\/wp-content\/uploads\/2019\/10\/prototehas_logo_et_2.svg\",\"width\":100,\"height\":100,\"caption\":\"PROTO avastustehas\"},\"image\":{\"@id\":\"https:\/\/www.prototehas.ee\/fi\/#\/schema\/logo\/image\/\"},\"sameAs\":[\"https:\/\/www.facebook.com\/prototehas\/\"]}]}<\/script>\n<!-- \/ Yoast SEO plugin. -->","yoast_head_json":{"title":"Sijainti ja pys\u00e4k\u00f6inti - El\u00e4myskeskus - PROTO Invention Factory","description":"PROTO Invention Factory sijaitsee Tallinnan teollisuusarkkitehtuurin kultakaivoksessa \u2013 historiallisessa Noblessnerin telakkakompleksissa. \u27a4 Tule k\u00e4ym\u00e4\u00e4n! \u27a8 Tallinna, Peetri 10","robots":{"index":"index","follow":"follow","max-snippet":"max-snippet:-1","max-image-preview":"max-image-preview:large","max-video-preview":"max-video-preview:-1"},"canonical":"https:\/\/www.prototehas.ee\/fi\/sijainti-ja-pysakointi\/","og_locale":"fi_FI","og_type":"article","og_title":"Sijainti ja pys\u00e4k\u00f6inti - El\u00e4myskeskus - PROTO Invention Factory","og_description":"PROTO Invention Factory sijaitsee Tallinnan teollisuusarkkitehtuurin kultakaivoksessa \u2013 historiallisessa Noblessnerin telakkakompleksissa. \u27a4 Tule k\u00e4ym\u00e4\u00e4n! \u27a8 Tallinna, Peetri 10","og_url":"https:\/\/www.prototehas.ee\/fi\/sijainti-ja-pysakointi\/","og_site_name":"PROTO avastustehas","article_publisher":"https:\/\/www.facebook.com\/prototehas\/","article_modified_time":"2025-07-18T12:35:41+00:00","twitter_card":"summary_large_image","twitter_misc":{"Arvioitu lukuaika":"2 minuuttia"},"schema":{"@context":"https:\/\/schema.org","@graph":[{"@type":["WebPage","ContactPage"],"@id":"https:\/\/www.prototehas.ee\/fi\/sijainti-ja-pysakointi\/","url":"https:\/\/www.prototehas.ee\/fi\/sijainti-ja-pysakointi\/","name":"Sijainti ja pys\u00e4k\u00f6inti - El\u00e4myskeskus - PROTO Invention Factory","isPartOf":{"@id":"https:\/\/www.prototehas.ee\/fi\/#website"},"datePublished":"2019-10-09T19:10:47+00:00","dateModified":"2025-07-18T12:35:41+00:00","description":"PROTO Invention Factory sijaitsee Tallinnan teollisuusarkkitehtuurin kultakaivoksessa \u2013 historiallisessa Noblessnerin telakkakompleksissa. \u27a4 Tule k\u00e4ym\u00e4\u00e4n! \u27a8 Tallinna, Peetri 10","breadcrumb":{"@id":"https:\/\/www.prototehas.ee\/fi\/sijainti-ja-pysakointi\/#breadcrumb"},"inLanguage":"fi","potentialAction":[{"@type":"ReadAction","target":["https:\/\/www.prototehas.ee\/fi\/sijainti-ja-pysakointi\/"]}]},{"@type":"BreadcrumbList","@id":"https:\/\/www.prototehas.ee\/fi\/sijainti-ja-pysakointi\/#breadcrumb","itemListElement":[{"@type":"ListItem","position":1,"name":"Avaleht","item":"https:\/\/www.prototehas.ee\/fi\/"},{"@type":"ListItem","position":2,"name":"SIJAINTI JA PYS\u00c4K\u00d6INTI"}]},{"@type":"WebSite","@id":"https:\/\/www.prototehas.ee\/fi\/#website","url":"https:\/\/www.prototehas.ee\/fi\/","name":"PROTO avastustehas","description":"Where science meets fantasy","publisher":{"@id":"https:\/\/www.prototehas.ee\/fi\/#organization"},"potentialAction":[{"@type":"SearchAction","target":{"@type":"EntryPoint","urlTemplate":"https:\/\/www.prototehas.ee\/fi\/?s={search_term_string}"},"query-input":{"@type":"PropertyValueSpecification","valueRequired":true,"valueName":"search_term_string"}}],"inLanguage":"fi"},{"@type":"Organization","@id":"https:\/\/www.prototehas.ee\/fi\/#organization","name":"PROTO avastustehas","url":"https:\/\/www.prototehas.ee\/fi\/","logo":{"@type":"ImageObject","inLanguage":"fi","@id":"https:\/\/www.prototehas.ee\/fi\/#\/schema\/logo\/image\/","url":"https:\/\/www.prototehas.ee\/wp-content\/uploads\/2019\/10\/prototehas_logo_et_2.svg","contentUrl":"https:\/\/www.prototehas.ee\/wp-content\/uploads\/2019\/10\/prototehas_logo_et_2.svg","width":100,"height":100,"caption":"PROTO avastustehas"},"image":{"@id":"https:\/\/www.prototehas.ee\/fi\/#\/schema\/logo\/image\/"},"sameAs":["https:\/\/www.facebook.com\/prototehas\/"]}]}},"_links":{"self":[{"href":"https:\/\/www.prototehas.ee\/fi\/wp-json\/wp\/v2\/pages\/2861","targetHints":{"allow":["GET"]}}],"collection":[{"href":"https:\/\/www.prototehas.ee\/fi\/wp-json\/wp\/v2\/pages"}],"about":[{"href":"https:\/\/www.prototehas.ee\/fi\/wp-json\/wp\/v2\/types\/page"}],"author":[{"embeddable":true,"href":"https:\/\/www.prototehas.ee\/fi\/wp-json\/wp\/v2\/users\/15"}],"replies":[{"embeddable":true,"href":"https:\/\/www.prototehas.ee\/fi\/wp-json\/wp\/v2\/comments?post=2861"}],"version-history":[{"count":5,"href":"https:\/\/www.prototehas.ee\/fi\/wp-json\/wp\/v2\/pages\/2861\/revisions"}],"predecessor-version":[{"id":34758,"href":"https:\/\/www.prototehas.ee\/fi\/wp-json\/wp\/v2\/pages\/2861\/revisions\/34758"}],"wp:attachment":[{"href":"https:\/\/www.prototehas.ee\/fi\/wp-json\/wp\/v2\/media?parent=2861"}],"curies":[{"name":"wp","href":"https:\/\/api.w.org\/{rel}","templated":true}]}}