{"id":28695,"date":"2024-05-27T13:35:46","date_gmt":"2024-05-27T13:35:46","guid":{"rendered":"http:\/\/protodev.ee\/konverentsi-ja-seminariruumid\/"},"modified":"2024-07-23T11:51:54","modified_gmt":"2024-07-23T11:51:54","slug":"kokous-ja-seminaaritilat","status":"publish","type":"page","link":"https:\/\/www.prototehas.ee\/fi\/kokous-ja-seminaaritilat\/","title":{"rendered":"KOKOUS- JA SEMINAARITILAT"},"content":{"rendered":"[et_pb_section fb_built=&#8221;1&#8243; _builder_version=&#8221;4.16&#8243; background_color=&#8221;#fff0d9&#8243; background_enable_image=&#8221;off&#8221; custom_margin=&#8221;||||false|false&#8221; custom_padding=&#8221;54px|||||&#8221; locked=&#8221;off&#8221; global_colors_info=&#8221;{}&#8221;][et_pb_row admin_label=&#8221;Eesti Maitsed&#8221; _builder_version=&#8221;4.24.2&#8243; _module_preset=&#8221;default&#8221; locked=&#8221;off&#8221; global_colors_info=&#8221;{}&#8221;][et_pb_column type=&#8221;4_4&#8243; _builder_version=&#8221;4.16&#8243; _module_preset=&#8221;default&#8221; global_colors_info=&#8221;{}&#8221;][et_pb_heading title=&#8221;KOKOUS- JA SEMINAARITILAT&#8221; _builder_version=&#8221;4.24.2&#8243; _module_preset=&#8221;c9a4dd29-8345-43ea-bd4d-e73ae35e5717&#8243; global_colors_info=&#8221;{}&#8221;][\/et_pb_heading][et_pb_text _builder_version=&#8221;4.24.2&#8243; _module_preset=&#8221;e179c0c4-c115-407d-a110-ebe813713cd6&#8243; custom_padding=&#8221;|90px||90px|false|false&#8221; custom_padding_tablet=&#8221;|20px||20px|false|false&#8221; custom_padding_phone=&#8221;|0px||0px|false|false&#8221; custom_padding_last_edited=&#8221;on|tablet&#8221; global_colors_info=&#8221;{}&#8221;]<p>Tervetuloa ainutlaatuisiin konferenssi- ja seminaaritiloihimme, joissa jokainen tapahtuma muuttuu unohtumattomaksi kokemukseksi! Tilamme sijaitsevat historiallisessa teollisuusrakennuksessa nopeasti kehittyv\u00e4ll\u00e4 rantakorttelialueella, tarjoten erinomaisen ymp\u00e4rist\u00f6n niin pienille kokoontumisille kuin suurille virallisiin vastaanottoihin.<\/p>\n<p><strong>PROTO-n\u00e4yttelyhalli<\/strong> on erinomainen valinta suurten tapahtumien, kuten konferenssien ja gaalaillallisten j\u00e4rjest\u00e4miseen. <strong>Pantera-sali<\/strong> tarjoaa intiimimm\u00e4n ymp\u00e4rist\u00f6n ja soveltuu erinomaisesti seminaareihin, koulutustilaisuuksiin ja ty\u00f6pajoihin, ja on varustettu korkeatasoisella \u00e4\u00e4ni- ja videoteknologialla.<\/p>\n<p>Lis\u00e4ksi meill\u00e4 on erityisesti <strong>koulutustapahtumia<\/strong>, kuten koulutustilaisuuksia ja ty\u00f6pajoja varten suunniteltuja luokkahuoneita. N\u00e4m\u00e4 luokkahuoneet on varustettu modernilla teknologialla ja ovat t\u00e4ydellisi\u00e4 pienemmille, vuorovaikutteisille tapahtumille, tarjoten kaiken tarvittavan tehokkaaseen ja mukaansatempaavaan oppimiskokemukseen.<\/p>\n<p><strong>VARAUKSET:<\/strong><br \/><strong><a href=\"mailto:booking@protofactory.ee\">booking@protofactory.ee<\/a><br \/>+372 53 620 400<\/strong><\/p>[\/et_pb_text][\/et_pb_column][\/et_pb_row][et_pb_row column_structure=&#8221;1_2,1_2&#8243; admin_label=&#8221;Card Image Left&#8221; _builder_version=&#8221;4.24.2&#8243; _module_preset=&#8221;90498953-537a-45d8-96c9-83e32ef8ef4e&#8221; custom_margin=&#8221;25px||25px||false|false&#8221; saved_tabs=&#8221;all&#8221; global_colors_info=&#8221;{}&#8221;][et_pb_column type=&#8221;1_2&#8243; _builder_version=&#8221;4.24.2&#8243; _module_preset=&#8221;default&#8221; global_colors_info=&#8221;{}&#8221;][et_pb_image src=&#8221;https:\/\/www.prototehas.ee\/wp-content\/uploads\/2024\/05\/Toomas_TuulECB1_21.02.2023-scaled.jpg&#8221; alt=&#8221;Pantera saali konverents&#8221; title_text=&#8221;Pantera saal 3&#8243; url=&#8221;https:\/\/www.prototehas.ee\/fi\/pantera-saali\/&#8221; show_bottom_space=&#8221;off&#8221; module_class=&#8221;pa-full-height-image-column&#8221; _builder_version=&#8221;4.24.2&#8243; _module_preset=&#8221;default&#8221; height=&#8221;100%&#8221; hover_enabled=&#8221;0&#8243; global_colors_info=&#8221;{}&#8221; sticky_enabled=&#8221;0&#8243;][\/et_pb_image][\/et_pb_column][et_pb_column type=&#8221;1_2&#8243; _builder_version=&#8221;4.24.2&#8243; _module_preset=&#8221;default&#8221; custom_padding=&#8221;|30px||30px|false|false&#8221; global_colors_info=&#8221;{}&#8221;][et_pb_heading title=&#8221;PANTERA-SALI&#8221; _builder_version=&#8221;4.24.2&#8243; _module_preset=&#8221;default&#8221; title_font=&#8221;Amsi Pro Cond Bold|||on|||||&#8221; title_text_align=&#8221;center&#8221; background_color=&#8221;rgba(255,255,255,0)&#8221; custom_margin=&#8221;30px||0px||false|false&#8221; global_colors_info=&#8221;{}&#8221;][\/et_pb_heading][et_pb_text _builder_version=&#8221;4.24.2&#8243; _module_preset=&#8221;e179c0c4-c115-407d-a110-ebe813713cd6&#8243; custom_margin=&#8221;|0px|||false|false&#8221; custom_padding=&#8221;32px||30px|20px|false|false&#8221; global_colors_info=&#8221;{}&#8221;]<p><span>Korkeat huoneet, suuret ikkunat, historialliset yksityiskohdat ja alkuper\u00e4iset 1800-luvun lattiat\u00a0 tekev\u00e4t Pantera-salista ihanteellisen milj\u00f6\u00f6n aitoa tehdastunnelmaa etsiville. Koristevaloja lis\u00e4\u00e4m\u00e4ll\u00e4 tila muuntuu j\u00e4nnitt\u00e4v\u00e4ksi konferenssi- tai juhlasaliksi.\u00a0<\/span><\/p>[\/et_pb_text][et_pb_button button_url=&#8221;https:\/\/www.prototehas.ee\/fi\/pantera-saali\/&#8221; button_text=&#8221;LUE LIS\u00c4\u00c4&#8221; button_alignment=&#8221;center&#8221; _builder_version=&#8221;4.24.2&#8243; _module_preset=&#8221;f68e210a-7307-4655-825f-63256ae554ce&#8221; custom_margin=&#8221;||30px||false|false&#8221; hover_enabled=&#8221;0&#8243; global_colors_info=&#8221;{}&#8221; sticky_enabled=&#8221;0&#8243;][\/et_pb_button][\/et_pb_column][\/et_pb_row][et_pb_row column_structure=&#8221;1_2,1_2&#8243; use_custom_gutter=&#8221;on&#8221; gutter_width=&#8221;1&#8243; make_equal=&#8221;on&#8221; admin_label=&#8221;Card Image Right&#8221; _builder_version=&#8221;4.24.2&#8243; _module_preset=&#8221;default&#8221; background_color=&#8221;#FFFFFF&#8221; custom_margin=&#8221;25px||25px||false|false&#8221; custom_padding=&#8221;0px||0px||false|false&#8221; border_radii=&#8221;on|20px|20px|20px|20px&#8221; locked=&#8221;off&#8221; global_colors_info=&#8221;{}&#8221; custom_css_main_element_last_edited=&#8221;on|tablet&#8221;][et_pb_column type=&#8221;1_2&#8243; _builder_version=&#8221;4.24.2&#8243; _module_preset=&#8221;default&#8221; custom_padding=&#8221;|30px||30px|false|false&#8221; global_colors_info=&#8221;{}&#8221;][et_pb_heading title=&#8221;LUOKKAHUONE LEOPARD&#8221; _builder_version=&#8221;4.24.2&#8243; _module_preset=&#8221;default&#8221; title_font=&#8221;Amsi Pro Cond Bold|||on|||||&#8221; title_text_align=&#8221;center&#8221; background_color=&#8221;rgba(255,255,255,0)&#8221; custom_margin=&#8221;30px||0px||false|false&#8221; global_colors_info=&#8221;{}&#8221;][\/et_pb_heading][et_pb_text _builder_version=&#8221;4.24.2&#8243; _module_preset=&#8221;e179c0c4-c115-407d-a110-ebe813713cd6&#8243; custom_margin=&#8221;|0px|||false|false&#8221; custom_padding=&#8221;35px||30px|20px|false|false&#8221; global_colors_info=&#8221;{}&#8221;]<p style=\"text-align: center;\">Keksint\u00f6tehtaan toisessa kerroksessa sijaitsee viihtyis\u00e4 luokkahuone, joka sopii kokouksiin, seminaareihin, koulutuksiin, syntym\u00e4p\u00e4iviin ja opetusohjelmiin. Teknisiin palveluihin sis\u00e4ltyy projektorin ja n\u00e4yt\u00f6n k\u00e4ytt\u00f6 sek\u00e4 suuret valkoiset taulut ja kirjoitusv\u00e4lineet. Huoneen nurkassa on pesuallas esimerkiksi syntym\u00e4p\u00e4ivi\u00e4 ja opetusohjelmia varten. Tilaan tulee luonnonvaloa.<\/p>[\/et_pb_text][et_pb_button button_url=&#8221;https:\/\/www.prototehas.ee\/fi\/luokkahuone-leopard\/&#8221; button_text=&#8221;LUE LIS\u00c4\u00c4&#8221; button_alignment=&#8221;center&#8221; _builder_version=&#8221;4.24.2&#8243; _module_preset=&#8221;f68e210a-7307-4655-825f-63256ae554ce&#8221; custom_margin=&#8221;||30px||false|false&#8221; global_colors_info=&#8221;{}&#8221;][\/et_pb_button][\/et_pb_column][et_pb_column type=&#8221;1_2&#8243; _builder_version=&#8221;4.24.2&#8243; _module_preset=&#8221;default&#8221; global_colors_info=&#8221;{}&#8221;][et_pb_image src=&#8221;https:\/\/www.prototehas.ee\/wp-content\/uploads\/2024\/07\/LEOPARD-2-scaled-3.jpeg&#8221; title_text=&#8221;LEOPARD-2-scaled&#8221; url=&#8221;https:\/\/www.prototehas.ee\/fi\/luokkahuone-leopard\/&#8221; show_bottom_space=&#8221;off&#8221; module_class=&#8221;pa-full-height-image-column&#8221; _builder_version=&#8221;4.24.2&#8243; _module_preset=&#8221;default&#8221; height=&#8221;100%&#8221; global_colors_info=&#8221;{}&#8221;][\/et_pb_image][\/et_pb_column][\/et_pb_row][et_pb_row column_structure=&#8221;1_2,1_2&#8243; admin_label=&#8221;Card Image Left&#8221; _builder_version=&#8221;4.24.2&#8243; _module_preset=&#8221;90498953-537a-45d8-96c9-83e32ef8ef4e&#8221; custom_margin=&#8221;25px||25px||false|false&#8221; saved_tabs=&#8221;all&#8221; locked=&#8221;off&#8221; global_colors_info=&#8221;{}&#8221;][et_pb_column type=&#8221;1_2&#8243; _builder_version=&#8221;4.24.2&#8243; _module_preset=&#8221;default&#8221; global_colors_info=&#8221;{}&#8221;][et_pb_image src=&#8221;https:\/\/www.prototehas.ee\/wp-content\/uploads\/2024\/05\/TIGR-seminariruum-PROTO-1-scaled.jpg&#8221; title_text=&#8221;TIGR seminariruum PROTO&#8221; url=&#8221;https:\/\/www.prototehas.ee\/fi\/luokkahuone-tigr\/&#8221; show_bottom_space=&#8221;off&#8221; module_class=&#8221;pa-full-height-image-column&#8221; _builder_version=&#8221;4.24.2&#8243; _module_preset=&#8221;default&#8221; height=&#8221;100%&#8221; global_colors_info=&#8221;{}&#8221;][\/et_pb_image][\/et_pb_column][et_pb_column type=&#8221;1_2&#8243; _builder_version=&#8221;4.24.2&#8243; _module_preset=&#8221;default&#8221; custom_padding=&#8221;|30px||30px|false|false&#8221; global_colors_info=&#8221;{}&#8221;][et_pb_heading title=&#8221;LUOKKAHUONE TIGR&#8221; _builder_version=&#8221;4.24.2&#8243; _module_preset=&#8221;default&#8221; title_font=&#8221;Amsi Pro Cond Bold|||on|||||&#8221; title_text_align=&#8221;center&#8221; background_color=&#8221;rgba(255,255,255,0)&#8221; custom_margin=&#8221;30px||0px||false|false&#8221; global_colors_info=&#8221;{}&#8221;][\/et_pb_heading][et_pb_text _builder_version=&#8221;4.24.2&#8243; _module_preset=&#8221;e179c0c4-c115-407d-a110-ebe813713cd6&#8243; custom_margin=&#8221;|0px|||false|false&#8221; custom_padding=&#8221;32px||30px|20px|false|false&#8221; global_colors_info=&#8221;{}&#8221;]<p>Keksint\u00f6tehtaan toisessa kerroksessa sijaitsee viihtyis\u00e4 luokkahuone, joka sopii kokouksiin, seminaareihin, koulutuksiin, syntym\u00e4p\u00e4iviin ja opetusohjelmiin. Teknisiin palveluihin sis\u00e4ltyy projektorin ja n\u00e4yt\u00f6n k\u00e4ytt\u00f6 sek\u00e4 suuret valkoiset taulut ja kirjoitusv\u00e4lineet. Huoneen nurkassa on pesuallas esimerkiksi syntym\u00e4p\u00e4ivi\u00e4 ja opetusohjelmia varten. Tilaan tulee luonnonvaloa.<\/p>[\/et_pb_text][et_pb_button button_url=&#8221;https:\/\/www.prototehas.ee\/fi\/luokkahuone-tigr\/&#8221; button_text=&#8221;LUE LIS\u00c4\u00c4&#8221; button_alignment=&#8221;center&#8221; _builder_version=&#8221;4.24.2&#8243; _module_preset=&#8221;f68e210a-7307-4655-825f-63256ae554ce&#8221; custom_margin=&#8221;||30px||false|false&#8221; global_colors_info=&#8221;{}&#8221;][\/et_pb_button][\/et_pb_column][\/et_pb_row][et_pb_row column_structure=&#8221;1_2,1_2&#8243; use_custom_gutter=&#8221;on&#8221; gutter_width=&#8221;1&#8243; make_equal=&#8221;on&#8221; admin_label=&#8221;Card Image Right&#8221; _builder_version=&#8221;4.24.2&#8243; _module_preset=&#8221;default&#8221; background_color=&#8221;#FFFFFF&#8221; custom_margin=&#8221;25px||25px||false|false&#8221; custom_padding=&#8221;0px||0px||false|false&#8221; border_radii=&#8221;on|20px|20px|20px|20px&#8221; locked=&#8221;off&#8221; global_colors_info=&#8221;{}&#8221; custom_css_main_element_last_edited=&#8221;on|tablet&#8221;][et_pb_column type=&#8221;1_2&#8243; _builder_version=&#8221;4.24.2&#8243; _module_preset=&#8221;default&#8221; custom_padding=&#8221;|30px||30px|false|false&#8221; global_colors_info=&#8221;{}&#8221;][et_pb_heading title=&#8221;LUOKKAHUONE JAGUAR&#8221; _builder_version=&#8221;4.24.2&#8243; _module_preset=&#8221;default&#8221; title_font=&#8221;Amsi Pro Cond Bold|||on|||||&#8221; title_text_align=&#8221;center&#8221; background_color=&#8221;rgba(255,255,255,0)&#8221; custom_margin=&#8221;30px||0px||false|false&#8221; global_colors_info=&#8221;{}&#8221;][\/et_pb_heading][et_pb_text _builder_version=&#8221;4.24.2&#8243; _module_preset=&#8221;e179c0c4-c115-407d-a110-ebe813713cd6&#8243; custom_margin=&#8221;|0px|||false|false&#8221; custom_padding=&#8221;35px||30px|20px|false|false&#8221; global_colors_info=&#8221;{}&#8221;]<p style=\"text-align: center;\">Keksint\u00f6tehtaan toisessa kerroksessa sijaitsee viihtyis\u00e4 luokkahuone, joka sopii kokouksiin, seminaareihin, koulutuksiin, syntym\u00e4p\u00e4iviin ja opetusohjelmiin. Teknisiin palveluihin sis\u00e4ltyy suuret valkoiset taulut ja kirjoitusv\u00e4lineet. Tilaan tulee luonnonvaloa.<\/p>[\/et_pb_text][et_pb_button button_url=&#8221;https:\/\/www.prototehas.ee\/fi\/luokkahuone-jaguar\/&#8221; button_text=&#8221;LUE LIS\u00c4\u00c4&#8221; button_alignment=&#8221;center&#8221; _builder_version=&#8221;4.24.2&#8243; _module_preset=&#8221;f68e210a-7307-4655-825f-63256ae554ce&#8221; custom_margin=&#8221;||30px||false|false&#8221; global_colors_info=&#8221;{}&#8221;][\/et_pb_button][\/et_pb_column][et_pb_column type=&#8221;1_2&#8243; _builder_version=&#8221;4.24.2&#8243; _module_preset=&#8221;default&#8221; global_colors_info=&#8221;{}&#8221;][et_pb_image src=&#8221;https:\/\/www.prototehas.ee\/wp-content\/uploads\/2024\/05\/Jaguar-3-scaled.jpg&#8221; title_text=&#8221;Jaguar 3&#8243; url=&#8221;https:\/\/www.prototehas.ee\/fi\/luokkahuone-jaguar\/&#8221; show_bottom_space=&#8221;off&#8221; module_class=&#8221;pa-full-height-image-column&#8221; _builder_version=&#8221;4.24.2&#8243; _module_preset=&#8221;default&#8221; height=&#8221;100%&#8221; global_colors_info=&#8221;{}&#8221;][\/et_pb_image][\/et_pb_column][\/et_pb_row][et_pb_row _builder_version=&#8221;4.16&#8243; min_height=&#8221;142px&#8221; custom_padding=&#8221;||0px|||&#8221; locked=&#8221;off&#8221; global_colors_info=&#8221;{}&#8221;][et_pb_column type=&#8221;4_4&#8243; _builder_version=&#8221;4.16&#8243; global_colors_info=&#8221;{}&#8221;][et_pb_text module_class=&#8221;regular-text&#8221; _builder_version=&#8221;4.16&#8243; text_font=&#8221;Amsi Pro Narrow Regular||||||||&#8221; text_text_color=&#8221;#000000&#8243; text_line_height=&#8221;21px&#8221; min_height=&#8221;58px&#8221; locked=&#8221;off&#8221; global_colors_info=&#8221;{}&#8221;]<ul>\n<li><em><span>Tilojen kapasiteetti on viitteellinen ja on riippuvainen tapahtuman tyypist\u00e4 sek\u00e4 tuolien, p\u00f6ytien ja lavan sijoittelusta.<\/span><\/em><\/li>\n<li><em><span>Konferenssitiloissa on valkokangas, dataheitin, fl\u00e4ppitaulu sek\u00e4 p\u00f6yd\u00e4t ja tuolit.<\/span><\/em><\/li>\n<li><em><span>Kaikki tilat ovat valoisia ja ne voidaan tarvittaessa piment\u00e4\u00e4.<\/span><\/em><\/li>\n<\/ul>\n<p>&nbsp;<\/p>[\/et_pb_text][et_pb_text _builder_version=&#8221;4.24.2&#8243; _module_preset=&#8221;e179c0c4-c115-407d-a110-ebe813713cd6&#8243; custom_padding=&#8221;|90px||90px|false|false&#8221; custom_padding_tablet=&#8221;|20px||20px|false|false&#8221; custom_padding_phone=&#8221;|0px||0px|false|false&#8221; custom_padding_last_edited=&#8221;on|tablet&#8221; global_colors_info=&#8221;{}&#8221;]<p style=\"text-align: center;\"><strong>VARAUKSET:<\/strong><\/p>\n<p style=\"text-align: center;\"><strong><a href=\"mailto:booking@protofactory.ee\">booking@protofactory.ee<\/a><br \/>+372 53 620 400<\/strong><\/p>[\/et_pb_text][\/et_pb_column][\/et_pb_row][\/et_pb_section]<span class=\"et_bloom_bottom_trigger\"><\/span>","protected":false},"excerpt":{"rendered":"<p>Tervetuloa ainutlaatuisiin konferenssi- ja seminaaritiloihimme, joissa jokainen tapahtuma muuttuu unohtumattomaksi kokemukseksi! Tilamme sijaitsevat historiallisessa teollisuusrakennuksessa nopeasti kehittyv\u00e4ll\u00e4 rantakorttelialueella, tarjoten erinomaisen ymp\u00e4rist\u00f6n niin pienille kokoontumisille kuin suurille virallisiin vastaanottoihin. PROTO-n\u00e4yttelyhalli on erinomainen valinta suurten tapahtumien, kuten konferenssien ja gaalaillallisten j\u00e4rjest\u00e4miseen. Pantera-sali tarjoaa intiimimm\u00e4n ymp\u00e4rist\u00f6n ja soveltuu erinomaisesti seminaareihin, koulutustilaisuuksiin ja ty\u00f6pajoihin, ja on varustettu korkeatasoisella \u00e4\u00e4ni- [&hellip;]<\/p>\n","protected":false},"author":19,"featured_media":0,"parent":0,"menu_order":0,"comment_status":"closed","ping_status":"closed","template":"","meta":{"_acf_changed":false,"_et_pb_use_builder":"on","_et_pb_old_content":"","_et_gb_content_width":"","inline_featured_image":false,"footnotes":""},"class_list":["post-28695","page","type-page","status-publish","hentry"],"acf":[],"yoast_head":"<!-- This site is optimized with the Yoast SEO plugin v26.9 - https:\/\/yoast.com\/product\/yoast-seo-wordpress\/ -->\n<title>KOKOUS- JA SEMINAARITILAT - PROTO avastustehas<\/title>\n<meta name=\"description\" content=\"Tutustu PROTOn ihanteellisiin konferenssi- ja seminaaritiloihin, jotka on varustettu huipputekniikalla\" \/>\n<meta name=\"robots\" content=\"index, follow, max-snippet:-1, max-image-preview:large, max-video-preview:-1\" \/>\n<link rel=\"canonical\" href=\"https:\/\/www.prototehas.ee\/fi\/kokous-ja-seminaaritilat\/\" \/>\n<meta property=\"og:locale\" content=\"fi_FI\" \/>\n<meta property=\"og:type\" content=\"article\" \/>\n<meta property=\"og:title\" content=\"KOKOUS- JA SEMINAARITILAT - PROTO avastustehas\" \/>\n<meta property=\"og:description\" content=\"Tutustu PROTOn ihanteellisiin konferenssi- ja seminaaritiloihin, jotka on varustettu huipputekniikalla\" \/>\n<meta property=\"og:url\" content=\"https:\/\/www.prototehas.ee\/fi\/kokous-ja-seminaaritilat\/\" \/>\n<meta property=\"og:site_name\" content=\"PROTO avastustehas\" \/>\n<meta property=\"article:publisher\" content=\"https:\/\/www.facebook.com\/prototehas\/\" \/>\n<meta property=\"article:modified_time\" content=\"2024-07-23T11:51:54+00:00\" \/>\n<meta name=\"twitter:card\" content=\"summary_large_image\" \/>\n<meta name=\"twitter:label1\" content=\"Arvioitu lukuaika\" \/>\n\t<meta name=\"twitter:data1\" content=\"4 minuuttia\" \/>\n<script type=\"application\/ld+json\" class=\"yoast-schema-graph\">{\"@context\":\"https:\/\/schema.org\",\"@graph\":[{\"@type\":\"WebPage\",\"@id\":\"https:\/\/www.prototehas.ee\/fi\/kokous-ja-seminaaritilat\/\",\"url\":\"https:\/\/www.prototehas.ee\/fi\/kokous-ja-seminaaritilat\/\",\"name\":\"KOKOUS- JA SEMINAARITILAT - PROTO avastustehas\",\"isPartOf\":{\"@id\":\"https:\/\/www.prototehas.ee\/fi\/#website\"},\"datePublished\":\"2024-05-27T13:35:46+00:00\",\"dateModified\":\"2024-07-23T11:51:54+00:00\",\"description\":\"Tutustu PROTOn ihanteellisiin konferenssi- ja seminaaritiloihin, jotka on varustettu huipputekniikalla\",\"breadcrumb\":{\"@id\":\"https:\/\/www.prototehas.ee\/fi\/kokous-ja-seminaaritilat\/#breadcrumb\"},\"inLanguage\":\"fi\",\"potentialAction\":[{\"@type\":\"ReadAction\",\"target\":[\"https:\/\/www.prototehas.ee\/fi\/kokous-ja-seminaaritilat\/\"]}]},{\"@type\":\"BreadcrumbList\",\"@id\":\"https:\/\/www.prototehas.ee\/fi\/kokous-ja-seminaaritilat\/#breadcrumb\",\"itemListElement\":[{\"@type\":\"ListItem\",\"position\":1,\"name\":\"Avaleht\",\"item\":\"https:\/\/www.prototehas.ee\/fi\/\"},{\"@type\":\"ListItem\",\"position\":2,\"name\":\"KOKOUS- JA SEMINAARITILAT\"}]},{\"@type\":\"WebSite\",\"@id\":\"https:\/\/www.prototehas.ee\/fi\/#website\",\"url\":\"https:\/\/www.prototehas.ee\/fi\/\",\"name\":\"PROTO avastustehas\",\"description\":\"Where science meets fantasy\",\"publisher\":{\"@id\":\"https:\/\/www.prototehas.ee\/fi\/#organization\"},\"potentialAction\":[{\"@type\":\"SearchAction\",\"target\":{\"@type\":\"EntryPoint\",\"urlTemplate\":\"https:\/\/www.prototehas.ee\/fi\/?s={search_term_string}\"},\"query-input\":{\"@type\":\"PropertyValueSpecification\",\"valueRequired\":true,\"valueName\":\"search_term_string\"}}],\"inLanguage\":\"fi\"},{\"@type\":\"Organization\",\"@id\":\"https:\/\/www.prototehas.ee\/fi\/#organization\",\"name\":\"PROTO avastustehas\",\"url\":\"https:\/\/www.prototehas.ee\/fi\/\",\"logo\":{\"@type\":\"ImageObject\",\"inLanguage\":\"fi\",\"@id\":\"https:\/\/www.prototehas.ee\/fi\/#\/schema\/logo\/image\/\",\"url\":\"https:\/\/www.prototehas.ee\/wp-content\/uploads\/2019\/10\/prototehas_logo_et_2.svg\",\"contentUrl\":\"https:\/\/www.prototehas.ee\/wp-content\/uploads\/2019\/10\/prototehas_logo_et_2.svg\",\"width\":100,\"height\":100,\"caption\":\"PROTO avastustehas\"},\"image\":{\"@id\":\"https:\/\/www.prototehas.ee\/fi\/#\/schema\/logo\/image\/\"},\"sameAs\":[\"https:\/\/www.facebook.com\/prototehas\/\"]}]}<\/script>\n<!-- \/ Yoast SEO plugin. -->","yoast_head_json":{"title":"KOKOUS- JA SEMINAARITILAT - PROTO avastustehas","description":"Tutustu PROTOn ihanteellisiin konferenssi- ja seminaaritiloihin, jotka on varustettu huipputekniikalla","robots":{"index":"index","follow":"follow","max-snippet":"max-snippet:-1","max-image-preview":"max-image-preview:large","max-video-preview":"max-video-preview:-1"},"canonical":"https:\/\/www.prototehas.ee\/fi\/kokous-ja-seminaaritilat\/","og_locale":"fi_FI","og_type":"article","og_title":"KOKOUS- JA SEMINAARITILAT - PROTO avastustehas","og_description":"Tutustu PROTOn ihanteellisiin konferenssi- ja seminaaritiloihin, jotka on varustettu huipputekniikalla","og_url":"https:\/\/www.prototehas.ee\/fi\/kokous-ja-seminaaritilat\/","og_site_name":"PROTO avastustehas","article_publisher":"https:\/\/www.facebook.com\/prototehas\/","article_modified_time":"2024-07-23T11:51:54+00:00","twitter_card":"summary_large_image","twitter_misc":{"Arvioitu lukuaika":"4 minuuttia"},"schema":{"@context":"https:\/\/schema.org","@graph":[{"@type":"WebPage","@id":"https:\/\/www.prototehas.ee\/fi\/kokous-ja-seminaaritilat\/","url":"https:\/\/www.prototehas.ee\/fi\/kokous-ja-seminaaritilat\/","name":"KOKOUS- JA SEMINAARITILAT - PROTO avastustehas","isPartOf":{"@id":"https:\/\/www.prototehas.ee\/fi\/#website"},"datePublished":"2024-05-27T13:35:46+00:00","dateModified":"2024-07-23T11:51:54+00:00","description":"Tutustu PROTOn ihanteellisiin konferenssi- ja seminaaritiloihin, jotka on varustettu huipputekniikalla","breadcrumb":{"@id":"https:\/\/www.prototehas.ee\/fi\/kokous-ja-seminaaritilat\/#breadcrumb"},"inLanguage":"fi","potentialAction":[{"@type":"ReadAction","target":["https:\/\/www.prototehas.ee\/fi\/kokous-ja-seminaaritilat\/"]}]},{"@type":"BreadcrumbList","@id":"https:\/\/www.prototehas.ee\/fi\/kokous-ja-seminaaritilat\/#breadcrumb","itemListElement":[{"@type":"ListItem","position":1,"name":"Avaleht","item":"https:\/\/www.prototehas.ee\/fi\/"},{"@type":"ListItem","position":2,"name":"KOKOUS- JA SEMINAARITILAT"}]},{"@type":"WebSite","@id":"https:\/\/www.prototehas.ee\/fi\/#website","url":"https:\/\/www.prototehas.ee\/fi\/","name":"PROTO avastustehas","description":"Where science meets fantasy","publisher":{"@id":"https:\/\/www.prototehas.ee\/fi\/#organization"},"potentialAction":[{"@type":"SearchAction","target":{"@type":"EntryPoint","urlTemplate":"https:\/\/www.prototehas.ee\/fi\/?s={search_term_string}"},"query-input":{"@type":"PropertyValueSpecification","valueRequired":true,"valueName":"search_term_string"}}],"inLanguage":"fi"},{"@type":"Organization","@id":"https:\/\/www.prototehas.ee\/fi\/#organization","name":"PROTO avastustehas","url":"https:\/\/www.prototehas.ee\/fi\/","logo":{"@type":"ImageObject","inLanguage":"fi","@id":"https:\/\/www.prototehas.ee\/fi\/#\/schema\/logo\/image\/","url":"https:\/\/www.prototehas.ee\/wp-content\/uploads\/2019\/10\/prototehas_logo_et_2.svg","contentUrl":"https:\/\/www.prototehas.ee\/wp-content\/uploads\/2019\/10\/prototehas_logo_et_2.svg","width":100,"height":100,"caption":"PROTO avastustehas"},"image":{"@id":"https:\/\/www.prototehas.ee\/fi\/#\/schema\/logo\/image\/"},"sameAs":["https:\/\/www.facebook.com\/prototehas\/"]}]}},"_links":{"self":[{"href":"https:\/\/www.prototehas.ee\/fi\/wp-json\/wp\/v2\/pages\/28695","targetHints":{"allow":["GET"]}}],"collection":[{"href":"https:\/\/www.prototehas.ee\/fi\/wp-json\/wp\/v2\/pages"}],"about":[{"href":"https:\/\/www.prototehas.ee\/fi\/wp-json\/wp\/v2\/types\/page"}],"author":[{"embeddable":true,"href":"https:\/\/www.prototehas.ee\/fi\/wp-json\/wp\/v2\/users\/19"}],"replies":[{"embeddable":true,"href":"https:\/\/www.prototehas.ee\/fi\/wp-json\/wp\/v2\/comments?post=28695"}],"version-history":[{"count":5,"href":"https:\/\/www.prototehas.ee\/fi\/wp-json\/wp\/v2\/pages\/28695\/revisions"}],"predecessor-version":[{"id":30981,"href":"https:\/\/www.prototehas.ee\/fi\/wp-json\/wp\/v2\/pages\/28695\/revisions\/30981"}],"wp:attachment":[{"href":"https:\/\/www.prototehas.ee\/fi\/wp-json\/wp\/v2\/media?parent=28695"}],"curies":[{"name":"wp","href":"https:\/\/api.w.org\/{rel}","templated":true}]}}