{"id":28739,"date":"2024-06-10T08:22:19","date_gmt":"2024-06-10T08:22:19","guid":{"rendered":"http:\/\/protodev.ee\/leiutajate-labor\/"},"modified":"2025-06-20T16:16:25","modified_gmt":"2025-06-20T16:16:25","slug":"keksijoiden-laboratorio","status":"publish","type":"page","link":"https:\/\/www.prototehas.ee\/fi\/keksijoiden-laboratorio\/","title":{"rendered":"KEKSIJ\u00d6IDEN LABORATORIO"},"content":{"rendered":"[et_pb_section fb_built=&#8221;1&#8243; _builder_version=&#8221;4.16&#8243; background_enable_image=&#8221;off&#8221; locked=&#8221;off&#8221; global_colors_info=&#8221;{}&#8221;][et_pb_row admin_label=&#8221;Eesti Maitsed&#8221; _builder_version=&#8221;4.24.2&#8243; _module_preset=&#8221;default&#8221; background_color=&#8221;#FFFFFF&#8221; border_radii=&#8221;on|30px|30px|30px|30px&#8221; locked=&#8221;off&#8221; global_colors_info=&#8221;{}&#8221;][et_pb_column type=&#8221;4_4&#8243; _builder_version=&#8221;4.16&#8243; _module_preset=&#8221;default&#8221; global_colors_info=&#8221;{}&#8221;][et_pb_heading title=&#8221;KEKSIJ\u00d6IDEN LABORATORIO&#8221; _builder_version=&#8221;4.24.2&#8243; _module_preset=&#8221;c9a4dd29-8345-43ea-bd4d-e73ae35e5717&#8243; custom_margin=&#8221;||30px||false|false&#8221; global_colors_info=&#8221;{}&#8221;][\/et_pb_heading][et_pb_text _builder_version=&#8221;4.24.2&#8243; _module_preset=&#8221;e179c0c4-c115-407d-a110-ebe813713cd6&#8243; custom_padding=&#8221;0px|90px|0px|90px|false|false&#8221; custom_padding_tablet=&#8221;|20px||20px|false|false&#8221; custom_padding_phone=&#8221;|0px||0px|false|false&#8221; custom_padding_last_edited=&#8221;on|tablet&#8221; global_colors_info=&#8221;{}&#8221;]<p><span><strong>Keksij\u00f6iden laboratorio<\/strong> on tarkoitettu kaikille \u2013 sek\u00e4 isoille ett\u00e4 pienille PROTO-vierailijoille, sek\u00e4 yhdess\u00e4 ett\u00e4 yksil\u00f6llisesti ty\u00f6skentelyyn.<\/span><\/p>\n<p>PROTO-keksij\u00e4laboratorio on PROTO-n\u00e4yttelyhallissa sijaitseva toiminta-alue, jossa voit itse keksi\u00e4, kokeilla ja oppia uusia taitoja erilaisia \u200b\u200bty\u00f6kaluja ja materiaaleja k\u00e4ytt\u00e4en. Toiminta tapahtuu ilman ohjaajaa.<\/p>\n<p>P\u00e4ivit\u00e4mme aiheen ratkaisemiseksi luotuja ty\u00f6pajoja nelj\u00e4 kertaa vuodessa.<\/p>\n<p>Alue on avoinna klo 11\u201318. Erityistapauksissa, kun alueella j\u00e4rjestet\u00e4\u00e4n museo-ohjelmia, alue on suljettu vierailijoilta.<\/p>\n<p>Keksiminen on hauskaa!<\/p>\n<p class=\"s5\"><\/p>[\/et_pb_text][\/et_pb_column][\/et_pb_row][et_pb_row admin_label=&#8221;Eesti Maitsed&#8221; _builder_version=&#8221;4.24.2&#8243; _module_preset=&#8221;default&#8221; background_color=&#8221;#FFFFFF&#8221; border_radii=&#8221;on|30px|30px|30px|30px&#8221; locked=&#8221;off&#8221; global_colors_info=&#8221;{}&#8221;][et_pb_column type=&#8221;4_4&#8243; _builder_version=&#8221;4.16&#8243; _module_preset=&#8221;default&#8221; global_colors_info=&#8221;{}&#8221;][et_pb_heading title=&#8221;Uusi avoin ty\u00f6paja&#8221; _builder_version=&#8221;4.24.2&#8243; _module_preset=&#8221;c9a4dd29-8345-43ea-bd4d-e73ae35e5717&#8243; custom_margin=&#8221;||30px||false|false&#8221; global_colors_info=&#8221;{}&#8221;][\/et_pb_heading][et_pb_text _builder_version=&#8221;4.24.2&#8243; _module_preset=&#8221;e179c0c4-c115-407d-a110-ebe813713cd6&#8243; custom_padding=&#8221;0px|90px|0px|90px|false|false&#8221; custom_padding_tablet=&#8221;|20px||20px|false|false&#8221; custom_padding_phone=&#8221;|0px||0px|false|false&#8221; custom_padding_last_edited=&#8221;on|tablet&#8221; global_colors_info=&#8221;{}&#8221;]<p class=\"s5\">Astu avoimeen ty\u00f6pajaan ja anna mielikuvituksesi laukata! T\u00e4\u00e4ll\u00e4 voit rakentaa oman upean <strong>kumik\u00e4ytt\u00f6isen autosi<\/strong> k\u00e4ytt\u00e4m\u00e4ll\u00e4 yksinkertaisia \u200b\u200bkotitalousmateriaaleja ja ripausta hullua luovuutta.<\/p>\n<p class=\"s5\">Yhdess\u00e4 tutkimme, kuinka piilev\u00e4 potentiaalienergia muuttuu j\u00e4nnitt\u00e4v\u00e4ksi liikkeeksi \u2013 iloisen kokeilun ja leikkis\u00e4n keksimisen kautta.<\/p>\n<p class=\"s5\">Suunnittele oma ainutlaatuinen superautosi, aja sill\u00e4 radalla ja katso, mik\u00e4 kone p\u00e4\u00e4see pisimm\u00e4lle! Kuka tiet\u00e4\u00e4 \u2013 ehk\u00e4 keksinn\u00f6st\u00e4si kruunataan kumiautojen mestari!<\/p>\n<p class=\"s5\"><\/p>[\/et_pb_text][\/et_pb_column][\/et_pb_row][et_pb_row column_structure=&#8221;1_3,1_3,1_3&#8243; _builder_version=&#8221;4.16&#8243; _module_preset=&#8221;default&#8221; locked=&#8221;off&#8221; global_colors_info=&#8221;{}&#8221;][et_pb_column type=&#8221;1_3&#8243; _builder_version=&#8221;4.16&#8243; _module_preset=&#8221;default&#8221; global_colors_info=&#8221;{}&#8221;][et_pb_image src=&#8221;https:\/\/www.prototehas.ee\/wp-content\/uploads\/2024\/06\/22JJ1031_131.jpg&#8221; alt=&#8221;Keksij\u00f6iden laboratorio perheen kanssa&#8221; title_text=&#8221;Keksij\u00f6iden laboratorio kuva1&#8243; _builder_version=&#8221;4.24.2&#8243; _module_preset=&#8221;default&#8221; global_colors_info=&#8221;{}&#8221;][\/et_pb_image][\/et_pb_column][et_pb_column type=&#8221;1_3&#8243; _builder_version=&#8221;4.16&#8243; _module_preset=&#8221;default&#8221; global_colors_info=&#8221;{}&#8221;][et_pb_image src=&#8221;https:\/\/www.prototehas.ee\/wp-content\/uploads\/2024\/06\/22JJ1031_237.jpg&#8221; alt=&#8221;Erilaisia  ty\u00f6pajoja keksij\u00f6iden laboratoriossa&#8221; title_text=&#8221;Keksij\u00f6iden laboratorioty\u00f6pajat&#8221; _builder_version=&#8221;4.24.2&#8243; _module_preset=&#8221;default&#8221; global_colors_info=&#8221;{}&#8221;][\/et_pb_image][\/et_pb_column][et_pb_column type=&#8221;1_3&#8243; _builder_version=&#8221;4.16&#8243; _module_preset=&#8221;default&#8221; global_colors_info=&#8221;{}&#8221;][et_pb_image src=&#8221;https:\/\/www.prototehas.ee\/wp-content\/uploads\/2023\/02\/Nimetu-kujundus.png&#8221; alt=&#8221;Keksij\u00f6iden laboratorion ty\u00f6paja nro 2&#8243; title_text=&#8221;Keksij\u00f6iden laboratorion ty\u00f6paja nro 2&#8243; _builder_version=&#8221;4.24.2&#8243; _module_preset=&#8221;default&#8221; global_colors_info=&#8221;{}&#8221;][\/et_pb_image][\/et_pb_column][\/et_pb_row][\/et_pb_section]<span class=\"et_bloom_bottom_trigger\"><\/span>","protected":false},"excerpt":{"rendered":"<p>Keksij\u00f6iden laboratorio on tarkoitettu kaikille \u2013 sek\u00e4 isoille ett\u00e4 pienille PROTO-vierailijoille, sek\u00e4 yhdess\u00e4 ett\u00e4 yksil\u00f6llisesti ty\u00f6skentelyyn. PROTO-keksij\u00e4laboratorio on PROTO-n\u00e4yttelyhallissa sijaitseva toiminta-alue, jossa voit itse keksi\u00e4, kokeilla ja oppia uusia taitoja erilaisia \u200b\u200bty\u00f6kaluja ja materiaaleja k\u00e4ytt\u00e4en. Toiminta tapahtuu ilman ohjaajaa. P\u00e4ivit\u00e4mme aiheen ratkaisemiseksi luotuja ty\u00f6pajoja nelj\u00e4 kertaa vuodessa. Alue on avoinna klo 11\u201318. Erityistapauksissa, kun alueella [&hellip;]<\/p>\n","protected":false},"author":23,"featured_media":0,"parent":0,"menu_order":0,"comment_status":"closed","ping_status":"closed","template":"","meta":{"_acf_changed":false,"_et_pb_use_builder":"on","_et_pb_old_content":"","_et_gb_content_width":"","inline_featured_image":false,"footnotes":""},"class_list":["post-28739","page","type-page","status-publish","hentry"],"acf":[],"yoast_head":"<!-- This site is optimized with the Yoast SEO plugin v26.9 - https:\/\/yoast.com\/product\/yoast-seo-wordpress\/ -->\n<title>KEKSIJ\u00d6IDEN LABORATORIO - PROTO interaktiivinen aktiviteetti kaikille<\/title>\n<meta name=\"description\" content=\"Tutustu PROTO-keksij\u00f6iden laboratorioon \u2013 interaktiiviseen toiminta-alueeseen, jossa kaikki voivat keksi\u00e4 ja kokeilla erilaisia \u200b\u200bty\u00f6pajoja.\" \/>\n<meta name=\"robots\" content=\"index, follow, max-snippet:-1, max-image-preview:large, max-video-preview:-1\" \/>\n<link rel=\"canonical\" href=\"https:\/\/www.prototehas.ee\/fi\/keksijoiden-laboratorio\/\" \/>\n<meta property=\"og:locale\" content=\"fi_FI\" \/>\n<meta property=\"og:type\" content=\"article\" \/>\n<meta property=\"og:title\" content=\"KEKSIJ\u00d6IDEN LABORATORIO - PROTO interaktiivinen aktiviteetti kaikille\" \/>\n<meta property=\"og:description\" content=\"Tutustu PROTO-keksij\u00f6iden laboratorioon \u2013 interaktiiviseen toiminta-alueeseen, jossa kaikki voivat keksi\u00e4 ja kokeilla erilaisia \u200b\u200bty\u00f6pajoja.\" \/>\n<meta property=\"og:url\" content=\"https:\/\/www.prototehas.ee\/fi\/keksijoiden-laboratorio\/\" \/>\n<meta property=\"og:site_name\" content=\"PROTO avastustehas\" \/>\n<meta property=\"article:publisher\" content=\"https:\/\/www.facebook.com\/prototehas\/\" \/>\n<meta property=\"article:modified_time\" content=\"2025-06-20T16:16:25+00:00\" \/>\n<meta name=\"twitter:card\" content=\"summary_large_image\" \/>\n<meta name=\"twitter:label1\" content=\"Arvioitu lukuaika\" \/>\n\t<meta name=\"twitter:data1\" content=\"2 minuuttia\" \/>\n<script type=\"application\/ld+json\" class=\"yoast-schema-graph\">{\"@context\":\"https:\/\/schema.org\",\"@graph\":[{\"@type\":\"WebPage\",\"@id\":\"https:\/\/www.prototehas.ee\/fi\/keksijoiden-laboratorio\/\",\"url\":\"https:\/\/www.prototehas.ee\/fi\/keksijoiden-laboratorio\/\",\"name\":\"KEKSIJ\u00d6IDEN LABORATORIO - PROTO interaktiivinen aktiviteetti kaikille\",\"isPartOf\":{\"@id\":\"https:\/\/www.prototehas.ee\/fi\/#website\"},\"datePublished\":\"2024-06-10T08:22:19+00:00\",\"dateModified\":\"2025-06-20T16:16:25+00:00\",\"description\":\"Tutustu PROTO-keksij\u00f6iden laboratorioon \u2013 interaktiiviseen toiminta-alueeseen, jossa kaikki voivat keksi\u00e4 ja kokeilla erilaisia \u200b\u200bty\u00f6pajoja.\",\"breadcrumb\":{\"@id\":\"https:\/\/www.prototehas.ee\/fi\/keksijoiden-laboratorio\/#breadcrumb\"},\"inLanguage\":\"fi\",\"potentialAction\":[{\"@type\":\"ReadAction\",\"target\":[\"https:\/\/www.prototehas.ee\/fi\/keksijoiden-laboratorio\/\"]}]},{\"@type\":\"BreadcrumbList\",\"@id\":\"https:\/\/www.prototehas.ee\/fi\/keksijoiden-laboratorio\/#breadcrumb\",\"itemListElement\":[{\"@type\":\"ListItem\",\"position\":1,\"name\":\"Avaleht\",\"item\":\"https:\/\/www.prototehas.ee\/fi\/\"},{\"@type\":\"ListItem\",\"position\":2,\"name\":\"KEKSIJ\u00d6IDEN LABORATORIO\"}]},{\"@type\":\"WebSite\",\"@id\":\"https:\/\/www.prototehas.ee\/fi\/#website\",\"url\":\"https:\/\/www.prototehas.ee\/fi\/\",\"name\":\"PROTO avastustehas\",\"description\":\"Where science meets fantasy\",\"publisher\":{\"@id\":\"https:\/\/www.prototehas.ee\/fi\/#organization\"},\"potentialAction\":[{\"@type\":\"SearchAction\",\"target\":{\"@type\":\"EntryPoint\",\"urlTemplate\":\"https:\/\/www.prototehas.ee\/fi\/?s={search_term_string}\"},\"query-input\":{\"@type\":\"PropertyValueSpecification\",\"valueRequired\":true,\"valueName\":\"search_term_string\"}}],\"inLanguage\":\"fi\"},{\"@type\":\"Organization\",\"@id\":\"https:\/\/www.prototehas.ee\/fi\/#organization\",\"name\":\"PROTO avastustehas\",\"url\":\"https:\/\/www.prototehas.ee\/fi\/\",\"logo\":{\"@type\":\"ImageObject\",\"inLanguage\":\"fi\",\"@id\":\"https:\/\/www.prototehas.ee\/fi\/#\/schema\/logo\/image\/\",\"url\":\"https:\/\/www.prototehas.ee\/wp-content\/uploads\/2019\/10\/prototehas_logo_et_2.svg\",\"contentUrl\":\"https:\/\/www.prototehas.ee\/wp-content\/uploads\/2019\/10\/prototehas_logo_et_2.svg\",\"width\":100,\"height\":100,\"caption\":\"PROTO avastustehas\"},\"image\":{\"@id\":\"https:\/\/www.prototehas.ee\/fi\/#\/schema\/logo\/image\/\"},\"sameAs\":[\"https:\/\/www.facebook.com\/prototehas\/\"]}]}<\/script>\n<!-- \/ Yoast SEO plugin. -->","yoast_head_json":{"title":"KEKSIJ\u00d6IDEN LABORATORIO - PROTO interaktiivinen aktiviteetti kaikille","description":"Tutustu PROTO-keksij\u00f6iden laboratorioon \u2013 interaktiiviseen toiminta-alueeseen, jossa kaikki voivat keksi\u00e4 ja kokeilla erilaisia \u200b\u200bty\u00f6pajoja.","robots":{"index":"index","follow":"follow","max-snippet":"max-snippet:-1","max-image-preview":"max-image-preview:large","max-video-preview":"max-video-preview:-1"},"canonical":"https:\/\/www.prototehas.ee\/fi\/keksijoiden-laboratorio\/","og_locale":"fi_FI","og_type":"article","og_title":"KEKSIJ\u00d6IDEN LABORATORIO - PROTO interaktiivinen aktiviteetti kaikille","og_description":"Tutustu PROTO-keksij\u00f6iden laboratorioon \u2013 interaktiiviseen toiminta-alueeseen, jossa kaikki voivat keksi\u00e4 ja kokeilla erilaisia \u200b\u200bty\u00f6pajoja.","og_url":"https:\/\/www.prototehas.ee\/fi\/keksijoiden-laboratorio\/","og_site_name":"PROTO avastustehas","article_publisher":"https:\/\/www.facebook.com\/prototehas\/","article_modified_time":"2025-06-20T16:16:25+00:00","twitter_card":"summary_large_image","twitter_misc":{"Arvioitu lukuaika":"2 minuuttia"},"schema":{"@context":"https:\/\/schema.org","@graph":[{"@type":"WebPage","@id":"https:\/\/www.prototehas.ee\/fi\/keksijoiden-laboratorio\/","url":"https:\/\/www.prototehas.ee\/fi\/keksijoiden-laboratorio\/","name":"KEKSIJ\u00d6IDEN LABORATORIO - PROTO interaktiivinen aktiviteetti kaikille","isPartOf":{"@id":"https:\/\/www.prototehas.ee\/fi\/#website"},"datePublished":"2024-06-10T08:22:19+00:00","dateModified":"2025-06-20T16:16:25+00:00","description":"Tutustu PROTO-keksij\u00f6iden laboratorioon \u2013 interaktiiviseen toiminta-alueeseen, jossa kaikki voivat keksi\u00e4 ja kokeilla erilaisia \u200b\u200bty\u00f6pajoja.","breadcrumb":{"@id":"https:\/\/www.prototehas.ee\/fi\/keksijoiden-laboratorio\/#breadcrumb"},"inLanguage":"fi","potentialAction":[{"@type":"ReadAction","target":["https:\/\/www.prototehas.ee\/fi\/keksijoiden-laboratorio\/"]}]},{"@type":"BreadcrumbList","@id":"https:\/\/www.prototehas.ee\/fi\/keksijoiden-laboratorio\/#breadcrumb","itemListElement":[{"@type":"ListItem","position":1,"name":"Avaleht","item":"https:\/\/www.prototehas.ee\/fi\/"},{"@type":"ListItem","position":2,"name":"KEKSIJ\u00d6IDEN LABORATORIO"}]},{"@type":"WebSite","@id":"https:\/\/www.prototehas.ee\/fi\/#website","url":"https:\/\/www.prototehas.ee\/fi\/","name":"PROTO avastustehas","description":"Where science meets fantasy","publisher":{"@id":"https:\/\/www.prototehas.ee\/fi\/#organization"},"potentialAction":[{"@type":"SearchAction","target":{"@type":"EntryPoint","urlTemplate":"https:\/\/www.prototehas.ee\/fi\/?s={search_term_string}"},"query-input":{"@type":"PropertyValueSpecification","valueRequired":true,"valueName":"search_term_string"}}],"inLanguage":"fi"},{"@type":"Organization","@id":"https:\/\/www.prototehas.ee\/fi\/#organization","name":"PROTO avastustehas","url":"https:\/\/www.prototehas.ee\/fi\/","logo":{"@type":"ImageObject","inLanguage":"fi","@id":"https:\/\/www.prototehas.ee\/fi\/#\/schema\/logo\/image\/","url":"https:\/\/www.prototehas.ee\/wp-content\/uploads\/2019\/10\/prototehas_logo_et_2.svg","contentUrl":"https:\/\/www.prototehas.ee\/wp-content\/uploads\/2019\/10\/prototehas_logo_et_2.svg","width":100,"height":100,"caption":"PROTO avastustehas"},"image":{"@id":"https:\/\/www.prototehas.ee\/fi\/#\/schema\/logo\/image\/"},"sameAs":["https:\/\/www.facebook.com\/prototehas\/"]}]}},"_links":{"self":[{"href":"https:\/\/www.prototehas.ee\/fi\/wp-json\/wp\/v2\/pages\/28739","targetHints":{"allow":["GET"]}}],"collection":[{"href":"https:\/\/www.prototehas.ee\/fi\/wp-json\/wp\/v2\/pages"}],"about":[{"href":"https:\/\/www.prototehas.ee\/fi\/wp-json\/wp\/v2\/types\/page"}],"author":[{"embeddable":true,"href":"https:\/\/www.prototehas.ee\/fi\/wp-json\/wp\/v2\/users\/23"}],"replies":[{"embeddable":true,"href":"https:\/\/www.prototehas.ee\/fi\/wp-json\/wp\/v2\/comments?post=28739"}],"version-history":[{"count":5,"href":"https:\/\/www.prototehas.ee\/fi\/wp-json\/wp\/v2\/pages\/28739\/revisions"}],"predecessor-version":[{"id":34261,"href":"https:\/\/www.prototehas.ee\/fi\/wp-json\/wp\/v2\/pages\/28739\/revisions\/34261"}],"wp:attachment":[{"href":"https:\/\/www.prototehas.ee\/fi\/wp-json\/wp\/v2\/media?parent=28739"}],"curies":[{"name":"wp","href":"https:\/\/api.w.org\/{rel}","templated":true}]}}