{"id":28750,"date":"2024-06-10T08:35:00","date_gmt":"2024-06-10T08:35:00","guid":{"rendered":"http:\/\/protodev.ee\/leiutajate-park\/"},"modified":"2024-06-28T08:18:51","modified_gmt":"2024-06-28T08:18:51","slug":"keksijoiden-puisto","status":"publish","type":"page","link":"https:\/\/www.prototehas.ee\/fi\/keksijoiden-puisto\/","title":{"rendered":"KEKSIJ\u00d6IDEN PUISTO"},"content":{"rendered":"[et_pb_section fb_built=&#8221;1&#8243; _builder_version=&#8221;4.16&#8243; background_enable_image=&#8221;off&#8221; locked=&#8221;off&#8221; global_colors_info=&#8221;{}&#8221;][et_pb_row admin_label=&#8221;Eesti Maitsed&#8221; _builder_version=&#8221;4.24.2&#8243; _module_preset=&#8221;default&#8221; locked=&#8221;off&#8221; global_colors_info=&#8221;{}&#8221;][et_pb_column type=&#8221;4_4&#8243; _builder_version=&#8221;4.16&#8243; _module_preset=&#8221;default&#8221; global_colors_info=&#8221;{}&#8221;][et_pb_heading title=&#8221;KEKSIJ\u00d6IDEN PUISTO&#8221; _builder_version=&#8221;4.24.2&#8243; _module_preset=&#8221;c9a4dd29-8345-43ea-bd4d-e73ae35e5717&#8243; hover_enabled=&#8221;0&#8243; global_colors_info=&#8221;{}&#8221; sticky_enabled=&#8221;0&#8243;][\/et_pb_heading][et_pb_text _builder_version=&#8221;4.24.2&#8243; _module_preset=&#8221;e179c0c4-c115-407d-a110-ebe813713cd6&#8243; custom_padding=&#8221;1px|90px|0px|90px|false|false&#8221; custom_padding_tablet=&#8221;|20px||20px|false|false&#8221; custom_padding_phone=&#8221;|0px||0px|false|false&#8221; custom_padding_last_edited=&#8221;on|tablet&#8221; hover_enabled=&#8221;0&#8243; global_colors_info=&#8221;{}&#8221; sticky_enabled=&#8221;0&#8243;]<p><strong>PROTO Keksij\u00f6iden puisto<\/strong> on p\u00e4\u00e4asiassa pienille lapsille luotu mielikuvituksellinen leikkikentt\u00e4.<\/p>\n<p>T\u00e4\u00e4ll\u00e4 lapsi tutkii leikin kautta ymp\u00e4r\u00f6iv\u00e4\u00e4 maailmaa ja selvitt\u00e4\u00e4, miten erilaiset keksinn\u00f6t toimivat. Alueelle on luotu kaksitasoinen leikkipaikka, jota t\u00e4ytt\u00e4v\u00e4t monet j\u00e4nnitt\u00e4v\u00e4t n\u00e4yttelyesineet.<\/p>\n<p>Leikkis\u00e4ss\u00e4 toimintapuutarhassa pienet keksij\u00e4t voivat kokeilla sek\u00e4 mielikuvituksellisia ett\u00e4 tosiel\u00e4m\u00e4n keksint\u00f6leikkej\u00e4.<\/p>[\/et_pb_text][\/et_pb_column][\/et_pb_row][et_pb_row column_structure=&#8221;1_3,1_3,1_3&#8243; _builder_version=&#8221;4.16&#8243; _module_preset=&#8221;default&#8221; locked=&#8221;off&#8221; global_colors_info=&#8221;{}&#8221;][et_pb_column type=&#8221;1_3&#8243; _builder_version=&#8221;4.16&#8243; _module_preset=&#8221;default&#8221; global_colors_info=&#8221;{}&#8221;][et_pb_image src=&#8221;https:\/\/www.prototehas.ee\/wp-content\/uploads\/2024\/06\/proto-23_markus-sein_7O6A0197-scaled.jpg&#8221; alt=&#8221;Leiutajate park&#8221; title_text=&#8221;Leiutajate park1&#8243; _builder_version=&#8221;4.24.2&#8243; _module_preset=&#8221;default&#8221; global_colors_info=&#8221;{}&#8221;][\/et_pb_image][\/et_pb_column][et_pb_column type=&#8221;1_3&#8243; _builder_version=&#8221;4.16&#8243; _module_preset=&#8221;default&#8221; global_colors_info=&#8221;{}&#8221;][et_pb_image src=&#8221;https:\/\/www.prototehas.ee\/wp-content\/uploads\/2024\/06\/proto-23_markus-sein_7O6A0183-scaled.jpg&#8221; alt=&#8221;Leiutajate park 2&#8243; title_text=&#8221;Leiutajate park 2&#8243; _builder_version=&#8221;4.24.2&#8243; _module_preset=&#8221;default&#8221; global_colors_info=&#8221;{}&#8221;][\/et_pb_image][\/et_pb_column][et_pb_column type=&#8221;1_3&#8243; _builder_version=&#8221;4.16&#8243; _module_preset=&#8221;default&#8221; global_colors_info=&#8221;{}&#8221;][et_pb_image src=&#8221;https:\/\/www.prototehas.ee\/wp-content\/uploads\/2024\/06\/proto-23_markus-sein_7O6A0156-scaled.jpg&#8221; alt=&#8221;Leiutajate park 3&#8243; title_text=&#8221;Leiutajate park 3&#8243; _builder_version=&#8221;4.24.2&#8243; _module_preset=&#8221;default&#8221; global_colors_info=&#8221;{}&#8221;][\/et_pb_image][\/et_pb_column][\/et_pb_row][et_pb_row column_structure=&#8221;1_3,1_3,1_3&#8243; _builder_version=&#8221;4.16&#8243; _module_preset=&#8221;default&#8221; locked=&#8221;off&#8221; global_colors_info=&#8221;{}&#8221;][et_pb_column type=&#8221;1_3&#8243; _builder_version=&#8221;4.16&#8243; _module_preset=&#8221;default&#8221; global_colors_info=&#8221;{}&#8221;][et_pb_image src=&#8221;https:\/\/www.prototehas.ee\/wp-content\/uploads\/2024\/06\/proto-23_markus-sein_7O6A0129-scaled.jpg&#8221; alt=&#8221;park 4&#8243; title_text=&#8221;park 4&#8243; _builder_version=&#8221;4.24.2&#8243; _module_preset=&#8221;default&#8221; global_colors_info=&#8221;{}&#8221;][\/et_pb_image][\/et_pb_column][et_pb_column type=&#8221;1_3&#8243; _builder_version=&#8221;4.16&#8243; _module_preset=&#8221;default&#8221; global_colors_info=&#8221;{}&#8221;][et_pb_image src=&#8221;https:\/\/www.prototehas.ee\/wp-content\/uploads\/2024\/06\/proto-23_markus-sein_7O6A0114-scaled.jpg&#8221; alt=&#8221;park 5&#8243; title_text=&#8221;park 5&#8243; _builder_version=&#8221;4.24.2&#8243; _module_preset=&#8221;default&#8221; global_colors_info=&#8221;{}&#8221;][\/et_pb_image][\/et_pb_column][et_pb_column type=&#8221;1_3&#8243; _builder_version=&#8221;4.16&#8243; _module_preset=&#8221;default&#8221; global_colors_info=&#8221;{}&#8221;][et_pb_image src=&#8221;https:\/\/www.prototehas.ee\/wp-content\/uploads\/2024\/06\/proto-23_markus-sein_7O6A0124-scaled.jpg&#8221; alt=&#8221;park 6&#8243; title_text=&#8221;park 6&#8243; _builder_version=&#8221;4.24.2&#8243; _module_preset=&#8221;default&#8221; global_colors_info=&#8221;{}&#8221;][\/et_pb_image][\/et_pb_column][\/et_pb_row][\/et_pb_section]<span class=\"et_bloom_bottom_trigger\"><\/span>","protected":false},"excerpt":{"rendered":"<p>PROTO Keksij\u00f6iden puisto on p\u00e4\u00e4asiassa pienille lapsille luotu mielikuvituksellinen leikkikentt\u00e4. T\u00e4\u00e4ll\u00e4 lapsi tutkii leikin kautta ymp\u00e4r\u00f6iv\u00e4\u00e4 maailmaa ja selvitt\u00e4\u00e4, miten erilaiset keksinn\u00f6t toimivat. Alueelle on luotu kaksitasoinen leikkipaikka, jota t\u00e4ytt\u00e4v\u00e4t monet j\u00e4nnitt\u00e4v\u00e4t n\u00e4yttelyesineet. Leikkis\u00e4ss\u00e4 toimintapuutarhassa pienet keksij\u00e4t voivat kokeilla sek\u00e4 mielikuvituksellisia ett\u00e4 tosiel\u00e4m\u00e4n keksint\u00f6leikkej\u00e4.<\/p>\n","protected":false},"author":23,"featured_media":0,"parent":0,"menu_order":0,"comment_status":"closed","ping_status":"closed","template":"","meta":{"_acf_changed":false,"_et_pb_use_builder":"on","_et_pb_old_content":"","_et_gb_content_width":"","inline_featured_image":false,"footnotes":""},"class_list":["post-28750","page","type-page","status-publish","hentry"],"acf":[],"yoast_head":"<!-- This site is optimized with the Yoast SEO plugin v26.9 - https:\/\/yoast.com\/product\/yoast-seo-wordpress\/ -->\n<title>Keksij\u00f6iden puisto - Mielikuvituksellinen leikkipaikka lapsille<\/title>\n<meta name=\"description\" content=\"Tutustu PROTO Inventors&#039; Park -puistoon - leikkis\u00e4 alue pienille lapsille, jossa lapset voivat tutustua maailmaan ja tutustua keksint\u00f6ihin.\" \/>\n<meta name=\"robots\" content=\"index, follow, max-snippet:-1, max-image-preview:large, max-video-preview:-1\" \/>\n<link rel=\"canonical\" href=\"https:\/\/www.prototehas.ee\/fi\/keksijoiden-puisto\/\" \/>\n<meta property=\"og:locale\" content=\"fi_FI\" \/>\n<meta property=\"og:type\" content=\"article\" \/>\n<meta property=\"og:title\" content=\"Keksij\u00f6iden puisto - Mielikuvituksellinen leikkipaikka lapsille\" \/>\n<meta property=\"og:description\" content=\"Tutustu PROTO Inventors&#039; Park -puistoon - leikkis\u00e4 alue pienille lapsille, jossa lapset voivat tutustua maailmaan ja tutustua keksint\u00f6ihin.\" \/>\n<meta property=\"og:url\" content=\"https:\/\/www.prototehas.ee\/fi\/keksijoiden-puisto\/\" \/>\n<meta property=\"og:site_name\" content=\"PROTO avastustehas\" \/>\n<meta property=\"article:publisher\" content=\"https:\/\/www.facebook.com\/prototehas\/\" \/>\n<meta property=\"article:modified_time\" content=\"2024-06-28T08:18:51+00:00\" \/>\n<meta name=\"twitter:card\" content=\"summary_large_image\" \/>\n<meta name=\"twitter:label1\" content=\"Arvioitu lukuaika\" \/>\n\t<meta name=\"twitter:data1\" content=\"2 minuuttia\" \/>\n<script type=\"application\/ld+json\" class=\"yoast-schema-graph\">{\"@context\":\"https:\/\/schema.org\",\"@graph\":[{\"@type\":\"WebPage\",\"@id\":\"https:\/\/www.prototehas.ee\/fi\/keksijoiden-puisto\/\",\"url\":\"https:\/\/www.prototehas.ee\/fi\/keksijoiden-puisto\/\",\"name\":\"Keksij\u00f6iden puisto - Mielikuvituksellinen leikkipaikka lapsille\",\"isPartOf\":{\"@id\":\"https:\/\/www.prototehas.ee\/fi\/#website\"},\"datePublished\":\"2024-06-10T08:35:00+00:00\",\"dateModified\":\"2024-06-28T08:18:51+00:00\",\"description\":\"Tutustu PROTO Inventors' Park -puistoon - leikkis\u00e4 alue pienille lapsille, jossa lapset voivat tutustua maailmaan ja tutustua keksint\u00f6ihin.\",\"breadcrumb\":{\"@id\":\"https:\/\/www.prototehas.ee\/fi\/keksijoiden-puisto\/#breadcrumb\"},\"inLanguage\":\"fi\",\"potentialAction\":[{\"@type\":\"ReadAction\",\"target\":[\"https:\/\/www.prototehas.ee\/fi\/keksijoiden-puisto\/\"]}]},{\"@type\":\"BreadcrumbList\",\"@id\":\"https:\/\/www.prototehas.ee\/fi\/keksijoiden-puisto\/#breadcrumb\",\"itemListElement\":[{\"@type\":\"ListItem\",\"position\":1,\"name\":\"Avaleht\",\"item\":\"https:\/\/www.prototehas.ee\/fi\/\"},{\"@type\":\"ListItem\",\"position\":2,\"name\":\"KEKSIJ\u00d6IDEN PUISTO\"}]},{\"@type\":\"WebSite\",\"@id\":\"https:\/\/www.prototehas.ee\/fi\/#website\",\"url\":\"https:\/\/www.prototehas.ee\/fi\/\",\"name\":\"PROTO avastustehas\",\"description\":\"Where science meets fantasy\",\"publisher\":{\"@id\":\"https:\/\/www.prototehas.ee\/fi\/#organization\"},\"potentialAction\":[{\"@type\":\"SearchAction\",\"target\":{\"@type\":\"EntryPoint\",\"urlTemplate\":\"https:\/\/www.prototehas.ee\/fi\/?s={search_term_string}\"},\"query-input\":{\"@type\":\"PropertyValueSpecification\",\"valueRequired\":true,\"valueName\":\"search_term_string\"}}],\"inLanguage\":\"fi\"},{\"@type\":\"Organization\",\"@id\":\"https:\/\/www.prototehas.ee\/fi\/#organization\",\"name\":\"PROTO avastustehas\",\"url\":\"https:\/\/www.prototehas.ee\/fi\/\",\"logo\":{\"@type\":\"ImageObject\",\"inLanguage\":\"fi\",\"@id\":\"https:\/\/www.prototehas.ee\/fi\/#\/schema\/logo\/image\/\",\"url\":\"https:\/\/www.prototehas.ee\/wp-content\/uploads\/2019\/10\/prototehas_logo_et_2.svg\",\"contentUrl\":\"https:\/\/www.prototehas.ee\/wp-content\/uploads\/2019\/10\/prototehas_logo_et_2.svg\",\"width\":100,\"height\":100,\"caption\":\"PROTO avastustehas\"},\"image\":{\"@id\":\"https:\/\/www.prototehas.ee\/fi\/#\/schema\/logo\/image\/\"},\"sameAs\":[\"https:\/\/www.facebook.com\/prototehas\/\"]}]}<\/script>\n<!-- \/ Yoast SEO plugin. -->","yoast_head_json":{"title":"Keksij\u00f6iden puisto - Mielikuvituksellinen leikkipaikka lapsille","description":"Tutustu PROTO Inventors' Park -puistoon - leikkis\u00e4 alue pienille lapsille, jossa lapset voivat tutustua maailmaan ja tutustua keksint\u00f6ihin.","robots":{"index":"index","follow":"follow","max-snippet":"max-snippet:-1","max-image-preview":"max-image-preview:large","max-video-preview":"max-video-preview:-1"},"canonical":"https:\/\/www.prototehas.ee\/fi\/keksijoiden-puisto\/","og_locale":"fi_FI","og_type":"article","og_title":"Keksij\u00f6iden puisto - Mielikuvituksellinen leikkipaikka lapsille","og_description":"Tutustu PROTO Inventors' Park -puistoon - leikkis\u00e4 alue pienille lapsille, jossa lapset voivat tutustua maailmaan ja tutustua keksint\u00f6ihin.","og_url":"https:\/\/www.prototehas.ee\/fi\/keksijoiden-puisto\/","og_site_name":"PROTO avastustehas","article_publisher":"https:\/\/www.facebook.com\/prototehas\/","article_modified_time":"2024-06-28T08:18:51+00:00","twitter_card":"summary_large_image","twitter_misc":{"Arvioitu lukuaika":"2 minuuttia"},"schema":{"@context":"https:\/\/schema.org","@graph":[{"@type":"WebPage","@id":"https:\/\/www.prototehas.ee\/fi\/keksijoiden-puisto\/","url":"https:\/\/www.prototehas.ee\/fi\/keksijoiden-puisto\/","name":"Keksij\u00f6iden puisto - Mielikuvituksellinen leikkipaikka lapsille","isPartOf":{"@id":"https:\/\/www.prototehas.ee\/fi\/#website"},"datePublished":"2024-06-10T08:35:00+00:00","dateModified":"2024-06-28T08:18:51+00:00","description":"Tutustu PROTO Inventors' Park -puistoon - leikkis\u00e4 alue pienille lapsille, jossa lapset voivat tutustua maailmaan ja tutustua keksint\u00f6ihin.","breadcrumb":{"@id":"https:\/\/www.prototehas.ee\/fi\/keksijoiden-puisto\/#breadcrumb"},"inLanguage":"fi","potentialAction":[{"@type":"ReadAction","target":["https:\/\/www.prototehas.ee\/fi\/keksijoiden-puisto\/"]}]},{"@type":"BreadcrumbList","@id":"https:\/\/www.prototehas.ee\/fi\/keksijoiden-puisto\/#breadcrumb","itemListElement":[{"@type":"ListItem","position":1,"name":"Avaleht","item":"https:\/\/www.prototehas.ee\/fi\/"},{"@type":"ListItem","position":2,"name":"KEKSIJ\u00d6IDEN PUISTO"}]},{"@type":"WebSite","@id":"https:\/\/www.prototehas.ee\/fi\/#website","url":"https:\/\/www.prototehas.ee\/fi\/","name":"PROTO avastustehas","description":"Where science meets fantasy","publisher":{"@id":"https:\/\/www.prototehas.ee\/fi\/#organization"},"potentialAction":[{"@type":"SearchAction","target":{"@type":"EntryPoint","urlTemplate":"https:\/\/www.prototehas.ee\/fi\/?s={search_term_string}"},"query-input":{"@type":"PropertyValueSpecification","valueRequired":true,"valueName":"search_term_string"}}],"inLanguage":"fi"},{"@type":"Organization","@id":"https:\/\/www.prototehas.ee\/fi\/#organization","name":"PROTO avastustehas","url":"https:\/\/www.prototehas.ee\/fi\/","logo":{"@type":"ImageObject","inLanguage":"fi","@id":"https:\/\/www.prototehas.ee\/fi\/#\/schema\/logo\/image\/","url":"https:\/\/www.prototehas.ee\/wp-content\/uploads\/2019\/10\/prototehas_logo_et_2.svg","contentUrl":"https:\/\/www.prototehas.ee\/wp-content\/uploads\/2019\/10\/prototehas_logo_et_2.svg","width":100,"height":100,"caption":"PROTO avastustehas"},"image":{"@id":"https:\/\/www.prototehas.ee\/fi\/#\/schema\/logo\/image\/"},"sameAs":["https:\/\/www.facebook.com\/prototehas\/"]}]}},"_links":{"self":[{"href":"https:\/\/www.prototehas.ee\/fi\/wp-json\/wp\/v2\/pages\/28750","targetHints":{"allow":["GET"]}}],"collection":[{"href":"https:\/\/www.prototehas.ee\/fi\/wp-json\/wp\/v2\/pages"}],"about":[{"href":"https:\/\/www.prototehas.ee\/fi\/wp-json\/wp\/v2\/types\/page"}],"author":[{"embeddable":true,"href":"https:\/\/www.prototehas.ee\/fi\/wp-json\/wp\/v2\/users\/23"}],"replies":[{"embeddable":true,"href":"https:\/\/www.prototehas.ee\/fi\/wp-json\/wp\/v2\/comments?post=28750"}],"version-history":[{"count":3,"href":"https:\/\/www.prototehas.ee\/fi\/wp-json\/wp\/v2\/pages\/28750\/revisions"}],"predecessor-version":[{"id":30202,"href":"https:\/\/www.prototehas.ee\/fi\/wp-json\/wp\/v2\/pages\/28750\/revisions\/30202"}],"wp:attachment":[{"href":"https:\/\/www.prototehas.ee\/fi\/wp-json\/wp\/v2\/media?parent=28750"}],"curies":[{"name":"wp","href":"https:\/\/api.w.org\/{rel}","templated":true}]}}