{"id":28859,"date":"2024-04-26T06:16:41","date_gmt":"2024-04-26T06:16:41","guid":{"rendered":"http:\/\/protodev.ee\/privaatsustingimused\/"},"modified":"2025-06-03T11:39:40","modified_gmt":"2025-06-03T11:39:40","slug":"tietosuojakaytanto","status":"publish","type":"page","link":"https:\/\/www.prototehas.ee\/fi\/tietosuojakaytanto\/","title":{"rendered":"TIETOSUOJAK\u00c4YT\u00c4NT\u00d6"},"content":{"rendered":"[et_pb_section fb_built=&#8221;1&#8243; _builder_version=&#8221;4.24.2&#8243; _module_preset=&#8221;default&#8221; global_colors_info=&#8221;{}&#8221;][et_pb_row _builder_version=&#8221;4.24.2&#8243; _module_preset=&#8221;default&#8221; global_colors_info=&#8221;{}&#8221;][et_pb_column type=&#8221;4_4&#8243; _builder_version=&#8221;4.24.2&#8243; _module_preset=&#8221;default&#8221; global_colors_info=&#8221;{}&#8221;][et_pb_text _builder_version=&#8221;4.24.2&#8243; _module_preset=&#8221;default&#8221; hover_enabled=&#8221;0&#8243; global_colors_info=&#8221;{}&#8221; sticky_enabled=&#8221;0&#8243;]<h3>1. HENKIL\u00d6TIETOJEN K\u00c4SITTELY (TIETOSUOJAK\u00c4SITTELY)<\/h3>\n<p>1.1. Verkkosivuston prototehas.ee henkil\u00f6tietojen k\u00e4sittelij\u00e4 on Proto O\u00dc (j\u00e4ljemp\u00e4n\u00e4: PROTO), osoite Harju maakunta, Tallinna, Pohjois-Tallinnan alue, Peetri tn 10, 10415 rekisteritunnus 14158153 puh (+372) 6276661 , s\u00e4hk\u00f6postiosoite <a href=\"mailto:info@protofactory.ee\">info@protofactory.ee<\/a><\/p>\n<p>1.2. PROTO k\u00e4sittelee vierailijan antamia henkil\u00f6tietoja henkil\u00f6tietolain vaatimusten mukaisesti.<\/p>\n<p>1.3. K\u00e4sitelt\u00e4vi\u00e4 henkil\u00f6tietoja ovat tiedot, joita vierailijalta pyydet\u00e4\u00e4n uutiskirjeen tilaamisen yhteydess\u00e4 (s\u00e4hk\u00f6postiosoite), tapahtumavarauksen yhteydess\u00e4 (s\u00e4hk\u00f6postiosoite, etu- ja sukunimi, puhelinnumero), simulaattoriajan varaaminen (s\u00e4hk\u00f6posti) osoite, etu- ja sukunimi, puhelinnumero) sek\u00e4 verkkosivuston vierailijan IP-osoite ja muut ev\u00e4steiden avulla ker\u00e4tyt (verkko)tunnisteet.<\/p>\n<p>1.4. PROTO k\u00e4sittelee vierailijan henkil\u00f6tietoja ensisijaisesti varausten toteuttamiseksi. Tilaamalla uutiskirjeen luoda alennustarjouksia ja seurata vierailijan matkaa paremman k\u00e4vij\u00e4kokemuksen tarjoamiseksi. Voit lukea lis\u00e4\u00e4 ev\u00e4steiden k\u00e4yt\u00f6st\u00e4 <a href=\"https:\/\/www.prototehas.ee\/fi\/evasteet\/\">ev\u00e4stek\u00e4yt\u00e4nt\u00f6sivulta<\/a> .<\/p>\n<p>1.5. PROTO ei siirr\u00e4 vierailijan henkil\u00f6tietoja kolmansille osapuolille paitsi seuraavissa tapauksissa:<\/p>\n<p>1.5.1. Jos k\u00e4ytt\u00e4j\u00e4 on ilmaissut halunsa\/sopinut vastaanottaa uutiskirjeit\u00e4, h\u00e4nen henkil\u00f6tietonsa ja s\u00e4hk\u00f6postiosoitteensa l\u00e4hetet\u00e4\u00e4n The Rocket Science Group LLC:n hallinnoimaan sovellukseen uutiskirjeen l\u00e4hett\u00e4mist\u00e4 varten. Rocket Science Group LLC:n tietosuojaehdot l\u00f6ytyv\u00e4t tarkemmin osoitteesta <a href=\"https:\/\/mailchimp.com\/legal\/privacy\/\">https:\/\/mailchimp.com\/legal\/privacy\/<\/a> ;<\/p>\n<p>1.5.2. PROTO voi my\u00f6s siirt\u00e4\u00e4 henkil\u00f6tietoja yhteisty\u00f6kumppaneille lains\u00e4\u00e4d\u00e4nn\u00f6st\u00e4 johtuvien velvoitteiden t\u00e4ytt\u00e4miseksi tai oikeuksien k\u00e4ytt\u00e4miseksi, esimerkiksi kirjanpitovelvoitteiden t\u00e4ytt\u00e4miseksi asianomaista palveluntarjoajaa kohtaan.<\/p>\n<p>1.6. Vierailijan yhteystietoja, mukaan lukien vierailijan s\u00e4hk\u00f6postiosoite tai puhelinnumero, voi PROTO k\u00e4ytt\u00e4\u00e4 my\u00f6s uutiskirjeiden ja suoramarkkinointiviestien l\u00e4hett\u00e4miseen, mik\u00e4li k\u00e4ytt\u00e4j\u00e4 on antanut siihen luvan. Ev\u00e4steiden avulla ker\u00e4tty\u00e4 tietoa k\u00e4ytet\u00e4\u00e4n verkkokaupan k\u00e4ytt\u00f6tilastoihin ja kohdennettuun mainontaan. Voit lukea lis\u00e4\u00e4 ev\u00e4steiden k\u00e4yt\u00f6st\u00e4 <a href=\"https:\/\/www.prototehas.ee\/fi\/evasteet\/\">ev\u00e4stek\u00e4yt\u00e4nt\u00f6sivulta.<\/a><\/p>\n<p>1.7. Vierailijalla on oikeus milloin tahansa tutustua tietoihinsa ja vaatia n\u00e4iden tietojen muuttamista tai poistamista, ellei laissa toisin s\u00e4\u00e4det\u00e4, ottamalla yhteytt\u00e4 PROTOon s\u00e4hk\u00f6postilla. <a href=\"mailto:info@protofactory.ee\">info@protofactory.ee<\/a> .<\/p>\n<p>1.8. Mik\u00e4li k\u00e4vij\u00e4 on ilmaissut halunsa ja suostunut vastaanottamaan myyj\u00e4n laatimia uutiskirjeit\u00e4 ja\/tai henkil\u00f6kohtaisia \u200b\u200btarjouksia, vierailijalla on aina oikeus peruuttaa suostumus l\u00e4hett\u00e4m\u00e4ll\u00e4 asiasta ilmoitus myyj\u00e4lle s\u00e4hk\u00f6postitse osoitteeseen <a href=\"mailto:info@protofactory.ee\">info@protofactory. ee<\/a> tai napsauttamalla jokaista s\u00e4hk\u00f6postilla l\u00e4hetetty\u00e4 tarjousta t\u00e4h\u00e4n tarkoitukseen osoitettuun linkkiin.<\/p>\n<p>1.9. Vierailijalla on milloin tahansa oikeus pyyt\u00e4\u00e4 henkil\u00f6tietojensa siirt\u00e4mist\u00e4 toiselle tietojenk\u00e4sittelij\u00e4lle ottamalla yhteytt\u00e4 myyj\u00e4\u00e4n digitaalisesti allekirjoitetulla pyynn\u00f6st\u00e4 s\u00e4hk\u00f6postitse osoitteeseen <a href=\"mailto:info@protofactory.ee\">info@protofactory.ee<\/a> . PROTOlla on oikeus kielt\u00e4yty\u00e4 luovuttamasta suoraan henkil\u00f6tietoja toiselle tietojenk\u00e4sittelij\u00e4lle, mik\u00e4li tietojen v\u00e4litt\u00e4minen kolmannelle osapuolelle ei ole PROTOn mielest\u00e4 turvallista.<\/p>\n<p>1.10. Mik\u00e4li vierailija havaitsee, ett\u00e4 h\u00e4nen oikeuksiaan on rikottu henkil\u00f6tietojen k\u00e4sittelyn aikana PROTO-verkkosivustolla, vierailijalla on oikeus hakea muutosta tietosuojavaltuutettuun ja tuomioistuimeen.<\/p>[\/et_pb_text][\/et_pb_column][\/et_pb_row][\/et_pb_section]<span class=\"et_bloom_bottom_trigger\"><\/span>","protected":false},"excerpt":{"rendered":"<p>1. HENKIL\u00d6TIETOJEN K\u00c4SITTELY (TIETOSUOJAK\u00c4SITTELY) 1.1. Verkkosivuston prototehas.ee henkil\u00f6tietojen k\u00e4sittelij\u00e4 on Proto O\u00dc (j\u00e4ljemp\u00e4n\u00e4: PROTO), osoite Harju maakunta, Tallinna, Pohjois-Tallinnan alue, Peetri tn 10, 10415 rekisteritunnus 14158153 puh (+372) 6276661 , s\u00e4hk\u00f6postiosoite info@protofactory.ee 1.2. PROTO k\u00e4sittelee vierailijan antamia henkil\u00f6tietoja henkil\u00f6tietolain vaatimusten mukaisesti. 1.3. K\u00e4sitelt\u00e4vi\u00e4 henkil\u00f6tietoja ovat tiedot, joita vierailijalta pyydet\u00e4\u00e4n uutiskirjeen tilaamisen yhteydess\u00e4 (s\u00e4hk\u00f6postiosoite), tapahtumavarauksen yhteydess\u00e4 [&hellip;]<\/p>\n","protected":false},"author":21,"featured_media":0,"parent":0,"menu_order":0,"comment_status":"closed","ping_status":"closed","template":"","meta":{"_acf_changed":false,"_et_pb_use_builder":"on","_et_pb_old_content":"","_et_gb_content_width":"","inline_featured_image":false,"footnotes":""},"class_list":["post-28859","page","type-page","status-publish","hentry"],"acf":[],"yoast_head":"<!-- This site is optimized with the Yoast SEO plugin v26.9 - https:\/\/yoast.com\/product\/yoast-seo-wordpress\/ -->\n<title>TIETOSUOJAK\u00c4YT\u00c4NT\u00d6 - PROTO avastustehas<\/title>\n<meta name=\"robots\" content=\"index, follow, max-snippet:-1, max-image-preview:large, max-video-preview:-1\" \/>\n<link rel=\"canonical\" href=\"https:\/\/www.prototehas.ee\/fi\/tietosuojakaytanto\/\" \/>\n<meta property=\"og:locale\" content=\"fi_FI\" \/>\n<meta property=\"og:type\" content=\"article\" \/>\n<meta property=\"og:title\" content=\"TIETOSUOJAK\u00c4YT\u00c4NT\u00d6 - PROTO avastustehas\" \/>\n<meta property=\"og:description\" content=\"1. HENKIL\u00d6TIETOJEN K\u00c4SITTELY (TIETOSUOJAK\u00c4SITTELY) 1.1. Verkkosivuston prototehas.ee henkil\u00f6tietojen k\u00e4sittelij\u00e4 on Proto O\u00dc (j\u00e4ljemp\u00e4n\u00e4: PROTO), osoite Harju maakunta, Tallinna, Pohjois-Tallinnan alue, Peetri tn 10, 10415 rekisteritunnus 14158153 puh (+372) 6276661 , s\u00e4hk\u00f6postiosoite info@protofactory.ee 1.2. PROTO k\u00e4sittelee vierailijan antamia henkil\u00f6tietoja henkil\u00f6tietolain vaatimusten mukaisesti. 1.3. K\u00e4sitelt\u00e4vi\u00e4 henkil\u00f6tietoja ovat tiedot, joita vierailijalta pyydet\u00e4\u00e4n uutiskirjeen tilaamisen yhteydess\u00e4 (s\u00e4hk\u00f6postiosoite), tapahtumavarauksen yhteydess\u00e4 [&hellip;]\" \/>\n<meta property=\"og:url\" content=\"https:\/\/www.prototehas.ee\/fi\/tietosuojakaytanto\/\" \/>\n<meta property=\"og:site_name\" content=\"PROTO avastustehas\" \/>\n<meta property=\"article:publisher\" content=\"https:\/\/www.facebook.com\/prototehas\/\" \/>\n<meta property=\"article:modified_time\" content=\"2025-06-03T11:39:40+00:00\" \/>\n<meta name=\"twitter:card\" content=\"summary_large_image\" \/>\n<meta name=\"twitter:label1\" content=\"Arvioitu lukuaika\" \/>\n\t<meta name=\"twitter:data1\" content=\"2 minuuttia\" \/>\n<script type=\"application\/ld+json\" class=\"yoast-schema-graph\">{\"@context\":\"https:\/\/schema.org\",\"@graph\":[{\"@type\":\"WebPage\",\"@id\":\"https:\/\/www.prototehas.ee\/fi\/tietosuojakaytanto\/\",\"url\":\"https:\/\/www.prototehas.ee\/fi\/tietosuojakaytanto\/\",\"name\":\"TIETOSUOJAK\u00c4YT\u00c4NT\u00d6 - PROTO avastustehas\",\"isPartOf\":{\"@id\":\"https:\/\/www.prototehas.ee\/fi\/#website\"},\"datePublished\":\"2024-04-26T06:16:41+00:00\",\"dateModified\":\"2025-06-03T11:39:40+00:00\",\"breadcrumb\":{\"@id\":\"https:\/\/www.prototehas.ee\/fi\/tietosuojakaytanto\/#breadcrumb\"},\"inLanguage\":\"fi\",\"potentialAction\":[{\"@type\":\"ReadAction\",\"target\":[\"https:\/\/www.prototehas.ee\/fi\/tietosuojakaytanto\/\"]}]},{\"@type\":\"BreadcrumbList\",\"@id\":\"https:\/\/www.prototehas.ee\/fi\/tietosuojakaytanto\/#breadcrumb\",\"itemListElement\":[{\"@type\":\"ListItem\",\"position\":1,\"name\":\"Avaleht\",\"item\":\"https:\/\/www.prototehas.ee\/fi\/\"},{\"@type\":\"ListItem\",\"position\":2,\"name\":\"TIETOSUOJAK\u00c4YT\u00c4NT\u00d6\"}]},{\"@type\":\"WebSite\",\"@id\":\"https:\/\/www.prototehas.ee\/fi\/#website\",\"url\":\"https:\/\/www.prototehas.ee\/fi\/\",\"name\":\"PROTO avastustehas\",\"description\":\"Where science meets fantasy\",\"publisher\":{\"@id\":\"https:\/\/www.prototehas.ee\/fi\/#organization\"},\"potentialAction\":[{\"@type\":\"SearchAction\",\"target\":{\"@type\":\"EntryPoint\",\"urlTemplate\":\"https:\/\/www.prototehas.ee\/fi\/?s={search_term_string}\"},\"query-input\":{\"@type\":\"PropertyValueSpecification\",\"valueRequired\":true,\"valueName\":\"search_term_string\"}}],\"inLanguage\":\"fi\"},{\"@type\":\"Organization\",\"@id\":\"https:\/\/www.prototehas.ee\/fi\/#organization\",\"name\":\"PROTO avastustehas\",\"url\":\"https:\/\/www.prototehas.ee\/fi\/\",\"logo\":{\"@type\":\"ImageObject\",\"inLanguage\":\"fi\",\"@id\":\"https:\/\/www.prototehas.ee\/fi\/#\/schema\/logo\/image\/\",\"url\":\"https:\/\/www.prototehas.ee\/wp-content\/uploads\/2019\/10\/prototehas_logo_et_2.svg\",\"contentUrl\":\"https:\/\/www.prototehas.ee\/wp-content\/uploads\/2019\/10\/prototehas_logo_et_2.svg\",\"width\":100,\"height\":100,\"caption\":\"PROTO avastustehas\"},\"image\":{\"@id\":\"https:\/\/www.prototehas.ee\/fi\/#\/schema\/logo\/image\/\"},\"sameAs\":[\"https:\/\/www.facebook.com\/prototehas\/\"]}]}<\/script>\n<!-- \/ Yoast SEO plugin. -->","yoast_head_json":{"title":"TIETOSUOJAK\u00c4YT\u00c4NT\u00d6 - PROTO avastustehas","robots":{"index":"index","follow":"follow","max-snippet":"max-snippet:-1","max-image-preview":"max-image-preview:large","max-video-preview":"max-video-preview:-1"},"canonical":"https:\/\/www.prototehas.ee\/fi\/tietosuojakaytanto\/","og_locale":"fi_FI","og_type":"article","og_title":"TIETOSUOJAK\u00c4YT\u00c4NT\u00d6 - PROTO avastustehas","og_description":"1. HENKIL\u00d6TIETOJEN K\u00c4SITTELY (TIETOSUOJAK\u00c4SITTELY) 1.1. Verkkosivuston prototehas.ee henkil\u00f6tietojen k\u00e4sittelij\u00e4 on Proto O\u00dc (j\u00e4ljemp\u00e4n\u00e4: PROTO), osoite Harju maakunta, Tallinna, Pohjois-Tallinnan alue, Peetri tn 10, 10415 rekisteritunnus 14158153 puh (+372) 6276661 , s\u00e4hk\u00f6postiosoite info@protofactory.ee 1.2. PROTO k\u00e4sittelee vierailijan antamia henkil\u00f6tietoja henkil\u00f6tietolain vaatimusten mukaisesti. 1.3. K\u00e4sitelt\u00e4vi\u00e4 henkil\u00f6tietoja ovat tiedot, joita vierailijalta pyydet\u00e4\u00e4n uutiskirjeen tilaamisen yhteydess\u00e4 (s\u00e4hk\u00f6postiosoite), tapahtumavarauksen yhteydess\u00e4 [&hellip;]","og_url":"https:\/\/www.prototehas.ee\/fi\/tietosuojakaytanto\/","og_site_name":"PROTO avastustehas","article_publisher":"https:\/\/www.facebook.com\/prototehas\/","article_modified_time":"2025-06-03T11:39:40+00:00","twitter_card":"summary_large_image","twitter_misc":{"Arvioitu lukuaika":"2 minuuttia"},"schema":{"@context":"https:\/\/schema.org","@graph":[{"@type":"WebPage","@id":"https:\/\/www.prototehas.ee\/fi\/tietosuojakaytanto\/","url":"https:\/\/www.prototehas.ee\/fi\/tietosuojakaytanto\/","name":"TIETOSUOJAK\u00c4YT\u00c4NT\u00d6 - PROTO avastustehas","isPartOf":{"@id":"https:\/\/www.prototehas.ee\/fi\/#website"},"datePublished":"2024-04-26T06:16:41+00:00","dateModified":"2025-06-03T11:39:40+00:00","breadcrumb":{"@id":"https:\/\/www.prototehas.ee\/fi\/tietosuojakaytanto\/#breadcrumb"},"inLanguage":"fi","potentialAction":[{"@type":"ReadAction","target":["https:\/\/www.prototehas.ee\/fi\/tietosuojakaytanto\/"]}]},{"@type":"BreadcrumbList","@id":"https:\/\/www.prototehas.ee\/fi\/tietosuojakaytanto\/#breadcrumb","itemListElement":[{"@type":"ListItem","position":1,"name":"Avaleht","item":"https:\/\/www.prototehas.ee\/fi\/"},{"@type":"ListItem","position":2,"name":"TIETOSUOJAK\u00c4YT\u00c4NT\u00d6"}]},{"@type":"WebSite","@id":"https:\/\/www.prototehas.ee\/fi\/#website","url":"https:\/\/www.prototehas.ee\/fi\/","name":"PROTO avastustehas","description":"Where science meets fantasy","publisher":{"@id":"https:\/\/www.prototehas.ee\/fi\/#organization"},"potentialAction":[{"@type":"SearchAction","target":{"@type":"EntryPoint","urlTemplate":"https:\/\/www.prototehas.ee\/fi\/?s={search_term_string}"},"query-input":{"@type":"PropertyValueSpecification","valueRequired":true,"valueName":"search_term_string"}}],"inLanguage":"fi"},{"@type":"Organization","@id":"https:\/\/www.prototehas.ee\/fi\/#organization","name":"PROTO avastustehas","url":"https:\/\/www.prototehas.ee\/fi\/","logo":{"@type":"ImageObject","inLanguage":"fi","@id":"https:\/\/www.prototehas.ee\/fi\/#\/schema\/logo\/image\/","url":"https:\/\/www.prototehas.ee\/wp-content\/uploads\/2019\/10\/prototehas_logo_et_2.svg","contentUrl":"https:\/\/www.prototehas.ee\/wp-content\/uploads\/2019\/10\/prototehas_logo_et_2.svg","width":100,"height":100,"caption":"PROTO avastustehas"},"image":{"@id":"https:\/\/www.prototehas.ee\/fi\/#\/schema\/logo\/image\/"},"sameAs":["https:\/\/www.facebook.com\/prototehas\/"]}]}},"_links":{"self":[{"href":"https:\/\/www.prototehas.ee\/fi\/wp-json\/wp\/v2\/pages\/28859","targetHints":{"allow":["GET"]}}],"collection":[{"href":"https:\/\/www.prototehas.ee\/fi\/wp-json\/wp\/v2\/pages"}],"about":[{"href":"https:\/\/www.prototehas.ee\/fi\/wp-json\/wp\/v2\/types\/page"}],"author":[{"embeddable":true,"href":"https:\/\/www.prototehas.ee\/fi\/wp-json\/wp\/v2\/users\/21"}],"replies":[{"embeddable":true,"href":"https:\/\/www.prototehas.ee\/fi\/wp-json\/wp\/v2\/comments?post=28859"}],"version-history":[{"count":5,"href":"https:\/\/www.prototehas.ee\/fi\/wp-json\/wp\/v2\/pages\/28859\/revisions"}],"predecessor-version":[{"id":33942,"href":"https:\/\/www.prototehas.ee\/fi\/wp-json\/wp\/v2\/pages\/28859\/revisions\/33942"}],"wp:attachment":[{"href":"https:\/\/www.prototehas.ee\/fi\/wp-json\/wp\/v2\/media?parent=28859"}],"curies":[{"name":"wp","href":"https:\/\/api.w.org\/{rel}","templated":true}]}}