{"id":28914,"date":"2022-10-24T12:40:46","date_gmt":"2022-10-24T12:40:46","guid":{"rendered":"http:\/\/protodev.ee\/ruumide-rent\/"},"modified":"2024-07-22T17:04:27","modified_gmt":"2024-07-22T17:04:27","slug":"jarjesta-tapahtuma","status":"publish","type":"page","link":"https:\/\/www.prototehas.ee\/fi\/jarjesta-tapahtuma\/","title":{"rendered":"J\u00c4RJEST\u00c4 TAPAHTUMA"},"content":{"rendered":"[et_pb_section fb_built=&#8221;1&#8243; _builder_version=&#8221;4.16&#8243; background_color=&#8221;#fff0d9&#8243; background_enable_image=&#8221;off&#8221; custom_margin=&#8221;||||false|false&#8221; global_colors_info=&#8221;{}&#8221;][et_pb_row admin_label=&#8221;Eesti Maitsed&#8221; _builder_version=&#8221;4.24.2&#8243; _module_preset=&#8221;default&#8221; locked=&#8221;off&#8221; global_colors_info=&#8221;{}&#8221;][et_pb_column type=&#8221;4_4&#8243; _builder_version=&#8221;4.16&#8243; _module_preset=&#8221;default&#8221; global_colors_info=&#8221;{}&#8221;][et_pb_heading title=&#8221;  J\u00c4RJEST\u00c4 TAPAHTUMA&#8221; _builder_version=&#8221;4.24.2&#8243; _module_preset=&#8221;c9a4dd29-8345-43ea-bd4d-e73ae35e5717&#8243; title_level=&#8221;h1&#8243; global_colors_info=&#8221;{}&#8221;][\/et_pb_heading][et_pb_text _builder_version=&#8221;4.24.2&#8243; _module_preset=&#8221;e179c0c4-c115-407d-a110-ebe813713cd6&#8243; custom_padding=&#8221;|90px||90px|false|false&#8221; custom_padding_tablet=&#8221;|20px||20px|false|false&#8221; custom_padding_phone=&#8221;|0px||0px|false|false&#8221; custom_padding_last_edited=&#8221;on|tablet&#8221; global_colors_info=&#8221;{}&#8221;]<p>PROTO avastustehas tarjoaa tilojaan niin pienille kokoontumisille kuin suurille juhlaville vastaanotoille. Ainutlaatuinen sijainti nopeasti kehittyv\u00e4ss\u00e4 merenrantakaupungissa ja historiallinen teollisuusrakennus tarjoavat rajattomat mahdollisuudet, miss\u00e4 ainoa rajoite on mielikuvitus. PROTO avastustehas ekspositiotila (1245 m2), Pantera konferenssitila (266 m2) ja opetustilat soveltuvat niin syntym\u00e4p\u00e4iville, firman juhliin kuin my\u00f6s konferensseille, seminaareille ja juhlallisille illallisille.<\/p>\n<p>Lis\u00e4ksi tarjoamme PROTO cateringia jopa 200 hengen tapahtumiin.<\/p>[\/et_pb_text][et_pb_text _builder_version=&#8221;4.24.2&#8243; _module_preset=&#8221;e179c0c4-c115-407d-a110-ebe813713cd6&#8243; custom_padding=&#8221;|90px||90px|false|false&#8221; custom_padding_tablet=&#8221;|20px||20px|false|false&#8221; custom_padding_phone=&#8221;|0px||0px|false|false&#8221; custom_padding_last_edited=&#8221;on|tablet&#8221; global_colors_info=&#8221;{}&#8221;]<p style=\"text-align: center;\"><strong><b>VARAUKSET<\/b>:<br \/><a href=\"mailto:booking@protofactory.ee\">booking@protofactory.ee<\/a><br \/>+372 53 620 400<\/strong><\/p>[\/et_pb_text][\/et_pb_column][\/et_pb_row][et_pb_row _builder_version=&#8221;4.24.2&#8243; _module_preset=&#8221;default&#8221; custom_padding=&#8221;||0px|||&#8221; global_colors_info=&#8221;{}&#8221;][et_pb_column type=&#8221;4_4&#8243; _builder_version=&#8221;4.24.2&#8243; _module_preset=&#8221;default&#8221; global_colors_info=&#8221;{}&#8221;][et_pb_heading title=&#8221;HUONEEN VUOKRAA&#8221; _builder_version=&#8221;4.24.2&#8243; _module_preset=&#8221;c9a4dd29-8345-43ea-bd4d-e73ae35e5717&#8243; global_colors_info=&#8221;{}&#8221;][\/et_pb_heading][\/et_pb_column][\/et_pb_row][et_pb_row column_structure=&#8221;1_2,1_2&#8243; use_custom_gutter=&#8221;on&#8221; gutter_width=&#8221;1&#8243; make_equal=&#8221;on&#8221; admin_label=&#8221;Card Image Right&#8221; _builder_version=&#8221;4.24.2&#8243; _module_preset=&#8221;default&#8221; background_color=&#8221;#FFFFFF&#8221; custom_margin=&#8221;25px||25px||false|false&#8221; custom_padding=&#8221;0px||0px||false|false&#8221; border_radii=&#8221;on|20px|20px|20px|20px&#8221; global_colors_info=&#8221;{}&#8221; custom_css_main_element_last_edited=&#8221;on|tablet&#8221;][et_pb_column type=&#8221;1_2&#8243; _builder_version=&#8221;4.24.2&#8243; _module_preset=&#8221;default&#8221; custom_padding=&#8221;|30px||30px|false|false&#8221; global_colors_info=&#8221;{}&#8221;][et_pb_heading title=&#8221;PROTO-KEKSINT\u00d6TEHTAAN N\u00c4YTTELYTILA&#8221; _builder_version=&#8221;4.24.2&#8243; _module_preset=&#8221;default&#8221; title_level=&#8221;h2&#8243; title_font=&#8221;Amsi Pro Cond Bold|||on|||||&#8221; title_text_align=&#8221;center&#8221; background_color=&#8221;rgba(255,255,255,0)&#8221; custom_margin=&#8221;30px||0px||false|false&#8221; global_colors_info=&#8221;{}&#8221;][\/et_pb_heading][et_pb_text _builder_version=&#8221;4.24.2&#8243; _module_preset=&#8221;e179c0c4-c115-407d-a110-ebe813713cd6&#8243; custom_margin=&#8221;|0px|||false|false&#8221; custom_padding=&#8221;35px||30px|20px|false|false&#8221; global_colors_info=&#8221;{}&#8221;]PROTO avastustehas kuljettaa vieraat ihmeelliseen 1800-luvun keksint\u00f6jen maailmaan, joka sopii t\u00e4ydellisesti juhlallisiin vastaanottoihin. Tilassa on j\u00e4rjestetty konferensseja, n\u00e4yttelyit\u00e4, elokuvien kuvauksia, valokuvaussessioita, h\u00e4it\u00e4 sek\u00e4 teatteri- ja konserttiesityksi\u00e4. Rakennuksen alkuper\u00e4inen arkkitehtuuri tarjoaa ainutlaatuisen akustiikan, joka on erityisen sopiva tunnelmallisille konserteille.[\/et_pb_text][et_pb_button button_url=&#8221;https:\/\/www.prototehas.ee\/fi\/keksintotehdas-proton-nayttelysali\/&#8221; button_text=&#8221;LUE LIS\u00c4\u00c4&#8221; button_alignment=&#8221;center&#8221; _builder_version=&#8221;4.24.2&#8243; _module_preset=&#8221;f68e210a-7307-4655-825f-63256ae554ce&#8221; custom_margin=&#8221;||30px||false|false&#8221; global_colors_info=&#8221;{}&#8221;][\/et_pb_button][\/et_pb_column][et_pb_column type=&#8221;1_2&#8243; _builder_version=&#8221;4.24.2&#8243; _module_preset=&#8221;default&#8221; global_colors_info=&#8221;{}&#8221;][et_pb_image src=&#8221;https:\/\/www.prototehas.ee\/wp-content\/uploads\/2023\/01\/Proto-Ekspositsioonisaal.jpeg&#8221; title_text=&#8221;Proto-Ekspositsioonisaal&#8221; url=&#8221;https:\/\/www.prototehas.ee\/fi\/keksintotehdas-proton-nayttelysali\/&#8221; show_bottom_space=&#8221;off&#8221; module_class=&#8221;pa-full-height-image-column&#8221; _builder_version=&#8221;4.24.2&#8243; _module_preset=&#8221;default&#8221; height=&#8221;100%&#8221; global_colors_info=&#8221;{}&#8221;][\/et_pb_image][\/et_pb_column][\/et_pb_row][et_pb_row column_structure=&#8221;1_2,1_2&#8243; admin_label=&#8221;Card Image Left&#8221; _builder_version=&#8221;4.24.2&#8243; _module_preset=&#8221;90498953-537a-45d8-96c9-83e32ef8ef4e&#8221; custom_margin=&#8221;25px||25px||false|false&#8221; saved_tabs=&#8221;all&#8221; global_colors_info=&#8221;{}&#8221;][et_pb_column type=&#8221;1_2&#8243; _builder_version=&#8221;4.24.2&#8243; _module_preset=&#8221;default&#8221; global_colors_info=&#8221;{}&#8221;][et_pb_image src=&#8221;https:\/\/www.prototehas.ee\/wp-content\/uploads\/2023\/01\/E19I7369-1-scaled.jpg&#8221; title_text=&#8221;E19I7369&#8243; url=&#8221;https:\/\/www.prototehas.ee\/fi\/pantera-saal\/&#8221; show_bottom_space=&#8221;off&#8221; module_class=&#8221;pa-full-height-image-column&#8221; _builder_version=&#8221;4.24.2&#8243; _module_preset=&#8221;default&#8221; height=&#8221;100%&#8221; global_colors_info=&#8221;{}&#8221;][\/et_pb_image][\/et_pb_column][et_pb_column type=&#8221;1_2&#8243; _builder_version=&#8221;4.24.2&#8243; _module_preset=&#8221;default&#8221; custom_padding=&#8221;|30px||30px|false|false&#8221; global_colors_info=&#8221;{}&#8221;][et_pb_heading title=&#8221;PANTERA-SALI&#8221; _builder_version=&#8221;4.24.2&#8243; _module_preset=&#8221;default&#8221; title_level=&#8221;h2&#8243; title_font=&#8221;Amsi Pro Cond Bold|||on|||||&#8221; title_text_align=&#8221;center&#8221; background_color=&#8221;rgba(255,255,255,0)&#8221; custom_margin=&#8221;30px||0px||false|false&#8221; global_colors_info=&#8221;{}&#8221;][\/et_pb_heading][et_pb_text _builder_version=&#8221;4.24.2&#8243; _module_preset=&#8221;e179c0c4-c115-407d-a110-ebe813713cd6&#8243; custom_margin=&#8221;|0px|||false|false&#8221; custom_padding=&#8221;32px||30px|20px|false|false&#8221; global_colors_info=&#8221;{}&#8221;]PROTO avastustehas tarjoaa Pantera-salissa korkeat katot, suuret vaikuttavat ikkunat, historialliset yksityiskohdat ja 1800-luvun alkuper\u00e4isen lattian, luoden aitoa tehdasilmapiiri\u00e4 etsiville t\u00e4ydellisen ymp\u00e4rist\u00f6n. Dekoratiivivaloja lis\u00e4\u00e4m\u00e4ll\u00e4 salista voidaan tehd\u00e4 j\u00e4nnitt\u00e4v\u00e4 konferenssi- tai seminaaritila, joka inspiroi ja vaikuttaa.[\/et_pb_text][et_pb_button button_url=&#8221;https:\/\/www.prototehas.ee\/fi\/pantera-saal\/&#8221; button_text=&#8221;LUE LIS\u00c4\u00c4&#8221; button_alignment=&#8221;center&#8221; _builder_version=&#8221;4.24.2&#8243; _module_preset=&#8221;f68e210a-7307-4655-825f-63256ae554ce&#8221; custom_margin=&#8221;||30px||false|false&#8221; global_colors_info=&#8221;{}&#8221;][\/et_pb_button][\/et_pb_column][\/et_pb_row][et_pb_row column_structure=&#8221;1_2,1_2&#8243; use_custom_gutter=&#8221;on&#8221; gutter_width=&#8221;1&#8243; make_equal=&#8221;on&#8221; admin_label=&#8221;Card Image Right&#8221; _builder_version=&#8221;4.24.2&#8243; _module_preset=&#8221;default&#8221; background_color=&#8221;#FFFFFF&#8221; custom_margin=&#8221;25px||25px||false|false&#8221; custom_padding=&#8221;0px||0px||false|false&#8221; border_radii=&#8221;on|20px|20px|20px|20px&#8221; global_colors_info=&#8221;{}&#8221; custom_css_main_element_last_edited=&#8221;on|tablet&#8221;][et_pb_column type=&#8221;1_2&#8243; _builder_version=&#8221;4.24.2&#8243; _module_preset=&#8221;default&#8221; custom_padding=&#8221;|30px||30px|false|false&#8221; global_colors_info=&#8221;{}&#8221;][et_pb_heading title=&#8221;Kokous- ja seminaaritilat&#8221; _builder_version=&#8221;4.24.2&#8243; _module_preset=&#8221;default&#8221; title_level=&#8221;h2&#8243; title_font=&#8221;Amsi Pro Cond Bold|||on|||||&#8221; title_text_align=&#8221;center&#8221; background_color=&#8221;rgba(255,255,255,0)&#8221; custom_margin=&#8221;30px||0px||false|false&#8221; global_colors_info=&#8221;{}&#8221;][\/et_pb_heading][et_pb_text _builder_version=&#8221;4.24.2&#8243; _module_preset=&#8221;e179c0c4-c115-407d-a110-ebe813713cd6&#8243; custom_margin=&#8221;|0px|||false|false&#8221; custom_padding=&#8221;35px||30px|20px|false|false&#8221; global_colors_info=&#8221;{}&#8221;]PROTO avastustehas tarjoaa pienempi\u00e4 tiloja, jotka ovat ihanteellisia pienempien juhlien ja kokousten j\u00e4rjest\u00e4miseen. Virkist\u00e4v\u00e4 ymp\u00e4rist\u00f6 antaa tilaisuudelle ainutlaatuisen tunnelman, joka tekee tapahtumasta ikimuistoisen. J\u00e4rjest\u00e4 tilaisuutesi PROTOssa ja luo unohtumattomia hetki\u00e4 yhdess\u00e4 vieraittesi kanssa.[\/et_pb_text][et_pb_button button_url=&#8221;https:\/\/www.prototehas.ee\/fi\/konverentsi-ja-seminariruumid\/&#8221; button_text=&#8221;LUE LIS\u00c4\u00c4&#8221; button_alignment=&#8221;center&#8221; _builder_version=&#8221;4.24.2&#8243; _module_preset=&#8221;f68e210a-7307-4655-825f-63256ae554ce&#8221; custom_margin=&#8221;||30px||false|false&#8221; global_colors_info=&#8221;{}&#8221;][\/et_pb_button][\/et_pb_column][et_pb_column type=&#8221;1_2&#8243; _builder_version=&#8221;4.24.2&#8243; _module_preset=&#8221;default&#8221; global_colors_info=&#8221;{}&#8221;][et_pb_image src=&#8221;https:\/\/www.prototehas.ee\/wp-content\/uploads\/2024\/05\/Leopard-scaled.jpg&#8221; title_text=&#8221;Leopard&#8221; url=&#8221;https:\/\/www.prototehas.ee\/fi\/konverentsi-ja-seminariruumid\/&#8221; show_bottom_space=&#8221;off&#8221; module_class=&#8221;pa-full-height-image-column&#8221; _builder_version=&#8221;4.24.2&#8243; _module_preset=&#8221;default&#8221; height=&#8221;100%&#8221; global_colors_info=&#8221;{}&#8221;][\/et_pb_image][\/et_pb_column][\/et_pb_row][et_pb_row _builder_version=&#8221;4.24.2&#8243; _module_preset=&#8221;default&#8221; global_colors_info=&#8221;{}&#8221;][et_pb_column type=&#8221;4_4&#8243; _builder_version=&#8221;4.24.2&#8243; _module_preset=&#8221;default&#8221; global_colors_info=&#8221;{}&#8221;][et_pb_text module_class=&#8221;regular-text&#8221; _builder_version=&#8221;4.24.2&#8243; text_font=&#8221;Amsi Pro Narrow Regular||||||||&#8221; text_text_color=&#8221;#000000&#8243; text_line_height=&#8221;21px&#8221; locked=&#8221;off&#8221; global_colors_info=&#8221;{}&#8221;]<ul>\n<li><em><span>Tilojen kapasiteetti on viitteellinen ja on riippuvainen tapahtuman tyypist\u00e4 sek\u00e4 tuolien, p\u00f6ytien ja lavan sijoittelusta.<\/span><\/em><\/li>\n<li><em><span>Konferenssitiloissa on valkokangas, dataheitin,\u00a0 fl\u00e4ppitaulu sek\u00e4 p\u00f6yd\u00e4t ja tuolit.<\/span><\/em><\/li>\n<li><em><span>Kaikki tilat ovat valoisia ja ne voidaan tarvittaessa piment\u00e4\u00e4.<\/span><\/em><\/li>\n<\/ul>\n<p>&nbsp;<\/p>[\/et_pb_text][et_pb_text _builder_version=&#8221;4.24.2&#8243; _module_preset=&#8221;e179c0c4-c115-407d-a110-ebe813713cd6&#8243; custom_padding=&#8221;|90px||90px|false|false&#8221; custom_padding_tablet=&#8221;|20px||20px|false|false&#8221; custom_padding_phone=&#8221;|0px||0px|false|false&#8221; custom_padding_last_edited=&#8221;on|tablet&#8221; global_colors_info=&#8221;{}&#8221;]<p><strong><b>VARAUKSET<\/b>:<br \/><a href=\"mailto:booking@protofactory.ee\">booking@protofactory.ee<\/a><br \/>+372 53 620 400<\/strong><\/p>[\/et_pb_text][\/et_pb_column][\/et_pb_row][\/et_pb_section]<span class=\"et_bloom_bottom_trigger\"><\/span>","protected":false},"excerpt":{"rendered":"<p>PROTO avastustehas tarjoaa tilojaan niin pienille kokoontumisille kuin suurille juhlaville vastaanotoille. Ainutlaatuinen sijainti nopeasti kehittyv\u00e4ss\u00e4 merenrantakaupungissa ja historiallinen teollisuusrakennus tarjoavat rajattomat mahdollisuudet, miss\u00e4 ainoa rajoite on mielikuvitus. PROTO avastustehas ekspositiotila (1245 m2), Pantera konferenssitila (266 m2) ja opetustilat soveltuvat niin syntym\u00e4p\u00e4iville, firman juhliin kuin my\u00f6s konferensseille, seminaareille ja juhlallisille illallisille. Lis\u00e4ksi tarjoamme PROTO cateringia jopa [&hellip;]<\/p>\n","protected":false},"author":19,"featured_media":0,"parent":0,"menu_order":0,"comment_status":"closed","ping_status":"closed","template":"","meta":{"_acf_changed":false,"_et_pb_use_builder":"on","_et_pb_old_content":"","_et_gb_content_width":"","inline_featured_image":false,"footnotes":""},"class_list":["post-28914","page","type-page","status-publish","hentry"],"acf":[],"yoast_head":"<!-- This site is optimized with the Yoast SEO plugin v26.9 - https:\/\/yoast.com\/product\/yoast-seo-wordpress\/ -->\n<title>J\u00c4RJEST\u00c4 TAPAHTUMA - PROTO avastustehas<\/title>\n<meta name=\"robots\" content=\"index, follow, max-snippet:-1, max-image-preview:large, max-video-preview:-1\" \/>\n<link rel=\"canonical\" href=\"https:\/\/www.prototehas.ee\/fi\/jarjesta-tapahtuma\/\" \/>\n<meta property=\"og:locale\" content=\"fi_FI\" \/>\n<meta property=\"og:type\" content=\"article\" \/>\n<meta property=\"og:title\" content=\"J\u00c4RJEST\u00c4 TAPAHTUMA - PROTO avastustehas\" \/>\n<meta property=\"og:description\" content=\"PROTO avastustehas tarjoaa tilojaan niin pienille kokoontumisille kuin suurille juhlaville vastaanotoille. Ainutlaatuinen sijainti nopeasti kehittyv\u00e4ss\u00e4 merenrantakaupungissa ja historiallinen teollisuusrakennus tarjoavat rajattomat mahdollisuudet, miss\u00e4 ainoa rajoite on mielikuvitus. PROTO avastustehas ekspositiotila (1245 m2), Pantera konferenssitila (266 m2) ja opetustilat soveltuvat niin syntym\u00e4p\u00e4iville, firman juhliin kuin my\u00f6s konferensseille, seminaareille ja juhlallisille illallisille. Lis\u00e4ksi tarjoamme PROTO cateringia jopa [&hellip;]\" \/>\n<meta property=\"og:url\" content=\"https:\/\/www.prototehas.ee\/fi\/jarjesta-tapahtuma\/\" \/>\n<meta property=\"og:site_name\" content=\"PROTO avastustehas\" \/>\n<meta property=\"article:publisher\" content=\"https:\/\/www.facebook.com\/prototehas\/\" \/>\n<meta property=\"article:modified_time\" content=\"2024-07-22T17:04:27+00:00\" \/>\n<meta name=\"twitter:card\" content=\"summary_large_image\" \/>\n<meta name=\"twitter:label1\" content=\"Arvioitu lukuaika\" \/>\n\t<meta name=\"twitter:data1\" content=\"3 minuuttia\" \/>\n<script type=\"application\/ld+json\" class=\"yoast-schema-graph\">{\"@context\":\"https:\/\/schema.org\",\"@graph\":[{\"@type\":\"WebPage\",\"@id\":\"https:\/\/www.prototehas.ee\/fi\/jarjesta-tapahtuma\/\",\"url\":\"https:\/\/www.prototehas.ee\/fi\/jarjesta-tapahtuma\/\",\"name\":\"J\u00c4RJEST\u00c4 TAPAHTUMA - PROTO avastustehas\",\"isPartOf\":{\"@id\":\"https:\/\/www.prototehas.ee\/fi\/#website\"},\"datePublished\":\"2022-10-24T12:40:46+00:00\",\"dateModified\":\"2024-07-22T17:04:27+00:00\",\"breadcrumb\":{\"@id\":\"https:\/\/www.prototehas.ee\/fi\/jarjesta-tapahtuma\/#breadcrumb\"},\"inLanguage\":\"fi\",\"potentialAction\":[{\"@type\":\"ReadAction\",\"target\":[\"https:\/\/www.prototehas.ee\/fi\/jarjesta-tapahtuma\/\"]}]},{\"@type\":\"BreadcrumbList\",\"@id\":\"https:\/\/www.prototehas.ee\/fi\/jarjesta-tapahtuma\/#breadcrumb\",\"itemListElement\":[{\"@type\":\"ListItem\",\"position\":1,\"name\":\"Avaleht\",\"item\":\"https:\/\/www.prototehas.ee\/fi\/\"},{\"@type\":\"ListItem\",\"position\":2,\"name\":\"J\u00c4RJEST\u00c4 TAPAHTUMA\"}]},{\"@type\":\"WebSite\",\"@id\":\"https:\/\/www.prototehas.ee\/fi\/#website\",\"url\":\"https:\/\/www.prototehas.ee\/fi\/\",\"name\":\"PROTO avastustehas\",\"description\":\"Where science meets fantasy\",\"publisher\":{\"@id\":\"https:\/\/www.prototehas.ee\/fi\/#organization\"},\"potentialAction\":[{\"@type\":\"SearchAction\",\"target\":{\"@type\":\"EntryPoint\",\"urlTemplate\":\"https:\/\/www.prototehas.ee\/fi\/?s={search_term_string}\"},\"query-input\":{\"@type\":\"PropertyValueSpecification\",\"valueRequired\":true,\"valueName\":\"search_term_string\"}}],\"inLanguage\":\"fi\"},{\"@type\":\"Organization\",\"@id\":\"https:\/\/www.prototehas.ee\/fi\/#organization\",\"name\":\"PROTO avastustehas\",\"url\":\"https:\/\/www.prototehas.ee\/fi\/\",\"logo\":{\"@type\":\"ImageObject\",\"inLanguage\":\"fi\",\"@id\":\"https:\/\/www.prototehas.ee\/fi\/#\/schema\/logo\/image\/\",\"url\":\"https:\/\/www.prototehas.ee\/wp-content\/uploads\/2019\/10\/prototehas_logo_et_2.svg\",\"contentUrl\":\"https:\/\/www.prototehas.ee\/wp-content\/uploads\/2019\/10\/prototehas_logo_et_2.svg\",\"width\":100,\"height\":100,\"caption\":\"PROTO avastustehas\"},\"image\":{\"@id\":\"https:\/\/www.prototehas.ee\/fi\/#\/schema\/logo\/image\/\"},\"sameAs\":[\"https:\/\/www.facebook.com\/prototehas\/\"]}]}<\/script>\n<!-- \/ Yoast SEO plugin. -->","yoast_head_json":{"title":"J\u00c4RJEST\u00c4 TAPAHTUMA - PROTO avastustehas","robots":{"index":"index","follow":"follow","max-snippet":"max-snippet:-1","max-image-preview":"max-image-preview:large","max-video-preview":"max-video-preview:-1"},"canonical":"https:\/\/www.prototehas.ee\/fi\/jarjesta-tapahtuma\/","og_locale":"fi_FI","og_type":"article","og_title":"J\u00c4RJEST\u00c4 TAPAHTUMA - PROTO avastustehas","og_description":"PROTO avastustehas tarjoaa tilojaan niin pienille kokoontumisille kuin suurille juhlaville vastaanotoille. Ainutlaatuinen sijainti nopeasti kehittyv\u00e4ss\u00e4 merenrantakaupungissa ja historiallinen teollisuusrakennus tarjoavat rajattomat mahdollisuudet, miss\u00e4 ainoa rajoite on mielikuvitus. PROTO avastustehas ekspositiotila (1245 m2), Pantera konferenssitila (266 m2) ja opetustilat soveltuvat niin syntym\u00e4p\u00e4iville, firman juhliin kuin my\u00f6s konferensseille, seminaareille ja juhlallisille illallisille. Lis\u00e4ksi tarjoamme PROTO cateringia jopa [&hellip;]","og_url":"https:\/\/www.prototehas.ee\/fi\/jarjesta-tapahtuma\/","og_site_name":"PROTO avastustehas","article_publisher":"https:\/\/www.facebook.com\/prototehas\/","article_modified_time":"2024-07-22T17:04:27+00:00","twitter_card":"summary_large_image","twitter_misc":{"Arvioitu lukuaika":"3 minuuttia"},"schema":{"@context":"https:\/\/schema.org","@graph":[{"@type":"WebPage","@id":"https:\/\/www.prototehas.ee\/fi\/jarjesta-tapahtuma\/","url":"https:\/\/www.prototehas.ee\/fi\/jarjesta-tapahtuma\/","name":"J\u00c4RJEST\u00c4 TAPAHTUMA - PROTO avastustehas","isPartOf":{"@id":"https:\/\/www.prototehas.ee\/fi\/#website"},"datePublished":"2022-10-24T12:40:46+00:00","dateModified":"2024-07-22T17:04:27+00:00","breadcrumb":{"@id":"https:\/\/www.prototehas.ee\/fi\/jarjesta-tapahtuma\/#breadcrumb"},"inLanguage":"fi","potentialAction":[{"@type":"ReadAction","target":["https:\/\/www.prototehas.ee\/fi\/jarjesta-tapahtuma\/"]}]},{"@type":"BreadcrumbList","@id":"https:\/\/www.prototehas.ee\/fi\/jarjesta-tapahtuma\/#breadcrumb","itemListElement":[{"@type":"ListItem","position":1,"name":"Avaleht","item":"https:\/\/www.prototehas.ee\/fi\/"},{"@type":"ListItem","position":2,"name":"J\u00c4RJEST\u00c4 TAPAHTUMA"}]},{"@type":"WebSite","@id":"https:\/\/www.prototehas.ee\/fi\/#website","url":"https:\/\/www.prototehas.ee\/fi\/","name":"PROTO avastustehas","description":"Where science meets fantasy","publisher":{"@id":"https:\/\/www.prototehas.ee\/fi\/#organization"},"potentialAction":[{"@type":"SearchAction","target":{"@type":"EntryPoint","urlTemplate":"https:\/\/www.prototehas.ee\/fi\/?s={search_term_string}"},"query-input":{"@type":"PropertyValueSpecification","valueRequired":true,"valueName":"search_term_string"}}],"inLanguage":"fi"},{"@type":"Organization","@id":"https:\/\/www.prototehas.ee\/fi\/#organization","name":"PROTO avastustehas","url":"https:\/\/www.prototehas.ee\/fi\/","logo":{"@type":"ImageObject","inLanguage":"fi","@id":"https:\/\/www.prototehas.ee\/fi\/#\/schema\/logo\/image\/","url":"https:\/\/www.prototehas.ee\/wp-content\/uploads\/2019\/10\/prototehas_logo_et_2.svg","contentUrl":"https:\/\/www.prototehas.ee\/wp-content\/uploads\/2019\/10\/prototehas_logo_et_2.svg","width":100,"height":100,"caption":"PROTO avastustehas"},"image":{"@id":"https:\/\/www.prototehas.ee\/fi\/#\/schema\/logo\/image\/"},"sameAs":["https:\/\/www.facebook.com\/prototehas\/"]}]}},"_links":{"self":[{"href":"https:\/\/www.prototehas.ee\/fi\/wp-json\/wp\/v2\/pages\/28914","targetHints":{"allow":["GET"]}}],"collection":[{"href":"https:\/\/www.prototehas.ee\/fi\/wp-json\/wp\/v2\/pages"}],"about":[{"href":"https:\/\/www.prototehas.ee\/fi\/wp-json\/wp\/v2\/types\/page"}],"author":[{"embeddable":true,"href":"https:\/\/www.prototehas.ee\/fi\/wp-json\/wp\/v2\/users\/19"}],"replies":[{"embeddable":true,"href":"https:\/\/www.prototehas.ee\/fi\/wp-json\/wp\/v2\/comments?post=28914"}],"version-history":[{"count":5,"href":"https:\/\/www.prototehas.ee\/fi\/wp-json\/wp\/v2\/pages\/28914\/revisions"}],"predecessor-version":[{"id":30978,"href":"https:\/\/www.prototehas.ee\/fi\/wp-json\/wp\/v2\/pages\/28914\/revisions\/30978"}],"wp:attachment":[{"href":"https:\/\/www.prototehas.ee\/fi\/wp-json\/wp\/v2\/media?parent=28914"}],"curies":[{"name":"wp","href":"https:\/\/api.w.org\/{rel}","templated":true}]}}