{"id":2936,"date":"2019-10-09T19:07:54","date_gmt":"2019-10-09T19:07:54","guid":{"rendered":"http:\/\/protodev.ee\/?page_id=2936"},"modified":"2025-07-14T10:47:15","modified_gmt":"2025-07-14T10:47:15","slug":"liput","status":"publish","type":"page","link":"https:\/\/www.prototehas.ee\/fi\/liput\/","title":{"rendered":"TIEDOT JA LIPUT"},"content":{"rendered":"[et_pb_section fb_built=&#8221;1&#8243; _builder_version=&#8221;4.16&#8243; background_image=&#8221;https:\/\/www.prototehas.ee\/wp-content\/uploads\/2019\/11\/Fujifilm_Panorama3.jpg&#8221; width=&#8221;100%&#8221; custom_margin=&#8221;0px||||false|false&#8221; custom_padding=&#8221;13em||13em||true|false&#8221; locked=&#8221;off&#8221; global_colors_info=&#8221;{}&#8221;][\/et_pb_section][et_pb_section fb_built=&#8221;1&#8243; _builder_version=&#8221;4.16&#8243; background_enable_image=&#8221;off&#8221; global_colors_info=&#8221;{}&#8221;][et_pb_row _builder_version=&#8221;4.24.2&#8243; _module_preset=&#8221;default&#8221; custom_padding=&#8221;||2px|||&#8221; global_colors_info=&#8221;{}&#8221;][et_pb_column type=&#8221;4_4&#8243; _builder_version=&#8221;4.24.2&#8243; _module_preset=&#8221;default&#8221; global_colors_info=&#8221;{}&#8221;][et_pb_heading title=&#8221;LIPUT&#8221; _builder_version=&#8221;4.24.2&#8243; _module_preset=&#8221;c9a4dd29-8345-43ea-bd4d-e73ae35e5717&#8243; title_level=&#8221;h1&#8243; global_colors_info=&#8221;{}&#8221;][\/et_pb_heading][\/et_pb_column][\/et_pb_row][et_pb_row column_structure=&#8221;1_2,1_2&#8243; use_custom_gutter=&#8221;on&#8221; gutter_width=&#8221;2&#8243; make_equal=&#8221;on&#8221; custom_padding_last_edited=&#8221;on|tablet&#8221; module_class=&#8221;two-col-mob two-col-tab&#8221; _builder_version=&#8221;4.24.2&#8243; _module_preset=&#8221;default&#8221; background_color=&#8221;RGBA(255,255,255,0)&#8221; width_tablet=&#8221;95%&#8221; width_phone=&#8221;95%&#8221; width_last_edited=&#8221;on|tablet&#8221; custom_margin=&#8221;||0px||false|false&#8221; custom_margin_tablet=&#8221;||0px||false|false&#8221; custom_margin_phone=&#8221;||-23px||false|false&#8221; custom_margin_last_edited=&#8221;on|phone&#8221; custom_padding=&#8221;||14px||false|false&#8221; custom_padding_tablet=&#8221;||24px||false|false&#8221; custom_padding_phone=&#8221;||24px||false|false&#8221; custom_css_free_form=&#8221;.et_pb_button .et-blurb-button {||  color: white!important;||}&#8221; global_colors_info=&#8221;{}&#8221;][et_pb_column type=&#8221;1_2&#8243; _builder_version=&#8221;4.24.2&#8243; _module_preset=&#8221;default&#8221; background_color=&#8221;RGBA(255,255,255,0)&#8221; border_radii=&#8221;on|12px|12px|12px|12px&#8221; global_colors_info=&#8221;{}&#8221;][et_pb_blurb title=&#8221;T\u00c4YDELIPPU YHDELL\u00c4 HENKIL\u00d6LLE&#8221; _builder_version=&#8221;4.24.2&#8243; _module_preset=&#8221;c1f2e19e-0c30-46db-8d04-67f547b76eb2&#8243; custom_padding_tablet=&#8221;&#8221; custom_padding_phone=&#8221;25px|10px|25px|10px|true|true&#8221; custom_padding_last_edited=&#8221;on|phone&#8221; header_line_height_tablet=&#8221;&#8221; header_line_height_phone=&#8221;1.2em&#8221; header_line_height_last_edited=&#8221;on|phone&#8221; custom_css_free_form=&#8221;.et-blurb-button {||  color: white!important;||}&#8221; global_colors_info=&#8221;{}&#8221;]<p style=\"text-align: center;\"><span style=\"color: #000000;\">19-vuotiaasta l\u00e4htien (my\u00f6s) <\/span><br \/><span style=\"color: #000000;\"><strong>16 \u20ac<\/strong> (tiistai<\/span> <span style=\"color: #000000;\">&#8211; perjantai)<\/span><br \/><span style=\"color: #000000;\"><strong>20 \u20ac<\/strong> (lauantai-sunnuntai)<\/span><\/p>\n<p><span hidden=\"\"><a href=\"#\" class=\"et_pb_button et-blurb-button\">OSTA LIPPU<\/a><\/span><\/p>[\/et_pb_blurb][\/et_pb_column][et_pb_column type=&#8221;1_2&#8243; _builder_version=&#8221;4.24.2&#8243; _module_preset=&#8221;default&#8221; background_color=&#8221;RGBA(255,255,255,0)&#8221; global_colors_info=&#8221;{}&#8221;][et_pb_blurb title=&#8221;PERHELIPPU&#8221; disabled_on=&#8221;off|off|off&#8221; _builder_version=&#8221;4.24.2&#8243; _module_preset=&#8221;c1f2e19e-0c30-46db-8d04-67f547b76eb2&#8243; custom_padding_tablet=&#8221;&#8221; custom_padding_phone=&#8221;25px|10px|25px|10px|true|true&#8221; custom_padding_last_edited=&#8221;on|phone&#8221; header_line_height_tablet=&#8221;&#8221; header_line_height_phone=&#8221;1.2em&#8221; header_line_height_last_edited=&#8221;on|phone&#8221; global_colors_info=&#8221;{}&#8221;]<p style=\"text-align: center;\"><span style=\"color: #000000;\">2 aikuista ja heid\u00e4n alaik\u00e4iset lapsensa<\/span><br \/><span style=\"color: #000000;\"><strong>35 \u20ac<\/strong> (tiistai-perjantai)<\/span><br \/><span style=\"color: #000000;\"><strong>40 \u20ac<\/strong> (lauantai-sunnuntai)<\/span><\/p>\n<p><span hidden=\"\"><a href=\"#\" class=\"et_pb_button et-blurb-button\">OSTA LIPPU<\/a><\/span><\/p>[\/et_pb_blurb][\/et_pb_column][\/et_pb_row][et_pb_row column_structure=&#8221;1_2,1_2&#8243; use_custom_gutter=&#8221;on&#8221; gutter_width=&#8221;2&#8243; make_equal=&#8221;on&#8221; module_class=&#8221;two-col-mob two-col-tab&#8221; _builder_version=&#8221;4.24.2&#8243; _module_preset=&#8221;default&#8221; background_color=&#8221;RGBA(255,255,255,0)&#8221; width_tablet=&#8221;95%&#8221; width_phone=&#8221;95%&#8221; width_last_edited=&#8221;on|tablet&#8221; custom_padding=&#8221;14px||||false|false&#8221; global_colors_info=&#8221;{}&#8221;][et_pb_column type=&#8221;1_2&#8243; _builder_version=&#8221;4.24.2&#8243; _module_preset=&#8221;default&#8221; background_color=&#8221;RGBA(255,255,255,0)&#8221; border_radii=&#8221;on|12px|12px|12px|12px&#8221; global_colors_info=&#8221;{}&#8221;][et_pb_blurb title=&#8221;OPISKELIJALIPPU&#8221; _builder_version=&#8221;4.24.2&#8243; _module_preset=&#8221;c1f2e19e-0c30-46db-8d04-67f547b76eb2&#8243; custom_padding_tablet=&#8221;&#8221; custom_padding_phone=&#8221;25px|10px|25px|10px|true|true&#8221; custom_padding_last_edited=&#8221;on|phone&#8221; header_line_height_tablet=&#8221;&#8221; header_line_height_phone=&#8221;1.2em&#8221; header_line_height_last_edited=&#8221;on|phone&#8221; global_colors_info=&#8221;{}&#8221;]<p style=\"text-align: center;\"><span style=\"color: #000000;\">18-vuotiaaksi asti (my\u00f6s) <\/span><br><span style=\"color: #000000;\"><strong>11 \u20ac<\/strong><\/span><strong><\/strong><strong><\/strong><\/p>\n<p><span hidden=\"\"><a href=\"#\" class=\"et_pb_button et-blurb-button\">OSTA LIPPU<\/a><\/span><\/p>[\/et_pb_blurb][\/et_pb_column][et_pb_column type=&#8221;1_2&#8243; _builder_version=&#8221;4.24.2&#8243; _module_preset=&#8221;default&#8221; background_color=&#8221;RGBA(255,255,255,0)&#8221; global_colors_info=&#8221;{}&#8221;][et_pb_blurb title=&#8221;ALennuslippu&#8221; _builder_version=&#8221;4.24.2&#8243; _module_preset=&#8221;c1f2e19e-0c30-46db-8d04-67f547b76eb2&#8243; custom_padding_tablet=&#8221;&#8221; custom_padding_phone=&#8221;25px|10px|25px|10px|true|true&#8221; custom_padding_last_edited=&#8221;on|phone&#8221; header_line_height_tablet=&#8221;&#8221; header_line_height_phone=&#8221;1.2em&#8221; header_line_height_last_edited=&#8221;on|phone&#8221; global_colors_info=&#8221;{}&#8221;]<p style=\"text-align: center;\"><span style=\"color: #000000;\">Koskee el\u00e4kel\u00e4isi\u00e4 ja erityistarpeita omaavia (todisteen perusteella).<\/span><br \/><span style=\"color: #000000;\"><strong>10 \u20ac<\/strong><\/span><\/p>\n<p><span hidden=\"\"><a href=\"#\" class=\"et_pb_button et-blurb-button\">OSTA LIPPU<\/a><\/span><\/p>[\/et_pb_blurb][\/et_pb_column][\/et_pb_row][et_pb_row _builder_version=&#8221;4.24.2&#8243; _module_preset=&#8221;default&#8221; global_colors_info=&#8221;{}&#8221;][et_pb_column type=&#8221;4_4&#8243; _builder_version=&#8221;4.24.2&#8243; _module_preset=&#8221;default&#8221; global_colors_info=&#8221;{}&#8221;][et_pb_text _builder_version=&#8221;4.24.2&#8243; _module_preset=&#8221;default&#8221; global_colors_info=&#8221;{}&#8221;]<p style=\"text-align: center;\"><span>Alle 6-vuotiaat lapset (my\u00f6s) ja saattaja, jolla on erityistarpeita <strong>ILMAISEKSI<\/strong><\/span><\/p>[\/et_pb_text][et_pb_text _builder_version=&#8221;4.24.2&#8243; _module_preset=&#8221;default&#8221; global_colors_info=&#8221;{}&#8221;]<p style=\"text-align: center;\"><strong>*<\/strong> <span>Liput sis\u00e4lt\u00e4v\u00e4t kaikkien<\/span> <a href=\"https:\/\/www.prototehas.ee\/fi\/kokeile-omin-kasin\/\" target=\"_blank\" rel=\"noopener noreferrer\">aktiviteettin\u00e4yttelyiden<\/a> <span>ja<\/span> <a href=\"https:\/\/www.prototehas.ee\/fi\/virtuaalitodellisuus\/\" target=\"_blank\" rel=\"noopener noreferrer\">virtuaalitodellisuuskokemusten<\/a> k\u00e4yt\u00f6n <span>proto-skootteria lukuun ottamatta<\/span><\/p>[\/et_pb_text][\/et_pb_column][\/et_pb_row][et_pb_row disabled_on=&#8221;off|off|off&#8221; _builder_version=&#8221;4.24.2&#8243; _module_preset=&#8221;default&#8221; background_color=&#8221;#FFFFFF&#8221; module_alignment=&#8221;center&#8221; border_radii=&#8221;on|13px|13px|13px|13px&#8221; border_color_all=&#8221;#FFFFFF&#8221; global_colors_info=&#8221;{}&#8221;][et_pb_column type=&#8221;4_4&#8243; _builder_version=&#8221;4.24.2&#8243; _module_preset=&#8221;default&#8221; global_colors_info=&#8221;{}&#8221;][et_pb_heading title=&#8221;RETKET&#8221; _builder_version=&#8221;4.24.2&#8243; _module_preset=&#8221;default&#8221; title_text_align=&#8221;center&#8221; global_colors_info=&#8221;{}&#8221;][\/et_pb_heading][et_pb_text _builder_version=&#8221;4.24.2&#8243; _module_preset=&#8221;default&#8221; global_colors_info=&#8221;{}&#8221;]<p style=\"font-weight: 400; text-align: center;\"><strong><span style=\"color: #000000;\">OPASPALVELU RYHM\u00c4ILLE<\/span> &#8211;<\/strong> <span style=\"color: #000000;\">56 \u20ac (enint\u00e4\u00e4n 20 henkil\u00f6\u00e4)<\/span><\/p>\n<p style=\"font-weight: 400; text-align: center;\"><strong><span style=\"color: #000000;\">RETKE LAPSIRYHMILLE<\/span> &#8211;<\/strong> <span style=\"color: #000000;\">11\u20ac\/opiskelija (osa lipun hinnasta)<\/span><\/p>\n<p style=\"font-weight: 400; text-align: center;\"><strong><\/strong><\/p>\n<p style=\"font-weight: 400; text-align: center;\"><strong><a href=\"https:\/\/www.prototehas.ee\/fi\/ryhmille\/\" target=\"_blank\" rel=\"noopener noreferrer\">LUE LIS\u00c4\u00c4 RYHM\u00c4RETKIST\u00c4 T\u00c4\u00c4LT\u00c4  &gt;&gt;<\/a><\/strong><\/p>[\/et_pb_text][\/et_pb_column][\/et_pb_row][et_pb_row disabled_on=&#8221;off|off|off&#8221; _builder_version=&#8221;4.24.2&#8243; _module_preset=&#8221;default&#8221; background_color=&#8221;#6400FF&#8221; width=&#8221;95%&#8221; custom_padding=&#8221;50px||50px||false|false&#8221; border_radii=&#8221;on|14px|14px|14px|14px&#8221; global_colors_info=&#8221;{}&#8221;][et_pb_column type=&#8221;4_4&#8243; _builder_version=&#8221;4.24.2&#8243; _module_preset=&#8221;default&#8221; global_colors_info=&#8221;{}&#8221;][et_pb_heading title=&#8221;LAHJAKORTIT&#8221; _builder_version=&#8221;4.24.2&#8243; _module_preset=&#8221;default&#8221; title_text_align=&#8221;center&#8221; title_text_color=&#8221;#FFFFFF&#8221; module_alignment=&#8221;center&#8221; global_colors_info=&#8221;{}&#8221;][\/et_pb_heading][et_pb_text module_class=&#8221;regular-text&#8221; _builder_version=&#8221;4.24.2&#8243; text_font=&#8221;Amsi Pro Narrow Regular||||||||&#8221; text_text_color=&#8221;#FFFFFF&#8221; text_line_height=&#8221;21px&#8221; global_colors_info=&#8221;{}&#8221;]<p style=\"text-align: center;\"><strong>OPISKELIJALAHJAKORTTI<\/strong> * <strong>11 \u20ac<\/strong><\/p>\n<p style=\"text-align: center;\"><strong>LAHJAKORTTI YHDELL\u00c4 HENKIL\u00d6LLE<\/strong> * <strong>20 \u20ac<\/strong><\/p>\n<p style=\"text-align: center;\"><strong>PERHEKORTTI LAHJAKORTTI<\/strong> * <strong>40 \u20ac<br \/><\/strong><\/p>\n<p style=\"text-align: center;\">[\/et_pb_text][et_pb_text _builder_version=&#8221;4.24.2&#8243; _module_preset=&#8221;default&#8221; global_colors_info=&#8221;{}&#8221;]<p style=\"text-align: center;\"><span style=\"color: #ffffff;\"><strong><a href=\"https:\/\/www.prototehas.ee\/fi\/lahjakortti\/\" target=\"_blank\" rel=\"noopener noreferrer\" style=\"color: #ffffff;\">LUE LIS\u00c4\u00c4 LAHJAKORTISTA T\u00c4\u00c4LT\u00c4  &gt;&gt;<\/a><\/strong><\/span><\/p>\n<p style=\"text-align: center;\">\n<p style=\"text-align: center;\"><em><span style=\"color: #ffffff;\"><strong>*<\/strong> Lahjakortti on voimassa vuoden ostohetkest\u00e4. Lahjakortit sis\u00e4lt\u00e4v\u00e4t kaikkien aktiviteettin\u00e4yttelyiden k\u00e4yt\u00f6n ja virtuaalitodellisuuskokemukset. <\/span><\/em><\/p>[\/et_pb_text][\/et_pb_column][\/et_pb_row][et_pb_row _builder_version=&#8221;4.24.2&#8243; background_color=&#8221;#FFFFFF&#8221; border_radii=&#8221;on|13px|13px|13px|13px&#8221; global_colors_info=&#8221;{}&#8221;][et_pb_column type=&#8221;4_4&#8243; _builder_version=&#8221;4.16&#8243; global_colors_info=&#8221;{}&#8221;][et_pb_heading title=&#8221;ALENNUKSET&#8221; _builder_version=&#8221;4.24.2&#8243; _module_preset=&#8221;default&#8221; title_level=&#8221;h2&#8243; title_text_align=&#8221;center&#8221; global_colors_info=&#8221;{}&#8221;][\/et_pb_heading][et_pb_text module_class=&#8221;regular-text&#8221; _builder_version=&#8221;4.24.2&#8243; text_font=&#8221;Amsi Pro Narrow Regular||||||||&#8221; text_text_color=&#8221;#000000&#8243; text_line_height=&#8221;21px&#8221; global_colors_info=&#8221;{}&#8221;]<p style=\"text-align: center;\"><strong><a href=\"https:\/\/www.visittallinn.ee\/est\/turist\/mida-teha\/aktiivne-puhkus\/pid-180045\/proto-avastustehas\" target=\"_blank\" rel=\"noopener noreferrer\">Tallinn Card<\/a><\/strong> &#8211; ilmainen sis\u00e4\u00e4np\u00e4\u00e4sy.<\/p>\n<p style=\"text-align: center;\"><a href=\"https:\/\/muuseumikaart.ee\/en\/museums\/proto-invention-factory\/\"><strong>Viron Museokortti<\/strong> <\/a>&#8211; ilmainen sis\u00e4\u00e4np\u00e4\u00e4sy.<\/p>\n<p style=\"text-align: center;\"><strong><a href=\"https:\/\/www.tallink.ee\/et\/club-one\">Club One<\/a><\/strong> &#8211; 10 % alennus. Voimassa koko- ja perhelippuihin. Voit ostaa enint\u00e4\u00e4n 2 lippua kerralla.<\/p>\n<p style=\"text-align: center;\"><a href=\"https:\/\/www.perekaart.ee\/soodustused\/607\"><strong>Perhekortti<\/strong><\/a> &#8211; 22-30% alennus. Lapsiperheiden magneettikortti on voimassa t\u00e4ysi-, perhe-, opiskelija- ja alennuslippuihin.<\/p>\n<p style=\"text-align: center;\"><strong><a href=\"https:\/\/isic.ee\/soodustused\/?providerId=253243\">ISIC-kortti<\/a><\/strong> &amp; <a href=\"https:\/\/esncard.org\/discount\/proto-invention-factory\"><strong>ESN-kortti<\/strong><\/a> &#8211; normaalihintaiset liput 20% halvemmalla.<\/p>\n<p style=\"text-align: center;\"><strong><span style=\"color: #6400ff;\">IMT Pink Card<\/span><\/strong> \u2013 10 % alennus. Voimassa koko- ja perhelippuihin. Voit ostaa enint\u00e4\u00e4n 2 lippua kerralla.<\/p>\n<p>&nbsp;<\/p>[\/et_pb_text][\/et_pb_column][\/et_pb_row][\/et_pb_section]<span class=\"et_bloom_bottom_trigger\"><\/span>","protected":false},"excerpt":{"rendered":"<p>19-vuotiaasta l\u00e4htien (my\u00f6s) 16 \u20ac (tiistai &#8211; perjantai)20 \u20ac (lauantai-sunnuntai) OSTA LIPPU2 aikuista ja heid\u00e4n alaik\u00e4iset lapsensa35 \u20ac (tiistai-perjantai)40 \u20ac (lauantai-sunnuntai) OSTA LIPPU18-vuotiaaksi asti (my\u00f6s) 11 \u20ac OSTA LIPPUKoskee el\u00e4kel\u00e4isi\u00e4 ja erityistarpeita omaavia (todisteen perusteella).10 \u20ac OSTA LIPPUAlle 6-vuotiaat lapset (my\u00f6s) ja saattaja, jolla on erityistarpeita ILMAISEKSI* Liput sis\u00e4lt\u00e4v\u00e4t kaikkien aktiviteettin\u00e4yttelyiden ja virtuaalitodellisuuskokemusten k\u00e4yt\u00f6n proto-skootteria [&hellip;]<\/p>\n","protected":false},"author":15,"featured_media":0,"parent":0,"menu_order":0,"comment_status":"closed","ping_status":"closed","template":"","meta":{"_acf_changed":false,"_et_pb_use_builder":"on","_et_pb_old_content":"","_et_gb_content_width":"","inline_featured_image":false,"footnotes":""},"class_list":["post-2936","page","type-page","status-publish","hentry"],"acf":[],"yoast_head":"<!-- This site is optimized with the Yoast SEO plugin v26.9 - https:\/\/yoast.com\/product\/yoast-seo-wordpress\/ -->\n<title>Info ja liput - Elamuskeskus - PROTO avastustehas<\/title>\n<meta name=\"description\" content=\"HINNAT: T\u00e4ysi lippu yhdelle hengelle maksaa 14 euroa. Perhelippu maksaa 32 euroa. Alle 6-vuotiaat p\u00e4\u00e4sev\u00e4t sis\u00e4\u00e4n ilmaiseksi. \u27a4 Katso lis\u00e4\u00e4!\" \/>\n<meta name=\"robots\" content=\"index, follow, max-snippet:-1, max-image-preview:large, max-video-preview:-1\" \/>\n<link rel=\"canonical\" href=\"https:\/\/www.prototehas.ee\/fi\/liput\/\" \/>\n<meta property=\"og:locale\" content=\"fi_FI\" \/>\n<meta property=\"og:type\" content=\"article\" \/>\n<meta property=\"og:title\" content=\"Info ja liput - Elamuskeskus - PROTO avastustehas\" \/>\n<meta property=\"og:description\" content=\"HINNAT: T\u00e4ysi lippu yhdelle hengelle maksaa 14 euroa. Perhelippu maksaa 32 euroa. Alle 6-vuotiaat p\u00e4\u00e4sev\u00e4t sis\u00e4\u00e4n ilmaiseksi. \u27a4 Katso lis\u00e4\u00e4!\" \/>\n<meta property=\"og:url\" content=\"https:\/\/www.prototehas.ee\/fi\/liput\/\" \/>\n<meta property=\"og:site_name\" content=\"PROTO avastustehas\" \/>\n<meta property=\"article:publisher\" content=\"https:\/\/www.facebook.com\/prototehas\/\" \/>\n<meta property=\"article:modified_time\" content=\"2025-07-14T10:47:15+00:00\" \/>\n<meta name=\"twitter:card\" content=\"summary_large_image\" \/>\n<meta name=\"twitter:label1\" content=\"Arvioitu lukuaika\" \/>\n\t<meta name=\"twitter:data1\" content=\"3 minuuttia\" \/>\n<script type=\"application\/ld+json\" class=\"yoast-schema-graph\">{\"@context\":\"https:\/\/schema.org\",\"@graph\":[{\"@type\":\"WebPage\",\"@id\":\"https:\/\/www.prototehas.ee\/fi\/liput\/\",\"url\":\"https:\/\/www.prototehas.ee\/fi\/liput\/\",\"name\":\"Info ja liput - Elamuskeskus - PROTO avastustehas\",\"isPartOf\":{\"@id\":\"https:\/\/www.prototehas.ee\/fi\/#website\"},\"datePublished\":\"2019-10-09T19:07:54+00:00\",\"dateModified\":\"2025-07-14T10:47:15+00:00\",\"description\":\"HINNAT: T\u00e4ysi lippu yhdelle hengelle maksaa 14 euroa. Perhelippu maksaa 32 euroa. Alle 6-vuotiaat p\u00e4\u00e4sev\u00e4t sis\u00e4\u00e4n ilmaiseksi. \u27a4 Katso lis\u00e4\u00e4!\",\"breadcrumb\":{\"@id\":\"https:\/\/www.prototehas.ee\/fi\/liput\/#breadcrumb\"},\"inLanguage\":\"fi\",\"potentialAction\":[{\"@type\":\"ReadAction\",\"target\":[\"https:\/\/www.prototehas.ee\/fi\/liput\/\"]}]},{\"@type\":\"BreadcrumbList\",\"@id\":\"https:\/\/www.prototehas.ee\/fi\/liput\/#breadcrumb\",\"itemListElement\":[{\"@type\":\"ListItem\",\"position\":1,\"name\":\"Avaleht\",\"item\":\"https:\/\/www.prototehas.ee\/fi\/\"},{\"@type\":\"ListItem\",\"position\":2,\"name\":\"TIEDOT JA LIPUT\"}]},{\"@type\":\"WebSite\",\"@id\":\"https:\/\/www.prototehas.ee\/fi\/#website\",\"url\":\"https:\/\/www.prototehas.ee\/fi\/\",\"name\":\"PROTO avastustehas\",\"description\":\"Where science meets fantasy\",\"publisher\":{\"@id\":\"https:\/\/www.prototehas.ee\/fi\/#organization\"},\"potentialAction\":[{\"@type\":\"SearchAction\",\"target\":{\"@type\":\"EntryPoint\",\"urlTemplate\":\"https:\/\/www.prototehas.ee\/fi\/?s={search_term_string}\"},\"query-input\":{\"@type\":\"PropertyValueSpecification\",\"valueRequired\":true,\"valueName\":\"search_term_string\"}}],\"inLanguage\":\"fi\"},{\"@type\":\"Organization\",\"@id\":\"https:\/\/www.prototehas.ee\/fi\/#organization\",\"name\":\"PROTO avastustehas\",\"url\":\"https:\/\/www.prototehas.ee\/fi\/\",\"logo\":{\"@type\":\"ImageObject\",\"inLanguage\":\"fi\",\"@id\":\"https:\/\/www.prototehas.ee\/fi\/#\/schema\/logo\/image\/\",\"url\":\"https:\/\/www.prototehas.ee\/wp-content\/uploads\/2019\/10\/prototehas_logo_et_2.svg\",\"contentUrl\":\"https:\/\/www.prototehas.ee\/wp-content\/uploads\/2019\/10\/prototehas_logo_et_2.svg\",\"width\":100,\"height\":100,\"caption\":\"PROTO avastustehas\"},\"image\":{\"@id\":\"https:\/\/www.prototehas.ee\/fi\/#\/schema\/logo\/image\/\"},\"sameAs\":[\"https:\/\/www.facebook.com\/prototehas\/\"]}]}<\/script>\n<!-- \/ Yoast SEO plugin. -->","yoast_head_json":{"title":"Info ja liput - Elamuskeskus - PROTO avastustehas","description":"HINNAT: T\u00e4ysi lippu yhdelle hengelle maksaa 14 euroa. Perhelippu maksaa 32 euroa. Alle 6-vuotiaat p\u00e4\u00e4sev\u00e4t sis\u00e4\u00e4n ilmaiseksi. \u27a4 Katso lis\u00e4\u00e4!","robots":{"index":"index","follow":"follow","max-snippet":"max-snippet:-1","max-image-preview":"max-image-preview:large","max-video-preview":"max-video-preview:-1"},"canonical":"https:\/\/www.prototehas.ee\/fi\/liput\/","og_locale":"fi_FI","og_type":"article","og_title":"Info ja liput - Elamuskeskus - PROTO avastustehas","og_description":"HINNAT: T\u00e4ysi lippu yhdelle hengelle maksaa 14 euroa. Perhelippu maksaa 32 euroa. Alle 6-vuotiaat p\u00e4\u00e4sev\u00e4t sis\u00e4\u00e4n ilmaiseksi. \u27a4 Katso lis\u00e4\u00e4!","og_url":"https:\/\/www.prototehas.ee\/fi\/liput\/","og_site_name":"PROTO avastustehas","article_publisher":"https:\/\/www.facebook.com\/prototehas\/","article_modified_time":"2025-07-14T10:47:15+00:00","twitter_card":"summary_large_image","twitter_misc":{"Arvioitu lukuaika":"3 minuuttia"},"schema":{"@context":"https:\/\/schema.org","@graph":[{"@type":"WebPage","@id":"https:\/\/www.prototehas.ee\/fi\/liput\/","url":"https:\/\/www.prototehas.ee\/fi\/liput\/","name":"Info ja liput - Elamuskeskus - PROTO avastustehas","isPartOf":{"@id":"https:\/\/www.prototehas.ee\/fi\/#website"},"datePublished":"2019-10-09T19:07:54+00:00","dateModified":"2025-07-14T10:47:15+00:00","description":"HINNAT: T\u00e4ysi lippu yhdelle hengelle maksaa 14 euroa. Perhelippu maksaa 32 euroa. Alle 6-vuotiaat p\u00e4\u00e4sev\u00e4t sis\u00e4\u00e4n ilmaiseksi. \u27a4 Katso lis\u00e4\u00e4!","breadcrumb":{"@id":"https:\/\/www.prototehas.ee\/fi\/liput\/#breadcrumb"},"inLanguage":"fi","potentialAction":[{"@type":"ReadAction","target":["https:\/\/www.prototehas.ee\/fi\/liput\/"]}]},{"@type":"BreadcrumbList","@id":"https:\/\/www.prototehas.ee\/fi\/liput\/#breadcrumb","itemListElement":[{"@type":"ListItem","position":1,"name":"Avaleht","item":"https:\/\/www.prototehas.ee\/fi\/"},{"@type":"ListItem","position":2,"name":"TIEDOT JA LIPUT"}]},{"@type":"WebSite","@id":"https:\/\/www.prototehas.ee\/fi\/#website","url":"https:\/\/www.prototehas.ee\/fi\/","name":"PROTO avastustehas","description":"Where science meets fantasy","publisher":{"@id":"https:\/\/www.prototehas.ee\/fi\/#organization"},"potentialAction":[{"@type":"SearchAction","target":{"@type":"EntryPoint","urlTemplate":"https:\/\/www.prototehas.ee\/fi\/?s={search_term_string}"},"query-input":{"@type":"PropertyValueSpecification","valueRequired":true,"valueName":"search_term_string"}}],"inLanguage":"fi"},{"@type":"Organization","@id":"https:\/\/www.prototehas.ee\/fi\/#organization","name":"PROTO avastustehas","url":"https:\/\/www.prototehas.ee\/fi\/","logo":{"@type":"ImageObject","inLanguage":"fi","@id":"https:\/\/www.prototehas.ee\/fi\/#\/schema\/logo\/image\/","url":"https:\/\/www.prototehas.ee\/wp-content\/uploads\/2019\/10\/prototehas_logo_et_2.svg","contentUrl":"https:\/\/www.prototehas.ee\/wp-content\/uploads\/2019\/10\/prototehas_logo_et_2.svg","width":100,"height":100,"caption":"PROTO avastustehas"},"image":{"@id":"https:\/\/www.prototehas.ee\/fi\/#\/schema\/logo\/image\/"},"sameAs":["https:\/\/www.facebook.com\/prototehas\/"]}]}},"_links":{"self":[{"href":"https:\/\/www.prototehas.ee\/fi\/wp-json\/wp\/v2\/pages\/2936","targetHints":{"allow":["GET"]}}],"collection":[{"href":"https:\/\/www.prototehas.ee\/fi\/wp-json\/wp\/v2\/pages"}],"about":[{"href":"https:\/\/www.prototehas.ee\/fi\/wp-json\/wp\/v2\/types\/page"}],"author":[{"embeddable":true,"href":"https:\/\/www.prototehas.ee\/fi\/wp-json\/wp\/v2\/users\/15"}],"replies":[{"embeddable":true,"href":"https:\/\/www.prototehas.ee\/fi\/wp-json\/wp\/v2\/comments?post=2936"}],"version-history":[{"count":5,"href":"https:\/\/www.prototehas.ee\/fi\/wp-json\/wp\/v2\/pages\/2936\/revisions"}],"predecessor-version":[{"id":34438,"href":"https:\/\/www.prototehas.ee\/fi\/wp-json\/wp\/v2\/pages\/2936\/revisions\/34438"}],"wp:attachment":[{"href":"https:\/\/www.prototehas.ee\/fi\/wp-json\/wp\/v2\/media?parent=2936"}],"curies":[{"name":"wp","href":"https:\/\/api.w.org\/{rel}","templated":true}]}}