{"id":3159,"date":"2019-10-14T07:37:07","date_gmt":"2019-10-14T07:37:07","guid":{"rendered":"http:\/\/protodev.ee\/?page_id=3159"},"modified":"2020-11-03T06:51:37","modified_gmt":"2020-11-03T06:51:37","slug":"info","status":"publish","type":"page","link":"https:\/\/www.prototehas.ee\/fi\/info\/","title":{"rendered":"INFO"},"content":{"rendered":"[et_pb_section fb_built=&#8221;1&#8243; _builder_version=&#8221;4.0.7&#8243; background_image=&#8221;https:\/\/www.prototehas.ee\/wp-content\/uploads\/2020\/02\/Fujifilm_Panorama3-2.jpg&#8221; custom_padding=&#8221;1em||8em||false|false&#8221;][et_pb_row use_custom_gutter=&#8221;on&#8221; _builder_version=&#8221;3.26.5&#8243; width=&#8221;85%&#8221; max_width=&#8221;100%&#8221; custom_margin_tablet=&#8221;&#8221; custom_margin_phone=&#8221;&#8221; custom_margin_last_edited=&#8221;on|phone&#8221;][et_pb_column type=&#8221;4_4&#8243; _builder_version=&#8221;3.26.5&#8243; custom_padding=&#8221;|||||true&#8221; custom_padding_tablet=&#8221;|0px||0px|false|true&#8221; custom_padding_phone=&#8221;&#8221; custom_padding_last_edited=&#8221;on|desktop&#8221;][\/et_pb_column][\/et_pb_row][\/et_pb_section][et_pb_section fb_built=&#8221;1&#8243; _builder_version=&#8221;3.26.5&#8243; background_image=&#8221;https:\/\/www.prototehas.ee\/wp-content\/uploads\/2019\/09\/foundpaper31.jpg&#8221;][et_pb_row column_structure=&#8221;1_2,1_2&#8243; _builder_version=&#8221;4.0.7&#8243;][et_pb_column type=&#8221;1_2&#8243; _builder_version=&#8221;4.0.7&#8243;][et_pb_text module_class=&#8221;regular-text-header&#8221; _builder_version=&#8221;4.0.7&#8243; header_2_font=&#8221;Amsi Pro Condensed Black|||on|||||&#8221; header_2_font_size=&#8221;24px&#8221; hover_enabled=&#8221;0&#8243;]<h2>INFO<\/h2>\n[\/et_pb_text][et_pb_text module_class=&#8221;regular-text&#8221; _builder_version=&#8221;4.0.7&#8243; text_font=&#8221;Amsi Pro Narrow Regular||||||||&#8221; text_text_color=&#8221;#000000&#8243; text_font_size=&#8221;16px&#8221; text_line_height=&#8221;21px&#8221; hover_enabled=&#8221;0&#8243; locked=&#8221;off&#8221;]<p>Koko perheen matkakohde keksint\u00f6tehdas \u201dPROTO\u201d sijaitsee Noblessnerin valimorakennuksessa. Projekti on saanut rahoitusta Euroopan aluekehitysrahastolta yhteens\u00e4 2,4 miljoonaa euroa.<\/p>\n<p>Kansainv\u00e4lisen koko perheen matkailukohteen tavoitteena on lis\u00e4t\u00e4 matkailua Virossa, houkutella ulkomailta saapuvia matkailijoita Viroon ja lis\u00e4t\u00e4 tietoisuutta Virosta matkailukohteena kansainv\u00e4lisill\u00e4 markkinoilla.<\/p>\n[\/et_pb_text][\/et_pb_column][et_pb_column type=&#8221;1_2&#8243; _builder_version=&#8221;4.0.7&#8243;][et_pb_image src=&#8221;https:\/\/www.prototehas.ee\/wp-content\/uploads\/2020\/02\/eu_regional_development_fund_horizontal-1-6.png&#8221; module_class=&#8221;img-on-right-text-row&#8221; _builder_version=&#8221;4.0.7&#8243; hover_enabled=&#8221;0&#8243;][\/et_pb_image][\/et_pb_column][\/et_pb_row][\/et_pb_section]<span class=\"et_bloom_bottom_trigger\"><\/span>","protected":false},"excerpt":{"rendered":"<p>INFO Koko perheen matkakohde keksint\u00f6tehdas \u201dPROTO\u201d sijaitsee Noblessnerin valimorakennuksessa. Projekti on saanut rahoitusta Euroopan aluekehitysrahastolta yhteens\u00e4 2,4 miljoonaa euroa. Kansainv\u00e4lisen koko perheen matkailukohteen tavoitteena on lis\u00e4t\u00e4 matkailua Virossa, houkutella ulkomailta saapuvia matkailijoita Viroon ja lis\u00e4t\u00e4 tietoisuutta Virosta matkailukohteena kansainv\u00e4lisill\u00e4 markkinoilla.<\/p>\n","protected":false},"author":6,"featured_media":0,"parent":0,"menu_order":0,"comment_status":"closed","ping_status":"closed","template":"","meta":{"_acf_changed":false,"_et_pb_use_builder":"on","_et_pb_old_content":"","_et_gb_content_width":"","inline_featured_image":false,"footnotes":""},"class_list":["post-3159","page","type-page","status-publish","hentry"],"acf":[],"yoast_head":"<!-- This site is optimized with the Yoast SEO plugin v26.9 - https:\/\/yoast.com\/product\/yoast-seo-wordpress\/ -->\n<title>INFO - PROTO avastustehas<\/title>\n<meta name=\"robots\" content=\"index, follow, max-snippet:-1, max-image-preview:large, max-video-preview:-1\" \/>\n<link rel=\"canonical\" href=\"https:\/\/www.prototehas.ee\/fi\/info\/\" \/>\n<meta property=\"og:locale\" content=\"fi_FI\" \/>\n<meta property=\"og:type\" content=\"article\" \/>\n<meta property=\"og:title\" content=\"INFO - PROTO avastustehas\" \/>\n<meta property=\"og:description\" content=\"INFO Koko perheen matkakohde keksint\u00f6tehdas \u201dPROTO\u201d sijaitsee Noblessnerin valimorakennuksessa. Projekti on saanut rahoitusta Euroopan aluekehitysrahastolta yhteens\u00e4 2,4 miljoonaa euroa. Kansainv\u00e4lisen koko perheen matkailukohteen tavoitteena on lis\u00e4t\u00e4 matkailua Virossa, houkutella ulkomailta saapuvia matkailijoita Viroon ja lis\u00e4t\u00e4 tietoisuutta Virosta matkailukohteena kansainv\u00e4lisill\u00e4 markkinoilla.\" \/>\n<meta property=\"og:url\" content=\"https:\/\/www.prototehas.ee\/fi\/info\/\" \/>\n<meta property=\"og:site_name\" content=\"PROTO avastustehas\" \/>\n<meta property=\"article:publisher\" content=\"https:\/\/www.facebook.com\/prototehas\/\" \/>\n<meta property=\"article:modified_time\" content=\"2020-11-03T06:51:37+00:00\" \/>\n<meta name=\"twitter:card\" content=\"summary_large_image\" \/>\n<meta name=\"twitter:label1\" content=\"Arvioitu lukuaika\" \/>\n\t<meta name=\"twitter:data1\" content=\"1 minuutti\" \/>\n<script type=\"application\/ld+json\" class=\"yoast-schema-graph\">{\"@context\":\"https:\/\/schema.org\",\"@graph\":[{\"@type\":\"WebPage\",\"@id\":\"https:\/\/www.prototehas.ee\/fi\/info\/\",\"url\":\"https:\/\/www.prototehas.ee\/fi\/info\/\",\"name\":\"INFO - PROTO avastustehas\",\"isPartOf\":{\"@id\":\"https:\/\/www.prototehas.ee\/fi\/#website\"},\"datePublished\":\"2019-10-14T07:37:07+00:00\",\"dateModified\":\"2020-11-03T06:51:37+00:00\",\"breadcrumb\":{\"@id\":\"https:\/\/www.prototehas.ee\/fi\/info\/#breadcrumb\"},\"inLanguage\":\"fi\",\"potentialAction\":[{\"@type\":\"ReadAction\",\"target\":[\"https:\/\/www.prototehas.ee\/fi\/info\/\"]}]},{\"@type\":\"BreadcrumbList\",\"@id\":\"https:\/\/www.prototehas.ee\/fi\/info\/#breadcrumb\",\"itemListElement\":[{\"@type\":\"ListItem\",\"position\":1,\"name\":\"Avaleht\",\"item\":\"https:\/\/www.prototehas.ee\/fi\/\"},{\"@type\":\"ListItem\",\"position\":2,\"name\":\"INFO\"}]},{\"@type\":\"WebSite\",\"@id\":\"https:\/\/www.prototehas.ee\/fi\/#website\",\"url\":\"https:\/\/www.prototehas.ee\/fi\/\",\"name\":\"PROTO avastustehas\",\"description\":\"Where science meets fantasy\",\"publisher\":{\"@id\":\"https:\/\/www.prototehas.ee\/fi\/#organization\"},\"potentialAction\":[{\"@type\":\"SearchAction\",\"target\":{\"@type\":\"EntryPoint\",\"urlTemplate\":\"https:\/\/www.prototehas.ee\/fi\/?s={search_term_string}\"},\"query-input\":{\"@type\":\"PropertyValueSpecification\",\"valueRequired\":true,\"valueName\":\"search_term_string\"}}],\"inLanguage\":\"fi\"},{\"@type\":\"Organization\",\"@id\":\"https:\/\/www.prototehas.ee\/fi\/#organization\",\"name\":\"PROTO avastustehas\",\"url\":\"https:\/\/www.prototehas.ee\/fi\/\",\"logo\":{\"@type\":\"ImageObject\",\"inLanguage\":\"fi\",\"@id\":\"https:\/\/www.prototehas.ee\/fi\/#\/schema\/logo\/image\/\",\"url\":\"https:\/\/www.prototehas.ee\/wp-content\/uploads\/2019\/10\/prototehas_logo_et_2.svg\",\"contentUrl\":\"https:\/\/www.prototehas.ee\/wp-content\/uploads\/2019\/10\/prototehas_logo_et_2.svg\",\"width\":100,\"height\":100,\"caption\":\"PROTO avastustehas\"},\"image\":{\"@id\":\"https:\/\/www.prototehas.ee\/fi\/#\/schema\/logo\/image\/\"},\"sameAs\":[\"https:\/\/www.facebook.com\/prototehas\/\"]}]}<\/script>\n<!-- \/ Yoast SEO plugin. -->","yoast_head_json":{"title":"INFO - PROTO avastustehas","robots":{"index":"index","follow":"follow","max-snippet":"max-snippet:-1","max-image-preview":"max-image-preview:large","max-video-preview":"max-video-preview:-1"},"canonical":"https:\/\/www.prototehas.ee\/fi\/info\/","og_locale":"fi_FI","og_type":"article","og_title":"INFO - PROTO avastustehas","og_description":"INFO Koko perheen matkakohde keksint\u00f6tehdas \u201dPROTO\u201d sijaitsee Noblessnerin valimorakennuksessa. Projekti on saanut rahoitusta Euroopan aluekehitysrahastolta yhteens\u00e4 2,4 miljoonaa euroa. Kansainv\u00e4lisen koko perheen matkailukohteen tavoitteena on lis\u00e4t\u00e4 matkailua Virossa, houkutella ulkomailta saapuvia matkailijoita Viroon ja lis\u00e4t\u00e4 tietoisuutta Virosta matkailukohteena kansainv\u00e4lisill\u00e4 markkinoilla.","og_url":"https:\/\/www.prototehas.ee\/fi\/info\/","og_site_name":"PROTO avastustehas","article_publisher":"https:\/\/www.facebook.com\/prototehas\/","article_modified_time":"2020-11-03T06:51:37+00:00","twitter_card":"summary_large_image","twitter_misc":{"Arvioitu lukuaika":"1 minuutti"},"schema":{"@context":"https:\/\/schema.org","@graph":[{"@type":"WebPage","@id":"https:\/\/www.prototehas.ee\/fi\/info\/","url":"https:\/\/www.prototehas.ee\/fi\/info\/","name":"INFO - PROTO avastustehas","isPartOf":{"@id":"https:\/\/www.prototehas.ee\/fi\/#website"},"datePublished":"2019-10-14T07:37:07+00:00","dateModified":"2020-11-03T06:51:37+00:00","breadcrumb":{"@id":"https:\/\/www.prototehas.ee\/fi\/info\/#breadcrumb"},"inLanguage":"fi","potentialAction":[{"@type":"ReadAction","target":["https:\/\/www.prototehas.ee\/fi\/info\/"]}]},{"@type":"BreadcrumbList","@id":"https:\/\/www.prototehas.ee\/fi\/info\/#breadcrumb","itemListElement":[{"@type":"ListItem","position":1,"name":"Avaleht","item":"https:\/\/www.prototehas.ee\/fi\/"},{"@type":"ListItem","position":2,"name":"INFO"}]},{"@type":"WebSite","@id":"https:\/\/www.prototehas.ee\/fi\/#website","url":"https:\/\/www.prototehas.ee\/fi\/","name":"PROTO avastustehas","description":"Where science meets fantasy","publisher":{"@id":"https:\/\/www.prototehas.ee\/fi\/#organization"},"potentialAction":[{"@type":"SearchAction","target":{"@type":"EntryPoint","urlTemplate":"https:\/\/www.prototehas.ee\/fi\/?s={search_term_string}"},"query-input":{"@type":"PropertyValueSpecification","valueRequired":true,"valueName":"search_term_string"}}],"inLanguage":"fi"},{"@type":"Organization","@id":"https:\/\/www.prototehas.ee\/fi\/#organization","name":"PROTO avastustehas","url":"https:\/\/www.prototehas.ee\/fi\/","logo":{"@type":"ImageObject","inLanguage":"fi","@id":"https:\/\/www.prototehas.ee\/fi\/#\/schema\/logo\/image\/","url":"https:\/\/www.prototehas.ee\/wp-content\/uploads\/2019\/10\/prototehas_logo_et_2.svg","contentUrl":"https:\/\/www.prototehas.ee\/wp-content\/uploads\/2019\/10\/prototehas_logo_et_2.svg","width":100,"height":100,"caption":"PROTO avastustehas"},"image":{"@id":"https:\/\/www.prototehas.ee\/fi\/#\/schema\/logo\/image\/"},"sameAs":["https:\/\/www.facebook.com\/prototehas\/"]}]}},"_links":{"self":[{"href":"https:\/\/www.prototehas.ee\/fi\/wp-json\/wp\/v2\/pages\/3159","targetHints":{"allow":["GET"]}}],"collection":[{"href":"https:\/\/www.prototehas.ee\/fi\/wp-json\/wp\/v2\/pages"}],"about":[{"href":"https:\/\/www.prototehas.ee\/fi\/wp-json\/wp\/v2\/types\/page"}],"author":[{"embeddable":true,"href":"https:\/\/www.prototehas.ee\/fi\/wp-json\/wp\/v2\/users\/6"}],"replies":[{"embeddable":true,"href":"https:\/\/www.prototehas.ee\/fi\/wp-json\/wp\/v2\/comments?post=3159"}],"version-history":[{"count":0,"href":"https:\/\/www.prototehas.ee\/fi\/wp-json\/wp\/v2\/pages\/3159\/revisions"}],"wp:attachment":[{"href":"https:\/\/www.prototehas.ee\/fi\/wp-json\/wp\/v2\/media?parent=3159"}],"curies":[{"name":"wp","href":"https:\/\/api.w.org\/{rel}","templated":true}]}}