{"id":4405,"date":"2019-10-09T19:24:57","date_gmt":"2019-10-09T19:24:57","guid":{"rendered":"http:\/\/protodev.ee\/?page_id=4405"},"modified":"2026-03-02T10:30:31","modified_gmt":"2026-03-02T10:30:31","slug":"kahvila","status":"publish","type":"page","link":"https:\/\/www.prototehas.ee\/fi\/kahvila\/","title":{"rendered":"KAHVILA"},"content":{"rendered":"[et_pb_section fb_built=&#8221;1&#8243; _builder_version=&#8221;4.16&#8243; background_image=&#8221;https:\/\/www.prototehas.ee\/wp-content\/uploads\/2021\/04\/kohvik-web.jpg&#8221; custom_margin=&#8221;0px||||false|false&#8221; custom_padding=&#8221;13em||13em||true|false&#8221; global_colors_info=&#8221;{}&#8221;][\/et_pb_section][et_pb_section fb_built=&#8221;1&#8243; _builder_version=&#8221;4.16&#8243; background_color=&#8221;#fff0d9&#8243; background_enable_image=&#8221;off&#8221; global_colors_info=&#8221;{}&#8221;][et_pb_row admin_label=&#8221;P\u00e4\u00e4otsikko&#8221; _builder_version=&#8221;4.24.2&#8243; _module_preset=&#8221;default&#8221; global_colors_info=&#8221;{}&#8221;][et_pb_column type=&#8221;4_4&#8243; _builder_version=&#8221;4.24.2&#8243; _module_preset=&#8221;default&#8221; global_colors_info=&#8221;{}&#8221;][et_pb_heading title=&#8221;PROTO-KAHVILA&#8221; _builder_version=&#8221;4.24.2&#8243; _module_preset=&#8221;c9a4dd29-8345-43ea-bd4d-e73ae35e5717&#8243; global_colors_info=&#8221;{}&#8221;][\/et_pb_heading][\/et_pb_column][\/et_pb_row][et_pb_row column_structure=&#8221;1_2,1_2&#8243; use_custom_gutter=&#8221;on&#8221; gutter_width=&#8221;1&#8243; make_equal=&#8221;on&#8221; admin_label=&#8221;Korttikuva oikealla&#8221; _builder_version=&#8221;4.24.2&#8243; _module_preset=&#8221;default&#8221; background_color=&#8221;#FFFFFF&#8221; custom_margin=&#8221;25px||25px||false|false&#8221; custom_padding=&#8221;0px||0px||false|false&#8221; border_radii=&#8221;on|20px|20px|20px|20px&#8221; global_colors_info=&#8221;{}&#8221; custom_css_main_element_last_edited=&#8221;on|tablet&#8221;][et_pb_column type=&#8221;1_2&#8243; _builder_version=&#8221;4.24.2&#8243; _module_preset=&#8221;default&#8221; custom_padding=&#8221;|30px||30px|false|false&#8221; global_colors_info=&#8221;{}&#8221;][et_pb_text _builder_version=&#8221;4.24.2&#8243; _module_preset=&#8221;e179c0c4-c115-407d-a110-ebe813713cd6&#8243; custom_margin=&#8221;|0px|||false|false&#8221; custom_padding=&#8221;60px||30px|0px|false|false&#8221; global_colors_info=&#8221;{}&#8221;]<p><strong>Keksint\u00f6tehdas PROTO kahvila sijaitsee keskuksen ensimm\u00e4isess\u00e4 kerroksessa osoitteessa Peetri 10. Tule nauttimaan hyvist\u00e4 mauista paikan p\u00e4\u00e4ll\u00e4 tai nappaa mukaan ruokaa kotiin\/toimistolle. <\/strong><\/p>\n<p>Kahvilamme toivottaa tervetulleiksi kaikki seikkailijat ja tiedemiehet, jotka henkisen tutkimuksensa lis\u00e4ksi tarvitsevat my\u00f6s fyysist\u00e4 ravintoa. Kahvilalla on erillinen sis\u00e4\u00e4nk\u00e4ynti kadulta, ja se on avoinna my\u00f6s kaikille, jotka etsiv\u00e4t herkullista lounasta tai mukavaa kahvipaikkaa.<\/p>\n<p><strong>KAHVILAN AUKIOLOAJAT:<\/strong><br \/><strong>Ma 11<\/strong> <span>:30-15:00<\/span><br \/><strong>SU<\/strong> <span>11:30-17:00<\/span><br \/><strong>La-<\/strong> <strong>Su<\/strong> <span>11:30-18:00<\/span><\/p>\n<p><a href=\"https:\/\/www.prototehas.ee\/en\/daily-offers\/\"><strong>KATSO P\u00c4IV\u00c4N RUOKALISTA &gt;&gt;&gt;<\/strong><\/a><\/p>\n<p>&nbsp;<\/p>[\/et_pb_text][\/et_pb_column][et_pb_column type=&#8221;1_2&#8243; _builder_version=&#8221;4.24.2&#8243; _module_preset=&#8221;default&#8221; global_colors_info=&#8221;{}&#8221;][et_pb_image src=&#8221;https:\/\/www.prototehas.ee\/wp-content\/uploads\/2024\/04\/Proto-2-19-1024&#215;683-1.jpg&#8221; alt=&#8221;PROTO-kahvilan p\u00e4iv\u00e4n tarjoukset&#8221; title_text=&#8221;PROTO-kahvila&#8221; show_bottom_space=&#8221;off&#8221; module_class=&#8221;pa-full-height-image-column&#8221; _builder_version=&#8221;4.24.2&#8243; _module_preset=&#8221;default&#8221; global_colors_info=&#8221;{}&#8221;][\/et_pb_image][\/et_pb_column][\/et_pb_row][et_pb_row column_structure=&#8221;1_2,1_2&#8243; admin_label=&#8221;Kortin kuva vasemmalla&#8221; _builder_version=&#8221;4.24.2&#8243; _module_preset=&#8221;90498953-537a-45d8-96c9-83e32ef8ef4e&#8221; custom_margin=&#8221;25px||25px||false|false&#8221; saved_tabs=&#8221;all&#8221; global_colors_info=&#8221;{}&#8221;][et_pb_column type=&#8221;1_2&#8243; _builder_version=&#8221;4.24.2&#8243; _module_preset=&#8221;default&#8221; global_colors_info=&#8221;{}&#8221;][et_pb_image src=&#8221;https:\/\/www.prototehas.ee\/wp-content\/uploads\/2021\/04\/web_paevapakkumised_201120.jpg&#8221; alt=&#8221;PROTO-kahvila ja pitopalvelu&#8221; title_text=&#8221;PROTO-kahvila&#8221; show_bottom_space=&#8221;off&#8221; module_class=&#8221;pa-full-height-image-column&#8221; _builder_version=&#8221;4.24.2&#8243; _module_preset=&#8221;default&#8221; global_colors_info=&#8221;{}&#8221;][\/et_pb_image][\/et_pb_column][et_pb_column type=&#8221;1_2&#8243; _builder_version=&#8221;4.24.2&#8243; _module_preset=&#8221;default&#8221; custom_padding=&#8221;|30px||30px|false|false&#8221; global_colors_info=&#8221;{}&#8221;][et_pb_text _builder_version=&#8221;4.24.2&#8243; _module_preset=&#8221;e179c0c4-c115-407d-a110-ebe813713cd6&#8243; min_height=&#8221;410.4px&#8221; custom_margin=&#8221;|0px|||false|false&#8221; custom_padding=&#8221;40px||30px|0px|false|false&#8221; global_colors_info=&#8221;{}&#8221;]<p>Tehdaskeitti\u00f6 on kuin tehdas itse \u2013 yhdist\u00e4en maailman eri osia ja parhaat maut. Kahvilan ruokalista koostuu yksinkertaisista ja nopeasti valmistettavista herkuista, jotka valmistetaan aina tuoreista raaka-aineista niin sanotun slow fast food -periaatteen mukaisesti. Esimerkiksi ruokalistallamme on tuoreita salaatteja, smoothieita, voileipi\u00e4, piirakoita sek\u00e4 lounaaksi pihvi\u00e4 ja keittoa. Tule sy\u00f6m\u00e4\u00e4n paikan p\u00e4\u00e4ll\u00e4 tai tilaa ruokaa Bold Foodilta kotiisi tai toimistollesi.<\/p>\n<p>Kahvila tarjoilee my\u00f6s kahvitaukojen v\u00e4lipaloja tilauksesta ja kokoaa juhlavia illallismenuja. <strong>Lis\u00e4tietoja pitopalvelusta l\u00f6yd\u00e4t <a href=\"https:\/\/www.prototehas.ee\/en\/catering\/\">T\u00c4\u00c4LT\u00c4.<\/a><\/strong><\/p>\n<p><strong>Pyyd\u00e4 tarjous:<br \/><a href=\"mailto:booking@protofactory.ee\">booking@protofactory.ee<\/a><\/strong><\/p>[\/et_pb_text][\/et_pb_column][\/et_pb_row][et_pb_row _builder_version=&#8221;4.24.2&#8243; _module_preset=&#8221;default&#8221; min_height=&#8221;99px&#8221; global_colors_info=&#8221;{}&#8221;][et_pb_column type=&#8221;4_4&#8243; _builder_version=&#8221;4.24.2&#8243; _module_preset=&#8221;default&#8221; global_colors_info=&#8221;{}&#8221;][\/et_pb_column][\/et_pb_row][\/et_pb_section]<span class=\"et_bloom_bottom_trigger\"><\/span>","protected":false},"excerpt":{"rendered":"<p>Keksint\u00f6tehdas PROTO kahvila sijaitsee keskuksen ensimm\u00e4isess\u00e4 kerroksessa osoitteessa Peetri 10. Tule nauttimaan hyvist\u00e4 mauista paikan p\u00e4\u00e4ll\u00e4 tai nappaa mukaan ruokaa kotiin\/toimistolle. Kahvilamme toivottaa tervetulleiksi kaikki seikkailijat ja tiedemiehet, jotka henkisen tutkimuksensa lis\u00e4ksi tarvitsevat my\u00f6s fyysist\u00e4 ravintoa. Kahvilalla on erillinen sis\u00e4\u00e4nk\u00e4ynti kadulta, ja se on avoinna my\u00f6s kaikille, jotka etsiv\u00e4t herkullista lounasta tai mukavaa kahvipaikkaa. KAHVILAN [&hellip;]<\/p>\n","protected":false},"author":15,"featured_media":0,"parent":0,"menu_order":0,"comment_status":"closed","ping_status":"closed","template":"","meta":{"_acf_changed":false,"_et_pb_use_builder":"on","_et_pb_old_content":"","_et_gb_content_width":"","inline_featured_image":false,"footnotes":""},"class_list":["post-4405","page","type-page","status-publish","hentry"],"acf":[],"yoast_head":"<!-- This site is optimized with the Yoast SEO plugin v26.9 - https:\/\/yoast.com\/product\/yoast-seo-wordpress\/ -->\n<title>PROTO-kahvila | Lounastarjoukset | PROTO Discovery Factory<\/title>\n<meta name=\"description\" content=\"PROTO-kahvila tarjoaa herkullista ja terveellist\u00e4 ruokaa joka p\u00e4iv\u00e4 kohtuulliseen hintaan. Tilaa mukaan tai tule paikan p\u00e4\u00e4lle!\" \/>\n<meta name=\"robots\" content=\"index, follow, max-snippet:-1, max-image-preview:large, max-video-preview:-1\" \/>\n<link rel=\"canonical\" href=\"https:\/\/www.prototehas.ee\/fi\/kahvila\/\" \/>\n<meta property=\"og:locale\" content=\"fi_FI\" \/>\n<meta property=\"og:type\" content=\"article\" \/>\n<meta property=\"og:title\" content=\"PROTO-kahvila | Lounastarjoukset | PROTO Discovery Factory\" \/>\n<meta property=\"og:description\" content=\"PROTO-kahvila tarjoaa herkullista ja terveellist\u00e4 ruokaa joka p\u00e4iv\u00e4 kohtuulliseen hintaan. Tilaa mukaan tai tule paikan p\u00e4\u00e4lle!\" \/>\n<meta property=\"og:url\" content=\"https:\/\/www.prototehas.ee\/fi\/kahvila\/\" \/>\n<meta property=\"og:site_name\" content=\"PROTO avastustehas\" \/>\n<meta property=\"article:publisher\" content=\"https:\/\/www.facebook.com\/prototehas\/\" \/>\n<meta property=\"article:modified_time\" content=\"2026-03-02T10:30:31+00:00\" \/>\n<meta name=\"twitter:card\" content=\"summary_large_image\" \/>\n<meta name=\"twitter:label1\" content=\"Arvioitu lukuaika\" \/>\n\t<meta name=\"twitter:data1\" content=\"2 minuuttia\" \/>\n<script type=\"application\/ld+json\" class=\"yoast-schema-graph\">{\"@context\":\"https:\/\/schema.org\",\"@graph\":[{\"@type\":\"WebPage\",\"@id\":\"https:\/\/www.prototehas.ee\/fi\/kahvila\/\",\"url\":\"https:\/\/www.prototehas.ee\/fi\/kahvila\/\",\"name\":\"PROTO-kahvila | Lounastarjoukset | PROTO Discovery Factory\",\"isPartOf\":{\"@id\":\"https:\/\/www.prototehas.ee\/fi\/#website\"},\"datePublished\":\"2019-10-09T19:24:57+00:00\",\"dateModified\":\"2026-03-02T10:30:31+00:00\",\"description\":\"PROTO-kahvila tarjoaa herkullista ja terveellist\u00e4 ruokaa joka p\u00e4iv\u00e4 kohtuulliseen hintaan. Tilaa mukaan tai tule paikan p\u00e4\u00e4lle!\",\"breadcrumb\":{\"@id\":\"https:\/\/www.prototehas.ee\/fi\/kahvila\/#breadcrumb\"},\"inLanguage\":\"fi\",\"potentialAction\":[{\"@type\":\"ReadAction\",\"target\":[\"https:\/\/www.prototehas.ee\/fi\/kahvila\/\"]}]},{\"@type\":\"BreadcrumbList\",\"@id\":\"https:\/\/www.prototehas.ee\/fi\/kahvila\/#breadcrumb\",\"itemListElement\":[{\"@type\":\"ListItem\",\"position\":1,\"name\":\"Avaleht\",\"item\":\"https:\/\/www.prototehas.ee\/fi\/\"},{\"@type\":\"ListItem\",\"position\":2,\"name\":\"KAHVILA\"}]},{\"@type\":\"WebSite\",\"@id\":\"https:\/\/www.prototehas.ee\/fi\/#website\",\"url\":\"https:\/\/www.prototehas.ee\/fi\/\",\"name\":\"PROTO avastustehas\",\"description\":\"Where science meets fantasy\",\"publisher\":{\"@id\":\"https:\/\/www.prototehas.ee\/fi\/#organization\"},\"potentialAction\":[{\"@type\":\"SearchAction\",\"target\":{\"@type\":\"EntryPoint\",\"urlTemplate\":\"https:\/\/www.prototehas.ee\/fi\/?s={search_term_string}\"},\"query-input\":{\"@type\":\"PropertyValueSpecification\",\"valueRequired\":true,\"valueName\":\"search_term_string\"}}],\"inLanguage\":\"fi\"},{\"@type\":\"Organization\",\"@id\":\"https:\/\/www.prototehas.ee\/fi\/#organization\",\"name\":\"PROTO avastustehas\",\"url\":\"https:\/\/www.prototehas.ee\/fi\/\",\"logo\":{\"@type\":\"ImageObject\",\"inLanguage\":\"fi\",\"@id\":\"https:\/\/www.prototehas.ee\/fi\/#\/schema\/logo\/image\/\",\"url\":\"https:\/\/www.prototehas.ee\/wp-content\/uploads\/2019\/10\/prototehas_logo_et_2.svg\",\"contentUrl\":\"https:\/\/www.prototehas.ee\/wp-content\/uploads\/2019\/10\/prototehas_logo_et_2.svg\",\"width\":100,\"height\":100,\"caption\":\"PROTO avastustehas\"},\"image\":{\"@id\":\"https:\/\/www.prototehas.ee\/fi\/#\/schema\/logo\/image\/\"},\"sameAs\":[\"https:\/\/www.facebook.com\/prototehas\/\"]}]}<\/script>\n<!-- \/ Yoast SEO plugin. -->","yoast_head_json":{"title":"PROTO-kahvila | Lounastarjoukset | PROTO Discovery Factory","description":"PROTO-kahvila tarjoaa herkullista ja terveellist\u00e4 ruokaa joka p\u00e4iv\u00e4 kohtuulliseen hintaan. Tilaa mukaan tai tule paikan p\u00e4\u00e4lle!","robots":{"index":"index","follow":"follow","max-snippet":"max-snippet:-1","max-image-preview":"max-image-preview:large","max-video-preview":"max-video-preview:-1"},"canonical":"https:\/\/www.prototehas.ee\/fi\/kahvila\/","og_locale":"fi_FI","og_type":"article","og_title":"PROTO-kahvila | Lounastarjoukset | PROTO Discovery Factory","og_description":"PROTO-kahvila tarjoaa herkullista ja terveellist\u00e4 ruokaa joka p\u00e4iv\u00e4 kohtuulliseen hintaan. Tilaa mukaan tai tule paikan p\u00e4\u00e4lle!","og_url":"https:\/\/www.prototehas.ee\/fi\/kahvila\/","og_site_name":"PROTO avastustehas","article_publisher":"https:\/\/www.facebook.com\/prototehas\/","article_modified_time":"2026-03-02T10:30:31+00:00","twitter_card":"summary_large_image","twitter_misc":{"Arvioitu lukuaika":"2 minuuttia"},"schema":{"@context":"https:\/\/schema.org","@graph":[{"@type":"WebPage","@id":"https:\/\/www.prototehas.ee\/fi\/kahvila\/","url":"https:\/\/www.prototehas.ee\/fi\/kahvila\/","name":"PROTO-kahvila | Lounastarjoukset | PROTO Discovery Factory","isPartOf":{"@id":"https:\/\/www.prototehas.ee\/fi\/#website"},"datePublished":"2019-10-09T19:24:57+00:00","dateModified":"2026-03-02T10:30:31+00:00","description":"PROTO-kahvila tarjoaa herkullista ja terveellist\u00e4 ruokaa joka p\u00e4iv\u00e4 kohtuulliseen hintaan. Tilaa mukaan tai tule paikan p\u00e4\u00e4lle!","breadcrumb":{"@id":"https:\/\/www.prototehas.ee\/fi\/kahvila\/#breadcrumb"},"inLanguage":"fi","potentialAction":[{"@type":"ReadAction","target":["https:\/\/www.prototehas.ee\/fi\/kahvila\/"]}]},{"@type":"BreadcrumbList","@id":"https:\/\/www.prototehas.ee\/fi\/kahvila\/#breadcrumb","itemListElement":[{"@type":"ListItem","position":1,"name":"Avaleht","item":"https:\/\/www.prototehas.ee\/fi\/"},{"@type":"ListItem","position":2,"name":"KAHVILA"}]},{"@type":"WebSite","@id":"https:\/\/www.prototehas.ee\/fi\/#website","url":"https:\/\/www.prototehas.ee\/fi\/","name":"PROTO avastustehas","description":"Where science meets fantasy","publisher":{"@id":"https:\/\/www.prototehas.ee\/fi\/#organization"},"potentialAction":[{"@type":"SearchAction","target":{"@type":"EntryPoint","urlTemplate":"https:\/\/www.prototehas.ee\/fi\/?s={search_term_string}"},"query-input":{"@type":"PropertyValueSpecification","valueRequired":true,"valueName":"search_term_string"}}],"inLanguage":"fi"},{"@type":"Organization","@id":"https:\/\/www.prototehas.ee\/fi\/#organization","name":"PROTO avastustehas","url":"https:\/\/www.prototehas.ee\/fi\/","logo":{"@type":"ImageObject","inLanguage":"fi","@id":"https:\/\/www.prototehas.ee\/fi\/#\/schema\/logo\/image\/","url":"https:\/\/www.prototehas.ee\/wp-content\/uploads\/2019\/10\/prototehas_logo_et_2.svg","contentUrl":"https:\/\/www.prototehas.ee\/wp-content\/uploads\/2019\/10\/prototehas_logo_et_2.svg","width":100,"height":100,"caption":"PROTO avastustehas"},"image":{"@id":"https:\/\/www.prototehas.ee\/fi\/#\/schema\/logo\/image\/"},"sameAs":["https:\/\/www.facebook.com\/prototehas\/"]}]}},"_links":{"self":[{"href":"https:\/\/www.prototehas.ee\/fi\/wp-json\/wp\/v2\/pages\/4405","targetHints":{"allow":["GET"]}}],"collection":[{"href":"https:\/\/www.prototehas.ee\/fi\/wp-json\/wp\/v2\/pages"}],"about":[{"href":"https:\/\/www.prototehas.ee\/fi\/wp-json\/wp\/v2\/types\/page"}],"author":[{"embeddable":true,"href":"https:\/\/www.prototehas.ee\/fi\/wp-json\/wp\/v2\/users\/15"}],"replies":[{"embeddable":true,"href":"https:\/\/www.prototehas.ee\/fi\/wp-json\/wp\/v2\/comments?post=4405"}],"version-history":[{"count":5,"href":"https:\/\/www.prototehas.ee\/fi\/wp-json\/wp\/v2\/pages\/4405\/revisions"}],"predecessor-version":[{"id":36488,"href":"https:\/\/www.prototehas.ee\/fi\/wp-json\/wp\/v2\/pages\/4405\/revisions\/36488"}],"wp:attachment":[{"href":"https:\/\/www.prototehas.ee\/fi\/wp-json\/wp\/v2\/media?parent=4405"}],"curies":[{"name":"wp","href":"https:\/\/api.w.org\/{rel}","templated":true}]}}