{"id":4501,"date":"2019-10-16T09:44:58","date_gmt":"2019-10-16T09:44:58","guid":{"rendered":"http:\/\/protodev.ee\/?page_id=4501"},"modified":"2024-06-26T11:06:03","modified_gmt":"2024-06-26T11:06:03","slug":"virtuaalitodellisuus","status":"publish","type":"page","link":"https:\/\/www.prototehas.ee\/fi\/virtuaalitodellisuus\/","title":{"rendered":"VIRTUAALITODELLISUUS"},"content":{"rendered":"[et_pb_section fb_built=&#8221;1&#8243; _builder_version=&#8221;4.16&#8243; background_color=&#8221;#fff0d9&#8243; background_enable_image=&#8221;off&#8221; custom_margin=&#8221;0px||||false|false&#8221; global_colors_info=&#8221;{}&#8221;][et_pb_row admin_label=&#8221;Eesti Maitsed&#8221; _builder_version=&#8221;4.24.2&#8243; _module_preset=&#8221;default&#8221; locked=&#8221;off&#8221; global_colors_info=&#8221;{}&#8221;][et_pb_column type=&#8221;4_4&#8243; _builder_version=&#8221;4.16&#8243; _module_preset=&#8221;default&#8221; global_colors_info=&#8221;{}&#8221;][et_pb_heading title=&#8221;L\u00c4HDE SEIKKAILEMAAN VIRTUAALITODELLISUUTEEN&#8221; _builder_version=&#8221;4.24.2&#8243; _module_preset=&#8221;c9a4dd29-8345-43ea-bd4d-e73ae35e5717&#8243; global_colors_info=&#8221;{}&#8221;][\/et_pb_heading][et_pb_text _builder_version=&#8221;4.24.2&#8243; _module_preset=&#8221;e179c0c4-c115-407d-a110-ebe813713cd6&#8243; custom_padding=&#8221;|90px||90px|false|false&#8221; custom_padding_tablet=&#8221;|20px||20px|false|false&#8221; custom_padding_phone=&#8221;|0px||0px|false|false&#8221; custom_padding_last_edited=&#8221;on|tablet&#8221; global_colors_info=&#8221;{}&#8221;]<p style=\"text-align: center;\">Oletko koskaan porautunut maapallon ytimeen, kiit\u00e4nyt itsekulkevan auton\u00a0 kyydiss\u00e4 tai tutkinut valtameren pohjaa? Keksint\u00f6tehdas toivottaa sinut ja perheesi tervetulleeksi virtuaalitodellisuuden taikamaailmaan \u2013 osallistumaan kymmeneen kiehtovaan seikkailuun ajassa ja tilassa sek\u00e4 entisaikojen tieteilij\u00f6iden\u00a0 mielikuvituksessa.<\/p>[\/et_pb_text][\/et_pb_column][\/et_pb_row][et_pb_row column_structure=&#8221;1_2,1_2&#8243; _builder_version=&#8221;4.24.2&#8243; _module_preset=&#8221;b0bfe118-d88e-44bc-93f2-fff9d7893055&#8243; global_colors_info=&#8221;{}&#8221;][et_pb_column type=&#8221;1_2&#8243; _builder_version=&#8221;4.24.2&#8243; _module_preset=&#8221;default&#8221; global_colors_info=&#8221;{}&#8221;][et_pb_blurb title=&#8221;TAITOA VAATIVA KUUMAILMAPALLO&#8221; url=&#8221;https:\/\/www.prototehas.ee\/fi\/taitoa-vaativa-kuumailmapallo\/&#8221; image=&#8221;https:\/\/www.prototehas.ee\/wp-content\/uploads\/2020\/01\/E01_Kuumaohupall_Triin-Raa-8.jpg&#8221; alt=&#8221;Viguritega kumma\u00f5hupall virtuaalreaalsus&#8221; _builder_version=&#8221;4.24.2&#8243; _module_preset=&#8221;af72a596-a570-448e-9a49-fd7a20402ff3&#8243; hover_enabled=&#8221;0&#8243; custom_css_blurb_image=&#8221;width:100%!important;&#8221; global_colors_info=&#8221;{}&#8221; title__hover_enabled=&#8221;on|hover&#8221; title__hover=&#8221;VIGURITEGA KUUMA\u00d5HUPALL&#8221; custom_css_blurb_title_last_edited=&#8221;on|phone&#8221; custom_css_blurb_title_phone=&#8221;padding-top: 20px !important;&#8221; sticky_enabled=&#8221;0&#8243;][\/et_pb_blurb][\/et_pb_column][et_pb_column type=&#8221;1_2&#8243; _builder_version=&#8221;4.24.2&#8243; _module_preset=&#8221;default&#8221; global_colors_info=&#8221;{}&#8221;][et_pb_blurb title=&#8221;LIITOKONE&#8221; url=&#8221;https:\/\/www.prototehas.ee\/fi\/liitokone\/&#8221; image=&#8221;https:\/\/www.prototehas.ee\/wp-content\/uploads\/2020\/01\/pildid_veebi_519x519px4-10.png&#8221; alt=&#8221;Vabalennumasin virtuaalreaalsus&#8221; _builder_version=&#8221;4.24.2&#8243; _module_preset=&#8221;af72a596-a570-448e-9a49-fd7a20402ff3&#8243; hover_enabled=&#8221;0&#8243; custom_css_blurb_image=&#8221;width:100%!important;&#8221; global_colors_info=&#8221;{}&#8221; title__hover_enabled=&#8221;off|desktop&#8221; title__hover=&#8221;VIGURITEGA KUUMA\u00d5HUPALL&#8221; custom_css_blurb_title_last_edited=&#8221;on|phone&#8221; custom_css_blurb_title_phone=&#8221;padding-top: 20px !important;&#8221; sticky_enabled=&#8221;0&#8243;][\/et_pb_blurb][\/et_pb_column][\/et_pb_row][et_pb_row column_structure=&#8221;1_2,1_2&#8243; use_custom_gutter=&#8221;on&#8221; gutter_width=&#8221;2&#8243; custom_padding_last_edited=&#8221;on|phone&#8221; module_class=&#8221;two-col-mob two-col-tab&#8221; _builder_version=&#8221;4.24.2&#8243; _module_preset=&#8221;default&#8221; width=&#8221;90%&#8221; custom_padding=&#8221;15px||15px||false|false&#8221; custom_padding_tablet=&#8221;||||false|false&#8221; custom_padding_phone=&#8221;||0px||false|false&#8221; custom_css_free_form=&#8221;.et_pb_main_blurb_image {|| margin-bottom: 0px;||}||||.et_pb_blurb_container {|| margin-top: 10px;|| margin-bottom: 15px;||}||||.et_pb_main_blurb_image img {|| height: 450px;|| object-fit: cover;||}||||@media (max-width: 980px) {||.et_pb_main_blurb_image img {|| height: 250px!important;||}||}||||\/*** Responsive Styles Smartphone Only ***\/||@media all and (max-width: 767px) {|| .et_pb_main_blurb_image img {|| height: 200px!important;||}|| ||}&#8221; global_colors_info=&#8221;{}&#8221;][et_pb_column type=&#8221;1_2&#8243; _builder_version=&#8221;4.24.2&#8243; _module_preset=&#8221;default&#8221; global_colors_info=&#8221;{}&#8221;][et_pb_blurb title=&#8221;LENT\u00c4V\u00c4 POLKUPY\u00d6R\u00c4&#8221; url=&#8221;https:\/\/www.prototehas.ee\/fi\/lentava-polkupyora\/&#8221; image=&#8221;https:\/\/www.prototehas.ee\/wp-content\/uploads\/2020\/11\/pildid_veebi_519x519px16-3.png&#8221; alt=&#8221;\u00f5hujalgratas&#8221; _builder_version=&#8221;4.24.2&#8243; _module_preset=&#8221;af72a596-a570-448e-9a49-fd7a20402ff3&#8243; hover_enabled=&#8221;0&#8243; custom_css_blurb_image=&#8221;width:100%!important;&#8221; global_colors_info=&#8221;{}&#8221; title__hover_enabled=&#8221;on|hover&#8221; title__hover=&#8221;\u00d5HUJALGRATAS&#8221; custom_css_blurb_title_phone=&#8221;padding-top: 20px !important;&#8221; custom_css_blurb_title_last_edited=&#8221;on|phone&#8221; sticky_enabled=&#8221;0&#8243;][\/et_pb_blurb][\/et_pb_column][et_pb_column type=&#8221;1_2&#8243; _builder_version=&#8221;4.24.2&#8243; _module_preset=&#8221;default&#8221; global_colors_info=&#8221;{}&#8221;][et_pb_blurb title=&#8221;ITSEKULKEVAT VAUNUT&#8221; url=&#8221;https:\/\/www.prototehas.ee\/fi\/itsekulkevat-vaunut\/&#8221; image=&#8221;https:\/\/www.prototehas.ee\/wp-content\/uploads\/2020\/11\/pildid_veebi_519x519px26-4.png&#8221; alt=&#8221;Ises\u00f5itev vanker&#8221; _builder_version=&#8221;4.24.2&#8243; _module_preset=&#8221;af72a596-a570-448e-9a49-fd7a20402ff3&#8243; hover_enabled=&#8221;0&#8243; custom_css_blurb_image=&#8221;width:100%!important;&#8221; global_colors_info=&#8221;{}&#8221; title__hover_enabled=&#8221;on|hover&#8221; title__hover=&#8221;ISES\u00d5ITEV VANKER&#8221; custom_css_blurb_title_phone=&#8221;padding-top: 20px !important;&#8221; custom_css_blurb_title_last_edited=&#8221;on|phone&#8221; sticky_enabled=&#8221;0&#8243;][\/et_pb_blurb][\/et_pb_column][\/et_pb_row][et_pb_row column_structure=&#8221;1_2,1_2&#8243; use_custom_gutter=&#8221;on&#8221; gutter_width=&#8221;2&#8243; custom_padding_last_edited=&#8221;on|phone&#8221; module_class=&#8221;two-col-mob two-col-tab&#8221; _builder_version=&#8221;4.24.2&#8243; _module_preset=&#8221;default&#8221; width=&#8221;90%&#8221; custom_padding=&#8221;15px||15px||false|false&#8221; custom_padding_tablet=&#8221;||||false|false&#8221; custom_padding_phone=&#8221;||0px||false|false&#8221; custom_css_free_form=&#8221;.et_pb_main_blurb_image {|| margin-bottom: 0px;||}||||.et_pb_blurb_container {|| margin-top: 10px;|| margin-bottom: 15px;||}||||.et_pb_main_blurb_image img {|| height: 450px;|| object-fit: cover;||}||||@media (max-width: 980px) {||.et_pb_main_blurb_image img {|| height: 250px!important;||}||}||||\/*** Responsive Styles Smartphone Only ***\/||@media all and (max-width: 767px) {|| .et_pb_main_blurb_image img {|| height: 200px!important;||}|| ||}&#8221; global_colors_info=&#8221;{}&#8221;][et_pb_column type=&#8221;1_2&#8243; _builder_version=&#8221;4.24.2&#8243; _module_preset=&#8221;default&#8221; global_colors_info=&#8221;{}&#8221;][et_pb_blurb title=&#8221;AJONEUVO MAAN UUMENIIN&#8221; url=&#8221;https:\/\/www.prototehas.ee\/fi\/ajoneuvo-maan-uumeniin\/&#8221; image=&#8221;https:\/\/www.prototehas.ee\/wp-content\/uploads\/2020\/01\/pildid_veebi_519x519px18-14.png&#8221; alt=&#8221;Allmaareiside s\u00f5iduk&#8221; _builder_version=&#8221;4.24.2&#8243; _module_preset=&#8221;af72a596-a570-448e-9a49-fd7a20402ff3&#8243; hover_enabled=&#8221;0&#8243; custom_css_blurb_image=&#8221;width:100%!important;&#8221; global_colors_info=&#8221;{}&#8221; title__hover_enabled=&#8221;on|hover&#8221; title__hover=&#8221;ALLMAAREISIDE S\u00d5IDUK&#8221; custom_css_blurb_title_phone=&#8221;padding-top: 20px !important;&#8221; custom_css_blurb_title_last_edited=&#8221;on|phone&#8221; sticky_enabled=&#8221;0&#8243;][\/et_pb_blurb][\/et_pb_column][et_pb_column type=&#8221;1_2&#8243; _builder_version=&#8221;4.24.2&#8243; _module_preset=&#8221;default&#8221; global_colors_info=&#8221;{}&#8221;][et_pb_blurb title=&#8221;H\u00d6YRYMOOTTORILLA KULKEVAT KILPA-AUTOT&#8221; url=&#8221;https:\/\/www.prototehas.ee\/fi\/hoyrymoottorilla-kulkevat-kilpa-autot\/&#8221; image=&#8221;https:\/\/www.prototehas.ee\/wp-content\/uploads\/2020\/01\/pildid_veebi_519x519px25-13.png&#8221; alt=&#8221;Aurumootoriga vormel&#8221; _builder_version=&#8221;4.24.2&#8243; _module_preset=&#8221;af72a596-a570-448e-9a49-fd7a20402ff3&#8243; hover_enabled=&#8221;0&#8243; custom_css_blurb_image=&#8221;width:100%!important;&#8221; global_colors_info=&#8221;{}&#8221; title__hover_enabled=&#8221;on|hover&#8221; title__hover=&#8221;AURUMOOTORIGA VORMEL&#8221; custom_css_blurb_title_phone=&#8221;padding-top: 20px !important;&#8221; custom_css_blurb_title_last_edited=&#8221;on|phone&#8221; sticky_enabled=&#8221;0&#8243;][\/et_pb_blurb][\/et_pb_column][\/et_pb_row][et_pb_row column_structure=&#8221;1_2,1_2&#8243; use_custom_gutter=&#8221;on&#8221; gutter_width=&#8221;2&#8243; custom_padding_last_edited=&#8221;on|phone&#8221; module_class=&#8221;two-col-mob two-col-tab&#8221; _builder_version=&#8221;4.24.2&#8243; _module_preset=&#8221;default&#8221; width=&#8221;90%&#8221; custom_padding=&#8221;15px||15px||false|false&#8221; custom_padding_tablet=&#8221;||||false|false&#8221; custom_padding_phone=&#8221;||0px||false|false&#8221; custom_css_free_form=&#8221;.et_pb_main_blurb_image {|| margin-bottom: 0px;||}||||.et_pb_blurb_container {|| margin-top: 10px;|| margin-bottom: 15px;||}||||.et_pb_main_blurb_image img {|| height: 450px;|| object-fit: cover;||}||||@media (max-width: 980px) {||.et_pb_main_blurb_image img {|| height: 250px!important;||}||}||||\/*** Responsive Styles Smartphone Only ***\/||@media all and (max-width: 767px) {|| .et_pb_main_blurb_image img {|| height: 200px!important;||}|| ||}&#8221; global_colors_info=&#8221;{}&#8221;][et_pb_column type=&#8221;1_2&#8243; _builder_version=&#8221;4.24.2&#8243; _module_preset=&#8221;default&#8221; global_colors_info=&#8221;{}&#8221;][et_pb_blurb title=&#8221;H\u00d6YRYJUNA&#8221; url=&#8221;https:\/\/www.prototehas.ee\/fi\/hoyryjuna\/&#8221; image=&#8221;https:\/\/www.prototehas.ee\/wp-content\/uploads\/2020\/01\/pildid_veebi_519x519px51-9.png&#8221; alt=&#8221;Aururong&#8221; _builder_version=&#8221;4.24.2&#8243; _module_preset=&#8221;af72a596-a570-448e-9a49-fd7a20402ff3&#8243; hover_enabled=&#8221;0&#8243; custom_css_blurb_image=&#8221;width:100%!important;&#8221; global_colors_info=&#8221;{}&#8221; title__hover_enabled=&#8221;on|hover&#8221; title__hover=&#8221;AURURONG&#8221; custom_css_blurb_title_phone=&#8221;padding-top: 20px !important;&#8221; custom_css_blurb_title_last_edited=&#8221;on|phone&#8221; sticky_enabled=&#8221;0&#8243;][\/et_pb_blurb][\/et_pb_column][et_pb_column type=&#8221;1_2&#8243; _builder_version=&#8221;4.24.2&#8243; _module_preset=&#8221;default&#8221; global_colors_info=&#8221;{}&#8221;][et_pb_blurb title=&#8221;MODERNI LIUKUHIHNA&#8221; url=&#8221;https:\/\/www.prototehas.ee\/fi\/moderni-liukuhihna\/&#8221; image=&#8221;https:\/\/www.prototehas.ee\/wp-content\/uploads\/2020\/01\/pildid_veebi_519x519px47.png&#8221; alt=&#8221;Moodne konveierilint&#8221; _builder_version=&#8221;4.24.2&#8243; _module_preset=&#8221;af72a596-a570-448e-9a49-fd7a20402ff3&#8243; hover_enabled=&#8221;0&#8243; custom_css_blurb_image=&#8221;width:100%!important;&#8221; global_colors_info=&#8221;{}&#8221; title__hover_enabled=&#8221;on|hover&#8221; title__hover=&#8221;MOODNE KONVEIERILINT&#8221; custom_css_blurb_title_phone=&#8221;padding-top: 20px !important;&#8221; custom_css_blurb_title_last_edited=&#8221;on|phone&#8221; sticky_enabled=&#8221;0&#8243;][\/et_pb_blurb][\/et_pb_column][\/et_pb_row][et_pb_row column_structure=&#8221;1_2,1_2&#8243; use_custom_gutter=&#8221;on&#8221; gutter_width=&#8221;2&#8243; custom_padding_last_edited=&#8221;on|phone&#8221; module_class=&#8221;two-col-mob two-col-tab&#8221; _builder_version=&#8221;4.24.2&#8243; _module_preset=&#8221;default&#8221; width=&#8221;90%&#8221; custom_padding=&#8221;15px||15px||false|false&#8221; custom_padding_tablet=&#8221;||||false|false&#8221; custom_padding_phone=&#8221;||0px||false|false&#8221; custom_css_free_form=&#8221;.et_pb_main_blurb_image {|| margin-bottom: 0px;||}||||.et_pb_blurb_container {|| margin-top: 10px;|| margin-bottom: 15px;||}||||.et_pb_main_blurb_image img {|| height: 450px;|| object-fit: cover;||}||||@media (max-width: 980px) {||.et_pb_main_blurb_image img {|| height: 250px!important;||}||}||||\/*** Responsive Styles Smartphone Only ***\/||@media all and (max-width: 767px) {|| .et_pb_main_blurb_image img {|| height: 200px!important;||}|| ||}&#8221; global_colors_info=&#8221;{}&#8221;][et_pb_column type=&#8221;1_2&#8243; _builder_version=&#8221;4.24.2&#8243; _module_preset=&#8221;default&#8221; global_colors_info=&#8221;{}&#8221;][et_pb_blurb title=&#8221;SYV\u00c4NMEREN SUKELLUALUS&#8221; url=&#8221;https:\/\/www.prototehas.ee\/fi\/syvanmeren-sukellusalus\/&#8221; image=&#8221;https:\/\/www.prototehas.ee\/wp-content\/uploads\/2020\/01\/pildid_veebi_519x519px42-9.png&#8221; alt=&#8221;Meres\u00fcgavuste uurimislaev&#8221; _builder_version=&#8221;4.24.2&#8243; _module_preset=&#8221;af72a596-a570-448e-9a49-fd7a20402ff3&#8243; hover_enabled=&#8221;0&#8243; custom_css_blurb_image=&#8221;width:100%!important;&#8221; global_colors_info=&#8221;{}&#8221; title__hover_enabled=&#8221;on|hover&#8221; title__hover=&#8221;MERES\u00dcGAVUSTE UURIMISLAEV&#8221; custom_css_blurb_title_phone=&#8221;padding-top: 20px !important;&#8221; custom_css_blurb_title_last_edited=&#8221;on|phone&#8221; sticky_enabled=&#8221;0&#8243;][\/et_pb_blurb][\/et_pb_column][et_pb_column type=&#8221;1_2&#8243; _builder_version=&#8221;4.24.2&#8243; _module_preset=&#8221;default&#8221; global_colors_info=&#8221;{}&#8221;][et_pb_blurb title=&#8221;TUTUSTU KEKSINT\u00d6TEHTASEEN&#8221; url=&#8221;https:\/\/www.prototehas.ee\/fi\/tutustu-keksintojen-tutkimustehtaaseen\/&#8221; image=&#8221;https:\/\/www.prototehas.ee\/wp-content\/uploads\/2020\/01\/pildid_veebi_519x519px56-13-3.png&#8221; alt=&#8221;Tutvumine avastustehasega&#8221; _builder_version=&#8221;4.24.2&#8243; _module_preset=&#8221;af72a596-a570-448e-9a49-fd7a20402ff3&#8243; hover_enabled=&#8221;0&#8243; custom_css_blurb_image=&#8221;width:100%!important;&#8221; global_colors_info=&#8221;{}&#8221; title__hover_enabled=&#8221;on|hover&#8221; title__hover=&#8221;TUTVUMINE AVASTUSTEHASEGA&#8221; custom_css_blurb_title_phone=&#8221;padding-top: 20px !important;&#8221; custom_css_blurb_title_last_edited=&#8221;on|phone&#8221; sticky_enabled=&#8221;0&#8243;][\/et_pb_blurb][\/et_pb_column][\/et_pb_row][\/et_pb_section]<span class=\"et_bloom_bottom_trigger\"><\/span>","protected":false},"excerpt":{"rendered":"<p>Oletko koskaan porautunut maapallon ytimeen, kiit\u00e4nyt itsekulkevan auton\u00a0 kyydiss\u00e4 tai tutkinut valtameren pohjaa? Keksint\u00f6tehdas toivottaa sinut ja perheesi tervetulleeksi virtuaalitodellisuuden taikamaailmaan \u2013 osallistumaan kymmeneen kiehtovaan seikkailuun ajassa ja tilassa sek\u00e4 entisaikojen tieteilij\u00f6iden\u00a0 mielikuvituksessa.<\/p>\n","protected":false},"author":19,"featured_media":0,"parent":0,"menu_order":0,"comment_status":"closed","ping_status":"closed","template":"","meta":{"_acf_changed":false,"_et_pb_use_builder":"on","_et_pb_old_content":"","_et_gb_content_width":"","inline_featured_image":false,"footnotes":""},"class_list":["post-4501","page","type-page","status-publish","hentry"],"acf":[],"yoast_head":"<!-- This site is optimized with the Yoast SEO plugin v26.9 - https:\/\/yoast.com\/product\/yoast-seo-wordpress\/ -->\n<title>VIRTUAALITODELLISUUS - VR keskus Tallinn - PROTO avastustehas<\/title>\n<meta name=\"robots\" content=\"index, follow, max-snippet:-1, max-image-preview:large, max-video-preview:-1\" \/>\n<link rel=\"canonical\" href=\"https:\/\/www.prototehas.ee\/fi\/virtuaalitodellisuus\/\" \/>\n<meta property=\"og:locale\" content=\"fi_FI\" \/>\n<meta property=\"og:type\" content=\"article\" \/>\n<meta property=\"og:title\" content=\"VIRTUAALITODELLISUUS - VR keskus Tallinn - PROTO avastustehas\" \/>\n<meta property=\"og:description\" content=\"Oletko koskaan porautunut maapallon ytimeen, kiit\u00e4nyt itsekulkevan auton\u00a0 kyydiss\u00e4 tai tutkinut valtameren pohjaa? Keksint\u00f6tehdas toivottaa sinut ja perheesi tervetulleeksi virtuaalitodellisuuden taikamaailmaan \u2013 osallistumaan kymmeneen kiehtovaan seikkailuun ajassa ja tilassa sek\u00e4 entisaikojen tieteilij\u00f6iden\u00a0 mielikuvituksessa.\" \/>\n<meta property=\"og:url\" content=\"https:\/\/www.prototehas.ee\/fi\/virtuaalitodellisuus\/\" \/>\n<meta property=\"og:site_name\" content=\"PROTO avastustehas\" \/>\n<meta property=\"article:publisher\" content=\"https:\/\/www.facebook.com\/prototehas\/\" \/>\n<meta property=\"article:modified_time\" content=\"2024-06-26T11:06:03+00:00\" \/>\n<meta name=\"twitter:card\" content=\"summary_large_image\" \/>\n<meta name=\"twitter:label1\" content=\"Arvioitu lukuaika\" \/>\n\t<meta name=\"twitter:data1\" content=\"3 minuuttia\" \/>\n<script type=\"application\/ld+json\" class=\"yoast-schema-graph\">{\"@context\":\"https:\/\/schema.org\",\"@graph\":[{\"@type\":\"WebPage\",\"@id\":\"https:\/\/www.prototehas.ee\/fi\/virtuaalitodellisuus\/\",\"url\":\"https:\/\/www.prototehas.ee\/fi\/virtuaalitodellisuus\/\",\"name\":\"VIRTUAALITODELLISUUS - VR keskus Tallinn - PROTO avastustehas\",\"isPartOf\":{\"@id\":\"https:\/\/www.prototehas.ee\/fi\/#website\"},\"datePublished\":\"2019-10-16T09:44:58+00:00\",\"dateModified\":\"2024-06-26T11:06:03+00:00\",\"breadcrumb\":{\"@id\":\"https:\/\/www.prototehas.ee\/fi\/virtuaalitodellisuus\/#breadcrumb\"},\"inLanguage\":\"fi\",\"potentialAction\":[{\"@type\":\"ReadAction\",\"target\":[\"https:\/\/www.prototehas.ee\/fi\/virtuaalitodellisuus\/\"]}]},{\"@type\":\"BreadcrumbList\",\"@id\":\"https:\/\/www.prototehas.ee\/fi\/virtuaalitodellisuus\/#breadcrumb\",\"itemListElement\":[{\"@type\":\"ListItem\",\"position\":1,\"name\":\"Avaleht\",\"item\":\"https:\/\/www.prototehas.ee\/fi\/\"},{\"@type\":\"ListItem\",\"position\":2,\"name\":\"VIRTUAALITODELLISUUS\"}]},{\"@type\":\"WebSite\",\"@id\":\"https:\/\/www.prototehas.ee\/fi\/#website\",\"url\":\"https:\/\/www.prototehas.ee\/fi\/\",\"name\":\"PROTO avastustehas\",\"description\":\"Where science meets fantasy\",\"publisher\":{\"@id\":\"https:\/\/www.prototehas.ee\/fi\/#organization\"},\"potentialAction\":[{\"@type\":\"SearchAction\",\"target\":{\"@type\":\"EntryPoint\",\"urlTemplate\":\"https:\/\/www.prototehas.ee\/fi\/?s={search_term_string}\"},\"query-input\":{\"@type\":\"PropertyValueSpecification\",\"valueRequired\":true,\"valueName\":\"search_term_string\"}}],\"inLanguage\":\"fi\"},{\"@type\":\"Organization\",\"@id\":\"https:\/\/www.prototehas.ee\/fi\/#organization\",\"name\":\"PROTO avastustehas\",\"url\":\"https:\/\/www.prototehas.ee\/fi\/\",\"logo\":{\"@type\":\"ImageObject\",\"inLanguage\":\"fi\",\"@id\":\"https:\/\/www.prototehas.ee\/fi\/#\/schema\/logo\/image\/\",\"url\":\"https:\/\/www.prototehas.ee\/wp-content\/uploads\/2019\/10\/prototehas_logo_et_2.svg\",\"contentUrl\":\"https:\/\/www.prototehas.ee\/wp-content\/uploads\/2019\/10\/prototehas_logo_et_2.svg\",\"width\":100,\"height\":100,\"caption\":\"PROTO avastustehas\"},\"image\":{\"@id\":\"https:\/\/www.prototehas.ee\/fi\/#\/schema\/logo\/image\/\"},\"sameAs\":[\"https:\/\/www.facebook.com\/prototehas\/\"]}]}<\/script>\n<!-- \/ Yoast SEO plugin. -->","yoast_head_json":{"title":"VIRTUAALITODELLISUUS - VR keskus Tallinn - PROTO avastustehas","robots":{"index":"index","follow":"follow","max-snippet":"max-snippet:-1","max-image-preview":"max-image-preview:large","max-video-preview":"max-video-preview:-1"},"canonical":"https:\/\/www.prototehas.ee\/fi\/virtuaalitodellisuus\/","og_locale":"fi_FI","og_type":"article","og_title":"VIRTUAALITODELLISUUS - VR keskus Tallinn - PROTO avastustehas","og_description":"Oletko koskaan porautunut maapallon ytimeen, kiit\u00e4nyt itsekulkevan auton\u00a0 kyydiss\u00e4 tai tutkinut valtameren pohjaa? Keksint\u00f6tehdas toivottaa sinut ja perheesi tervetulleeksi virtuaalitodellisuuden taikamaailmaan \u2013 osallistumaan kymmeneen kiehtovaan seikkailuun ajassa ja tilassa sek\u00e4 entisaikojen tieteilij\u00f6iden\u00a0 mielikuvituksessa.","og_url":"https:\/\/www.prototehas.ee\/fi\/virtuaalitodellisuus\/","og_site_name":"PROTO avastustehas","article_publisher":"https:\/\/www.facebook.com\/prototehas\/","article_modified_time":"2024-06-26T11:06:03+00:00","twitter_card":"summary_large_image","twitter_misc":{"Arvioitu lukuaika":"3 minuuttia"},"schema":{"@context":"https:\/\/schema.org","@graph":[{"@type":"WebPage","@id":"https:\/\/www.prototehas.ee\/fi\/virtuaalitodellisuus\/","url":"https:\/\/www.prototehas.ee\/fi\/virtuaalitodellisuus\/","name":"VIRTUAALITODELLISUUS - VR keskus Tallinn - PROTO avastustehas","isPartOf":{"@id":"https:\/\/www.prototehas.ee\/fi\/#website"},"datePublished":"2019-10-16T09:44:58+00:00","dateModified":"2024-06-26T11:06:03+00:00","breadcrumb":{"@id":"https:\/\/www.prototehas.ee\/fi\/virtuaalitodellisuus\/#breadcrumb"},"inLanguage":"fi","potentialAction":[{"@type":"ReadAction","target":["https:\/\/www.prototehas.ee\/fi\/virtuaalitodellisuus\/"]}]},{"@type":"BreadcrumbList","@id":"https:\/\/www.prototehas.ee\/fi\/virtuaalitodellisuus\/#breadcrumb","itemListElement":[{"@type":"ListItem","position":1,"name":"Avaleht","item":"https:\/\/www.prototehas.ee\/fi\/"},{"@type":"ListItem","position":2,"name":"VIRTUAALITODELLISUUS"}]},{"@type":"WebSite","@id":"https:\/\/www.prototehas.ee\/fi\/#website","url":"https:\/\/www.prototehas.ee\/fi\/","name":"PROTO avastustehas","description":"Where science meets fantasy","publisher":{"@id":"https:\/\/www.prototehas.ee\/fi\/#organization"},"potentialAction":[{"@type":"SearchAction","target":{"@type":"EntryPoint","urlTemplate":"https:\/\/www.prototehas.ee\/fi\/?s={search_term_string}"},"query-input":{"@type":"PropertyValueSpecification","valueRequired":true,"valueName":"search_term_string"}}],"inLanguage":"fi"},{"@type":"Organization","@id":"https:\/\/www.prototehas.ee\/fi\/#organization","name":"PROTO avastustehas","url":"https:\/\/www.prototehas.ee\/fi\/","logo":{"@type":"ImageObject","inLanguage":"fi","@id":"https:\/\/www.prototehas.ee\/fi\/#\/schema\/logo\/image\/","url":"https:\/\/www.prototehas.ee\/wp-content\/uploads\/2019\/10\/prototehas_logo_et_2.svg","contentUrl":"https:\/\/www.prototehas.ee\/wp-content\/uploads\/2019\/10\/prototehas_logo_et_2.svg","width":100,"height":100,"caption":"PROTO avastustehas"},"image":{"@id":"https:\/\/www.prototehas.ee\/fi\/#\/schema\/logo\/image\/"},"sameAs":["https:\/\/www.facebook.com\/prototehas\/"]}]}},"_links":{"self":[{"href":"https:\/\/www.prototehas.ee\/fi\/wp-json\/wp\/v2\/pages\/4501","targetHints":{"allow":["GET"]}}],"collection":[{"href":"https:\/\/www.prototehas.ee\/fi\/wp-json\/wp\/v2\/pages"}],"about":[{"href":"https:\/\/www.prototehas.ee\/fi\/wp-json\/wp\/v2\/types\/page"}],"author":[{"embeddable":true,"href":"https:\/\/www.prototehas.ee\/fi\/wp-json\/wp\/v2\/users\/19"}],"replies":[{"embeddable":true,"href":"https:\/\/www.prototehas.ee\/fi\/wp-json\/wp\/v2\/comments?post=4501"}],"version-history":[{"count":5,"href":"https:\/\/www.prototehas.ee\/fi\/wp-json\/wp\/v2\/pages\/4501\/revisions"}],"predecessor-version":[{"id":29868,"href":"https:\/\/www.prototehas.ee\/fi\/wp-json\/wp\/v2\/pages\/4501\/revisions\/29868"}],"wp:attachment":[{"href":"https:\/\/www.prototehas.ee\/fi\/wp-json\/wp\/v2\/media?parent=4501"}],"curies":[{"name":"wp","href":"https:\/\/api.w.org\/{rel}","templated":true}]}}