{"id":4505,"date":"2019-10-16T09:45:40","date_gmt":"2019-10-16T09:45:40","guid":{"rendered":"http:\/\/protodev.ee\/?page_id=4505"},"modified":"2024-06-26T10:43:30","modified_gmt":"2024-06-26T10:43:30","slug":"kokeile-omin-kasin","status":"publish","type":"page","link":"https:\/\/www.prototehas.ee\/fi\/kokeile-omin-kasin\/","title":{"rendered":"KOKEILE OMIN K\u00c4SIN"},"content":{"rendered":"[et_pb_section fb_built=&#8221;1&#8243; _builder_version=&#8221;4.16&#8243; background_color=&#8221;#fff0d9&#8243; background_enable_image=&#8221;off&#8221; custom_margin=&#8221;0px||||false|false&#8221; global_colors_info=&#8221;{}&#8221;][et_pb_row admin_label=&#8221;Main heading&#8221; _builder_version=&#8221;4.24.2&#8243; _module_preset=&#8221;default&#8221; global_colors_info=&#8221;{}&#8221;][et_pb_column type=&#8221;4_4&#8243; _builder_version=&#8221;4.24.2&#8243; _module_preset=&#8221;default&#8221; global_colors_info=&#8221;{}&#8221;][et_pb_heading title=&#8221;L\u00d6YD\u00c4 ITSEST\u00c4SI KEKSIJ\u00c4&#8221; _builder_version=&#8221;4.24.2&#8243; _module_preset=&#8221;c9a4dd29-8345-43ea-bd4d-e73ae35e5717&#8243; global_colors_info=&#8221;{}&#8221;][\/et_pb_heading][et_pb_text _builder_version=&#8221;4.24.2&#8243; _module_preset=&#8221;e179c0c4-c115-407d-a110-ebe813713cd6&#8243; global_colors_info=&#8221;{}&#8221;]<p style=\"text-align: center;\">T\u00e4\u00e4ll\u00e4 koet tiedemaailmaa aivan uudella tavalla ja p\u00e4\u00e4set testaamaan omia taitojasi ja rohkeuttasi. L\u00e4het\u00e4 raketti avaruuteen, kilpaile py\u00f6r\u00e4radalla ja nouse kaikkien ylle korkeuksiin! Keksij\u00f6iden kent\u00e4ll\u00e4 on tarjolla monipuolista tekemist\u00e4 kaikenik\u00e4isille vieraille.<\/p>[\/et_pb_text][\/et_pb_column][\/et_pb_row][et_pb_row column_structure=&#8221;1_2,1_2&#8243; use_custom_gutter=&#8221;on&#8221; gutter_width=&#8221;2&#8243; custom_padding_last_edited=&#8221;on|phone&#8221; module_class=&#8221;two-col-mob two-col-tab&#8221; _builder_version=&#8221;4.24.2&#8243; _module_preset=&#8221;default&#8221; width=&#8221;90%&#8221; width_last_edited=&#8221;off|phone&#8221; custom_padding=&#8221;15px||15px||false|false&#8221; custom_padding_tablet=&#8221;||||false|false&#8221; custom_padding_phone=&#8221;||0px||false|false&#8221; custom_css_free_form=&#8221;.et_pb_main_blurb_image {|| margin-bottom: 0px;||}||||.et_pb_blurb_container {|| margin-top: 10px;|| margin-bottom: 15px;||}||||.et_pb_main_blurb_image img {|| height: 450px;|| object-fit: cover;||}||||@media (max-width: 980px) {||.et_pb_main_blurb_image img {|| height: 250px!important;||}||}||||\/*** Responsive Styles Smartphone Only ***\/||@media all and (max-width: 767px) {|| .et_pb_main_blurb_image img {|| height: 200px!important;||}|| ||}&#8221; global_colors_info=&#8221;{}&#8221;][et_pb_column type=&#8221;1_2&#8243; _builder_version=&#8221;4.24.2&#8243; _module_preset=&#8221;default&#8221; global_colors_info=&#8221;{}&#8221;][et_pb_blurb title=&#8221;UKKOSPIANO&#8221; url=&#8221;https:\/\/www.prototehas.ee\/fi\/ukkospiano\/&#8221; image=&#8221;https:\/\/www.prototehas.ee\/wp-content\/uploads\/2020\/01\/E21-Aikseline-klaver_Triin-Raa-8.jpg&#8221; alt=&#8221;Virtuaalreaalsuse keskus&#8221; _builder_version=&#8221;4.24.2&#8243; _module_preset=&#8221;af72a596-a570-448e-9a49-fd7a20402ff3&#8243; hover_enabled=&#8221;0&#8243; custom_css_blurb_image=&#8221;width:100%!important;&#8221; global_colors_info=&#8221;{}&#8221; title__hover_enabled=&#8221;off|desktop&#8221; title__hover=&#8221;VIGURITEGA KUUMA\u00d5HUPALL&#8221; custom_css_blurb_title_last_edited=&#8221;on|phone&#8221; custom_css_blurb_title_phone=&#8221;padding-top: 20px !important;&#8221; sticky_enabled=&#8221;0&#8243;][\/et_pb_blurb][\/et_pb_column][et_pb_column type=&#8221;1_2&#8243; _builder_version=&#8221;4.24.2&#8243; _module_preset=&#8221;default&#8221; global_colors_info=&#8221;{}&#8221;][et_pb_blurb title=&#8221;AVARUUSALUS\r&#8221; url=&#8221;https:\/\/www.prototehas.ee\/fi\/avaruusalus\/&#8221; image=&#8221;https:\/\/www.prototehas.ee\/wp-content\/uploads\/2020\/01\/pildid_veebi_519x519px8-8.png&#8221; alt=&#8221;virtuaalreaalsuse keskus&#8221; _builder_version=&#8221;4.24.2&#8243; _module_preset=&#8221;af72a596-a570-448e-9a49-fd7a20402ff3&#8243; hover_enabled=&#8221;0&#8243; custom_css_blurb_image=&#8221;width:100%!important;&#8221; global_colors_info=&#8221;{}&#8221; title__hover_enabled=&#8221;off|desktop&#8221; title__hover=&#8221;VIGURITEGA KUUMA\u00d5HUPALL&#8221; custom_css_blurb_title_last_edited=&#8221;on|phone&#8221; custom_css_blurb_title_phone=&#8221;padding-top: 20px !important;&#8221; sticky_enabled=&#8221;0&#8243;][\/et_pb_blurb][\/et_pb_column][\/et_pb_row][et_pb_row column_structure=&#8221;1_2,1_2&#8243; use_custom_gutter=&#8221;on&#8221; gutter_width=&#8221;2&#8243; custom_padding_last_edited=&#8221;on|phone&#8221; module_class=&#8221;two-col-mob two-col-tab&#8221; _builder_version=&#8221;4.24.2&#8243; _module_preset=&#8221;default&#8221; width=&#8221;90%&#8221; width_last_edited=&#8221;off|phone&#8221; custom_padding=&#8221;15px||15px||false|false&#8221; custom_padding_tablet=&#8221;||||false|false&#8221; custom_padding_phone=&#8221;||0px||false|false&#8221; custom_css_free_form=&#8221;.et_pb_main_blurb_image {|| margin-bottom: 0px;||}||||.et_pb_blurb_container {|| margin-top: 10px;|| margin-bottom: 15px;||}||||.et_pb_main_blurb_image img {|| height: 450px;|| object-fit: cover;||}||||@media (max-width: 980px) {||.et_pb_main_blurb_image img {|| height: 250px!important;||}||}||||\/*** Responsive Styles Smartphone Only ***\/||@media all and (max-width: 767px) {|| .et_pb_main_blurb_image img {|| height: 200px!important;||}|| ||}&#8221; global_colors_info=&#8221;{}&#8221;][et_pb_column type=&#8221;1_2&#8243; _builder_version=&#8221;4.24.2&#8243; _module_preset=&#8221;default&#8221; global_colors_info=&#8221;{}&#8221;][et_pb_blurb title=&#8221;SIVELLIN, JOKA ON PELKK\u00c4\u00c4 VALOA\r&#8221; url=&#8221;https:\/\/www.prototehas.ee\/fi\/sivellin-joka-on-pelkkaa-valoa\/&#8221; image=&#8221;https:\/\/www.prototehas.ee\/wp-content\/uploads\/2020\/01\/pildid_veebi_519x519px54-11.png&#8221; alt=&#8221;elamuskeskus&#8221; _builder_version=&#8221;4.24.2&#8243; _module_preset=&#8221;af72a596-a570-448e-9a49-fd7a20402ff3&#8243; hover_enabled=&#8221;0&#8243; custom_css_blurb_image=&#8221;width:100%!important;&#8221; global_colors_info=&#8221;{}&#8221; title__hover_enabled=&#8221;off|desktop&#8221; title__hover=&#8221;VIGURITEGA KUUMA\u00d5HUPALL&#8221; custom_css_blurb_title_last_edited=&#8221;on|phone&#8221; custom_css_blurb_title_phone=&#8221;padding-top: 20px !important;&#8221; sticky_enabled=&#8221;0&#8243;][\/et_pb_blurb][\/et_pb_column][et_pb_column type=&#8221;1_2&#8243; _builder_version=&#8221;4.24.2&#8243; _module_preset=&#8221;default&#8221; global_colors_info=&#8221;{}&#8221;][et_pb_blurb title=&#8221;SYKLODROMI&#8221; url=&#8221;https:\/\/www.prototehas.ee\/fi\/syklodromi\/&#8221; image=&#8221;https:\/\/www.prototehas.ee\/wp-content\/uploads\/2020\/01\/pildid_veebi_519x519px13-9.png&#8221; alt=&#8221;elamuskeskus&#8221; _builder_version=&#8221;4.24.2&#8243; _module_preset=&#8221;af72a596-a570-448e-9a49-fd7a20402ff3&#8243; hover_enabled=&#8221;0&#8243; custom_css_blurb_image=&#8221;width:100%!important;&#8221; global_colors_info=&#8221;{}&#8221; title__hover_enabled=&#8221;off|desktop&#8221; title__hover=&#8221;VIGURITEGA KUUMA\u00d5HUPALL&#8221; custom_css_blurb_title_last_edited=&#8221;on|phone&#8221; custom_css_blurb_title_phone=&#8221;padding-top: 20px !important;&#8221; sticky_enabled=&#8221;0&#8243;][\/et_pb_blurb][\/et_pb_column][\/et_pb_row][et_pb_row column_structure=&#8221;1_2,1_2&#8243; use_custom_gutter=&#8221;on&#8221; gutter_width=&#8221;2&#8243; custom_padding_last_edited=&#8221;on|phone&#8221; module_class=&#8221;two-col-mob two-col-tab&#8221; _builder_version=&#8221;4.24.2&#8243; _module_preset=&#8221;default&#8221; width=&#8221;90%&#8221; width_last_edited=&#8221;off|phone&#8221; custom_padding=&#8221;15px||15px||false|false&#8221; custom_padding_tablet=&#8221;||||false|false&#8221; custom_padding_phone=&#8221;||0px||false|false&#8221; custom_css_free_form=&#8221;.et_pb_main_blurb_image {|| margin-bottom: 0px;||}||||.et_pb_blurb_container {|| margin-top: 10px;|| margin-bottom: 15px;||}||||.et_pb_main_blurb_image img {|| height: 450px;|| object-fit: cover;||}||||@media (max-width: 980px) {||.et_pb_main_blurb_image img {|| height: 250px!important;||}||}||||\/*** Responsive Styles Smartphone Only ***\/||@media all and (max-width: 767px) {|| .et_pb_main_blurb_image img {|| height: 200px!important;||}|| ||}&#8221; global_colors_info=&#8221;{}&#8221;][et_pb_column type=&#8221;1_2&#8243; _builder_version=&#8221;4.24.2&#8243; _module_preset=&#8221;default&#8221; global_colors_info=&#8221;{}&#8221;][et_pb_blurb title=&#8221;MINI-NOBLESSNER\r&#8221; url=&#8221;https:\/\/www.prototehas.ee\/fi\/mini-noblessner\/&#8221; image=&#8221;https:\/\/www.prototehas.ee\/wp-content\/uploads\/2020\/01\/pildid_veebi_519x519px20-8.png&#8221; alt=&#8221;elamuskeskus&#8221; _builder_version=&#8221;4.24.2&#8243; _module_preset=&#8221;af72a596-a570-448e-9a49-fd7a20402ff3&#8243; hover_enabled=&#8221;0&#8243; custom_css_blurb_image=&#8221;width:100%!important;&#8221; global_colors_info=&#8221;{}&#8221; title__hover_enabled=&#8221;off|desktop&#8221; title__hover=&#8221;VIGURITEGA KUUMA\u00d5HUPALL&#8221; custom_css_blurb_title_last_edited=&#8221;on|phone&#8221; custom_css_blurb_title_phone=&#8221;padding-top: 20px !important;&#8221; sticky_enabled=&#8221;0&#8243;][\/et_pb_blurb][\/et_pb_column][et_pb_column type=&#8221;1_2&#8243; _builder_version=&#8221;4.24.2&#8243; _module_preset=&#8221;default&#8221; global_colors_info=&#8221;{}&#8221;][et_pb_blurb title=&#8221;\u00c4\u00c4NIEN SIEPPAAJA\r&#8221; url=&#8221;https:\/\/www.prototehas.ee\/fi\/aanien-sieppaaja\/&#8221; image=&#8221;https:\/\/www.prototehas.ee\/wp-content\/uploads\/2020\/01\/pildid_veebi_519x519px45-7.png&#8221; alt=&#8221;elamuskeskus&#8221; _builder_version=&#8221;4.24.2&#8243; _module_preset=&#8221;af72a596-a570-448e-9a49-fd7a20402ff3&#8243; hover_enabled=&#8221;0&#8243; custom_css_blurb_image=&#8221;width:100%!important;&#8221; global_colors_info=&#8221;{}&#8221; title__hover_enabled=&#8221;off|desktop&#8221; title__hover=&#8221;VIGURITEGA KUUMA\u00d5HUPALL&#8221; custom_css_blurb_title_last_edited=&#8221;on|phone&#8221; custom_css_blurb_title_phone=&#8221;padding-top: 20px !important;&#8221; sticky_enabled=&#8221;0&#8243;][\/et_pb_blurb][\/et_pb_column][\/et_pb_row][et_pb_row column_structure=&#8221;1_2,1_2&#8243; use_custom_gutter=&#8221;on&#8221; gutter_width=&#8221;2&#8243; custom_padding_last_edited=&#8221;on|phone&#8221; module_class=&#8221;two-col-mob two-col-tab&#8221; _builder_version=&#8221;4.24.2&#8243; _module_preset=&#8221;default&#8221; width=&#8221;90%&#8221; width_last_edited=&#8221;off|phone&#8221; custom_padding=&#8221;15px||15px||false|false&#8221; custom_padding_tablet=&#8221;||||false|false&#8221; custom_padding_phone=&#8221;||0px||false|false&#8221; custom_css_free_form=&#8221;.et_pb_main_blurb_image {|| margin-bottom: 0px;||}||||.et_pb_blurb_container {|| margin-top: 10px;|| margin-bottom: 15px;||}||||.et_pb_main_blurb_image img {|| height: 450px;|| object-fit: cover;||}||||@media (max-width: 980px) {||.et_pb_main_blurb_image img {|| height: 250px!important;||}||}||||\/*** Responsive Styles Smartphone Only ***\/||@media all and (max-width: 767px) {|| .et_pb_main_blurb_image img {|| height: 200px!important;||}|| ||}&#8221; global_colors_info=&#8221;{}&#8221;][et_pb_column type=&#8221;1_2&#8243; _builder_version=&#8221;4.24.2&#8243; _module_preset=&#8221;default&#8221; global_colors_info=&#8221;{}&#8221;][et_pb_blurb title=&#8221;ILMAKANUUNAT\r&#8221; url=&#8221;https:\/\/www.prototehas.ee\/fi\/ilmakanuunat\/&#8221; image=&#8221;https:\/\/www.prototehas.ee\/wp-content\/uploads\/2020\/01\/pildid_veebi_519x519px28-9.png&#8221; alt=&#8221;elamuskeskus&#8221; _builder_version=&#8221;4.24.2&#8243; _module_preset=&#8221;af72a596-a570-448e-9a49-fd7a20402ff3&#8243; hover_enabled=&#8221;0&#8243; custom_css_blurb_image=&#8221;width:100%!important;&#8221; global_colors_info=&#8221;{}&#8221; title__hover_enabled=&#8221;off|desktop&#8221; title__hover=&#8221;VIGURITEGA KUUMA\u00d5HUPALL&#8221; custom_css_blurb_title_last_edited=&#8221;on|phone&#8221; custom_css_blurb_title_phone=&#8221;padding-top: 20px !important;&#8221; sticky_enabled=&#8221;0&#8243;][\/et_pb_blurb][\/et_pb_column][et_pb_column type=&#8221;1_2&#8243; _builder_version=&#8221;4.24.2&#8243; _module_preset=&#8221;default&#8221; global_colors_info=&#8221;{}&#8221;][\/et_pb_column][\/et_pb_row][\/et_pb_section]<span class=\"et_bloom_bottom_trigger\"><\/span>","protected":false},"excerpt":{"rendered":"<p>T\u00e4\u00e4ll\u00e4 koet tiedemaailmaa aivan uudella tavalla ja p\u00e4\u00e4set testaamaan omia taitojasi ja rohkeuttasi. L\u00e4het\u00e4 raketti avaruuteen, kilpaile py\u00f6r\u00e4radalla ja nouse kaikkien ylle korkeuksiin! Keksij\u00f6iden kent\u00e4ll\u00e4 on tarjolla monipuolista tekemist\u00e4 kaikenik\u00e4isille vieraille.<\/p>\n","protected":false},"author":19,"featured_media":0,"parent":0,"menu_order":0,"comment_status":"closed","ping_status":"closed","template":"","meta":{"_acf_changed":false,"_et_pb_use_builder":"on","_et_pb_old_content":"","_et_gb_content_width":"","inline_featured_image":false,"footnotes":""},"class_list":["post-4505","page","type-page","status-publish","hentry"],"acf":[],"yoast_head":"<!-- This site is optimized with the Yoast SEO plugin v26.9 - https:\/\/yoast.com\/product\/yoast-seo-wordpress\/ -->\n<title>Tegevuseksponaadid - VR Keskus - PROTO avastustehas<\/title>\n<meta name=\"robots\" content=\"index, follow, max-snippet:-1, max-image-preview:large, max-video-preview:-1\" \/>\n<link rel=\"canonical\" href=\"https:\/\/www.prototehas.ee\/fi\/kokeile-omin-kasin\/\" \/>\n<meta property=\"og:locale\" content=\"fi_FI\" \/>\n<meta property=\"og:type\" content=\"article\" \/>\n<meta property=\"og:title\" content=\"Tegevuseksponaadid - VR Keskus - PROTO avastustehas\" \/>\n<meta property=\"og:description\" content=\"T\u00e4\u00e4ll\u00e4 koet tiedemaailmaa aivan uudella tavalla ja p\u00e4\u00e4set testaamaan omia taitojasi ja rohkeuttasi. L\u00e4het\u00e4 raketti avaruuteen, kilpaile py\u00f6r\u00e4radalla ja nouse kaikkien ylle korkeuksiin! Keksij\u00f6iden kent\u00e4ll\u00e4 on tarjolla monipuolista tekemist\u00e4 kaikenik\u00e4isille vieraille.\" \/>\n<meta property=\"og:url\" content=\"https:\/\/www.prototehas.ee\/fi\/kokeile-omin-kasin\/\" \/>\n<meta property=\"og:site_name\" content=\"PROTO avastustehas\" \/>\n<meta property=\"article:publisher\" content=\"https:\/\/www.facebook.com\/prototehas\/\" \/>\n<meta property=\"article:modified_time\" content=\"2024-06-26T10:43:30+00:00\" \/>\n<meta name=\"twitter:card\" content=\"summary_large_image\" \/>\n<meta name=\"twitter:label1\" content=\"Arvioitu lukuaika\" \/>\n\t<meta name=\"twitter:data1\" content=\"3 minuuttia\" \/>\n<script type=\"application\/ld+json\" class=\"yoast-schema-graph\">{\"@context\":\"https:\/\/schema.org\",\"@graph\":[{\"@type\":\"WebPage\",\"@id\":\"https:\/\/www.prototehas.ee\/fi\/kokeile-omin-kasin\/\",\"url\":\"https:\/\/www.prototehas.ee\/fi\/kokeile-omin-kasin\/\",\"name\":\"Tegevuseksponaadid - VR Keskus - PROTO avastustehas\",\"isPartOf\":{\"@id\":\"https:\/\/www.prototehas.ee\/fi\/#website\"},\"datePublished\":\"2019-10-16T09:45:40+00:00\",\"dateModified\":\"2024-06-26T10:43:30+00:00\",\"breadcrumb\":{\"@id\":\"https:\/\/www.prototehas.ee\/fi\/kokeile-omin-kasin\/#breadcrumb\"},\"inLanguage\":\"fi\",\"potentialAction\":[{\"@type\":\"ReadAction\",\"target\":[\"https:\/\/www.prototehas.ee\/fi\/kokeile-omin-kasin\/\"]}]},{\"@type\":\"BreadcrumbList\",\"@id\":\"https:\/\/www.prototehas.ee\/fi\/kokeile-omin-kasin\/#breadcrumb\",\"itemListElement\":[{\"@type\":\"ListItem\",\"position\":1,\"name\":\"Avaleht\",\"item\":\"https:\/\/www.prototehas.ee\/fi\/\"},{\"@type\":\"ListItem\",\"position\":2,\"name\":\"KOKEILE OMIN K\u00c4SIN\"}]},{\"@type\":\"WebSite\",\"@id\":\"https:\/\/www.prototehas.ee\/fi\/#website\",\"url\":\"https:\/\/www.prototehas.ee\/fi\/\",\"name\":\"PROTO avastustehas\",\"description\":\"Where science meets fantasy\",\"publisher\":{\"@id\":\"https:\/\/www.prototehas.ee\/fi\/#organization\"},\"potentialAction\":[{\"@type\":\"SearchAction\",\"target\":{\"@type\":\"EntryPoint\",\"urlTemplate\":\"https:\/\/www.prototehas.ee\/fi\/?s={search_term_string}\"},\"query-input\":{\"@type\":\"PropertyValueSpecification\",\"valueRequired\":true,\"valueName\":\"search_term_string\"}}],\"inLanguage\":\"fi\"},{\"@type\":\"Organization\",\"@id\":\"https:\/\/www.prototehas.ee\/fi\/#organization\",\"name\":\"PROTO avastustehas\",\"url\":\"https:\/\/www.prototehas.ee\/fi\/\",\"logo\":{\"@type\":\"ImageObject\",\"inLanguage\":\"fi\",\"@id\":\"https:\/\/www.prototehas.ee\/fi\/#\/schema\/logo\/image\/\",\"url\":\"https:\/\/www.prototehas.ee\/wp-content\/uploads\/2019\/10\/prototehas_logo_et_2.svg\",\"contentUrl\":\"https:\/\/www.prototehas.ee\/wp-content\/uploads\/2019\/10\/prototehas_logo_et_2.svg\",\"width\":100,\"height\":100,\"caption\":\"PROTO avastustehas\"},\"image\":{\"@id\":\"https:\/\/www.prototehas.ee\/fi\/#\/schema\/logo\/image\/\"},\"sameAs\":[\"https:\/\/www.facebook.com\/prototehas\/\"]}]}<\/script>\n<!-- \/ Yoast SEO plugin. -->","yoast_head_json":{"title":"Tegevuseksponaadid - VR Keskus - PROTO avastustehas","robots":{"index":"index","follow":"follow","max-snippet":"max-snippet:-1","max-image-preview":"max-image-preview:large","max-video-preview":"max-video-preview:-1"},"canonical":"https:\/\/www.prototehas.ee\/fi\/kokeile-omin-kasin\/","og_locale":"fi_FI","og_type":"article","og_title":"Tegevuseksponaadid - VR Keskus - PROTO avastustehas","og_description":"T\u00e4\u00e4ll\u00e4 koet tiedemaailmaa aivan uudella tavalla ja p\u00e4\u00e4set testaamaan omia taitojasi ja rohkeuttasi. L\u00e4het\u00e4 raketti avaruuteen, kilpaile py\u00f6r\u00e4radalla ja nouse kaikkien ylle korkeuksiin! Keksij\u00f6iden kent\u00e4ll\u00e4 on tarjolla monipuolista tekemist\u00e4 kaikenik\u00e4isille vieraille.","og_url":"https:\/\/www.prototehas.ee\/fi\/kokeile-omin-kasin\/","og_site_name":"PROTO avastustehas","article_publisher":"https:\/\/www.facebook.com\/prototehas\/","article_modified_time":"2024-06-26T10:43:30+00:00","twitter_card":"summary_large_image","twitter_misc":{"Arvioitu lukuaika":"3 minuuttia"},"schema":{"@context":"https:\/\/schema.org","@graph":[{"@type":"WebPage","@id":"https:\/\/www.prototehas.ee\/fi\/kokeile-omin-kasin\/","url":"https:\/\/www.prototehas.ee\/fi\/kokeile-omin-kasin\/","name":"Tegevuseksponaadid - VR Keskus - PROTO avastustehas","isPartOf":{"@id":"https:\/\/www.prototehas.ee\/fi\/#website"},"datePublished":"2019-10-16T09:45:40+00:00","dateModified":"2024-06-26T10:43:30+00:00","breadcrumb":{"@id":"https:\/\/www.prototehas.ee\/fi\/kokeile-omin-kasin\/#breadcrumb"},"inLanguage":"fi","potentialAction":[{"@type":"ReadAction","target":["https:\/\/www.prototehas.ee\/fi\/kokeile-omin-kasin\/"]}]},{"@type":"BreadcrumbList","@id":"https:\/\/www.prototehas.ee\/fi\/kokeile-omin-kasin\/#breadcrumb","itemListElement":[{"@type":"ListItem","position":1,"name":"Avaleht","item":"https:\/\/www.prototehas.ee\/fi\/"},{"@type":"ListItem","position":2,"name":"KOKEILE OMIN K\u00c4SIN"}]},{"@type":"WebSite","@id":"https:\/\/www.prototehas.ee\/fi\/#website","url":"https:\/\/www.prototehas.ee\/fi\/","name":"PROTO avastustehas","description":"Where science meets fantasy","publisher":{"@id":"https:\/\/www.prototehas.ee\/fi\/#organization"},"potentialAction":[{"@type":"SearchAction","target":{"@type":"EntryPoint","urlTemplate":"https:\/\/www.prototehas.ee\/fi\/?s={search_term_string}"},"query-input":{"@type":"PropertyValueSpecification","valueRequired":true,"valueName":"search_term_string"}}],"inLanguage":"fi"},{"@type":"Organization","@id":"https:\/\/www.prototehas.ee\/fi\/#organization","name":"PROTO avastustehas","url":"https:\/\/www.prototehas.ee\/fi\/","logo":{"@type":"ImageObject","inLanguage":"fi","@id":"https:\/\/www.prototehas.ee\/fi\/#\/schema\/logo\/image\/","url":"https:\/\/www.prototehas.ee\/wp-content\/uploads\/2019\/10\/prototehas_logo_et_2.svg","contentUrl":"https:\/\/www.prototehas.ee\/wp-content\/uploads\/2019\/10\/prototehas_logo_et_2.svg","width":100,"height":100,"caption":"PROTO avastustehas"},"image":{"@id":"https:\/\/www.prototehas.ee\/fi\/#\/schema\/logo\/image\/"},"sameAs":["https:\/\/www.facebook.com\/prototehas\/"]}]}},"_links":{"self":[{"href":"https:\/\/www.prototehas.ee\/fi\/wp-json\/wp\/v2\/pages\/4505","targetHints":{"allow":["GET"]}}],"collection":[{"href":"https:\/\/www.prototehas.ee\/fi\/wp-json\/wp\/v2\/pages"}],"about":[{"href":"https:\/\/www.prototehas.ee\/fi\/wp-json\/wp\/v2\/types\/page"}],"author":[{"embeddable":true,"href":"https:\/\/www.prototehas.ee\/fi\/wp-json\/wp\/v2\/users\/19"}],"replies":[{"embeddable":true,"href":"https:\/\/www.prototehas.ee\/fi\/wp-json\/wp\/v2\/comments?post=4505"}],"version-history":[{"count":4,"href":"https:\/\/www.prototehas.ee\/fi\/wp-json\/wp\/v2\/pages\/4505\/revisions"}],"predecessor-version":[{"id":29851,"href":"https:\/\/www.prototehas.ee\/fi\/wp-json\/wp\/v2\/pages\/4505\/revisions\/29851"}],"wp:attachment":[{"href":"https:\/\/www.prototehas.ee\/fi\/wp-json\/wp\/v2\/media?parent=4505"}],"curies":[{"name":"wp","href":"https:\/\/api.w.org\/{rel}","templated":true}]}}