{"id":6795,"date":"2019-11-29T12:06:57","date_gmt":"2019-11-29T12:06:57","guid":{"rendered":"http:\/\/protodev.ee\/?page_id=6795"},"modified":"2026-04-24T17:25:10","modified_gmt":"2026-04-24T17:25:10","slug":"uutiskirje","status":"publish","type":"page","link":"https:\/\/www.prototehas.ee\/fi\/uutiskirje\/","title":{"rendered":"UUTISKIRJE"},"content":{"rendered":"[et_pb_section fb_built=&#8221;1&#8243; _builder_version=&#8221;4.24.2&#8243; _module_preset=&#8221;default&#8221; global_colors_info=&#8221;{}&#8221;][et_pb_row _builder_version=&#8221;4.24.2&#8243; _module_preset=&#8221;default&#8221; global_colors_info=&#8221;{}&#8221;][et_pb_column type=&#8221;4_4&#8243; _builder_version=&#8221;4.24.2&#8243; _module_preset=&#8221;default&#8221; global_colors_info=&#8221;{}&#8221;][et_pb_text _builder_version=&#8221;4.24.2&#8243; _module_preset=&#8221;default&#8221; custom_padding=&#8221;||2px|||&#8221; global_colors_info=&#8221;{}&#8221;]<h1 style=\"text-align: center;\">PROTO UUTISKIRJE<\/h1>\n<p style=\"text-align: center;\">Liity PROTO-uutiskirjeiden tilaajaksi!<\/p>[\/et_pb_text][\/et_pb_column][\/et_pb_row][et_pb_row admin_label=&#8221;CTA Button&#8221; _builder_version=&#8221;4.24.2&#8243; background_color=&#8221;#FFFFFF&#8221; module_alignment=&#8221;center&#8221; min_height=&#8221;467.3px&#8221; custom_margin=&#8221;|auto|14px|577px|false|false&#8221; custom_padding=&#8221;||||false|false&#8221; border_radii=&#8221;on|20px|20px|20px|20px&#8221; border_width_all=&#8221;1px&#8221; border_color_all=&#8221;#000000&#8243; global_colors_info=&#8221;{}&#8221;][et_pb_column type=&#8221;4_4&#8243; _builder_version=&#8221;4.16&#8243; custom_padding=&#8221;|||&#8221; global_colors_info=&#8221;{}&#8221; custom_padding__hover=&#8221;|||&#8221;][et_pb_text module_class=&#8221;regular-text-header&#8221; _builder_version=&#8221;4.16&#8243; header_font=&#8221;Amsi Pro Condensed Black||||||||&#8221; global_colors_info=&#8221;{}&#8221;]<h1 style=\"text-align: center;\">PROTO UUTISKIRJE<\/h1>[\/et_pb_text][et_pb_text module_class=&#8221;regular-text&#8221; _builder_version=&#8221;4.24.2&#8243; custom_margin=&#8221;||-2px|||&#8221; global_colors_info=&#8221;{}&#8221;]<h5 style=\"text-align: center;\">Pysy ajan tasalla parhaista tarjouksista, tapahtumista ja uutisista!<\/h5>\n<p style=\"text-align: center;\">Saat kuukausittain tietoa talon ohjelmista, uutisista ja tapahtumista.<\/p>[\/et_pb_text][et_pb_signup mailchimp_list=&#8221;PROTO avastustehas|9220fc0448&#8243; layout=&#8221;bottom_top&#8221; success_action=&#8221;redirect&#8221; success_redirect_url=&#8221;https:\/\/www.prototehas.ee\/uudiskiri-taname\/&#8221; button_text=&#8221;Liity uutiskirjeeseen&#8221; module_id=&#8221;est-new-newsletter&#8221; module_class=&#8221;new-newsletter&#8221; _builder_version=&#8221;4.24.2&#8243; form_field_background_color=&#8221;#ffffff&#8221; form_field_focus_background_color=&#8221;#ffffff&#8221; header_font=&#8221;Nunito||||||||&#8221; result_message_font=&#8221;Nunito||||||||&#8221; result_message_text_color=&#8221;#ffffff&#8221; result_message_font_size=&#8221;17px&#8221; form_field_font=&#8221;Nunito||||||||&#8221; background_color=&#8221;rgba(126,190,197,0)&#8221; button_bg_image=&#8221;https:\/\/www.prototehas.ee\/wp-content\/uploads\/2019\/11\/punane_nupp_255x72px.svg&#8221; custom_margin=&#8221;|15%||15%|false|true&#8221; custom_margin_tablet=&#8221;|0%||0%|false|true&#8221; custom_margin_phone=&#8221;|0%||0%|false|true&#8221; custom_margin_last_edited=&#8221;on|phone&#8221; hover_enabled=&#8221;0&#8243; button_text_size_tablet=&#8221;&#8221; button_text_size_phone=&#8221;20px&#8221; button_text_size_last_edited=&#8221;on|phone&#8221; custom_css_newsletter_form=&#8221;margin-bottom: -30px;&#8221; border_width_all_fields=&#8221;1px&#8221; focus_background_color=&#8221;#ffffff&#8221; global_colors_info=&#8221;{}&#8221; button_border_width__hover_enabled=&#8221;on&#8221; button_border_color__hover_enabled=&#8221;on|hover&#8221; button_border_color__hover=&#8221;rgba(0,0,0,0)&#8221; sticky_enabled=&#8221;0&#8243;][\/et_pb_signup][\/et_pb_column][\/et_pb_row][et_pb_row _builder_version=&#8221;4.24.2&#8243; _module_preset=&#8221;default&#8221; background_color=&#8221;RGBA(255,255,255,0)&#8221; vertical_offset=&#8221;-6px&#8221; border_radii=&#8221;on|20px|20px|20px|20px&#8221; global_colors_info=&#8221;{}&#8221;][et_pb_column type=&#8221;4_4&#8243; _builder_version=&#8221;4.24.2&#8243; _module_preset=&#8221;default&#8221; global_colors_info=&#8221;{}&#8221;][et_pb_signup mailchimp_list=&#8221;PROTO avastustehas|b8ba2bc283&#8243; first_name_field=&#8221;off&#8221; last_name_field=&#8221;off&#8221; button_text=&#8221;Liity uutiskirjeeseen&#8221; description=&#8221;<h2 style=%22text-align: center;%22>UUTISKIRJE KOULUTUSAKTIVITEETTIEN YST\u00c4VILLE<\/h2>\n<p><span><\/span><\/p>\n<p style=%22text-align: center;%22>PROTO-erikoisuutiskirje tuo sinulle uutiset koulutusty\u00f6pajoistamme, leireist\u00e4mme ja oppimisohjelmistamme. Liity saadaksesi ajankohtaista tietoa koulutusmahdollisuuksistamme ja suunnitellaksesi unohtumattomia kokemuksia oppilaillesi!<\/p>&#8221; _builder_version=&#8221;4.24.2&#8243; _module_preset=&#8221;default&#8221; form_field_background_color=&#8221;#FFFFFF&#8221; form_field_text_color=&#8221;#000000&#8243; form_field_font=&#8221;Amsi Pro Light||||||||&#8221; custom_button=&#8221;on&#8221; button_text_color=&#8221;#000000&#8243; button_bg_color=&#8221;#FFFFFF&#8221; button_icon=&#8221;&#x49;||divi||400&#8243; button_on_hover=&#8221;off&#8221; global_colors_info=&#8221;{}&#8221;][\/et_pb_signup][\/et_pb_column][\/et_pb_row][\/et_pb_section][et_pb_section fb_built=&#8221;1&#8243; _builder_version=&#8221;4.24.2&#8243; _module_preset=&#8221;default&#8221; global_colors_info=&#8221;{}&#8221;][\/et_pb_section]<span class=\"et_bloom_bottom_trigger\"><\/span>","protected":false},"excerpt":{"rendered":"<p>PROTO UUTISKIRJE Liity PROTO-uutiskirjeiden tilaajaksi!PROTO UUTISKIRJEPysy ajan tasalla parhaista tarjouksista, tapahtumista ja uutisista! Saat kuukausittain tietoa talon ohjelmista, uutisista ja tapahtumista.<\/p>\n","protected":false},"author":19,"featured_media":0,"parent":0,"menu_order":0,"comment_status":"closed","ping_status":"closed","template":"","meta":{"_acf_changed":false,"_et_pb_use_builder":"on","_et_pb_old_content":"","_et_gb_content_width":"","inline_featured_image":false,"footnotes":""},"class_list":["post-6795","page","type-page","status-publish","hentry"],"acf":[],"yoast_head":"<!-- This site is optimized with the Yoast SEO plugin v26.9 - https:\/\/yoast.com\/product\/yoast-seo-wordpress\/ -->\n<title>UUTISKIRJE - PROTO avastustehas<\/title>\n<meta name=\"description\" content=\"Liity PROTO-uutiskirjeeseen ja ota selv\u00e4\u00e4 mit\u00e4 talossa tapahtuu. Tilaa uutiskirje t\u00e4st\u00e4!\" \/>\n<meta name=\"robots\" content=\"index, follow, max-snippet:-1, max-image-preview:large, max-video-preview:-1\" \/>\n<link rel=\"canonical\" href=\"https:\/\/www.prototehas.ee\/fi\/uutiskirje\/\" \/>\n<meta property=\"og:locale\" content=\"fi_FI\" \/>\n<meta property=\"og:type\" content=\"article\" \/>\n<meta property=\"og:title\" content=\"UUTISKIRJE - PROTO avastustehas\" \/>\n<meta property=\"og:description\" content=\"Liity PROTO-uutiskirjeeseen ja ota selv\u00e4\u00e4 mit\u00e4 talossa tapahtuu. Tilaa uutiskirje t\u00e4st\u00e4!\" \/>\n<meta property=\"og:url\" content=\"https:\/\/www.prototehas.ee\/fi\/uutiskirje\/\" \/>\n<meta property=\"og:site_name\" content=\"PROTO avastustehas\" \/>\n<meta property=\"article:publisher\" content=\"https:\/\/www.facebook.com\/prototehas\/\" \/>\n<meta property=\"article:modified_time\" content=\"2026-04-24T17:25:10+00:00\" \/>\n<meta name=\"twitter:card\" content=\"summary_large_image\" \/>\n<meta name=\"twitter:label1\" content=\"Arvioitu lukuaika\" \/>\n\t<meta name=\"twitter:data1\" content=\"1 minuutti\" \/>\n<script type=\"application\/ld+json\" class=\"yoast-schema-graph\">{\"@context\":\"https:\/\/schema.org\",\"@graph\":[{\"@type\":\"WebPage\",\"@id\":\"https:\/\/www.prototehas.ee\/fi\/uutiskirje\/\",\"url\":\"https:\/\/www.prototehas.ee\/fi\/uutiskirje\/\",\"name\":\"UUTISKIRJE - PROTO avastustehas\",\"isPartOf\":{\"@id\":\"https:\/\/www.prototehas.ee\/fi\/#website\"},\"datePublished\":\"2019-11-29T12:06:57+00:00\",\"dateModified\":\"2026-04-24T17:25:10+00:00\",\"description\":\"Liity PROTO-uutiskirjeeseen ja ota selv\u00e4\u00e4 mit\u00e4 talossa tapahtuu. Tilaa uutiskirje t\u00e4st\u00e4!\",\"breadcrumb\":{\"@id\":\"https:\/\/www.prototehas.ee\/fi\/uutiskirje\/#breadcrumb\"},\"inLanguage\":\"fi\",\"potentialAction\":[{\"@type\":\"ReadAction\",\"target\":[\"https:\/\/www.prototehas.ee\/fi\/uutiskirje\/\"]}]},{\"@type\":\"BreadcrumbList\",\"@id\":\"https:\/\/www.prototehas.ee\/fi\/uutiskirje\/#breadcrumb\",\"itemListElement\":[{\"@type\":\"ListItem\",\"position\":1,\"name\":\"Avaleht\",\"item\":\"https:\/\/www.prototehas.ee\/fi\/\"},{\"@type\":\"ListItem\",\"position\":2,\"name\":\"UUTISKIRJE\"}]},{\"@type\":\"WebSite\",\"@id\":\"https:\/\/www.prototehas.ee\/fi\/#website\",\"url\":\"https:\/\/www.prototehas.ee\/fi\/\",\"name\":\"PROTO avastustehas\",\"description\":\"Where science meets fantasy\",\"publisher\":{\"@id\":\"https:\/\/www.prototehas.ee\/fi\/#organization\"},\"potentialAction\":[{\"@type\":\"SearchAction\",\"target\":{\"@type\":\"EntryPoint\",\"urlTemplate\":\"https:\/\/www.prototehas.ee\/fi\/?s={search_term_string}\"},\"query-input\":{\"@type\":\"PropertyValueSpecification\",\"valueRequired\":true,\"valueName\":\"search_term_string\"}}],\"inLanguage\":\"fi\"},{\"@type\":\"Organization\",\"@id\":\"https:\/\/www.prototehas.ee\/fi\/#organization\",\"name\":\"PROTO avastustehas\",\"url\":\"https:\/\/www.prototehas.ee\/fi\/\",\"logo\":{\"@type\":\"ImageObject\",\"inLanguage\":\"fi\",\"@id\":\"https:\/\/www.prototehas.ee\/fi\/#\/schema\/logo\/image\/\",\"url\":\"https:\/\/www.prototehas.ee\/wp-content\/uploads\/2019\/10\/prototehas_logo_et_2.svg\",\"contentUrl\":\"https:\/\/www.prototehas.ee\/wp-content\/uploads\/2019\/10\/prototehas_logo_et_2.svg\",\"width\":100,\"height\":100,\"caption\":\"PROTO avastustehas\"},\"image\":{\"@id\":\"https:\/\/www.prototehas.ee\/fi\/#\/schema\/logo\/image\/\"},\"sameAs\":[\"https:\/\/www.facebook.com\/prototehas\/\"]}]}<\/script>\n<!-- \/ Yoast SEO plugin. -->","yoast_head_json":{"title":"UUTISKIRJE - PROTO avastustehas","description":"Liity PROTO-uutiskirjeeseen ja ota selv\u00e4\u00e4 mit\u00e4 talossa tapahtuu. Tilaa uutiskirje t\u00e4st\u00e4!","robots":{"index":"index","follow":"follow","max-snippet":"max-snippet:-1","max-image-preview":"max-image-preview:large","max-video-preview":"max-video-preview:-1"},"canonical":"https:\/\/www.prototehas.ee\/fi\/uutiskirje\/","og_locale":"fi_FI","og_type":"article","og_title":"UUTISKIRJE - PROTO avastustehas","og_description":"Liity PROTO-uutiskirjeeseen ja ota selv\u00e4\u00e4 mit\u00e4 talossa tapahtuu. Tilaa uutiskirje t\u00e4st\u00e4!","og_url":"https:\/\/www.prototehas.ee\/fi\/uutiskirje\/","og_site_name":"PROTO avastustehas","article_publisher":"https:\/\/www.facebook.com\/prototehas\/","article_modified_time":"2026-04-24T17:25:10+00:00","twitter_card":"summary_large_image","twitter_misc":{"Arvioitu lukuaika":"1 minuutti"},"schema":{"@context":"https:\/\/schema.org","@graph":[{"@type":"WebPage","@id":"https:\/\/www.prototehas.ee\/fi\/uutiskirje\/","url":"https:\/\/www.prototehas.ee\/fi\/uutiskirje\/","name":"UUTISKIRJE - PROTO avastustehas","isPartOf":{"@id":"https:\/\/www.prototehas.ee\/fi\/#website"},"datePublished":"2019-11-29T12:06:57+00:00","dateModified":"2026-04-24T17:25:10+00:00","description":"Liity PROTO-uutiskirjeeseen ja ota selv\u00e4\u00e4 mit\u00e4 talossa tapahtuu. Tilaa uutiskirje t\u00e4st\u00e4!","breadcrumb":{"@id":"https:\/\/www.prototehas.ee\/fi\/uutiskirje\/#breadcrumb"},"inLanguage":"fi","potentialAction":[{"@type":"ReadAction","target":["https:\/\/www.prototehas.ee\/fi\/uutiskirje\/"]}]},{"@type":"BreadcrumbList","@id":"https:\/\/www.prototehas.ee\/fi\/uutiskirje\/#breadcrumb","itemListElement":[{"@type":"ListItem","position":1,"name":"Avaleht","item":"https:\/\/www.prototehas.ee\/fi\/"},{"@type":"ListItem","position":2,"name":"UUTISKIRJE"}]},{"@type":"WebSite","@id":"https:\/\/www.prototehas.ee\/fi\/#website","url":"https:\/\/www.prototehas.ee\/fi\/","name":"PROTO avastustehas","description":"Where science meets fantasy","publisher":{"@id":"https:\/\/www.prototehas.ee\/fi\/#organization"},"potentialAction":[{"@type":"SearchAction","target":{"@type":"EntryPoint","urlTemplate":"https:\/\/www.prototehas.ee\/fi\/?s={search_term_string}"},"query-input":{"@type":"PropertyValueSpecification","valueRequired":true,"valueName":"search_term_string"}}],"inLanguage":"fi"},{"@type":"Organization","@id":"https:\/\/www.prototehas.ee\/fi\/#organization","name":"PROTO avastustehas","url":"https:\/\/www.prototehas.ee\/fi\/","logo":{"@type":"ImageObject","inLanguage":"fi","@id":"https:\/\/www.prototehas.ee\/fi\/#\/schema\/logo\/image\/","url":"https:\/\/www.prototehas.ee\/wp-content\/uploads\/2019\/10\/prototehas_logo_et_2.svg","contentUrl":"https:\/\/www.prototehas.ee\/wp-content\/uploads\/2019\/10\/prototehas_logo_et_2.svg","width":100,"height":100,"caption":"PROTO avastustehas"},"image":{"@id":"https:\/\/www.prototehas.ee\/fi\/#\/schema\/logo\/image\/"},"sameAs":["https:\/\/www.facebook.com\/prototehas\/"]}]}},"_links":{"self":[{"href":"https:\/\/www.prototehas.ee\/fi\/wp-json\/wp\/v2\/pages\/6795","targetHints":{"allow":["GET"]}}],"collection":[{"href":"https:\/\/www.prototehas.ee\/fi\/wp-json\/wp\/v2\/pages"}],"about":[{"href":"https:\/\/www.prototehas.ee\/fi\/wp-json\/wp\/v2\/types\/page"}],"author":[{"embeddable":true,"href":"https:\/\/www.prototehas.ee\/fi\/wp-json\/wp\/v2\/users\/19"}],"replies":[{"embeddable":true,"href":"https:\/\/www.prototehas.ee\/fi\/wp-json\/wp\/v2\/comments?post=6795"}],"version-history":[{"count":6,"href":"https:\/\/www.prototehas.ee\/fi\/wp-json\/wp\/v2\/pages\/6795\/revisions"}],"predecessor-version":[{"id":37160,"href":"https:\/\/www.prototehas.ee\/fi\/wp-json\/wp\/v2\/pages\/6795\/revisions\/37160"}],"wp:attachment":[{"href":"https:\/\/www.prototehas.ee\/fi\/wp-json\/wp\/v2\/media?parent=6795"}],"curies":[{"name":"wp","href":"https:\/\/api.w.org\/{rel}","templated":true}]}}