{"id":8936,"date":"2020-02-11T13:52:47","date_gmt":"2020-02-11T13:52:47","guid":{"rendered":"http:\/\/protodev.ee\/?page_id=8936"},"modified":"2025-11-19T09:22:33","modified_gmt":"2025-11-19T09:22:33","slug":"pantera-saali","status":"publish","type":"page","link":"https:\/\/www.prototehas.ee\/fi\/pantera-saali\/","title":{"rendered":"PANTERA SAALI"},"content":{"rendered":"[et_pb_section fb_built=&#8221;1&#8243; _builder_version=&#8221;4.16&#8243; background_enable_image=&#8221;off&#8221; locked=&#8221;off&#8221; global_colors_info=&#8221;{}&#8221;][et_pb_row admin_label=&#8221;Eesti Maitsed&#8221; _builder_version=&#8221;4.24.2&#8243; _module_preset=&#8221;default&#8221; locked=&#8221;off&#8221; global_colors_info=&#8221;{}&#8221;][et_pb_column type=&#8221;4_4&#8243; _builder_version=&#8221;4.16&#8243; _module_preset=&#8221;default&#8221; global_colors_info=&#8221;{}&#8221;][et_pb_heading title=&#8221;PANTERA SAALI&#8221; _builder_version=&#8221;4.24.2&#8243; _module_preset=&#8221;c9a4dd29-8345-43ea-bd4d-e73ae35e5717&#8243; global_colors_info=&#8221;{}&#8221;][\/et_pb_heading][et_pb_text _builder_version=&#8221;4.24.2&#8243; _module_preset=&#8221;e179c0c4-c115-407d-a110-ebe813713cd6&#8243; custom_padding=&#8221;|90px||90px|false|false&#8221; custom_padding_tablet=&#8221;|20px||20px|false|false&#8221; custom_padding_phone=&#8221;|0px||0px|false|false&#8221; custom_padding_last_edited=&#8221;on|tablet&#8221; global_colors_info=&#8221;{}&#8221;]<p>PROTO avastustehasella on upea Pantera-sali, jossa korkeat katot, n\u00e4ytt\u00e4v\u00e4t ikkunat, historialliset yksityiskohdat ja alkuper\u00e4inen 1800-luvun lattia luovat aitoa tehdasilmapiiri\u00e4 etsiville t\u00e4ydellisen ymp\u00e4rist\u00f6n. Dekoratiivivalojen avulla salista voi luoda j\u00e4nnitt\u00e4v\u00e4n juhlasalin, ja suuren n\u00e4yt\u00f6n sek\u00e4 projektoria voi hy\u00f6dynt\u00e4\u00e4 monipuolisesti.<\/p>\n<p>Laadukas \u00e4\u00e4nentoisto, kaksi langatonta mikrofonia, lava ja siirrett\u00e4v\u00e4 v\u00e4lisein\u00e4 mahdollistavat tilan jakamisen kahteen osaan, mik\u00e4 tekee tilasta sopivan niin juhlaviin vastaanottoihin, yrityksen syntym\u00e4p\u00e4iviin kuin joulutapahtumiinkin.<\/p>[\/et_pb_text][\/et_pb_column][\/et_pb_row][et_pb_row column_structure=&#8221;1_2,1_2&#8243; use_custom_gutter=&#8221;on&#8221; gutter_width=&#8221;1&#8243; make_equal=&#8221;on&#8221; admin_label=&#8221;Card Image Right&#8221; _builder_version=&#8221;4.24.2&#8243; _module_preset=&#8221;default&#8221; background_color=&#8221;#FFFFFF&#8221; custom_margin=&#8221;25px||25px||false|false&#8221; custom_padding=&#8221;0px||0px||false|false&#8221; border_radii=&#8221;on|20px|20px|20px|20px&#8221; locked=&#8221;off&#8221; global_colors_info=&#8221;{}&#8221; custom_css_main_element_last_edited=&#8221;on|tablet&#8221;][et_pb_column type=&#8221;1_2&#8243; _builder_version=&#8221;4.24.2&#8243; _module_preset=&#8221;default&#8221; custom_padding=&#8221;|30px||30px|false|false&#8221; global_colors_info=&#8221;{}&#8221;][et_pb_heading title=&#8221;PANTERA SAALI&#8221; _builder_version=&#8221;4.24.2&#8243; _module_preset=&#8221;default&#8221; title_level=&#8221;h2&#8243; title_font=&#8221;Amsi Pro Cond Bold|||on|||||&#8221; title_text_align=&#8221;center&#8221; background_color=&#8221;rgba(255,255,255,0)&#8221; custom_margin=&#8221;30px||0px||false|false&#8221; global_colors_info=&#8221;{}&#8221;][\/et_pb_heading][et_pb_text _builder_version=&#8221;4.24.2&#8243; _module_preset=&#8221;e179c0c4-c115-407d-a110-ebe813713cd6&#8243; custom_margin=&#8221;|0px|||false|false&#8221; custom_padding=&#8221;11px||30px|0px|false|false&#8221; hover_enabled=&#8221;0&#8243; global_colors_info=&#8221;{}&#8221; sticky_enabled=&#8221;0&#8243;]<p>Sali on varustettu suurella n\u00e4yt\u00f6ll\u00e4 ja projektorilla. K\u00e4ytett\u00e4viss\u00e4 on hyv\u00e4 \u00e4\u00e4nij\u00e4rjestelm\u00e4, kaksi k\u00e4simikrofonia ja kaksi solmiomikrofonia sek\u00e4 lava. Liikuteltavan v\u00e4lisein\u00e4n avulla sali voidaan jakaa kahdeksi tilaksi. Tila sopii niin konferensseihin, seminaareihin, juhliin kuin juhlallisiin vastaanottoihin.<\/p>\n<p class=\"tw-data-text tw-text-large tw-ta\" data-placeholder=\"Translation\" id=\"tw-target-text\" aria-label=\"Translated text\" data-ved=\"2ahUKEwiYx7nlr_aGAxV_JxAIHea_BP0Q3ewLegQICBAU\" dir=\"ltr\"><span class=\"Y2IQFc\" lang=\"fi\">Tilan lis\u00e4ksi tarjoamme juhlallesi <strong><a href=\"https:\/\/www.prototehas.ee\/en\/catering\/\">PROTO-catering<\/a>.<\/strong><\/span><\/p>\n<p><strong>Koko<\/strong>: 266,2 m2<br \/><strong>Teatteri<\/strong>: 220 hl\u00f6<br \/><strong>Gala<\/strong>: 140 hl\u00f6<\/p>\n<p><strong>TILAN SUUNNITELMAT:<\/strong><br \/><strong><\/strong>1. <a href=\"https:\/\/www.prototehas.ee\/wp-content\/uploads\/2025\/11\/Pantera-plaan-nov-2025.pdf\" target=\"_blank\" rel=\"noopener\">Panteran pohjapiirros, tyhj\u00e4<\/a><br \/>2. <a href=\"https:\/\/www.prototehas.ee\/wp-content\/uploads\/2020\/03\/05-PANTERA_porand.pdf\" target=\"_blank\" rel=\"noopener noreferrer\">Panteran pohjapiirros, erilaiset asetelmat<\/a><br \/><strong><br \/>Varaukset:<br \/><a href=\"mailto:booking@protofactory.ee\">booking@protofactory.ee<\/a><br \/>+372 53 620 400<\/strong><\/p>[\/et_pb_text][\/et_pb_column][et_pb_column type=&#8221;1_2&#8243; _builder_version=&#8221;4.24.2&#8243; _module_preset=&#8221;default&#8221; global_colors_info=&#8221;{}&#8221;][et_pb_image src=&#8221;https:\/\/www.prototehas.ee\/wp-content\/uploads\/2024\/05\/E19I7369-scaled.jpg&#8221; alt=&#8221;Pantera saali dekoreeritud&#8221; title_text=&#8221;Pantera saal&#8221; show_bottom_space=&#8221;off&#8221; module_class=&#8221;pa-full-height-image-column&#8221; _builder_version=&#8221;4.24.2&#8243; _module_preset=&#8221;default&#8221; height=&#8221;100%&#8221; global_colors_info=&#8221;{}&#8221;][\/et_pb_image][\/et_pb_column][\/et_pb_row][et_pb_row use_custom_gutter=&#8221;on&#8221; gutter_width=&#8221;1&#8243; admin_label=&#8221;Eesti Maitsed&#8221; _builder_version=&#8221;4.24.2&#8243; _module_preset=&#8221;default&#8221; width=&#8221;100%&#8221; locked=&#8221;off&#8221; global_colors_info=&#8221;{}&#8221;][et_pb_column type=&#8221;4_4&#8243; _builder_version=&#8221;4.16&#8243; _module_preset=&#8221;default&#8221; global_colors_info=&#8221;{}&#8221;][et_pb_heading title=&#8221;kuvagalleria&#8221; _builder_version=&#8221;4.24.2&#8243; _module_preset=&#8221;c9a4dd29-8345-43ea-bd4d-e73ae35e5717&#8243; custom_margin=&#8221;||30px||false|false&#8221; global_colors_info=&#8221;{}&#8221;][\/et_pb_heading][et_pb_gallery gallery_ids=&#8221;26949,26939,26944,24234,24222,27258,27416,27422&#8243; posts_number=&#8221;8&#8243; show_title_and_caption=&#8221;off&#8221; show_pagination=&#8221;off&#8221; zoom_icon_color=&#8221;#6400FF&#8221; hover_overlay_color=&#8221;rgba(255,255,255,0.52)&#8221; hover_icon=&#8221;&#x2d;||divi||400&#8243; module_class=&#8221;col-width&#8221; _builder_version=&#8221;4.24.2&#8243; _module_preset=&#8221;default&#8221; custom_margin=&#8221;||||false|false&#8221; custom_margin_tablet=&#8221;||||false|false&#8221; custom_margin_phone=&#8221;||||false|false&#8221; custom_margin_last_edited=&#8221;on|tablet&#8221; custom_padding=&#8221;|10px||10px|false|false&#8221; border_width_all=&#8221;14px&#8221; border_color_all=&#8221;RGBA(255,255,255,0)&#8221; border_width_all_tablet=&#8221;14px&#8221; border_width_all_phone=&#8221;6px&#8221; border_width_all_last_edited=&#8221;on|phone&#8221; border_radii_image=&#8221;on|12px|12px|12px|12px&#8221; global_colors_info=&#8221;{}&#8221;][\/et_pb_gallery][\/et_pb_column][\/et_pb_row][\/et_pb_section]<span class=\"et_bloom_bottom_trigger\"><\/span>","protected":false},"excerpt":{"rendered":"<p>PROTO avastustehasella on upea Pantera-sali, jossa korkeat katot, n\u00e4ytt\u00e4v\u00e4t ikkunat, historialliset yksityiskohdat ja alkuper\u00e4inen 1800-luvun lattia luovat aitoa tehdasilmapiiri\u00e4 etsiville t\u00e4ydellisen ymp\u00e4rist\u00f6n. Dekoratiivivalojen avulla salista voi luoda j\u00e4nnitt\u00e4v\u00e4n juhlasalin, ja suuren n\u00e4yt\u00f6n sek\u00e4 projektoria voi hy\u00f6dynt\u00e4\u00e4 monipuolisesti. Laadukas \u00e4\u00e4nentoisto, kaksi langatonta mikrofonia, lava ja siirrett\u00e4v\u00e4 v\u00e4lisein\u00e4 mahdollistavat tilan jakamisen kahteen osaan, mik\u00e4 tekee tilasta sopivan [&hellip;]<\/p>\n","protected":false},"author":19,"featured_media":0,"parent":0,"menu_order":0,"comment_status":"closed","ping_status":"closed","template":"","meta":{"_acf_changed":false,"_et_pb_use_builder":"on","_et_pb_old_content":"","_et_gb_content_width":"","inline_featured_image":false,"footnotes":""},"class_list":["post-8936","page","type-page","status-publish","hentry"],"acf":[],"yoast_head":"<!-- This site is optimized with the Yoast SEO plugin v26.9 - https:\/\/yoast.com\/product\/yoast-seo-wordpress\/ -->\n<title>Pantera Hall - Ihanteellinen juhlasali tehdastunnelmalla<\/title>\n<meta name=\"description\" content=\"Pantera-sali tarjoaa ainutlaatuisen tehdastunnelman ja on ihanteellinen virallisiin vastaanottoihin ja yritystapahtumiin.\" \/>\n<meta name=\"robots\" content=\"index, follow, max-snippet:-1, max-image-preview:large, max-video-preview:-1\" \/>\n<link rel=\"canonical\" href=\"https:\/\/www.prototehas.ee\/fi\/pantera-saali\/\" \/>\n<meta property=\"og:locale\" content=\"fi_FI\" \/>\n<meta property=\"og:type\" content=\"article\" \/>\n<meta property=\"og:title\" content=\"Pantera Hall - Ihanteellinen juhlasali tehdastunnelmalla\" \/>\n<meta property=\"og:description\" content=\"Pantera-sali tarjoaa ainutlaatuisen tehdastunnelman ja on ihanteellinen virallisiin vastaanottoihin ja yritystapahtumiin.\" \/>\n<meta property=\"og:url\" content=\"https:\/\/www.prototehas.ee\/fi\/pantera-saali\/\" \/>\n<meta property=\"og:site_name\" content=\"PROTO avastustehas\" \/>\n<meta property=\"article:publisher\" content=\"https:\/\/www.facebook.com\/prototehas\/\" \/>\n<meta property=\"article:modified_time\" content=\"2025-11-19T09:22:33+00:00\" \/>\n<meta name=\"twitter:card\" content=\"summary_large_image\" \/>\n<meta name=\"twitter:label1\" content=\"Arvioitu lukuaika\" \/>\n\t<meta name=\"twitter:data1\" content=\"3 minuuttia\" \/>\n<script type=\"application\/ld+json\" class=\"yoast-schema-graph\">{\"@context\":\"https:\/\/schema.org\",\"@graph\":[{\"@type\":\"WebPage\",\"@id\":\"https:\/\/www.prototehas.ee\/fi\/pantera-saali\/\",\"url\":\"https:\/\/www.prototehas.ee\/fi\/pantera-saali\/\",\"name\":\"Pantera Hall - Ihanteellinen juhlasali tehdastunnelmalla\",\"isPartOf\":{\"@id\":\"https:\/\/www.prototehas.ee\/fi\/#website\"},\"datePublished\":\"2020-02-11T13:52:47+00:00\",\"dateModified\":\"2025-11-19T09:22:33+00:00\",\"description\":\"Pantera-sali tarjoaa ainutlaatuisen tehdastunnelman ja on ihanteellinen virallisiin vastaanottoihin ja yritystapahtumiin.\",\"breadcrumb\":{\"@id\":\"https:\/\/www.prototehas.ee\/fi\/pantera-saali\/#breadcrumb\"},\"inLanguage\":\"fi\",\"potentialAction\":[{\"@type\":\"ReadAction\",\"target\":[\"https:\/\/www.prototehas.ee\/fi\/pantera-saali\/\"]}]},{\"@type\":\"BreadcrumbList\",\"@id\":\"https:\/\/www.prototehas.ee\/fi\/pantera-saali\/#breadcrumb\",\"itemListElement\":[{\"@type\":\"ListItem\",\"position\":1,\"name\":\"Avaleht\",\"item\":\"https:\/\/www.prototehas.ee\/fi\/\"},{\"@type\":\"ListItem\",\"position\":2,\"name\":\"PANTERA SAALI\"}]},{\"@type\":\"WebSite\",\"@id\":\"https:\/\/www.prototehas.ee\/fi\/#website\",\"url\":\"https:\/\/www.prototehas.ee\/fi\/\",\"name\":\"PROTO avastustehas\",\"description\":\"Where science meets fantasy\",\"publisher\":{\"@id\":\"https:\/\/www.prototehas.ee\/fi\/#organization\"},\"potentialAction\":[{\"@type\":\"SearchAction\",\"target\":{\"@type\":\"EntryPoint\",\"urlTemplate\":\"https:\/\/www.prototehas.ee\/fi\/?s={search_term_string}\"},\"query-input\":{\"@type\":\"PropertyValueSpecification\",\"valueRequired\":true,\"valueName\":\"search_term_string\"}}],\"inLanguage\":\"fi\"},{\"@type\":\"Organization\",\"@id\":\"https:\/\/www.prototehas.ee\/fi\/#organization\",\"name\":\"PROTO avastustehas\",\"url\":\"https:\/\/www.prototehas.ee\/fi\/\",\"logo\":{\"@type\":\"ImageObject\",\"inLanguage\":\"fi\",\"@id\":\"https:\/\/www.prototehas.ee\/fi\/#\/schema\/logo\/image\/\",\"url\":\"https:\/\/www.prototehas.ee\/wp-content\/uploads\/2019\/10\/prototehas_logo_et_2.svg\",\"contentUrl\":\"https:\/\/www.prototehas.ee\/wp-content\/uploads\/2019\/10\/prototehas_logo_et_2.svg\",\"width\":100,\"height\":100,\"caption\":\"PROTO avastustehas\"},\"image\":{\"@id\":\"https:\/\/www.prototehas.ee\/fi\/#\/schema\/logo\/image\/\"},\"sameAs\":[\"https:\/\/www.facebook.com\/prototehas\/\"]}]}<\/script>\n<!-- \/ Yoast SEO plugin. -->","yoast_head_json":{"title":"Pantera Hall - Ihanteellinen juhlasali tehdastunnelmalla","description":"Pantera-sali tarjoaa ainutlaatuisen tehdastunnelman ja on ihanteellinen virallisiin vastaanottoihin ja yritystapahtumiin.","robots":{"index":"index","follow":"follow","max-snippet":"max-snippet:-1","max-image-preview":"max-image-preview:large","max-video-preview":"max-video-preview:-1"},"canonical":"https:\/\/www.prototehas.ee\/fi\/pantera-saali\/","og_locale":"fi_FI","og_type":"article","og_title":"Pantera Hall - Ihanteellinen juhlasali tehdastunnelmalla","og_description":"Pantera-sali tarjoaa ainutlaatuisen tehdastunnelman ja on ihanteellinen virallisiin vastaanottoihin ja yritystapahtumiin.","og_url":"https:\/\/www.prototehas.ee\/fi\/pantera-saali\/","og_site_name":"PROTO avastustehas","article_publisher":"https:\/\/www.facebook.com\/prototehas\/","article_modified_time":"2025-11-19T09:22:33+00:00","twitter_card":"summary_large_image","twitter_misc":{"Arvioitu lukuaika":"3 minuuttia"},"schema":{"@context":"https:\/\/schema.org","@graph":[{"@type":"WebPage","@id":"https:\/\/www.prototehas.ee\/fi\/pantera-saali\/","url":"https:\/\/www.prototehas.ee\/fi\/pantera-saali\/","name":"Pantera Hall - Ihanteellinen juhlasali tehdastunnelmalla","isPartOf":{"@id":"https:\/\/www.prototehas.ee\/fi\/#website"},"datePublished":"2020-02-11T13:52:47+00:00","dateModified":"2025-11-19T09:22:33+00:00","description":"Pantera-sali tarjoaa ainutlaatuisen tehdastunnelman ja on ihanteellinen virallisiin vastaanottoihin ja yritystapahtumiin.","breadcrumb":{"@id":"https:\/\/www.prototehas.ee\/fi\/pantera-saali\/#breadcrumb"},"inLanguage":"fi","potentialAction":[{"@type":"ReadAction","target":["https:\/\/www.prototehas.ee\/fi\/pantera-saali\/"]}]},{"@type":"BreadcrumbList","@id":"https:\/\/www.prototehas.ee\/fi\/pantera-saali\/#breadcrumb","itemListElement":[{"@type":"ListItem","position":1,"name":"Avaleht","item":"https:\/\/www.prototehas.ee\/fi\/"},{"@type":"ListItem","position":2,"name":"PANTERA SAALI"}]},{"@type":"WebSite","@id":"https:\/\/www.prototehas.ee\/fi\/#website","url":"https:\/\/www.prototehas.ee\/fi\/","name":"PROTO avastustehas","description":"Where science meets fantasy","publisher":{"@id":"https:\/\/www.prototehas.ee\/fi\/#organization"},"potentialAction":[{"@type":"SearchAction","target":{"@type":"EntryPoint","urlTemplate":"https:\/\/www.prototehas.ee\/fi\/?s={search_term_string}"},"query-input":{"@type":"PropertyValueSpecification","valueRequired":true,"valueName":"search_term_string"}}],"inLanguage":"fi"},{"@type":"Organization","@id":"https:\/\/www.prototehas.ee\/fi\/#organization","name":"PROTO avastustehas","url":"https:\/\/www.prototehas.ee\/fi\/","logo":{"@type":"ImageObject","inLanguage":"fi","@id":"https:\/\/www.prototehas.ee\/fi\/#\/schema\/logo\/image\/","url":"https:\/\/www.prototehas.ee\/wp-content\/uploads\/2019\/10\/prototehas_logo_et_2.svg","contentUrl":"https:\/\/www.prototehas.ee\/wp-content\/uploads\/2019\/10\/prototehas_logo_et_2.svg","width":100,"height":100,"caption":"PROTO avastustehas"},"image":{"@id":"https:\/\/www.prototehas.ee\/fi\/#\/schema\/logo\/image\/"},"sameAs":["https:\/\/www.facebook.com\/prototehas\/"]}]}},"_links":{"self":[{"href":"https:\/\/www.prototehas.ee\/fi\/wp-json\/wp\/v2\/pages\/8936","targetHints":{"allow":["GET"]}}],"collection":[{"href":"https:\/\/www.prototehas.ee\/fi\/wp-json\/wp\/v2\/pages"}],"about":[{"href":"https:\/\/www.prototehas.ee\/fi\/wp-json\/wp\/v2\/types\/page"}],"author":[{"embeddable":true,"href":"https:\/\/www.prototehas.ee\/fi\/wp-json\/wp\/v2\/users\/19"}],"replies":[{"embeddable":true,"href":"https:\/\/www.prototehas.ee\/fi\/wp-json\/wp\/v2\/comments?post=8936"}],"version-history":[{"count":5,"href":"https:\/\/www.prototehas.ee\/fi\/wp-json\/wp\/v2\/pages\/8936\/revisions"}],"predecessor-version":[{"id":35796,"href":"https:\/\/www.prototehas.ee\/fi\/wp-json\/wp\/v2\/pages\/8936\/revisions\/35796"}],"wp:attachment":[{"href":"https:\/\/www.prototehas.ee\/fi\/wp-json\/wp\/v2\/media?parent=8936"}],"curies":[{"name":"wp","href":"https:\/\/api.w.org\/{rel}","templated":true}]}}