{"id":8949,"date":"2020-02-11T13:43:25","date_gmt":"2020-02-11T13:43:25","guid":{"rendered":"http:\/\/protodev.ee\/?page_id=8949"},"modified":"2024-07-23T11:58:52","modified_gmt":"2024-07-23T11:58:52","slug":"luokkahuone-tigr","status":"publish","type":"page","link":"https:\/\/www.prototehas.ee\/fi\/luokkahuone-tigr\/","title":{"rendered":"LUOKKAHUONE TIGR"},"content":{"rendered":"[et_pb_section fb_built=&#8221;1&#8243; _builder_version=&#8221;4.16&#8243; background_enable_image=&#8221;off&#8221; locked=&#8221;off&#8221; global_colors_info=&#8221;{}&#8221;][et_pb_row admin_label=&#8221;Eesti Maitsed&#8221; _builder_version=&#8221;4.24.2&#8243; _module_preset=&#8221;default&#8221; locked=&#8221;off&#8221; global_colors_info=&#8221;{}&#8221;][et_pb_column type=&#8221;4_4&#8243; _builder_version=&#8221;4.16&#8243; _module_preset=&#8221;default&#8221; global_colors_info=&#8221;{}&#8221;][et_pb_heading title=&#8221;LUOKKAHUONE TIGR&#8221; _builder_version=&#8221;4.24.2&#8243; _module_preset=&#8221;c9a4dd29-8345-43ea-bd4d-e73ae35e5717&#8243; global_colors_info=&#8221;{}&#8221;][\/et_pb_heading][et_pb_text _builder_version=&#8221;4.24.2&#8243; _module_preset=&#8221;e179c0c4-c115-407d-a110-ebe813713cd6&#8243; custom_padding=&#8221;|90px||90px|false|false&#8221; custom_padding_tablet=&#8221;|20px||20px|false|false&#8221; custom_padding_phone=&#8221;|0px||0px|false|false&#8221; custom_padding_last_edited=&#8221;on|tablet&#8221; global_colors_info=&#8221;{}&#8221;]Keksint\u00f6tehtaan toisessa kerroksessa sijaitsee viihtyis\u00e4 luokkahuone, joka sopii kokouksiin, seminaareihin, koulutuksiin, syntym\u00e4p\u00e4iviin ja opetusohjelmiin. [\/et_pb_text][\/et_pb_column][\/et_pb_row][et_pb_row column_structure=&#8221;1_2,1_2&#8243; use_custom_gutter=&#8221;on&#8221; gutter_width=&#8221;1&#8243; make_equal=&#8221;on&#8221; admin_label=&#8221;Card Image Right&#8221; _builder_version=&#8221;4.24.2&#8243; _module_preset=&#8221;default&#8221; background_color=&#8221;#FFFFFF&#8221; custom_margin=&#8221;25px||25px||false|false&#8221; custom_padding=&#8221;0px||0px||false|false&#8221; border_radii=&#8221;on|20px|20px|20px|20px&#8221; locked=&#8221;off&#8221; global_colors_info=&#8221;{}&#8221; custom_css_main_element_last_edited=&#8221;on|tablet&#8221;][et_pb_column type=&#8221;1_2&#8243; _builder_version=&#8221;4.24.2&#8243; _module_preset=&#8221;default&#8221; custom_padding=&#8221;|30px||30px|false|false&#8221; global_colors_info=&#8221;{}&#8221;][et_pb_heading title=&#8221;TIGR&#8221; _builder_version=&#8221;4.24.2&#8243; _module_preset=&#8221;default&#8221; title_font=&#8221;Amsi Pro Cond Bold|||on|||||&#8221; title_text_align=&#8221;center&#8221; background_color=&#8221;rgba(255,255,255,0)&#8221; custom_margin=&#8221;30px||0px||false|false&#8221; global_colors_info=&#8221;{}&#8221;][\/et_pb_heading][et_pb_text _builder_version=&#8221;4.24.2&#8243; _module_preset=&#8221;e179c0c4-c115-407d-a110-ebe813713cd6&#8243; custom_margin=&#8221;|0px|||false|false&#8221; custom_padding=&#8221;11px||30px|0px|false|false&#8221; hover_enabled=&#8221;0&#8243; global_colors_info=&#8221;{}&#8221; sticky_enabled=&#8221;0&#8243;]<p>Teknisiin palveluihin sis\u00e4ltyy projektorin ja n\u00e4yt\u00f6n k\u00e4ytt\u00f6 sek\u00e4 suuret valkoiset taulut ja kirjoitusv\u00e4lineet. Huoneen nurkassa on pesuallas esimerkiksi syntym\u00e4p\u00e4ivi\u00e4 ja opetusohjelmia varten. Tilaan tulee luonnonvaloa.<\/p>\n<p><strong>Koko:<\/strong> 51,7 m2<br \/><strong>Auditorio:<\/strong> 30 in<br \/><strong>Luokkahuone:<\/strong> 24 in<br \/><strong>U-muoto:<\/strong> 18 in<\/p>\n<p><strong>Tigr-kokoustilan pohjapiirros:<br \/><\/strong>1. <a href=\"https:\/\/www.prototehas.ee\/wp-content\/uploads\/2020\/03\/09-TIGR_porand.pdf\" target=\"_blank\" rel=\"noopener noreferrer\">Luokkahuoneen pohjapiirros<\/a><\/p>\n<p><strong>YHTEYSTIEDOT:<br \/><a href=\"mailto:booking@protofactory.ee\">booking@protofactory.ee<\/a><br \/>+372 53 620 400<\/strong><\/p>[\/et_pb_text][\/et_pb_column][et_pb_column type=&#8221;1_2&#8243; _builder_version=&#8221;4.24.2&#8243; _module_preset=&#8221;default&#8221; global_colors_info=&#8221;{}&#8221;][et_pb_image src=&#8221;https:\/\/www.prototehas.ee\/wp-content\/uploads\/2024\/05\/TIGR-seminariruum-PROTO-scaled.jpg&#8221; title_text=&#8221;TIGR seminariruum PROTO&#8221; show_bottom_space=&#8221;off&#8221; module_class=&#8221;pa-full-height-image-column&#8221; _builder_version=&#8221;4.24.2&#8243; _module_preset=&#8221;default&#8221; height=&#8221;100%&#8221; global_colors_info=&#8221;{}&#8221;][\/et_pb_image][\/et_pb_column][\/et_pb_row][et_pb_row use_custom_gutter=&#8221;on&#8221; gutter_width=&#8221;1&#8243; admin_label=&#8221;Eesti Maitsed&#8221; _builder_version=&#8221;4.24.2&#8243; _module_preset=&#8221;default&#8221; width=&#8221;100%&#8221; locked=&#8221;off&#8221; global_colors_info=&#8221;{}&#8221;][et_pb_column type=&#8221;4_4&#8243; _builder_version=&#8221;4.16&#8243; _module_preset=&#8221;default&#8221; global_colors_info=&#8221;{}&#8221;][et_pb_heading title=&#8221;kuvagalleria&#8221; _builder_version=&#8221;4.24.2&#8243; _module_preset=&#8221;c9a4dd29-8345-43ea-bd4d-e73ae35e5717&#8243; custom_margin=&#8221;||30px||false|false&#8221; global_colors_info=&#8221;{}&#8221;][\/et_pb_heading][et_pb_gallery gallery_ids=&#8221;27307,27312,27317&#8243; posts_number=&#8221;8&#8243; show_title_and_caption=&#8221;off&#8221; show_pagination=&#8221;off&#8221; zoom_icon_color=&#8221;#6400FF&#8221; hover_overlay_color=&#8221;rgba(255,255,255,0.52)&#8221; hover_icon=&#8221;&#x2d;||divi||400&#8243; module_class=&#8221;col-width&#8221; _builder_version=&#8221;4.24.2&#8243; _module_preset=&#8221;default&#8221; custom_margin=&#8221;||||false|false&#8221; custom_margin_tablet=&#8221;||||false|false&#8221; custom_margin_phone=&#8221;||||false|false&#8221; custom_margin_last_edited=&#8221;on|tablet&#8221; custom_padding=&#8221;|10px||10px|false|false&#8221; border_width_all=&#8221;14px&#8221; border_color_all=&#8221;RGBA(255,255,255,0)&#8221; border_width_all_tablet=&#8221;14px&#8221; border_width_all_phone=&#8221;6px&#8221; border_width_all_last_edited=&#8221;on|phone&#8221; border_radii_image=&#8221;on|12px|12px|12px|12px&#8221; global_colors_info=&#8221;{}&#8221;][\/et_pb_gallery][\/et_pb_column][\/et_pb_row][\/et_pb_section]<span class=\"et_bloom_bottom_trigger\"><\/span>","protected":false},"excerpt":{"rendered":"<p>Keksint\u00f6tehtaan toisessa kerroksessa sijaitsee viihtyis\u00e4 luokkahuone, joka sopii kokouksiin, seminaareihin, koulutuksiin, syntym\u00e4p\u00e4iviin ja opetusohjelmiin. Teknisiin palveluihin sis\u00e4ltyy projektorin ja n\u00e4yt\u00f6n k\u00e4ytt\u00f6 sek\u00e4 suuret valkoiset taulut ja kirjoitusv\u00e4lineet. Huoneen nurkassa on pesuallas esimerkiksi syntym\u00e4p\u00e4ivi\u00e4 ja opetusohjelmia varten. Tilaan tulee luonnonvaloa. Koko: 51,7 m2Auditorio: 30 inLuokkahuone: 24 inU-muoto: 18 in Tigr-kokoustilan pohjapiirros:1. Luokkahuoneen pohjapiirros YHTEYSTIEDOT:booking@protofactory.ee+372 53 620 [&hellip;]<\/p>\n","protected":false},"author":19,"featured_media":0,"parent":0,"menu_order":0,"comment_status":"closed","ping_status":"closed","template":"","meta":{"_acf_changed":false,"_et_pb_use_builder":"on","_et_pb_old_content":"","_et_gb_content_width":"","inline_featured_image":false,"footnotes":""},"class_list":["post-8949","page","type-page","status-publish","hentry"],"acf":[],"yoast_head":"<!-- This site is optimized with the Yoast SEO plugin v26.9 - https:\/\/yoast.com\/product\/yoast-seo-wordpress\/ -->\n<title>LUOKKAHUONE TIGR - PROTO avastustehas<\/title>\n<meta name=\"robots\" content=\"index, follow, max-snippet:-1, max-image-preview:large, max-video-preview:-1\" \/>\n<link rel=\"canonical\" href=\"https:\/\/www.prototehas.ee\/fi\/luokkahuone-tigr\/\" \/>\n<meta property=\"og:locale\" content=\"fi_FI\" \/>\n<meta property=\"og:type\" content=\"article\" \/>\n<meta property=\"og:title\" content=\"LUOKKAHUONE TIGR - PROTO avastustehas\" \/>\n<meta property=\"og:description\" content=\"Keksint\u00f6tehtaan toisessa kerroksessa sijaitsee viihtyis\u00e4 luokkahuone, joka sopii kokouksiin, seminaareihin, koulutuksiin, syntym\u00e4p\u00e4iviin ja opetusohjelmiin. Teknisiin palveluihin sis\u00e4ltyy projektorin ja n\u00e4yt\u00f6n k\u00e4ytt\u00f6 sek\u00e4 suuret valkoiset taulut ja kirjoitusv\u00e4lineet. Huoneen nurkassa on pesuallas esimerkiksi syntym\u00e4p\u00e4ivi\u00e4 ja opetusohjelmia varten. Tilaan tulee luonnonvaloa. Koko: 51,7 m2Auditorio: 30 inLuokkahuone: 24 inU-muoto: 18 in Tigr-kokoustilan pohjapiirros:1. Luokkahuoneen pohjapiirros YHTEYSTIEDOT:booking@protofactory.ee+372 53 620 [&hellip;]\" \/>\n<meta property=\"og:url\" content=\"https:\/\/www.prototehas.ee\/fi\/luokkahuone-tigr\/\" \/>\n<meta property=\"og:site_name\" content=\"PROTO avastustehas\" \/>\n<meta property=\"article:publisher\" content=\"https:\/\/www.facebook.com\/prototehas\/\" \/>\n<meta property=\"article:modified_time\" content=\"2024-07-23T11:58:52+00:00\" \/>\n<meta name=\"twitter:card\" content=\"summary_large_image\" \/>\n<meta name=\"twitter:label1\" content=\"Arvioitu lukuaika\" \/>\n\t<meta name=\"twitter:data1\" content=\"2 minuuttia\" \/>\n<script type=\"application\/ld+json\" class=\"yoast-schema-graph\">{\"@context\":\"https:\/\/schema.org\",\"@graph\":[{\"@type\":\"WebPage\",\"@id\":\"https:\/\/www.prototehas.ee\/fi\/luokkahuone-tigr\/\",\"url\":\"https:\/\/www.prototehas.ee\/fi\/luokkahuone-tigr\/\",\"name\":\"LUOKKAHUONE TIGR - PROTO avastustehas\",\"isPartOf\":{\"@id\":\"https:\/\/www.prototehas.ee\/fi\/#website\"},\"datePublished\":\"2020-02-11T13:43:25+00:00\",\"dateModified\":\"2024-07-23T11:58:52+00:00\",\"breadcrumb\":{\"@id\":\"https:\/\/www.prototehas.ee\/fi\/luokkahuone-tigr\/#breadcrumb\"},\"inLanguage\":\"fi\",\"potentialAction\":[{\"@type\":\"ReadAction\",\"target\":[\"https:\/\/www.prototehas.ee\/fi\/luokkahuone-tigr\/\"]}]},{\"@type\":\"BreadcrumbList\",\"@id\":\"https:\/\/www.prototehas.ee\/fi\/luokkahuone-tigr\/#breadcrumb\",\"itemListElement\":[{\"@type\":\"ListItem\",\"position\":1,\"name\":\"Avaleht\",\"item\":\"https:\/\/www.prototehas.ee\/fi\/\"},{\"@type\":\"ListItem\",\"position\":2,\"name\":\"LUOKKAHUONE TIGR\"}]},{\"@type\":\"WebSite\",\"@id\":\"https:\/\/www.prototehas.ee\/fi\/#website\",\"url\":\"https:\/\/www.prototehas.ee\/fi\/\",\"name\":\"PROTO avastustehas\",\"description\":\"Where science meets fantasy\",\"publisher\":{\"@id\":\"https:\/\/www.prototehas.ee\/fi\/#organization\"},\"potentialAction\":[{\"@type\":\"SearchAction\",\"target\":{\"@type\":\"EntryPoint\",\"urlTemplate\":\"https:\/\/www.prototehas.ee\/fi\/?s={search_term_string}\"},\"query-input\":{\"@type\":\"PropertyValueSpecification\",\"valueRequired\":true,\"valueName\":\"search_term_string\"}}],\"inLanguage\":\"fi\"},{\"@type\":\"Organization\",\"@id\":\"https:\/\/www.prototehas.ee\/fi\/#organization\",\"name\":\"PROTO avastustehas\",\"url\":\"https:\/\/www.prototehas.ee\/fi\/\",\"logo\":{\"@type\":\"ImageObject\",\"inLanguage\":\"fi\",\"@id\":\"https:\/\/www.prototehas.ee\/fi\/#\/schema\/logo\/image\/\",\"url\":\"https:\/\/www.prototehas.ee\/wp-content\/uploads\/2019\/10\/prototehas_logo_et_2.svg\",\"contentUrl\":\"https:\/\/www.prototehas.ee\/wp-content\/uploads\/2019\/10\/prototehas_logo_et_2.svg\",\"width\":100,\"height\":100,\"caption\":\"PROTO avastustehas\"},\"image\":{\"@id\":\"https:\/\/www.prototehas.ee\/fi\/#\/schema\/logo\/image\/\"},\"sameAs\":[\"https:\/\/www.facebook.com\/prototehas\/\"]}]}<\/script>\n<!-- \/ Yoast SEO plugin. -->","yoast_head_json":{"title":"LUOKKAHUONE TIGR - PROTO avastustehas","robots":{"index":"index","follow":"follow","max-snippet":"max-snippet:-1","max-image-preview":"max-image-preview:large","max-video-preview":"max-video-preview:-1"},"canonical":"https:\/\/www.prototehas.ee\/fi\/luokkahuone-tigr\/","og_locale":"fi_FI","og_type":"article","og_title":"LUOKKAHUONE TIGR - PROTO avastustehas","og_description":"Keksint\u00f6tehtaan toisessa kerroksessa sijaitsee viihtyis\u00e4 luokkahuone, joka sopii kokouksiin, seminaareihin, koulutuksiin, syntym\u00e4p\u00e4iviin ja opetusohjelmiin. Teknisiin palveluihin sis\u00e4ltyy projektorin ja n\u00e4yt\u00f6n k\u00e4ytt\u00f6 sek\u00e4 suuret valkoiset taulut ja kirjoitusv\u00e4lineet. Huoneen nurkassa on pesuallas esimerkiksi syntym\u00e4p\u00e4ivi\u00e4 ja opetusohjelmia varten. Tilaan tulee luonnonvaloa. Koko: 51,7 m2Auditorio: 30 inLuokkahuone: 24 inU-muoto: 18 in Tigr-kokoustilan pohjapiirros:1. Luokkahuoneen pohjapiirros YHTEYSTIEDOT:booking@protofactory.ee+372 53 620 [&hellip;]","og_url":"https:\/\/www.prototehas.ee\/fi\/luokkahuone-tigr\/","og_site_name":"PROTO avastustehas","article_publisher":"https:\/\/www.facebook.com\/prototehas\/","article_modified_time":"2024-07-23T11:58:52+00:00","twitter_card":"summary_large_image","twitter_misc":{"Arvioitu lukuaika":"2 minuuttia"},"schema":{"@context":"https:\/\/schema.org","@graph":[{"@type":"WebPage","@id":"https:\/\/www.prototehas.ee\/fi\/luokkahuone-tigr\/","url":"https:\/\/www.prototehas.ee\/fi\/luokkahuone-tigr\/","name":"LUOKKAHUONE TIGR - PROTO avastustehas","isPartOf":{"@id":"https:\/\/www.prototehas.ee\/fi\/#website"},"datePublished":"2020-02-11T13:43:25+00:00","dateModified":"2024-07-23T11:58:52+00:00","breadcrumb":{"@id":"https:\/\/www.prototehas.ee\/fi\/luokkahuone-tigr\/#breadcrumb"},"inLanguage":"fi","potentialAction":[{"@type":"ReadAction","target":["https:\/\/www.prototehas.ee\/fi\/luokkahuone-tigr\/"]}]},{"@type":"BreadcrumbList","@id":"https:\/\/www.prototehas.ee\/fi\/luokkahuone-tigr\/#breadcrumb","itemListElement":[{"@type":"ListItem","position":1,"name":"Avaleht","item":"https:\/\/www.prototehas.ee\/fi\/"},{"@type":"ListItem","position":2,"name":"LUOKKAHUONE TIGR"}]},{"@type":"WebSite","@id":"https:\/\/www.prototehas.ee\/fi\/#website","url":"https:\/\/www.prototehas.ee\/fi\/","name":"PROTO avastustehas","description":"Where science meets fantasy","publisher":{"@id":"https:\/\/www.prototehas.ee\/fi\/#organization"},"potentialAction":[{"@type":"SearchAction","target":{"@type":"EntryPoint","urlTemplate":"https:\/\/www.prototehas.ee\/fi\/?s={search_term_string}"},"query-input":{"@type":"PropertyValueSpecification","valueRequired":true,"valueName":"search_term_string"}}],"inLanguage":"fi"},{"@type":"Organization","@id":"https:\/\/www.prototehas.ee\/fi\/#organization","name":"PROTO avastustehas","url":"https:\/\/www.prototehas.ee\/fi\/","logo":{"@type":"ImageObject","inLanguage":"fi","@id":"https:\/\/www.prototehas.ee\/fi\/#\/schema\/logo\/image\/","url":"https:\/\/www.prototehas.ee\/wp-content\/uploads\/2019\/10\/prototehas_logo_et_2.svg","contentUrl":"https:\/\/www.prototehas.ee\/wp-content\/uploads\/2019\/10\/prototehas_logo_et_2.svg","width":100,"height":100,"caption":"PROTO avastustehas"},"image":{"@id":"https:\/\/www.prototehas.ee\/fi\/#\/schema\/logo\/image\/"},"sameAs":["https:\/\/www.facebook.com\/prototehas\/"]}]}},"_links":{"self":[{"href":"https:\/\/www.prototehas.ee\/fi\/wp-json\/wp\/v2\/pages\/8949","targetHints":{"allow":["GET"]}}],"collection":[{"href":"https:\/\/www.prototehas.ee\/fi\/wp-json\/wp\/v2\/pages"}],"about":[{"href":"https:\/\/www.prototehas.ee\/fi\/wp-json\/wp\/v2\/types\/page"}],"author":[{"embeddable":true,"href":"https:\/\/www.prototehas.ee\/fi\/wp-json\/wp\/v2\/users\/19"}],"replies":[{"embeddable":true,"href":"https:\/\/www.prototehas.ee\/fi\/wp-json\/wp\/v2\/comments?post=8949"}],"version-history":[{"count":5,"href":"https:\/\/www.prototehas.ee\/fi\/wp-json\/wp\/v2\/pages\/8949\/revisions"}],"predecessor-version":[{"id":30983,"href":"https:\/\/www.prototehas.ee\/fi\/wp-json\/wp\/v2\/pages\/8949\/revisions\/30983"}],"wp:attachment":[{"href":"https:\/\/www.prototehas.ee\/fi\/wp-json\/wp\/v2\/media?parent=8949"}],"curies":[{"name":"wp","href":"https:\/\/api.w.org\/{rel}","templated":true}]}}