{"id":10870,"date":"2020-11-04T07:19:34","date_gmt":"2020-11-04T07:19:34","guid":{"rendered":"http:\/\/protodev.ee\/?page_id=10870"},"modified":"2024-06-23T14:51:52","modified_gmt":"2024-06-23T14:51:52","slug":"pasgajeji-rati","status":"publish","type":"page","link":"https:\/\/www.prototehas.ee\/lv\/pasgajeji-rati\/","title":{"rendered":"PA\u0160G\u0100J\u0112JI RATI"},"content":{"rendered":"[et_pb_section fb_built=&#8221;1&#8243; _builder_version=&#8221;4.16&#8243; background_color=&#8221;#fff0d9&#8243; background_enable_image=&#8221;off&#8221; locked=&#8221;off&#8221; global_colors_info=&#8221;{}&#8221;][et_pb_row admin_label=&#8221;Main heading&#8221; _builder_version=&#8221;4.24.2&#8243; _module_preset=&#8221;default&#8221; global_colors_info=&#8221;{}&#8221;][et_pb_column type=&#8221;4_4&#8243; _builder_version=&#8221;4.24.2&#8243; _module_preset=&#8221;default&#8221; global_colors_info=&#8221;{}&#8221;][et_pb_heading title=&#8221;PA\u0160G\u0100J\u0112JI RATI&#8221; _builder_version=&#8221;4.24.2&#8243; _module_preset=&#8221;c9a4dd29-8345-43ea-bd4d-e73ae35e5717&#8243; hover_enabled=&#8221;0&#8243; global_colors_info=&#8221;{}&#8221; sticky_enabled=&#8221;0&#8243;][\/et_pb_heading][et_pb_text _builder_version=&#8221;4.24.2&#8243; _module_preset=&#8221;e179c0c4-c115-407d-a110-ebe813713cd6&#8243; custom_padding=&#8221;|90px||90px|false|false&#8221; custom_padding_tablet=&#8221;|20px||20px|false|false&#8221; custom_padding_phone=&#8221;|0px||0px|false|false&#8221; custom_padding_last_edited=&#8221;on|tablet&#8221; hover_enabled=&#8221;0&#8243; locked=&#8221;off&#8221; global_colors_info=&#8221;{}&#8221; sticky_enabled=&#8221;0&#8243;]<p style=\"text-align: center;\"><strong>Pirmajiem auto nebija ne brem\u017eu, ne st\u016bres. K\u0101 gan \u0161\u0101du ma\u0161\u012bnu iesp\u0113jams vad\u012bt?<\/strong><\/p>[\/et_pb_text][\/et_pb_column][\/et_pb_row][et_pb_row column_structure=&#8221;1_2,1_2&#8243; use_custom_gutter=&#8221;on&#8221; gutter_width=&#8221;1&#8243; make_equal=&#8221;on&#8221; admin_label=&#8221;Card Image Right&#8221; _builder_version=&#8221;4.24.2&#8243; _module_preset=&#8221;default&#8221; background_color=&#8221;#FFFFFF&#8221; custom_margin=&#8221;25px||25px||false|false&#8221; custom_padding=&#8221;0px||0px||false|false&#8221; border_radii=&#8221;on|20px|20px|20px|20px&#8221; global_colors_info=&#8221;{}&#8221; custom_css_main_element_last_edited=&#8221;on|tablet&#8221;][et_pb_column type=&#8221;1_2&#8243; _builder_version=&#8221;4.24.2&#8243; _module_preset=&#8221;default&#8221; custom_padding=&#8221;|30px||30px|false|false&#8221; global_colors_info=&#8221;{}&#8221;][et_pb_text _builder_version=&#8221;4.24.2&#8243; _module_preset=&#8221;e179c0c4-c115-407d-a110-ebe813713cd6&#8243; custom_margin=&#8221;|0px|||false|false&#8221; custom_padding=&#8221;60px||30px|0px|false|false&#8221; hover_enabled=&#8221;0&#8243; global_colors_info=&#8221;{}&#8221; sticky_enabled=&#8221;0&#8243;]<p>Izt\u0113lojies, ka tu dz\u012bvo laik\u0101, kad pa iel\u0101m brauk\u0101 tikai zirgu paj\u016bgi ar ratiem un kariet\u0113m. P\u0113k\u0161\u0146i tev pret\u012b brauc pa\u0161g\u0101j\u0113ji rati! Paliek joc\u012bgi ap d\u016b\u0161u? Tie\u0161i \u0161\u0101du izb\u012bli un zi\u0146k\u0101ri piedz\u012bvoja cilv\u0113ki, kad 1881. gad\u0101 Gustavs Truv\u0113 Par\u012bz\u0113 k\u0101d\u0101 starptautisk\u0101 izst\u0101d\u0113 prezent\u0113ja ma\u0161\u012bnu ar trim rite\u0146iem un elektrisko dzin\u0113ju. M\u016bsdienu auto priek\u0161g\u0101j\u0113js bija Karla Benca 1885. gad\u0101 samont\u0113tais auto ar iek\u0161dedzes dzin\u0113ju.<\/p>\n<p>Atkl\u0101jumu centr\u0101 vari iejusties izgudrot\u0101ja lom\u0101, kur\u0161 n\u0101cis klaj\u0101 ar jaunu auto vad\u012b\u0161anas meh\u0101nismu un dodas uz starptautisku izst\u0101di, lai to prezent\u0113tu. Diem\u017e\u0113l ir steiga un tev n\u0101kas t\u016bl\u012bt pat p\u0101rbaud\u012bt auto kapacit\u0101ti. \u0160o sp\u0113li vari izsp\u0113l\u0113t kop\u0101 ar draugu \u2013 viens vada auto, otrs regul\u0113 \u0101trumu.<\/p>[\/et_pb_text][\/et_pb_column][et_pb_column type=&#8221;1_2&#8243; _builder_version=&#8221;4.24.2&#8243; _module_preset=&#8221;default&#8221; global_colors_info=&#8221;{}&#8221;][et_pb_image src=&#8221;https:\/\/www.prototehas.ee\/wp-content\/uploads\/2024\/06\/pildid_veebi_519x519px26.png&#8221; alt=&#8221;Ises\u00f5itev vanker PROTO avastustehases&#8221; title_text=&#8221;Ises\u00f5itev vanker&#8221; show_bottom_space=&#8221;off&#8221; module_class=&#8221;pa-full-height-image-column&#8221; _builder_version=&#8221;4.24.2&#8243; _module_preset=&#8221;default&#8221; height=&#8221;100%&#8221; global_colors_info=&#8221;{}&#8221;][\/et_pb_image][\/et_pb_column][\/et_pb_row][et_pb_row column_structure=&#8221;1_2,1_2&#8243; use_custom_gutter=&#8221;on&#8221; gutter_width=&#8221;2&#8243; _builder_version=&#8221;4.24.2&#8243; _module_preset=&#8221;default&#8221; width=&#8221;95%&#8221; custom_margin=&#8221;||||false|false&#8221; locked=&#8221;off&#8221; global_colors_info=&#8221;{}&#8221;][et_pb_column type=&#8221;1_2&#8243; _builder_version=&#8221;4.24.2&#8243; _module_preset=&#8221;default&#8221; global_colors_info=&#8221;{}&#8221;][et_pb_blurb title=&#8221;IZGUDROJUMA TIPS&#8221; _builder_version=&#8221;4.24.2&#8243; _module_preset=&#8221;481f6fb3-e1ad-4711-b65b-226135c026c0&#8243; global_colors_info=&#8221;{}&#8221;]<p>Virtu\u0101l\u0101 realit\u0101te<\/p>[\/et_pb_blurb][et_pb_blurb title=&#8221;GR\u016aT\u012aBAS PAK\u0100PE&#8221; _builder_version=&#8221;4.24.2&#8243; _module_preset=&#8221;481f6fb3-e1ad-4711-b65b-226135c026c0&#8243; custom_margin=&#8221;||||false|false&#8221; locked=&#8221;off&#8221; global_colors_info=&#8221;{}&#8221;]<p>Videja<\/p>[\/et_pb_blurb][et_pb_blurb title=&#8221;MAKSIM\u0100LAIS LIETOT\u0100JU SKAITS&#8221; _builder_version=&#8221;4.24.2&#8243; _module_preset=&#8221;481f6fb3-e1ad-4711-b65b-226135c026c0&#8243; custom_margin=&#8221;34px||||false|false&#8221; locked=&#8221;off&#8221; global_colors_info=&#8221;{}&#8221;]<p>4<\/p>[\/et_pb_blurb][\/et_pb_column][et_pb_column type=&#8221;1_2&#8243; _builder_version=&#8221;4.24.2&#8243; _module_preset=&#8221;default&#8221; global_colors_info=&#8221;{}&#8221;][et_pb_blurb title=&#8221;ILGUMS&#8221; _builder_version=&#8221;4.24.2&#8243; _module_preset=&#8221;481f6fb3-e1ad-4711-b65b-226135c026c0&#8243; custom_margin=&#8221;||||false|false&#8221; locked=&#8221;off&#8221; global_colors_info=&#8221;{}&#8221;]<p>180 sekundes<\/p>[\/et_pb_blurb][et_pb_blurb title=&#8221;REZULT\u0100TU APR\u0112\u0136IN\u0100\u0160ANA&#8221; _builder_version=&#8221;4.24.2&#8243; _module_preset=&#8221;481f6fb3-e1ad-4711-b65b-226135c026c0&#8243; custom_margin=&#8221;30px||25px||false|false&#8221; global_colors_info=&#8221;{}&#8221;]<p>Ja<\/p>[\/et_pb_blurb][et_pb_blurb title=&#8221;VECUMS&#8221; _builder_version=&#8221;4.24.2&#8243; _module_preset=&#8221;481f6fb3-e1ad-4711-b65b-226135c026c0&#8243; custom_margin=&#8221;30px||25px||false|false&#8221; global_colors_info=&#8221;{}&#8221;]<p>10+<\/p>[\/et_pb_blurb][\/et_pb_column][\/et_pb_row][\/et_pb_section]<span class=\"et_bloom_bottom_trigger\"><\/span>","protected":false},"excerpt":{"rendered":"<p>Pirmajiem auto nebija ne brem\u017eu, ne st\u016bres. K\u0101 gan \u0161\u0101du ma\u0161\u012bnu iesp\u0113jams vad\u012bt?Izt\u0113lojies, ka tu dz\u012bvo laik\u0101, kad pa iel\u0101m brauk\u0101 tikai zirgu paj\u016bgi ar ratiem un kariet\u0113m. P\u0113k\u0161\u0146i tev pret\u012b brauc pa\u0161g\u0101j\u0113ji rati! Paliek joc\u012bgi ap d\u016b\u0161u? Tie\u0161i \u0161\u0101du izb\u012bli un zi\u0146k\u0101ri piedz\u012bvoja cilv\u0113ki, kad 1881. gad\u0101 Gustavs Truv\u0113 Par\u012bz\u0113 k\u0101d\u0101 starptautisk\u0101 izst\u0101d\u0113 prezent\u0113ja [&hellip;]<\/p>\n","protected":false},"author":15,"featured_media":0,"parent":0,"menu_order":0,"comment_status":"closed","ping_status":"closed","template":"","meta":{"_acf_changed":false,"_et_pb_use_builder":"on","_et_pb_old_content":"","_et_gb_content_width":"","inline_featured_image":false,"footnotes":""},"class_list":["post-10870","page","type-page","status-publish","hentry"],"acf":[],"yoast_head":"<!-- This site is optimized with the Yoast SEO plugin v26.9 - https:\/\/yoast.com\/product\/yoast-seo-wordpress\/ -->\n<title>PA\u0160G\u0100J\u0112JI RATI - PROTO avastustehas<\/title>\n<meta name=\"robots\" content=\"index, follow, max-snippet:-1, max-image-preview:large, max-video-preview:-1\" \/>\n<link rel=\"canonical\" href=\"https:\/\/www.prototehas.ee\/lv\/pasgajeji-rati\/\" \/>\n<meta property=\"og:locale\" content=\"lv_LV\" \/>\n<meta property=\"og:type\" content=\"article\" \/>\n<meta property=\"og:title\" content=\"PA\u0160G\u0100J\u0112JI RATI - PROTO avastustehas\" \/>\n<meta property=\"og:description\" content=\"Pirmajiem auto nebija ne brem\u017eu, ne st\u016bres. K\u0101 gan \u0161\u0101du ma\u0161\u012bnu iesp\u0113jams vad\u012bt?Izt\u0113lojies, ka tu dz\u012bvo laik\u0101, kad pa iel\u0101m brauk\u0101 tikai zirgu paj\u016bgi ar ratiem un kariet\u0113m. P\u0113k\u0161\u0146i tev pret\u012b brauc pa\u0161g\u0101j\u0113ji rati! Paliek joc\u012bgi ap d\u016b\u0161u? Tie\u0161i \u0161\u0101du izb\u012bli un zi\u0146k\u0101ri piedz\u012bvoja cilv\u0113ki, kad 1881. gad\u0101 Gustavs Truv\u0113 Par\u012bz\u0113 k\u0101d\u0101 starptautisk\u0101 izst\u0101d\u0113 prezent\u0113ja [&hellip;]\" \/>\n<meta property=\"og:url\" content=\"https:\/\/www.prototehas.ee\/lv\/pasgajeji-rati\/\" \/>\n<meta property=\"og:site_name\" content=\"PROTO avastustehas\" \/>\n<meta property=\"article:publisher\" content=\"https:\/\/www.facebook.com\/prototehas\/\" \/>\n<meta property=\"article:modified_time\" content=\"2024-06-23T14:51:52+00:00\" \/>\n<meta name=\"twitter:card\" content=\"summary_large_image\" \/>\n<meta name=\"twitter:label1\" content=\"Est. reading time\" \/>\n\t<meta name=\"twitter:data1\" content=\"2 minutes\" \/>\n<script type=\"application\/ld+json\" class=\"yoast-schema-graph\">{\"@context\":\"https:\/\/schema.org\",\"@graph\":[{\"@type\":\"WebPage\",\"@id\":\"https:\/\/www.prototehas.ee\/lv\/pasgajeji-rati\/\",\"url\":\"https:\/\/www.prototehas.ee\/lv\/pasgajeji-rati\/\",\"name\":\"PA\u0160G\u0100J\u0112JI RATI - PROTO avastustehas\",\"isPartOf\":{\"@id\":\"https:\/\/www.prototehas.ee\/lv\/#website\"},\"datePublished\":\"2020-11-04T07:19:34+00:00\",\"dateModified\":\"2024-06-23T14:51:52+00:00\",\"breadcrumb\":{\"@id\":\"https:\/\/www.prototehas.ee\/lv\/pasgajeji-rati\/#breadcrumb\"},\"inLanguage\":\"lv-LV\",\"potentialAction\":[{\"@type\":\"ReadAction\",\"target\":[\"https:\/\/www.prototehas.ee\/lv\/pasgajeji-rati\/\"]}]},{\"@type\":\"BreadcrumbList\",\"@id\":\"https:\/\/www.prototehas.ee\/lv\/pasgajeji-rati\/#breadcrumb\",\"itemListElement\":[{\"@type\":\"ListItem\",\"position\":1,\"name\":\"Avaleht\",\"item\":\"https:\/\/www.prototehas.ee\/lv\/\"},{\"@type\":\"ListItem\",\"position\":2,\"name\":\"PA\u0160G\u0100J\u0112JI RATI\"}]},{\"@type\":\"WebSite\",\"@id\":\"https:\/\/www.prototehas.ee\/lv\/#website\",\"url\":\"https:\/\/www.prototehas.ee\/lv\/\",\"name\":\"PROTO avastustehas\",\"description\":\"Where science meets fantasy\",\"publisher\":{\"@id\":\"https:\/\/www.prototehas.ee\/lv\/#organization\"},\"potentialAction\":[{\"@type\":\"SearchAction\",\"target\":{\"@type\":\"EntryPoint\",\"urlTemplate\":\"https:\/\/www.prototehas.ee\/lv\/?s={search_term_string}\"},\"query-input\":{\"@type\":\"PropertyValueSpecification\",\"valueRequired\":true,\"valueName\":\"search_term_string\"}}],\"inLanguage\":\"lv-LV\"},{\"@type\":\"Organization\",\"@id\":\"https:\/\/www.prototehas.ee\/lv\/#organization\",\"name\":\"PROTO avastustehas\",\"url\":\"https:\/\/www.prototehas.ee\/lv\/\",\"logo\":{\"@type\":\"ImageObject\",\"inLanguage\":\"lv-LV\",\"@id\":\"https:\/\/www.prototehas.ee\/lv\/#\/schema\/logo\/image\/\",\"url\":\"https:\/\/www.prototehas.ee\/wp-content\/uploads\/2019\/10\/prototehas_logo_et_2.svg\",\"contentUrl\":\"https:\/\/www.prototehas.ee\/wp-content\/uploads\/2019\/10\/prototehas_logo_et_2.svg\",\"width\":100,\"height\":100,\"caption\":\"PROTO avastustehas\"},\"image\":{\"@id\":\"https:\/\/www.prototehas.ee\/lv\/#\/schema\/logo\/image\/\"},\"sameAs\":[\"https:\/\/www.facebook.com\/prototehas\/\"]}]}<\/script>\n<!-- \/ Yoast SEO plugin. -->","yoast_head_json":{"title":"PA\u0160G\u0100J\u0112JI RATI - PROTO avastustehas","robots":{"index":"index","follow":"follow","max-snippet":"max-snippet:-1","max-image-preview":"max-image-preview:large","max-video-preview":"max-video-preview:-1"},"canonical":"https:\/\/www.prototehas.ee\/lv\/pasgajeji-rati\/","og_locale":"lv_LV","og_type":"article","og_title":"PA\u0160G\u0100J\u0112JI RATI - PROTO avastustehas","og_description":"Pirmajiem auto nebija ne brem\u017eu, ne st\u016bres. K\u0101 gan \u0161\u0101du ma\u0161\u012bnu iesp\u0113jams vad\u012bt?Izt\u0113lojies, ka tu dz\u012bvo laik\u0101, kad pa iel\u0101m brauk\u0101 tikai zirgu paj\u016bgi ar ratiem un kariet\u0113m. P\u0113k\u0161\u0146i tev pret\u012b brauc pa\u0161g\u0101j\u0113ji rati! Paliek joc\u012bgi ap d\u016b\u0161u? Tie\u0161i \u0161\u0101du izb\u012bli un zi\u0146k\u0101ri piedz\u012bvoja cilv\u0113ki, kad 1881. gad\u0101 Gustavs Truv\u0113 Par\u012bz\u0113 k\u0101d\u0101 starptautisk\u0101 izst\u0101d\u0113 prezent\u0113ja [&hellip;]","og_url":"https:\/\/www.prototehas.ee\/lv\/pasgajeji-rati\/","og_site_name":"PROTO avastustehas","article_publisher":"https:\/\/www.facebook.com\/prototehas\/","article_modified_time":"2024-06-23T14:51:52+00:00","twitter_card":"summary_large_image","twitter_misc":{"Est. reading time":"2 minutes"},"schema":{"@context":"https:\/\/schema.org","@graph":[{"@type":"WebPage","@id":"https:\/\/www.prototehas.ee\/lv\/pasgajeji-rati\/","url":"https:\/\/www.prototehas.ee\/lv\/pasgajeji-rati\/","name":"PA\u0160G\u0100J\u0112JI RATI - PROTO avastustehas","isPartOf":{"@id":"https:\/\/www.prototehas.ee\/lv\/#website"},"datePublished":"2020-11-04T07:19:34+00:00","dateModified":"2024-06-23T14:51:52+00:00","breadcrumb":{"@id":"https:\/\/www.prototehas.ee\/lv\/pasgajeji-rati\/#breadcrumb"},"inLanguage":"lv-LV","potentialAction":[{"@type":"ReadAction","target":["https:\/\/www.prototehas.ee\/lv\/pasgajeji-rati\/"]}]},{"@type":"BreadcrumbList","@id":"https:\/\/www.prototehas.ee\/lv\/pasgajeji-rati\/#breadcrumb","itemListElement":[{"@type":"ListItem","position":1,"name":"Avaleht","item":"https:\/\/www.prototehas.ee\/lv\/"},{"@type":"ListItem","position":2,"name":"PA\u0160G\u0100J\u0112JI RATI"}]},{"@type":"WebSite","@id":"https:\/\/www.prototehas.ee\/lv\/#website","url":"https:\/\/www.prototehas.ee\/lv\/","name":"PROTO avastustehas","description":"Where science meets fantasy","publisher":{"@id":"https:\/\/www.prototehas.ee\/lv\/#organization"},"potentialAction":[{"@type":"SearchAction","target":{"@type":"EntryPoint","urlTemplate":"https:\/\/www.prototehas.ee\/lv\/?s={search_term_string}"},"query-input":{"@type":"PropertyValueSpecification","valueRequired":true,"valueName":"search_term_string"}}],"inLanguage":"lv-LV"},{"@type":"Organization","@id":"https:\/\/www.prototehas.ee\/lv\/#organization","name":"PROTO avastustehas","url":"https:\/\/www.prototehas.ee\/lv\/","logo":{"@type":"ImageObject","inLanguage":"lv-LV","@id":"https:\/\/www.prototehas.ee\/lv\/#\/schema\/logo\/image\/","url":"https:\/\/www.prototehas.ee\/wp-content\/uploads\/2019\/10\/prototehas_logo_et_2.svg","contentUrl":"https:\/\/www.prototehas.ee\/wp-content\/uploads\/2019\/10\/prototehas_logo_et_2.svg","width":100,"height":100,"caption":"PROTO avastustehas"},"image":{"@id":"https:\/\/www.prototehas.ee\/lv\/#\/schema\/logo\/image\/"},"sameAs":["https:\/\/www.facebook.com\/prototehas\/"]}]}},"_links":{"self":[{"href":"https:\/\/www.prototehas.ee\/lv\/wp-json\/wp\/v2\/pages\/10870","targetHints":{"allow":["GET"]}}],"collection":[{"href":"https:\/\/www.prototehas.ee\/lv\/wp-json\/wp\/v2\/pages"}],"about":[{"href":"https:\/\/www.prototehas.ee\/lv\/wp-json\/wp\/v2\/types\/page"}],"author":[{"embeddable":true,"href":"https:\/\/www.prototehas.ee\/lv\/wp-json\/wp\/v2\/users\/15"}],"replies":[{"embeddable":true,"href":"https:\/\/www.prototehas.ee\/lv\/wp-json\/wp\/v2\/comments?post=10870"}],"version-history":[{"count":4,"href":"https:\/\/www.prototehas.ee\/lv\/wp-json\/wp\/v2\/pages\/10870\/revisions"}],"predecessor-version":[{"id":29411,"href":"https:\/\/www.prototehas.ee\/lv\/wp-json\/wp\/v2\/pages\/10870\/revisions\/29411"}],"wp:attachment":[{"href":"https:\/\/www.prototehas.ee\/lv\/wp-json\/wp\/v2\/media?parent=10870"}],"curies":[{"name":"wp","href":"https:\/\/api.w.org\/{rel}","templated":true}]}}