{"id":11051,"date":"2020-11-05T16:39:10","date_gmt":"2020-11-05T16:39:10","guid":{"rendered":"http:\/\/protodev.ee\/?page_id=11051"},"modified":"2024-06-23T14:09:46","modified_gmt":"2024-06-23T14:09:46","slug":"pazemes-celojumu-transportlidzeklis","status":"publish","type":"page","link":"https:\/\/www.prototehas.ee\/lv\/pazemes-celojumu-transportlidzeklis\/","title":{"rendered":"PAZEMES CE\u013bOJUMU TRANSPORTL\u012aDZEKLIS"},"content":{"rendered":"[et_pb_section fb_built=&#8221;1&#8243; _builder_version=&#8221;4.16&#8243; background_color=&#8221;#fff0d9&#8243; background_enable_image=&#8221;off&#8221; locked=&#8221;off&#8221; global_colors_info=&#8221;{}&#8221;][et_pb_row admin_label=&#8221;Main heading&#8221; _builder_version=&#8221;4.24.2&#8243; _module_preset=&#8221;default&#8221; global_colors_info=&#8221;{}&#8221;][et_pb_column type=&#8221;4_4&#8243; _builder_version=&#8221;4.24.2&#8243; _module_preset=&#8221;default&#8221; global_colors_info=&#8221;{}&#8221;][et_pb_heading title=&#8221;PAZEMES CE\u013bOJUMU TRANSPORTL\u012aDZEKLIS&#8221; _builder_version=&#8221;4.24.2&#8243; _module_preset=&#8221;c9a4dd29-8345-43ea-bd4d-e73ae35e5717&#8243; global_colors_info=&#8221;{}&#8221;][\/et_pb_heading][et_pb_text _builder_version=&#8221;4.24.2&#8243; _module_preset=&#8221;e179c0c4-c115-407d-a110-ebe813713cd6&#8243; custom_padding=&#8221;|90px||90px|false|false&#8221; custom_padding_tablet=&#8221;|20px||20px|false|false&#8221; custom_padding_phone=&#8221;|0px||0px|false|false&#8221; custom_padding_last_edited=&#8221;on|tablet&#8221; hover_enabled=&#8221;0&#8243; locked=&#8221;off&#8221; global_colors_info=&#8221;{}&#8221; sticky_enabled=&#8221;0&#8243;]<p style=\"text-align: center;\"><strong>Kas paties\u012bb\u0101 notiek zemeslodes iek\u0161ien\u0113? Dodies izp\u0113t\u012bt un p\u0101rliecinies pats sav\u0101m ac\u012bm!<\/strong><\/p>[\/et_pb_text][\/et_pb_column][\/et_pb_row][et_pb_row column_structure=&#8221;1_2,1_2&#8243; use_custom_gutter=&#8221;on&#8221; gutter_width=&#8221;1&#8243; make_equal=&#8221;on&#8221; admin_label=&#8221;Card Image Right&#8221; _builder_version=&#8221;4.24.2&#8243; _module_preset=&#8221;default&#8221; background_color=&#8221;#FFFFFF&#8221; custom_margin=&#8221;25px||25px||false|false&#8221; custom_padding=&#8221;0px||0px||false|false&#8221; border_radii=&#8221;on|20px|20px|20px|20px&#8221; global_colors_info=&#8221;{}&#8221; custom_css_main_element_last_edited=&#8221;on|tablet&#8221;][et_pb_column type=&#8221;1_2&#8243; _builder_version=&#8221;4.24.2&#8243; _module_preset=&#8221;default&#8221; custom_padding=&#8221;|30px||30px|false|false&#8221; global_colors_info=&#8221;{}&#8221;][et_pb_text _builder_version=&#8221;4.24.2&#8243; _module_preset=&#8221;e179c0c4-c115-407d-a110-ebe813713cd6&#8243; custom_margin=&#8221;|0px|||false|false&#8221; custom_padding=&#8221;60px||30px|0px|false|false&#8221; hover_enabled=&#8221;0&#8243; global_colors_info=&#8221;{}&#8221; sticky_enabled=&#8221;0&#8243;]<p>Pirmie m\u0113\u0123in\u0101jumi izveidot tune\u013cus notika 19. gadsimta s\u0101kum\u0101. Ja agr\u0101k raktuv\u0113s tika izmantoti smailkap\u013ci un l\u0101pstas, tad sers Isambards Brunels izgudroja speci\u0101lu urbi apak\u0161zemes tune\u013cu rak\u0161anai, kas gan neguva pla\u0161u pielietojumu. Par vi\u0146u veiksm\u012bg\u0101ks bija Henrijs Jozefs Mauss, kas 1846. gad\u0101 Alpos izmantoja inovat\u012bvu urb\u0161anas metodi, lai izraktu tuneli starp It\u0101liju un Franciju.<\/p>\n<p>19.gadsimt\u0101 zemeslodes iek\u0161iene bija tikpat t\u0101la un nepaz\u012bstama k\u0101 kosmoss. Vai \u0161odien sp\u0113jam prec\u012bzi izt\u0113loties, kas notiek zem m\u016bsu k\u0101j\u0101m? Apak\u0161zemes ce\u013cojumam izgatavotais urbis komplekt\u0101 ar VR brill\u0113m un kust\u012bgo platformu aizved\u012bs Tevi uz vietu, kur cilv\u0113ks v\u0113l nav sp\u0113ris k\u0101ju. Sagatavojies ce\u013cojumam uz zemeslodes iek\u0161ieni!<\/p>[\/et_pb_text][\/et_pb_column][et_pb_column type=&#8221;1_2&#8243; _builder_version=&#8221;4.24.2&#8243; _module_preset=&#8221;default&#8221; global_colors_info=&#8221;{}&#8221;][et_pb_image src=&#8221;https:\/\/www.prototehas.ee\/wp-content\/uploads\/2024\/05\/pildid_veebi_519x519px18.png&#8221; alt=&#8221;Allmaareiside s\u00f5iduk PROTO avastustehases&#8221; title_text=&#8221;Allmaareiside s\u00f5iduk&#8221; show_bottom_space=&#8221;off&#8221; module_class=&#8221;pa-full-height-image-column&#8221; _builder_version=&#8221;4.24.2&#8243; _module_preset=&#8221;default&#8221; height=&#8221;100%&#8221; global_colors_info=&#8221;{}&#8221;][\/et_pb_image][\/et_pb_column][\/et_pb_row][et_pb_row column_structure=&#8221;1_2,1_2&#8243; use_custom_gutter=&#8221;on&#8221; gutter_width=&#8221;2&#8243; _builder_version=&#8221;4.24.2&#8243; _module_preset=&#8221;default&#8221; width=&#8221;95%&#8221; custom_margin=&#8221;||||false|false&#8221; locked=&#8221;off&#8221; global_colors_info=&#8221;{}&#8221;][et_pb_column type=&#8221;1_2&#8243; _builder_version=&#8221;4.24.2&#8243; _module_preset=&#8221;default&#8221; global_colors_info=&#8221;{}&#8221;][et_pb_blurb title=&#8221;IZGUDROJUMA TIPS&#8221; _builder_version=&#8221;4.24.2&#8243; _module_preset=&#8221;481f6fb3-e1ad-4711-b65b-226135c026c0&#8243; global_colors_info=&#8221;{}&#8221;]<p>Virtu\u0101l\u0101 realit\u0101te<\/p>[\/et_pb_blurb][et_pb_blurb title=&#8221;GR\u016aT\u012aBAS PAK\u0100PE&#8221; _builder_version=&#8221;4.24.2&#8243; _module_preset=&#8221;481f6fb3-e1ad-4711-b65b-226135c026c0&#8243; custom_margin=&#8221;||||false|false&#8221; hover_enabled=&#8221;0&#8243; locked=&#8221;off&#8221; global_colors_info=&#8221;{}&#8221; sticky_enabled=&#8221;0&#8243;]<p>Viegla<\/p>[\/et_pb_blurb][et_pb_blurb title=&#8221;MAKSIM\u0100LAIS LIETOT\u0100JU SKAITS&#8221; _builder_version=&#8221;4.24.2&#8243; _module_preset=&#8221;481f6fb3-e1ad-4711-b65b-226135c026c0&#8243; custom_margin=&#8221;34px||||false|false&#8221; locked=&#8221;off&#8221; global_colors_info=&#8221;{}&#8221;]<p>6<\/p>[\/et_pb_blurb][\/et_pb_column][et_pb_column type=&#8221;1_2&#8243; _builder_version=&#8221;4.24.2&#8243; _module_preset=&#8221;default&#8221; global_colors_info=&#8221;{}&#8221;][et_pb_blurb title=&#8221;ILGUMS&#8221; _builder_version=&#8221;4.24.2&#8243; _module_preset=&#8221;481f6fb3-e1ad-4711-b65b-226135c026c0&#8243; custom_margin=&#8221;||||false|false&#8221; locked=&#8221;off&#8221; global_colors_info=&#8221;{}&#8221;]<p>300 Sekundes<\/p>[\/et_pb_blurb][et_pb_blurb title=&#8221;REZULT\u0100TU APR\u0112\u0136IN\u0100\u0160ANA&#8221; _builder_version=&#8221;4.24.2&#8243; _module_preset=&#8221;481f6fb3-e1ad-4711-b65b-226135c026c0&#8243; custom_margin=&#8221;30px||25px||false|false&#8221; global_colors_info=&#8221;{}&#8221;]<p>Ne<\/p>[\/et_pb_blurb][et_pb_blurb title=&#8221;VECUMS&#8221; _builder_version=&#8221;4.24.2&#8243; _module_preset=&#8221;481f6fb3-e1ad-4711-b65b-226135c026c0&#8243; custom_margin=&#8221;30px||25px||false|false&#8221; hover_enabled=&#8221;0&#8243; global_colors_info=&#8221;{}&#8221; sticky_enabled=&#8221;0&#8243;]<p>5+<\/p>[\/et_pb_blurb][\/et_pb_column][\/et_pb_row][\/et_pb_section]<span class=\"et_bloom_bottom_trigger\"><\/span>","protected":false},"excerpt":{"rendered":"<p>Kas paties\u012bb\u0101 notiek zemeslodes iek\u0161ien\u0113? Dodies izp\u0113t\u012bt un p\u0101rliecinies pats sav\u0101m ac\u012bm!Pirmie m\u0113\u0123in\u0101jumi izveidot tune\u013cus notika 19. gadsimta s\u0101kum\u0101. Ja agr\u0101k raktuv\u0113s tika izmantoti smailkap\u013ci un l\u0101pstas, tad sers Isambards Brunels izgudroja speci\u0101lu urbi apak\u0161zemes tune\u013cu rak\u0161anai, kas gan neguva pla\u0161u pielietojumu. Par vi\u0146u veiksm\u012bg\u0101ks bija Henrijs Jozefs Mauss, kas 1846. gad\u0101 Alpos izmantoja inovat\u012bvu [&hellip;]<\/p>\n","protected":false},"author":15,"featured_media":0,"parent":0,"menu_order":0,"comment_status":"closed","ping_status":"closed","template":"","meta":{"_acf_changed":false,"_et_pb_use_builder":"on","_et_pb_old_content":"","_et_gb_content_width":"","inline_featured_image":false,"footnotes":""},"class_list":["post-11051","page","type-page","status-publish","hentry"],"acf":[],"yoast_head":"<!-- This site is optimized with the Yoast SEO plugin v26.9 - https:\/\/yoast.com\/product\/yoast-seo-wordpress\/ -->\n<title>PAZEMES CE\u013bOJUMU TRANSPORTL\u012aDZEKLIS - PROTO avastustehas<\/title>\n<meta name=\"robots\" content=\"index, follow, max-snippet:-1, max-image-preview:large, max-video-preview:-1\" \/>\n<link rel=\"canonical\" href=\"https:\/\/www.prototehas.ee\/lv\/pazemes-celojumu-transportlidzeklis\/\" \/>\n<meta property=\"og:locale\" content=\"lv_LV\" \/>\n<meta property=\"og:type\" content=\"article\" \/>\n<meta property=\"og:title\" content=\"PAZEMES CE\u013bOJUMU TRANSPORTL\u012aDZEKLIS - PROTO avastustehas\" \/>\n<meta property=\"og:description\" content=\"Kas paties\u012bb\u0101 notiek zemeslodes iek\u0161ien\u0113? Dodies izp\u0113t\u012bt un p\u0101rliecinies pats sav\u0101m ac\u012bm!Pirmie m\u0113\u0123in\u0101jumi izveidot tune\u013cus notika 19. gadsimta s\u0101kum\u0101. Ja agr\u0101k raktuv\u0113s tika izmantoti smailkap\u013ci un l\u0101pstas, tad sers Isambards Brunels izgudroja speci\u0101lu urbi apak\u0161zemes tune\u013cu rak\u0161anai, kas gan neguva pla\u0161u pielietojumu. Par vi\u0146u veiksm\u012bg\u0101ks bija Henrijs Jozefs Mauss, kas 1846. gad\u0101 Alpos izmantoja inovat\u012bvu [&hellip;]\" \/>\n<meta property=\"og:url\" content=\"https:\/\/www.prototehas.ee\/lv\/pazemes-celojumu-transportlidzeklis\/\" \/>\n<meta property=\"og:site_name\" content=\"PROTO avastustehas\" \/>\n<meta property=\"article:publisher\" content=\"https:\/\/www.facebook.com\/prototehas\/\" \/>\n<meta property=\"article:modified_time\" content=\"2024-06-23T14:09:46+00:00\" \/>\n<meta name=\"twitter:card\" content=\"summary_large_image\" \/>\n<meta name=\"twitter:label1\" content=\"Est. reading time\" \/>\n\t<meta name=\"twitter:data1\" content=\"2 minutes\" \/>\n<script type=\"application\/ld+json\" class=\"yoast-schema-graph\">{\"@context\":\"https:\/\/schema.org\",\"@graph\":[{\"@type\":\"WebPage\",\"@id\":\"https:\/\/www.prototehas.ee\/lv\/pazemes-celojumu-transportlidzeklis\/\",\"url\":\"https:\/\/www.prototehas.ee\/lv\/pazemes-celojumu-transportlidzeklis\/\",\"name\":\"PAZEMES CE\u013bOJUMU TRANSPORTL\u012aDZEKLIS - PROTO avastustehas\",\"isPartOf\":{\"@id\":\"https:\/\/www.prototehas.ee\/lv\/#website\"},\"datePublished\":\"2020-11-05T16:39:10+00:00\",\"dateModified\":\"2024-06-23T14:09:46+00:00\",\"breadcrumb\":{\"@id\":\"https:\/\/www.prototehas.ee\/lv\/pazemes-celojumu-transportlidzeklis\/#breadcrumb\"},\"inLanguage\":\"lv-LV\",\"potentialAction\":[{\"@type\":\"ReadAction\",\"target\":[\"https:\/\/www.prototehas.ee\/lv\/pazemes-celojumu-transportlidzeklis\/\"]}]},{\"@type\":\"BreadcrumbList\",\"@id\":\"https:\/\/www.prototehas.ee\/lv\/pazemes-celojumu-transportlidzeklis\/#breadcrumb\",\"itemListElement\":[{\"@type\":\"ListItem\",\"position\":1,\"name\":\"Avaleht\",\"item\":\"https:\/\/www.prototehas.ee\/lv\/\"},{\"@type\":\"ListItem\",\"position\":2,\"name\":\"PAZEMES CE\u013bOJUMU TRANSPORTL\u012aDZEKLIS\"}]},{\"@type\":\"WebSite\",\"@id\":\"https:\/\/www.prototehas.ee\/lv\/#website\",\"url\":\"https:\/\/www.prototehas.ee\/lv\/\",\"name\":\"PROTO avastustehas\",\"description\":\"Where science meets fantasy\",\"publisher\":{\"@id\":\"https:\/\/www.prototehas.ee\/lv\/#organization\"},\"potentialAction\":[{\"@type\":\"SearchAction\",\"target\":{\"@type\":\"EntryPoint\",\"urlTemplate\":\"https:\/\/www.prototehas.ee\/lv\/?s={search_term_string}\"},\"query-input\":{\"@type\":\"PropertyValueSpecification\",\"valueRequired\":true,\"valueName\":\"search_term_string\"}}],\"inLanguage\":\"lv-LV\"},{\"@type\":\"Organization\",\"@id\":\"https:\/\/www.prototehas.ee\/lv\/#organization\",\"name\":\"PROTO avastustehas\",\"url\":\"https:\/\/www.prototehas.ee\/lv\/\",\"logo\":{\"@type\":\"ImageObject\",\"inLanguage\":\"lv-LV\",\"@id\":\"https:\/\/www.prototehas.ee\/lv\/#\/schema\/logo\/image\/\",\"url\":\"https:\/\/www.prototehas.ee\/wp-content\/uploads\/2019\/10\/prototehas_logo_et_2.svg\",\"contentUrl\":\"https:\/\/www.prototehas.ee\/wp-content\/uploads\/2019\/10\/prototehas_logo_et_2.svg\",\"width\":100,\"height\":100,\"caption\":\"PROTO avastustehas\"},\"image\":{\"@id\":\"https:\/\/www.prototehas.ee\/lv\/#\/schema\/logo\/image\/\"},\"sameAs\":[\"https:\/\/www.facebook.com\/prototehas\/\"]}]}<\/script>\n<!-- \/ Yoast SEO plugin. -->","yoast_head_json":{"title":"PAZEMES CE\u013bOJUMU TRANSPORTL\u012aDZEKLIS - PROTO avastustehas","robots":{"index":"index","follow":"follow","max-snippet":"max-snippet:-1","max-image-preview":"max-image-preview:large","max-video-preview":"max-video-preview:-1"},"canonical":"https:\/\/www.prototehas.ee\/lv\/pazemes-celojumu-transportlidzeklis\/","og_locale":"lv_LV","og_type":"article","og_title":"PAZEMES CE\u013bOJUMU TRANSPORTL\u012aDZEKLIS - PROTO avastustehas","og_description":"Kas paties\u012bb\u0101 notiek zemeslodes iek\u0161ien\u0113? Dodies izp\u0113t\u012bt un p\u0101rliecinies pats sav\u0101m ac\u012bm!Pirmie m\u0113\u0123in\u0101jumi izveidot tune\u013cus notika 19. gadsimta s\u0101kum\u0101. Ja agr\u0101k raktuv\u0113s tika izmantoti smailkap\u013ci un l\u0101pstas, tad sers Isambards Brunels izgudroja speci\u0101lu urbi apak\u0161zemes tune\u013cu rak\u0161anai, kas gan neguva pla\u0161u pielietojumu. Par vi\u0146u veiksm\u012bg\u0101ks bija Henrijs Jozefs Mauss, kas 1846. gad\u0101 Alpos izmantoja inovat\u012bvu [&hellip;]","og_url":"https:\/\/www.prototehas.ee\/lv\/pazemes-celojumu-transportlidzeklis\/","og_site_name":"PROTO avastustehas","article_publisher":"https:\/\/www.facebook.com\/prototehas\/","article_modified_time":"2024-06-23T14:09:46+00:00","twitter_card":"summary_large_image","twitter_misc":{"Est. reading time":"2 minutes"},"schema":{"@context":"https:\/\/schema.org","@graph":[{"@type":"WebPage","@id":"https:\/\/www.prototehas.ee\/lv\/pazemes-celojumu-transportlidzeklis\/","url":"https:\/\/www.prototehas.ee\/lv\/pazemes-celojumu-transportlidzeklis\/","name":"PAZEMES CE\u013bOJUMU TRANSPORTL\u012aDZEKLIS - PROTO avastustehas","isPartOf":{"@id":"https:\/\/www.prototehas.ee\/lv\/#website"},"datePublished":"2020-11-05T16:39:10+00:00","dateModified":"2024-06-23T14:09:46+00:00","breadcrumb":{"@id":"https:\/\/www.prototehas.ee\/lv\/pazemes-celojumu-transportlidzeklis\/#breadcrumb"},"inLanguage":"lv-LV","potentialAction":[{"@type":"ReadAction","target":["https:\/\/www.prototehas.ee\/lv\/pazemes-celojumu-transportlidzeklis\/"]}]},{"@type":"BreadcrumbList","@id":"https:\/\/www.prototehas.ee\/lv\/pazemes-celojumu-transportlidzeklis\/#breadcrumb","itemListElement":[{"@type":"ListItem","position":1,"name":"Avaleht","item":"https:\/\/www.prototehas.ee\/lv\/"},{"@type":"ListItem","position":2,"name":"PAZEMES CE\u013bOJUMU TRANSPORTL\u012aDZEKLIS"}]},{"@type":"WebSite","@id":"https:\/\/www.prototehas.ee\/lv\/#website","url":"https:\/\/www.prototehas.ee\/lv\/","name":"PROTO avastustehas","description":"Where science meets fantasy","publisher":{"@id":"https:\/\/www.prototehas.ee\/lv\/#organization"},"potentialAction":[{"@type":"SearchAction","target":{"@type":"EntryPoint","urlTemplate":"https:\/\/www.prototehas.ee\/lv\/?s={search_term_string}"},"query-input":{"@type":"PropertyValueSpecification","valueRequired":true,"valueName":"search_term_string"}}],"inLanguage":"lv-LV"},{"@type":"Organization","@id":"https:\/\/www.prototehas.ee\/lv\/#organization","name":"PROTO avastustehas","url":"https:\/\/www.prototehas.ee\/lv\/","logo":{"@type":"ImageObject","inLanguage":"lv-LV","@id":"https:\/\/www.prototehas.ee\/lv\/#\/schema\/logo\/image\/","url":"https:\/\/www.prototehas.ee\/wp-content\/uploads\/2019\/10\/prototehas_logo_et_2.svg","contentUrl":"https:\/\/www.prototehas.ee\/wp-content\/uploads\/2019\/10\/prototehas_logo_et_2.svg","width":100,"height":100,"caption":"PROTO avastustehas"},"image":{"@id":"https:\/\/www.prototehas.ee\/lv\/#\/schema\/logo\/image\/"},"sameAs":["https:\/\/www.facebook.com\/prototehas\/"]}]}},"_links":{"self":[{"href":"https:\/\/www.prototehas.ee\/lv\/wp-json\/wp\/v2\/pages\/11051","targetHints":{"allow":["GET"]}}],"collection":[{"href":"https:\/\/www.prototehas.ee\/lv\/wp-json\/wp\/v2\/pages"}],"about":[{"href":"https:\/\/www.prototehas.ee\/lv\/wp-json\/wp\/v2\/types\/page"}],"author":[{"embeddable":true,"href":"https:\/\/www.prototehas.ee\/lv\/wp-json\/wp\/v2\/users\/15"}],"replies":[{"embeddable":true,"href":"https:\/\/www.prototehas.ee\/lv\/wp-json\/wp\/v2\/comments?post=11051"}],"version-history":[{"count":4,"href":"https:\/\/www.prototehas.ee\/lv\/wp-json\/wp\/v2\/pages\/11051\/revisions"}],"predecessor-version":[{"id":29359,"href":"https:\/\/www.prototehas.ee\/lv\/wp-json\/wp\/v2\/pages\/11051\/revisions\/29359"}],"wp:attachment":[{"href":"https:\/\/www.prototehas.ee\/lv\/wp-json\/wp\/v2\/media?parent=11051"}],"curies":[{"name":"wp","href":"https:\/\/api.w.org\/{rel}","templated":true}]}}