{"id":11145,"date":"2020-11-05T18:50:12","date_gmt":"2020-11-05T18:50:12","guid":{"rendered":"http:\/\/protodev.ee\/?page_id=11145"},"modified":"2024-06-24T12:38:36","modified_gmt":"2024-06-24T12:38:36","slug":"ciklodroms","status":"publish","type":"page","link":"https:\/\/www.prototehas.ee\/lv\/ciklodroms\/","title":{"rendered":"CIKLODROMS"},"content":{"rendered":"[et_pb_section fb_built=&#8221;1&#8243; _builder_version=&#8221;4.16&#8243; background_color=&#8221;#fff0d9&#8243; background_enable_image=&#8221;off&#8221; locked=&#8221;off&#8221; global_colors_info=&#8221;{}&#8221;][et_pb_row admin_label=&#8221;Main heading&#8221; _builder_version=&#8221;4.24.2&#8243; _module_preset=&#8221;default&#8221; global_colors_info=&#8221;{}&#8221;][et_pb_column type=&#8221;4_4&#8243; _builder_version=&#8221;4.24.2&#8243; _module_preset=&#8221;default&#8221; global_colors_info=&#8221;{}&#8221;][et_pb_heading title=&#8221;CIKLODROMS&#8221; _builder_version=&#8221;4.24.2&#8243; _module_preset=&#8221;c9a4dd29-8345-43ea-bd4d-e73ae35e5717&#8243; hover_enabled=&#8221;0&#8243; global_colors_info=&#8221;{}&#8221; sticky_enabled=&#8221;0&#8243;][\/et_pb_heading][et_pb_text _builder_version=&#8221;4.24.2&#8243; _module_preset=&#8221;e179c0c4-c115-407d-a110-ebe813713cd6&#8243; custom_padding=&#8221;|90px||90px|false|false&#8221; custom_padding_tablet=&#8221;|20px||20px|false|false&#8221; custom_padding_phone=&#8221;|0px||0px|false|false&#8221; custom_padding_last_edited=&#8221;on|tablet&#8221; hover_enabled=&#8221;0&#8243; locked=&#8221;off&#8221; global_colors_info=&#8221;{}&#8221; sticky_enabled=&#8221;0&#8243;]<p style=\"text-align: center;\"><strong>Jo\u0146o uz maz\u0101 ciklodroma rite\u0146a, neizkustoties no vietas \u2013 k\u0101 aizraut\u012bgs sporta fans uz d\u012bv\u0101na!<\/strong><\/p>[\/et_pb_text][\/et_pb_column][\/et_pb_row][et_pb_row column_structure=&#8221;1_2,1_2&#8243; use_custom_gutter=&#8221;on&#8221; gutter_width=&#8221;1&#8243; make_equal=&#8221;on&#8221; admin_label=&#8221;Card Image Right&#8221; _builder_version=&#8221;4.24.2&#8243; _module_preset=&#8221;default&#8221; background_color=&#8221;#FFFFFF&#8221; custom_margin=&#8221;25px||25px||false|false&#8221; custom_padding=&#8221;0px||0px||false|false&#8221; border_radii=&#8221;on|20px|20px|20px|20px&#8221; global_colors_info=&#8221;{}&#8221; custom_css_main_element_last_edited=&#8221;on|tablet&#8221;][et_pb_column type=&#8221;1_2&#8243; _builder_version=&#8221;4.24.2&#8243; _module_preset=&#8221;default&#8221; custom_padding=&#8221;|30px||30px|false|false&#8221; global_colors_info=&#8221;{}&#8221;][et_pb_text _builder_version=&#8221;4.24.2&#8243; _module_preset=&#8221;e179c0c4-c115-407d-a110-ebe813713cd6&#8243; custom_margin=&#8221;|0px|||false|false&#8221; custom_padding=&#8221;60px||30px|0px|false|false&#8221; hover_enabled=&#8221;0&#8243; global_colors_info=&#8221;{}&#8221; sticky_enabled=&#8221;0&#8243;]Vai zin\u0101ji, ka pasaul\u0113 apk\u0101rt ripo ap diviem miljardiem velosip\u0113du? \u0160\u012b popul\u0101r\u0101 brauk\u0161anas l\u012bdzek\u013ca priek\u0161g\u0101j\u0113ju izgatavoja v\u0101cu barons fon Dreiss, kur\u0161 19. gadsimta s\u0101kum\u0101 savienoja divus ratu rite\u0146us ar koka r\u0101mi, kam virs\u016b uzlika seglus. Skotu kal\u0113js Kirkpatriks Makmilans 1839. gad\u0101 pievienoja braucamr\u012bkam ped\u0101\u013cus. Ta\u010du Makmilana brauciens ar velosip\u0113du beidz\u0101s aiz rest\u0113m, jo paraugdemonstr\u0113juma laik\u0101 vi\u0146\u0161 uzbrauca meitenei, kas p\u0113k\u0161\u0146i izskr\u0113ja priek\u0161\u0101 uz ce\u013ca.\n\nMinoties ar Atkl\u0101jumu centra velosip\u0113du, nav j\u0101baid\u0101s nevienam uzbraukt, jo rite\u0146i ir mazi un tu brauksi pa speci\u0101li izveidotu sac\u012bk\u0161u trasi. Vari kop\u0101 ar draugiem aps\u0113sties uz re\u0101la lieluma velosip\u0113da un, minot ped\u0101\u013cus, noskaidrot, kur\u0161 ir stipr\u0101ks![\/et_pb_text][\/et_pb_column][et_pb_column type=&#8221;1_2&#8243; _builder_version=&#8221;4.24.2&#8243; _module_preset=&#8221;default&#8221; global_colors_info=&#8221;{}&#8221;][et_pb_image src=&#8221;https:\/\/www.prototehas.ee\/wp-content\/uploads\/2024\/05\/pildid_veebi_519x519px13.png&#8221; alt=&#8221;Ts\u00fcklodroom &#8211; kihuta rattaga&#8221; title_text=&#8221;Ts\u00fcklodroom&#8221; show_bottom_space=&#8221;off&#8221; module_class=&#8221;pa-full-height-image-column&#8221; _builder_version=&#8221;4.24.2&#8243; _module_preset=&#8221;default&#8221; height=&#8221;100%&#8221; global_colors_info=&#8221;{}&#8221;][\/et_pb_image][\/et_pb_column][\/et_pb_row][et_pb_row column_structure=&#8221;1_2,1_2&#8243; use_custom_gutter=&#8221;on&#8221; gutter_width=&#8221;2&#8243; _builder_version=&#8221;4.24.2&#8243; _module_preset=&#8221;default&#8221; width=&#8221;95%&#8221; custom_margin=&#8221;||||false|false&#8221; locked=&#8221;off&#8221; global_colors_info=&#8221;{}&#8221;][et_pb_column type=&#8221;1_2&#8243; _builder_version=&#8221;4.24.2&#8243; _module_preset=&#8221;default&#8221; global_colors_info=&#8221;{}&#8221;][et_pb_blurb title=&#8221;IZGUDROJUMA TIPS&#8221; _builder_version=&#8221;4.24.2&#8243; _module_preset=&#8221;481f6fb3-e1ad-4711-b65b-226135c026c0&#8243; global_colors_info=&#8221;{}&#8221;]<p><span>\u0136ERIES KL\u0100T<\/span><\/p>[\/et_pb_blurb][et_pb_blurb title=&#8221;GR\u016aT\u012aBAS PAK\u0100PE&#8221; _builder_version=&#8221;4.24.2&#8243; _module_preset=&#8221;481f6fb3-e1ad-4711-b65b-226135c026c0&#8243; custom_margin=&#8221;||||false|false&#8221; locked=&#8221;off&#8221; global_colors_info=&#8221;{}&#8221;]<p>Videja<\/p>[\/et_pb_blurb][et_pb_blurb title=&#8221;Maksim\u0101lais lietot\u0101ju skaits&#8221; _builder_version=&#8221;4.24.2&#8243; _module_preset=&#8221;481f6fb3-e1ad-4711-b65b-226135c026c0&#8243; custom_margin=&#8221;34px||||false|false&#8221; locked=&#8221;off&#8221; global_colors_info=&#8221;{}&#8221;]<p>4<\/p>[\/et_pb_blurb][\/et_pb_column][et_pb_column type=&#8221;1_2&#8243; _builder_version=&#8221;4.24.2&#8243; _module_preset=&#8221;default&#8221; global_colors_info=&#8221;{}&#8221;][et_pb_blurb title=&#8221;ILGUMS&#8221; _builder_version=&#8221;4.24.2&#8243; _module_preset=&#8221;481f6fb3-e1ad-4711-b65b-226135c026c0&#8243; custom_margin=&#8221;||||false|false&#8221; locked=&#8221;off&#8221; global_colors_info=&#8221;{}&#8221;]<p>180 sekundes<\/p>[\/et_pb_blurb][et_pb_blurb title=&#8221;Rezult\u0101tu apr\u0113\u0137in\u0101\u0161ana&#8221; _builder_version=&#8221;4.24.2&#8243; _module_preset=&#8221;481f6fb3-e1ad-4711-b65b-226135c026c0&#8243; custom_margin=&#8221;30px||25px||false|false&#8221; global_colors_info=&#8221;{}&#8221;]<p>N\u0113<\/p>[\/et_pb_blurb][et_pb_blurb title=&#8221;Vecums&#8221; _builder_version=&#8221;4.24.2&#8243; _module_preset=&#8221;481f6fb3-e1ad-4711-b65b-226135c026c0&#8243; custom_margin=&#8221;34px||25px||false|false&#8221; global_colors_info=&#8221;{}&#8221;]<p>10+<\/p>[\/et_pb_blurb][\/et_pb_column][\/et_pb_row][\/et_pb_section]<span class=\"et_bloom_bottom_trigger\"><\/span>","protected":false},"excerpt":{"rendered":"<p>Jo\u0146o uz maz\u0101 ciklodroma rite\u0146a, neizkustoties no vietas \u2013 k\u0101 aizraut\u012bgs sporta fans uz d\u012bv\u0101na!Vai zin\u0101ji, ka pasaul\u0113 apk\u0101rt ripo ap diviem miljardiem velosip\u0113du? \u0160\u012b popul\u0101r\u0101 brauk\u0161anas l\u012bdzek\u013ca priek\u0161g\u0101j\u0113ju izgatavoja v\u0101cu barons fon Dreiss, kur\u0161 19. gadsimta s\u0101kum\u0101 savienoja divus ratu rite\u0146us ar koka r\u0101mi, kam virs\u016b uzlika seglus. Skotu kal\u0113js Kirkpatriks Makmilans 1839. gad\u0101 [&hellip;]<\/p>\n","protected":false},"author":15,"featured_media":0,"parent":0,"menu_order":0,"comment_status":"closed","ping_status":"closed","template":"","meta":{"_acf_changed":false,"_et_pb_use_builder":"on","_et_pb_old_content":"","_et_gb_content_width":"","inline_featured_image":false,"footnotes":""},"class_list":["post-11145","page","type-page","status-publish","hentry"],"acf":[],"yoast_head":"<!-- This site is optimized with the Yoast SEO plugin v26.9 - https:\/\/yoast.com\/product\/yoast-seo-wordpress\/ -->\n<title>CIKLODROMS - PROTO avastustehas<\/title>\n<meta name=\"robots\" content=\"index, follow, max-snippet:-1, max-image-preview:large, max-video-preview:-1\" \/>\n<link rel=\"canonical\" href=\"https:\/\/www.prototehas.ee\/lv\/ciklodroms\/\" \/>\n<meta property=\"og:locale\" content=\"lv_LV\" \/>\n<meta property=\"og:type\" content=\"article\" \/>\n<meta property=\"og:title\" content=\"CIKLODROMS - PROTO avastustehas\" \/>\n<meta property=\"og:description\" content=\"Jo\u0146o uz maz\u0101 ciklodroma rite\u0146a, neizkustoties no vietas \u2013 k\u0101 aizraut\u012bgs sporta fans uz d\u012bv\u0101na!Vai zin\u0101ji, ka pasaul\u0113 apk\u0101rt ripo ap diviem miljardiem velosip\u0113du? \u0160\u012b popul\u0101r\u0101 brauk\u0161anas l\u012bdzek\u013ca priek\u0161g\u0101j\u0113ju izgatavoja v\u0101cu barons fon Dreiss, kur\u0161 19. gadsimta s\u0101kum\u0101 savienoja divus ratu rite\u0146us ar koka r\u0101mi, kam virs\u016b uzlika seglus. Skotu kal\u0113js Kirkpatriks Makmilans 1839. gad\u0101 [&hellip;]\" \/>\n<meta property=\"og:url\" content=\"https:\/\/www.prototehas.ee\/lv\/ciklodroms\/\" \/>\n<meta property=\"og:site_name\" content=\"PROTO avastustehas\" \/>\n<meta property=\"article:publisher\" content=\"https:\/\/www.facebook.com\/prototehas\/\" \/>\n<meta property=\"article:modified_time\" content=\"2024-06-24T12:38:36+00:00\" \/>\n<meta name=\"twitter:card\" content=\"summary_large_image\" \/>\n<meta name=\"twitter:label1\" content=\"Est. reading time\" \/>\n\t<meta name=\"twitter:data1\" content=\"2 minutes\" \/>\n<script type=\"application\/ld+json\" class=\"yoast-schema-graph\">{\"@context\":\"https:\/\/schema.org\",\"@graph\":[{\"@type\":\"WebPage\",\"@id\":\"https:\/\/www.prototehas.ee\/lv\/ciklodroms\/\",\"url\":\"https:\/\/www.prototehas.ee\/lv\/ciklodroms\/\",\"name\":\"CIKLODROMS - PROTO avastustehas\",\"isPartOf\":{\"@id\":\"https:\/\/www.prototehas.ee\/lv\/#website\"},\"datePublished\":\"2020-11-05T18:50:12+00:00\",\"dateModified\":\"2024-06-24T12:38:36+00:00\",\"breadcrumb\":{\"@id\":\"https:\/\/www.prototehas.ee\/lv\/ciklodroms\/#breadcrumb\"},\"inLanguage\":\"lv-LV\",\"potentialAction\":[{\"@type\":\"ReadAction\",\"target\":[\"https:\/\/www.prototehas.ee\/lv\/ciklodroms\/\"]}]},{\"@type\":\"BreadcrumbList\",\"@id\":\"https:\/\/www.prototehas.ee\/lv\/ciklodroms\/#breadcrumb\",\"itemListElement\":[{\"@type\":\"ListItem\",\"position\":1,\"name\":\"Avaleht\",\"item\":\"https:\/\/www.prototehas.ee\/lv\/\"},{\"@type\":\"ListItem\",\"position\":2,\"name\":\"CIKLODROMS\"}]},{\"@type\":\"WebSite\",\"@id\":\"https:\/\/www.prototehas.ee\/lv\/#website\",\"url\":\"https:\/\/www.prototehas.ee\/lv\/\",\"name\":\"PROTO avastustehas\",\"description\":\"Where science meets fantasy\",\"publisher\":{\"@id\":\"https:\/\/www.prototehas.ee\/lv\/#organization\"},\"potentialAction\":[{\"@type\":\"SearchAction\",\"target\":{\"@type\":\"EntryPoint\",\"urlTemplate\":\"https:\/\/www.prototehas.ee\/lv\/?s={search_term_string}\"},\"query-input\":{\"@type\":\"PropertyValueSpecification\",\"valueRequired\":true,\"valueName\":\"search_term_string\"}}],\"inLanguage\":\"lv-LV\"},{\"@type\":\"Organization\",\"@id\":\"https:\/\/www.prototehas.ee\/lv\/#organization\",\"name\":\"PROTO avastustehas\",\"url\":\"https:\/\/www.prototehas.ee\/lv\/\",\"logo\":{\"@type\":\"ImageObject\",\"inLanguage\":\"lv-LV\",\"@id\":\"https:\/\/www.prototehas.ee\/lv\/#\/schema\/logo\/image\/\",\"url\":\"https:\/\/www.prototehas.ee\/wp-content\/uploads\/2019\/10\/prototehas_logo_et_2.svg\",\"contentUrl\":\"https:\/\/www.prototehas.ee\/wp-content\/uploads\/2019\/10\/prototehas_logo_et_2.svg\",\"width\":100,\"height\":100,\"caption\":\"PROTO avastustehas\"},\"image\":{\"@id\":\"https:\/\/www.prototehas.ee\/lv\/#\/schema\/logo\/image\/\"},\"sameAs\":[\"https:\/\/www.facebook.com\/prototehas\/\"]}]}<\/script>\n<!-- \/ Yoast SEO plugin. -->","yoast_head_json":{"title":"CIKLODROMS - PROTO avastustehas","robots":{"index":"index","follow":"follow","max-snippet":"max-snippet:-1","max-image-preview":"max-image-preview:large","max-video-preview":"max-video-preview:-1"},"canonical":"https:\/\/www.prototehas.ee\/lv\/ciklodroms\/","og_locale":"lv_LV","og_type":"article","og_title":"CIKLODROMS - PROTO avastustehas","og_description":"Jo\u0146o uz maz\u0101 ciklodroma rite\u0146a, neizkustoties no vietas \u2013 k\u0101 aizraut\u012bgs sporta fans uz d\u012bv\u0101na!Vai zin\u0101ji, ka pasaul\u0113 apk\u0101rt ripo ap diviem miljardiem velosip\u0113du? \u0160\u012b popul\u0101r\u0101 brauk\u0161anas l\u012bdzek\u013ca priek\u0161g\u0101j\u0113ju izgatavoja v\u0101cu barons fon Dreiss, kur\u0161 19. gadsimta s\u0101kum\u0101 savienoja divus ratu rite\u0146us ar koka r\u0101mi, kam virs\u016b uzlika seglus. Skotu kal\u0113js Kirkpatriks Makmilans 1839. gad\u0101 [&hellip;]","og_url":"https:\/\/www.prototehas.ee\/lv\/ciklodroms\/","og_site_name":"PROTO avastustehas","article_publisher":"https:\/\/www.facebook.com\/prototehas\/","article_modified_time":"2024-06-24T12:38:36+00:00","twitter_card":"summary_large_image","twitter_misc":{"Est. reading time":"2 minutes"},"schema":{"@context":"https:\/\/schema.org","@graph":[{"@type":"WebPage","@id":"https:\/\/www.prototehas.ee\/lv\/ciklodroms\/","url":"https:\/\/www.prototehas.ee\/lv\/ciklodroms\/","name":"CIKLODROMS - PROTO avastustehas","isPartOf":{"@id":"https:\/\/www.prototehas.ee\/lv\/#website"},"datePublished":"2020-11-05T18:50:12+00:00","dateModified":"2024-06-24T12:38:36+00:00","breadcrumb":{"@id":"https:\/\/www.prototehas.ee\/lv\/ciklodroms\/#breadcrumb"},"inLanguage":"lv-LV","potentialAction":[{"@type":"ReadAction","target":["https:\/\/www.prototehas.ee\/lv\/ciklodroms\/"]}]},{"@type":"BreadcrumbList","@id":"https:\/\/www.prototehas.ee\/lv\/ciklodroms\/#breadcrumb","itemListElement":[{"@type":"ListItem","position":1,"name":"Avaleht","item":"https:\/\/www.prototehas.ee\/lv\/"},{"@type":"ListItem","position":2,"name":"CIKLODROMS"}]},{"@type":"WebSite","@id":"https:\/\/www.prototehas.ee\/lv\/#website","url":"https:\/\/www.prototehas.ee\/lv\/","name":"PROTO avastustehas","description":"Where science meets fantasy","publisher":{"@id":"https:\/\/www.prototehas.ee\/lv\/#organization"},"potentialAction":[{"@type":"SearchAction","target":{"@type":"EntryPoint","urlTemplate":"https:\/\/www.prototehas.ee\/lv\/?s={search_term_string}"},"query-input":{"@type":"PropertyValueSpecification","valueRequired":true,"valueName":"search_term_string"}}],"inLanguage":"lv-LV"},{"@type":"Organization","@id":"https:\/\/www.prototehas.ee\/lv\/#organization","name":"PROTO avastustehas","url":"https:\/\/www.prototehas.ee\/lv\/","logo":{"@type":"ImageObject","inLanguage":"lv-LV","@id":"https:\/\/www.prototehas.ee\/lv\/#\/schema\/logo\/image\/","url":"https:\/\/www.prototehas.ee\/wp-content\/uploads\/2019\/10\/prototehas_logo_et_2.svg","contentUrl":"https:\/\/www.prototehas.ee\/wp-content\/uploads\/2019\/10\/prototehas_logo_et_2.svg","width":100,"height":100,"caption":"PROTO avastustehas"},"image":{"@id":"https:\/\/www.prototehas.ee\/lv\/#\/schema\/logo\/image\/"},"sameAs":["https:\/\/www.facebook.com\/prototehas\/"]}]}},"_links":{"self":[{"href":"https:\/\/www.prototehas.ee\/lv\/wp-json\/wp\/v2\/pages\/11145","targetHints":{"allow":["GET"]}}],"collection":[{"href":"https:\/\/www.prototehas.ee\/lv\/wp-json\/wp\/v2\/pages"}],"about":[{"href":"https:\/\/www.prototehas.ee\/lv\/wp-json\/wp\/v2\/types\/page"}],"author":[{"embeddable":true,"href":"https:\/\/www.prototehas.ee\/lv\/wp-json\/wp\/v2\/users\/15"}],"replies":[{"embeddable":true,"href":"https:\/\/www.prototehas.ee\/lv\/wp-json\/wp\/v2\/comments?post=11145"}],"version-history":[{"count":4,"href":"https:\/\/www.prototehas.ee\/lv\/wp-json\/wp\/v2\/pages\/11145\/revisions"}],"predecessor-version":[{"id":29487,"href":"https:\/\/www.prototehas.ee\/lv\/wp-json\/wp\/v2\/pages\/11145\/revisions\/29487"}],"wp:attachment":[{"href":"https:\/\/www.prototehas.ee\/lv\/wp-json\/wp\/v2\/media?parent=11145"}],"curies":[{"name":"wp","href":"https:\/\/api.w.org\/{rel}","templated":true}]}}