{"id":16273,"date":"2023-06-13T12:26:13","date_gmt":"2023-06-13T12:26:13","guid":{"rendered":"http:\/\/protodev.ee\/?page_id=16273"},"modified":"2025-07-23T09:00:06","modified_gmt":"2025-07-23T09:00:06","slug":"proto-vasaras-terase","status":"publish","type":"page","link":"https:\/\/www.prototehas.ee\/lv\/proto-vasaras-terase\/","title":{"rendered":"PROTO VASARAS TERASE"},"content":{"rendered":"[et_pb_section fb_built=&#8221;1&#8243; _builder_version=&#8221;4.16&#8243; background_image=&#8221;https:\/\/www.prototehas.ee\/wp-content\/uploads\/2023\/06\/WEW.png&#8221; custom_margin=&#8221;0px||||false|false&#8221; custom_padding=&#8221;13em||13em||true|false&#8221; global_colors_info=&#8221;{}&#8221;][\/et_pb_section][et_pb_section fb_built=&#8221;1&#8243; _builder_version=&#8221;4.16&#8243; background_color=&#8221;#fff0d9&#8243; background_enable_image=&#8221;off&#8221; global_colors_info=&#8221;{}&#8221;][et_pb_row admin_label=&#8221;Galvenais virsraksts&#8221; _builder_version=&#8221;4.24.2&#8243; _module_preset=&#8221;default&#8221; global_colors_info=&#8221;{}&#8221;][et_pb_column type=&#8221;4_4&#8243; _builder_version=&#8221;4.24.2&#8243; _module_preset=&#8221;default&#8221; global_colors_info=&#8221;{}&#8221;][et_pb_heading title=&#8221;PROTO VASARAS TERASE&#8221; _builder_version=&#8221;4.24.2&#8243; _module_preset=&#8221;c9a4dd29-8345-43ea-bd4d-e73ae35e5717&#8243; title_level=&#8221;h1&#8243; global_colors_info=&#8221;{}&#8221;][\/et_pb_heading][\/et_pb_column][\/et_pb_row][et_pb_row column_structure=&#8221;1_2,1_2&#8243; admin_label=&#8221;Kartes att\u0113ls pa kreisi&#8221; _builder_version=&#8221;4.24.2&#8243; _module_preset=&#8221;90498953-537a-45d8-96c9-83e32ef8ef4e&#8221; custom_margin=&#8221;25px||25px||false|false&#8221; saved_tabs=&#8221;all&#8221; global_colors_info=&#8221;{}&#8221;][et_pb_column type=&#8221;1_2&#8243; _builder_version=&#8221;4.24.2&#8243; _module_preset=&#8221;default&#8221; global_colors_info=&#8221;{}&#8221;][et_pb_image src=&#8221;https:\/\/www.prototehas.ee\/wp-content\/uploads\/2023\/06\/proto_markus-sein_7O6A3051-1-scaled.jpg&#8221; alt=&#8221;Dienvidamerikas virtuve PROTO vasaras teras\u0113&#8221; title_text=&#8221;Proto vasaras terases malt\u012bte&#8221; show_bottom_space=&#8221;off&#8221; module_class=&#8221;pa-full-height-image-column&#8221; _builder_version=&#8221;4.24.2&#8243; _module_preset=&#8221;default&#8221; global_colors_info=&#8221;{}&#8221;][\/et_pb_image][\/et_pb_column][et_pb_column type=&#8221;1_2&#8243; _builder_version=&#8221;4.24.2&#8243; _module_preset=&#8221;default&#8221; custom_padding=&#8221;|30px||30px|false|false&#8221; global_colors_info=&#8221;{}&#8221;][et_pb_text _builder_version=&#8221;4.24.2&#8243; _module_preset=&#8221;e179c0c4-c115-407d-a110-ebe813713cd6&#8243; custom_margin=&#8221;|0px|||false|false&#8221; custom_padding=&#8221;||30px|0px|false|false&#8221; hover_enabled=&#8221;0&#8243; global_colors_info=&#8221;{}&#8221; sticky_enabled=&#8221;0&#8243;]<p style=\"font-weight: 400;\"><strong><br \/>PROTO vasaras terase<\/strong> aicina baud\u012bt autentiskus Peru un Dienvidamerikas virtuves \u0113dienus un prasm\u012bgi gatavotus koktei\u013cus.<\/p>\n<p style=\"font-weight: 400;\">M\u016bsu <strong>\u0161efpav\u0101rs<\/strong> ir izveidojis <strong>izcilu \u0113dienkarti<\/strong> , kas pied\u0101v\u0101 kulin\u0101rijas gardumus tie\u0161i no <strong>Dienvidamerikas<\/strong> sirds. Neatkar\u012bgi no t\u0101, vai t\u0101 ir tradicion\u0101la ceviche, kas pagatavota no svaig\u0101m j\u016bras velt\u0113m, vai bag\u0101t\u012bgi aromatiz\u0113ti pild\u012bti kartupe\u013ci (Papa Rellena), m\u016bsu \u0113dienu izv\u0113le aizved\u012bs j\u016bs tie\u0161i uz eksotisku kulin\u0101rijas piedz\u012bvojumu.<\/p>\n<p style=\"font-weight: 400;\"><strong>J\u016blijs (01.07-<b>10.08)<\/b><\/strong><\/p>\n<p style=\"font-weight: 400;\">\ud83d\udd53 O-Pk 16.00-22.00 | S-Sv 13.00-22.00<\/p>\n<p style=\"font-weight: 400;\"><strong>Augusts (<b>11.08-31.08<\/b>)<\/strong><\/p>\n<p style=\"font-weight: 400;\">\ud83d\udd54 C-Pk 17.00-22.00 | S 13.00-22.00<\/p>\n<p style=\"font-weight: 400;\"><strong>Septembris<\/strong><\/p>\n<p style=\"font-weight: 400;\">\ud83d\udd54 Pk-S 17.00-22.00<\/p>\n<p>Lai rezerv\u0113tu galdi\u0146u, zvaniet: <strong>+372<\/strong> <strong>5450 0840<\/strong><\/p>[\/et_pb_text][\/et_pb_column][\/et_pb_row][et_pb_row column_structure=&#8221;1_2,1_2&#8243; use_custom_gutter=&#8221;on&#8221; gutter_width=&#8221;2&#8243; _builder_version=&#8221;4.24.2&#8243; _module_preset=&#8221;default&#8221; width=&#8221;95%&#8221; custom_margin=&#8221;||||false|false&#8221; locked=&#8221;off&#8221; global_colors_info=&#8221;{}&#8221;][et_pb_column type=&#8221;1_2&#8243; _builder_version=&#8221;4.24.2&#8243; _module_preset=&#8221;default&#8221; global_colors_info=&#8221;{}&#8221;][et_pb_blurb title=&#8221;\u0112DIENKARTE&#8221; _builder_version=&#8221;4.24.2&#8243; _module_preset=&#8221;481f6fb3-e1ad-4711-b65b-226135c026c0&#8243; locked=&#8221;off&#8221; global_colors_info=&#8221;{}&#8221;]<p>PROTO Vasaras terases \u0113dienkarte<\/p>[\/et_pb_blurb][et_pb_button button_url=&#8221;https:\/\/www.prototehas.ee\/wp-content\/uploads\/2025\/05\/PROTO-menu-ee-297x210mm3mm-bleed.pdf&#8221; button_text=&#8221;Skat\u012bt vair\u0101k&#8221; button_alignment=&#8221;center&#8221; _builder_version=&#8221;4.24.2&#8243; _module_preset=&#8221;default&#8221; global_colors_info=&#8221;{}&#8221;][\/et_pb_button][\/et_pb_column][et_pb_column type=&#8221;1_2&#8243; _builder_version=&#8221;4.24.2&#8243; _module_preset=&#8221;default&#8221; global_colors_info=&#8221;{}&#8221;][et_pb_blurb title=&#8221;DZ\u0112RIENU KARTE&#8221; _builder_version=&#8221;4.24.2&#8243; _module_preset=&#8221;481f6fb3-e1ad-4711-b65b-226135c026c0&#8243; locked=&#8221;off&#8221; global_colors_info=&#8221;{}&#8221;]<p>PROTO Vasaras terases dz\u0113rienu karte<\/p>[\/et_pb_blurb][et_pb_button button_url=&#8221;https:\/\/www.prototehas.ee\/wp-content\/uploads\/2025\/05\/PROTO-drinks-ee-297x210mm3mm-bleed.pdf&#8221; button_text=&#8221;Skat\u012bt vair\u0101k&#8221; button_alignment=&#8221;center&#8221; _builder_version=&#8221;4.24.2&#8243; _module_preset=&#8221;default&#8221; global_colors_info=&#8221;{}&#8221;][\/et_pb_button][\/et_pb_column][\/et_pb_row][et_pb_row column_structure=&#8221;1_2,1_2&#8243; use_custom_gutter=&#8221;on&#8221; gutter_width=&#8221;1&#8243; make_equal=&#8221;on&#8221; admin_label=&#8221;Kartes att\u0113ls pa labi&#8221; _builder_version=&#8221;4.24.2&#8243; _module_preset=&#8221;default&#8221; background_color=&#8221;#FFFFFF&#8221; custom_margin=&#8221;25px||25px||false|false&#8221; custom_padding=&#8221;0px||0px||false|false&#8221; border_radii=&#8221;on|20px|20px|20px|20px&#8221; global_colors_info=&#8221;{}&#8221; custom_css_main_element_last_edited=&#8221;on|tablet&#8221;][et_pb_column type=&#8221;1_2&#8243; _builder_version=&#8221;4.24.2&#8243; _module_preset=&#8221;default&#8221; custom_padding=&#8221;|30px||30px|false|false&#8221; global_colors_info=&#8221;{}&#8221;][et_pb_text _builder_version=&#8221;4.24.2&#8243; _module_preset=&#8221;e179c0c4-c115-407d-a110-ebe813713cd6&#8243; custom_margin=&#8221;|0px|||false|false&#8221; custom_padding=&#8221;43px||30px|0px|false|false&#8221; global_colors_info=&#8221;{}&#8221;]<p style=\"font-weight: 400;\"><strong>Klaar Modular<\/strong> kupoli rada neatk\u0101rtojamu atmosf\u0113ru m\u016bsu teras\u0113, nodro\u0161inot <strong>priv\u0101tumu<\/strong> un vienlaikus iesp\u0113ju izbaud\u012bt atra\u0161an\u0101s br\u012bv\u0101 dab\u0101 valdzin\u0101jumu. Neatkar\u012bgi no t\u0101, vai tas ir lietains vasaras vakars vai romantiskas vakari\u0146as saulriet\u0101, m\u016bsu kupoli nodro\u0161ina int\u012bmu un aizsarg\u0101tu telpu. <\/p>\n<p style=\"font-weight: 400;\"><strong>PROTO vasaras terase ir lieliska vieta, kur atp\u016bsties, pavad\u012bt laiku ar draugiem vai romantisk\u0101m vakari\u0146\u0101m. Apst\u0101jieties un atkl\u0101jiet Dienvidamerikas piedz\u012bvojumu, kas pamodin\u0101s j\u016bsu gar\u0161as k\u0101rpi\u0146as. <\/strong><\/p>\n<p>&nbsp;<\/p>[\/et_pb_text][\/et_pb_column][et_pb_column type=&#8221;1_2&#8243; _builder_version=&#8221;4.24.2&#8243; _module_preset=&#8221;default&#8221; global_colors_info=&#8221;{}&#8221;][et_pb_image src=&#8221;https:\/\/www.prototehas.ee\/wp-content\/uploads\/2023\/06\/proto_markus-sein_7O6A2898-scaled.jpg&#8221; alt=&#8221;Skaidrs modul\u0101rais kupols&#8221; title_text=&#8221;Proto vasaras terase Klaar Modular Dome&#8221; show_bottom_space=&#8221;off&#8221; module_class=&#8221;pa-full-height-image-column&#8221; _builder_version=&#8221;4.24.2&#8243; _module_preset=&#8221;default&#8221; global_colors_info=&#8221;{}&#8221;][\/et_pb_image][\/et_pb_column][\/et_pb_row][et_pb_row use_custom_gutter=&#8221;on&#8221; gutter_width=&#8221;1&#8243; admin_label=&#8221;Igaunijas gar\u0161as&#8221; _builder_version=&#8221;4.24.2&#8243; _module_preset=&#8221;default&#8221; width=&#8221;100%&#8221; min_height=&#8221;527.5px&#8221; locked=&#8221;off&#8221; global_colors_info=&#8221;{}&#8221;][et_pb_column type=&#8221;4_4&#8243; _builder_version=&#8221;4.16&#8243; _module_preset=&#8221;default&#8221; global_colors_info=&#8221;{}&#8221;][et_pb_heading title=&#8221;FOTO GALERIJA&#8221; _builder_version=&#8221;4.24.2&#8243; _module_preset=&#8221;c9a4dd29-8345-43ea-bd4d-e73ae35e5717&#8243; title_font=&#8221;Amsi Pro Cond Regular|||on|||||&#8221; custom_margin=&#8221;||30px||false|false&#8221; global_colors_info=&#8221;{}&#8221;][\/et_pb_heading][et_pb_gallery gallery_ids=&#8221;24766,24750,24746,24774,24726,24738,24698,24694,24714,24686,24770,24762&#8243; posts_number=&#8221;8&#8243; show_title_and_caption=&#8221;off&#8221; show_pagination=&#8221;off&#8221; zoom_icon_color=&#8221;#6400FF&#8221; hover_overlay_color=&#8221;rgba(255,255,255,0.52)&#8221; hover_icon=&#8221;&#x2d;||divi||400&#8243; module_class=&#8221;col-width&#8221; _builder_version=&#8221;4.24.2&#8243; _module_preset=&#8221;default&#8221; custom_margin=&#8221;||||false|false&#8221; custom_margin_tablet=&#8221;||||false|false&#8221; custom_margin_phone=&#8221;||||false|false&#8221; custom_margin_last_edited=&#8221;on|tablet&#8221; custom_padding=&#8221;|10px||10px|false|false&#8221; border_width_all=&#8221;14px&#8221; border_color_all=&#8221;RGBA(255,255,255,0)&#8221; border_width_all_tablet=&#8221;14px&#8221; border_width_all_phone=&#8221;6px&#8221; border_width_all_last_edited=&#8221;on|phone&#8221; border_radii_image=&#8221;on|12px|12px|12px|12px&#8221; global_colors_info=&#8221;{}&#8221;][\/et_pb_gallery][\/et_pb_column][\/et_pb_row][et_pb_row admin_label=&#8221;Igaunijas gar\u0161as&#8221; _builder_version=&#8221;4.24.2&#8243; _module_preset=&#8221;default&#8221; background_color=&#8221;#FFFFFF&#8221; border_radii=&#8221;on|30px|30px|30px|30px&#8221; locked=&#8221;off&#8221; global_colors_info=&#8221;{}&#8221;][et_pb_column type=&#8221;4_4&#8243; _builder_version=&#8221;4.16&#8243; _module_preset=&#8221;default&#8221; global_colors_info=&#8221;{}&#8221;][et_pb_heading title=&#8221;PAPILDU INFORM\u0100CIJA  &#8221; _builder_version=&#8221;4.24.2&#8243; _module_preset=&#8221;c9a4dd29-8345-43ea-bd4d-e73ae35e5717&#8243; custom_margin=&#8221;||30px||false|false&#8221; global_colors_info=&#8221;{}&#8221;][\/et_pb_heading][et_pb_text _builder_version=&#8221;4.24.2&#8243; _module_preset=&#8221;e179c0c4-c115-407d-a110-ebe813713cd6&#8243; custom_padding=&#8221;0px|90px|0px|90px|false|false&#8221; custom_padding_tablet=&#8221;|20px||20px|false|false&#8221; custom_padding_phone=&#8221;|0px||0px|false|false&#8221; custom_padding_last_edited=&#8221;on|tablet&#8221; global_colors_info=&#8221;{}&#8221;]<p class=\"s5\"><span>\ud83d\udccc<\/span> <span>Ietilp\u012bba: Vien\u0101 kupol\u0101 var izmitin\u0101t l\u012bdz 9 cilv\u0113kiem.<br> \ud83d\udccc M\u0101jdz\u012bvnieki: laipni l\u016bgti kupolos!<\/span><\/p>[\/et_pb_text][\/et_pb_column][\/et_pb_row][\/et_pb_section]<span class=\"et_bloom_bottom_trigger\"><\/span>","protected":false},"excerpt":{"rendered":"<p>PROTO vasaras terase aicina baud\u012bt autentiskus Peru un Dienvidamerikas virtuves \u0113dienus un prasm\u012bgi gatavotus koktei\u013cus. M\u016bsu \u0161efpav\u0101rs ir izveidojis izcilu \u0113dienkarti , kas pied\u0101v\u0101 kulin\u0101rijas gardumus tie\u0161i no Dienvidamerikas sirds. Neatkar\u012bgi no t\u0101, vai t\u0101 ir tradicion\u0101la ceviche, kas pagatavota no svaig\u0101m j\u016bras velt\u0113m, vai bag\u0101t\u012bgi aromatiz\u0113ti pild\u012bti kartupe\u013ci (Papa Rellena), m\u016bsu \u0113dienu izv\u0113le aizved\u012bs [&hellip;]<\/p>\n","protected":false},"author":19,"featured_media":0,"parent":0,"menu_order":0,"comment_status":"closed","ping_status":"closed","template":"","meta":{"_acf_changed":false,"_et_pb_use_builder":"on","_et_pb_old_content":"","_et_gb_content_width":"","inline_featured_image":false,"footnotes":""},"class_list":["post-16273","page","type-page","status-publish","hentry"],"acf":[],"yoast_head":"<!-- This site is optimized with the Yoast SEO plugin v26.9 - https:\/\/yoast.com\/product\/yoast-seo-wordpress\/ -->\n<title>PROTO VASARAS TERASE - PROTO avastustehas<\/title>\n<meta name=\"description\" content=\"Izbaudiet vasaras vakarus PROTO vasaras teras\u0113 Tallin\u0101 \u2013 ide\u0101l\u0101 viet\u0101, kur atp\u016bsties, baud\u012bt uzkodas, dz\u0113rienus un Dienvidamerikas virtuvi.\" \/>\n<meta name=\"robots\" content=\"index, follow, max-snippet:-1, max-image-preview:large, max-video-preview:-1\" \/>\n<link rel=\"canonical\" href=\"https:\/\/www.prototehas.ee\/lv\/proto-vasaras-terase\/\" \/>\n<meta property=\"og:locale\" content=\"lv_LV\" \/>\n<meta property=\"og:type\" content=\"article\" \/>\n<meta property=\"og:title\" content=\"PROTO VASARAS TERASE - PROTO avastustehas\" \/>\n<meta property=\"og:description\" content=\"Izbaudiet vasaras vakarus PROTO vasaras teras\u0113 Tallin\u0101 \u2013 ide\u0101l\u0101 viet\u0101, kur atp\u016bsties, baud\u012bt uzkodas, dz\u0113rienus un Dienvidamerikas virtuvi.\" \/>\n<meta property=\"og:url\" content=\"https:\/\/www.prototehas.ee\/lv\/proto-vasaras-terase\/\" \/>\n<meta property=\"og:site_name\" content=\"PROTO avastustehas\" \/>\n<meta property=\"article:publisher\" content=\"https:\/\/www.facebook.com\/prototehas\/\" \/>\n<meta property=\"article:modified_time\" content=\"2025-07-23T09:00:06+00:00\" \/>\n<meta name=\"twitter:card\" content=\"summary_large_image\" \/>\n<meta name=\"twitter:label1\" content=\"Est. reading time\" \/>\n\t<meta name=\"twitter:data1\" content=\"2 minutes\" \/>\n<script type=\"application\/ld+json\" class=\"yoast-schema-graph\">{\"@context\":\"https:\/\/schema.org\",\"@graph\":[{\"@type\":\"WebPage\",\"@id\":\"https:\/\/www.prototehas.ee\/lv\/proto-vasaras-terase\/\",\"url\":\"https:\/\/www.prototehas.ee\/lv\/proto-vasaras-terase\/\",\"name\":\"PROTO VASARAS TERASE - PROTO avastustehas\",\"isPartOf\":{\"@id\":\"https:\/\/www.prototehas.ee\/lv\/#website\"},\"datePublished\":\"2023-06-13T12:26:13+00:00\",\"dateModified\":\"2025-07-23T09:00:06+00:00\",\"description\":\"Izbaudiet vasaras vakarus PROTO vasaras teras\u0113 Tallin\u0101 \u2013 ide\u0101l\u0101 viet\u0101, kur atp\u016bsties, baud\u012bt uzkodas, dz\u0113rienus un Dienvidamerikas virtuvi.\",\"breadcrumb\":{\"@id\":\"https:\/\/www.prototehas.ee\/lv\/proto-vasaras-terase\/#breadcrumb\"},\"inLanguage\":\"lv-LV\",\"potentialAction\":[{\"@type\":\"ReadAction\",\"target\":[\"https:\/\/www.prototehas.ee\/lv\/proto-vasaras-terase\/\"]}]},{\"@type\":\"BreadcrumbList\",\"@id\":\"https:\/\/www.prototehas.ee\/lv\/proto-vasaras-terase\/#breadcrumb\",\"itemListElement\":[{\"@type\":\"ListItem\",\"position\":1,\"name\":\"Avaleht\",\"item\":\"https:\/\/www.prototehas.ee\/lv\/\"},{\"@type\":\"ListItem\",\"position\":2,\"name\":\"PROTO VASARAS TERASE\"}]},{\"@type\":\"WebSite\",\"@id\":\"https:\/\/www.prototehas.ee\/lv\/#website\",\"url\":\"https:\/\/www.prototehas.ee\/lv\/\",\"name\":\"PROTO avastustehas\",\"description\":\"Where science meets fantasy\",\"publisher\":{\"@id\":\"https:\/\/www.prototehas.ee\/lv\/#organization\"},\"potentialAction\":[{\"@type\":\"SearchAction\",\"target\":{\"@type\":\"EntryPoint\",\"urlTemplate\":\"https:\/\/www.prototehas.ee\/lv\/?s={search_term_string}\"},\"query-input\":{\"@type\":\"PropertyValueSpecification\",\"valueRequired\":true,\"valueName\":\"search_term_string\"}}],\"inLanguage\":\"lv-LV\"},{\"@type\":\"Organization\",\"@id\":\"https:\/\/www.prototehas.ee\/lv\/#organization\",\"name\":\"PROTO avastustehas\",\"url\":\"https:\/\/www.prototehas.ee\/lv\/\",\"logo\":{\"@type\":\"ImageObject\",\"inLanguage\":\"lv-LV\",\"@id\":\"https:\/\/www.prototehas.ee\/lv\/#\/schema\/logo\/image\/\",\"url\":\"https:\/\/www.prototehas.ee\/wp-content\/uploads\/2019\/10\/prototehas_logo_et_2.svg\",\"contentUrl\":\"https:\/\/www.prototehas.ee\/wp-content\/uploads\/2019\/10\/prototehas_logo_et_2.svg\",\"width\":100,\"height\":100,\"caption\":\"PROTO avastustehas\"},\"image\":{\"@id\":\"https:\/\/www.prototehas.ee\/lv\/#\/schema\/logo\/image\/\"},\"sameAs\":[\"https:\/\/www.facebook.com\/prototehas\/\"]}]}<\/script>\n<!-- \/ Yoast SEO plugin. -->","yoast_head_json":{"title":"PROTO VASARAS TERASE - PROTO avastustehas","description":"Izbaudiet vasaras vakarus PROTO vasaras teras\u0113 Tallin\u0101 \u2013 ide\u0101l\u0101 viet\u0101, kur atp\u016bsties, baud\u012bt uzkodas, dz\u0113rienus un Dienvidamerikas virtuvi.","robots":{"index":"index","follow":"follow","max-snippet":"max-snippet:-1","max-image-preview":"max-image-preview:large","max-video-preview":"max-video-preview:-1"},"canonical":"https:\/\/www.prototehas.ee\/lv\/proto-vasaras-terase\/","og_locale":"lv_LV","og_type":"article","og_title":"PROTO VASARAS TERASE - PROTO avastustehas","og_description":"Izbaudiet vasaras vakarus PROTO vasaras teras\u0113 Tallin\u0101 \u2013 ide\u0101l\u0101 viet\u0101, kur atp\u016bsties, baud\u012bt uzkodas, dz\u0113rienus un Dienvidamerikas virtuvi.","og_url":"https:\/\/www.prototehas.ee\/lv\/proto-vasaras-terase\/","og_site_name":"PROTO avastustehas","article_publisher":"https:\/\/www.facebook.com\/prototehas\/","article_modified_time":"2025-07-23T09:00:06+00:00","twitter_card":"summary_large_image","twitter_misc":{"Est. reading time":"2 minutes"},"schema":{"@context":"https:\/\/schema.org","@graph":[{"@type":"WebPage","@id":"https:\/\/www.prototehas.ee\/lv\/proto-vasaras-terase\/","url":"https:\/\/www.prototehas.ee\/lv\/proto-vasaras-terase\/","name":"PROTO VASARAS TERASE - PROTO avastustehas","isPartOf":{"@id":"https:\/\/www.prototehas.ee\/lv\/#website"},"datePublished":"2023-06-13T12:26:13+00:00","dateModified":"2025-07-23T09:00:06+00:00","description":"Izbaudiet vasaras vakarus PROTO vasaras teras\u0113 Tallin\u0101 \u2013 ide\u0101l\u0101 viet\u0101, kur atp\u016bsties, baud\u012bt uzkodas, dz\u0113rienus un Dienvidamerikas virtuvi.","breadcrumb":{"@id":"https:\/\/www.prototehas.ee\/lv\/proto-vasaras-terase\/#breadcrumb"},"inLanguage":"lv-LV","potentialAction":[{"@type":"ReadAction","target":["https:\/\/www.prototehas.ee\/lv\/proto-vasaras-terase\/"]}]},{"@type":"BreadcrumbList","@id":"https:\/\/www.prototehas.ee\/lv\/proto-vasaras-terase\/#breadcrumb","itemListElement":[{"@type":"ListItem","position":1,"name":"Avaleht","item":"https:\/\/www.prototehas.ee\/lv\/"},{"@type":"ListItem","position":2,"name":"PROTO VASARAS TERASE"}]},{"@type":"WebSite","@id":"https:\/\/www.prototehas.ee\/lv\/#website","url":"https:\/\/www.prototehas.ee\/lv\/","name":"PROTO avastustehas","description":"Where science meets fantasy","publisher":{"@id":"https:\/\/www.prototehas.ee\/lv\/#organization"},"potentialAction":[{"@type":"SearchAction","target":{"@type":"EntryPoint","urlTemplate":"https:\/\/www.prototehas.ee\/lv\/?s={search_term_string}"},"query-input":{"@type":"PropertyValueSpecification","valueRequired":true,"valueName":"search_term_string"}}],"inLanguage":"lv-LV"},{"@type":"Organization","@id":"https:\/\/www.prototehas.ee\/lv\/#organization","name":"PROTO avastustehas","url":"https:\/\/www.prototehas.ee\/lv\/","logo":{"@type":"ImageObject","inLanguage":"lv-LV","@id":"https:\/\/www.prototehas.ee\/lv\/#\/schema\/logo\/image\/","url":"https:\/\/www.prototehas.ee\/wp-content\/uploads\/2019\/10\/prototehas_logo_et_2.svg","contentUrl":"https:\/\/www.prototehas.ee\/wp-content\/uploads\/2019\/10\/prototehas_logo_et_2.svg","width":100,"height":100,"caption":"PROTO avastustehas"},"image":{"@id":"https:\/\/www.prototehas.ee\/lv\/#\/schema\/logo\/image\/"},"sameAs":["https:\/\/www.facebook.com\/prototehas\/"]}]}},"_links":{"self":[{"href":"https:\/\/www.prototehas.ee\/lv\/wp-json\/wp\/v2\/pages\/16273","targetHints":{"allow":["GET"]}}],"collection":[{"href":"https:\/\/www.prototehas.ee\/lv\/wp-json\/wp\/v2\/pages"}],"about":[{"href":"https:\/\/www.prototehas.ee\/lv\/wp-json\/wp\/v2\/types\/page"}],"author":[{"embeddable":true,"href":"https:\/\/www.prototehas.ee\/lv\/wp-json\/wp\/v2\/users\/19"}],"replies":[{"embeddable":true,"href":"https:\/\/www.prototehas.ee\/lv\/wp-json\/wp\/v2\/comments?post=16273"}],"version-history":[{"count":5,"href":"https:\/\/www.prototehas.ee\/lv\/wp-json\/wp\/v2\/pages\/16273\/revisions"}],"predecessor-version":[{"id":34782,"href":"https:\/\/www.prototehas.ee\/lv\/wp-json\/wp\/v2\/pages\/16273\/revisions\/34782"}],"wp:attachment":[{"href":"https:\/\/www.prototehas.ee\/lv\/wp-json\/wp\/v2\/media?parent=16273"}],"curies":[{"name":"wp","href":"https:\/\/api.w.org\/{rel}","templated":true}]}}