{"id":16987,"date":"2023-07-28T10:17:10","date_gmt":"2023-07-28T10:17:10","guid":{"rendered":"http:\/\/protodev.ee\/?page_id=16987"},"modified":"2025-07-15T13:42:46","modified_gmt":"2025-07-15T13:42:46","slug":"ilgtspejiga-attistiba","status":"publish","type":"page","link":"https:\/\/www.prototehas.ee\/lv\/ilgtspejiga-attistiba\/","title":{"rendered":"ILGTSP\u0112J\u012aGA ATT\u012aST\u012aBA"},"content":{"rendered":"[et_pb_section fb_built=&#8221;1&#8243; _builder_version=&#8221;4.16&#8243; background_image=&#8221;https:\/\/www.prototehas.ee\/wp-content\/uploads\/2019\/11\/Fujifilm_Panorama3.jpg&#8221; custom_margin=&#8221;0px||||false|false&#8221; custom_padding=&#8221;13em||13em||true|false&#8221; global_colors_info=&#8221;{}&#8221;][\/et_pb_section][et_pb_section fb_built=&#8221;1&#8243; _builder_version=&#8221;4.16&#8243; background_color=&#8221;#fff0d9&#8243; background_enable_image=&#8221;off&#8221; locked=&#8221;off&#8221; global_colors_info=&#8221;{}&#8221;][et_pb_row _builder_version=&#8221;4.16&#8243; locked=&#8221;off&#8221; global_colors_info=&#8221;{}&#8221;][et_pb_column type=&#8221;4_4&#8243; _builder_version=&#8221;4.16&#8243; global_colors_info=&#8221;{}&#8221;][et_pb_heading title=&#8221;ILGTSP\u0112J\u012aGA ATT\u012aST\u012aBA PROTO ATKL\u0100JUMU CENTR\u0100&#8221; _builder_version=&#8221;4.24.2&#8243; _module_preset=&#8221;c9a4dd29-8345-43ea-bd4d-e73ae35e5717&#8243; locked=&#8221;off&#8221; global_colors_info=&#8221;{}&#8221;][\/et_pb_heading][et_pb_text module_class=&#8221;regular-text&#8221; _builder_version=&#8221;4.24.2&#8243; _module_preset=&#8221;e179c0c4-c115-407d-a110-ebe813713cd6&#8243; text_font=&#8221;Amsi Pro Narrow Regular||||||||&#8221; text_line_height=&#8221;21px&#8221; global_colors_info=&#8221;{}&#8221;]<p class=\"s5\" style=\"text-align: left;\"><span class=\"s4\">PROTO atkl\u0101jumu centr\u0101 l\u012bdz\u0101s zin\u0101tk\u0101rei, rado\u0161umam un<span>\u00a0<\/span><\/span><span class=\"s4\">izgudro\u0161anas<span>\u00a0<\/span><\/span><span class=\"s4\">drosmei<span>\u00a0<\/span><\/span><span class=\"s4\">a<\/span><span class=\"s4\">ugstu v\u0113rt\u0113jam ar\u012b v\u0113lmi main\u012bties, atkl\u0101t apk\u0101rt\u0113jo pasauli un izprast savas r\u012bc\u012bbas ie<\/span><span class=\"s4\">darb\u012bbu<span>\u00a0<\/span><\/span><span class=\"s4\">uz dabu. T\u0101p\u0113c PROTO centr\u0101 akt\u012bvi str\u0101d\u0101jam, lai samazin\u0101tu savu ietekmi uz vidi. Uz<\/span><span class=\"s4\">st\u0101dot m\u0113r\u0137i<span>\u00a0<\/span><\/span><span class=\"s4\">sasniegt oglek\u013ca neitralit\u0101ti<\/span><span class=\"s4\">,<\/span><span class=\"s4\"><span>\u00a0<\/span>v\u0113lamies kalpot par piem\u0113ru un celmlauzi citiem l\u012bdz\u012bgiem uz\u0146\u0113mumiem.<span>\u00a0<\/span><\/span><span class=\"s4\">K<\/span><span class=\"s4\">\u0101 m\u0113s to dar\u0101m?\u00a0 Kop\u0161 2023. gada PROTO atkl\u0101jumu fabrikai ir ar\u012b Green Key ekomar\u0137\u0113jums.<\/span><\/p>\n<p class=\"s5\" style=\"text-align: left;\"><strong><span class=\"s6\">\u0160eit var iepaz\u012bties ar PROTO vides saglab\u0101\u0161anas principiem:<\/span><\/strong><\/p>\n<div class=\"s7\" style=\"text-align: left;\"><span>1.\u00a0<\/span><span class=\"s4\">PROTO atkl\u0101jumu centr\u0101 vienm\u0113r izv\u0113lamies viet\u0113jo! M\u016bsu ekspon\u0101ti p\u0113c iesp\u0113jas tiek ra\u017eoti uz vietas Igaunij\u0101, lai ce\u013c\u0161 no idejas l\u012bdz realiz\u0101cijai b\u016btu p\u0113c iesp\u0113jas \u012bs\u0101ks un ietaup\u012btu resursus. Izmantojam dabiskus materi\u0101lus un, ja iesp\u0113jams, priek\u0161roku dodam otrreiz\u0113jai p\u0101rstr\u0101dei<\/span><span class=\"s4\">.<\/span><span class=\"s4\"><span>\u00a0<\/span><\/span><span class=\"s4\">A<\/span><span class=\"s4\">lla\u017e priec\u0101jamies, ja k\u0101da<\/span><span class=\"s4\">m<\/span><span class=\"s4\"><span>\u00a0<\/span>vecam materi\u0101lam varam iedot jaunu dz\u012bvi. V\u0113lamies, lai t\u0101du pa\u0161u saj\u016btu pie mums g\u016btu ar\u012b t\u016bristi \u2013 Igaunija ir maza, m\u012b\u013ca, t\u012bra un ilgtsp\u0113j\u012bga valsts, kur\u0101 cilv\u0113kiem r\u016bp vide sev apk\u0101rt.<\/span><\/div>\n<p class=\"s8\" style=\"text-align: left;\"><span class=\"s4\">\u00a0<\/span><\/p>\n<div class=\"s7\" style=\"text-align: left;\"><span>2.\u00a0<\/span><span class=\"s4\">PROTO atkl\u0101jumu centr\u0101 gan skol\u0113ni, gan \u0123imenes, kas apmekl\u0113 ekspoz\u012bciju, var piedal\u012bties da\u017e\u0101d\u0101s ilgtsp\u0113jas veicin\u0101\u0161anai velt\u012bt\u0101s darbn\u012bc\u0101s. Vides ilgtsp\u0113j\u012bbas t\u0113mas ir iestr\u0101d\u0101tas ar\u012b da\u017e\u0101d\u0101s PROTO programm\u0101s<\/span><span class=\"s4\">.<\/span><\/div>\n<p class=\"s8\" style=\"text-align: left;\"><span class=\"s4\">\u00a0<\/span><\/p>\n<div class=\"s7\" style=\"text-align: left;\"><span>3.\u00a0<\/span><span class=\"s4\">U<\/span><span class=\"s4\">z PROTO centra \u0113din\u0101\u0161anas pakalpojumu attiecin\u0101m vienk\u0101r\u0161u principu \u2013 t\u0113r\u0113jam un \u00a0pies\u0101r\u0146ojam p\u0113c iesp\u0113jas maz\u0101k! Proti, \u0113diens m\u016bsu kafejn\u012bc\u0101 un pas\u0101kumos vienm\u0113r tiek gatavots no viet\u0113jiem produktiem, tas ir daudzveid\u012bgs, t\u012brs un vesel\u012bgs, turkl\u0101t \u0113dienkart\u0113 sev t\u012bkamus \u0113dienus var atrast ar\u012b ve\u0123et\u0101rie\u0161i. T\u0101pat PROTO atkl\u0101jumu centr\u0101 netiek lietoti t\u012br\u012b\u0161anas l\u012bdzek\u013ci, kas satur \u0137\u012bmiskas vielas un izejvielas, kas satur gaisa pies\u0101r\u0146ot\u0101jus, m\u0113slojumu vai pestic\u012bdus.<\/span><\/div>\n<p class=\"s8\" style=\"text-align: left;\"><span class=\"s4\">\u00a0<\/span><\/p>\n<div class=\"s7\" style=\"text-align: left;\"><span>4.\u00a0<\/span><span class=\"s4\">PROTO apkures, elektroener\u0123ijas, \u016bdens un citu resursu izmanto\u0161ana ir maksim\u0101li ekonomiska, past\u0101v\u012bgi sekojam l\u012bdzi pat\u0113ri\u0146a apjomam un izdom\u0101jam jaunus veidus, k\u0101 optimiz\u0113t izmaksas.<\/span><\/div>\n<p class=\"s8\" style=\"text-align: left;\"><span class=\"s4\">\u00a0<\/span><\/p>\n<div class=\"s7\" style=\"text-align: left;\"><span>5.\u00a0<\/span><span class=\"s4\">PROTO organiz\u0113tajiem pas\u0101kumiem esam sagatavoju\u0161i ilgtsp\u0113j\u012bgu pas\u0101kumu vad\u012b\u0161anas ce\u013cvedi, uz kura pamata pl\u0101nojam savu programmu un kur\u0101 dal\u0101mies ar\u012b ar citiem organizatoriem.<\/span><\/div>\n<p class=\"s8\" style=\"text-align: left;\"><span class=\"s4\">\u00a0<\/span><\/p>\n<div class=\"s7\" style=\"text-align: left;\"><span>6.\u00a0<\/span><span class=\"s4\">R<\/span><span class=\"s4\">egul\u0101ri apm\u0101c\u0101m PROTO centra darbiniekus par vides jaut\u0101jumiem un mudin\u0101m uz\u0146emties iniciat\u012bvu, lai pan\u0101ktu videi draudz\u012bg\u0101ku dom\u0101\u0161anas veidu.<\/span><\/div>\n<p class=\"s9\" style=\"text-align: left;\"><span>\u00a0<\/span><\/p>\n<div class=\"s7\" style=\"text-align: left;\">\n<p><span>7.\u00a0<\/span><span class=\"s4\">Turpm\u0101k visi PROTO apmekl\u0113t\u0101ji var\u0113s izm\u0113r\u012bt sava apmekl\u0113juma ietekmi uz vidi un kompens\u0113t to atpaka\u013c dab\u0101.<\/span><\/p>\n<p>&nbsp;<\/p>\n<p class=\"p1\"><strong>PROTO ilgtsp\u0113j\u012bgas pas\u0101kumu vad\u012bbas vadl\u012bnijas \u2013 skat\u012bt vair\u0101k <a href=\"https:\/\/www.prototehas.ee\/wp-content\/uploads\/2025\/07\/PROTOs-Guidelines-for-Sustainable-Event-Management.pdf\">\u0160EIT<\/a>.<\/strong><\/p>\n<p class=\"p1\"><strong>PROTO vides principi \u2013 skat\u012bt vair\u0101k <a href=\"https:\/\/www.prototehas.ee\/wp-content\/uploads\/2025\/07\/PROTOs-Environmental-Principles.pdf\">\u0160EIT<\/a>.<\/strong><\/p>\n<\/div>[\/et_pb_text][et_pb_text module_class=&#8221;regular-text&#8221; _builder_version=&#8221;4.24.2&#8243; _module_preset=&#8221;e179c0c4-c115-407d-a110-ebe813713cd6&#8243; text_font=&#8221;Amsi Pro Narrow Regular||||||||&#8221; text_line_height=&#8221;21px&#8221; locked=&#8221;off&#8221; global_colors_info=&#8221;{}&#8221;]<p class=\"s5\" style=\"text-align: left;\"><strong><span class=\"s6\">ZA\u013b\u0100S ZONAS PROTO CENTRA TUVUM\u0100<\/span><\/strong><\/p>\n<p class=\"s5\" style=\"text-align: left;\"><span class=\"s4\">PROTO apk\u0101rtn\u0113 ir \u013coti daudz da\u017e\u0101du parku, kur pirms vai p\u0113c apmekl\u0113juma var doties pastaig\u0101 vai izbraucien\u0101 ar velosip\u0113du, vai ar\u012b sar\u012bkot jauku pikniku ar saviem m\u012b\u013cajiem.<\/span><\/p>\n<p class=\"s5\" style=\"text-align: left;\"><span class=\"s11\">Vair\u0101k skat\u012bt <\/span><span>\u00a0<\/span><strong><a href=\"https:\/\/www.visittallinn.ee\/est\/k%C3%BClastaja\/mida-teha\/k%C3%BClasta\/rannad-rohealad?location=Kalamaja%20%26%20Pelgulinn\"><span class=\"s12\">\u0160EIT.<\/span><\/a><\/strong><\/p>[\/et_pb_text][et_pb_text module_class=&#8221;regular-text&#8221; _builder_version=&#8221;4.24.2&#8243; _module_preset=&#8221;e179c0c4-c115-407d-a110-ebe813713cd6&#8243; text_font=&#8221;Amsi Pro Narrow Regular||||||||&#8221; text_line_height=&#8221;21px&#8221; locked=&#8221;off&#8221; global_colors_info=&#8221;{}&#8221;]<p style=\"text-align: left;\"><strong>GREEN KEY<\/strong><\/p>\n<p class=\"s5\" style=\"text-align: left;\"><span class=\"s13\">Green Key<\/span><span class=\"s4\">\u00a0jeb Za\u013c\u0101 atsl\u0113ga ir starptautisks<span>\u00a0<\/span><\/span><span class=\"s6\">ekomar\u0137\u0113jums<\/span><span class=\"s4\"><span>\u00a0<\/span>t\u016brisma uz\u0146\u0113mumiem, un kop\u0161 1994. gada tas ir vado\u0161ais standarts,<span>\u00a0<\/span><\/span><span class=\"s14\">\u2028<\/span><span class=\"s4\">kas atz\u012bst t\u016brisma uz\u0146\u0113muma videi draudz\u012bgu un ilgtsp\u0113j\u012bgu darb\u012bbu. \u0160obr\u012bd \u0161is mar\u0137\u0113jums apvieno vair\u0101k nek\u0101 3600 uz\u0146\u0113mumu un 60 valstis vis\u0101 pasaul\u0113.<\/span><\/p>\n<p class=\"s5\" style=\"text-align: left;\"><span class=\"s15\">Green Key<\/span><span class=\"s4\"><span>\u00a0<\/span>\u00a0starptautisk\u0101 vad\u012bbas organiz\u0101cija ir<span>\u00a0<\/span><\/span><span class=\"s15\">Foundation for Environmental Education<\/span><span class=\"s14\">\u2028<\/span><span class=\"s4\">, un Igaunij\u0101 mar\u0137\u0113jumu<span>\u00a0<\/span><\/span><span class=\"s14\">\u2028<\/span><span class=\"s4\">koordin\u0113 Uz\u0146\u0113m\u0113jdarb\u012bbas att\u012bst\u012bbas nodibin\u0101jums \u2013<span>\u00a0<\/span><\/span><span class=\"s15\">Enterprise Estonia<\/span><span class=\"s4\"><span>\u00a0<\/span>T\u016brisma att\u012bst\u012bbas centrs sadarb\u012bb\u0101 ar<span>\u00a0<\/span><\/span><span class=\"s14\">\u2028<\/span><span class=\"s4\">Stokholmas Vides instit\u016bta Tallinas centru<span>\u00a0<\/span><\/span><span class=\"s15\">SEI Tallinn<\/span><span class=\"s4\">.\u2028 Augstu vides aizsardz\u012bbas l\u012bmeni nodro\u0161ina darb\u012bbu dokument\u0113\u0161ana, neatkar\u012bgs audits un apsekojumi uz vietas.<\/span><\/p>\n<p style=\"text-align: left;\">[\/et_pb_text][\/et_pb_column][\/et_pb_row][\/et_pb_section]<span class=\"et_bloom_bottom_trigger\"><\/span>","protected":false},"excerpt":{"rendered":"<p>PROTO atkl\u0101jumu centr\u0101 l\u012bdz\u0101s zin\u0101tk\u0101rei, rado\u0161umam un\u00a0izgudro\u0161anas\u00a0drosmei\u00a0augstu v\u0113rt\u0113jam ar\u012b v\u0113lmi main\u012bties, atkl\u0101t apk\u0101rt\u0113jo pasauli un izprast savas r\u012bc\u012bbas iedarb\u012bbu\u00a0uz dabu. T\u0101p\u0113c PROTO centr\u0101 akt\u012bvi str\u0101d\u0101jam, lai samazin\u0101tu savu ietekmi uz vidi. Uzst\u0101dot m\u0113r\u0137i\u00a0sasniegt oglek\u013ca neitralit\u0101ti,\u00a0v\u0113lamies kalpot par piem\u0113ru un celmlauzi citiem l\u012bdz\u012bgiem uz\u0146\u0113mumiem.\u00a0K\u0101 m\u0113s to dar\u0101m?\u00a0 Kop\u0161 2023. gada PROTO atkl\u0101jumu fabrikai ir ar\u012b Green [&hellip;]<\/p>\n","protected":false},"author":19,"featured_media":0,"parent":0,"menu_order":0,"comment_status":"closed","ping_status":"closed","template":"","meta":{"_acf_changed":false,"_et_pb_use_builder":"on","_et_pb_old_content":"","_et_gb_content_width":"","inline_featured_image":false,"footnotes":""},"class_list":["post-16987","page","type-page","status-publish","hentry"],"acf":[],"yoast_head":"<!-- This site is optimized with the Yoast SEO plugin v26.9 - https:\/\/yoast.com\/product\/yoast-seo-wordpress\/ -->\n<title>Kestlik areng PROTO avastustehases<\/title>\n<meta name=\"description\" content=\"PROTO avastustehases keskendume kestlikule arengule, v\u00e4hendades keskkonnajalaj\u00e4lge ja edendades kohalikke lahendusi.\" \/>\n<meta name=\"robots\" content=\"index, follow, max-snippet:-1, max-image-preview:large, max-video-preview:-1\" \/>\n<link rel=\"canonical\" href=\"https:\/\/www.prototehas.ee\/lv\/ilgtspejiga-attistiba\/\" \/>\n<meta property=\"og:locale\" content=\"lv_LV\" \/>\n<meta property=\"og:type\" content=\"article\" \/>\n<meta property=\"og:title\" content=\"Kestlik areng PROTO avastustehases\" \/>\n<meta property=\"og:description\" content=\"PROTO avastustehases keskendume kestlikule arengule, v\u00e4hendades keskkonnajalaj\u00e4lge ja edendades kohalikke lahendusi.\" \/>\n<meta property=\"og:url\" content=\"https:\/\/www.prototehas.ee\/lv\/ilgtspejiga-attistiba\/\" \/>\n<meta property=\"og:site_name\" content=\"PROTO avastustehas\" \/>\n<meta property=\"article:publisher\" content=\"https:\/\/www.facebook.com\/prototehas\/\" \/>\n<meta property=\"article:modified_time\" content=\"2025-07-15T13:42:46+00:00\" \/>\n<meta name=\"twitter:card\" content=\"summary_large_image\" \/>\n<meta name=\"twitter:label1\" content=\"Est. reading time\" \/>\n\t<meta name=\"twitter:data1\" content=\"3 minutes\" \/>\n<script type=\"application\/ld+json\" class=\"yoast-schema-graph\">{\"@context\":\"https:\/\/schema.org\",\"@graph\":[{\"@type\":\"WebPage\",\"@id\":\"https:\/\/www.prototehas.ee\/lv\/ilgtspejiga-attistiba\/\",\"url\":\"https:\/\/www.prototehas.ee\/lv\/ilgtspejiga-attistiba\/\",\"name\":\"Kestlik areng PROTO avastustehases\",\"isPartOf\":{\"@id\":\"https:\/\/www.prototehas.ee\/lv\/#website\"},\"datePublished\":\"2023-07-28T10:17:10+00:00\",\"dateModified\":\"2025-07-15T13:42:46+00:00\",\"description\":\"PROTO avastustehases keskendume kestlikule arengule, v\u00e4hendades keskkonnajalaj\u00e4lge ja edendades kohalikke lahendusi.\",\"breadcrumb\":{\"@id\":\"https:\/\/www.prototehas.ee\/lv\/ilgtspejiga-attistiba\/#breadcrumb\"},\"inLanguage\":\"lv-LV\",\"potentialAction\":[{\"@type\":\"ReadAction\",\"target\":[\"https:\/\/www.prototehas.ee\/lv\/ilgtspejiga-attistiba\/\"]}]},{\"@type\":\"BreadcrumbList\",\"@id\":\"https:\/\/www.prototehas.ee\/lv\/ilgtspejiga-attistiba\/#breadcrumb\",\"itemListElement\":[{\"@type\":\"ListItem\",\"position\":1,\"name\":\"Avaleht\",\"item\":\"https:\/\/www.prototehas.ee\/lv\/\"},{\"@type\":\"ListItem\",\"position\":2,\"name\":\"ILGTSP\u0112J\u012aGA ATT\u012aST\u012aBA\"}]},{\"@type\":\"WebSite\",\"@id\":\"https:\/\/www.prototehas.ee\/lv\/#website\",\"url\":\"https:\/\/www.prototehas.ee\/lv\/\",\"name\":\"PROTO avastustehas\",\"description\":\"Where science meets fantasy\",\"publisher\":{\"@id\":\"https:\/\/www.prototehas.ee\/lv\/#organization\"},\"potentialAction\":[{\"@type\":\"SearchAction\",\"target\":{\"@type\":\"EntryPoint\",\"urlTemplate\":\"https:\/\/www.prototehas.ee\/lv\/?s={search_term_string}\"},\"query-input\":{\"@type\":\"PropertyValueSpecification\",\"valueRequired\":true,\"valueName\":\"search_term_string\"}}],\"inLanguage\":\"lv-LV\"},{\"@type\":\"Organization\",\"@id\":\"https:\/\/www.prototehas.ee\/lv\/#organization\",\"name\":\"PROTO avastustehas\",\"url\":\"https:\/\/www.prototehas.ee\/lv\/\",\"logo\":{\"@type\":\"ImageObject\",\"inLanguage\":\"lv-LV\",\"@id\":\"https:\/\/www.prototehas.ee\/lv\/#\/schema\/logo\/image\/\",\"url\":\"https:\/\/www.prototehas.ee\/wp-content\/uploads\/2019\/10\/prototehas_logo_et_2.svg\",\"contentUrl\":\"https:\/\/www.prototehas.ee\/wp-content\/uploads\/2019\/10\/prototehas_logo_et_2.svg\",\"width\":100,\"height\":100,\"caption\":\"PROTO avastustehas\"},\"image\":{\"@id\":\"https:\/\/www.prototehas.ee\/lv\/#\/schema\/logo\/image\/\"},\"sameAs\":[\"https:\/\/www.facebook.com\/prototehas\/\"]}]}<\/script>\n<!-- \/ Yoast SEO plugin. -->","yoast_head_json":{"title":"Kestlik areng PROTO avastustehases","description":"PROTO avastustehases keskendume kestlikule arengule, v\u00e4hendades keskkonnajalaj\u00e4lge ja edendades kohalikke lahendusi.","robots":{"index":"index","follow":"follow","max-snippet":"max-snippet:-1","max-image-preview":"max-image-preview:large","max-video-preview":"max-video-preview:-1"},"canonical":"https:\/\/www.prototehas.ee\/lv\/ilgtspejiga-attistiba\/","og_locale":"lv_LV","og_type":"article","og_title":"Kestlik areng PROTO avastustehases","og_description":"PROTO avastustehases keskendume kestlikule arengule, v\u00e4hendades keskkonnajalaj\u00e4lge ja edendades kohalikke lahendusi.","og_url":"https:\/\/www.prototehas.ee\/lv\/ilgtspejiga-attistiba\/","og_site_name":"PROTO avastustehas","article_publisher":"https:\/\/www.facebook.com\/prototehas\/","article_modified_time":"2025-07-15T13:42:46+00:00","twitter_card":"summary_large_image","twitter_misc":{"Est. reading time":"3 minutes"},"schema":{"@context":"https:\/\/schema.org","@graph":[{"@type":"WebPage","@id":"https:\/\/www.prototehas.ee\/lv\/ilgtspejiga-attistiba\/","url":"https:\/\/www.prototehas.ee\/lv\/ilgtspejiga-attistiba\/","name":"Kestlik areng PROTO avastustehases","isPartOf":{"@id":"https:\/\/www.prototehas.ee\/lv\/#website"},"datePublished":"2023-07-28T10:17:10+00:00","dateModified":"2025-07-15T13:42:46+00:00","description":"PROTO avastustehases keskendume kestlikule arengule, v\u00e4hendades keskkonnajalaj\u00e4lge ja edendades kohalikke lahendusi.","breadcrumb":{"@id":"https:\/\/www.prototehas.ee\/lv\/ilgtspejiga-attistiba\/#breadcrumb"},"inLanguage":"lv-LV","potentialAction":[{"@type":"ReadAction","target":["https:\/\/www.prototehas.ee\/lv\/ilgtspejiga-attistiba\/"]}]},{"@type":"BreadcrumbList","@id":"https:\/\/www.prototehas.ee\/lv\/ilgtspejiga-attistiba\/#breadcrumb","itemListElement":[{"@type":"ListItem","position":1,"name":"Avaleht","item":"https:\/\/www.prototehas.ee\/lv\/"},{"@type":"ListItem","position":2,"name":"ILGTSP\u0112J\u012aGA ATT\u012aST\u012aBA"}]},{"@type":"WebSite","@id":"https:\/\/www.prototehas.ee\/lv\/#website","url":"https:\/\/www.prototehas.ee\/lv\/","name":"PROTO avastustehas","description":"Where science meets fantasy","publisher":{"@id":"https:\/\/www.prototehas.ee\/lv\/#organization"},"potentialAction":[{"@type":"SearchAction","target":{"@type":"EntryPoint","urlTemplate":"https:\/\/www.prototehas.ee\/lv\/?s={search_term_string}"},"query-input":{"@type":"PropertyValueSpecification","valueRequired":true,"valueName":"search_term_string"}}],"inLanguage":"lv-LV"},{"@type":"Organization","@id":"https:\/\/www.prototehas.ee\/lv\/#organization","name":"PROTO avastustehas","url":"https:\/\/www.prototehas.ee\/lv\/","logo":{"@type":"ImageObject","inLanguage":"lv-LV","@id":"https:\/\/www.prototehas.ee\/lv\/#\/schema\/logo\/image\/","url":"https:\/\/www.prototehas.ee\/wp-content\/uploads\/2019\/10\/prototehas_logo_et_2.svg","contentUrl":"https:\/\/www.prototehas.ee\/wp-content\/uploads\/2019\/10\/prototehas_logo_et_2.svg","width":100,"height":100,"caption":"PROTO avastustehas"},"image":{"@id":"https:\/\/www.prototehas.ee\/lv\/#\/schema\/logo\/image\/"},"sameAs":["https:\/\/www.facebook.com\/prototehas\/"]}]}},"_links":{"self":[{"href":"https:\/\/www.prototehas.ee\/lv\/wp-json\/wp\/v2\/pages\/16987","targetHints":{"allow":["GET"]}}],"collection":[{"href":"https:\/\/www.prototehas.ee\/lv\/wp-json\/wp\/v2\/pages"}],"about":[{"href":"https:\/\/www.prototehas.ee\/lv\/wp-json\/wp\/v2\/types\/page"}],"author":[{"embeddable":true,"href":"https:\/\/www.prototehas.ee\/lv\/wp-json\/wp\/v2\/users\/19"}],"replies":[{"embeddable":true,"href":"https:\/\/www.prototehas.ee\/lv\/wp-json\/wp\/v2\/comments?post=16987"}],"version-history":[{"count":5,"href":"https:\/\/www.prototehas.ee\/lv\/wp-json\/wp\/v2\/pages\/16987\/revisions"}],"predecessor-version":[{"id":34600,"href":"https:\/\/www.prototehas.ee\/lv\/wp-json\/wp\/v2\/pages\/16987\/revisions\/34600"}],"wp:attachment":[{"href":"https:\/\/www.prototehas.ee\/lv\/wp-json\/wp\/v2\/media?parent=16987"}],"curies":[{"name":"wp","href":"https:\/\/api.w.org\/{rel}","templated":true}]}}