{"id":2337,"date":"2019-10-09T05:34:58","date_gmt":"2019-10-09T05:34:58","guid":{"rendered":"http:\/\/protodev.ee\/?page_id=2337"},"modified":"2024-06-21T14:26:46","modified_gmt":"2024-06-21T14:26:46","slug":"briva-lidojuma-aparats","status":"publish","type":"page","link":"https:\/\/www.prototehas.ee\/lv\/briva-lidojuma-aparats\/","title":{"rendered":"BR\u012aV\u0100 LIDOJUMA APAR\u0100TS"},"content":{"rendered":"[et_pb_section fb_built=&#8221;1&#8243; _builder_version=&#8221;4.16&#8243; background_color=&#8221;#fff0d9&#8243; background_enable_image=&#8221;off&#8221; locked=&#8221;off&#8221; global_colors_info=&#8221;{}&#8221;][et_pb_row admin_label=&#8221;Main heading&#8221; _builder_version=&#8221;4.24.2&#8243; _module_preset=&#8221;default&#8221; global_colors_info=&#8221;{}&#8221;][et_pb_column type=&#8221;4_4&#8243; _builder_version=&#8221;4.24.2&#8243; _module_preset=&#8221;default&#8221; global_colors_info=&#8221;{}&#8221;][et_pb_heading title=&#8221;BR\u012aV\u0100 LIDOJUMA APAR\u0100TS&#8221; _builder_version=&#8221;4.24.2&#8243; _module_preset=&#8221;c9a4dd29-8345-43ea-bd4d-e73ae35e5717&#8243; hover_enabled=&#8221;0&#8243; global_colors_info=&#8221;{}&#8221; sticky_enabled=&#8221;0&#8243;][\/et_pb_heading][et_pb_text _builder_version=&#8221;4.24.2&#8243; _module_preset=&#8221;e179c0c4-c115-407d-a110-ebe813713cd6&#8243; custom_padding=&#8221;|90px||90px|false|false&#8221; custom_padding_tablet=&#8221;|20px||20px|false|false&#8221; custom_padding_phone=&#8221;|0px||0px|false|false&#8221; custom_padding_last_edited=&#8221;on|tablet&#8221; hover_enabled=&#8221;0&#8243; locked=&#8221;off&#8221; global_colors_info=&#8221;{}&#8221; sticky_enabled=&#8221;0&#8243;]<p style=\"text-align: center;\"><strong>Cik Tev\u012b ir no \u0113rg\u013ca? Izplet sp\u0101rnus p\u0101ri kalniem un izm\u0113\u0123ini!<\/strong><\/p>[\/et_pb_text][\/et_pb_column][\/et_pb_row][et_pb_row column_structure=&#8221;1_2,1_2&#8243; use_custom_gutter=&#8221;on&#8221; gutter_width=&#8221;1&#8243; make_equal=&#8221;on&#8221; admin_label=&#8221;Card Image Right&#8221; _builder_version=&#8221;4.24.2&#8243; _module_preset=&#8221;default&#8221; background_color=&#8221;#FFFFFF&#8221; custom_margin=&#8221;25px||25px||false|false&#8221; custom_padding=&#8221;0px||0px||false|false&#8221; border_radii=&#8221;on|20px|20px|20px|20px&#8221; global_colors_info=&#8221;{}&#8221; custom_css_main_element_last_edited=&#8221;on|tablet&#8221;][et_pb_column type=&#8221;1_2&#8243; _builder_version=&#8221;4.24.2&#8243; _module_preset=&#8221;default&#8221; custom_padding=&#8221;|30px||30px|false|false&#8221; global_colors_info=&#8221;{}&#8221;][et_pb_text _builder_version=&#8221;4.24.2&#8243; _module_preset=&#8221;e179c0c4-c115-407d-a110-ebe813713cd6&#8243; custom_margin=&#8221;|0px|||false|false&#8221; custom_padding=&#8221;60px||30px|0px|false|false&#8221; hover_enabled=&#8221;0&#8243; global_colors_info=&#8221;{}&#8221; sticky_enabled=&#8221;0&#8243;]Viens no avi\u0101cijas pionieriem, Oto Lilient\u0101ls, ir teicis: \u201cM\u0113s ticam, ka plan\u0113\u0161ana gais\u0101 var\u0113tu k\u013c\u016bt par sporta aktivit\u0101ti, piel\u012bdzin\u0101mu rite\u0146brauk\u0161anai.\u201d Sapnis lidot k\u0101 putnam ir gandr\u012bz tikpat vecs k\u0101 cilv\u0113ce, tom\u0113r nepietiekamas zin\u0101\u0161anas par aerodinamiku ir nesu\u0161as sap\u0146ot\u0101jiem neveiksmes.\n\nPar laimi aerodinamikas zin\u0101\u0161anas ir att\u012bst\u012bju\u0161\u0101s. Trauslu, no zosu spalv\u0101m veidotu sp\u0101rnu viet\u0101, ko izmantoja pirmie drosm\u012bgie izm\u0113\u0123in\u0101t\u0101ji, \u0161odien pieejami dro\u0161\u0101ki veidi, k\u0101 veikt lido\u0161anas eksperimentus m\u0101ko\u0146os. Atkl\u0101jumu centra br\u012bv\u0101 lidojuma apar\u0101ti regul\u0113 un atbilsto\u0161i piel\u0101go j\u016bsu poz\u012bciju lidojumam un ar virtu\u0101laj\u0101m brill\u0113m pace\u013c j\u016bs augstu virs Alpu kalniem. K\u0101da ir saj\u016bta lidot k\u0101 \u0113rglim debes\u012bs?[\/et_pb_text][\/et_pb_column][et_pb_column type=&#8221;1_2&#8243; _builder_version=&#8221;4.24.2&#8243; _module_preset=&#8221;default&#8221; global_colors_info=&#8221;{}&#8221;][et_pb_image src=&#8221;https:\/\/www.prototehas.ee\/wp-content\/uploads\/2024\/05\/pildid_veebi_519x519px4.png&#8221; alt=&#8221;Vabalennumasin PROTO avastustehases&#8221; title_text=&#8221;Vabalennumasin&#8221; show_bottom_space=&#8221;off&#8221; module_class=&#8221;pa-full-height-image-column&#8221; _builder_version=&#8221;4.24.2&#8243; _module_preset=&#8221;default&#8221; height=&#8221;100%&#8221; global_colors_info=&#8221;{}&#8221;][\/et_pb_image][\/et_pb_column][\/et_pb_row][et_pb_row column_structure=&#8221;1_2,1_2&#8243; use_custom_gutter=&#8221;on&#8221; gutter_width=&#8221;2&#8243; _builder_version=&#8221;4.24.2&#8243; _module_preset=&#8221;default&#8221; width=&#8221;95%&#8221; custom_margin=&#8221;||||false|false&#8221; locked=&#8221;off&#8221; global_colors_info=&#8221;{}&#8221;][et_pb_column type=&#8221;1_2&#8243; _builder_version=&#8221;4.24.2&#8243; _module_preset=&#8221;default&#8221; global_colors_info=&#8221;{}&#8221;][et_pb_blurb title=&#8221;IZGUDROJUMA TIPS&#8221; _builder_version=&#8221;4.24.2&#8243; _module_preset=&#8221;481f6fb3-e1ad-4711-b65b-226135c026c0&#8243; global_colors_info=&#8221;{}&#8221;]<p>Virtu\u0101l\u0101 realit\u0101te<\/p>[\/et_pb_blurb][et_pb_blurb title=&#8221;GR\u016aT\u012aBAS PAK\u0100PE&#8221; _builder_version=&#8221;4.24.2&#8243; _module_preset=&#8221;481f6fb3-e1ad-4711-b65b-226135c026c0&#8243; custom_margin=&#8221;||||false|false&#8221; hover_enabled=&#8221;0&#8243; locked=&#8221;off&#8221; global_colors_info=&#8221;{}&#8221; sticky_enabled=&#8221;0&#8243;]<p>Gr\u016bta<\/p>[\/et_pb_blurb][et_pb_blurb title=&#8221;MAKSIM\u0100LAIS LIETOT\u0100JU SKAITS&#8221; _builder_version=&#8221;4.24.2&#8243; _module_preset=&#8221;481f6fb3-e1ad-4711-b65b-226135c026c0&#8243; custom_margin=&#8221;34px||||false|false&#8221; locked=&#8221;off&#8221; global_colors_info=&#8221;{}&#8221;]<p>2<\/p>[\/et_pb_blurb][\/et_pb_column][et_pb_column type=&#8221;1_2&#8243; _builder_version=&#8221;4.24.2&#8243; _module_preset=&#8221;default&#8221; global_colors_info=&#8221;{}&#8221;][et_pb_blurb title=&#8221;ILGUMS&#8221; _builder_version=&#8221;4.24.2&#8243; _module_preset=&#8221;481f6fb3-e1ad-4711-b65b-226135c026c0&#8243; custom_margin=&#8221;||||false|false&#8221; locked=&#8221;off&#8221; global_colors_info=&#8221;{}&#8221;]<p>3 min<\/p>[\/et_pb_blurb][et_pb_blurb title=&#8221;REZULT\u0100TU APR\u0112\u0136IN\u0100\u0160ANA&#8221; _builder_version=&#8221;4.24.2&#8243; _module_preset=&#8221;481f6fb3-e1ad-4711-b65b-226135c026c0&#8243; custom_margin=&#8221;30px||25px||false|false&#8221; global_colors_info=&#8221;{}&#8221;]<p>J\u0101<\/p>[\/et_pb_blurb][\/et_pb_column][\/et_pb_row][\/et_pb_section]<span class=\"et_bloom_bottom_trigger\"><\/span>","protected":false},"excerpt":{"rendered":"<p>Cik Tev\u012b ir no \u0113rg\u013ca? Izplet sp\u0101rnus p\u0101ri kalniem un izm\u0113\u0123ini!Viens no avi\u0101cijas pionieriem, Oto Lilient\u0101ls, ir teicis: \u201cM\u0113s ticam, ka plan\u0113\u0161ana gais\u0101 var\u0113tu k\u013c\u016bt par sporta aktivit\u0101ti, piel\u012bdzin\u0101mu rite\u0146brauk\u0161anai.\u201d Sapnis lidot k\u0101 putnam ir gandr\u012bz tikpat vecs k\u0101 cilv\u0113ce, tom\u0113r nepietiekamas zin\u0101\u0161anas par aerodinamiku ir nesu\u0161as sap\u0146ot\u0101jiem neveiksmes. Par laimi aerodinamikas zin\u0101\u0161anas ir att\u012bst\u012bju\u0161\u0101s. [&hellip;]<\/p>\n","protected":false},"author":15,"featured_media":0,"parent":0,"menu_order":0,"comment_status":"closed","ping_status":"closed","template":"","meta":{"_acf_changed":false,"_et_pb_use_builder":"on","_et_pb_old_content":"","_et_gb_content_width":"","inline_featured_image":false,"footnotes":""},"class_list":["post-2337","page","type-page","status-publish","hentry"],"acf":[],"yoast_head":"<!-- This site is optimized with the Yoast SEO plugin v26.9 - https:\/\/yoast.com\/product\/yoast-seo-wordpress\/ -->\n<title>BR\u012aV\u0100 LIDOJUMA APAR\u0100TS - VR keskus - PROTO avastustehas<\/title>\n<meta name=\"robots\" content=\"index, follow, max-snippet:-1, max-image-preview:large, max-video-preview:-1\" \/>\n<link rel=\"canonical\" href=\"https:\/\/www.prototehas.ee\/lv\/briva-lidojuma-aparats\/\" \/>\n<meta property=\"og:locale\" content=\"lv_LV\" \/>\n<meta property=\"og:type\" content=\"article\" \/>\n<meta property=\"og:title\" content=\"BR\u012aV\u0100 LIDOJUMA APAR\u0100TS - VR keskus - PROTO avastustehas\" \/>\n<meta property=\"og:description\" content=\"Cik Tev\u012b ir no \u0113rg\u013ca? Izplet sp\u0101rnus p\u0101ri kalniem un izm\u0113\u0123ini!Viens no avi\u0101cijas pionieriem, Oto Lilient\u0101ls, ir teicis: \u201cM\u0113s ticam, ka plan\u0113\u0161ana gais\u0101 var\u0113tu k\u013c\u016bt par sporta aktivit\u0101ti, piel\u012bdzin\u0101mu rite\u0146brauk\u0161anai.\u201d Sapnis lidot k\u0101 putnam ir gandr\u012bz tikpat vecs k\u0101 cilv\u0113ce, tom\u0113r nepietiekamas zin\u0101\u0161anas par aerodinamiku ir nesu\u0161as sap\u0146ot\u0101jiem neveiksmes. Par laimi aerodinamikas zin\u0101\u0161anas ir att\u012bst\u012bju\u0161\u0101s. [&hellip;]\" \/>\n<meta property=\"og:url\" content=\"https:\/\/www.prototehas.ee\/lv\/briva-lidojuma-aparats\/\" \/>\n<meta property=\"og:site_name\" content=\"PROTO avastustehas\" \/>\n<meta property=\"article:publisher\" content=\"https:\/\/www.facebook.com\/prototehas\/\" \/>\n<meta property=\"article:modified_time\" content=\"2024-06-21T14:26:46+00:00\" \/>\n<meta name=\"twitter:card\" content=\"summary_large_image\" \/>\n<meta name=\"twitter:label1\" content=\"Est. reading time\" \/>\n\t<meta name=\"twitter:data1\" content=\"2 minutes\" \/>\n<script type=\"application\/ld+json\" class=\"yoast-schema-graph\">{\"@context\":\"https:\/\/schema.org\",\"@graph\":[{\"@type\":\"WebPage\",\"@id\":\"https:\/\/www.prototehas.ee\/lv\/briva-lidojuma-aparats\/\",\"url\":\"https:\/\/www.prototehas.ee\/lv\/briva-lidojuma-aparats\/\",\"name\":\"BR\u012aV\u0100 LIDOJUMA APAR\u0100TS - VR keskus - PROTO avastustehas\",\"isPartOf\":{\"@id\":\"https:\/\/www.prototehas.ee\/lv\/#website\"},\"datePublished\":\"2019-10-09T05:34:58+00:00\",\"dateModified\":\"2024-06-21T14:26:46+00:00\",\"breadcrumb\":{\"@id\":\"https:\/\/www.prototehas.ee\/lv\/briva-lidojuma-aparats\/#breadcrumb\"},\"inLanguage\":\"lv-LV\",\"potentialAction\":[{\"@type\":\"ReadAction\",\"target\":[\"https:\/\/www.prototehas.ee\/lv\/briva-lidojuma-aparats\/\"]}]},{\"@type\":\"BreadcrumbList\",\"@id\":\"https:\/\/www.prototehas.ee\/lv\/briva-lidojuma-aparats\/#breadcrumb\",\"itemListElement\":[{\"@type\":\"ListItem\",\"position\":1,\"name\":\"Avaleht\",\"item\":\"https:\/\/www.prototehas.ee\/lv\/\"},{\"@type\":\"ListItem\",\"position\":2,\"name\":\"BR\u012aV\u0100 LIDOJUMA APAR\u0100TS\"}]},{\"@type\":\"WebSite\",\"@id\":\"https:\/\/www.prototehas.ee\/lv\/#website\",\"url\":\"https:\/\/www.prototehas.ee\/lv\/\",\"name\":\"PROTO avastustehas\",\"description\":\"Where science meets fantasy\",\"publisher\":{\"@id\":\"https:\/\/www.prototehas.ee\/lv\/#organization\"},\"potentialAction\":[{\"@type\":\"SearchAction\",\"target\":{\"@type\":\"EntryPoint\",\"urlTemplate\":\"https:\/\/www.prototehas.ee\/lv\/?s={search_term_string}\"},\"query-input\":{\"@type\":\"PropertyValueSpecification\",\"valueRequired\":true,\"valueName\":\"search_term_string\"}}],\"inLanguage\":\"lv-LV\"},{\"@type\":\"Organization\",\"@id\":\"https:\/\/www.prototehas.ee\/lv\/#organization\",\"name\":\"PROTO avastustehas\",\"url\":\"https:\/\/www.prototehas.ee\/lv\/\",\"logo\":{\"@type\":\"ImageObject\",\"inLanguage\":\"lv-LV\",\"@id\":\"https:\/\/www.prototehas.ee\/lv\/#\/schema\/logo\/image\/\",\"url\":\"https:\/\/www.prototehas.ee\/wp-content\/uploads\/2019\/10\/prototehas_logo_et_2.svg\",\"contentUrl\":\"https:\/\/www.prototehas.ee\/wp-content\/uploads\/2019\/10\/prototehas_logo_et_2.svg\",\"width\":100,\"height\":100,\"caption\":\"PROTO avastustehas\"},\"image\":{\"@id\":\"https:\/\/www.prototehas.ee\/lv\/#\/schema\/logo\/image\/\"},\"sameAs\":[\"https:\/\/www.facebook.com\/prototehas\/\"]}]}<\/script>\n<!-- \/ Yoast SEO plugin. -->","yoast_head_json":{"title":"BR\u012aV\u0100 LIDOJUMA APAR\u0100TS - VR keskus - PROTO avastustehas","robots":{"index":"index","follow":"follow","max-snippet":"max-snippet:-1","max-image-preview":"max-image-preview:large","max-video-preview":"max-video-preview:-1"},"canonical":"https:\/\/www.prototehas.ee\/lv\/briva-lidojuma-aparats\/","og_locale":"lv_LV","og_type":"article","og_title":"BR\u012aV\u0100 LIDOJUMA APAR\u0100TS - VR keskus - PROTO avastustehas","og_description":"Cik Tev\u012b ir no \u0113rg\u013ca? Izplet sp\u0101rnus p\u0101ri kalniem un izm\u0113\u0123ini!Viens no avi\u0101cijas pionieriem, Oto Lilient\u0101ls, ir teicis: \u201cM\u0113s ticam, ka plan\u0113\u0161ana gais\u0101 var\u0113tu k\u013c\u016bt par sporta aktivit\u0101ti, piel\u012bdzin\u0101mu rite\u0146brauk\u0161anai.\u201d Sapnis lidot k\u0101 putnam ir gandr\u012bz tikpat vecs k\u0101 cilv\u0113ce, tom\u0113r nepietiekamas zin\u0101\u0161anas par aerodinamiku ir nesu\u0161as sap\u0146ot\u0101jiem neveiksmes. Par laimi aerodinamikas zin\u0101\u0161anas ir att\u012bst\u012bju\u0161\u0101s. [&hellip;]","og_url":"https:\/\/www.prototehas.ee\/lv\/briva-lidojuma-aparats\/","og_site_name":"PROTO avastustehas","article_publisher":"https:\/\/www.facebook.com\/prototehas\/","article_modified_time":"2024-06-21T14:26:46+00:00","twitter_card":"summary_large_image","twitter_misc":{"Est. reading time":"2 minutes"},"schema":{"@context":"https:\/\/schema.org","@graph":[{"@type":"WebPage","@id":"https:\/\/www.prototehas.ee\/lv\/briva-lidojuma-aparats\/","url":"https:\/\/www.prototehas.ee\/lv\/briva-lidojuma-aparats\/","name":"BR\u012aV\u0100 LIDOJUMA APAR\u0100TS - VR keskus - PROTO avastustehas","isPartOf":{"@id":"https:\/\/www.prototehas.ee\/lv\/#website"},"datePublished":"2019-10-09T05:34:58+00:00","dateModified":"2024-06-21T14:26:46+00:00","breadcrumb":{"@id":"https:\/\/www.prototehas.ee\/lv\/briva-lidojuma-aparats\/#breadcrumb"},"inLanguage":"lv-LV","potentialAction":[{"@type":"ReadAction","target":["https:\/\/www.prototehas.ee\/lv\/briva-lidojuma-aparats\/"]}]},{"@type":"BreadcrumbList","@id":"https:\/\/www.prototehas.ee\/lv\/briva-lidojuma-aparats\/#breadcrumb","itemListElement":[{"@type":"ListItem","position":1,"name":"Avaleht","item":"https:\/\/www.prototehas.ee\/lv\/"},{"@type":"ListItem","position":2,"name":"BR\u012aV\u0100 LIDOJUMA APAR\u0100TS"}]},{"@type":"WebSite","@id":"https:\/\/www.prototehas.ee\/lv\/#website","url":"https:\/\/www.prototehas.ee\/lv\/","name":"PROTO avastustehas","description":"Where science meets fantasy","publisher":{"@id":"https:\/\/www.prototehas.ee\/lv\/#organization"},"potentialAction":[{"@type":"SearchAction","target":{"@type":"EntryPoint","urlTemplate":"https:\/\/www.prototehas.ee\/lv\/?s={search_term_string}"},"query-input":{"@type":"PropertyValueSpecification","valueRequired":true,"valueName":"search_term_string"}}],"inLanguage":"lv-LV"},{"@type":"Organization","@id":"https:\/\/www.prototehas.ee\/lv\/#organization","name":"PROTO avastustehas","url":"https:\/\/www.prototehas.ee\/lv\/","logo":{"@type":"ImageObject","inLanguage":"lv-LV","@id":"https:\/\/www.prototehas.ee\/lv\/#\/schema\/logo\/image\/","url":"https:\/\/www.prototehas.ee\/wp-content\/uploads\/2019\/10\/prototehas_logo_et_2.svg","contentUrl":"https:\/\/www.prototehas.ee\/wp-content\/uploads\/2019\/10\/prototehas_logo_et_2.svg","width":100,"height":100,"caption":"PROTO avastustehas"},"image":{"@id":"https:\/\/www.prototehas.ee\/lv\/#\/schema\/logo\/image\/"},"sameAs":["https:\/\/www.facebook.com\/prototehas\/"]}]}},"_links":{"self":[{"href":"https:\/\/www.prototehas.ee\/lv\/wp-json\/wp\/v2\/pages\/2337","targetHints":{"allow":["GET"]}}],"collection":[{"href":"https:\/\/www.prototehas.ee\/lv\/wp-json\/wp\/v2\/pages"}],"about":[{"href":"https:\/\/www.prototehas.ee\/lv\/wp-json\/wp\/v2\/types\/page"}],"author":[{"embeddable":true,"href":"https:\/\/www.prototehas.ee\/lv\/wp-json\/wp\/v2\/users\/15"}],"replies":[{"embeddable":true,"href":"https:\/\/www.prototehas.ee\/lv\/wp-json\/wp\/v2\/comments?post=2337"}],"version-history":[{"count":5,"href":"https:\/\/www.prototehas.ee\/lv\/wp-json\/wp\/v2\/pages\/2337\/revisions"}],"predecessor-version":[{"id":29335,"href":"https:\/\/www.prototehas.ee\/lv\/wp-json\/wp\/v2\/pages\/2337\/revisions\/29335"}],"wp:attachment":[{"href":"https:\/\/www.prototehas.ee\/lv\/wp-json\/wp\/v2\/media?parent=2337"}],"curies":[{"name":"wp","href":"https:\/\/api.w.org\/{rel}","templated":true}]}}