{"id":2696,"date":"2019-10-10T07:53:33","date_gmt":"2019-10-10T07:53:33","guid":{"rendered":"http:\/\/protodev.ee\/?page_id=2696"},"modified":"2024-06-24T12:53:29","modified_gmt":"2024-06-24T12:53:29","slug":"skanu-uztverejs","status":"publish","type":"page","link":"https:\/\/www.prototehas.ee\/lv\/skanu-uztverejs\/","title":{"rendered":"SKA\u0145U UZTV\u0112R\u0112JS"},"content":{"rendered":"[et_pb_section fb_built=&#8221;1&#8243; _builder_version=&#8221;4.16&#8243; background_color=&#8221;#fff0d9&#8243; background_enable_image=&#8221;off&#8221; locked=&#8221;off&#8221; global_colors_info=&#8221;{}&#8221;][et_pb_row admin_label=&#8221;Main heading&#8221; _builder_version=&#8221;4.24.2&#8243; _module_preset=&#8221;default&#8221; global_colors_info=&#8221;{}&#8221;][et_pb_column type=&#8221;4_4&#8243; _builder_version=&#8221;4.24.2&#8243; _module_preset=&#8221;default&#8221; global_colors_info=&#8221;{}&#8221;][et_pb_heading title=&#8221;SKA\u0145U UZTV\u0112R\u0112JS&#8221; _builder_version=&#8221;4.24.2&#8243; _module_preset=&#8221;c9a4dd29-8345-43ea-bd4d-e73ae35e5717&#8243; hover_enabled=&#8221;0&#8243; global_colors_info=&#8221;{}&#8221; sticky_enabled=&#8221;0&#8243;][\/et_pb_heading][et_pb_text _builder_version=&#8221;4.24.2&#8243; _module_preset=&#8221;e179c0c4-c115-407d-a110-ebe813713cd6&#8243; custom_padding=&#8221;|90px||90px|false|false&#8221; custom_padding_tablet=&#8221;|20px||20px|false|false&#8221; custom_padding_phone=&#8221;|0px||0px|false|false&#8221; custom_padding_last_edited=&#8221;on|tablet&#8221; hover_enabled=&#8221;0&#8243; locked=&#8221;off&#8221; global_colors_info=&#8221;{}&#8221; sticky_enabled=&#8221;0&#8243;]<p style=\"text-align: center;\"><strong>P\u0101rspried slepenu inform\u0101ciju ar draugu, izmantojot parabolisko satel\u012bta antenu.<\/strong><\/p>[\/et_pb_text][\/et_pb_column][\/et_pb_row][et_pb_row column_structure=&#8221;1_2,1_2&#8243; use_custom_gutter=&#8221;on&#8221; gutter_width=&#8221;1&#8243; make_equal=&#8221;on&#8221; admin_label=&#8221;Card Image Right&#8221; _builder_version=&#8221;4.24.2&#8243; _module_preset=&#8221;default&#8221; background_color=&#8221;#FFFFFF&#8221; custom_margin=&#8221;25px||25px||false|false&#8221; custom_padding=&#8221;0px||0px||false|false&#8221; border_radii=&#8221;on|20px|20px|20px|20px&#8221; global_colors_info=&#8221;{}&#8221; custom_css_main_element_last_edited=&#8221;on|tablet&#8221;][et_pb_column type=&#8221;1_2&#8243; _builder_version=&#8221;4.24.2&#8243; _module_preset=&#8221;default&#8221; custom_padding=&#8221;|30px||30px|false|false&#8221; global_colors_info=&#8221;{}&#8221;][et_pb_text _builder_version=&#8221;4.24.2&#8243; _module_preset=&#8221;e179c0c4-c115-407d-a110-ebe813713cd6&#8243; custom_margin=&#8221;|0px|||false|false&#8221; custom_padding=&#8221;60px||30px|0px|false|false&#8221; hover_enabled=&#8221;0&#8243; global_colors_info=&#8221;{}&#8221; sticky_enabled=&#8221;0&#8243;]Jau senie grie\u0137i zin\u0101ja, ka ar parabolisko spoguli iesp\u0113jams lielu gaismas k\u016bli p\u0101rv\u0113rst koncentr\u0113t\u0101 star\u0101. Pielietojot to pa\u0161u principu ska\u0146u frekvenc\u0113m, fizi\u0137is Heinrihs R\u016bdolfs Hercs 1888. gad\u0101 uzkonstru\u0113ja pirmo parabolisko antenu. Izmantojot divas \u0161\u0101das antenas, Hercs sp\u0113ja pier\u0101d\u012bt radiovi\u013c\u0146u eksistenci. Herca izgudrojums bija pagrieziena punkts komunik\u0101cijas att\u012bst\u012bb\u0101.\n\nB\u013codai l\u012bdz\u012bg\u0101 ier\u012bce \u013caus jums sarun\u0101ties, vienam otru neredzot, turkl\u0101t ska\u0146a non\u0101ks vien\u012bgi l\u012bdz Tavam draugam.[\/et_pb_text][\/et_pb_column][et_pb_column type=&#8221;1_2&#8243; _builder_version=&#8221;4.24.2&#8243; _module_preset=&#8221;default&#8221; global_colors_info=&#8221;{}&#8221;][et_pb_image src=&#8221;https:\/\/www.prototehas.ee\/wp-content\/uploads\/2024\/05\/pildid_veebi_519x519px45.png&#8221; alt=&#8221;R\u00e4\u00e4gi salajutte helide p\u00fc\u00fcdja abil&#8221; title_text=&#8221;Helide p\u00fc\u00fcdja&#8221; show_bottom_space=&#8221;off&#8221; module_class=&#8221;pa-full-height-image-column&#8221; _builder_version=&#8221;4.24.2&#8243; _module_preset=&#8221;default&#8221; height=&#8221;100%&#8221; global_colors_info=&#8221;{}&#8221;][\/et_pb_image][\/et_pb_column][\/et_pb_row][et_pb_row column_structure=&#8221;1_2,1_2&#8243; use_custom_gutter=&#8221;on&#8221; gutter_width=&#8221;2&#8243; _builder_version=&#8221;4.24.2&#8243; _module_preset=&#8221;default&#8221; width=&#8221;95%&#8221; custom_margin=&#8221;||||false|false&#8221; locked=&#8221;off&#8221; global_colors_info=&#8221;{}&#8221;][et_pb_column type=&#8221;1_2&#8243; _builder_version=&#8221;4.24.2&#8243; _module_preset=&#8221;default&#8221; global_colors_info=&#8221;{}&#8221;][et_pb_blurb title=&#8221;IZGUDROJUMA TIPS&#8221; _builder_version=&#8221;4.24.2&#8243; _module_preset=&#8221;481f6fb3-e1ad-4711-b65b-226135c026c0&#8243; global_colors_info=&#8221;{}&#8221;]<p><span>\u0136ERIES KL\u0100T<\/span><\/p>[\/et_pb_blurb][et_pb_blurb title=&#8221;GR\u016aT\u012aBAS PAK\u0100PE&#8221; _builder_version=&#8221;4.24.2&#8243; _module_preset=&#8221;481f6fb3-e1ad-4711-b65b-226135c026c0&#8243; custom_margin=&#8221;||||false|false&#8221; locked=&#8221;off&#8221; global_colors_info=&#8221;{}&#8221;]<p>Viegla<\/p>[\/et_pb_blurb][\/et_pb_column][et_pb_column type=&#8221;1_2&#8243; _builder_version=&#8221;4.24.2&#8243; _module_preset=&#8221;default&#8221; global_colors_info=&#8221;{}&#8221;][et_pb_blurb title=&#8221;ILGUMS&#8221; _builder_version=&#8221;4.24.2&#8243; _module_preset=&#8221;481f6fb3-e1ad-4711-b65b-226135c026c0&#8243; custom_margin=&#8221;||||false|false&#8221; locked=&#8221;off&#8221; global_colors_info=&#8221;{}&#8221;]<p>1 min<\/p>[\/et_pb_blurb][et_pb_blurb title=&#8221;Rezult\u0101tu apr\u0113\u0137in\u0101\u0161ana&#8221; _builder_version=&#8221;4.24.2&#8243; _module_preset=&#8221;481f6fb3-e1ad-4711-b65b-226135c026c0&#8243; custom_margin=&#8221;30px||25px||false|false&#8221; global_colors_info=&#8221;{}&#8221;]<p>N\u0113<\/p>[\/et_pb_blurb][\/et_pb_column][\/et_pb_row][\/et_pb_section]<span class=\"et_bloom_bottom_trigger\"><\/span>","protected":false},"excerpt":{"rendered":"<p>P\u0101rspried slepenu inform\u0101ciju ar draugu, izmantojot parabolisko satel\u012bta antenu.Jau senie grie\u0137i zin\u0101ja, ka ar parabolisko spoguli iesp\u0113jams lielu gaismas k\u016bli p\u0101rv\u0113rst koncentr\u0113t\u0101 star\u0101. Pielietojot to pa\u0161u principu ska\u0146u frekvenc\u0113m, fizi\u0137is Heinrihs R\u016bdolfs Hercs 1888. gad\u0101 uzkonstru\u0113ja pirmo parabolisko antenu. Izmantojot divas \u0161\u0101das antenas, Hercs sp\u0113ja pier\u0101d\u012bt radiovi\u013c\u0146u eksistenci. Herca izgudrojums bija pagrieziena punkts komunik\u0101cijas att\u012bst\u012bb\u0101. [&hellip;]<\/p>\n","protected":false},"author":19,"featured_media":0,"parent":0,"menu_order":0,"comment_status":"closed","ping_status":"closed","template":"","meta":{"_acf_changed":false,"_et_pb_use_builder":"on","_et_pb_old_content":"","_et_gb_content_width":"","inline_featured_image":false,"footnotes":""},"class_list":["post-2696","page","type-page","status-publish","hentry"],"acf":[],"yoast_head":"<!-- This site is optimized with the Yoast SEO plugin v26.9 - https:\/\/yoast.com\/product\/yoast-seo-wordpress\/ -->\n<title>SKA\u0145U UZTV\u0112R\u0112JS - Elamuskeskus - PROTO avastustehas<\/title>\n<meta name=\"robots\" content=\"index, follow, max-snippet:-1, max-image-preview:large, max-video-preview:-1\" \/>\n<link rel=\"canonical\" href=\"https:\/\/www.prototehas.ee\/lv\/skanu-uztverejs\/\" \/>\n<meta property=\"og:locale\" content=\"lv_LV\" \/>\n<meta property=\"og:type\" content=\"article\" \/>\n<meta property=\"og:title\" content=\"SKA\u0145U UZTV\u0112R\u0112JS - Elamuskeskus - PROTO avastustehas\" \/>\n<meta property=\"og:description\" content=\"P\u0101rspried slepenu inform\u0101ciju ar draugu, izmantojot parabolisko satel\u012bta antenu.Jau senie grie\u0137i zin\u0101ja, ka ar parabolisko spoguli iesp\u0113jams lielu gaismas k\u016bli p\u0101rv\u0113rst koncentr\u0113t\u0101 star\u0101. Pielietojot to pa\u0161u principu ska\u0146u frekvenc\u0113m, fizi\u0137is Heinrihs R\u016bdolfs Hercs 1888. gad\u0101 uzkonstru\u0113ja pirmo parabolisko antenu. Izmantojot divas \u0161\u0101das antenas, Hercs sp\u0113ja pier\u0101d\u012bt radiovi\u013c\u0146u eksistenci. Herca izgudrojums bija pagrieziena punkts komunik\u0101cijas att\u012bst\u012bb\u0101. [&hellip;]\" \/>\n<meta property=\"og:url\" content=\"https:\/\/www.prototehas.ee\/lv\/skanu-uztverejs\/\" \/>\n<meta property=\"og:site_name\" content=\"PROTO avastustehas\" \/>\n<meta property=\"article:publisher\" content=\"https:\/\/www.facebook.com\/prototehas\/\" \/>\n<meta property=\"article:modified_time\" content=\"2024-06-24T12:53:29+00:00\" \/>\n<meta name=\"twitter:card\" content=\"summary_large_image\" \/>\n<meta name=\"twitter:label1\" content=\"Est. reading time\" \/>\n\t<meta name=\"twitter:data1\" content=\"2 minutes\" \/>\n<script type=\"application\/ld+json\" class=\"yoast-schema-graph\">{\"@context\":\"https:\/\/schema.org\",\"@graph\":[{\"@type\":\"WebPage\",\"@id\":\"https:\/\/www.prototehas.ee\/lv\/skanu-uztverejs\/\",\"url\":\"https:\/\/www.prototehas.ee\/lv\/skanu-uztverejs\/\",\"name\":\"SKA\u0145U UZTV\u0112R\u0112JS - Elamuskeskus - PROTO avastustehas\",\"isPartOf\":{\"@id\":\"https:\/\/www.prototehas.ee\/lv\/#website\"},\"datePublished\":\"2019-10-10T07:53:33+00:00\",\"dateModified\":\"2024-06-24T12:53:29+00:00\",\"breadcrumb\":{\"@id\":\"https:\/\/www.prototehas.ee\/lv\/skanu-uztverejs\/#breadcrumb\"},\"inLanguage\":\"lv-LV\",\"potentialAction\":[{\"@type\":\"ReadAction\",\"target\":[\"https:\/\/www.prototehas.ee\/lv\/skanu-uztverejs\/\"]}]},{\"@type\":\"BreadcrumbList\",\"@id\":\"https:\/\/www.prototehas.ee\/lv\/skanu-uztverejs\/#breadcrumb\",\"itemListElement\":[{\"@type\":\"ListItem\",\"position\":1,\"name\":\"Avaleht\",\"item\":\"https:\/\/www.prototehas.ee\/lv\/\"},{\"@type\":\"ListItem\",\"position\":2,\"name\":\"SKA\u0145U UZTV\u0112R\u0112JS\"}]},{\"@type\":\"WebSite\",\"@id\":\"https:\/\/www.prototehas.ee\/lv\/#website\",\"url\":\"https:\/\/www.prototehas.ee\/lv\/\",\"name\":\"PROTO avastustehas\",\"description\":\"Where science meets fantasy\",\"publisher\":{\"@id\":\"https:\/\/www.prototehas.ee\/lv\/#organization\"},\"potentialAction\":[{\"@type\":\"SearchAction\",\"target\":{\"@type\":\"EntryPoint\",\"urlTemplate\":\"https:\/\/www.prototehas.ee\/lv\/?s={search_term_string}\"},\"query-input\":{\"@type\":\"PropertyValueSpecification\",\"valueRequired\":true,\"valueName\":\"search_term_string\"}}],\"inLanguage\":\"lv-LV\"},{\"@type\":\"Organization\",\"@id\":\"https:\/\/www.prototehas.ee\/lv\/#organization\",\"name\":\"PROTO avastustehas\",\"url\":\"https:\/\/www.prototehas.ee\/lv\/\",\"logo\":{\"@type\":\"ImageObject\",\"inLanguage\":\"lv-LV\",\"@id\":\"https:\/\/www.prototehas.ee\/lv\/#\/schema\/logo\/image\/\",\"url\":\"https:\/\/www.prototehas.ee\/wp-content\/uploads\/2019\/10\/prototehas_logo_et_2.svg\",\"contentUrl\":\"https:\/\/www.prototehas.ee\/wp-content\/uploads\/2019\/10\/prototehas_logo_et_2.svg\",\"width\":100,\"height\":100,\"caption\":\"PROTO avastustehas\"},\"image\":{\"@id\":\"https:\/\/www.prototehas.ee\/lv\/#\/schema\/logo\/image\/\"},\"sameAs\":[\"https:\/\/www.facebook.com\/prototehas\/\"]}]}<\/script>\n<!-- \/ Yoast SEO plugin. -->","yoast_head_json":{"title":"SKA\u0145U UZTV\u0112R\u0112JS - Elamuskeskus - PROTO avastustehas","robots":{"index":"index","follow":"follow","max-snippet":"max-snippet:-1","max-image-preview":"max-image-preview:large","max-video-preview":"max-video-preview:-1"},"canonical":"https:\/\/www.prototehas.ee\/lv\/skanu-uztverejs\/","og_locale":"lv_LV","og_type":"article","og_title":"SKA\u0145U UZTV\u0112R\u0112JS - Elamuskeskus - PROTO avastustehas","og_description":"P\u0101rspried slepenu inform\u0101ciju ar draugu, izmantojot parabolisko satel\u012bta antenu.Jau senie grie\u0137i zin\u0101ja, ka ar parabolisko spoguli iesp\u0113jams lielu gaismas k\u016bli p\u0101rv\u0113rst koncentr\u0113t\u0101 star\u0101. Pielietojot to pa\u0161u principu ska\u0146u frekvenc\u0113m, fizi\u0137is Heinrihs R\u016bdolfs Hercs 1888. gad\u0101 uzkonstru\u0113ja pirmo parabolisko antenu. Izmantojot divas \u0161\u0101das antenas, Hercs sp\u0113ja pier\u0101d\u012bt radiovi\u013c\u0146u eksistenci. Herca izgudrojums bija pagrieziena punkts komunik\u0101cijas att\u012bst\u012bb\u0101. [&hellip;]","og_url":"https:\/\/www.prototehas.ee\/lv\/skanu-uztverejs\/","og_site_name":"PROTO avastustehas","article_publisher":"https:\/\/www.facebook.com\/prototehas\/","article_modified_time":"2024-06-24T12:53:29+00:00","twitter_card":"summary_large_image","twitter_misc":{"Est. reading time":"2 minutes"},"schema":{"@context":"https:\/\/schema.org","@graph":[{"@type":"WebPage","@id":"https:\/\/www.prototehas.ee\/lv\/skanu-uztverejs\/","url":"https:\/\/www.prototehas.ee\/lv\/skanu-uztverejs\/","name":"SKA\u0145U UZTV\u0112R\u0112JS - Elamuskeskus - PROTO avastustehas","isPartOf":{"@id":"https:\/\/www.prototehas.ee\/lv\/#website"},"datePublished":"2019-10-10T07:53:33+00:00","dateModified":"2024-06-24T12:53:29+00:00","breadcrumb":{"@id":"https:\/\/www.prototehas.ee\/lv\/skanu-uztverejs\/#breadcrumb"},"inLanguage":"lv-LV","potentialAction":[{"@type":"ReadAction","target":["https:\/\/www.prototehas.ee\/lv\/skanu-uztverejs\/"]}]},{"@type":"BreadcrumbList","@id":"https:\/\/www.prototehas.ee\/lv\/skanu-uztverejs\/#breadcrumb","itemListElement":[{"@type":"ListItem","position":1,"name":"Avaleht","item":"https:\/\/www.prototehas.ee\/lv\/"},{"@type":"ListItem","position":2,"name":"SKA\u0145U UZTV\u0112R\u0112JS"}]},{"@type":"WebSite","@id":"https:\/\/www.prototehas.ee\/lv\/#website","url":"https:\/\/www.prototehas.ee\/lv\/","name":"PROTO avastustehas","description":"Where science meets fantasy","publisher":{"@id":"https:\/\/www.prototehas.ee\/lv\/#organization"},"potentialAction":[{"@type":"SearchAction","target":{"@type":"EntryPoint","urlTemplate":"https:\/\/www.prototehas.ee\/lv\/?s={search_term_string}"},"query-input":{"@type":"PropertyValueSpecification","valueRequired":true,"valueName":"search_term_string"}}],"inLanguage":"lv-LV"},{"@type":"Organization","@id":"https:\/\/www.prototehas.ee\/lv\/#organization","name":"PROTO avastustehas","url":"https:\/\/www.prototehas.ee\/lv\/","logo":{"@type":"ImageObject","inLanguage":"lv-LV","@id":"https:\/\/www.prototehas.ee\/lv\/#\/schema\/logo\/image\/","url":"https:\/\/www.prototehas.ee\/wp-content\/uploads\/2019\/10\/prototehas_logo_et_2.svg","contentUrl":"https:\/\/www.prototehas.ee\/wp-content\/uploads\/2019\/10\/prototehas_logo_et_2.svg","width":100,"height":100,"caption":"PROTO avastustehas"},"image":{"@id":"https:\/\/www.prototehas.ee\/lv\/#\/schema\/logo\/image\/"},"sameAs":["https:\/\/www.facebook.com\/prototehas\/"]}]}},"_links":{"self":[{"href":"https:\/\/www.prototehas.ee\/lv\/wp-json\/wp\/v2\/pages\/2696","targetHints":{"allow":["GET"]}}],"collection":[{"href":"https:\/\/www.prototehas.ee\/lv\/wp-json\/wp\/v2\/pages"}],"about":[{"href":"https:\/\/www.prototehas.ee\/lv\/wp-json\/wp\/v2\/types\/page"}],"author":[{"embeddable":true,"href":"https:\/\/www.prototehas.ee\/lv\/wp-json\/wp\/v2\/users\/19"}],"replies":[{"embeddable":true,"href":"https:\/\/www.prototehas.ee\/lv\/wp-json\/wp\/v2\/comments?post=2696"}],"version-history":[{"count":4,"href":"https:\/\/www.prototehas.ee\/lv\/wp-json\/wp\/v2\/pages\/2696\/revisions"}],"predecessor-version":[{"id":29505,"href":"https:\/\/www.prototehas.ee\/lv\/wp-json\/wp\/v2\/pages\/2696\/revisions\/29505"}],"wp:attachment":[{"href":"https:\/\/www.prototehas.ee\/lv\/wp-json\/wp\/v2\/media?parent=2696"}],"curies":[{"name":"wp","href":"https:\/\/api.w.org\/{rel}","templated":true}]}}