{"id":27396,"date":"2019-10-10T09:12:54","date_gmt":"2019-10-10T09:12:54","guid":{"rendered":"http:\/\/protodev.ee\/?page_id=27396"},"modified":"2024-06-23T15:44:48","modified_gmt":"2024-06-23T15:44:48","slug":"gaismas-ota","status":"publish","type":"page","link":"https:\/\/www.prototehas.ee\/lv\/gaismas-ota\/","title":{"rendered":"GAISMAS OTA"},"content":{"rendered":"[et_pb_section fb_built=&#8221;1&#8243; _builder_version=&#8221;4.16&#8243; background_color=&#8221;#fff0d9&#8243; background_enable_image=&#8221;off&#8221; locked=&#8221;off&#8221; global_colors_info=&#8221;{}&#8221;][et_pb_row admin_label=&#8221;Main heading&#8221; _builder_version=&#8221;4.24.2&#8243; _module_preset=&#8221;default&#8221; global_colors_info=&#8221;{}&#8221;][et_pb_column type=&#8221;4_4&#8243; _builder_version=&#8221;4.24.2&#8243; _module_preset=&#8221;default&#8221; global_colors_info=&#8221;{}&#8221;][et_pb_heading title=&#8221;GAISMAS OTA&#8221; _builder_version=&#8221;4.24.2&#8243; _module_preset=&#8221;c9a4dd29-8345-43ea-bd4d-e73ae35e5717&#8243; global_colors_info=&#8221;{}&#8221;][\/et_pb_heading][et_pb_text _builder_version=&#8221;4.24.2&#8243; _module_preset=&#8221;e179c0c4-c115-407d-a110-ebe813713cd6&#8243; custom_padding=&#8221;|90px||90px|false|false&#8221; custom_padding_tablet=&#8221;|20px||20px|false|false&#8221; custom_padding_phone=&#8221;|0px||0px|false|false&#8221; custom_padding_last_edited=&#8221;on|tablet&#8221; hover_enabled=&#8221;0&#8243; locked=&#8221;off&#8221; global_colors_info=&#8221;{}&#8221; sticky_enabled=&#8221;0&#8243;]<p style=\"text-align: center;\"><strong>Z\u012bm\u0113t var ar\u012b bez pap\u012bra un z\u012bmu\u013ca! Izmanto LED lampu un velc l\u012bnijas ar gaismu!<\/strong><\/p>[\/et_pb_text][\/et_pb_column][\/et_pb_row][et_pb_row column_structure=&#8221;1_2,1_2&#8243; use_custom_gutter=&#8221;on&#8221; gutter_width=&#8221;1&#8243; make_equal=&#8221;on&#8221; admin_label=&#8221;Card Image Right&#8221; _builder_version=&#8221;4.24.2&#8243; _module_preset=&#8221;default&#8221; background_color=&#8221;#FFFFFF&#8221; custom_margin=&#8221;25px||25px||false|false&#8221; custom_padding=&#8221;0px||0px||false|false&#8221; border_radii=&#8221;on|20px|20px|20px|20px&#8221; global_colors_info=&#8221;{}&#8221; custom_css_main_element_last_edited=&#8221;on|tablet&#8221;][et_pb_column type=&#8221;1_2&#8243; _builder_version=&#8221;4.24.2&#8243; _module_preset=&#8221;default&#8221; custom_padding=&#8221;|30px||30px|false|false&#8221; global_colors_info=&#8221;{}&#8221;][et_pb_text _builder_version=&#8221;4.24.2&#8243; _module_preset=&#8221;e179c0c4-c115-407d-a110-ebe813713cd6&#8243; custom_margin=&#8221;|0px|||false|false&#8221; custom_padding=&#8221;60px||30px|0px|false|false&#8221; hover_enabled=&#8221;0&#8243; global_colors_info=&#8221;{}&#8221; sticky_enabled=&#8221;0&#8243;]Par pirmo palieko\u0161o fotogr\u0101fiju tiek uzskat\u012bts att\u0113ls, ko 1826. gad\u0101 ar camera obscura iem\u016b\u017ein\u0101jis Nikefors N\u012bpss. Foto sl\u0113d\u017ea \u0101trums bija 8 stundas, l\u012bdz ar to fotogr\u0101fij\u0101 redzams, k\u0101 saule apsp\u012bd \u0113kas no ab\u0101m pus\u0113m. M\u0101kslinieks un fotogr\u0101fs Frederiks Skots \u0100r\u010ders bija neapmierin\u0101ts ar kolodija zemo iz\u0161\u0137irtsp\u0113ju, v\u0101jo kontrastu un l\u0113no sl\u0113d\u017ea \u0101trumu, t\u0101d\u0113\u013c 1848. gad\u0101 izgudroja jaunu metodi, kas palielin\u0101ja sl\u0113d\u017ea \u0101trumu fotograf\u0113\u0161anas laik\u0101 l\u012bdz da\u017e\u0101m sekund\u0113m.\n\nMode\u013ciem, kam vajadz\u0113ja nekust\u012bgi st\u0101v\u0113t desmit min\u016btes, fotograf\u0113\u0161an\u0101s bija \u012bsts paciet\u012bbas p\u0101rbaud\u012bjums, ta\u010du tie\u0161i l\u0113n\u0101 sl\u0113d\u017ea \u0101truma iesp\u0113jas var rado\u0161i izmantot. Ieej speci\u0101laj\u0101 l\u0113n\u0101 sl\u0113d\u017ea \u0101truma z\u012bm\u0113\u0161anas telp\u0101 un pa\u0146em lampu. Kustinot to ekr\u0101na priek\u0161\u0101, atst\u0101si gaismas nospiedumus. Z\u012bm\u0113jums saglab\u0101jas pietiekami ilgi, \u013caujot pabeigt visu bildi.[\/et_pb_text][\/et_pb_column][et_pb_column type=&#8221;1_2&#8243; _builder_version=&#8221;4.24.2&#8243; _module_preset=&#8221;default&#8221; global_colors_info=&#8221;{}&#8221;][et_pb_image src=&#8221;https:\/\/www.prototehas.ee\/wp-content\/uploads\/2024\/05\/pildid_veebi_519x519px54.png&#8221; title_text=&#8221;pildid_veebi_519x519px54&#8243; show_bottom_space=&#8221;off&#8221; align=&#8221;right&#8221; module_class=&#8221;pa-full-height-image-column&#8221; _builder_version=&#8221;4.24.2&#8243; _module_preset=&#8221;default&#8221; height=&#8221;100%&#8221; border_radii=&#8221;off||20px|20px|&#8221; global_colors_info=&#8221;{}&#8221;][\/et_pb_image][\/et_pb_column][\/et_pb_row][et_pb_row column_structure=&#8221;1_2,1_2&#8243; use_custom_gutter=&#8221;on&#8221; gutter_width=&#8221;2&#8243; _builder_version=&#8221;4.24.2&#8243; _module_preset=&#8221;default&#8221; width=&#8221;95%&#8221; custom_margin=&#8221;||||false|false&#8221; locked=&#8221;off&#8221; global_colors_info=&#8221;{}&#8221;][et_pb_column type=&#8221;1_2&#8243; _builder_version=&#8221;4.24.2&#8243; _module_preset=&#8221;default&#8221; global_colors_info=&#8221;{}&#8221;][et_pb_blurb title=&#8221;IZGUDROJUMA TIPS&#8221; _builder_version=&#8221;4.24.2&#8243; _module_preset=&#8221;481f6fb3-e1ad-4711-b65b-226135c026c0&#8243; global_colors_info=&#8221;{}&#8221;]<p><span>\u0136ERIES KL\u0100T<\/span><\/p>[\/et_pb_blurb][et_pb_blurb title=&#8221;GR\u016aT\u012aBAS PAK\u0100PE&#8221; _builder_version=&#8221;4.24.2&#8243; _module_preset=&#8221;481f6fb3-e1ad-4711-b65b-226135c026c0&#8243; custom_margin=&#8221;||||false|false&#8221; locked=&#8221;off&#8221; global_colors_info=&#8221;{}&#8221;]<p>Viegla<\/p>[\/et_pb_blurb][et_pb_blurb title=&#8221;Maksim\u0101lais lietot\u0101ju skaits&#8221; _builder_version=&#8221;4.24.2&#8243; _module_preset=&#8221;481f6fb3-e1ad-4711-b65b-226135c026c0&#8243; custom_margin=&#8221;34px||||false|false&#8221; locked=&#8221;off&#8221; global_colors_info=&#8221;{}&#8221;]<p>4<\/p>[\/et_pb_blurb][\/et_pb_column][et_pb_column type=&#8221;1_2&#8243; _builder_version=&#8221;4.24.2&#8243; _module_preset=&#8221;default&#8221; global_colors_info=&#8221;{}&#8221;][et_pb_blurb title=&#8221;ILGUMS&#8221; _builder_version=&#8221;4.24.2&#8243; _module_preset=&#8221;481f6fb3-e1ad-4711-b65b-226135c026c0&#8243; custom_margin=&#8221;||||false|false&#8221; locked=&#8221;off&#8221; global_colors_info=&#8221;{}&#8221;]<p>1 min<\/p>[\/et_pb_blurb][et_pb_blurb title=&#8221;Rezult\u0101tu apr\u0113\u0137in\u0101\u0161ana&#8221; _builder_version=&#8221;4.24.2&#8243; _module_preset=&#8221;481f6fb3-e1ad-4711-b65b-226135c026c0&#8243; custom_margin=&#8221;30px||25px||false|false&#8221; global_colors_info=&#8221;{}&#8221;]<p>N\u0113<\/p>[\/et_pb_blurb][\/et_pb_column][\/et_pb_row][\/et_pb_section]<span class=\"et_bloom_bottom_trigger\"><\/span>","protected":false},"excerpt":{"rendered":"<p>Z\u012bm\u0113t var ar\u012b bez pap\u012bra un z\u012bmu\u013ca! Izmanto LED lampu un velc l\u012bnijas ar gaismu!Par pirmo palieko\u0161o fotogr\u0101fiju tiek uzskat\u012bts att\u0113ls, ko 1826. gad\u0101 ar camera obscura iem\u016b\u017ein\u0101jis Nikefors N\u012bpss. Foto sl\u0113d\u017ea \u0101trums bija 8 stundas, l\u012bdz ar to fotogr\u0101fij\u0101 redzams, k\u0101 saule apsp\u012bd \u0113kas no ab\u0101m pus\u0113m. M\u0101kslinieks un fotogr\u0101fs Frederiks Skots \u0100r\u010ders bija [&hellip;]<\/p>\n","protected":false},"author":22,"featured_media":0,"parent":0,"menu_order":0,"comment_status":"closed","ping_status":"closed","template":"","meta":{"_acf_changed":false,"_et_pb_use_builder":"on","_et_pb_old_content":"[et_pb_section fb_built=\"1\" _builder_version=\"4.16\" background_color=\"#fff0d9\" background_enable_image=\"off\" locked=\"off\" global_colors_info=\"{}\"][et_pb_row admin_label=\"Main heading\" _builder_version=\"4.24.2\" _module_preset=\"default\" global_colors_info=\"{}\"][et_pb_column type=\"4_4\" _builder_version=\"4.24.2\" _module_preset=\"default\" global_colors_info=\"{}\"][et_pb_heading title=\"PINTSEL PUHTAST VALGUSEST\" _builder_version=\"4.24.2\" _module_preset=\"c9a4dd29-8345-43ea-bd4d-e73ae35e5717\" global_colors_info=\"{}\"][\/et_pb_heading][et_pb_text _builder_version=\"4.24.2\" _module_preset=\"e179c0c4-c115-407d-a110-ebe813713cd6\" custom_padding=\"|90px||90px|false|false\" custom_padding_tablet=\"|20px||20px|false|false\" custom_padding_phone=\"|0px||0px|false|false\" custom_padding_last_edited=\"on|tablet\" locked=\"off\" global_colors_info=\"{}\"]\r\n<p style=\"text-align: center;\"><strong>Joonistada saab ka paberi ja pliiatsita! Kasuta LED-lampi ja t\u00f5mba valgusega jutte!<\/strong><\/p>\r\n[\/et_pb_text][\/et_pb_column][\/et_pb_row][et_pb_row column_structure=\"1_2,1_2\" use_custom_gutter=\"on\" gutter_width=\"1\" make_equal=\"on\" admin_label=\"Card Image Right\" _builder_version=\"4.24.2\" _module_preset=\"default\" background_color=\"#FFFFFF\" custom_margin=\"25px||25px||false|false\" custom_padding=\"0px||0px||false|false\" hover_enabled=\"0\" border_radii=\"on|20px|20px|20px|20px\" global_colors_info=\"{}\" custom_css_main_element_last_edited=\"on|tablet\" sticky_enabled=\"0\"][et_pb_column type=\"1_2\" _builder_version=\"4.24.2\" _module_preset=\"default\" custom_padding=\"|30px||30px|false|false\" global_colors_info=\"{}\"][et_pb_text _builder_version=\"4.24.2\" _module_preset=\"e179c0c4-c115-407d-a110-ebe813713cd6\" custom_margin=\"|0px|||false|false\" custom_padding=\"60px||30px|0px|false|false\" global_colors_info=\"{}\"]\r\n\r\nEsimeseks p\u00fcsifotoks peetakse Joseph Nic\u00e9phore Ni\u00e9pce j\u00e4\u00e4dvustust <em>camera obscura<\/em>\u2019ga 1826. aastal. Foto s\u00e4riaeg oli 8 tundi ja seega on n\u00e4ha, et pildil olevaid hooneid valgustab p\u00e4ike m\u00f5lemalt poolt. Kunstnik ja fotograaf Frederick Scott Archer oli rahulolematu kalot\u00fc\u00fcpia madala resolutsiooni, kontrasti ja pika s\u00e4riajaga ning leiutas 1848. aastal uue meetodi, mis l\u00fchendas pildistamise s\u00e4riaja m\u00f5nele sekundile.\r\n\r\nModellidele, kes k\u00fcmme minutit liikumatult paigal pidid seisma, oli pildistamine t\u00f5eline kannatus, kuid s\u00e4riaja v\u00f5imalusi on v\u00f5imalik ka efektselt \u00e4ra kasutada. Sisene pika s\u00e4riga joonistamise ruumi ja v\u00f5ta k\u00e4tte lamp. Kui seda ekraani ees liigutad, j\u00e4\u00e4b liikumisest maha valge jutt. Joon p\u00fcsib nii kaua, et saad terve pildi valmis joonistada.\r\n\r\n[\/et_pb_text][\/et_pb_column][et_pb_column type=\"1_2\" _builder_version=\"4.24.2\" _module_preset=\"default\" global_colors_info=\"{}\"][et_pb_image src=\"https:\/\/www.prototehas.ee\/wp-content\/uploads\/2024\/05\/pildid_veebi_519x519px54.png\" title_text=\"pildid_veebi_519x519px54\" show_bottom_space=\"off\" module_class=\"pa-full-height-image-column\" _builder_version=\"4.24.2\" _module_preset=\"default\" height=\"100%\" hover_enabled=\"0\" global_colors_info=\"{}\" sticky_enabled=\"0\" border_radii=\"off||20px|20px|\" align=\"right\"][\/et_pb_image][\/et_pb_column][\/et_pb_row][et_pb_row column_structure=\"1_2,1_2\" use_custom_gutter=\"on\" gutter_width=\"2\" _builder_version=\"4.24.2\" _module_preset=\"default\" width=\"95%\" custom_margin=\"||||false|false\" locked=\"off\" global_colors_info=\"{}\"][et_pb_column type=\"1_2\" _builder_version=\"4.24.2\" _module_preset=\"default\" global_colors_info=\"{}\"][et_pb_blurb title=\"Leiutise t\u00fc\u00fcp\" _builder_version=\"4.24.2\" _module_preset=\"481f6fb3-e1ad-4711-b65b-226135c026c0\" global_colors_info=\"{}\"]\r\n\r\nK\u00e4ed k\u00fclge\r\n\r\n[\/et_pb_blurb][et_pb_blurb title=\"Raskusaste\" _builder_version=\"4.24.2\" _module_preset=\"481f6fb3-e1ad-4711-b65b-226135c026c0\" custom_margin=\"||||false|false\" locked=\"off\" global_colors_info=\"{}\"]\r\n\r\nKerge\r\n\r\n[\/et_pb_blurb][et_pb_blurb title=\"Max kasutajate arv\" _builder_version=\"4.24.2\" _module_preset=\"481f6fb3-e1ad-4711-b65b-226135c026c0\" custom_margin=\"34px||||false|false\" locked=\"off\" global_colors_info=\"{}\"]\r\n\r\n4\r\n\r\n[\/et_pb_blurb][\/et_pb_column][et_pb_column type=\"1_2\" _builder_version=\"4.24.2\" _module_preset=\"default\" global_colors_info=\"{}\"][et_pb_blurb title=\"Kestvus\" _builder_version=\"4.24.2\" _module_preset=\"481f6fb3-e1ad-4711-b65b-226135c026c0\" custom_margin=\"||||false|false\" locked=\"off\" global_colors_info=\"{}\"]\r\n\r\n1 min\r\n\r\n[\/et_pb_blurb][et_pb_blurb title=\"Skoori arvestus\" _builder_version=\"4.24.2\" _module_preset=\"481f6fb3-e1ad-4711-b65b-226135c026c0\" custom_margin=\"30px||25px||false|false\" global_colors_info=\"{}\"]\r\n\r\nEi\r\n\r\n[\/et_pb_blurb][\/et_pb_column][\/et_pb_row][\/et_pb_section]","_et_gb_content_width":"","inline_featured_image":false,"footnotes":""},"class_list":["post-27396","page","type-page","status-publish","hentry"],"acf":[],"yoast_head":"<!-- This site is optimized with the Yoast SEO plugin v26.9 - https:\/\/yoast.com\/product\/yoast-seo-wordpress\/ -->\n<title>GAISMAS OTA - PROTO avastustehas<\/title>\n<meta name=\"robots\" content=\"index, follow, max-snippet:-1, max-image-preview:large, max-video-preview:-1\" \/>\n<link rel=\"canonical\" href=\"https:\/\/www.prototehas.ee\/lv\/gaismas-ota\/\" \/>\n<meta property=\"og:locale\" content=\"lv_LV\" \/>\n<meta property=\"og:type\" content=\"article\" \/>\n<meta property=\"og:title\" content=\"GAISMAS OTA - PROTO avastustehas\" \/>\n<meta property=\"og:description\" content=\"Z\u012bm\u0113t var ar\u012b bez pap\u012bra un z\u012bmu\u013ca! Izmanto LED lampu un velc l\u012bnijas ar gaismu!Par pirmo palieko\u0161o fotogr\u0101fiju tiek uzskat\u012bts att\u0113ls, ko 1826. gad\u0101 ar camera obscura iem\u016b\u017ein\u0101jis Nikefors N\u012bpss. Foto sl\u0113d\u017ea \u0101trums bija 8 stundas, l\u012bdz ar to fotogr\u0101fij\u0101 redzams, k\u0101 saule apsp\u012bd \u0113kas no ab\u0101m pus\u0113m. M\u0101kslinieks un fotogr\u0101fs Frederiks Skots \u0100r\u010ders bija [&hellip;]\" \/>\n<meta property=\"og:url\" content=\"https:\/\/www.prototehas.ee\/lv\/gaismas-ota\/\" \/>\n<meta property=\"og:site_name\" content=\"PROTO avastustehas\" \/>\n<meta property=\"article:publisher\" content=\"https:\/\/www.facebook.com\/prototehas\/\" \/>\n<meta property=\"article:modified_time\" content=\"2024-06-23T15:44:48+00:00\" \/>\n<meta name=\"twitter:card\" content=\"summary_large_image\" \/>\n<meta name=\"twitter:label1\" content=\"Est. reading time\" \/>\n\t<meta name=\"twitter:data1\" content=\"2 minutes\" \/>\n<script type=\"application\/ld+json\" class=\"yoast-schema-graph\">{\"@context\":\"https:\/\/schema.org\",\"@graph\":[{\"@type\":\"WebPage\",\"@id\":\"https:\/\/www.prototehas.ee\/lv\/gaismas-ota\/\",\"url\":\"https:\/\/www.prototehas.ee\/lv\/gaismas-ota\/\",\"name\":\"GAISMAS OTA - PROTO avastustehas\",\"isPartOf\":{\"@id\":\"https:\/\/www.prototehas.ee\/lv\/#website\"},\"datePublished\":\"2019-10-10T09:12:54+00:00\",\"dateModified\":\"2024-06-23T15:44:48+00:00\",\"breadcrumb\":{\"@id\":\"https:\/\/www.prototehas.ee\/lv\/gaismas-ota\/#breadcrumb\"},\"inLanguage\":\"lv-LV\",\"potentialAction\":[{\"@type\":\"ReadAction\",\"target\":[\"https:\/\/www.prototehas.ee\/lv\/gaismas-ota\/\"]}]},{\"@type\":\"BreadcrumbList\",\"@id\":\"https:\/\/www.prototehas.ee\/lv\/gaismas-ota\/#breadcrumb\",\"itemListElement\":[{\"@type\":\"ListItem\",\"position\":1,\"name\":\"Avaleht\",\"item\":\"https:\/\/www.prototehas.ee\/lv\/\"},{\"@type\":\"ListItem\",\"position\":2,\"name\":\"GAISMAS OTA\"}]},{\"@type\":\"WebSite\",\"@id\":\"https:\/\/www.prototehas.ee\/lv\/#website\",\"url\":\"https:\/\/www.prototehas.ee\/lv\/\",\"name\":\"PROTO avastustehas\",\"description\":\"Where science meets fantasy\",\"publisher\":{\"@id\":\"https:\/\/www.prototehas.ee\/lv\/#organization\"},\"potentialAction\":[{\"@type\":\"SearchAction\",\"target\":{\"@type\":\"EntryPoint\",\"urlTemplate\":\"https:\/\/www.prototehas.ee\/lv\/?s={search_term_string}\"},\"query-input\":{\"@type\":\"PropertyValueSpecification\",\"valueRequired\":true,\"valueName\":\"search_term_string\"}}],\"inLanguage\":\"lv-LV\"},{\"@type\":\"Organization\",\"@id\":\"https:\/\/www.prototehas.ee\/lv\/#organization\",\"name\":\"PROTO avastustehas\",\"url\":\"https:\/\/www.prototehas.ee\/lv\/\",\"logo\":{\"@type\":\"ImageObject\",\"inLanguage\":\"lv-LV\",\"@id\":\"https:\/\/www.prototehas.ee\/lv\/#\/schema\/logo\/image\/\",\"url\":\"https:\/\/www.prototehas.ee\/wp-content\/uploads\/2019\/10\/prototehas_logo_et_2.svg\",\"contentUrl\":\"https:\/\/www.prototehas.ee\/wp-content\/uploads\/2019\/10\/prototehas_logo_et_2.svg\",\"width\":100,\"height\":100,\"caption\":\"PROTO avastustehas\"},\"image\":{\"@id\":\"https:\/\/www.prototehas.ee\/lv\/#\/schema\/logo\/image\/\"},\"sameAs\":[\"https:\/\/www.facebook.com\/prototehas\/\"]}]}<\/script>\n<!-- \/ Yoast SEO plugin. -->","yoast_head_json":{"title":"GAISMAS OTA - PROTO avastustehas","robots":{"index":"index","follow":"follow","max-snippet":"max-snippet:-1","max-image-preview":"max-image-preview:large","max-video-preview":"max-video-preview:-1"},"canonical":"https:\/\/www.prototehas.ee\/lv\/gaismas-ota\/","og_locale":"lv_LV","og_type":"article","og_title":"GAISMAS OTA - PROTO avastustehas","og_description":"Z\u012bm\u0113t var ar\u012b bez pap\u012bra un z\u012bmu\u013ca! Izmanto LED lampu un velc l\u012bnijas ar gaismu!Par pirmo palieko\u0161o fotogr\u0101fiju tiek uzskat\u012bts att\u0113ls, ko 1826. gad\u0101 ar camera obscura iem\u016b\u017ein\u0101jis Nikefors N\u012bpss. Foto sl\u0113d\u017ea \u0101trums bija 8 stundas, l\u012bdz ar to fotogr\u0101fij\u0101 redzams, k\u0101 saule apsp\u012bd \u0113kas no ab\u0101m pus\u0113m. M\u0101kslinieks un fotogr\u0101fs Frederiks Skots \u0100r\u010ders bija [&hellip;]","og_url":"https:\/\/www.prototehas.ee\/lv\/gaismas-ota\/","og_site_name":"PROTO avastustehas","article_publisher":"https:\/\/www.facebook.com\/prototehas\/","article_modified_time":"2024-06-23T15:44:48+00:00","twitter_card":"summary_large_image","twitter_misc":{"Est. reading time":"2 minutes"},"schema":{"@context":"https:\/\/schema.org","@graph":[{"@type":"WebPage","@id":"https:\/\/www.prototehas.ee\/lv\/gaismas-ota\/","url":"https:\/\/www.prototehas.ee\/lv\/gaismas-ota\/","name":"GAISMAS OTA - PROTO avastustehas","isPartOf":{"@id":"https:\/\/www.prototehas.ee\/lv\/#website"},"datePublished":"2019-10-10T09:12:54+00:00","dateModified":"2024-06-23T15:44:48+00:00","breadcrumb":{"@id":"https:\/\/www.prototehas.ee\/lv\/gaismas-ota\/#breadcrumb"},"inLanguage":"lv-LV","potentialAction":[{"@type":"ReadAction","target":["https:\/\/www.prototehas.ee\/lv\/gaismas-ota\/"]}]},{"@type":"BreadcrumbList","@id":"https:\/\/www.prototehas.ee\/lv\/gaismas-ota\/#breadcrumb","itemListElement":[{"@type":"ListItem","position":1,"name":"Avaleht","item":"https:\/\/www.prototehas.ee\/lv\/"},{"@type":"ListItem","position":2,"name":"GAISMAS OTA"}]},{"@type":"WebSite","@id":"https:\/\/www.prototehas.ee\/lv\/#website","url":"https:\/\/www.prototehas.ee\/lv\/","name":"PROTO avastustehas","description":"Where science meets fantasy","publisher":{"@id":"https:\/\/www.prototehas.ee\/lv\/#organization"},"potentialAction":[{"@type":"SearchAction","target":{"@type":"EntryPoint","urlTemplate":"https:\/\/www.prototehas.ee\/lv\/?s={search_term_string}"},"query-input":{"@type":"PropertyValueSpecification","valueRequired":true,"valueName":"search_term_string"}}],"inLanguage":"lv-LV"},{"@type":"Organization","@id":"https:\/\/www.prototehas.ee\/lv\/#organization","name":"PROTO avastustehas","url":"https:\/\/www.prototehas.ee\/lv\/","logo":{"@type":"ImageObject","inLanguage":"lv-LV","@id":"https:\/\/www.prototehas.ee\/lv\/#\/schema\/logo\/image\/","url":"https:\/\/www.prototehas.ee\/wp-content\/uploads\/2019\/10\/prototehas_logo_et_2.svg","contentUrl":"https:\/\/www.prototehas.ee\/wp-content\/uploads\/2019\/10\/prototehas_logo_et_2.svg","width":100,"height":100,"caption":"PROTO avastustehas"},"image":{"@id":"https:\/\/www.prototehas.ee\/lv\/#\/schema\/logo\/image\/"},"sameAs":["https:\/\/www.facebook.com\/prototehas\/"]}]}},"_links":{"self":[{"href":"https:\/\/www.prototehas.ee\/lv\/wp-json\/wp\/v2\/pages\/27396","targetHints":{"allow":["GET"]}}],"collection":[{"href":"https:\/\/www.prototehas.ee\/lv\/wp-json\/wp\/v2\/pages"}],"about":[{"href":"https:\/\/www.prototehas.ee\/lv\/wp-json\/wp\/v2\/types\/page"}],"author":[{"embeddable":true,"href":"https:\/\/www.prototehas.ee\/lv\/wp-json\/wp\/v2\/users\/22"}],"replies":[{"embeddable":true,"href":"https:\/\/www.prototehas.ee\/lv\/wp-json\/wp\/v2\/comments?post=27396"}],"version-history":[{"count":4,"href":"https:\/\/www.prototehas.ee\/lv\/wp-json\/wp\/v2\/pages\/27396\/revisions"}],"predecessor-version":[{"id":29470,"href":"https:\/\/www.prototehas.ee\/lv\/wp-json\/wp\/v2\/pages\/27396\/revisions\/29470"}],"wp:attachment":[{"href":"https:\/\/www.prototehas.ee\/lv\/wp-json\/wp\/v2\/media?parent=27396"}],"curies":[{"name":"wp","href":"https:\/\/api.w.org\/{rel}","templated":true}]}}