{"id":28589,"date":"2019-11-06T08:15:05","date_gmt":"2019-11-06T08:15:05","guid":{"rendered":"http:\/\/protodev.ee\/gruppidele\/"},"modified":"2024-06-25T12:01:43","modified_gmt":"2024-06-25T12:01:43","slug":"grupam","status":"publish","type":"page","link":"https:\/\/www.prototehas.ee\/lv\/grupam\/","title":{"rendered":"GRUP\u0100M"},"content":{"rendered":"[et_pb_section fb_built=&#8221;1&#8243; _builder_version=&#8221;4.16&#8243; background_image=&#8221;https:\/\/www.prototehas.ee\/wp-content\/uploads\/2019\/11\/Fujifilm_Panorama3.jpg&#8221; width=&#8221;100%&#8221; custom_margin=&#8221;0px||||false|false&#8221; custom_padding=&#8221;13em||13em||true|false&#8221; locked=&#8221;off&#8221; global_colors_info=&#8221;{}&#8221;][\/et_pb_section][et_pb_section fb_built=&#8221;1&#8243; _builder_version=&#8221;4.16&#8243; background_image=&#8221;https:\/\/www.prototehas.ee\/wp-content\/uploads\/2019\/09\/foundpaper31.jpg&#8221; custom_margin=&#8221;-117px|||||&#8221; global_colors_info=&#8221;{}&#8221;][et_pb_row _builder_version=&#8221;4.24.2&#8243; _module_preset=&#8221;default&#8221; global_colors_info=&#8221;{}&#8221;][et_pb_column type=&#8221;4_4&#8243; _builder_version=&#8221;4.24.2&#8243; _module_preset=&#8221;default&#8221; global_colors_info=&#8221;{}&#8221;][et_pb_heading title=&#8221;GRUP\u0100M&#8221; _builder_version=&#8221;4.24.2&#8243; _module_preset=&#8221;c9a4dd29-8345-43ea-bd4d-e73ae35e5717&#8243; title_level=&#8221;h1&#8243; global_colors_info=&#8221;{}&#8221;][\/et_pb_heading][\/et_pb_column][\/et_pb_row][et_pb_row admin_label=&#8221;Eesti Maitsed&#8221; _builder_version=&#8221;4.24.2&#8243; _module_preset=&#8221;default&#8221; background_color=&#8221;#FFFFFF&#8221; border_radii=&#8221;on|30px|30px|30px|30px&#8221; locked=&#8221;off&#8221; global_colors_info=&#8221;{}&#8221;][et_pb_column type=&#8221;4_4&#8243; _builder_version=&#8221;4.16&#8243; _module_preset=&#8221;default&#8221; global_colors_info=&#8221;{}&#8221;][et_pb_text _builder_version=&#8221;4.24.2&#8243; _module_preset=&#8221;e179c0c4-c115-407d-a110-ebe813713cd6&#8243; custom_padding=&#8221;|90px||90px|false|false&#8221; custom_padding_tablet=&#8221;|20px||20px|false|false&#8221; custom_padding_phone=&#8221;|0px||0px|false|false&#8221; custom_padding_last_edited=&#8221;on|tablet&#8221; global_colors_info=&#8221;{}&#8221;]Saliec grupu un n\u0101c piedz\u012bvojumos uz PROTO!\r\n\r\nP\u0113c v\u0113l\u0113\u0161an\u0101s ir iesp\u0113jams pas\u016bt\u012bt ar\u012b izp\u0113tes r\u016bpn\u012bcas ekskursiju. Ekskursija iepaz\u012bstin\u0101s j\u016bs ar biju\u0161\u0101s zem\u016bde\u0146u r\u016bpn\u012bcas v\u0113sturi, paskaidros ar aizraujo\u0161u ekspon\u0101tu pal\u012bdz\u012bbu, k\u0101 slaveni zin\u0101tnieki ir atkl\u0101ju\u0161i pasauli maino\u0161us izgudrojumus, un apspried\u012bs, k\u0101p\u0113c lidma\u0161\u012bnas tom\u0113r nekr\u012bt no debes\u012bm.\r\n\r\nVai jau nojaut, kur\u0101 Igaunijas r\u016bpn\u012bc\u0101 pirms Pirm\u0101 pasaules kara tika izgatavotas 12 grandiozas zem\u016bdenes? Vai k\u0101 Henrijs Fords izgudroja konveijera lenti? K\u0101 zem\u016bdene var nogrimt zem \u016bdens un v\u0113l\u0101k atkal uzpeld\u0113t virspus\u0113? Atbildes uz \u0161iem un daudziem citiem jaut\u0101jumiem tu sa\u0146emsi m\u016bsu ekskursij\u0101.\r\n\r\n<span style=\"text-decoration: underline;\">Ekskursijas notiek ang\u013cu valod\u0101.<\/span>\r[\/et_pb_text][et_pb_text _builder_version=&#8221;4.24.2&#8243; _module_preset=&#8221;e179c0c4-c115-407d-a110-ebe813713cd6&#8243; custom_padding=&#8221;|90px||90px|false|false&#8221; custom_padding_tablet=&#8221;|20px||20px|false|false&#8221; custom_padding_phone=&#8221;|0px||0px|false|false&#8221; custom_padding_last_edited=&#8221;on|tablet&#8221; hover_enabled=&#8221;0&#8243; global_colors_info=&#8221;{}&#8221; sticky_enabled=&#8221;0&#8243;]<h2>EKSKURSIJAS<\/h2>\n<ul>\n<li style=\"text-align: left;\">Cena: 56 EUR\/grupa<\/li>\n<li style=\"text-align: left;\">Ilgums: 45 min\u016btes<\/li>\n<li style=\"text-align: left;\">Grupas lielums: l\u012bdz 20 cilv\u0113kiem<\/li>\n<li style=\"text-align: left;\"><strong>Ekskursijas tikai ar iepriek\u0161\u0113ju rezerv\u0101ciju<\/strong><\/li>\n<li style=\"text-align: left;\">Ekskursija <strong>neietver ekspon\u0101tu izmanto\u0161anu<\/strong>. Ja v\u0113lies, vari ieg\u0101d\u0101ties papildu bi\u013ceti izst\u0101des apmekl\u0113jumam. Apskati bi\u013ce\u0161u cenas <strong><a href=\"https:\/\/www.prototehas.ee\/lv\/biletes\/\">\u0160EIT<\/a><\/strong>.<\/li>\n<\/ul>[\/et_pb_text][et_pb_text _builder_version=&#8221;4.24.2&#8243; _module_preset=&#8221;e179c0c4-c115-407d-a110-ebe813713cd6&#8243; min_height=&#8221;196.8px&#8221; custom_padding=&#8221;|90px||90px|false|false&#8221; custom_padding_tablet=&#8221;|20px||20px|false|false&#8221; custom_padding_phone=&#8221;|0px||0px|false|false&#8221; custom_padding_last_edited=&#8221;on|tablet&#8221; global_colors_info=&#8221;{}&#8221;]<h2>EKSKURSIJAS B\u0112RNU GRUP\u0100M<\/h2>\n<p>&nbsp;<\/p>\n<ul style=\"text-align: left;\">\n<li>Cena: 11 EUR\/skol\u0113ns<\/li>\n<li>Grupas lielums: l\u012bdz 20 cilv\u0113kiem<\/li>\n<li>20 min\u016b\u0161u <strong>ekskursija ir bezmaksas un t\u0101 ir j\u0101rezerv\u0113 iepriek\u0161<\/strong>.<\/li>\n<li>1 pavadonis katriem 10 skol\u0113niem <strong>bezmaksas<\/strong>.<\/li>\n<li>Bi\u013cete ietver visu ekspon\u0101tu izmanto\u0161anu, iz\u0146emot Protoroller.<\/li>\n<li><strong>Papildu pakalpojums: iesp\u0113jams pas\u016bt\u012bt ar\u012b skolas grupas pusdienas.<\/strong> Apskati \u0113dienkarti <strong><a title=\"grupimen\u00fc\u00fc koolidele ja lasteaedadele\" href=\"https:\/\/www.prototehas.ee\/lv\/grupimenuu-lastele\/\">SEIT<\/a><\/strong><\/li>\n<\/ul>[\/et_pb_text][et_pb_button button_url=&#8221;https:\/\/www.prototehas.ee\/lv\/grupas-apmeklesana\/&#8221; button_text=&#8221;REZERV\u0112T GRUPAS APMEKL\u0112JUMU&#8221; button_alignment=&#8221;center&#8221; _builder_version=&#8221;4.24.2&#8243; _module_preset=&#8221;default&#8221; custom_margin=&#8221;89px|||||&#8221; hover_enabled=&#8221;0&#8243; global_colors_info=&#8221;{}&#8221; sticky_enabled=&#8221;0&#8243;][\/et_pb_button][\/et_pb_column][\/et_pb_row][\/et_pb_section]<span class=\"et_bloom_bottom_trigger\"><\/span>","protected":false},"excerpt":{"rendered":"<p>Saliec grupu un n\u0101c piedz\u012bvojumos uz PROTO! P\u0113c v\u0113l\u0113\u0161an\u0101s ir iesp\u0113jams pas\u016bt\u012bt ar\u012b izp\u0113tes r\u016bpn\u012bcas ekskursiju. Ekskursija iepaz\u012bstin\u0101s j\u016bs ar biju\u0161\u0101s zem\u016bde\u0146u r\u016bpn\u012bcas v\u0113sturi, paskaidros ar aizraujo\u0161u ekspon\u0101tu pal\u012bdz\u012bbu, k\u0101 slaveni zin\u0101tnieki ir atkl\u0101ju\u0161i pasauli maino\u0161us izgudrojumus, un apspried\u012bs, k\u0101p\u0113c lidma\u0161\u012bnas tom\u0113r nekr\u012bt no debes\u012bm. Vai jau nojaut, kur\u0101 Igaunijas r\u016bpn\u012bc\u0101 pirms Pirm\u0101 pasaules kara [&hellip;]<\/p>\n","protected":false},"author":15,"featured_media":0,"parent":0,"menu_order":0,"comment_status":"closed","ping_status":"closed","template":"","meta":{"_acf_changed":false,"_et_pb_use_builder":"on","_et_pb_old_content":"","_et_gb_content_width":"","inline_featured_image":false,"footnotes":""},"class_list":["post-28589","page","type-page","status-publish","hentry"],"acf":[],"yoast_head":"<!-- This site is optimized with the Yoast SEO plugin v26.9 - https:\/\/yoast.com\/product\/yoast-seo-wordpress\/ -->\n<title>K\u00fclastus gruppidele - Ekskursioon - PROTO avastustehas<\/title>\n<meta name=\"description\" content=\"PROTO avastustehase ekskursioon viib teid tutvuma endise allveelaeva tehase ajalooga. Pane kokku grupp ja tulge seiklema. \u27a4 Vaata l\u00e4hemalt!\" \/>\n<meta name=\"robots\" content=\"index, follow, max-snippet:-1, max-image-preview:large, max-video-preview:-1\" \/>\n<link rel=\"canonical\" href=\"https:\/\/www.prototehas.ee\/lv\/grupam\/\" \/>\n<meta property=\"og:locale\" content=\"lv_LV\" \/>\n<meta property=\"og:type\" content=\"article\" \/>\n<meta property=\"og:title\" content=\"K\u00fclastus gruppidele - Ekskursioon - PROTO avastustehas\" \/>\n<meta property=\"og:description\" content=\"PROTO avastustehase ekskursioon viib teid tutvuma endise allveelaeva tehase ajalooga. Pane kokku grupp ja tulge seiklema. \u27a4 Vaata l\u00e4hemalt!\" \/>\n<meta property=\"og:url\" content=\"https:\/\/www.prototehas.ee\/lv\/grupam\/\" \/>\n<meta property=\"og:site_name\" content=\"PROTO avastustehas\" \/>\n<meta property=\"article:publisher\" content=\"https:\/\/www.facebook.com\/prototehas\/\" \/>\n<meta property=\"article:modified_time\" content=\"2024-06-25T12:01:43+00:00\" \/>\n<meta name=\"twitter:card\" content=\"summary_large_image\" \/>\n<meta name=\"twitter:label1\" content=\"Est. reading time\" \/>\n\t<meta name=\"twitter:data1\" content=\"2 minutes\" \/>\n<script type=\"application\/ld+json\" class=\"yoast-schema-graph\">{\"@context\":\"https:\/\/schema.org\",\"@graph\":[{\"@type\":\"WebPage\",\"@id\":\"https:\/\/www.prototehas.ee\/lv\/grupam\/\",\"url\":\"https:\/\/www.prototehas.ee\/lv\/grupam\/\",\"name\":\"K\u00fclastus gruppidele - Ekskursioon - PROTO avastustehas\",\"isPartOf\":{\"@id\":\"https:\/\/www.prototehas.ee\/lv\/#website\"},\"datePublished\":\"2019-11-06T08:15:05+00:00\",\"dateModified\":\"2024-06-25T12:01:43+00:00\",\"description\":\"PROTO avastustehase ekskursioon viib teid tutvuma endise allveelaeva tehase ajalooga. Pane kokku grupp ja tulge seiklema. \u27a4 Vaata l\u00e4hemalt!\",\"breadcrumb\":{\"@id\":\"https:\/\/www.prototehas.ee\/lv\/grupam\/#breadcrumb\"},\"inLanguage\":\"lv-LV\",\"potentialAction\":[{\"@type\":\"ReadAction\",\"target\":[\"https:\/\/www.prototehas.ee\/lv\/grupam\/\"]}]},{\"@type\":\"BreadcrumbList\",\"@id\":\"https:\/\/www.prototehas.ee\/lv\/grupam\/#breadcrumb\",\"itemListElement\":[{\"@type\":\"ListItem\",\"position\":1,\"name\":\"Avaleht\",\"item\":\"https:\/\/www.prototehas.ee\/lv\/\"},{\"@type\":\"ListItem\",\"position\":2,\"name\":\"GRUP\u0100M\"}]},{\"@type\":\"WebSite\",\"@id\":\"https:\/\/www.prototehas.ee\/lv\/#website\",\"url\":\"https:\/\/www.prototehas.ee\/lv\/\",\"name\":\"PROTO avastustehas\",\"description\":\"Where science meets fantasy\",\"publisher\":{\"@id\":\"https:\/\/www.prototehas.ee\/lv\/#organization\"},\"potentialAction\":[{\"@type\":\"SearchAction\",\"target\":{\"@type\":\"EntryPoint\",\"urlTemplate\":\"https:\/\/www.prototehas.ee\/lv\/?s={search_term_string}\"},\"query-input\":{\"@type\":\"PropertyValueSpecification\",\"valueRequired\":true,\"valueName\":\"search_term_string\"}}],\"inLanguage\":\"lv-LV\"},{\"@type\":\"Organization\",\"@id\":\"https:\/\/www.prototehas.ee\/lv\/#organization\",\"name\":\"PROTO avastustehas\",\"url\":\"https:\/\/www.prototehas.ee\/lv\/\",\"logo\":{\"@type\":\"ImageObject\",\"inLanguage\":\"lv-LV\",\"@id\":\"https:\/\/www.prototehas.ee\/lv\/#\/schema\/logo\/image\/\",\"url\":\"https:\/\/www.prototehas.ee\/wp-content\/uploads\/2019\/10\/prototehas_logo_et_2.svg\",\"contentUrl\":\"https:\/\/www.prototehas.ee\/wp-content\/uploads\/2019\/10\/prototehas_logo_et_2.svg\",\"width\":100,\"height\":100,\"caption\":\"PROTO avastustehas\"},\"image\":{\"@id\":\"https:\/\/www.prototehas.ee\/lv\/#\/schema\/logo\/image\/\"},\"sameAs\":[\"https:\/\/www.facebook.com\/prototehas\/\"]}]}<\/script>\n<!-- \/ Yoast SEO plugin. -->","yoast_head_json":{"title":"K\u00fclastus gruppidele - Ekskursioon - PROTO avastustehas","description":"PROTO avastustehase ekskursioon viib teid tutvuma endise allveelaeva tehase ajalooga. Pane kokku grupp ja tulge seiklema. \u27a4 Vaata l\u00e4hemalt!","robots":{"index":"index","follow":"follow","max-snippet":"max-snippet:-1","max-image-preview":"max-image-preview:large","max-video-preview":"max-video-preview:-1"},"canonical":"https:\/\/www.prototehas.ee\/lv\/grupam\/","og_locale":"lv_LV","og_type":"article","og_title":"K\u00fclastus gruppidele - Ekskursioon - PROTO avastustehas","og_description":"PROTO avastustehase ekskursioon viib teid tutvuma endise allveelaeva tehase ajalooga. Pane kokku grupp ja tulge seiklema. \u27a4 Vaata l\u00e4hemalt!","og_url":"https:\/\/www.prototehas.ee\/lv\/grupam\/","og_site_name":"PROTO avastustehas","article_publisher":"https:\/\/www.facebook.com\/prototehas\/","article_modified_time":"2024-06-25T12:01:43+00:00","twitter_card":"summary_large_image","twitter_misc":{"Est. reading time":"2 minutes"},"schema":{"@context":"https:\/\/schema.org","@graph":[{"@type":"WebPage","@id":"https:\/\/www.prototehas.ee\/lv\/grupam\/","url":"https:\/\/www.prototehas.ee\/lv\/grupam\/","name":"K\u00fclastus gruppidele - Ekskursioon - PROTO avastustehas","isPartOf":{"@id":"https:\/\/www.prototehas.ee\/lv\/#website"},"datePublished":"2019-11-06T08:15:05+00:00","dateModified":"2024-06-25T12:01:43+00:00","description":"PROTO avastustehase ekskursioon viib teid tutvuma endise allveelaeva tehase ajalooga. Pane kokku grupp ja tulge seiklema. \u27a4 Vaata l\u00e4hemalt!","breadcrumb":{"@id":"https:\/\/www.prototehas.ee\/lv\/grupam\/#breadcrumb"},"inLanguage":"lv-LV","potentialAction":[{"@type":"ReadAction","target":["https:\/\/www.prototehas.ee\/lv\/grupam\/"]}]},{"@type":"BreadcrumbList","@id":"https:\/\/www.prototehas.ee\/lv\/grupam\/#breadcrumb","itemListElement":[{"@type":"ListItem","position":1,"name":"Avaleht","item":"https:\/\/www.prototehas.ee\/lv\/"},{"@type":"ListItem","position":2,"name":"GRUP\u0100M"}]},{"@type":"WebSite","@id":"https:\/\/www.prototehas.ee\/lv\/#website","url":"https:\/\/www.prototehas.ee\/lv\/","name":"PROTO avastustehas","description":"Where science meets fantasy","publisher":{"@id":"https:\/\/www.prototehas.ee\/lv\/#organization"},"potentialAction":[{"@type":"SearchAction","target":{"@type":"EntryPoint","urlTemplate":"https:\/\/www.prototehas.ee\/lv\/?s={search_term_string}"},"query-input":{"@type":"PropertyValueSpecification","valueRequired":true,"valueName":"search_term_string"}}],"inLanguage":"lv-LV"},{"@type":"Organization","@id":"https:\/\/www.prototehas.ee\/lv\/#organization","name":"PROTO avastustehas","url":"https:\/\/www.prototehas.ee\/lv\/","logo":{"@type":"ImageObject","inLanguage":"lv-LV","@id":"https:\/\/www.prototehas.ee\/lv\/#\/schema\/logo\/image\/","url":"https:\/\/www.prototehas.ee\/wp-content\/uploads\/2019\/10\/prototehas_logo_et_2.svg","contentUrl":"https:\/\/www.prototehas.ee\/wp-content\/uploads\/2019\/10\/prototehas_logo_et_2.svg","width":100,"height":100,"caption":"PROTO avastustehas"},"image":{"@id":"https:\/\/www.prototehas.ee\/lv\/#\/schema\/logo\/image\/"},"sameAs":["https:\/\/www.facebook.com\/prototehas\/"]}]}},"_links":{"self":[{"href":"https:\/\/www.prototehas.ee\/lv\/wp-json\/wp\/v2\/pages\/28589","targetHints":{"allow":["GET"]}}],"collection":[{"href":"https:\/\/www.prototehas.ee\/lv\/wp-json\/wp\/v2\/pages"}],"about":[{"href":"https:\/\/www.prototehas.ee\/lv\/wp-json\/wp\/v2\/types\/page"}],"author":[{"embeddable":true,"href":"https:\/\/www.prototehas.ee\/lv\/wp-json\/wp\/v2\/users\/15"}],"replies":[{"embeddable":true,"href":"https:\/\/www.prototehas.ee\/lv\/wp-json\/wp\/v2\/comments?post=28589"}],"version-history":[{"count":5,"href":"https:\/\/www.prototehas.ee\/lv\/wp-json\/wp\/v2\/pages\/28589\/revisions"}],"predecessor-version":[{"id":29683,"href":"https:\/\/www.prototehas.ee\/lv\/wp-json\/wp\/v2\/pages\/28589\/revisions\/29683"}],"wp:attachment":[{"href":"https:\/\/www.prototehas.ee\/lv\/wp-json\/wp\/v2\/media?parent=28589"}],"curies":[{"name":"wp","href":"https:\/\/api.w.org\/{rel}","templated":true}]}}