{"id":28660,"date":"2024-04-26T06:20:07","date_gmt":"2024-04-26T06:20:07","guid":{"rendered":"http:\/\/protodev.ee\/kupsised\/"},"modified":"2024-07-09T10:54:06","modified_gmt":"2024-07-09T10:54:06","slug":"sikakumi","status":"publish","type":"page","link":"https:\/\/www.prototehas.ee\/lv\/sikakumi\/","title":{"rendered":"S\u012aK\u0100KUMI"},"content":{"rendered":"[et_pb_section fb_built=&#8221;1&#8243; _builder_version=&#8221;4.24.2&#8243; _module_preset=&#8221;default&#8221; global_colors_info=&#8221;{}&#8221;][et_pb_row _builder_version=&#8221;4.24.2&#8243; _module_preset=&#8221;default&#8221; global_colors_info=&#8221;{}&#8221;][et_pb_column type=&#8221;4_4&#8243; _builder_version=&#8221;4.24.2&#8243; _module_preset=&#8221;default&#8221; global_colors_info=&#8221;{}&#8221;][et_pb_text _builder_version=&#8221;4.24.2&#8243; _module_preset=&#8221;default&#8221; global_colors_info=&#8221;{}&#8221;]<h3>1. S\u012aKDEK\u013bU IZMANTO\u0160ANA PROTOTEHAS.EE VIETN\u0112<\/h3>\n<p>1. S\u012bkdatnes<\/p>\n<p>Vietne prototehas.ee izmanto t\u0101 saukt\u0101s s\u012bkdatnes. S\u012bkdatnes ir inform\u0101cija, kas tiek p\u0101rvietota no vietnes vai tre\u0161\u0101s puses t\u012bmek\u013ca servera uz lietot\u0101ja t\u012bmek\u013ca p\u0101rl\u016bkprogrammu, lai v\u0113l\u0101k to var\u0113tu tur atrast. S\u012bkfaili var b\u016bt nelieli faili vai citi datu uzglab\u0101\u0161anas l\u012bdzek\u013ci.<\/p>\n<p>Ar s\u012bkdat\u0146u pal\u012bdz\u012bbu m\u0101jaslap\u0101 eso\u0161o inform\u0101ciju un pied\u0101v\u0101jumus var saska\u0146ot apmekl\u0113t\u0101ja vajadz\u012bb\u0101m. S\u012bkdatnes \u013cauj PROTO atpaz\u012bt apmekl\u0113t\u0101jus. \u0160\u0101das atpaz\u012b\u0161anas m\u0113r\u0137is ir atvieglot apmekl\u0113t\u0101jam vietnes prototehas.ee lieto\u0161anu.<\/p>\n<p>Prototehas.ee izmanto pagaidu s\u012bkdatnes. Aizverot p\u0101rl\u016bkprogrammu, tie tiek autom\u0101tiski izdz\u0113sti. Tie jo \u012bpa\u0161i ietver sesijas s\u012bkfailus. Sesijas s\u012bkdatn\u0113s tiek saglab\u0101ts t\u0101 sauktais sesijas ID, ar kuru da\u017e\u0101die apmekl\u0113t\u0101ja p\u0101rl\u016bkprogrammas piepras\u012bjumi tiek apvienoti kop\u0113j\u0101 sesij\u0101. T\u0101d\u0101 veid\u0101 apmekl\u0113t\u0101ja datoru var atpaz\u012bt, kad vi\u0146\u0161 atgrie\u017eas vietn\u0113. Ar \u0161\u0101du s\u012bkdat\u0146u pal\u012bdz\u012bbu prototehas.ee var nodro\u0161in\u0101t vietnes darb\u012bbu un funkcijas.<\/p>\n<p>Turkl\u0101t tiek izmantotas ar\u012b past\u0101v\u012bg\u0101s s\u012bkdatnes. Tie paliek apmekl\u0113t\u0101ja datora cietaj\u0101 disk\u0101 ar\u012b p\u0113c sesijas beig\u0101m. Pirmk\u0101rt, \u0161\u012bs s\u012bkdatnes pal\u012bdz PROTO padar\u012bt savus pied\u0101v\u0101jumus lietot\u0101jam draudz\u012bgus.<\/p>\n<p>Bezpersonisk\u0101s s\u012bkdatnes nep\u0101rs\u016bta personas datus PROTO. Tie ir, piem\u0113ram, statistikas s\u012bkfaili. Vi\u0146i anon\u012bmi apkopo un zi\u0146o inform\u0101ciju, pal\u012bdzot PROTO saprast, k\u0101 apmekl\u0113t\u0101ji r\u012bkojas vietn\u0113.<\/p>\n<p>Ar rekl\u0101mas partneru starpniec\u012bbu prototehas.ee ievieto sludin\u0101jumus cit\u0101s interneta vietn\u0113s, lai apmekl\u0113t\u0101jam r\u0101d\u012btu tikai t\u0101dus sludin\u0101jumus, kas vi\u0146u re\u0101li interes\u0113. \u0160aj\u0101 proces\u0101 tiek izmantotas t\u0101 saukt\u0101s \u0161\u0101du rekl\u0101mas partneru tre\u0161o pu\u0161u s\u012bkdatnes, kuras apmekl\u0113juma laik\u0101 uzst\u0101da prototehas.ee un nolasa atbilsto\u0161ais rekl\u0101mas partneris. Tre\u0161\u0101s puses s\u012bkfaili ir pagaidu faili, kas tiek glab\u0101ti apmekl\u0113t\u0101ja p\u0101rl\u016bkprogramm\u0101 ne ilg\u0101k k\u0101 540 dienas p\u0113c p\u0113d\u0113j\u0101s lapas apmekl\u0113juma un p\u0113c tam autom\u0101tiski beidzas.<\/p>\n<p>Apmekl\u0113t\u0101js var apskat\u012bt un izdz\u0113st sav\u0101 dator\u0101 saglab\u0101t\u0101s s\u012bkdatnes, k\u0101 ar\u012b konfigur\u0113t to apstr\u0101di sav\u0101 p\u0101rl\u016bkprogrammas iestat\u012bjumos. Pla\u0161\u0101ku inform\u0101ciju var ieg\u016bt no ra\u017eot\u0101ja vai t\u012bmek\u013ca p\u0101rl\u016bkprogrammas funkcij\u0101.<\/p>\n<p>S\u012bkdat\u0146u at\u013cau\u0161ana nav priek\u0161noteikums prototehas.ee lieto\u0161anai. Liel\u0101k\u0101 da\u013ca t\u012bmek\u013ca p\u0101rl\u016bkprogrammu autom\u0101tiski iesp\u0113jo s\u012bkfailus. Ja apmekl\u0113t\u0101js to nev\u0113las, vi\u0146\u0161 var iestat\u012bt savu p\u0101rl\u016bkprogrammu t\u0101, lai t\u0101 vi\u0146u inform\u0113tu par s\u012bkdatn\u0113m un at\u013cautu t\u0101s at\u013caut katr\u0101 konkr\u0113taj\u0101 gad\u012bjum\u0101. Varat ar\u012b iestat\u012bt savu p\u0101rl\u016bkprogrammu t\u0101, lai j\u016bsu dators nesaglab\u0101 s\u012bkfailus vai nes\u016bta br\u012bdin\u0101jumu, kad tiek sa\u0146emts jauns s\u012bkfails. Da\u017eas p\u0101rl\u016bkprogrammas pied\u0101v\u0101, piem\u0113ram, iesp\u0113ju iesp\u0113jot pirm\u0101s puses s\u012bkfailus, bet blo\u0137\u0113t tre\u0161\u0101s puses s\u012bkfailus.<\/p>\n<p>Turkl\u0101t jau iesp\u0113jotos s\u012bkfailus vienm\u0113r var izdz\u0113st, izmantojot t\u012bmek\u013ca p\u0101rl\u016bkprogrammu vai citu programmat\u016bras programmu. Tas ir iesp\u0113jams vis\u0101s liel\u0101kaj\u0101s t\u012bmek\u013ca p\u0101rl\u016bkprogramm\u0101s. Apmekl\u0113t\u0101js savas t\u012bmek\u013ca p\u0101rl\u016bkprogrammas iestat\u012bjumos var iestat\u012bt visp\u0101r\u012bgu s\u012bkdat\u0146u blo\u0137\u0113\u0161anu. S\u012bkdat\u0146u blo\u0137\u0113\u0161ana var noz\u012bm\u0113t, ka tie\u0161saistes pied\u0101v\u0101jumu funkcijas ir ierobe\u017eotas.<\/p>\n<p>1.2 Detaliz\u0113t\u0101ku inform\u0101ciju par vietn\u0113 izmantotaj\u0101m s\u012bkdatn\u0113m varat atrast tabul\u0101:<\/p>\n<figure class=\"wp-block-table\">\n<table>\n<tbody>\n<tr>\n<td>Cepuma nosaukums<\/td>\n<td>Der\u012bguma termi\u0146\u0161<\/td>\n<td>Apraksts<\/td>\n<td>Apstr\u0101d\u0101jamie dati<\/td>\n<\/tr>\n<tr>\n<td>_gcl_au<\/td>\n<td>90 dienas<\/td>\n<td>Izmanto rekl\u0101mu rekl\u0101mguvumu anal\u012bzei<\/td>\n<td><\/td>\n<\/tr>\n<tr>\n<td>google_adsense_settings<\/td>\n<td>Notur\u012bgs<\/td>\n<td>Izmanto, lai uzlabotu rekl\u0101mas pakalpojumus<\/td>\n<td><\/td>\n<\/tr>\n<tr>\n<td>ar _<\/td>\n<td>2 gadi<\/td>\n<td>Izmanto, lai at\u0161\u0137irtu lietot\u0101jus un sesijas<\/td>\n<td>T\u012bmek\u013ca p\u0101rl\u016bkprogramma un ier\u012bce, kuru izmantojat<\/td>\n<\/tr>\n<tr>\n<td>wp-wpml_pa\u0161reiz\u0113j\u0101 valoda<\/td>\n<td>1 diena<\/td>\n<td>Izmanto, lai saglab\u0101tu valodas preferences<\/td>\n<td>Valodas izv\u0113le<\/td>\n<\/tr>\n<tr>\n<td>cmplz_banner-status<\/td>\n<td>1 gads<\/td>\n<td>Izmanto, lai saglab\u0101tu s\u012bkdat\u0146u lieto\u0161anas preferences<\/td>\n<td>S\u012bkfailu izv\u0113les izv\u0113le<\/td>\n<\/tr>\n<\/tbody>\n<\/table>\n<\/figure>\n<p>1.3 S\u012bkdatnes var no\u0146emt vai blo\u0137\u0113t no ier\u012bces jebkur\u0101 laik\u0101. Pie\u0146emot l\u0113mumu blo\u0137\u0113t s\u012bkfailus, var netikt garant\u0113ta pilna vietnes funkcionalit\u0101te un izmanto\u0161ana.<\/p>\n<p>1.4 Noder\u012bgas saites par s\u012bkfailiem:<\/p>\n<p>1.4.1. Papildinform\u0101ciju par Google Analytics s\u012bkfailiem var atrast vietn\u0113 <a href=\"https:\/\/developers.google.com\/analytics\/devguides\/collection\/analyticsjs\/cookie-usage?hl=et\">https:\/\/developers.google.com\/analytics\/devguides\/collection\/analyticsjs\/cookie-usage?hl=lv<\/a> .<\/p>\n<p>1.4.2 Lai blo\u0137\u0113tu Google Analytics s\u012bkfailus, ir iesp\u0113jams instal\u0113t p\u0101rl\u016bkprogrammas papildin\u0101jumu, kas atrodams vietn\u0113: <a href=\"https:\/\/tools.google.com\/dlpage\/gaoptout\">https:\/\/tools.google.com\/dlpage\/gaoptout<\/a> .<\/p>\n<p>1.4.3 Papildu inform\u0101ciju par s\u012bkdat\u0146u izmanto\u0161anu un no\u0146em\u0161anu var atrast vietn\u0113: <a href=\"https:\/\/allaboutcookies.org\/how-to-manage-cookies\">https:\/\/allaboutcookies.org\/how-to-manage-cookies<\/a> .<\/p>[\/et_pb_text][\/et_pb_column][\/et_pb_row][\/et_pb_section]<span class=\"et_bloom_bottom_trigger\"><\/span>","protected":false},"excerpt":{"rendered":"<p>1. S\u012aKDEK\u013bU IZMANTO\u0160ANA PROTOTEHAS.EE VIETN\u0112 1. S\u012bkdatnes Vietne prototehas.ee izmanto t\u0101 saukt\u0101s s\u012bkdatnes. S\u012bkdatnes ir inform\u0101cija, kas tiek p\u0101rvietota no vietnes vai tre\u0161\u0101s puses t\u012bmek\u013ca servera uz lietot\u0101ja t\u012bmek\u013ca p\u0101rl\u016bkprogrammu, lai v\u0113l\u0101k to var\u0113tu tur atrast. S\u012bkfaili var b\u016bt nelieli faili vai citi datu uzglab\u0101\u0161anas l\u012bdzek\u013ci. Ar s\u012bkdat\u0146u pal\u012bdz\u012bbu m\u0101jaslap\u0101 eso\u0161o inform\u0101ciju un pied\u0101v\u0101jumus var [&hellip;]<\/p>\n","protected":false},"author":21,"featured_media":0,"parent":0,"menu_order":0,"comment_status":"closed","ping_status":"closed","template":"","meta":{"_acf_changed":false,"_et_pb_use_builder":"on","_et_pb_old_content":"","_et_gb_content_width":"","inline_featured_image":false,"footnotes":""},"class_list":["post-28660","page","type-page","status-publish","hentry"],"acf":[],"yoast_head":"<!-- This site is optimized with the Yoast SEO plugin v26.9 - https:\/\/yoast.com\/product\/yoast-seo-wordpress\/ -->\n<title>S\u012aK\u0100KUMI - PROTO avastustehas<\/title>\n<meta name=\"robots\" content=\"index, follow, max-snippet:-1, max-image-preview:large, max-video-preview:-1\" \/>\n<link rel=\"canonical\" href=\"https:\/\/www.prototehas.ee\/lv\/sikakumi\/\" \/>\n<meta property=\"og:locale\" content=\"lv_LV\" \/>\n<meta property=\"og:type\" content=\"article\" \/>\n<meta property=\"og:title\" content=\"S\u012aK\u0100KUMI - PROTO avastustehas\" \/>\n<meta property=\"og:description\" content=\"1. S\u012aKDEK\u013bU IZMANTO\u0160ANA PROTOTEHAS.EE VIETN\u0112 1. S\u012bkdatnes Vietne prototehas.ee izmanto t\u0101 saukt\u0101s s\u012bkdatnes. S\u012bkdatnes ir inform\u0101cija, kas tiek p\u0101rvietota no vietnes vai tre\u0161\u0101s puses t\u012bmek\u013ca servera uz lietot\u0101ja t\u012bmek\u013ca p\u0101rl\u016bkprogrammu, lai v\u0113l\u0101k to var\u0113tu tur atrast. S\u012bkfaili var b\u016bt nelieli faili vai citi datu uzglab\u0101\u0161anas l\u012bdzek\u013ci. Ar s\u012bkdat\u0146u pal\u012bdz\u012bbu m\u0101jaslap\u0101 eso\u0161o inform\u0101ciju un pied\u0101v\u0101jumus var [&hellip;]\" \/>\n<meta property=\"og:url\" content=\"https:\/\/www.prototehas.ee\/lv\/sikakumi\/\" \/>\n<meta property=\"og:site_name\" content=\"PROTO avastustehas\" \/>\n<meta property=\"article:publisher\" content=\"https:\/\/www.facebook.com\/prototehas\/\" \/>\n<meta property=\"article:modified_time\" content=\"2024-07-09T10:54:06+00:00\" \/>\n<meta name=\"twitter:card\" content=\"summary_large_image\" \/>\n<meta name=\"twitter:label1\" content=\"Est. reading time\" \/>\n\t<meta name=\"twitter:data1\" content=\"3 minutes\" \/>\n<script type=\"application\/ld+json\" class=\"yoast-schema-graph\">{\"@context\":\"https:\/\/schema.org\",\"@graph\":[{\"@type\":\"WebPage\",\"@id\":\"https:\/\/www.prototehas.ee\/lv\/sikakumi\/\",\"url\":\"https:\/\/www.prototehas.ee\/lv\/sikakumi\/\",\"name\":\"S\u012aK\u0100KUMI - PROTO avastustehas\",\"isPartOf\":{\"@id\":\"https:\/\/www.prototehas.ee\/lv\/#website\"},\"datePublished\":\"2024-04-26T06:20:07+00:00\",\"dateModified\":\"2024-07-09T10:54:06+00:00\",\"breadcrumb\":{\"@id\":\"https:\/\/www.prototehas.ee\/lv\/sikakumi\/#breadcrumb\"},\"inLanguage\":\"lv-LV\",\"potentialAction\":[{\"@type\":\"ReadAction\",\"target\":[\"https:\/\/www.prototehas.ee\/lv\/sikakumi\/\"]}]},{\"@type\":\"BreadcrumbList\",\"@id\":\"https:\/\/www.prototehas.ee\/lv\/sikakumi\/#breadcrumb\",\"itemListElement\":[{\"@type\":\"ListItem\",\"position\":1,\"name\":\"Avaleht\",\"item\":\"https:\/\/www.prototehas.ee\/lv\/\"},{\"@type\":\"ListItem\",\"position\":2,\"name\":\"S\u012aK\u0100KUMI\"}]},{\"@type\":\"WebSite\",\"@id\":\"https:\/\/www.prototehas.ee\/lv\/#website\",\"url\":\"https:\/\/www.prototehas.ee\/lv\/\",\"name\":\"PROTO avastustehas\",\"description\":\"Where science meets fantasy\",\"publisher\":{\"@id\":\"https:\/\/www.prototehas.ee\/lv\/#organization\"},\"potentialAction\":[{\"@type\":\"SearchAction\",\"target\":{\"@type\":\"EntryPoint\",\"urlTemplate\":\"https:\/\/www.prototehas.ee\/lv\/?s={search_term_string}\"},\"query-input\":{\"@type\":\"PropertyValueSpecification\",\"valueRequired\":true,\"valueName\":\"search_term_string\"}}],\"inLanguage\":\"lv-LV\"},{\"@type\":\"Organization\",\"@id\":\"https:\/\/www.prototehas.ee\/lv\/#organization\",\"name\":\"PROTO avastustehas\",\"url\":\"https:\/\/www.prototehas.ee\/lv\/\",\"logo\":{\"@type\":\"ImageObject\",\"inLanguage\":\"lv-LV\",\"@id\":\"https:\/\/www.prototehas.ee\/lv\/#\/schema\/logo\/image\/\",\"url\":\"https:\/\/www.prototehas.ee\/wp-content\/uploads\/2019\/10\/prototehas_logo_et_2.svg\",\"contentUrl\":\"https:\/\/www.prototehas.ee\/wp-content\/uploads\/2019\/10\/prototehas_logo_et_2.svg\",\"width\":100,\"height\":100,\"caption\":\"PROTO avastustehas\"},\"image\":{\"@id\":\"https:\/\/www.prototehas.ee\/lv\/#\/schema\/logo\/image\/\"},\"sameAs\":[\"https:\/\/www.facebook.com\/prototehas\/\"]}]}<\/script>\n<!-- \/ Yoast SEO plugin. -->","yoast_head_json":{"title":"S\u012aK\u0100KUMI - PROTO avastustehas","robots":{"index":"index","follow":"follow","max-snippet":"max-snippet:-1","max-image-preview":"max-image-preview:large","max-video-preview":"max-video-preview:-1"},"canonical":"https:\/\/www.prototehas.ee\/lv\/sikakumi\/","og_locale":"lv_LV","og_type":"article","og_title":"S\u012aK\u0100KUMI - PROTO avastustehas","og_description":"1. S\u012aKDEK\u013bU IZMANTO\u0160ANA PROTOTEHAS.EE VIETN\u0112 1. S\u012bkdatnes Vietne prototehas.ee izmanto t\u0101 saukt\u0101s s\u012bkdatnes. S\u012bkdatnes ir inform\u0101cija, kas tiek p\u0101rvietota no vietnes vai tre\u0161\u0101s puses t\u012bmek\u013ca servera uz lietot\u0101ja t\u012bmek\u013ca p\u0101rl\u016bkprogrammu, lai v\u0113l\u0101k to var\u0113tu tur atrast. S\u012bkfaili var b\u016bt nelieli faili vai citi datu uzglab\u0101\u0161anas l\u012bdzek\u013ci. Ar s\u012bkdat\u0146u pal\u012bdz\u012bbu m\u0101jaslap\u0101 eso\u0161o inform\u0101ciju un pied\u0101v\u0101jumus var [&hellip;]","og_url":"https:\/\/www.prototehas.ee\/lv\/sikakumi\/","og_site_name":"PROTO avastustehas","article_publisher":"https:\/\/www.facebook.com\/prototehas\/","article_modified_time":"2024-07-09T10:54:06+00:00","twitter_card":"summary_large_image","twitter_misc":{"Est. reading time":"3 minutes"},"schema":{"@context":"https:\/\/schema.org","@graph":[{"@type":"WebPage","@id":"https:\/\/www.prototehas.ee\/lv\/sikakumi\/","url":"https:\/\/www.prototehas.ee\/lv\/sikakumi\/","name":"S\u012aK\u0100KUMI - PROTO avastustehas","isPartOf":{"@id":"https:\/\/www.prototehas.ee\/lv\/#website"},"datePublished":"2024-04-26T06:20:07+00:00","dateModified":"2024-07-09T10:54:06+00:00","breadcrumb":{"@id":"https:\/\/www.prototehas.ee\/lv\/sikakumi\/#breadcrumb"},"inLanguage":"lv-LV","potentialAction":[{"@type":"ReadAction","target":["https:\/\/www.prototehas.ee\/lv\/sikakumi\/"]}]},{"@type":"BreadcrumbList","@id":"https:\/\/www.prototehas.ee\/lv\/sikakumi\/#breadcrumb","itemListElement":[{"@type":"ListItem","position":1,"name":"Avaleht","item":"https:\/\/www.prototehas.ee\/lv\/"},{"@type":"ListItem","position":2,"name":"S\u012aK\u0100KUMI"}]},{"@type":"WebSite","@id":"https:\/\/www.prototehas.ee\/lv\/#website","url":"https:\/\/www.prototehas.ee\/lv\/","name":"PROTO avastustehas","description":"Where science meets fantasy","publisher":{"@id":"https:\/\/www.prototehas.ee\/lv\/#organization"},"potentialAction":[{"@type":"SearchAction","target":{"@type":"EntryPoint","urlTemplate":"https:\/\/www.prototehas.ee\/lv\/?s={search_term_string}"},"query-input":{"@type":"PropertyValueSpecification","valueRequired":true,"valueName":"search_term_string"}}],"inLanguage":"lv-LV"},{"@type":"Organization","@id":"https:\/\/www.prototehas.ee\/lv\/#organization","name":"PROTO avastustehas","url":"https:\/\/www.prototehas.ee\/lv\/","logo":{"@type":"ImageObject","inLanguage":"lv-LV","@id":"https:\/\/www.prototehas.ee\/lv\/#\/schema\/logo\/image\/","url":"https:\/\/www.prototehas.ee\/wp-content\/uploads\/2019\/10\/prototehas_logo_et_2.svg","contentUrl":"https:\/\/www.prototehas.ee\/wp-content\/uploads\/2019\/10\/prototehas_logo_et_2.svg","width":100,"height":100,"caption":"PROTO avastustehas"},"image":{"@id":"https:\/\/www.prototehas.ee\/lv\/#\/schema\/logo\/image\/"},"sameAs":["https:\/\/www.facebook.com\/prototehas\/"]}]}},"_links":{"self":[{"href":"https:\/\/www.prototehas.ee\/lv\/wp-json\/wp\/v2\/pages\/28660","targetHints":{"allow":["GET"]}}],"collection":[{"href":"https:\/\/www.prototehas.ee\/lv\/wp-json\/wp\/v2\/pages"}],"about":[{"href":"https:\/\/www.prototehas.ee\/lv\/wp-json\/wp\/v2\/types\/page"}],"author":[{"embeddable":true,"href":"https:\/\/www.prototehas.ee\/lv\/wp-json\/wp\/v2\/users\/21"}],"replies":[{"embeddable":true,"href":"https:\/\/www.prototehas.ee\/lv\/wp-json\/wp\/v2\/comments?post=28660"}],"version-history":[{"count":4,"href":"https:\/\/www.prototehas.ee\/lv\/wp-json\/wp\/v2\/pages\/28660\/revisions"}],"predecessor-version":[{"id":30736,"href":"https:\/\/www.prototehas.ee\/lv\/wp-json\/wp\/v2\/pages\/28660\/revisions\/30736"}],"wp:attachment":[{"href":"https:\/\/www.prototehas.ee\/lv\/wp-json\/wp\/v2\/media?parent=28660"}],"curies":[{"name":"wp","href":"https:\/\/api.w.org\/{rel}","templated":true}]}}