{"id":28676,"date":"2020-11-23T12:22:46","date_gmt":"2020-11-23T12:22:46","guid":{"rendered":"http:\/\/protodev.ee\/kinkekaart\/"},"modified":"2025-08-19T09:05:52","modified_gmt":"2025-08-19T09:05:52","slug":"davanu-karte","status":"publish","type":"page","link":"https:\/\/www.prototehas.ee\/lv\/davanu-karte\/","title":{"rendered":"DAVANU KARTE"},"content":{"rendered":"[et_pb_section fb_built=&#8221;1&#8243; _builder_version=&#8221;4.16&#8243; background_image=&#8221;https:\/\/www.prototehas.ee\/wp-content\/uploads\/2019\/11\/Fujifilm_Panorama3.jpg&#8221; custom_margin=&#8221;0px||||false|false&#8221; custom_padding=&#8221;13em||13em||true|false&#8221; global_colors_info=&#8221;{}&#8221;][\/et_pb_section][et_pb_section fb_built=&#8221;1&#8243; _builder_version=&#8221;4.16&#8243; background_enable_image=&#8221;off&#8221; global_colors_info=&#8221;{}&#8221;][et_pb_row admin_label=&#8221;Main heading&#8221; _builder_version=&#8221;4.24.2&#8243; _module_preset=&#8221;default&#8221; custom_padding=&#8221;||0px|||&#8221; global_colors_info=&#8221;{}&#8221;][et_pb_column type=&#8221;4_4&#8243; _builder_version=&#8221;4.24.2&#8243; _module_preset=&#8221;default&#8221; global_colors_info=&#8221;{}&#8221;][et_pb_heading title=&#8221;PROTO D\u0100VANU KARTE&#8221; _builder_version=&#8221;4.24.2&#8243; _module_preset=&#8221;c9a4dd29-8345-43ea-bd4d-e73ae35e5717&#8243; global_colors_info=&#8221;{}&#8221;][\/et_pb_heading][\/et_pb_column][\/et_pb_row][et_pb_row _builder_version=&#8221;4.24.2&#8243; _module_preset=&#8221;default&#8221; min_height=&#8221;103.2px&#8221; custom_padding=&#8221;|20px|11px|20px|false|false&#8221; global_colors_info=&#8221;{}&#8221;][et_pb_column type=&#8221;4_4&#8243; _builder_version=&#8221;4.24.2&#8243; _module_preset=&#8221;default&#8221; global_colors_info=&#8221;{}&#8221;][et_pb_text _builder_version=&#8221;4.24.2&#8243; _module_preset=&#8221;default&#8221; global_colors_info=&#8221;{}&#8221;]<h3 style=\"text-align: center;\">LAB\u0100K\u0100 D\u0100VANA DZIM\u0160ANAS DIEN\u0100M, ZIEMASSV\u0112TKIEM VAI CIT\u0100M SVIN\u012aB\u0100M!<\/h3>\r\n<p style=\"text-align: center;\"><strong>PROTO izp\u0113tes r\u016bpn\u012bcas d\u0101vanu karte<\/strong> ir aizraujo\u0161a un piedz\u012bvojumiem bag\u0101ta d\u0101vana gan pieaugu\u0161ajiem, gan b\u0113rniem, gan ar\u012b j\u016bsu uz\u0146\u0113muma darbiniekiem. M\u016bsu kl\u0101st\u0101 ir d\u0101vanu kartes skol\u0113niem, pieaugu\u0161ajiem un \u0123imen\u0113m. D\u0101vanu karte ir lab\u0101k\u0101 d\u0101vana, jo ikviens var apmekl\u0113t PROTO tie\u0161i tad, kad v\u0113las.<\/p>\r[\/et_pb_text][\/et_pb_column][\/et_pb_row][et_pb_row column_structure=&#8221;1_2,1_2&#8243; use_custom_gutter=&#8221;on&#8221; gutter_width=&#8221;1&#8243; make_equal=&#8221;on&#8221; admin_label=&#8221;Card Image Right&#8221; _builder_version=&#8221;4.24.2&#8243; _module_preset=&#8221;default&#8221; background_color=&#8221;#FFFFFF&#8221; custom_margin=&#8221;25px||25px||false|false&#8221; custom_padding=&#8221;0px||0px||false|false&#8221; border_radii=&#8221;on|20px|20px|20px|20px&#8221; global_colors_info=&#8221;{}&#8221; custom_css_main_element_last_edited=&#8221;on|tablet&#8221;][et_pb_column type=&#8221;1_2&#8243; _builder_version=&#8221;4.24.2&#8243; _module_preset=&#8221;default&#8221; custom_padding=&#8221;|30px||30px|false|false&#8221; global_colors_info=&#8221;{}&#8221;][et_pb_text _builder_version=&#8221;4.24.2&#8243; _module_preset=&#8221;e179c0c4-c115-407d-a110-ebe813713cd6&#8243; custom_margin=&#8221;|0px|||false|false&#8221; custom_padding=&#8221;29px||30px|0px|false|false&#8221; global_colors_info=&#8221;{}&#8221;]<p><strong>SKOL\u0112NA D\u0100VANU KARTE 11\u20ac<\/strong><br \/>Der\u012bga skol\u0113niem (7-18 gadi)<\/p>\n<p><strong>VIENA CILV\u0112KA D\u0100VANU KARTE 20\u20ac<\/strong><br \/>Der\u012bga vienam pieaugu\u0161ajam<\/p>\n<p><strong>\u0122IMENES APMEKL\u0112JUMA D\u0100VANU KARTE 40\u20ac<\/strong><\/p>\n<p>Der\u012bga \u0123imenes apmekl\u0113jumam (2 pieaugu\u0161ie un vi\u0146u nepilngad\u012bgie b\u0113rni)<\/p>\n<p>*D\u0101vanu karte ir der\u012bga vienu gadu no ieg\u0101des br\u012b\u017ea. D\u0101vanu kartes ietver visu aktivit\u0101\u0161u ekspon\u0101tu un virtu\u0101l\u0101s realit\u0101tes piedz\u012bvojumu izmanto\u0161anu.<\/p>[\/et_pb_text][\/et_pb_column][et_pb_column type=&#8221;1_2&#8243; _builder_version=&#8221;4.24.2&#8243; _module_preset=&#8221;default&#8221; global_colors_info=&#8221;{}&#8221;][et_pb_image src=&#8221;https:\/\/www.prototehas.ee\/wp-content\/uploads\/2020\/12\/Kinkekaart_crop-1.jpg&#8221; alt=&#8221;PROTO avastustehase kinkekaart&#8221; title_text=&#8221;PROTO kinkekaart&#8221; show_bottom_space=&#8221;off&#8221; module_class=&#8221;pa-full-height-image-column&#8221; _builder_version=&#8221;4.24.2&#8243; _module_preset=&#8221;default&#8221; height=&#8221;100%&#8221; global_colors_info=&#8221;{}&#8221;][\/et_pb_image][\/et_pb_column][\/et_pb_row][et_pb_row admin_label=&#8221;Eesti Maitsed&#8221; _builder_version=&#8221;4.24.2&#8243; _module_preset=&#8221;default&#8221; locked=&#8221;off&#8221; global_colors_info=&#8221;{}&#8221;][et_pb_column type=&#8221;4_4&#8243; _builder_version=&#8221;4.16&#8243; _module_preset=&#8221;default&#8221; global_colors_info=&#8221;{}&#8221;][et_pb_text _builder_version=&#8221;4.24.2&#8243; _module_preset=&#8221;e179c0c4-c115-407d-a110-ebe813713cd6&#8243; custom_padding=&#8221;|90px||90px|false|false&#8221; custom_padding_tablet=&#8221;|20px||20px|false|false&#8221; custom_padding_phone=&#8221;|0px||0px|false|false&#8221; custom_padding_last_edited=&#8221;on|tablet&#8221; global_colors_info=&#8221;{}&#8221;]<div class=\"purchase-instructions\">\n<h2>K\u0100 NOPIRKT?<\/h2>\n<p>&nbsp;<\/p>\n<p style=\"text-align: left;\">PROTO d\u0101vanu kartes var ieg\u0101d\u0101ties \u0161\u0101dos veidos:<\/p>\n<ul>\n<li style=\"text-align: left;\">Uz vietas PROTO izp\u0113tes r\u016bpn\u012bcas kas\u0113. Uz vietas ieg\u0101d\u0101joties, d\u0101vanu kartei pievienosim skaistu aploksni un ievadu bukletu. Kase ir atv\u0113rta T-P 11-18.<\/li>\n<li style=\"text-align: left;\">Nos\u016btot e-pastu uz <a href=\"mailto:info@protofactory.ee\">info@protofactory.ee<\/a>. L\u016bdzu, preciz\u0113jiet e-past\u0101 d\u0101vanu kar\u0161u veidu un daudzumu. <strong>D\u0101vanu karte tiks izsniegta PDF form\u0101t\u0101.<\/strong><\/li>\n<li style=\"text-align: left;\">Pas\u016btot no PROTO izp\u0113tes r\u016bpn\u012bcas <strong><a href=\"https:\/\/prototehas.voog.com\/kinkekaardid-ja-piletid\">e-veikala<\/a><\/strong>.<\/li>\n<li style=\"text-align: left;\"><strong><a href=\"https:\/\/www.piletilevi.ee\/eng\/tickets\/kogupere\/proto-avastustehas-462486\/\">Piletilevi.ee<\/a><\/strong><\/li>\n<\/ul>\n<\/div>[\/et_pb_text][\/et_pb_column][\/et_pb_row][\/et_pb_section]<span class=\"et_bloom_bottom_trigger\"><\/span>","protected":false},"excerpt":{"rendered":"<p>LAB\u0100K\u0100 D\u0100VANA DZIM\u0160ANAS DIEN\u0100M, ZIEMASSV\u0112TKIEM VAI CIT\u0100M SVIN\u012aB\u0100M! PROTO izp\u0113tes r\u016bpn\u012bcas d\u0101vanu karte ir aizraujo\u0161a un piedz\u012bvojumiem bag\u0101ta d\u0101vana gan pieaugu\u0161ajiem, gan b\u0113rniem, gan ar\u012b j\u016bsu uz\u0146\u0113muma darbiniekiem. M\u016bsu kl\u0101st\u0101 ir d\u0101vanu kartes skol\u0113niem, pieaugu\u0161ajiem un \u0123imen\u0113m. D\u0101vanu karte ir lab\u0101k\u0101 d\u0101vana, jo ikviens var apmekl\u0113t PROTO tie\u0161i tad, kad v\u0113las. SKOL\u0112NA D\u0100VANU KARTE 11\u20acDer\u012bga [&hellip;]<\/p>\n","protected":false},"author":15,"featured_media":0,"parent":0,"menu_order":0,"comment_status":"closed","ping_status":"closed","template":"","meta":{"_acf_changed":false,"_et_pb_use_builder":"on","_et_pb_old_content":"","_et_gb_content_width":"","inline_featured_image":false,"footnotes":""},"class_list":["post-28676","page","type-page","status-publish","hentry"],"acf":[],"yoast_head":"<!-- This site is optimized with the Yoast SEO plugin v26.9 - https:\/\/yoast.com\/product\/yoast-seo-wordpress\/ -->\n<title>Kinkekaart - Elamused suurtele ja v\u00e4ikestele - PROTO avastustehas<\/title>\n<meta name=\"description\" content=\"PROTO avastustehase kinkekaart on p\u00f5nev ja elamuslik kingitus nii t\u00e4iskasvanutele, lastele kui oma ettev\u00f5tte t\u00f6\u00f6tajatele. Loe rohkem!\" \/>\n<meta name=\"robots\" content=\"index, follow, max-snippet:-1, max-image-preview:large, max-video-preview:-1\" \/>\n<link rel=\"canonical\" href=\"https:\/\/www.prototehas.ee\/lv\/davanu-karte\/\" \/>\n<meta property=\"og:locale\" content=\"lv_LV\" \/>\n<meta property=\"og:type\" content=\"article\" \/>\n<meta property=\"og:title\" content=\"Kinkekaart - Elamused suurtele ja v\u00e4ikestele - PROTO avastustehas\" \/>\n<meta property=\"og:description\" content=\"PROTO avastustehase kinkekaart on p\u00f5nev ja elamuslik kingitus nii t\u00e4iskasvanutele, lastele kui oma ettev\u00f5tte t\u00f6\u00f6tajatele. Loe rohkem!\" \/>\n<meta property=\"og:url\" content=\"https:\/\/www.prototehas.ee\/lv\/davanu-karte\/\" \/>\n<meta property=\"og:site_name\" content=\"PROTO avastustehas\" \/>\n<meta property=\"article:publisher\" content=\"https:\/\/www.facebook.com\/prototehas\/\" \/>\n<meta property=\"article:modified_time\" content=\"2025-08-19T09:05:52+00:00\" \/>\n<meta name=\"twitter:card\" content=\"summary_large_image\" \/>\n<meta name=\"twitter:label1\" content=\"Est. reading time\" \/>\n\t<meta name=\"twitter:data1\" content=\"2 minutes\" \/>\n<script type=\"application\/ld+json\" class=\"yoast-schema-graph\">{\"@context\":\"https:\/\/schema.org\",\"@graph\":[{\"@type\":\"WebPage\",\"@id\":\"https:\/\/www.prototehas.ee\/lv\/davanu-karte\/\",\"url\":\"https:\/\/www.prototehas.ee\/lv\/davanu-karte\/\",\"name\":\"Kinkekaart - Elamused suurtele ja v\u00e4ikestele - PROTO avastustehas\",\"isPartOf\":{\"@id\":\"https:\/\/www.prototehas.ee\/lv\/#website\"},\"datePublished\":\"2020-11-23T12:22:46+00:00\",\"dateModified\":\"2025-08-19T09:05:52+00:00\",\"description\":\"PROTO avastustehase kinkekaart on p\u00f5nev ja elamuslik kingitus nii t\u00e4iskasvanutele, lastele kui oma ettev\u00f5tte t\u00f6\u00f6tajatele. Loe rohkem!\",\"breadcrumb\":{\"@id\":\"https:\/\/www.prototehas.ee\/lv\/davanu-karte\/#breadcrumb\"},\"inLanguage\":\"lv-LV\",\"potentialAction\":[{\"@type\":\"ReadAction\",\"target\":[\"https:\/\/www.prototehas.ee\/lv\/davanu-karte\/\"]}]},{\"@type\":\"BreadcrumbList\",\"@id\":\"https:\/\/www.prototehas.ee\/lv\/davanu-karte\/#breadcrumb\",\"itemListElement\":[{\"@type\":\"ListItem\",\"position\":1,\"name\":\"Avaleht\",\"item\":\"https:\/\/www.prototehas.ee\/lv\/\"},{\"@type\":\"ListItem\",\"position\":2,\"name\":\"DAVANU KARTE\"}]},{\"@type\":\"WebSite\",\"@id\":\"https:\/\/www.prototehas.ee\/lv\/#website\",\"url\":\"https:\/\/www.prototehas.ee\/lv\/\",\"name\":\"PROTO avastustehas\",\"description\":\"Where science meets fantasy\",\"publisher\":{\"@id\":\"https:\/\/www.prototehas.ee\/lv\/#organization\"},\"potentialAction\":[{\"@type\":\"SearchAction\",\"target\":{\"@type\":\"EntryPoint\",\"urlTemplate\":\"https:\/\/www.prototehas.ee\/lv\/?s={search_term_string}\"},\"query-input\":{\"@type\":\"PropertyValueSpecification\",\"valueRequired\":true,\"valueName\":\"search_term_string\"}}],\"inLanguage\":\"lv-LV\"},{\"@type\":\"Organization\",\"@id\":\"https:\/\/www.prototehas.ee\/lv\/#organization\",\"name\":\"PROTO avastustehas\",\"url\":\"https:\/\/www.prototehas.ee\/lv\/\",\"logo\":{\"@type\":\"ImageObject\",\"inLanguage\":\"lv-LV\",\"@id\":\"https:\/\/www.prototehas.ee\/lv\/#\/schema\/logo\/image\/\",\"url\":\"https:\/\/www.prototehas.ee\/wp-content\/uploads\/2019\/10\/prototehas_logo_et_2.svg\",\"contentUrl\":\"https:\/\/www.prototehas.ee\/wp-content\/uploads\/2019\/10\/prototehas_logo_et_2.svg\",\"width\":100,\"height\":100,\"caption\":\"PROTO avastustehas\"},\"image\":{\"@id\":\"https:\/\/www.prototehas.ee\/lv\/#\/schema\/logo\/image\/\"},\"sameAs\":[\"https:\/\/www.facebook.com\/prototehas\/\"]}]}<\/script>\n<!-- \/ Yoast SEO plugin. -->","yoast_head_json":{"title":"Kinkekaart - Elamused suurtele ja v\u00e4ikestele - PROTO avastustehas","description":"PROTO avastustehase kinkekaart on p\u00f5nev ja elamuslik kingitus nii t\u00e4iskasvanutele, lastele kui oma ettev\u00f5tte t\u00f6\u00f6tajatele. Loe rohkem!","robots":{"index":"index","follow":"follow","max-snippet":"max-snippet:-1","max-image-preview":"max-image-preview:large","max-video-preview":"max-video-preview:-1"},"canonical":"https:\/\/www.prototehas.ee\/lv\/davanu-karte\/","og_locale":"lv_LV","og_type":"article","og_title":"Kinkekaart - Elamused suurtele ja v\u00e4ikestele - PROTO avastustehas","og_description":"PROTO avastustehase kinkekaart on p\u00f5nev ja elamuslik kingitus nii t\u00e4iskasvanutele, lastele kui oma ettev\u00f5tte t\u00f6\u00f6tajatele. Loe rohkem!","og_url":"https:\/\/www.prototehas.ee\/lv\/davanu-karte\/","og_site_name":"PROTO avastustehas","article_publisher":"https:\/\/www.facebook.com\/prototehas\/","article_modified_time":"2025-08-19T09:05:52+00:00","twitter_card":"summary_large_image","twitter_misc":{"Est. reading time":"2 minutes"},"schema":{"@context":"https:\/\/schema.org","@graph":[{"@type":"WebPage","@id":"https:\/\/www.prototehas.ee\/lv\/davanu-karte\/","url":"https:\/\/www.prototehas.ee\/lv\/davanu-karte\/","name":"Kinkekaart - Elamused suurtele ja v\u00e4ikestele - PROTO avastustehas","isPartOf":{"@id":"https:\/\/www.prototehas.ee\/lv\/#website"},"datePublished":"2020-11-23T12:22:46+00:00","dateModified":"2025-08-19T09:05:52+00:00","description":"PROTO avastustehase kinkekaart on p\u00f5nev ja elamuslik kingitus nii t\u00e4iskasvanutele, lastele kui oma ettev\u00f5tte t\u00f6\u00f6tajatele. Loe rohkem!","breadcrumb":{"@id":"https:\/\/www.prototehas.ee\/lv\/davanu-karte\/#breadcrumb"},"inLanguage":"lv-LV","potentialAction":[{"@type":"ReadAction","target":["https:\/\/www.prototehas.ee\/lv\/davanu-karte\/"]}]},{"@type":"BreadcrumbList","@id":"https:\/\/www.prototehas.ee\/lv\/davanu-karte\/#breadcrumb","itemListElement":[{"@type":"ListItem","position":1,"name":"Avaleht","item":"https:\/\/www.prototehas.ee\/lv\/"},{"@type":"ListItem","position":2,"name":"DAVANU KARTE"}]},{"@type":"WebSite","@id":"https:\/\/www.prototehas.ee\/lv\/#website","url":"https:\/\/www.prototehas.ee\/lv\/","name":"PROTO avastustehas","description":"Where science meets fantasy","publisher":{"@id":"https:\/\/www.prototehas.ee\/lv\/#organization"},"potentialAction":[{"@type":"SearchAction","target":{"@type":"EntryPoint","urlTemplate":"https:\/\/www.prototehas.ee\/lv\/?s={search_term_string}"},"query-input":{"@type":"PropertyValueSpecification","valueRequired":true,"valueName":"search_term_string"}}],"inLanguage":"lv-LV"},{"@type":"Organization","@id":"https:\/\/www.prototehas.ee\/lv\/#organization","name":"PROTO avastustehas","url":"https:\/\/www.prototehas.ee\/lv\/","logo":{"@type":"ImageObject","inLanguage":"lv-LV","@id":"https:\/\/www.prototehas.ee\/lv\/#\/schema\/logo\/image\/","url":"https:\/\/www.prototehas.ee\/wp-content\/uploads\/2019\/10\/prototehas_logo_et_2.svg","contentUrl":"https:\/\/www.prototehas.ee\/wp-content\/uploads\/2019\/10\/prototehas_logo_et_2.svg","width":100,"height":100,"caption":"PROTO avastustehas"},"image":{"@id":"https:\/\/www.prototehas.ee\/lv\/#\/schema\/logo\/image\/"},"sameAs":["https:\/\/www.facebook.com\/prototehas\/"]}]}},"_links":{"self":[{"href":"https:\/\/www.prototehas.ee\/lv\/wp-json\/wp\/v2\/pages\/28676","targetHints":{"allow":["GET"]}}],"collection":[{"href":"https:\/\/www.prototehas.ee\/lv\/wp-json\/wp\/v2\/pages"}],"about":[{"href":"https:\/\/www.prototehas.ee\/lv\/wp-json\/wp\/v2\/types\/page"}],"author":[{"embeddable":true,"href":"https:\/\/www.prototehas.ee\/lv\/wp-json\/wp\/v2\/users\/15"}],"replies":[{"embeddable":true,"href":"https:\/\/www.prototehas.ee\/lv\/wp-json\/wp\/v2\/comments?post=28676"}],"version-history":[{"count":5,"href":"https:\/\/www.prototehas.ee\/lv\/wp-json\/wp\/v2\/pages\/28676\/revisions"}],"predecessor-version":[{"id":34828,"href":"https:\/\/www.prototehas.ee\/lv\/wp-json\/wp\/v2\/pages\/28676\/revisions\/34828"}],"wp:attachment":[{"href":"https:\/\/www.prototehas.ee\/lv\/wp-json\/wp\/v2\/media?parent=28676"}],"curies":[{"name":"wp","href":"https:\/\/api.w.org\/{rel}","templated":true}]}}