{"id":28699,"date":"2024-05-27T13:35:46","date_gmt":"2024-05-27T13:35:46","guid":{"rendered":"http:\/\/protodev.ee\/konverentsi-ja-seminariruumid\/"},"modified":"2024-07-24T14:09:56","modified_gmt":"2024-07-24T14:09:56","slug":"konferencu-un-seminaru-telpas","status":"publish","type":"page","link":"https:\/\/www.prototehas.ee\/lv\/konferencu-un-seminaru-telpas\/","title":{"rendered":"KONFEREN\u010cU UN SEMIN\u0100RU TELPAS"},"content":{"rendered":"[et_pb_section fb_built=&#8221;1&#8243; _builder_version=&#8221;4.16&#8243; background_color=&#8221;#fff0d9&#8243; background_enable_image=&#8221;off&#8221; custom_margin=&#8221;||||false|false&#8221; custom_padding=&#8221;54px|||||&#8221; locked=&#8221;off&#8221; global_colors_info=&#8221;{}&#8221;][et_pb_row admin_label=&#8221;Eesti Maitsed&#8221; _builder_version=&#8221;4.24.2&#8243; _module_preset=&#8221;default&#8221; locked=&#8221;off&#8221; global_colors_info=&#8221;{}&#8221;][et_pb_column type=&#8221;4_4&#8243; _builder_version=&#8221;4.16&#8243; _module_preset=&#8221;default&#8221; global_colors_info=&#8221;{}&#8221;][et_pb_heading title=&#8221;KONFEREN\u010cU UN SEMIN\u0100RU TELPAS&#8221; _builder_version=&#8221;4.24.2&#8243; _module_preset=&#8221;c9a4dd29-8345-43ea-bd4d-e73ae35e5717&#8243; global_colors_info=&#8221;{}&#8221;][\/et_pb_heading][et_pb_text _builder_version=&#8221;4.24.2&#8243; _module_preset=&#8221;e179c0c4-c115-407d-a110-ebe813713cd6&#8243; custom_padding=&#8221;|90px||90px|false|false&#8221; custom_padding_tablet=&#8221;|20px||20px|false|false&#8221; custom_padding_phone=&#8221;|0px||0px|false|false&#8221; custom_padding_last_edited=&#8221;on|tablet&#8221; hover_enabled=&#8221;0&#8243; global_colors_info=&#8221;{}&#8221; sticky_enabled=&#8221;0&#8243;]<p>Laipni l\u016bdzam m\u016bsu unik\u0101laj\u0101s konferen\u010du un semin\u0101ru telp\u0101s, kur katrs pas\u0101kums k\u013c\u016bst par neaizmirstamu piedz\u012bvojumu! M\u016bsu telpas atrodas v\u0113sturisk\u0101 r\u016bpnieciskaj\u0101 \u0113k\u0101 \u0101tri att\u012bst\u0101m\u0101 piej\u016bras pils\u0113tas da\u013c\u0101, pied\u0101v\u0101jot lielisku vidi gan maziem san\u0101k\u0161an\u0101m, gan lieliem svin\u012bgiem pas\u0101kumiem.<\/p>\n<p><strong>PROTO atkl\u0101jumu r\u016bpn\u012bcas ekspoz\u012bciju z\u0101le<\/strong> ar 1245 m2 ir lieliska izv\u0113le lielu pas\u0101kumu, piem\u0113ram, konferen\u010du un gala vakari\u0146u organiz\u0113\u0161anai. <strong>Pantera z\u0101l<\/strong>e ar 266 m2 pied\u0101v\u0101 int\u012bm\u0101ku atmosf\u0113ru un ir ide\u0101li piem\u0113rota semin\u0101riem, apm\u0101c\u012bb\u0101m un darbn\u012bc\u0101m, apr\u012bkota ar augst\u0101k\u0101 l\u012bme\u0146a audio un video tehniku.<\/p>\n<p>Turkl\u0101t mums ir <strong>m\u0101c\u012bbu klases<\/strong>, kas \u012bpa\u0161i paredz\u0113tas izgl\u012bt\u012bbas pas\u0101kumiem, piem\u0113ram, apm\u0101c\u012bb\u0101m un darbn\u012bc\u0101m. \u0160\u012bs klases ir apr\u012bkotas ar m\u016bsdien\u012bgu tehnolo\u0123iju un ir lieliski piem\u0113rotas maz\u0101kiem, interakt\u012bviem pas\u0101kumiem, nodro\u0161inot visu nepiecie\u0161amo efekt\u012bvam un saisto\u0161am m\u0101c\u012bbu procesam.<\/p>\n<p style=\"text-align: center;\"><strong><b>REZERV\u0112\u0160ANA:<\/b><br \/><a href=\"mailto:booking@protofactory.ee\">booking@protofactory.ee<\/a><br \/>+372 53 620 400<\/strong><\/p>[\/et_pb_text][\/et_pb_column][\/et_pb_row][et_pb_row column_structure=&#8221;1_2,1_2&#8243; admin_label=&#8221;Card Image Left&#8221; _builder_version=&#8221;4.24.2&#8243; _module_preset=&#8221;90498953-537a-45d8-96c9-83e32ef8ef4e&#8221; custom_margin=&#8221;25px||25px||false|false&#8221; saved_tabs=&#8221;all&#8221; global_colors_info=&#8221;{}&#8221;][et_pb_column type=&#8221;1_2&#8243; _builder_version=&#8221;4.24.2&#8243; _module_preset=&#8221;default&#8221; global_colors_info=&#8221;{}&#8221;][et_pb_image src=&#8221;https:\/\/www.prototehas.ee\/wp-content\/uploads\/2024\/05\/Toomas_TuulECB1_21.02.2023-scaled.jpg&#8221; alt=&#8221;Pantera saali konverents&#8221; title_text=&#8221;Pantera saal 3&#8243; url=&#8221;https:\/\/www.prototehas.ee\/lv\/pantera-zale\/&#8221; show_bottom_space=&#8221;off&#8221; module_class=&#8221;pa-full-height-image-column&#8221; _builder_version=&#8221;4.24.2&#8243; _module_preset=&#8221;default&#8221; height=&#8221;100%&#8221; hover_enabled=&#8221;0&#8243; global_colors_info=&#8221;{}&#8221; sticky_enabled=&#8221;0&#8243;][\/et_pb_image][\/et_pb_column][et_pb_column type=&#8221;1_2&#8243; _builder_version=&#8221;4.24.2&#8243; _module_preset=&#8221;default&#8221; custom_padding=&#8221;|30px||30px|false|false&#8221; global_colors_info=&#8221;{}&#8221;][et_pb_heading title=&#8221;Z\u0100LE \u201cPANTERA\u201d&#8221; _builder_version=&#8221;4.24.2&#8243; _module_preset=&#8221;default&#8221; title_font=&#8221;Amsi Pro Cond Bold|||on|||||&#8221; title_text_align=&#8221;center&#8221; background_color=&#8221;rgba(255,255,255,0)&#8221; custom_margin=&#8221;30px||0px||false|false&#8221; global_colors_info=&#8221;{}&#8221;][\/et_pb_heading][et_pb_text _builder_version=&#8221;4.24.2&#8243; _module_preset=&#8221;e179c0c4-c115-407d-a110-ebe813713cd6&#8243; custom_margin=&#8221;|0px|||false|false&#8221; custom_padding=&#8221;32px||30px|20px|false|false&#8221; global_colors_info=&#8221;{}&#8221;]<p>Pantera z\u0101le ar t\u0101s augstajiem griestiem, lielajiem iespaid\u012bgajiem logiem, v\u0113sturiskaj\u0101m deta\u013c\u0101m un 19. gadsimta ori\u0123in\u0101lo gr\u012bdas segumu der\u0113s tiem , kuri mekl\u0113 patiesu r\u016bpn\u012bcas atmosf\u0113ru. Izmantojot dekorat\u012bvo apgaismojumu ir iep\u0113jams z\u0101li p\u0101rveidot par aizraujo\u0161u konferen\u010du vai balles norises vietu.<\/p>[\/et_pb_text][et_pb_button button_url=&#8221;https:\/\/www.prototehas.ee\/lv\/pantera-zale\/&#8221; button_text=&#8221;LAS\u012aT T\u0100L\u0100K&#8221; button_alignment=&#8221;center&#8221; _builder_version=&#8221;4.24.2&#8243; _module_preset=&#8221;f68e210a-7307-4655-825f-63256ae554ce&#8221; custom_margin=&#8221;||30px||false|false&#8221; hover_enabled=&#8221;0&#8243; global_colors_info=&#8221;{}&#8221; sticky_enabled=&#8221;0&#8243;][\/et_pb_button][\/et_pb_column][\/et_pb_row][et_pb_row column_structure=&#8221;1_2,1_2&#8243; use_custom_gutter=&#8221;on&#8221; gutter_width=&#8221;1&#8243; make_equal=&#8221;on&#8221; admin_label=&#8221;Card Image Right&#8221; _builder_version=&#8221;4.24.2&#8243; _module_preset=&#8221;default&#8221; background_color=&#8221;#FFFFFF&#8221; custom_margin=&#8221;25px||25px||false|false&#8221; custom_padding=&#8221;0px||0px||false|false&#8221; border_radii=&#8221;on|20px|20px|20px|20px&#8221; locked=&#8221;off&#8221; global_colors_info=&#8221;{}&#8221; custom_css_main_element_last_edited=&#8221;on|tablet&#8221;][et_pb_column type=&#8221;1_2&#8243; _builder_version=&#8221;4.24.2&#8243; _module_preset=&#8221;default&#8221; custom_padding=&#8221;|30px||30px|false|false&#8221; global_colors_info=&#8221;{}&#8221;][et_pb_heading title=&#8221;M\u0100C\u012aBU KLASE \u201cLEOPARD\u201d&#8221; _builder_version=&#8221;4.24.2&#8243; _module_preset=&#8221;default&#8221; title_font=&#8221;Amsi Pro Cond Bold|||on|||||&#8221; title_text_align=&#8221;center&#8221; background_color=&#8221;rgba(255,255,255,0)&#8221; custom_margin=&#8221;30px||0px||false|false&#8221; global_colors_info=&#8221;{}&#8221;][\/et_pb_heading][et_pb_text _builder_version=&#8221;4.24.2&#8243; _module_preset=&#8221;e179c0c4-c115-407d-a110-ebe813713cd6&#8243; custom_margin=&#8221;|0px|||false|false&#8221; custom_padding=&#8221;35px|40px|30px|40px|false|false&#8221; global_colors_info=&#8221;{}&#8221;]<p style=\"text-align: center;\">M\u0101j\u012bga m\u0101c\u012bbu klase atrodas PROTO atkl\u0101jumu r\u016bpn\u012bcas otrj\u0101 st\u0101v\u0101 un ir piem\u0113rota gan sapul\u010du, semin\u0101ru un dzim\u0161anas dienu r\u012bko\u0161anai, gan ar\u012b izgl\u012btojo\u0161o programmu norisei. Telp\u0101 ir pieejams projektors un ekr\u0101ns, ar\u012b balt\u0101s t\u0101feles un rakst\u0101mr\u012bki.<\/p>[\/et_pb_text][et_pb_button button_url=&#8221;https:\/\/www.prototehas.ee\/lv\/macibu-klase-leopard\/&#8221; button_text=&#8221;LAS\u012aT T\u0100L\u0100K&#8221; button_alignment=&#8221;center&#8221; _builder_version=&#8221;4.24.2&#8243; _module_preset=&#8221;f68e210a-7307-4655-825f-63256ae554ce&#8221; custom_margin=&#8221;||30px||false|false&#8221; hover_enabled=&#8221;0&#8243; global_colors_info=&#8221;{}&#8221; sticky_enabled=&#8221;0&#8243;][\/et_pb_button][\/et_pb_column][et_pb_column type=&#8221;1_2&#8243; _builder_version=&#8221;4.24.2&#8243; _module_preset=&#8221;default&#8221; global_colors_info=&#8221;{}&#8221;][et_pb_image src=&#8221;https:\/\/www.prototehas.ee\/wp-content\/uploads\/2024\/07\/LEOPARD-2-scaled-4.jpeg&#8221; title_text=&#8221;LEOPARD-2-scaled&#8221; show_bottom_space=&#8221;off&#8221; module_class=&#8221;pa-full-height-image-column&#8221; _builder_version=&#8221;4.24.2&#8243; _module_preset=&#8221;default&#8221; height=&#8221;100%&#8221; hover_enabled=&#8221;0&#8243; global_colors_info=&#8221;{}&#8221; sticky_enabled=&#8221;0&#8243; url=&#8221;https:\/\/www.prototehas.ee\/lv\/macibu-klase-leopard\/&#8221;][\/et_pb_image][\/et_pb_column][\/et_pb_row][et_pb_row column_structure=&#8221;1_2,1_2&#8243; admin_label=&#8221;Card Image Left&#8221; _builder_version=&#8221;4.24.2&#8243; _module_preset=&#8221;90498953-537a-45d8-96c9-83e32ef8ef4e&#8221; custom_margin=&#8221;25px||25px||false|false&#8221; saved_tabs=&#8221;all&#8221; locked=&#8221;off&#8221; global_colors_info=&#8221;{}&#8221;][et_pb_column type=&#8221;1_2&#8243; _builder_version=&#8221;4.24.2&#8243; _module_preset=&#8221;default&#8221; global_colors_info=&#8221;{}&#8221;][et_pb_image src=&#8221;https:\/\/www.prototehas.ee\/wp-content\/uploads\/2024\/05\/TIGR-seminariruum-PROTO-1-scaled.jpg&#8221; title_text=&#8221;TIGR seminariruum PROTO&#8221; show_bottom_space=&#8221;off&#8221; module_class=&#8221;pa-full-height-image-column&#8221; _builder_version=&#8221;4.24.2&#8243; _module_preset=&#8221;default&#8221; height=&#8221;100%&#8221; hover_enabled=&#8221;0&#8243; global_colors_info=&#8221;{}&#8221; url=&#8221;https:\/\/www.prototehas.ee\/lv\/macibu-klase-tigr\/&#8221; sticky_enabled=&#8221;0&#8243;][\/et_pb_image][\/et_pb_column][et_pb_column type=&#8221;1_2&#8243; _builder_version=&#8221;4.24.2&#8243; _module_preset=&#8221;default&#8221; custom_padding=&#8221;|30px||30px|false|false&#8221; global_colors_info=&#8221;{}&#8221;][et_pb_heading title=&#8221;M\u0100C\u012aBU KLASE \u201cTIGR\u201d&#8221; _builder_version=&#8221;4.24.2&#8243; _module_preset=&#8221;default&#8221; title_font=&#8221;Amsi Pro Cond Bold|||on|||||&#8221; title_text_align=&#8221;center&#8221; background_color=&#8221;rgba(255,255,255,0)&#8221; custom_margin=&#8221;30px||0px||false|false&#8221; global_colors_info=&#8221;{}&#8221;][\/et_pb_heading][et_pb_text _builder_version=&#8221;4.24.2&#8243; _module_preset=&#8221;e179c0c4-c115-407d-a110-ebe813713cd6&#8243; custom_margin=&#8221;|0px|||false|false&#8221; custom_padding=&#8221;32px||30px|20px|false|false&#8221; global_colors_info=&#8221;{}&#8221;]<p>M\u0101j\u012bga m\u0101c\u012bbu klase atrodas PROTO atkl\u0101jumu r\u016bpn\u012bcas otrj\u0101 st\u0101v\u0101 un ir piem\u0113rota gan sapul\u010du, semin\u0101ru un dzim\u0161anas dienu r\u012bko\u0161anai, gan ar\u012b izgl\u012btojo\u0161o programmu norisei. Telp\u0101 ir pieejams projektors un ekr\u0101ns, ar\u012b balt\u0101s t\u0101feles un rakst\u0101mr\u012bki.<\/p>[\/et_pb_text][et_pb_button button_url=&#8221;https:\/\/www.prototehas.ee\/lv\/macibu-klase-tigr\/&#8221; button_text=&#8221;LAS\u012aT T\u0100L\u0100K&#8221; button_alignment=&#8221;center&#8221; _builder_version=&#8221;4.24.2&#8243; _module_preset=&#8221;f68e210a-7307-4655-825f-63256ae554ce&#8221; custom_margin=&#8221;||30px||false|false&#8221; hover_enabled=&#8221;0&#8243; global_colors_info=&#8221;{}&#8221; sticky_enabled=&#8221;0&#8243;][\/et_pb_button][\/et_pb_column][\/et_pb_row][et_pb_row column_structure=&#8221;1_2,1_2&#8243; use_custom_gutter=&#8221;on&#8221; gutter_width=&#8221;1&#8243; make_equal=&#8221;on&#8221; admin_label=&#8221;Card Image Right&#8221; _builder_version=&#8221;4.24.2&#8243; _module_preset=&#8221;default&#8221; background_color=&#8221;#FFFFFF&#8221; custom_margin=&#8221;25px||25px||false|false&#8221; custom_padding=&#8221;0px||0px||false|false&#8221; border_radii=&#8221;on|20px|20px|20px|20px&#8221; locked=&#8221;off&#8221; global_colors_info=&#8221;{}&#8221; custom_css_main_element_last_edited=&#8221;on|tablet&#8221;][et_pb_column type=&#8221;1_2&#8243; _builder_version=&#8221;4.24.2&#8243; _module_preset=&#8221;default&#8221; custom_padding=&#8221;|30px||30px|false|false&#8221; global_colors_info=&#8221;{}&#8221;][et_pb_heading title=&#8221;M\u0100C\u012aBU KLASE \u201cJAGUAR\u201d&#8221; _builder_version=&#8221;4.24.2&#8243; _module_preset=&#8221;default&#8221; title_font=&#8221;Amsi Pro Cond Bold|||on|||||&#8221; title_text_align=&#8221;center&#8221; background_color=&#8221;rgba(255,255,255,0)&#8221; custom_margin=&#8221;30px||0px||false|false&#8221; global_colors_info=&#8221;{}&#8221;][\/et_pb_heading][et_pb_text _builder_version=&#8221;4.24.2&#8243; _module_preset=&#8221;e179c0c4-c115-407d-a110-ebe813713cd6&#8243; custom_margin=&#8221;|0px|||false|false&#8221; custom_padding=&#8221;35px||30px|20px|false|false&#8221; global_colors_info=&#8221;{}&#8221;]<p style=\"text-align: center;\">M\u0101j\u012bga m\u0101c\u012bbu klase atrodas PROTO atkl\u0101jumu r\u016bpn\u012bcas otrj\u0101 st\u0101v\u0101 un ir piem\u0113rota gan sapul\u010du, semin\u0101ru un dzim\u0161anas dienu r\u012bko\u0161anai, gan ar\u012b izgl\u012btojo\u0161o programmu norisei. Telp\u0101 ir pieejams ar\u012b balt\u0101s t\u0101feles un rakst\u0101mr\u012bki. Telpa ir ar dienas apgaismojumu.<\/p>[\/et_pb_text][et_pb_button button_url=&#8221;https:\/\/www.prototehas.ee\/lv\/jaguar\/&#8221; button_text=&#8221;LAS\u012aT T\u0100L\u0100K&#8221; button_alignment=&#8221;center&#8221; _builder_version=&#8221;4.24.2&#8243; _module_preset=&#8221;f68e210a-7307-4655-825f-63256ae554ce&#8221; custom_margin=&#8221;||30px||false|false&#8221; hover_enabled=&#8221;0&#8243; global_colors_info=&#8221;{}&#8221; sticky_enabled=&#8221;0&#8243;][\/et_pb_button][\/et_pb_column][et_pb_column type=&#8221;1_2&#8243; _builder_version=&#8221;4.24.2&#8243; _module_preset=&#8221;default&#8221; global_colors_info=&#8221;{}&#8221;][et_pb_image src=&#8221;https:\/\/www.prototehas.ee\/wp-content\/uploads\/2024\/05\/Jaguar-3-scaled.jpg&#8221; title_text=&#8221;Jaguar 3&#8243; show_bottom_space=&#8221;off&#8221; module_class=&#8221;pa-full-height-image-column&#8221; _builder_version=&#8221;4.24.2&#8243; _module_preset=&#8221;default&#8221; height=&#8221;100%&#8221; hover_enabled=&#8221;0&#8243; global_colors_info=&#8221;{}&#8221; url=&#8221;https:\/\/www.prototehas.ee\/lv\/jaguar\/&#8221; sticky_enabled=&#8221;0&#8243;][\/et_pb_image][\/et_pb_column][\/et_pb_row][et_pb_row _builder_version=&#8221;4.16&#8243; min_height=&#8221;142px&#8221; custom_padding=&#8221;||0px|||&#8221; locked=&#8221;off&#8221; global_colors_info=&#8221;{}&#8221;][et_pb_column type=&#8221;4_4&#8243; _builder_version=&#8221;4.16&#8243; global_colors_info=&#8221;{}&#8221;][et_pb_text module_class=&#8221;regular-text&#8221; _builder_version=&#8221;4.16&#8243; text_font=&#8221;Amsi Pro Narrow Regular||||||||&#8221; text_text_color=&#8221;#000000&#8243; text_line_height=&#8221;21px&#8221; min_height=&#8221;58px&#8221; locked=&#8221;off&#8221; global_colors_info=&#8221;{}&#8221;]<ul>\n<li><em><span>Telpu ietilp\u012bba ir orient\u0113jo\u0161a un ir atkar\u012bga no pas\u0101kuma tipa, k\u0101 ar\u012b kr\u0113slu, galdu un skatuves izvietojuma.<\/span><\/em><\/li>\n<li><em><span>Konferen\u010du telp\u0101s pieejams ekr\u0101ns, projektors, pap\u012bra lok\u0161\u0146u stat\u012bvs ar t\u0101feli, galdi un kr\u0113sli.<\/span><\/em><\/li>\n<li><em><span>Vis\u0101s telp\u0101s pieejama dienasgaisma, tom\u0113r logus iesp\u0113jams aptum\u0161ot.<\/span><\/em><\/li>\n<\/ul>\n<p>&nbsp;<\/p>[\/et_pb_text][et_pb_text _builder_version=&#8221;4.24.2&#8243; _module_preset=&#8221;e179c0c4-c115-407d-a110-ebe813713cd6&#8243; custom_padding=&#8221;|90px||90px|false|false&#8221; custom_padding_tablet=&#8221;|20px||20px|false|false&#8221; custom_padding_phone=&#8221;|0px||0px|false|false&#8221; custom_padding_last_edited=&#8221;on|tablet&#8221; global_colors_info=&#8221;{}&#8221;]<p style=\"text-align: center;\"><strong><b>REZERV\u0112\u0160ANA:<\/b><br \/><a href=\"mailto:booking@protofactory.ee\">booking@protofactory.ee<\/a><br \/>+372 53 620 400<\/strong><\/p>[\/et_pb_text][\/et_pb_column][\/et_pb_row][\/et_pb_section]<span class=\"et_bloom_bottom_trigger\"><\/span>","protected":false},"excerpt":{"rendered":"<p>Laipni l\u016bdzam m\u016bsu unik\u0101laj\u0101s konferen\u010du un semin\u0101ru telp\u0101s, kur katrs pas\u0101kums k\u013c\u016bst par neaizmirstamu piedz\u012bvojumu! M\u016bsu telpas atrodas v\u0113sturisk\u0101 r\u016bpnieciskaj\u0101 \u0113k\u0101 \u0101tri att\u012bst\u0101m\u0101 piej\u016bras pils\u0113tas da\u013c\u0101, pied\u0101v\u0101jot lielisku vidi gan maziem san\u0101k\u0161an\u0101m, gan lieliem svin\u012bgiem pas\u0101kumiem. PROTO atkl\u0101jumu r\u016bpn\u012bcas ekspoz\u012bciju z\u0101le ar 1245 m2 ir lieliska izv\u0113le lielu pas\u0101kumu, piem\u0113ram, konferen\u010du un gala vakari\u0146u organiz\u0113\u0161anai. [&hellip;]<\/p>\n","protected":false},"author":19,"featured_media":0,"parent":0,"menu_order":0,"comment_status":"closed","ping_status":"closed","template":"","meta":{"_acf_changed":false,"_et_pb_use_builder":"on","_et_pb_old_content":"","_et_gb_content_width":"","inline_featured_image":false,"footnotes":""},"class_list":["post-28699","page","type-page","status-publish","hentry"],"acf":[],"yoast_head":"<!-- This site is optimized with the Yoast SEO plugin v26.9 - https:\/\/yoast.com\/product\/yoast-seo-wordpress\/ -->\n<title>KONFEREN\u010cU UN SEMIN\u0100RU TELPAS - PROTO avastustehas<\/title>\n<meta name=\"robots\" content=\"index, follow, max-snippet:-1, max-image-preview:large, max-video-preview:-1\" \/>\n<link rel=\"canonical\" href=\"https:\/\/www.prototehas.ee\/lv\/konferencu-un-seminaru-telpas\/\" \/>\n<meta property=\"og:locale\" content=\"lv_LV\" \/>\n<meta property=\"og:type\" content=\"article\" \/>\n<meta property=\"og:title\" content=\"KONFEREN\u010cU UN SEMIN\u0100RU TELPAS - PROTO avastustehas\" \/>\n<meta property=\"og:description\" content=\"Laipni l\u016bdzam m\u016bsu unik\u0101laj\u0101s konferen\u010du un semin\u0101ru telp\u0101s, kur katrs pas\u0101kums k\u013c\u016bst par neaizmirstamu piedz\u012bvojumu! M\u016bsu telpas atrodas v\u0113sturisk\u0101 r\u016bpnieciskaj\u0101 \u0113k\u0101 \u0101tri att\u012bst\u0101m\u0101 piej\u016bras pils\u0113tas da\u013c\u0101, pied\u0101v\u0101jot lielisku vidi gan maziem san\u0101k\u0161an\u0101m, gan lieliem svin\u012bgiem pas\u0101kumiem. PROTO atkl\u0101jumu r\u016bpn\u012bcas ekspoz\u012bciju z\u0101le ar 1245 m2 ir lieliska izv\u0113le lielu pas\u0101kumu, piem\u0113ram, konferen\u010du un gala vakari\u0146u organiz\u0113\u0161anai. [&hellip;]\" \/>\n<meta property=\"og:url\" content=\"https:\/\/www.prototehas.ee\/lv\/konferencu-un-seminaru-telpas\/\" \/>\n<meta property=\"og:site_name\" content=\"PROTO avastustehas\" \/>\n<meta property=\"article:publisher\" content=\"https:\/\/www.facebook.com\/prototehas\/\" \/>\n<meta property=\"article:modified_time\" content=\"2024-07-24T14:09:56+00:00\" \/>\n<meta name=\"twitter:card\" content=\"summary_large_image\" \/>\n<meta name=\"twitter:label1\" content=\"Est. reading time\" \/>\n\t<meta name=\"twitter:data1\" content=\"4 minutes\" \/>\n<script type=\"application\/ld+json\" class=\"yoast-schema-graph\">{\"@context\":\"https:\/\/schema.org\",\"@graph\":[{\"@type\":\"WebPage\",\"@id\":\"https:\/\/www.prototehas.ee\/lv\/konferencu-un-seminaru-telpas\/\",\"url\":\"https:\/\/www.prototehas.ee\/lv\/konferencu-un-seminaru-telpas\/\",\"name\":\"KONFEREN\u010cU UN SEMIN\u0100RU TELPAS - PROTO avastustehas\",\"isPartOf\":{\"@id\":\"https:\/\/www.prototehas.ee\/lv\/#website\"},\"datePublished\":\"2024-05-27T13:35:46+00:00\",\"dateModified\":\"2024-07-24T14:09:56+00:00\",\"breadcrumb\":{\"@id\":\"https:\/\/www.prototehas.ee\/lv\/konferencu-un-seminaru-telpas\/#breadcrumb\"},\"inLanguage\":\"lv-LV\",\"potentialAction\":[{\"@type\":\"ReadAction\",\"target\":[\"https:\/\/www.prototehas.ee\/lv\/konferencu-un-seminaru-telpas\/\"]}]},{\"@type\":\"BreadcrumbList\",\"@id\":\"https:\/\/www.prototehas.ee\/lv\/konferencu-un-seminaru-telpas\/#breadcrumb\",\"itemListElement\":[{\"@type\":\"ListItem\",\"position\":1,\"name\":\"Avaleht\",\"item\":\"https:\/\/www.prototehas.ee\/lv\/\"},{\"@type\":\"ListItem\",\"position\":2,\"name\":\"KONFEREN\u010cU UN SEMIN\u0100RU TELPAS\"}]},{\"@type\":\"WebSite\",\"@id\":\"https:\/\/www.prototehas.ee\/lv\/#website\",\"url\":\"https:\/\/www.prototehas.ee\/lv\/\",\"name\":\"PROTO avastustehas\",\"description\":\"Where science meets fantasy\",\"publisher\":{\"@id\":\"https:\/\/www.prototehas.ee\/lv\/#organization\"},\"potentialAction\":[{\"@type\":\"SearchAction\",\"target\":{\"@type\":\"EntryPoint\",\"urlTemplate\":\"https:\/\/www.prototehas.ee\/lv\/?s={search_term_string}\"},\"query-input\":{\"@type\":\"PropertyValueSpecification\",\"valueRequired\":true,\"valueName\":\"search_term_string\"}}],\"inLanguage\":\"lv-LV\"},{\"@type\":\"Organization\",\"@id\":\"https:\/\/www.prototehas.ee\/lv\/#organization\",\"name\":\"PROTO avastustehas\",\"url\":\"https:\/\/www.prototehas.ee\/lv\/\",\"logo\":{\"@type\":\"ImageObject\",\"inLanguage\":\"lv-LV\",\"@id\":\"https:\/\/www.prototehas.ee\/lv\/#\/schema\/logo\/image\/\",\"url\":\"https:\/\/www.prototehas.ee\/wp-content\/uploads\/2019\/10\/prototehas_logo_et_2.svg\",\"contentUrl\":\"https:\/\/www.prototehas.ee\/wp-content\/uploads\/2019\/10\/prototehas_logo_et_2.svg\",\"width\":100,\"height\":100,\"caption\":\"PROTO avastustehas\"},\"image\":{\"@id\":\"https:\/\/www.prototehas.ee\/lv\/#\/schema\/logo\/image\/\"},\"sameAs\":[\"https:\/\/www.facebook.com\/prototehas\/\"]}]}<\/script>\n<!-- \/ Yoast SEO plugin. -->","yoast_head_json":{"title":"KONFEREN\u010cU UN SEMIN\u0100RU TELPAS - PROTO avastustehas","robots":{"index":"index","follow":"follow","max-snippet":"max-snippet:-1","max-image-preview":"max-image-preview:large","max-video-preview":"max-video-preview:-1"},"canonical":"https:\/\/www.prototehas.ee\/lv\/konferencu-un-seminaru-telpas\/","og_locale":"lv_LV","og_type":"article","og_title":"KONFEREN\u010cU UN SEMIN\u0100RU TELPAS - PROTO avastustehas","og_description":"Laipni l\u016bdzam m\u016bsu unik\u0101laj\u0101s konferen\u010du un semin\u0101ru telp\u0101s, kur katrs pas\u0101kums k\u013c\u016bst par neaizmirstamu piedz\u012bvojumu! M\u016bsu telpas atrodas v\u0113sturisk\u0101 r\u016bpnieciskaj\u0101 \u0113k\u0101 \u0101tri att\u012bst\u0101m\u0101 piej\u016bras pils\u0113tas da\u013c\u0101, pied\u0101v\u0101jot lielisku vidi gan maziem san\u0101k\u0161an\u0101m, gan lieliem svin\u012bgiem pas\u0101kumiem. PROTO atkl\u0101jumu r\u016bpn\u012bcas ekspoz\u012bciju z\u0101le ar 1245 m2 ir lieliska izv\u0113le lielu pas\u0101kumu, piem\u0113ram, konferen\u010du un gala vakari\u0146u organiz\u0113\u0161anai. [&hellip;]","og_url":"https:\/\/www.prototehas.ee\/lv\/konferencu-un-seminaru-telpas\/","og_site_name":"PROTO avastustehas","article_publisher":"https:\/\/www.facebook.com\/prototehas\/","article_modified_time":"2024-07-24T14:09:56+00:00","twitter_card":"summary_large_image","twitter_misc":{"Est. reading time":"4 minutes"},"schema":{"@context":"https:\/\/schema.org","@graph":[{"@type":"WebPage","@id":"https:\/\/www.prototehas.ee\/lv\/konferencu-un-seminaru-telpas\/","url":"https:\/\/www.prototehas.ee\/lv\/konferencu-un-seminaru-telpas\/","name":"KONFEREN\u010cU UN SEMIN\u0100RU TELPAS - PROTO avastustehas","isPartOf":{"@id":"https:\/\/www.prototehas.ee\/lv\/#website"},"datePublished":"2024-05-27T13:35:46+00:00","dateModified":"2024-07-24T14:09:56+00:00","breadcrumb":{"@id":"https:\/\/www.prototehas.ee\/lv\/konferencu-un-seminaru-telpas\/#breadcrumb"},"inLanguage":"lv-LV","potentialAction":[{"@type":"ReadAction","target":["https:\/\/www.prototehas.ee\/lv\/konferencu-un-seminaru-telpas\/"]}]},{"@type":"BreadcrumbList","@id":"https:\/\/www.prototehas.ee\/lv\/konferencu-un-seminaru-telpas\/#breadcrumb","itemListElement":[{"@type":"ListItem","position":1,"name":"Avaleht","item":"https:\/\/www.prototehas.ee\/lv\/"},{"@type":"ListItem","position":2,"name":"KONFEREN\u010cU UN SEMIN\u0100RU TELPAS"}]},{"@type":"WebSite","@id":"https:\/\/www.prototehas.ee\/lv\/#website","url":"https:\/\/www.prototehas.ee\/lv\/","name":"PROTO avastustehas","description":"Where science meets fantasy","publisher":{"@id":"https:\/\/www.prototehas.ee\/lv\/#organization"},"potentialAction":[{"@type":"SearchAction","target":{"@type":"EntryPoint","urlTemplate":"https:\/\/www.prototehas.ee\/lv\/?s={search_term_string}"},"query-input":{"@type":"PropertyValueSpecification","valueRequired":true,"valueName":"search_term_string"}}],"inLanguage":"lv-LV"},{"@type":"Organization","@id":"https:\/\/www.prototehas.ee\/lv\/#organization","name":"PROTO avastustehas","url":"https:\/\/www.prototehas.ee\/lv\/","logo":{"@type":"ImageObject","inLanguage":"lv-LV","@id":"https:\/\/www.prototehas.ee\/lv\/#\/schema\/logo\/image\/","url":"https:\/\/www.prototehas.ee\/wp-content\/uploads\/2019\/10\/prototehas_logo_et_2.svg","contentUrl":"https:\/\/www.prototehas.ee\/wp-content\/uploads\/2019\/10\/prototehas_logo_et_2.svg","width":100,"height":100,"caption":"PROTO avastustehas"},"image":{"@id":"https:\/\/www.prototehas.ee\/lv\/#\/schema\/logo\/image\/"},"sameAs":["https:\/\/www.facebook.com\/prototehas\/"]}]}},"_links":{"self":[{"href":"https:\/\/www.prototehas.ee\/lv\/wp-json\/wp\/v2\/pages\/28699","targetHints":{"allow":["GET"]}}],"collection":[{"href":"https:\/\/www.prototehas.ee\/lv\/wp-json\/wp\/v2\/pages"}],"about":[{"href":"https:\/\/www.prototehas.ee\/lv\/wp-json\/wp\/v2\/types\/page"}],"author":[{"embeddable":true,"href":"https:\/\/www.prototehas.ee\/lv\/wp-json\/wp\/v2\/users\/19"}],"replies":[{"embeddable":true,"href":"https:\/\/www.prototehas.ee\/lv\/wp-json\/wp\/v2\/comments?post=28699"}],"version-history":[{"count":5,"href":"https:\/\/www.prototehas.ee\/lv\/wp-json\/wp\/v2\/pages\/28699\/revisions"}],"predecessor-version":[{"id":30996,"href":"https:\/\/www.prototehas.ee\/lv\/wp-json\/wp\/v2\/pages\/28699\/revisions\/30996"}],"wp:attachment":[{"href":"https:\/\/www.prototehas.ee\/lv\/wp-json\/wp\/v2\/media?parent=28699"}],"curies":[{"name":"wp","href":"https:\/\/api.w.org\/{rel}","templated":true}]}}