{"id":28741,"date":"2024-06-10T08:22:19","date_gmt":"2024-06-10T08:22:19","guid":{"rendered":"http:\/\/protodev.ee\/leiutajate-labor\/"},"modified":"2025-06-20T16:20:13","modified_gmt":"2025-06-20T16:20:13","slug":"izgudrotaju-laboratorija","status":"publish","type":"page","link":"https:\/\/www.prototehas.ee\/lv\/izgudrotaju-laboratorija\/","title":{"rendered":"IZGUDROT\u0100JU LABORATORIJA"},"content":{"rendered":"[et_pb_section fb_built=&#8221;1&#8243; _builder_version=&#8221;4.16&#8243; background_enable_image=&#8221;off&#8221; locked=&#8221;off&#8221; global_colors_info=&#8221;{}&#8221;][et_pb_row admin_label=&#8221;Eesti Maitsed&#8221; _builder_version=&#8221;4.24.2&#8243; _module_preset=&#8221;default&#8221; background_color=&#8221;#FFFFFF&#8221; border_radii=&#8221;on|30px|30px|30px|30px&#8221; locked=&#8221;off&#8221; global_colors_info=&#8221;{}&#8221;][et_pb_column type=&#8221;4_4&#8243; _builder_version=&#8221;4.16&#8243; _module_preset=&#8221;default&#8221; global_colors_info=&#8221;{}&#8221;][et_pb_heading title=&#8221;IZGUDROT\u0100JU LABORATORIJA&#8221; _builder_version=&#8221;4.24.2&#8243; _module_preset=&#8221;c9a4dd29-8345-43ea-bd4d-e73ae35e5717&#8243; custom_margin=&#8221;||30px||false|false&#8221; global_colors_info=&#8221;{}&#8221;][\/et_pb_heading][et_pb_text _builder_version=&#8221;4.24.2&#8243; _module_preset=&#8221;e179c0c4-c115-407d-a110-ebe813713cd6&#8243; custom_padding=&#8221;0px|90px|0px|90px|false|false&#8221; custom_padding_tablet=&#8221;|20px||20px|false|false&#8221; custom_padding_phone=&#8221;|0px||0px|false|false&#8221; custom_padding_last_edited=&#8221;on|tablet&#8221; global_colors_info=&#8221;{}&#8221;]<p><span><strong>Izgudrot\u0101ju laboratorija<\/strong> ir paredz\u0113ta ikvienam \u2013 gan lieliem, gan maziem PROTO apmekl\u0113t\u0101jiem, gan kop\u012bgam, gan individu\u0101lam darbam.<\/span><\/p>\n<p>PROTO Izgudrot\u0101ju laboratorija ir aktivit\u0101\u0161u zona, kas atrodas PROTO izst\u0101\u017eu z\u0101l\u0113, kur var pa\u0161i izgudrot, eksperiment\u0113t un apg\u016bt jaunas prasmes, izmantojot da\u017e\u0101dus instrumentus un materi\u0101lus. Aktivit\u0101tes notiek bez instruktora kl\u0101tb\u016btnes.<\/p>\n<p>M\u0113s atjaunin\u0101m 4 reizes gad\u0101 izveidot\u0101s darbn\u012bcas, kas paredz\u0113tas \u0161\u012bs probl\u0113mas risin\u0101\u0161anai.<\/p>\n<p>Teritorija ir atv\u0113rta no plkst. 11:00 l\u012bdz 18:00. \u012apa\u0161os gad\u012bjumos, kad teritorij\u0101 notiek muzeju programmas, teritorija apmekl\u0113t\u0101jiem ir sl\u0113gta.<\/p>\n<p>Izgudro\u0161ana ir jautra!<\/p>\n<p class=\"s5\"><\/p>[\/et_pb_text][\/et_pb_column][\/et_pb_row][et_pb_row admin_label=&#8221;Eesti Maitsed&#8221; _builder_version=&#8221;4.24.2&#8243; _module_preset=&#8221;default&#8221; background_color=&#8221;#FFFFFF&#8221; border_radii=&#8221;on|30px|30px|30px|30px&#8221; locked=&#8221;off&#8221; global_colors_info=&#8221;{}&#8221;][et_pb_column type=&#8221;4_4&#8243; _builder_version=&#8221;4.16&#8243; _module_preset=&#8221;default&#8221; global_colors_info=&#8221;{}&#8221;][et_pb_heading title=&#8221;Jauna atv\u0113rta darbn\u012bca&#8221; _builder_version=&#8221;4.24.2&#8243; _module_preset=&#8221;c9a4dd29-8345-43ea-bd4d-e73ae35e5717&#8243; custom_margin=&#8221;||30px||false|false&#8221; global_colors_info=&#8221;{}&#8221;][\/et_pb_heading][et_pb_text _builder_version=&#8221;4.24.2&#8243; _module_preset=&#8221;e179c0c4-c115-407d-a110-ebe813713cd6&#8243; custom_padding=&#8221;0px|90px|0px|90px|false|false&#8221; custom_padding_tablet=&#8221;|20px||20px|false|false&#8221; custom_padding_phone=&#8221;|0px||0px|false|false&#8221; custom_padding_last_edited=&#8221;on|tablet&#8221; global_colors_info=&#8221;{}&#8221;]<p class=\"s5\">Ieejiet atv\u0113rtaj\u0101 darbn\u012bc\u0101 un \u013caujiet va\u013cu izt\u0113lei! \u0160eit j\u016bs varat uzb\u016bv\u0113t savu lielisko <strong>ar gumiju darbin\u0101mo automa\u0161\u012bnu,<\/strong> izmantojot vienk\u0101r\u0161us sadz\u012bves materi\u0101lus un nedaudz nepr\u0101t\u012bgas rado\u0161uma.<\/p>\n<p class=\"s5\">Kop\u0101 m\u0113s izp\u0113t\u012bsim, k\u0101 sl\u0113pt\u0101 potenci\u0101l\u0101 ener\u0123ija p\u0101rv\u0113r\u0161as aizraujo\u0161\u0101 kust\u012bb\u0101 \u2013 caur priec\u012bgu eksperiment\u0113\u0161anu un rota\u013c\u012bgu izgudrojumu.<\/p>\n<p class=\"s5\">Izveido savu unik\u0101lo superauto, izbrauc tras\u0113 un p\u0101rbaudi, kur\u0161 sp\u0113s aizbraukt vist\u0101l\u0101k! Kas zina \u2013 varb\u016bt tie\u0161i tavs izgudrojums tiks kron\u0113ts par gumijas automa\u0161\u012bnu \u010dempionu!<\/p>\n<p class=\"s5\"><\/p>[\/et_pb_text][\/et_pb_column][\/et_pb_row][et_pb_row column_structure=&#8221;1_3,1_3,1_3&#8243; _builder_version=&#8221;4.16&#8243; _module_preset=&#8221;default&#8221; locked=&#8221;off&#8221; global_colors_info=&#8221;{}&#8221;][et_pb_column type=&#8221;1_3&#8243; _builder_version=&#8221;4.16&#8243; _module_preset=&#8221;default&#8221; global_colors_info=&#8221;{}&#8221;][et_pb_image src=&#8221;https:\/\/www.prototehas.ee\/wp-content\/uploads\/2024\/06\/22JJ1031_131.jpg&#8221; alt=&#8221;Izgudrot\u0101ju laboratorija ar \u0123imeni&#8221; title_text=&#8221;Izgudrot\u0101ju laboratorijas att\u0113ls 1&#8243; _builder_version=&#8221;4.24.2&#8243; _module_preset=&#8221;default&#8221; global_colors_info=&#8221;{}&#8221;][\/et_pb_image][\/et_pb_column][et_pb_column type=&#8221;1_3&#8243; _builder_version=&#8221;4.16&#8243; _module_preset=&#8221;default&#8221; global_colors_info=&#8221;{}&#8221;][et_pb_image src=&#8221;https:\/\/www.prototehas.ee\/wp-content\/uploads\/2024\/06\/22JJ1031_237.jpg&#8221; alt=&#8221;Da\u017e\u0101das darbn\u012bcas izgudrot\u0101ju laboratorij\u0101&#8221; title_text=&#8221;Izgudrot\u0101ju laboratorijas darbn\u012bcas&#8221; _builder_version=&#8221;4.24.2&#8243; _module_preset=&#8221;default&#8221; global_colors_info=&#8221;{}&#8221;][\/et_pb_image][\/et_pb_column][et_pb_column type=&#8221;1_3&#8243; _builder_version=&#8221;4.16&#8243; _module_preset=&#8221;default&#8221; global_colors_info=&#8221;{}&#8221;][et_pb_image src=&#8221;https:\/\/www.prototehas.ee\/wp-content\/uploads\/2023\/02\/Nimetu-kujundus.png&#8221; alt=&#8221;Izgudrot\u0101ju laboratorijas 2. semin\u0101rs&#8221; title_text=&#8221;Izgudrot\u0101ju laboratorijas 2. semin\u0101rs&#8221; _builder_version=&#8221;4.24.2&#8243; _module_preset=&#8221;default&#8221; global_colors_info=&#8221;{}&#8221;][\/et_pb_image][\/et_pb_column][\/et_pb_row][\/et_pb_section]<span class=\"et_bloom_bottom_trigger\"><\/span>","protected":false},"excerpt":{"rendered":"<p>Izgudrot\u0101ju laboratorija ir paredz\u0113ta ikvienam \u2013 gan lieliem, gan maziem PROTO apmekl\u0113t\u0101jiem, gan kop\u012bgam, gan individu\u0101lam darbam. PROTO Izgudrot\u0101ju laboratorija ir aktivit\u0101\u0161u zona, kas atrodas PROTO izst\u0101\u017eu z\u0101l\u0113, kur var pa\u0161i izgudrot, eksperiment\u0113t un apg\u016bt jaunas prasmes, izmantojot da\u017e\u0101dus instrumentus un materi\u0101lus. Aktivit\u0101tes notiek bez instruktora kl\u0101tb\u016btnes. M\u0113s atjaunin\u0101m 4 reizes gad\u0101 izveidot\u0101s darbn\u012bcas, kas [&hellip;]<\/p>\n","protected":false},"author":23,"featured_media":0,"parent":0,"menu_order":0,"comment_status":"closed","ping_status":"closed","template":"","meta":{"_acf_changed":false,"_et_pb_use_builder":"on","_et_pb_old_content":"","_et_gb_content_width":"","inline_featured_image":false,"footnotes":""},"class_list":["post-28741","page","type-page","status-publish","hentry"],"acf":[],"yoast_head":"<!-- This site is optimized with the Yoast SEO plugin v26.9 - https:\/\/yoast.com\/product\/yoast-seo-wordpress\/ -->\n<title>IZGUDROT\u0100JU LABORATORIJA \u2014 PROTO interakt\u012bva aktivit\u0101te ikvienam<\/title>\n<meta name=\"description\" content=\"Atkl\u0101jiet PROTO Izgudrot\u0101ju laboratoriju \u2014 interakt\u012bvu aktivit\u0101\u0161u zonu, kur ikviens var izgudrot un eksperiment\u0113t da\u017e\u0101d\u0101s darbn\u012bc\u0101s.\" \/>\n<meta name=\"robots\" content=\"index, follow, max-snippet:-1, max-image-preview:large, max-video-preview:-1\" \/>\n<link rel=\"canonical\" href=\"https:\/\/www.prototehas.ee\/lv\/izgudrotaju-laboratorija\/\" \/>\n<meta property=\"og:locale\" content=\"lv_LV\" \/>\n<meta property=\"og:type\" content=\"article\" \/>\n<meta property=\"og:title\" content=\"IZGUDROT\u0100JU LABORATORIJA \u2014 PROTO interakt\u012bva aktivit\u0101te ikvienam\" \/>\n<meta property=\"og:description\" content=\"Atkl\u0101jiet PROTO Izgudrot\u0101ju laboratoriju \u2014 interakt\u012bvu aktivit\u0101\u0161u zonu, kur ikviens var izgudrot un eksperiment\u0113t da\u017e\u0101d\u0101s darbn\u012bc\u0101s.\" \/>\n<meta property=\"og:url\" content=\"https:\/\/www.prototehas.ee\/lv\/izgudrotaju-laboratorija\/\" \/>\n<meta property=\"og:site_name\" content=\"PROTO avastustehas\" \/>\n<meta property=\"article:publisher\" content=\"https:\/\/www.facebook.com\/prototehas\/\" \/>\n<meta property=\"article:modified_time\" content=\"2025-06-20T16:20:13+00:00\" \/>\n<meta name=\"twitter:card\" content=\"summary_large_image\" \/>\n<meta name=\"twitter:label1\" content=\"Est. reading time\" \/>\n\t<meta name=\"twitter:data1\" content=\"2 minutes\" \/>\n<script type=\"application\/ld+json\" class=\"yoast-schema-graph\">{\"@context\":\"https:\/\/schema.org\",\"@graph\":[{\"@type\":\"WebPage\",\"@id\":\"https:\/\/www.prototehas.ee\/lv\/izgudrotaju-laboratorija\/\",\"url\":\"https:\/\/www.prototehas.ee\/lv\/izgudrotaju-laboratorija\/\",\"name\":\"IZGUDROT\u0100JU LABORATORIJA \u2014 PROTO interakt\u012bva aktivit\u0101te ikvienam\",\"isPartOf\":{\"@id\":\"https:\/\/www.prototehas.ee\/lv\/#website\"},\"datePublished\":\"2024-06-10T08:22:19+00:00\",\"dateModified\":\"2025-06-20T16:20:13+00:00\",\"description\":\"Atkl\u0101jiet PROTO Izgudrot\u0101ju laboratoriju \u2014 interakt\u012bvu aktivit\u0101\u0161u zonu, kur ikviens var izgudrot un eksperiment\u0113t da\u017e\u0101d\u0101s darbn\u012bc\u0101s.\",\"breadcrumb\":{\"@id\":\"https:\/\/www.prototehas.ee\/lv\/izgudrotaju-laboratorija\/#breadcrumb\"},\"inLanguage\":\"lv-LV\",\"potentialAction\":[{\"@type\":\"ReadAction\",\"target\":[\"https:\/\/www.prototehas.ee\/lv\/izgudrotaju-laboratorija\/\"]}]},{\"@type\":\"BreadcrumbList\",\"@id\":\"https:\/\/www.prototehas.ee\/lv\/izgudrotaju-laboratorija\/#breadcrumb\",\"itemListElement\":[{\"@type\":\"ListItem\",\"position\":1,\"name\":\"Avaleht\",\"item\":\"https:\/\/www.prototehas.ee\/lv\/\"},{\"@type\":\"ListItem\",\"position\":2,\"name\":\"IZGUDROT\u0100JU LABORATORIJA\"}]},{\"@type\":\"WebSite\",\"@id\":\"https:\/\/www.prototehas.ee\/lv\/#website\",\"url\":\"https:\/\/www.prototehas.ee\/lv\/\",\"name\":\"PROTO avastustehas\",\"description\":\"Where science meets fantasy\",\"publisher\":{\"@id\":\"https:\/\/www.prototehas.ee\/lv\/#organization\"},\"potentialAction\":[{\"@type\":\"SearchAction\",\"target\":{\"@type\":\"EntryPoint\",\"urlTemplate\":\"https:\/\/www.prototehas.ee\/lv\/?s={search_term_string}\"},\"query-input\":{\"@type\":\"PropertyValueSpecification\",\"valueRequired\":true,\"valueName\":\"search_term_string\"}}],\"inLanguage\":\"lv-LV\"},{\"@type\":\"Organization\",\"@id\":\"https:\/\/www.prototehas.ee\/lv\/#organization\",\"name\":\"PROTO avastustehas\",\"url\":\"https:\/\/www.prototehas.ee\/lv\/\",\"logo\":{\"@type\":\"ImageObject\",\"inLanguage\":\"lv-LV\",\"@id\":\"https:\/\/www.prototehas.ee\/lv\/#\/schema\/logo\/image\/\",\"url\":\"https:\/\/www.prototehas.ee\/wp-content\/uploads\/2019\/10\/prototehas_logo_et_2.svg\",\"contentUrl\":\"https:\/\/www.prototehas.ee\/wp-content\/uploads\/2019\/10\/prototehas_logo_et_2.svg\",\"width\":100,\"height\":100,\"caption\":\"PROTO avastustehas\"},\"image\":{\"@id\":\"https:\/\/www.prototehas.ee\/lv\/#\/schema\/logo\/image\/\"},\"sameAs\":[\"https:\/\/www.facebook.com\/prototehas\/\"]}]}<\/script>\n<!-- \/ Yoast SEO plugin. -->","yoast_head_json":{"title":"IZGUDROT\u0100JU LABORATORIJA \u2014 PROTO interakt\u012bva aktivit\u0101te ikvienam","description":"Atkl\u0101jiet PROTO Izgudrot\u0101ju laboratoriju \u2014 interakt\u012bvu aktivit\u0101\u0161u zonu, kur ikviens var izgudrot un eksperiment\u0113t da\u017e\u0101d\u0101s darbn\u012bc\u0101s.","robots":{"index":"index","follow":"follow","max-snippet":"max-snippet:-1","max-image-preview":"max-image-preview:large","max-video-preview":"max-video-preview:-1"},"canonical":"https:\/\/www.prototehas.ee\/lv\/izgudrotaju-laboratorija\/","og_locale":"lv_LV","og_type":"article","og_title":"IZGUDROT\u0100JU LABORATORIJA \u2014 PROTO interakt\u012bva aktivit\u0101te ikvienam","og_description":"Atkl\u0101jiet PROTO Izgudrot\u0101ju laboratoriju \u2014 interakt\u012bvu aktivit\u0101\u0161u zonu, kur ikviens var izgudrot un eksperiment\u0113t da\u017e\u0101d\u0101s darbn\u012bc\u0101s.","og_url":"https:\/\/www.prototehas.ee\/lv\/izgudrotaju-laboratorija\/","og_site_name":"PROTO avastustehas","article_publisher":"https:\/\/www.facebook.com\/prototehas\/","article_modified_time":"2025-06-20T16:20:13+00:00","twitter_card":"summary_large_image","twitter_misc":{"Est. reading time":"2 minutes"},"schema":{"@context":"https:\/\/schema.org","@graph":[{"@type":"WebPage","@id":"https:\/\/www.prototehas.ee\/lv\/izgudrotaju-laboratorija\/","url":"https:\/\/www.prototehas.ee\/lv\/izgudrotaju-laboratorija\/","name":"IZGUDROT\u0100JU LABORATORIJA \u2014 PROTO interakt\u012bva aktivit\u0101te ikvienam","isPartOf":{"@id":"https:\/\/www.prototehas.ee\/lv\/#website"},"datePublished":"2024-06-10T08:22:19+00:00","dateModified":"2025-06-20T16:20:13+00:00","description":"Atkl\u0101jiet PROTO Izgudrot\u0101ju laboratoriju \u2014 interakt\u012bvu aktivit\u0101\u0161u zonu, kur ikviens var izgudrot un eksperiment\u0113t da\u017e\u0101d\u0101s darbn\u012bc\u0101s.","breadcrumb":{"@id":"https:\/\/www.prototehas.ee\/lv\/izgudrotaju-laboratorija\/#breadcrumb"},"inLanguage":"lv-LV","potentialAction":[{"@type":"ReadAction","target":["https:\/\/www.prototehas.ee\/lv\/izgudrotaju-laboratorija\/"]}]},{"@type":"BreadcrumbList","@id":"https:\/\/www.prototehas.ee\/lv\/izgudrotaju-laboratorija\/#breadcrumb","itemListElement":[{"@type":"ListItem","position":1,"name":"Avaleht","item":"https:\/\/www.prototehas.ee\/lv\/"},{"@type":"ListItem","position":2,"name":"IZGUDROT\u0100JU LABORATORIJA"}]},{"@type":"WebSite","@id":"https:\/\/www.prototehas.ee\/lv\/#website","url":"https:\/\/www.prototehas.ee\/lv\/","name":"PROTO avastustehas","description":"Where science meets fantasy","publisher":{"@id":"https:\/\/www.prototehas.ee\/lv\/#organization"},"potentialAction":[{"@type":"SearchAction","target":{"@type":"EntryPoint","urlTemplate":"https:\/\/www.prototehas.ee\/lv\/?s={search_term_string}"},"query-input":{"@type":"PropertyValueSpecification","valueRequired":true,"valueName":"search_term_string"}}],"inLanguage":"lv-LV"},{"@type":"Organization","@id":"https:\/\/www.prototehas.ee\/lv\/#organization","name":"PROTO avastustehas","url":"https:\/\/www.prototehas.ee\/lv\/","logo":{"@type":"ImageObject","inLanguage":"lv-LV","@id":"https:\/\/www.prototehas.ee\/lv\/#\/schema\/logo\/image\/","url":"https:\/\/www.prototehas.ee\/wp-content\/uploads\/2019\/10\/prototehas_logo_et_2.svg","contentUrl":"https:\/\/www.prototehas.ee\/wp-content\/uploads\/2019\/10\/prototehas_logo_et_2.svg","width":100,"height":100,"caption":"PROTO avastustehas"},"image":{"@id":"https:\/\/www.prototehas.ee\/lv\/#\/schema\/logo\/image\/"},"sameAs":["https:\/\/www.facebook.com\/prototehas\/"]}]}},"_links":{"self":[{"href":"https:\/\/www.prototehas.ee\/lv\/wp-json\/wp\/v2\/pages\/28741","targetHints":{"allow":["GET"]}}],"collection":[{"href":"https:\/\/www.prototehas.ee\/lv\/wp-json\/wp\/v2\/pages"}],"about":[{"href":"https:\/\/www.prototehas.ee\/lv\/wp-json\/wp\/v2\/types\/page"}],"author":[{"embeddable":true,"href":"https:\/\/www.prototehas.ee\/lv\/wp-json\/wp\/v2\/users\/23"}],"replies":[{"embeddable":true,"href":"https:\/\/www.prototehas.ee\/lv\/wp-json\/wp\/v2\/comments?post=28741"}],"version-history":[{"count":5,"href":"https:\/\/www.prototehas.ee\/lv\/wp-json\/wp\/v2\/pages\/28741\/revisions"}],"predecessor-version":[{"id":34267,"href":"https:\/\/www.prototehas.ee\/lv\/wp-json\/wp\/v2\/pages\/28741\/revisions\/34267"}],"wp:attachment":[{"href":"https:\/\/www.prototehas.ee\/lv\/wp-json\/wp\/v2\/media?parent=28741"}],"curies":[{"name":"wp","href":"https:\/\/api.w.org\/{rel}","templated":true}]}}