{"id":28752,"date":"2024-06-10T08:35:00","date_gmt":"2024-06-10T08:35:00","guid":{"rendered":"http:\/\/protodev.ee\/leiutajate-park\/"},"modified":"2024-06-28T08:20:39","modified_gmt":"2024-06-28T08:20:39","slug":"izgudrotaju-parks","status":"publish","type":"page","link":"https:\/\/www.prototehas.ee\/lv\/izgudrotaju-parks\/","title":{"rendered":"IZGUDROT\u0100JU PARKS"},"content":{"rendered":"[et_pb_section fb_built=&#8221;1&#8243; _builder_version=&#8221;4.16&#8243; background_enable_image=&#8221;off&#8221; locked=&#8221;off&#8221; global_colors_info=&#8221;{}&#8221;][et_pb_row admin_label=&#8221;Eesti Maitsed&#8221; _builder_version=&#8221;4.24.2&#8243; _module_preset=&#8221;default&#8221; locked=&#8221;off&#8221; global_colors_info=&#8221;{}&#8221;][et_pb_column type=&#8221;4_4&#8243; _builder_version=&#8221;4.16&#8243; _module_preset=&#8221;default&#8221; global_colors_info=&#8221;{}&#8221;][et_pb_heading title=&#8221;IZGUDROT\u0100JU PARKS&#8221; _builder_version=&#8221;4.24.2&#8243; _module_preset=&#8221;c9a4dd29-8345-43ea-bd4d-e73ae35e5717&#8243; hover_enabled=&#8221;0&#8243; global_colors_info=&#8221;{}&#8221; sticky_enabled=&#8221;0&#8243;][\/et_pb_heading][et_pb_text _builder_version=&#8221;4.24.2&#8243; _module_preset=&#8221;e179c0c4-c115-407d-a110-ebe813713cd6&#8243; custom_padding=&#8221;1px|90px|0px|90px|false|false&#8221; custom_padding_tablet=&#8221;|20px||20px|false|false&#8221; custom_padding_phone=&#8221;|0px||0px|false|false&#8221; custom_padding_last_edited=&#8221;on|tablet&#8221; hover_enabled=&#8221;0&#8243; global_colors_info=&#8221;{}&#8221; sticky_enabled=&#8221;0&#8243;]<p><strong>PROTO izgudrot\u0101ju parks<\/strong> ir fant\u0101zij\u0101m bag\u0101ts rota\u013cu laukums, kas galvenok\u0101rt rad\u012bts maziem b\u0113rniem.<\/p>\n<p>\u0160eit b\u0113rns caur rota\u013c\u0101m atkl\u0101j apk\u0101rt\u0113jo pasauli un p\u0113ta, k\u0101 darbojas da\u017e\u0101di izgudrojumi. Teritorij\u0101 ir izveidots divu l\u012bme\u0146u rota\u013cu laukums, kuru piepilda daudz aizraujo\u0161u ekspon\u0101tu.<\/p>\n<p>\u0160aj\u0101 rota\u013c\u012bgaj\u0101 aktivit\u0101\u0161u d\u0101rz\u0101 mazie izgudrot\u0101ji var izm\u0113\u0123in\u0101t gan fant\u0101zijas pilnas, gan re\u0101l\u0101s dz\u012bves izgudrojumu sp\u0113les.<\/p>[\/et_pb_text][\/et_pb_column][\/et_pb_row][et_pb_row column_structure=&#8221;1_3,1_3,1_3&#8243; _builder_version=&#8221;4.16&#8243; _module_preset=&#8221;default&#8221; locked=&#8221;off&#8221; global_colors_info=&#8221;{}&#8221;][et_pb_column type=&#8221;1_3&#8243; _builder_version=&#8221;4.16&#8243; _module_preset=&#8221;default&#8221; global_colors_info=&#8221;{}&#8221;][et_pb_image src=&#8221;https:\/\/www.prototehas.ee\/wp-content\/uploads\/2024\/06\/proto-23_markus-sein_7O6A0197-scaled.jpg&#8221; alt=&#8221;Leiutajate park&#8221; title_text=&#8221;Leiutajate park1&#8243; _builder_version=&#8221;4.24.2&#8243; _module_preset=&#8221;default&#8221; global_colors_info=&#8221;{}&#8221;][\/et_pb_image][\/et_pb_column][et_pb_column type=&#8221;1_3&#8243; _builder_version=&#8221;4.16&#8243; _module_preset=&#8221;default&#8221; global_colors_info=&#8221;{}&#8221;][et_pb_image src=&#8221;https:\/\/www.prototehas.ee\/wp-content\/uploads\/2024\/06\/proto-23_markus-sein_7O6A0183-scaled.jpg&#8221; alt=&#8221;Leiutajate park 2&#8243; title_text=&#8221;Leiutajate park 2&#8243; _builder_version=&#8221;4.24.2&#8243; _module_preset=&#8221;default&#8221; global_colors_info=&#8221;{}&#8221;][\/et_pb_image][\/et_pb_column][et_pb_column type=&#8221;1_3&#8243; _builder_version=&#8221;4.16&#8243; _module_preset=&#8221;default&#8221; global_colors_info=&#8221;{}&#8221;][et_pb_image src=&#8221;https:\/\/www.prototehas.ee\/wp-content\/uploads\/2024\/06\/proto-23_markus-sein_7O6A0156-scaled.jpg&#8221; alt=&#8221;Leiutajate park 3&#8243; title_text=&#8221;Leiutajate park 3&#8243; _builder_version=&#8221;4.24.2&#8243; _module_preset=&#8221;default&#8221; global_colors_info=&#8221;{}&#8221;][\/et_pb_image][\/et_pb_column][\/et_pb_row][et_pb_row column_structure=&#8221;1_3,1_3,1_3&#8243; _builder_version=&#8221;4.16&#8243; _module_preset=&#8221;default&#8221; locked=&#8221;off&#8221; global_colors_info=&#8221;{}&#8221;][et_pb_column type=&#8221;1_3&#8243; _builder_version=&#8221;4.16&#8243; _module_preset=&#8221;default&#8221; global_colors_info=&#8221;{}&#8221;][et_pb_image src=&#8221;https:\/\/www.prototehas.ee\/wp-content\/uploads\/2024\/06\/proto-23_markus-sein_7O6A0129-scaled.jpg&#8221; alt=&#8221;park 4&#8243; title_text=&#8221;park 4&#8243; _builder_version=&#8221;4.24.2&#8243; _module_preset=&#8221;default&#8221; global_colors_info=&#8221;{}&#8221;][\/et_pb_image][\/et_pb_column][et_pb_column type=&#8221;1_3&#8243; _builder_version=&#8221;4.16&#8243; _module_preset=&#8221;default&#8221; global_colors_info=&#8221;{}&#8221;][et_pb_image src=&#8221;https:\/\/www.prototehas.ee\/wp-content\/uploads\/2024\/06\/proto-23_markus-sein_7O6A0114-scaled.jpg&#8221; alt=&#8221;park 5&#8243; title_text=&#8221;park 5&#8243; _builder_version=&#8221;4.24.2&#8243; _module_preset=&#8221;default&#8221; global_colors_info=&#8221;{}&#8221;][\/et_pb_image][\/et_pb_column][et_pb_column type=&#8221;1_3&#8243; _builder_version=&#8221;4.16&#8243; _module_preset=&#8221;default&#8221; global_colors_info=&#8221;{}&#8221;][et_pb_image src=&#8221;https:\/\/www.prototehas.ee\/wp-content\/uploads\/2024\/06\/proto-23_markus-sein_7O6A0124-scaled.jpg&#8221; alt=&#8221;park 6&#8243; title_text=&#8221;park 6&#8243; _builder_version=&#8221;4.24.2&#8243; _module_preset=&#8221;default&#8221; global_colors_info=&#8221;{}&#8221;][\/et_pb_image][\/et_pb_column][\/et_pb_row][\/et_pb_section]<span class=\"et_bloom_bottom_trigger\"><\/span>","protected":false},"excerpt":{"rendered":"<p>PROTO izgudrot\u0101ju parks ir fant\u0101zij\u0101m bag\u0101ts rota\u013cu laukums, kas galvenok\u0101rt rad\u012bts maziem b\u0113rniem. \u0160eit b\u0113rns caur rota\u013c\u0101m atkl\u0101j apk\u0101rt\u0113jo pasauli un p\u0113ta, k\u0101 darbojas da\u017e\u0101di izgudrojumi. Teritorij\u0101 ir izveidots divu l\u012bme\u0146u rota\u013cu laukums, kuru piepilda daudz aizraujo\u0161u ekspon\u0101tu. \u0160aj\u0101 rota\u013c\u012bgaj\u0101 aktivit\u0101\u0161u d\u0101rz\u0101 mazie izgudrot\u0101ji var izm\u0113\u0123in\u0101t gan fant\u0101zijas pilnas, gan re\u0101l\u0101s dz\u012bves izgudrojumu sp\u0113les.<\/p>\n","protected":false},"author":23,"featured_media":0,"parent":0,"menu_order":0,"comment_status":"closed","ping_status":"closed","template":"","meta":{"_acf_changed":false,"_et_pb_use_builder":"on","_et_pb_old_content":"","_et_gb_content_width":"","inline_featured_image":false,"footnotes":""},"class_list":["post-28752","page","type-page","status-publish","hentry"],"acf":[],"yoast_head":"<!-- This site is optimized with the Yoast SEO plugin v26.9 - https:\/\/yoast.com\/product\/yoast-seo-wordpress\/ -->\n<title>Izgudrot\u0101ju parks \u2013 izdomas bag\u0101ts rota\u013cu laukums b\u0113rniem<\/title>\n<meta name=\"description\" content=\"Atkl\u0101jiet PROTO Izgudrot\u0101ju parku \u2013 rota\u013cu laukumu maziem b\u0113rniem, kur b\u0113rni var atkl\u0101t pasauli un izp\u0113t\u012bt izgudrojumus.\" \/>\n<meta name=\"robots\" content=\"index, follow, max-snippet:-1, max-image-preview:large, max-video-preview:-1\" \/>\n<link rel=\"canonical\" href=\"https:\/\/www.prototehas.ee\/lv\/izgudrotaju-parks\/\" \/>\n<meta property=\"og:locale\" content=\"lv_LV\" \/>\n<meta property=\"og:type\" content=\"article\" \/>\n<meta property=\"og:title\" content=\"Izgudrot\u0101ju parks \u2013 izdomas bag\u0101ts rota\u013cu laukums b\u0113rniem\" \/>\n<meta property=\"og:description\" content=\"Atkl\u0101jiet PROTO Izgudrot\u0101ju parku \u2013 rota\u013cu laukumu maziem b\u0113rniem, kur b\u0113rni var atkl\u0101t pasauli un izp\u0113t\u012bt izgudrojumus.\" \/>\n<meta property=\"og:url\" content=\"https:\/\/www.prototehas.ee\/lv\/izgudrotaju-parks\/\" \/>\n<meta property=\"og:site_name\" content=\"PROTO avastustehas\" \/>\n<meta property=\"article:publisher\" content=\"https:\/\/www.facebook.com\/prototehas\/\" \/>\n<meta property=\"article:modified_time\" content=\"2024-06-28T08:20:39+00:00\" \/>\n<meta name=\"twitter:card\" content=\"summary_large_image\" \/>\n<meta name=\"twitter:label1\" content=\"Est. reading time\" \/>\n\t<meta name=\"twitter:data1\" content=\"2 minutes\" \/>\n<script type=\"application\/ld+json\" class=\"yoast-schema-graph\">{\"@context\":\"https:\/\/schema.org\",\"@graph\":[{\"@type\":\"WebPage\",\"@id\":\"https:\/\/www.prototehas.ee\/lv\/izgudrotaju-parks\/\",\"url\":\"https:\/\/www.prototehas.ee\/lv\/izgudrotaju-parks\/\",\"name\":\"Izgudrot\u0101ju parks \u2013 izdomas bag\u0101ts rota\u013cu laukums b\u0113rniem\",\"isPartOf\":{\"@id\":\"https:\/\/www.prototehas.ee\/lv\/#website\"},\"datePublished\":\"2024-06-10T08:35:00+00:00\",\"dateModified\":\"2024-06-28T08:20:39+00:00\",\"description\":\"Atkl\u0101jiet PROTO Izgudrot\u0101ju parku \u2013 rota\u013cu laukumu maziem b\u0113rniem, kur b\u0113rni var atkl\u0101t pasauli un izp\u0113t\u012bt izgudrojumus.\",\"breadcrumb\":{\"@id\":\"https:\/\/www.prototehas.ee\/lv\/izgudrotaju-parks\/#breadcrumb\"},\"inLanguage\":\"lv-LV\",\"potentialAction\":[{\"@type\":\"ReadAction\",\"target\":[\"https:\/\/www.prototehas.ee\/lv\/izgudrotaju-parks\/\"]}]},{\"@type\":\"BreadcrumbList\",\"@id\":\"https:\/\/www.prototehas.ee\/lv\/izgudrotaju-parks\/#breadcrumb\",\"itemListElement\":[{\"@type\":\"ListItem\",\"position\":1,\"name\":\"Avaleht\",\"item\":\"https:\/\/www.prototehas.ee\/lv\/\"},{\"@type\":\"ListItem\",\"position\":2,\"name\":\"IZGUDROT\u0100JU PARKS\"}]},{\"@type\":\"WebSite\",\"@id\":\"https:\/\/www.prototehas.ee\/lv\/#website\",\"url\":\"https:\/\/www.prototehas.ee\/lv\/\",\"name\":\"PROTO avastustehas\",\"description\":\"Where science meets fantasy\",\"publisher\":{\"@id\":\"https:\/\/www.prototehas.ee\/lv\/#organization\"},\"potentialAction\":[{\"@type\":\"SearchAction\",\"target\":{\"@type\":\"EntryPoint\",\"urlTemplate\":\"https:\/\/www.prototehas.ee\/lv\/?s={search_term_string}\"},\"query-input\":{\"@type\":\"PropertyValueSpecification\",\"valueRequired\":true,\"valueName\":\"search_term_string\"}}],\"inLanguage\":\"lv-LV\"},{\"@type\":\"Organization\",\"@id\":\"https:\/\/www.prototehas.ee\/lv\/#organization\",\"name\":\"PROTO avastustehas\",\"url\":\"https:\/\/www.prototehas.ee\/lv\/\",\"logo\":{\"@type\":\"ImageObject\",\"inLanguage\":\"lv-LV\",\"@id\":\"https:\/\/www.prototehas.ee\/lv\/#\/schema\/logo\/image\/\",\"url\":\"https:\/\/www.prototehas.ee\/wp-content\/uploads\/2019\/10\/prototehas_logo_et_2.svg\",\"contentUrl\":\"https:\/\/www.prototehas.ee\/wp-content\/uploads\/2019\/10\/prototehas_logo_et_2.svg\",\"width\":100,\"height\":100,\"caption\":\"PROTO avastustehas\"},\"image\":{\"@id\":\"https:\/\/www.prototehas.ee\/lv\/#\/schema\/logo\/image\/\"},\"sameAs\":[\"https:\/\/www.facebook.com\/prototehas\/\"]}]}<\/script>\n<!-- \/ Yoast SEO plugin. -->","yoast_head_json":{"title":"Izgudrot\u0101ju parks \u2013 izdomas bag\u0101ts rota\u013cu laukums b\u0113rniem","description":"Atkl\u0101jiet PROTO Izgudrot\u0101ju parku \u2013 rota\u013cu laukumu maziem b\u0113rniem, kur b\u0113rni var atkl\u0101t pasauli un izp\u0113t\u012bt izgudrojumus.","robots":{"index":"index","follow":"follow","max-snippet":"max-snippet:-1","max-image-preview":"max-image-preview:large","max-video-preview":"max-video-preview:-1"},"canonical":"https:\/\/www.prototehas.ee\/lv\/izgudrotaju-parks\/","og_locale":"lv_LV","og_type":"article","og_title":"Izgudrot\u0101ju parks \u2013 izdomas bag\u0101ts rota\u013cu laukums b\u0113rniem","og_description":"Atkl\u0101jiet PROTO Izgudrot\u0101ju parku \u2013 rota\u013cu laukumu maziem b\u0113rniem, kur b\u0113rni var atkl\u0101t pasauli un izp\u0113t\u012bt izgudrojumus.","og_url":"https:\/\/www.prototehas.ee\/lv\/izgudrotaju-parks\/","og_site_name":"PROTO avastustehas","article_publisher":"https:\/\/www.facebook.com\/prototehas\/","article_modified_time":"2024-06-28T08:20:39+00:00","twitter_card":"summary_large_image","twitter_misc":{"Est. reading time":"2 minutes"},"schema":{"@context":"https:\/\/schema.org","@graph":[{"@type":"WebPage","@id":"https:\/\/www.prototehas.ee\/lv\/izgudrotaju-parks\/","url":"https:\/\/www.prototehas.ee\/lv\/izgudrotaju-parks\/","name":"Izgudrot\u0101ju parks \u2013 izdomas bag\u0101ts rota\u013cu laukums b\u0113rniem","isPartOf":{"@id":"https:\/\/www.prototehas.ee\/lv\/#website"},"datePublished":"2024-06-10T08:35:00+00:00","dateModified":"2024-06-28T08:20:39+00:00","description":"Atkl\u0101jiet PROTO Izgudrot\u0101ju parku \u2013 rota\u013cu laukumu maziem b\u0113rniem, kur b\u0113rni var atkl\u0101t pasauli un izp\u0113t\u012bt izgudrojumus.","breadcrumb":{"@id":"https:\/\/www.prototehas.ee\/lv\/izgudrotaju-parks\/#breadcrumb"},"inLanguage":"lv-LV","potentialAction":[{"@type":"ReadAction","target":["https:\/\/www.prototehas.ee\/lv\/izgudrotaju-parks\/"]}]},{"@type":"BreadcrumbList","@id":"https:\/\/www.prototehas.ee\/lv\/izgudrotaju-parks\/#breadcrumb","itemListElement":[{"@type":"ListItem","position":1,"name":"Avaleht","item":"https:\/\/www.prototehas.ee\/lv\/"},{"@type":"ListItem","position":2,"name":"IZGUDROT\u0100JU PARKS"}]},{"@type":"WebSite","@id":"https:\/\/www.prototehas.ee\/lv\/#website","url":"https:\/\/www.prototehas.ee\/lv\/","name":"PROTO avastustehas","description":"Where science meets fantasy","publisher":{"@id":"https:\/\/www.prototehas.ee\/lv\/#organization"},"potentialAction":[{"@type":"SearchAction","target":{"@type":"EntryPoint","urlTemplate":"https:\/\/www.prototehas.ee\/lv\/?s={search_term_string}"},"query-input":{"@type":"PropertyValueSpecification","valueRequired":true,"valueName":"search_term_string"}}],"inLanguage":"lv-LV"},{"@type":"Organization","@id":"https:\/\/www.prototehas.ee\/lv\/#organization","name":"PROTO avastustehas","url":"https:\/\/www.prototehas.ee\/lv\/","logo":{"@type":"ImageObject","inLanguage":"lv-LV","@id":"https:\/\/www.prototehas.ee\/lv\/#\/schema\/logo\/image\/","url":"https:\/\/www.prototehas.ee\/wp-content\/uploads\/2019\/10\/prototehas_logo_et_2.svg","contentUrl":"https:\/\/www.prototehas.ee\/wp-content\/uploads\/2019\/10\/prototehas_logo_et_2.svg","width":100,"height":100,"caption":"PROTO avastustehas"},"image":{"@id":"https:\/\/www.prototehas.ee\/lv\/#\/schema\/logo\/image\/"},"sameAs":["https:\/\/www.facebook.com\/prototehas\/"]}]}},"_links":{"self":[{"href":"https:\/\/www.prototehas.ee\/lv\/wp-json\/wp\/v2\/pages\/28752","targetHints":{"allow":["GET"]}}],"collection":[{"href":"https:\/\/www.prototehas.ee\/lv\/wp-json\/wp\/v2\/pages"}],"about":[{"href":"https:\/\/www.prototehas.ee\/lv\/wp-json\/wp\/v2\/types\/page"}],"author":[{"embeddable":true,"href":"https:\/\/www.prototehas.ee\/lv\/wp-json\/wp\/v2\/users\/23"}],"replies":[{"embeddable":true,"href":"https:\/\/www.prototehas.ee\/lv\/wp-json\/wp\/v2\/comments?post=28752"}],"version-history":[{"count":3,"href":"https:\/\/www.prototehas.ee\/lv\/wp-json\/wp\/v2\/pages\/28752\/revisions"}],"predecessor-version":[{"id":30205,"href":"https:\/\/www.prototehas.ee\/lv\/wp-json\/wp\/v2\/pages\/28752\/revisions\/30205"}],"wp:attachment":[{"href":"https:\/\/www.prototehas.ee\/lv\/wp-json\/wp\/v2\/media?parent=28752"}],"curies":[{"name":"wp","href":"https:\/\/api.w.org\/{rel}","templated":true}]}}