{"id":28916,"date":"2022-10-24T12:40:46","date_gmt":"2022-10-24T12:40:46","guid":{"rendered":"http:\/\/protodev.ee\/ruumide-rent\/"},"modified":"2024-07-23T12:02:15","modified_gmt":"2024-07-23T12:02:15","slug":"organizet-pasakumu","status":"publish","type":"page","link":"https:\/\/www.prototehas.ee\/lv\/organizet-pasakumu\/","title":{"rendered":"ORGANIZ\u0112T PAS\u0100KUMU"},"content":{"rendered":"[et_pb_section fb_built=&#8221;1&#8243; _builder_version=&#8221;4.16&#8243; background_color=&#8221;#fff0d9&#8243; background_enable_image=&#8221;off&#8221; custom_margin=&#8221;||||false|false&#8221; global_colors_info=&#8221;{}&#8221;][et_pb_row admin_label=&#8221;Eesti Maitsed&#8221; _builder_version=&#8221;4.24.2&#8243; _module_preset=&#8221;default&#8221; locked=&#8221;off&#8221; global_colors_info=&#8221;{}&#8221;][et_pb_column type=&#8221;4_4&#8243; _builder_version=&#8221;4.16&#8243; _module_preset=&#8221;default&#8221; global_colors_info=&#8221;{}&#8221;][et_pb_heading title=&#8221;organiz\u0113t pas\u0101kumu&#8221; _builder_version=&#8221;4.24.2&#8243; _module_preset=&#8221;c9a4dd29-8345-43ea-bd4d-e73ae35e5717&#8243; title_level=&#8221;h1&#8243; global_colors_info=&#8221;{}&#8221;][\/et_pb_heading][et_pb_text _builder_version=&#8221;4.24.2&#8243; _module_preset=&#8221;e179c0c4-c115-407d-a110-ebe813713cd6&#8243; custom_padding=&#8221;|90px||90px|false|false&#8221; custom_padding_tablet=&#8221;|20px||20px|false|false&#8221; custom_padding_phone=&#8221;|0px||0px|false|false&#8221; custom_padding_last_edited=&#8221;on|tablet&#8221; hover_enabled=&#8221;0&#8243; global_colors_info=&#8221;{}&#8221; sticky_enabled=&#8221;0&#8243;]<p>PROTO avastustehas pied\u0101v\u0101 telpas gan maziem sapulc\u0113\u0161an\u0101s pas\u0101kumiem, gan liel\u0101m svin\u012bg\u0101m uz\u0146em\u0161an\u0101m. \u012apa\u0161a atra\u0161an\u0101s vieta strauji att\u012bsto\u0161\u0101 j\u016bras krast\u0101 eso\u0161aj\u0101 pils\u0113t\u0101 un v\u0113sturisk\u0101 r\u016bpn\u012bcas \u0113ka pied\u0101v\u0101 iesp\u0113jas, kur fant\u0101zijai nav robe\u017eu. PROTO avastustehas ekspoz\u012bcijas z\u0101le (1245 m2), Pantera konferen\u010du z\u0101le (266 m2) un m\u0101c\u012bbu telpas ir piem\u0113rotas gan dzim\u0161anas dienu svin\u012bb\u0101m, uz\u0146\u0113mumu ball\u0113m, gan ar\u012b konferenc\u0113m, semin\u0101riem un svin\u012bgiem vakari\u0146u pas\u0101kumiem.<\/p>\n<p>Papildus kop\u0101 ar b\u0101ra pakalpojumiem, PROTO cateringa pakalpojumi ir pieejami pas\u0101kumiem ar l\u012bdz pat 200 dal\u012bbniekiem PROTO avastustehas telp\u0101s.<\/p>[\/et_pb_text][et_pb_text _builder_version=&#8221;4.24.2&#8243; _module_preset=&#8221;e179c0c4-c115-407d-a110-ebe813713cd6&#8243; custom_padding=&#8221;|90px||90px|false|false&#8221; custom_padding_tablet=&#8221;|20px||20px|false|false&#8221; custom_padding_phone=&#8221;|0px||0px|false|false&#8221; custom_padding_last_edited=&#8221;on|tablet&#8221; hover_enabled=&#8221;0&#8243; global_colors_info=&#8221;{}&#8221; sticky_enabled=&#8221;0&#8243;]<p style=\"text-align: center;\"><strong><b>REZERV\u0112\u0160ANA:<\/b><br \/><a href=\"mailto:booking@protofactory.ee\">booking@protofactory.ee<\/a><br \/>+372 53 620 400<\/strong><\/p>[\/et_pb_text][\/et_pb_column][\/et_pb_row][et_pb_row _builder_version=&#8221;4.24.2&#8243; _module_preset=&#8221;default&#8221; custom_padding=&#8221;||0px|||&#8221; global_colors_info=&#8221;{}&#8221;][et_pb_column type=&#8221;4_4&#8243; _builder_version=&#8221;4.24.2&#8243; _module_preset=&#8221;default&#8221; global_colors_info=&#8221;{}&#8221;][et_pb_heading title=&#8221;ISTABAS NOMA&#8221; _builder_version=&#8221;4.24.2&#8243; _module_preset=&#8221;c9a4dd29-8345-43ea-bd4d-e73ae35e5717&#8243; global_colors_info=&#8221;{}&#8221;][\/et_pb_heading][\/et_pb_column][\/et_pb_row][et_pb_row column_structure=&#8221;1_2,1_2&#8243; use_custom_gutter=&#8221;on&#8221; gutter_width=&#8221;1&#8243; make_equal=&#8221;on&#8221; admin_label=&#8221;Card Image Right&#8221; _builder_version=&#8221;4.24.2&#8243; _module_preset=&#8221;default&#8221; background_color=&#8221;#FFFFFF&#8221; custom_margin=&#8221;25px||25px||false|false&#8221; custom_padding=&#8221;0px||0px||false|false&#8221; border_radii=&#8221;on|20px|20px|20px|20px&#8221; global_colors_info=&#8221;{}&#8221; custom_css_main_element_last_edited=&#8221;on|tablet&#8221;][et_pb_column type=&#8221;1_2&#8243; _builder_version=&#8221;4.24.2&#8243; _module_preset=&#8221;default&#8221; custom_padding=&#8221;|30px||30px|false|false&#8221; global_colors_info=&#8221;{}&#8221;][et_pb_heading title=&#8221;PROTO ATKL\u0100JUMU CENTRA EKSPOZ\u012aCIJU Z\u0100LE&#8221; _builder_version=&#8221;4.24.2&#8243; _module_preset=&#8221;default&#8221; title_level=&#8221;h2&#8243; title_font=&#8221;Amsi Pro Cond Bold|||on|||||&#8221; title_text_align=&#8221;center&#8221; background_color=&#8221;rgba(255,255,255,0)&#8221; custom_margin=&#8221;30px||0px||false|false&#8221; global_colors_info=&#8221;{}&#8221;][\/et_pb_heading][et_pb_text _builder_version=&#8221;4.24.2&#8243; _module_preset=&#8221;e179c0c4-c115-407d-a110-ebe813713cd6&#8243; custom_margin=&#8221;|0px|||false|false&#8221; custom_padding=&#8221;35px||30px|20px|false|false&#8221; global_colors_info=&#8221;{}&#8221;]<p style=\"text-align: center;\">PROTO ekspoz\u012bciju z\u0101le aicina viesus br\u012bni\u0161\u0137\u012bg\u0101 19. gadsimta izgudrojumu pasaul\u0113, kas ir piem\u0113rota svin\u012bgiem pie\u0146em\u0161an\u0101m. PROTO atkl\u0101jumu r\u016bpn\u012bc\u0101 ir r\u012bkotas konferences, izst\u0101des, filmu uz\u0146em\u0161ana, fotosesijas, k\u0101zas, k\u0101 ar\u012b te\u0101tra un koncertuzvedumi. Pateicoties t\u0101 laika arhitekt\u016brai, \u0113k\u0101 ir unik\u0101la akustika, kas \u012bpa\u0161i piem\u0113rota ar\u012b noska\u0146otiem koncertiem.<\/p>[\/et_pb_text][et_pb_button button_url=&#8221;https:\/\/www.prototehas.ee\/lv\/proto-atklajumu-rupnicas-ekspozicijas-zale\/&#8221; button_text=&#8221;Las\u012bt vair\u0101k&#8221; button_alignment=&#8221;center&#8221; _builder_version=&#8221;4.24.2&#8243; _module_preset=&#8221;f68e210a-7307-4655-825f-63256ae554ce&#8221; custom_margin=&#8221;||30px||false|false&#8221; hover_enabled=&#8221;0&#8243; global_colors_info=&#8221;{}&#8221; sticky_enabled=&#8221;0&#8243;][\/et_pb_button][\/et_pb_column][et_pb_column type=&#8221;1_2&#8243; _builder_version=&#8221;4.24.2&#8243; _module_preset=&#8221;default&#8221; global_colors_info=&#8221;{}&#8221;][et_pb_image src=&#8221;https:\/\/www.prototehas.ee\/wp-content\/uploads\/2023\/01\/Proto-Ekspositsioonisaal.jpeg&#8221; title_text=&#8221;Proto-Ekspositsioonisaal&#8221; show_bottom_space=&#8221;off&#8221; module_class=&#8221;pa-full-height-image-column&#8221; _builder_version=&#8221;4.24.2&#8243; _module_preset=&#8221;default&#8221; height=&#8221;100%&#8221; hover_enabled=&#8221;0&#8243; global_colors_info=&#8221;{}&#8221; url=&#8221;https:\/\/www.prototehas.ee\/lv\/proto-atklajumu-rupnicas-ekspozicijas-zale\/&#8221; sticky_enabled=&#8221;0&#8243;][\/et_pb_image][\/et_pb_column][\/et_pb_row][et_pb_row column_structure=&#8221;1_2,1_2&#8243; admin_label=&#8221;Card Image Left&#8221; _builder_version=&#8221;4.24.2&#8243; _module_preset=&#8221;90498953-537a-45d8-96c9-83e32ef8ef4e&#8221; custom_margin=&#8221;25px||25px||false|false&#8221; saved_tabs=&#8221;all&#8221; global_colors_info=&#8221;{}&#8221;][et_pb_column type=&#8221;1_2&#8243; _builder_version=&#8221;4.24.2&#8243; _module_preset=&#8221;default&#8221; global_colors_info=&#8221;{}&#8221;][et_pb_image src=&#8221;https:\/\/www.prototehas.ee\/wp-content\/uploads\/2023\/01\/E19I7369-1-scaled.jpg&#8221; title_text=&#8221;E19I7369&#8243; show_bottom_space=&#8221;off&#8221; module_class=&#8221;pa-full-height-image-column&#8221; _builder_version=&#8221;4.24.2&#8243; _module_preset=&#8221;default&#8221; height=&#8221;100%&#8221; hover_enabled=&#8221;0&#8243; global_colors_info=&#8221;{}&#8221; url=&#8221;https:\/\/www.prototehas.ee\/lv\/pantera-zale\/&#8221; sticky_enabled=&#8221;0&#8243;][\/et_pb_image][\/et_pb_column][et_pb_column type=&#8221;1_2&#8243; _builder_version=&#8221;4.24.2&#8243; _module_preset=&#8221;default&#8221; custom_padding=&#8221;|30px||30px|false|false&#8221; global_colors_info=&#8221;{}&#8221;][et_pb_heading title=&#8221;Z\u0100LE \u201cPANTERA\u201d&#8221; _builder_version=&#8221;4.24.2&#8243; _module_preset=&#8221;default&#8221; title_level=&#8221;h2&#8243; title_font=&#8221;Amsi Pro Cond Bold|||on|||||&#8221; title_text_align=&#8221;center&#8221; background_color=&#8221;rgba(255,255,255,0)&#8221; custom_margin=&#8221;30px||0px||false|false&#8221; global_colors_info=&#8221;{}&#8221;][\/et_pb_heading][et_pb_text _builder_version=&#8221;4.24.2&#8243; _module_preset=&#8221;e179c0c4-c115-407d-a110-ebe813713cd6&#8243; custom_margin=&#8221;|0px|||false|false&#8221; custom_padding=&#8221;32px||30px|20px|false|false&#8221; global_colors_info=&#8221;{}&#8221;]<p>Pantera z\u0101le ar sav\u0101m augstaj\u0101m griest\u0101m, lielajiem iespaid\u012bgajiem logiem, v\u0113sturiskaj\u0101m deta\u013c\u0101m un ori\u0123in\u0101lo gr\u012bdu no 19. gadsimta ir piem\u0113rota tiem, kas mekl\u0113 \u012bstu r\u016bpn\u012bcas atmosf\u0113ru. Pievienojot dekorat\u012bvo apgaismojumu, z\u0101li ir iesp\u0113jams p\u0101rv\u0113rst aizraujo\u0161\u0101 konferen\u010du vai semin\u0101ru telp\u0101.<\/p>[\/et_pb_text][et_pb_button button_url=&#8221;https:\/\/www.prototehas.ee\/lv\/pantera-zale\/&#8221; button_text=&#8221;Las\u012bt vair\u0101k&#8221; button_alignment=&#8221;center&#8221; _builder_version=&#8221;4.24.2&#8243; _module_preset=&#8221;f68e210a-7307-4655-825f-63256ae554ce&#8221; custom_margin=&#8221;||30px||false|false&#8221; hover_enabled=&#8221;0&#8243; global_colors_info=&#8221;{}&#8221; sticky_enabled=&#8221;0&#8243;][\/et_pb_button][\/et_pb_column][\/et_pb_row][et_pb_row column_structure=&#8221;1_2,1_2&#8243; use_custom_gutter=&#8221;on&#8221; gutter_width=&#8221;1&#8243; make_equal=&#8221;on&#8221; admin_label=&#8221;Card Image Right&#8221; _builder_version=&#8221;4.24.2&#8243; _module_preset=&#8221;default&#8221; background_color=&#8221;#FFFFFF&#8221; custom_margin=&#8221;25px||25px||false|false&#8221; custom_padding=&#8221;0px||0px||false|false&#8221; border_radii=&#8221;on|20px|20px|20px|20px&#8221; global_colors_info=&#8221;{}&#8221; custom_css_main_element_last_edited=&#8221;on|tablet&#8221;][et_pb_column type=&#8221;1_2&#8243; _builder_version=&#8221;4.24.2&#8243; _module_preset=&#8221;default&#8221; custom_padding=&#8221;|30px||30px|false|false&#8221; global_colors_info=&#8221;{}&#8221;][et_pb_heading title=&#8221;Konferen\u010du un semin\u0101ru telpas&#8221; _builder_version=&#8221;4.24.2&#8243; _module_preset=&#8221;default&#8221; title_level=&#8221;h2&#8243; title_font=&#8221;Amsi Pro Cond Bold|||on|||||&#8221; title_text_align=&#8221;center&#8221; background_color=&#8221;rgba(255,255,255,0)&#8221; custom_margin=&#8221;30px||0px||false|false&#8221; global_colors_info=&#8221;{}&#8221;][\/et_pb_heading][et_pb_text _builder_version=&#8221;4.24.2&#8243; _module_preset=&#8221;e179c0c4-c115-407d-a110-ebe813713cd6&#8243; custom_margin=&#8221;|0px|||false|false&#8221; custom_padding=&#8221;35px||30px|20px|false|false&#8221; global_colors_info=&#8221;{}&#8221;]<p>PROTO pied\u0101v\u0101 maz\u0101kas telpas, kas ir ide\u0101li piem\u0113rotas maz\u0101k\u0101m ball\u012bt\u0113m un konferenc\u0113m.<\/p>[\/et_pb_text][et_pb_button button_url=&#8221;https:\/\/www.prototehas.ee\/lv\/konverentsi-ja-seminariruumid\/&#8221; button_text=&#8221;Las\u012bt vair\u0101k&#8221; button_alignment=&#8221;center&#8221; _builder_version=&#8221;4.24.2&#8243; _module_preset=&#8221;f68e210a-7307-4655-825f-63256ae554ce&#8221; custom_margin=&#8221;||30px||false|false&#8221; hover_enabled=&#8221;0&#8243; global_colors_info=&#8221;{}&#8221; sticky_enabled=&#8221;0&#8243;][\/et_pb_button][\/et_pb_column][et_pb_column type=&#8221;1_2&#8243; _builder_version=&#8221;4.24.2&#8243; _module_preset=&#8221;default&#8221; global_colors_info=&#8221;{}&#8221;][et_pb_image src=&#8221;https:\/\/www.prototehas.ee\/wp-content\/uploads\/2024\/05\/Leopard-scaled.jpg&#8221; title_text=&#8221;Leopard&#8221; show_bottom_space=&#8221;off&#8221; module_class=&#8221;pa-full-height-image-column&#8221; _builder_version=&#8221;4.24.2&#8243; _module_preset=&#8221;default&#8221; height=&#8221;100%&#8221; hover_enabled=&#8221;0&#8243; global_colors_info=&#8221;{}&#8221; url=&#8221;https:\/\/www.prototehas.ee\/lv\/konverentsi-ja-seminariruumid\/&#8221; sticky_enabled=&#8221;0&#8243;][\/et_pb_image][\/et_pb_column][\/et_pb_row][et_pb_row _builder_version=&#8221;4.24.2&#8243; _module_preset=&#8221;default&#8221; global_colors_info=&#8221;{}&#8221;][et_pb_column type=&#8221;4_4&#8243; _builder_version=&#8221;4.24.2&#8243; _module_preset=&#8221;default&#8221; global_colors_info=&#8221;{}&#8221;][et_pb_text module_class=&#8221;regular-text&#8221; _builder_version=&#8221;4.16&#8243; text_font=&#8221;Amsi Pro Narrow Regular||||||||&#8221; text_text_color=&#8221;#000000&#8243; text_line_height=&#8221;21px&#8221; locked=&#8221;off&#8221; global_colors_info=&#8221;{}&#8221;]<ul>\n<li><em><span>Telpu ietilp\u012bba ir orient\u0113jo\u0161a un ir atkar\u012bga no pas\u0101kuma tipa, k\u0101 ar\u012b kr\u0113slu, galdu un skatuves izvietojuma.<\/span><\/em><\/li>\n<li><em><span>Konferen\u010du telp\u0101s pieejams ekr\u0101ns, projektors, pap\u012bra lok\u0161\u0146u stat\u012bvs ar t\u0101feli, galdi un kr\u0113sli.<\/span><\/em><\/li>\n<li><em><span>Vis\u0101s telp\u0101s pieejama dienasgaisma, tom\u0113r logus iesp\u0113jams aptum\u0161ot.<\/span><\/em><\/li>\n<\/ul>\n<p>&nbsp;<\/p>[\/et_pb_text][et_pb_text _builder_version=&#8221;4.24.2&#8243; _module_preset=&#8221;e179c0c4-c115-407d-a110-ebe813713cd6&#8243; custom_padding=&#8221;|90px||90px|false|false&#8221; custom_padding_tablet=&#8221;|20px||20px|false|false&#8221; custom_padding_phone=&#8221;|0px||0px|false|false&#8221; custom_padding_last_edited=&#8221;on|tablet&#8221; global_colors_info=&#8221;{}&#8221;]<p style=\"text-align: center;\"><\/p>\n<p style=\"text-align: center;\"><strong><b>REZERV\u0112\u0160ANA:<\/b><br \/><a href=\"mailto:booking@protofactory.ee\">booking@protofactory.ee<\/a><br \/>+372 53 620 400<\/strong><\/p>[\/et_pb_text][\/et_pb_column][\/et_pb_row][\/et_pb_section]<span class=\"et_bloom_bottom_trigger\"><\/span>","protected":false},"excerpt":{"rendered":"<p>PROTO avastustehas pied\u0101v\u0101 telpas gan maziem sapulc\u0113\u0161an\u0101s pas\u0101kumiem, gan liel\u0101m svin\u012bg\u0101m uz\u0146em\u0161an\u0101m. \u012apa\u0161a atra\u0161an\u0101s vieta strauji att\u012bsto\u0161\u0101 j\u016bras krast\u0101 eso\u0161aj\u0101 pils\u0113t\u0101 un v\u0113sturisk\u0101 r\u016bpn\u012bcas \u0113ka pied\u0101v\u0101 iesp\u0113jas, kur fant\u0101zijai nav robe\u017eu. PROTO avastustehas ekspoz\u012bcijas z\u0101le (1245 m2), Pantera konferen\u010du z\u0101le (266 m2) un m\u0101c\u012bbu telpas ir piem\u0113rotas gan dzim\u0161anas dienu svin\u012bb\u0101m, uz\u0146\u0113mumu ball\u0113m, gan ar\u012b [&hellip;]<\/p>\n","protected":false},"author":19,"featured_media":0,"parent":0,"menu_order":0,"comment_status":"closed","ping_status":"closed","template":"","meta":{"_acf_changed":false,"_et_pb_use_builder":"on","_et_pb_old_content":"","_et_gb_content_width":"","inline_featured_image":false,"footnotes":""},"class_list":["post-28916","page","type-page","status-publish","hentry"],"acf":[],"yoast_head":"<!-- This site is optimized with the Yoast SEO plugin v26.9 - https:\/\/yoast.com\/product\/yoast-seo-wordpress\/ -->\n<title>ORGANIZ\u0112T PAS\u0100KUMU - PROTO avastustehas<\/title>\n<meta name=\"description\" content=\"Vai mekl\u0113jat unik\u0101lu vietu savam pas\u0101kumam vai ball\u012btei? Proto atkl\u0101jumu fabrika ir ide\u0101la vieta k\u0101zu, dzim\u0161anas dienu un uz\u0146\u0113mumu ball\u012b\u0161u organiz\u0113\u0161anai.\" \/>\n<meta name=\"robots\" content=\"index, follow, max-snippet:-1, max-image-preview:large, max-video-preview:-1\" \/>\n<link rel=\"canonical\" href=\"https:\/\/www.prototehas.ee\/lv\/organizet-pasakumu\/\" \/>\n<meta property=\"og:locale\" content=\"lv_LV\" \/>\n<meta property=\"og:type\" content=\"article\" \/>\n<meta property=\"og:title\" content=\"ORGANIZ\u0112T PAS\u0100KUMU - PROTO avastustehas\" \/>\n<meta property=\"og:description\" content=\"Vai mekl\u0113jat unik\u0101lu vietu savam pas\u0101kumam vai ball\u012btei? Proto atkl\u0101jumu fabrika ir ide\u0101la vieta k\u0101zu, dzim\u0161anas dienu un uz\u0146\u0113mumu ball\u012b\u0161u organiz\u0113\u0161anai.\" \/>\n<meta property=\"og:url\" content=\"https:\/\/www.prototehas.ee\/lv\/organizet-pasakumu\/\" \/>\n<meta property=\"og:site_name\" content=\"PROTO avastustehas\" \/>\n<meta property=\"article:publisher\" content=\"https:\/\/www.facebook.com\/prototehas\/\" \/>\n<meta property=\"article:modified_time\" content=\"2024-07-23T12:02:15+00:00\" \/>\n<meta name=\"twitter:card\" content=\"summary_large_image\" \/>\n<meta name=\"twitter:label1\" content=\"Est. reading time\" \/>\n\t<meta name=\"twitter:data1\" content=\"3 minutes\" \/>\n<script type=\"application\/ld+json\" class=\"yoast-schema-graph\">{\"@context\":\"https:\/\/schema.org\",\"@graph\":[{\"@type\":\"WebPage\",\"@id\":\"https:\/\/www.prototehas.ee\/lv\/organizet-pasakumu\/\",\"url\":\"https:\/\/www.prototehas.ee\/lv\/organizet-pasakumu\/\",\"name\":\"ORGANIZ\u0112T PAS\u0100KUMU - PROTO avastustehas\",\"isPartOf\":{\"@id\":\"https:\/\/www.prototehas.ee\/lv\/#website\"},\"datePublished\":\"2022-10-24T12:40:46+00:00\",\"dateModified\":\"2024-07-23T12:02:15+00:00\",\"description\":\"Vai mekl\u0113jat unik\u0101lu vietu savam pas\u0101kumam vai ball\u012btei? Proto atkl\u0101jumu fabrika ir ide\u0101la vieta k\u0101zu, dzim\u0161anas dienu un uz\u0146\u0113mumu ball\u012b\u0161u organiz\u0113\u0161anai.\",\"breadcrumb\":{\"@id\":\"https:\/\/www.prototehas.ee\/lv\/organizet-pasakumu\/#breadcrumb\"},\"inLanguage\":\"lv-LV\",\"potentialAction\":[{\"@type\":\"ReadAction\",\"target\":[\"https:\/\/www.prototehas.ee\/lv\/organizet-pasakumu\/\"]}]},{\"@type\":\"BreadcrumbList\",\"@id\":\"https:\/\/www.prototehas.ee\/lv\/organizet-pasakumu\/#breadcrumb\",\"itemListElement\":[{\"@type\":\"ListItem\",\"position\":1,\"name\":\"Avaleht\",\"item\":\"https:\/\/www.prototehas.ee\/lv\/\"},{\"@type\":\"ListItem\",\"position\":2,\"name\":\"ORGANIZ\u0112T PAS\u0100KUMU\"}]},{\"@type\":\"WebSite\",\"@id\":\"https:\/\/www.prototehas.ee\/lv\/#website\",\"url\":\"https:\/\/www.prototehas.ee\/lv\/\",\"name\":\"PROTO avastustehas\",\"description\":\"Where science meets fantasy\",\"publisher\":{\"@id\":\"https:\/\/www.prototehas.ee\/lv\/#organization\"},\"potentialAction\":[{\"@type\":\"SearchAction\",\"target\":{\"@type\":\"EntryPoint\",\"urlTemplate\":\"https:\/\/www.prototehas.ee\/lv\/?s={search_term_string}\"},\"query-input\":{\"@type\":\"PropertyValueSpecification\",\"valueRequired\":true,\"valueName\":\"search_term_string\"}}],\"inLanguage\":\"lv-LV\"},{\"@type\":\"Organization\",\"@id\":\"https:\/\/www.prototehas.ee\/lv\/#organization\",\"name\":\"PROTO avastustehas\",\"url\":\"https:\/\/www.prototehas.ee\/lv\/\",\"logo\":{\"@type\":\"ImageObject\",\"inLanguage\":\"lv-LV\",\"@id\":\"https:\/\/www.prototehas.ee\/lv\/#\/schema\/logo\/image\/\",\"url\":\"https:\/\/www.prototehas.ee\/wp-content\/uploads\/2019\/10\/prototehas_logo_et_2.svg\",\"contentUrl\":\"https:\/\/www.prototehas.ee\/wp-content\/uploads\/2019\/10\/prototehas_logo_et_2.svg\",\"width\":100,\"height\":100,\"caption\":\"PROTO avastustehas\"},\"image\":{\"@id\":\"https:\/\/www.prototehas.ee\/lv\/#\/schema\/logo\/image\/\"},\"sameAs\":[\"https:\/\/www.facebook.com\/prototehas\/\"]}]}<\/script>\n<!-- \/ Yoast SEO plugin. -->","yoast_head_json":{"title":"ORGANIZ\u0112T PAS\u0100KUMU - PROTO avastustehas","description":"Vai mekl\u0113jat unik\u0101lu vietu savam pas\u0101kumam vai ball\u012btei? Proto atkl\u0101jumu fabrika ir ide\u0101la vieta k\u0101zu, dzim\u0161anas dienu un uz\u0146\u0113mumu ball\u012b\u0161u organiz\u0113\u0161anai.","robots":{"index":"index","follow":"follow","max-snippet":"max-snippet:-1","max-image-preview":"max-image-preview:large","max-video-preview":"max-video-preview:-1"},"canonical":"https:\/\/www.prototehas.ee\/lv\/organizet-pasakumu\/","og_locale":"lv_LV","og_type":"article","og_title":"ORGANIZ\u0112T PAS\u0100KUMU - PROTO avastustehas","og_description":"Vai mekl\u0113jat unik\u0101lu vietu savam pas\u0101kumam vai ball\u012btei? Proto atkl\u0101jumu fabrika ir ide\u0101la vieta k\u0101zu, dzim\u0161anas dienu un uz\u0146\u0113mumu ball\u012b\u0161u organiz\u0113\u0161anai.","og_url":"https:\/\/www.prototehas.ee\/lv\/organizet-pasakumu\/","og_site_name":"PROTO avastustehas","article_publisher":"https:\/\/www.facebook.com\/prototehas\/","article_modified_time":"2024-07-23T12:02:15+00:00","twitter_card":"summary_large_image","twitter_misc":{"Est. reading time":"3 minutes"},"schema":{"@context":"https:\/\/schema.org","@graph":[{"@type":"WebPage","@id":"https:\/\/www.prototehas.ee\/lv\/organizet-pasakumu\/","url":"https:\/\/www.prototehas.ee\/lv\/organizet-pasakumu\/","name":"ORGANIZ\u0112T PAS\u0100KUMU - PROTO avastustehas","isPartOf":{"@id":"https:\/\/www.prototehas.ee\/lv\/#website"},"datePublished":"2022-10-24T12:40:46+00:00","dateModified":"2024-07-23T12:02:15+00:00","description":"Vai mekl\u0113jat unik\u0101lu vietu savam pas\u0101kumam vai ball\u012btei? Proto atkl\u0101jumu fabrika ir ide\u0101la vieta k\u0101zu, dzim\u0161anas dienu un uz\u0146\u0113mumu ball\u012b\u0161u organiz\u0113\u0161anai.","breadcrumb":{"@id":"https:\/\/www.prototehas.ee\/lv\/organizet-pasakumu\/#breadcrumb"},"inLanguage":"lv-LV","potentialAction":[{"@type":"ReadAction","target":["https:\/\/www.prototehas.ee\/lv\/organizet-pasakumu\/"]}]},{"@type":"BreadcrumbList","@id":"https:\/\/www.prototehas.ee\/lv\/organizet-pasakumu\/#breadcrumb","itemListElement":[{"@type":"ListItem","position":1,"name":"Avaleht","item":"https:\/\/www.prototehas.ee\/lv\/"},{"@type":"ListItem","position":2,"name":"ORGANIZ\u0112T PAS\u0100KUMU"}]},{"@type":"WebSite","@id":"https:\/\/www.prototehas.ee\/lv\/#website","url":"https:\/\/www.prototehas.ee\/lv\/","name":"PROTO avastustehas","description":"Where science meets fantasy","publisher":{"@id":"https:\/\/www.prototehas.ee\/lv\/#organization"},"potentialAction":[{"@type":"SearchAction","target":{"@type":"EntryPoint","urlTemplate":"https:\/\/www.prototehas.ee\/lv\/?s={search_term_string}"},"query-input":{"@type":"PropertyValueSpecification","valueRequired":true,"valueName":"search_term_string"}}],"inLanguage":"lv-LV"},{"@type":"Organization","@id":"https:\/\/www.prototehas.ee\/lv\/#organization","name":"PROTO avastustehas","url":"https:\/\/www.prototehas.ee\/lv\/","logo":{"@type":"ImageObject","inLanguage":"lv-LV","@id":"https:\/\/www.prototehas.ee\/lv\/#\/schema\/logo\/image\/","url":"https:\/\/www.prototehas.ee\/wp-content\/uploads\/2019\/10\/prototehas_logo_et_2.svg","contentUrl":"https:\/\/www.prototehas.ee\/wp-content\/uploads\/2019\/10\/prototehas_logo_et_2.svg","width":100,"height":100,"caption":"PROTO avastustehas"},"image":{"@id":"https:\/\/www.prototehas.ee\/lv\/#\/schema\/logo\/image\/"},"sameAs":["https:\/\/www.facebook.com\/prototehas\/"]}]}},"_links":{"self":[{"href":"https:\/\/www.prototehas.ee\/lv\/wp-json\/wp\/v2\/pages\/28916","targetHints":{"allow":["GET"]}}],"collection":[{"href":"https:\/\/www.prototehas.ee\/lv\/wp-json\/wp\/v2\/pages"}],"about":[{"href":"https:\/\/www.prototehas.ee\/lv\/wp-json\/wp\/v2\/types\/page"}],"author":[{"embeddable":true,"href":"https:\/\/www.prototehas.ee\/lv\/wp-json\/wp\/v2\/users\/19"}],"replies":[{"embeddable":true,"href":"https:\/\/www.prototehas.ee\/lv\/wp-json\/wp\/v2\/comments?post=28916"}],"version-history":[{"count":5,"href":"https:\/\/www.prototehas.ee\/lv\/wp-json\/wp\/v2\/pages\/28916\/revisions"}],"predecessor-version":[{"id":30984,"href":"https:\/\/www.prototehas.ee\/lv\/wp-json\/wp\/v2\/pages\/28916\/revisions\/30984"}],"wp:attachment":[{"href":"https:\/\/www.prototehas.ee\/lv\/wp-json\/wp\/v2\/media?parent=28916"}],"curies":[{"name":"wp","href":"https:\/\/api.w.org\/{rel}","templated":true}]}}