{"id":28965,"date":"2019-10-09T08:44:20","date_gmt":"2019-10-09T08:44:20","guid":{"rendered":"http:\/\/protodev.ee\/tutvumine-leiutiste-avastustehasega\/"},"modified":"2024-06-26T11:43:33","modified_gmt":"2024-06-26T11:43:33","slug":"iepazisanas-ar-izgudrojumu-atklasanas-rupnicu","status":"publish","type":"page","link":"https:\/\/www.prototehas.ee\/lv\/iepazisanas-ar-izgudrojumu-atklasanas-rupnicu\/","title":{"rendered":"IEPAZ\u012a\u0160AN\u0100S AR IZGUDROJUMU ATKL\u0100\u0160ANAS R\u016aPN\u012aCU"},"content":{"rendered":"[et_pb_section fb_built=&#8221;1&#8243; _builder_version=&#8221;4.16&#8243; background_color=&#8221;#fff0d9&#8243; background_enable_image=&#8221;off&#8221; locked=&#8221;off&#8221; global_colors_info=&#8221;{}&#8221;][et_pb_row admin_label=&#8221;Main heading&#8221; _builder_version=&#8221;4.24.2&#8243; _module_preset=&#8221;default&#8221; global_colors_info=&#8221;{}&#8221;][et_pb_column type=&#8221;4_4&#8243; _builder_version=&#8221;4.24.2&#8243; _module_preset=&#8221;default&#8221; global_colors_info=&#8221;{}&#8221;][et_pb_heading title=&#8221;IEPAZ\u012a\u0160AN\u0100S AR IZGUDROJUMU ATKL\u0100\u0160ANAS R\u016aPN\u012aCU&#8221; _builder_version=&#8221;4.24.2&#8243; _module_preset=&#8221;c9a4dd29-8345-43ea-bd4d-e73ae35e5717&#8243; hover_enabled=&#8221;0&#8243; global_colors_info=&#8221;{}&#8221; sticky_enabled=&#8221;0&#8243;][\/et_pb_heading][et_pb_text _builder_version=&#8221;4.24.2&#8243; _module_preset=&#8221;e179c0c4-c115-407d-a110-ebe813713cd6&#8243; custom_padding=&#8221;|90px||90px|false|false&#8221; custom_padding_tablet=&#8221;|20px||20px|false|false&#8221; custom_padding_phone=&#8221;|0px||0px|false|false&#8221; custom_padding_last_edited=&#8221;on|tablet&#8221; hover_enabled=&#8221;0&#8243; locked=&#8221;off&#8221; global_colors_info=&#8221;{}&#8221; sticky_enabled=&#8221;0&#8243;]<div class=\"flex flex-grow flex-col max-w-full\">\n<div data-message-author-role=\"assistant\" data-message-id=\"83222d75-bc9e-46b1-9bfa-4868566dd9e1\" dir=\"auto\" class=\"min-h-[20px] text-message flex flex-col items-start whitespace-pre-wrap break-words [.text-message+&amp;]:mt-5 juice:w-full juice:items-end overflow-x-auto gap-2\">\n<div class=\"flex w-full flex-col gap-1 juice:empty:hidden juice:first:pt-[3px]\">\n<div class=\"markdown prose w-full break-words dark:prose-invert light\">\n<p style=\"text-align: center;\"><strong>Iepaz\u012bsties ar tehnolo\u0123iju un zin\u0101tnes revol\u016bcijas br\u012bnumiem, kas main\u012bja pasauli l\u012bdz nepaz\u012b\u0161anai!<\/strong><\/p>\n<\/div>\n<\/div>\n<\/div>\n<\/div>[\/et_pb_text][\/et_pb_column][\/et_pb_row][et_pb_row column_structure=&#8221;1_2,1_2&#8243; use_custom_gutter=&#8221;on&#8221; gutter_width=&#8221;1&#8243; make_equal=&#8221;on&#8221; admin_label=&#8221;Card Image Right&#8221; _builder_version=&#8221;4.24.2&#8243; _module_preset=&#8221;default&#8221; background_color=&#8221;#FFFFFF&#8221; custom_margin=&#8221;25px||25px||false|false&#8221; custom_padding=&#8221;0px||0px||false|false&#8221; border_radii=&#8221;on|20px|20px|20px|20px&#8221; global_colors_info=&#8221;{}&#8221; custom_css_main_element_last_edited=&#8221;on|tablet&#8221;][et_pb_column type=&#8221;1_2&#8243; _builder_version=&#8221;4.24.2&#8243; _module_preset=&#8221;default&#8221; custom_padding=&#8221;|30px||30px|false|false&#8221; global_colors_info=&#8221;{}&#8221;][et_pb_text _builder_version=&#8221;4.24.2&#8243; _module_preset=&#8221;e179c0c4-c115-407d-a110-ebe813713cd6&#8243; custom_margin=&#8221;|0px|||false|false&#8221; custom_padding=&#8221;60px||30px|0px|false|false&#8221; global_colors_info=&#8221;{}&#8221;]<ol start=\"19\">\n<li>gadsimts bija tehnikas triumfa laikmets \u2013 rad\u0101s automa\u0161\u012bnas, g\u0101zes lampas nomain\u012bja elektrisk\u0101s lampas, tvaiks ar uzticamajiem iek\u0161dedzes dzin\u0113jiem, k\u0101 ar\u012b transporta, sakaru un ierakst\u012b\u0161anas l\u012bdzek\u013cu att\u012bst\u012bba padar\u012bja pasauli iev\u0113rojami pieejam\u0101ku. Cilv\u0113ka sp\u0113ja pieveikt dzi\u013cj\u016bru, kosmosu un zemes pla\u0161umus \u0161\u0137ita bezgal\u012bga.<\/li>\n<\/ol>\n<p>Pirm\u0101 ekspon\u0101ta atkl\u0101\u0161anas r\u016bpn\u012bc\u0101 \u013caus tev iedzi\u013cin\u0101ties 19. gadsimta br\u012bnumu pasaul\u0113 un iepaz\u012bties ar izgudrojumiem, ko pats var\u0113si izm\u0113\u0123in\u0101t, virzoties cauri centram. Virtu\u0101l\u0101 realit\u0101te pied\u0101v\u0101 tev r\u012bkus, ar kuriem sp\u0113l\u0113t un orient\u0113ties fant\u0101zijas vid\u0113s. P\u0101rliecino\u0161i virzies uz sare\u017e\u0123\u012bt\u0101kiem uzdevumiem, bet esi gatavs eksperimentiem ar zin\u0101tnieka r\u016bp\u012bbu!<\/p>[\/et_pb_text][\/et_pb_column][et_pb_column type=&#8221;1_2&#8243; _builder_version=&#8221;4.24.2&#8243; _module_preset=&#8221;default&#8221; global_colors_info=&#8221;{}&#8221;][et_pb_image src=&#8221;https:\/\/www.prototehas.ee\/wp-content\/uploads\/2024\/05\/pildid_veebi_519x519px56.png&#8221; alt=&#8221;Tutvumine leiutiste avastustehasega PROTO avastustehases&#8221; title_text=&#8221;Tutvumine leiutiste avastustehasega&#8221; show_bottom_space=&#8221;off&#8221; module_class=&#8221;pa-full-height-image-column&#8221; _builder_version=&#8221;4.24.2&#8243; _module_preset=&#8221;default&#8221; height=&#8221;100%&#8221; global_colors_info=&#8221;{}&#8221;][\/et_pb_image][\/et_pb_column][\/et_pb_row][et_pb_row column_structure=&#8221;1_2,1_2&#8243; use_custom_gutter=&#8221;on&#8221; gutter_width=&#8221;2&#8243; _builder_version=&#8221;4.24.2&#8243; _module_preset=&#8221;default&#8221; width=&#8221;95%&#8221; custom_margin=&#8221;||||false|false&#8221; locked=&#8221;off&#8221; global_colors_info=&#8221;{}&#8221;][et_pb_column type=&#8221;1_2&#8243; _builder_version=&#8221;4.24.2&#8243; _module_preset=&#8221;default&#8221; global_colors_info=&#8221;{}&#8221;][et_pb_blurb title=&#8221;IZGUDROJUMA TIPS&#8221; _builder_version=&#8221;4.24.2&#8243; _module_preset=&#8221;481f6fb3-e1ad-4711-b65b-226135c026c0&#8243; global_colors_info=&#8221;{}&#8221;]<p>Virtu\u0101l\u0101 realit\u0101te<\/p>[\/et_pb_blurb][et_pb_blurb title=&#8221;GR\u016aT\u012aBAS PAK\u0100PE&#8221; _builder_version=&#8221;4.24.2&#8243; _module_preset=&#8221;481f6fb3-e1ad-4711-b65b-226135c026c0&#8243; custom_margin=&#8221;||||false|false&#8221; locked=&#8221;off&#8221; global_colors_info=&#8221;{}&#8221;]<p>Viegla<\/p>[\/et_pb_blurb][et_pb_blurb title=&#8221;MAKSIM\u0100LAIS LIETOT\u0100JU SKAITS&#8221; _builder_version=&#8221;4.24.2&#8243; _module_preset=&#8221;481f6fb3-e1ad-4711-b65b-226135c026c0&#8243; custom_margin=&#8221;34px||||false|false&#8221; locked=&#8221;off&#8221; global_colors_info=&#8221;{}&#8221;]<p>6<\/p>[\/et_pb_blurb][\/et_pb_column][et_pb_column type=&#8221;1_2&#8243; _builder_version=&#8221;4.24.2&#8243; _module_preset=&#8221;default&#8221; global_colors_info=&#8221;{}&#8221;][et_pb_blurb title=&#8221;ILGUMS&#8221; _builder_version=&#8221;4.24.2&#8243; _module_preset=&#8221;481f6fb3-e1ad-4711-b65b-226135c026c0&#8243; custom_margin=&#8221;||||false|false&#8221; locked=&#8221;off&#8221; global_colors_info=&#8221;{}&#8221;]<p>3 min<\/p>[\/et_pb_blurb][et_pb_blurb title=&#8221;REZULT\u0100TU APR\u0112\u0136IN\u0100\u0160ANA&#8221; _builder_version=&#8221;4.24.2&#8243; _module_preset=&#8221;481f6fb3-e1ad-4711-b65b-226135c026c0&#8243; custom_margin=&#8221;30px||25px||false|false&#8221; global_colors_info=&#8221;{}&#8221;]<p>Ne<\/p>[\/et_pb_blurb][\/et_pb_column][\/et_pb_row][\/et_pb_section]<span class=\"et_bloom_bottom_trigger\"><\/span>","protected":false},"excerpt":{"rendered":"<p>Iepaz\u012bsties ar tehnolo\u0123iju un zin\u0101tnes revol\u016bcijas br\u012bnumiem, kas main\u012bja pasauli l\u012bdz nepaz\u012b\u0161anai! gadsimts bija tehnikas triumfa laikmets \u2013 rad\u0101s automa\u0161\u012bnas, g\u0101zes lampas nomain\u012bja elektrisk\u0101s lampas, tvaiks ar uzticamajiem iek\u0161dedzes dzin\u0113jiem, k\u0101 ar\u012b transporta, sakaru un ierakst\u012b\u0161anas l\u012bdzek\u013cu att\u012bst\u012bba padar\u012bja pasauli iev\u0113rojami pieejam\u0101ku. Cilv\u0113ka sp\u0113ja pieveikt dzi\u013cj\u016bru, kosmosu un zemes pla\u0161umus \u0161\u0137ita bezgal\u012bga. Pirm\u0101 ekspon\u0101ta atkl\u0101\u0161anas [&hellip;]<\/p>\n","protected":false},"author":15,"featured_media":0,"parent":0,"menu_order":0,"comment_status":"closed","ping_status":"closed","template":"","meta":{"_acf_changed":false,"_et_pb_use_builder":"on","_et_pb_old_content":"","_et_gb_content_width":"","inline_featured_image":false,"footnotes":""},"class_list":["post-28965","page","type-page","status-publish","hentry"],"acf":[],"yoast_head":"<!-- This site is optimized with the Yoast SEO plugin v26.9 - https:\/\/yoast.com\/product\/yoast-seo-wordpress\/ -->\n<title>IEPAZ\u012a\u0160AN\u0100S AR IZGUDROJUMU ATKL\u0100\u0160ANAS R\u016aPN\u012aCU - PROTO avastustehas<\/title>\n<meta name=\"robots\" content=\"index, follow, max-snippet:-1, max-image-preview:large, max-video-preview:-1\" \/>\n<link rel=\"canonical\" href=\"https:\/\/www.prototehas.ee\/lv\/iepazisanas-ar-izgudrojumu-atklasanas-rupnicu\/\" \/>\n<meta property=\"og:locale\" content=\"lv_LV\" \/>\n<meta property=\"og:type\" content=\"article\" \/>\n<meta property=\"og:title\" content=\"IEPAZ\u012a\u0160AN\u0100S AR IZGUDROJUMU ATKL\u0100\u0160ANAS R\u016aPN\u012aCU - PROTO avastustehas\" \/>\n<meta property=\"og:description\" content=\"Iepaz\u012bsties ar tehnolo\u0123iju un zin\u0101tnes revol\u016bcijas br\u012bnumiem, kas main\u012bja pasauli l\u012bdz nepaz\u012b\u0161anai! gadsimts bija tehnikas triumfa laikmets \u2013 rad\u0101s automa\u0161\u012bnas, g\u0101zes lampas nomain\u012bja elektrisk\u0101s lampas, tvaiks ar uzticamajiem iek\u0161dedzes dzin\u0113jiem, k\u0101 ar\u012b transporta, sakaru un ierakst\u012b\u0161anas l\u012bdzek\u013cu att\u012bst\u012bba padar\u012bja pasauli iev\u0113rojami pieejam\u0101ku. Cilv\u0113ka sp\u0113ja pieveikt dzi\u013cj\u016bru, kosmosu un zemes pla\u0161umus \u0161\u0137ita bezgal\u012bga. Pirm\u0101 ekspon\u0101ta atkl\u0101\u0161anas [&hellip;]\" \/>\n<meta property=\"og:url\" content=\"https:\/\/www.prototehas.ee\/lv\/iepazisanas-ar-izgudrojumu-atklasanas-rupnicu\/\" \/>\n<meta property=\"og:site_name\" content=\"PROTO avastustehas\" \/>\n<meta property=\"article:publisher\" content=\"https:\/\/www.facebook.com\/prototehas\/\" \/>\n<meta property=\"article:modified_time\" content=\"2024-06-26T11:43:33+00:00\" \/>\n<meta name=\"twitter:card\" content=\"summary_large_image\" \/>\n<meta name=\"twitter:label1\" content=\"Est. reading time\" \/>\n\t<meta name=\"twitter:data1\" content=\"2 minutes\" \/>\n<script type=\"application\/ld+json\" class=\"yoast-schema-graph\">{\"@context\":\"https:\/\/schema.org\",\"@graph\":[{\"@type\":\"WebPage\",\"@id\":\"https:\/\/www.prototehas.ee\/lv\/iepazisanas-ar-izgudrojumu-atklasanas-rupnicu\/\",\"url\":\"https:\/\/www.prototehas.ee\/lv\/iepazisanas-ar-izgudrojumu-atklasanas-rupnicu\/\",\"name\":\"IEPAZ\u012a\u0160AN\u0100S AR IZGUDROJUMU ATKL\u0100\u0160ANAS R\u016aPN\u012aCU - PROTO avastustehas\",\"isPartOf\":{\"@id\":\"https:\/\/www.prototehas.ee\/lv\/#website\"},\"datePublished\":\"2019-10-09T08:44:20+00:00\",\"dateModified\":\"2024-06-26T11:43:33+00:00\",\"breadcrumb\":{\"@id\":\"https:\/\/www.prototehas.ee\/lv\/iepazisanas-ar-izgudrojumu-atklasanas-rupnicu\/#breadcrumb\"},\"inLanguage\":\"lv-LV\",\"potentialAction\":[{\"@type\":\"ReadAction\",\"target\":[\"https:\/\/www.prototehas.ee\/lv\/iepazisanas-ar-izgudrojumu-atklasanas-rupnicu\/\"]}]},{\"@type\":\"BreadcrumbList\",\"@id\":\"https:\/\/www.prototehas.ee\/lv\/iepazisanas-ar-izgudrojumu-atklasanas-rupnicu\/#breadcrumb\",\"itemListElement\":[{\"@type\":\"ListItem\",\"position\":1,\"name\":\"Avaleht\",\"item\":\"https:\/\/www.prototehas.ee\/lv\/\"},{\"@type\":\"ListItem\",\"position\":2,\"name\":\"IEPAZ\u012a\u0160AN\u0100S AR IZGUDROJUMU ATKL\u0100\u0160ANAS R\u016aPN\u012aCU\"}]},{\"@type\":\"WebSite\",\"@id\":\"https:\/\/www.prototehas.ee\/lv\/#website\",\"url\":\"https:\/\/www.prototehas.ee\/lv\/\",\"name\":\"PROTO avastustehas\",\"description\":\"Where science meets fantasy\",\"publisher\":{\"@id\":\"https:\/\/www.prototehas.ee\/lv\/#organization\"},\"potentialAction\":[{\"@type\":\"SearchAction\",\"target\":{\"@type\":\"EntryPoint\",\"urlTemplate\":\"https:\/\/www.prototehas.ee\/lv\/?s={search_term_string}\"},\"query-input\":{\"@type\":\"PropertyValueSpecification\",\"valueRequired\":true,\"valueName\":\"search_term_string\"}}],\"inLanguage\":\"lv-LV\"},{\"@type\":\"Organization\",\"@id\":\"https:\/\/www.prototehas.ee\/lv\/#organization\",\"name\":\"PROTO avastustehas\",\"url\":\"https:\/\/www.prototehas.ee\/lv\/\",\"logo\":{\"@type\":\"ImageObject\",\"inLanguage\":\"lv-LV\",\"@id\":\"https:\/\/www.prototehas.ee\/lv\/#\/schema\/logo\/image\/\",\"url\":\"https:\/\/www.prototehas.ee\/wp-content\/uploads\/2019\/10\/prototehas_logo_et_2.svg\",\"contentUrl\":\"https:\/\/www.prototehas.ee\/wp-content\/uploads\/2019\/10\/prototehas_logo_et_2.svg\",\"width\":100,\"height\":100,\"caption\":\"PROTO avastustehas\"},\"image\":{\"@id\":\"https:\/\/www.prototehas.ee\/lv\/#\/schema\/logo\/image\/\"},\"sameAs\":[\"https:\/\/www.facebook.com\/prototehas\/\"]}]}<\/script>\n<!-- \/ Yoast SEO plugin. -->","yoast_head_json":{"title":"IEPAZ\u012a\u0160AN\u0100S AR IZGUDROJUMU ATKL\u0100\u0160ANAS R\u016aPN\u012aCU - PROTO avastustehas","robots":{"index":"index","follow":"follow","max-snippet":"max-snippet:-1","max-image-preview":"max-image-preview:large","max-video-preview":"max-video-preview:-1"},"canonical":"https:\/\/www.prototehas.ee\/lv\/iepazisanas-ar-izgudrojumu-atklasanas-rupnicu\/","og_locale":"lv_LV","og_type":"article","og_title":"IEPAZ\u012a\u0160AN\u0100S AR IZGUDROJUMU ATKL\u0100\u0160ANAS R\u016aPN\u012aCU - PROTO avastustehas","og_description":"Iepaz\u012bsties ar tehnolo\u0123iju un zin\u0101tnes revol\u016bcijas br\u012bnumiem, kas main\u012bja pasauli l\u012bdz nepaz\u012b\u0161anai! gadsimts bija tehnikas triumfa laikmets \u2013 rad\u0101s automa\u0161\u012bnas, g\u0101zes lampas nomain\u012bja elektrisk\u0101s lampas, tvaiks ar uzticamajiem iek\u0161dedzes dzin\u0113jiem, k\u0101 ar\u012b transporta, sakaru un ierakst\u012b\u0161anas l\u012bdzek\u013cu att\u012bst\u012bba padar\u012bja pasauli iev\u0113rojami pieejam\u0101ku. Cilv\u0113ka sp\u0113ja pieveikt dzi\u013cj\u016bru, kosmosu un zemes pla\u0161umus \u0161\u0137ita bezgal\u012bga. Pirm\u0101 ekspon\u0101ta atkl\u0101\u0161anas [&hellip;]","og_url":"https:\/\/www.prototehas.ee\/lv\/iepazisanas-ar-izgudrojumu-atklasanas-rupnicu\/","og_site_name":"PROTO avastustehas","article_publisher":"https:\/\/www.facebook.com\/prototehas\/","article_modified_time":"2024-06-26T11:43:33+00:00","twitter_card":"summary_large_image","twitter_misc":{"Est. reading time":"2 minutes"},"schema":{"@context":"https:\/\/schema.org","@graph":[{"@type":"WebPage","@id":"https:\/\/www.prototehas.ee\/lv\/iepazisanas-ar-izgudrojumu-atklasanas-rupnicu\/","url":"https:\/\/www.prototehas.ee\/lv\/iepazisanas-ar-izgudrojumu-atklasanas-rupnicu\/","name":"IEPAZ\u012a\u0160AN\u0100S AR IZGUDROJUMU ATKL\u0100\u0160ANAS R\u016aPN\u012aCU - PROTO avastustehas","isPartOf":{"@id":"https:\/\/www.prototehas.ee\/lv\/#website"},"datePublished":"2019-10-09T08:44:20+00:00","dateModified":"2024-06-26T11:43:33+00:00","breadcrumb":{"@id":"https:\/\/www.prototehas.ee\/lv\/iepazisanas-ar-izgudrojumu-atklasanas-rupnicu\/#breadcrumb"},"inLanguage":"lv-LV","potentialAction":[{"@type":"ReadAction","target":["https:\/\/www.prototehas.ee\/lv\/iepazisanas-ar-izgudrojumu-atklasanas-rupnicu\/"]}]},{"@type":"BreadcrumbList","@id":"https:\/\/www.prototehas.ee\/lv\/iepazisanas-ar-izgudrojumu-atklasanas-rupnicu\/#breadcrumb","itemListElement":[{"@type":"ListItem","position":1,"name":"Avaleht","item":"https:\/\/www.prototehas.ee\/lv\/"},{"@type":"ListItem","position":2,"name":"IEPAZ\u012a\u0160AN\u0100S AR IZGUDROJUMU ATKL\u0100\u0160ANAS R\u016aPN\u012aCU"}]},{"@type":"WebSite","@id":"https:\/\/www.prototehas.ee\/lv\/#website","url":"https:\/\/www.prototehas.ee\/lv\/","name":"PROTO avastustehas","description":"Where science meets fantasy","publisher":{"@id":"https:\/\/www.prototehas.ee\/lv\/#organization"},"potentialAction":[{"@type":"SearchAction","target":{"@type":"EntryPoint","urlTemplate":"https:\/\/www.prototehas.ee\/lv\/?s={search_term_string}"},"query-input":{"@type":"PropertyValueSpecification","valueRequired":true,"valueName":"search_term_string"}}],"inLanguage":"lv-LV"},{"@type":"Organization","@id":"https:\/\/www.prototehas.ee\/lv\/#organization","name":"PROTO avastustehas","url":"https:\/\/www.prototehas.ee\/lv\/","logo":{"@type":"ImageObject","inLanguage":"lv-LV","@id":"https:\/\/www.prototehas.ee\/lv\/#\/schema\/logo\/image\/","url":"https:\/\/www.prototehas.ee\/wp-content\/uploads\/2019\/10\/prototehas_logo_et_2.svg","contentUrl":"https:\/\/www.prototehas.ee\/wp-content\/uploads\/2019\/10\/prototehas_logo_et_2.svg","width":100,"height":100,"caption":"PROTO avastustehas"},"image":{"@id":"https:\/\/www.prototehas.ee\/lv\/#\/schema\/logo\/image\/"},"sameAs":["https:\/\/www.facebook.com\/prototehas\/"]}]}},"_links":{"self":[{"href":"https:\/\/www.prototehas.ee\/lv\/wp-json\/wp\/v2\/pages\/28965","targetHints":{"allow":["GET"]}}],"collection":[{"href":"https:\/\/www.prototehas.ee\/lv\/wp-json\/wp\/v2\/pages"}],"about":[{"href":"https:\/\/www.prototehas.ee\/lv\/wp-json\/wp\/v2\/types\/page"}],"author":[{"embeddable":true,"href":"https:\/\/www.prototehas.ee\/lv\/wp-json\/wp\/v2\/users\/15"}],"replies":[{"embeddable":true,"href":"https:\/\/www.prototehas.ee\/lv\/wp-json\/wp\/v2\/comments?post=28965"}],"version-history":[{"count":2,"href":"https:\/\/www.prototehas.ee\/lv\/wp-json\/wp\/v2\/pages\/28965\/revisions"}],"predecessor-version":[{"id":29881,"href":"https:\/\/www.prototehas.ee\/lv\/wp-json\/wp\/v2\/pages\/28965\/revisions\/29881"}],"wp:attachment":[{"href":"https:\/\/www.prototehas.ee\/lv\/wp-json\/wp\/v2\/media?parent=28965"}],"curies":[{"name":"wp","href":"https:\/\/api.w.org\/{rel}","templated":true}]}}