{"id":2992,"date":"2019-10-09T19:07:54","date_gmt":"2019-10-09T19:07:54","guid":{"rendered":"http:\/\/protodev.ee\/?page_id=2992"},"modified":"2025-01-08T09:51:32","modified_gmt":"2025-01-08T09:51:32","slug":"biletes","status":"publish","type":"page","link":"https:\/\/www.prototehas.ee\/lv\/biletes\/","title":{"rendered":"INFORM\u0100CIJA UN BI\u013bETES"},"content":{"rendered":"[et_pb_section fb_built=&#8221;1&#8243; _builder_version=&#8221;4.16&#8243; background_image=&#8221;https:\/\/www.prototehas.ee\/wp-content\/uploads\/2019\/11\/Fujifilm_Panorama3.jpg&#8221; width=&#8221;100%&#8221; custom_margin=&#8221;0px||||false|false&#8221; custom_padding=&#8221;13em||13em||true|false&#8221; locked=&#8221;off&#8221; global_colors_info=&#8221;{}&#8221;][\/et_pb_section][et_pb_section fb_built=&#8221;1&#8243; _builder_version=&#8221;4.16&#8243; background_enable_image=&#8221;off&#8221; global_colors_info=&#8221;{}&#8221;][et_pb_row _builder_version=&#8221;4.24.2&#8243; _module_preset=&#8221;default&#8221; custom_padding=&#8221;||2px|||&#8221; global_colors_info=&#8221;{}&#8221;][et_pb_column type=&#8221;4_4&#8243; _builder_version=&#8221;4.24.2&#8243; _module_preset=&#8221;default&#8221; global_colors_info=&#8221;{}&#8221;][et_pb_heading title=&#8221;BI\u013bETES&#8221; _builder_version=&#8221;4.24.2&#8243; _module_preset=&#8221;c9a4dd29-8345-43ea-bd4d-e73ae35e5717&#8243; title_level=&#8221;h1&#8243; global_colors_info=&#8221;{}&#8221;][\/et_pb_heading][\/et_pb_column][\/et_pb_row][et_pb_row column_structure=&#8221;1_2,1_2&#8243; use_custom_gutter=&#8221;on&#8221; gutter_width=&#8221;2&#8243; make_equal=&#8221;on&#8221; custom_padding_last_edited=&#8221;on|tablet&#8221; module_class=&#8221;two-col-mob two-col-tab&#8221; _builder_version=&#8221;4.24.2&#8243; _module_preset=&#8221;default&#8221; background_color=&#8221;RGBA(255,255,255,0)&#8221; width_tablet=&#8221;95%&#8221; width_phone=&#8221;95%&#8221; width_last_edited=&#8221;on|tablet&#8221; custom_margin=&#8221;||0px||false|false&#8221; custom_margin_tablet=&#8221;||0px||false|false&#8221; custom_margin_phone=&#8221;||-23px||false|false&#8221; custom_margin_last_edited=&#8221;on|phone&#8221; custom_padding=&#8221;||14px||false|false&#8221; custom_padding_tablet=&#8221;||24px||false|false&#8221; custom_padding_phone=&#8221;||24px||false|false&#8221; custom_css_free_form=&#8221;.et_pb_button .et-blurb-button {||  color: white!important;||}&#8221; global_colors_info=&#8221;{}&#8221;][et_pb_column type=&#8221;1_2&#8243; _builder_version=&#8221;4.24.2&#8243; _module_preset=&#8221;default&#8221; background_color=&#8221;RGBA(255,255,255,0)&#8221; border_radii=&#8221;on|12px|12px|12px|12px&#8221; global_colors_info=&#8221;{}&#8221;][et_pb_blurb title=&#8221;PILNA BI\u013bETE VIENAI PERSONAI&#8221; _builder_version=&#8221;4.24.2&#8243; _module_preset=&#8221;c1f2e19e-0c30-46db-8d04-67f547b76eb2&#8243; custom_padding_tablet=&#8221;&#8221; custom_padding_phone=&#8221;25px|10px|25px|10px|true|true&#8221; custom_padding_last_edited=&#8221;on|phone&#8221; header_line_height_tablet=&#8221;&#8221; header_line_height_phone=&#8221;1.2em&#8221; header_line_height_last_edited=&#8221;on|phone&#8221; custom_css_free_form=&#8221;.et-blurb-button {||  color: white!important;||}&#8221; global_colors_info=&#8221;{}&#8221;]<p style=\"text-align: center;\"><span style=\"color: #000000;\">No 19 gadu vecuma (ar\u012b) <\/span><br \/><span style=\"color: #000000;\"><strong>\u20ac16<\/strong>\u00a0(otrdiena<\/span> <span style=\"color: #000000;\">\u2013piektdiena)<\/span><br \/><span style=\"color: #000000;\"><strong>\u20ac20<\/strong>\u00a0(sestdiena\u2013sv\u0113tdiena)<\/span><\/p>\n<p><span hidden=\"\"><a href=\"#\" class=\"et_pb_button et-blurb-button\">P\u0112RC BI\u013bETI<\/a><\/span><\/p>[\/et_pb_blurb][\/et_pb_column][et_pb_column type=&#8221;1_2&#8243; _builder_version=&#8221;4.24.2&#8243; _module_preset=&#8221;default&#8221; background_color=&#8221;RGBA(255,255,255,0)&#8221; global_colors_info=&#8221;{}&#8221;][et_pb_blurb title=&#8221;\u0122IMENES BI\u013bETE&#8221; disabled_on=&#8221;off|off|off&#8221; _builder_version=&#8221;4.24.2&#8243; _module_preset=&#8221;c1f2e19e-0c30-46db-8d04-67f547b76eb2&#8243; custom_padding_tablet=&#8221;&#8221; custom_padding_phone=&#8221;25px|10px|25px|10px|true|true&#8221; custom_padding_last_edited=&#8221;on|phone&#8221; header_line_height_tablet=&#8221;&#8221; header_line_height_phone=&#8221;1.2em&#8221; header_line_height_last_edited=&#8221;on|phone&#8221; global_colors_info=&#8221;{}&#8221;]<p style=\"text-align: center;\"><span style=\"color: #000000;\">2 pieaugu\u0161ie un vi\u0146u nepilngad\u012bgie b\u0113rni<\/span><br \/><span style=\"color: #000000;\"><strong>\u20ac35<\/strong>\u00a0(otrdiena\u2013piektdiena)<\/span><br \/><span style=\"color: #000000;\"><strong>\u20ac40<\/strong>\u00a0(sestdiena\u2013sv\u0113tdiena)<\/span><\/p>\n<p><span hidden=\"\"><a href=\"#\" class=\"et_pb_button et-blurb-button\">P\u0112RC BI\u013bETI<\/a><\/span><\/p>[\/et_pb_blurb][\/et_pb_column][\/et_pb_row][et_pb_row column_structure=&#8221;1_2,1_2&#8243; use_custom_gutter=&#8221;on&#8221; gutter_width=&#8221;2&#8243; make_equal=&#8221;on&#8221; module_class=&#8221;two-col-mob two-col-tab&#8221; _builder_version=&#8221;4.24.2&#8243; _module_preset=&#8221;default&#8221; background_color=&#8221;RGBA(255,255,255,0)&#8221; width_tablet=&#8221;95%&#8221; width_phone=&#8221;95%&#8221; width_last_edited=&#8221;on|tablet&#8221; custom_padding=&#8221;14px||||false|false&#8221; global_colors_info=&#8221;{}&#8221;][et_pb_column type=&#8221;1_2&#8243; _builder_version=&#8221;4.24.2&#8243; _module_preset=&#8221;default&#8221; background_color=&#8221;RGBA(255,255,255,0)&#8221; border_radii=&#8221;on|12px|12px|12px|12px&#8221; global_colors_info=&#8221;{}&#8221;][et_pb_blurb title=&#8221;STUDENTU BI\u013bETE&#8221; _builder_version=&#8221;4.24.2&#8243; _module_preset=&#8221;c1f2e19e-0c30-46db-8d04-67f547b76eb2&#8243; custom_padding_tablet=&#8221;&#8221; custom_padding_phone=&#8221;25px|10px|25px|10px|true|true&#8221; custom_padding_last_edited=&#8221;on|phone&#8221; header_line_height_tablet=&#8221;&#8221; header_line_height_phone=&#8221;1.2em&#8221; header_line_height_last_edited=&#8221;on|phone&#8221; global_colors_info=&#8221;{}&#8221;]<p style=\"text-align: center;\"><span style=\"color: #000000;\">L\u012bdz 18 gadu vecumam (ar\u012b) <\/span><br><span style=\"color: #000000;\"><strong>\u20ac11<\/strong><\/span><strong><\/strong><strong><\/strong><\/p>\n<p><span hidden=\"\"><a href=\"#\" class=\"et_pb_button et-blurb-button\">P\u0112RC BI\u013bETI<\/a><\/span><\/p>[\/et_pb_blurb][\/et_pb_column][et_pb_column type=&#8221;1_2&#8243; _builder_version=&#8221;4.24.2&#8243; _module_preset=&#8221;default&#8221; background_color=&#8221;RGBA(255,255,255,0)&#8221; global_colors_info=&#8221;{}&#8221;][et_pb_blurb title=&#8221;ATLAIDES BI\u013bETE&#8221; _builder_version=&#8221;4.24.2&#8243; _module_preset=&#8221;c1f2e19e-0c30-46db-8d04-67f547b76eb2&#8243; custom_padding_tablet=&#8221;&#8221; custom_padding_phone=&#8221;25px|10px|25px|10px|true|true&#8221; custom_padding_last_edited=&#8221;on|phone&#8221; header_line_height_tablet=&#8221;&#8221; header_line_height_phone=&#8221;1.2em&#8221; header_line_height_last_edited=&#8221;on|phone&#8221; global_colors_info=&#8221;{}&#8221;]<p style=\"text-align: center;\"><span style=\"color: #000000;\">Attiecas uz pension\u0101riem un cilv\u0113kiem ar \u012bpa\u0161\u0101m vajadz\u012bb\u0101m (pamatojoties uz pier\u0101d\u012bjumu).<\/span><br \/><span style=\"color: #000000;\"><strong>\u20ac10<\/strong><\/span><\/p>\n<p><span hidden=\"\"><a href=\"#\" class=\"et_pb_button et-blurb-button\">P\u0112RC BI\u013bETI<\/a><\/span><\/p>[\/et_pb_blurb][\/et_pb_column][\/et_pb_row][et_pb_row _builder_version=&#8221;4.24.2&#8243; _module_preset=&#8221;default&#8221; global_colors_info=&#8221;{}&#8221;][et_pb_column type=&#8221;4_4&#8243; _builder_version=&#8221;4.24.2&#8243; _module_preset=&#8221;default&#8221; global_colors_info=&#8221;{}&#8221;][et_pb_text _builder_version=&#8221;4.24.2&#8243; _module_preset=&#8221;default&#8221; global_colors_info=&#8221;{}&#8221;]<p style=\"text-align: center;\"><span>B\u0113rni l\u012bdz 6 gadu vecumam (ar\u012b) un pavado\u0161\u0101 persona ar \u012bpa\u0161\u0101m vajadz\u012bb\u0101m <strong>BEZ MAKSAS<\/strong><\/span><\/p>[\/et_pb_text][et_pb_text _builder_version=&#8221;4.24.2&#8243; _module_preset=&#8221;default&#8221; global_colors_info=&#8221;{}&#8221;]<p style=\"text-align: center;\"><strong>*<\/strong> Bi\u013cetes ietver visu <a href=\"https:\/\/www.prototehas.ee\/lv\/keries-klat\/\" target=\"_blank\" rel=\"noopener noreferrer\">aktivit\u0101\u0161u ekspon\u0101tu<\/a> <span>izmanto\u0161anu<\/span> <span>un<\/span> <a href=\"https:\/\/www.prototehas.ee\/lv\/virtualaja-realitate\/\" target=\"_blank\" rel=\"noopener noreferrer\">virtu\u0101l\u0101s realit\u0101tes<\/a> <span>pieredzi, iz\u0146emot motorollera prototipu<\/span><\/p>[\/et_pb_text][\/et_pb_column][\/et_pb_row][et_pb_row disabled_on=&#8221;off|off|off&#8221; _builder_version=&#8221;4.24.2&#8243; _module_preset=&#8221;default&#8221; background_color=&#8221;#FFFFFF&#8221; module_alignment=&#8221;center&#8221; border_radii=&#8221;on|13px|13px|13px|13px&#8221; border_color_all=&#8221;#FFFFFF&#8221; global_colors_info=&#8221;{}&#8221;][et_pb_column type=&#8221;4_4&#8243; _builder_version=&#8221;4.24.2&#8243; _module_preset=&#8221;default&#8221; global_colors_info=&#8221;{}&#8221;][et_pb_heading title=&#8221;EKSKURSIJAS&#8221; _builder_version=&#8221;4.24.2&#8243; _module_preset=&#8221;default&#8221; title_text_align=&#8221;center&#8221; global_colors_info=&#8221;{}&#8221;][\/et_pb_heading][et_pb_text _builder_version=&#8221;4.24.2&#8243; _module_preset=&#8221;default&#8221; global_colors_info=&#8221;{}&#8221;]<p style=\"font-weight: 400; text-align: center;\"><strong><span style=\"color: #000000;\">GIDA PAKALPOJUMI GRUP\u0100M<\/span> &#8211;<\/strong> <span style=\"color: #000000;\">\u20ac56 (l\u012bdz 20 cilv\u0113kiem)<\/span><\/p>\n<p style=\"font-weight: 400; text-align: center;\"><strong><span style=\"color: #000000;\">EKSKURSIJA B\u0112RNU GRUP\u0100M<\/span> &#8211;<\/strong> <span style=\"color: #000000;\">11\u20ac\/skolniekam (da\u013ca no bi\u013cetes cenas)<\/span><\/p>\n<p style=\"font-weight: 400; text-align: center;\"><strong><\/strong><\/p>\n<p style=\"font-weight: 400; text-align: center;\"><strong><a href=\"https:\/\/www.prototehas.ee\/lv\/grupam\/\" target=\"_blank\" rel=\"noopener noreferrer\">VAIR\u0100K PAR GRUPU EKSKURSIJ\u0100M LASI \u0160EIT &gt;&gt;<\/a><\/strong><\/p>[\/et_pb_text][\/et_pb_column][\/et_pb_row][et_pb_row disabled_on=&#8221;off|off|off&#8221; _builder_version=&#8221;4.24.2&#8243; _module_preset=&#8221;default&#8221; background_color=&#8221;#6400FF&#8221; width=&#8221;95%&#8221; custom_padding=&#8221;50px||50px||false|false&#8221; border_radii=&#8221;on|14px|14px|14px|14px&#8221; global_colors_info=&#8221;{}&#8221;][et_pb_column type=&#8221;4_4&#8243; _builder_version=&#8221;4.24.2&#8243; _module_preset=&#8221;default&#8221; global_colors_info=&#8221;{}&#8221;][et_pb_heading title=&#8221;D\u0100VANU KARTES&#8221; _builder_version=&#8221;4.24.2&#8243; _module_preset=&#8221;default&#8221; title_text_align=&#8221;center&#8221; title_text_color=&#8221;#FFFFFF&#8221; module_alignment=&#8221;center&#8221; global_colors_info=&#8221;{}&#8221;][\/et_pb_heading][et_pb_text module_class=&#8221;regular-text&#8221; _builder_version=&#8221;4.24.2&#8243; text_font=&#8221;Amsi Pro Narrow Regular||||||||&#8221; text_text_color=&#8221;#FFFFFF&#8221; text_line_height=&#8221;21px&#8221; hover_enabled=&#8221;0&#8243; global_colors_info=&#8221;{}&#8221; sticky_enabled=&#8221;0&#8243;]<p style=\"text-align: center;\"><strong>STUDENTA D\u0100VANU KARTE<\/strong> * <strong>11 \u20ac<\/strong><\/p>\n<p style=\"text-align: center;\"><strong>D\u0100VANU KARTE VIENAI PERSONAI<\/strong> * <strong>\u20ac20<\/strong><\/p>\n<p style=\"text-align: center;\"><strong>\u0122IMENES APMEKL\u0112JUMA D\u0100VANU KARTE<\/strong> * <strong>\u20ac40<br \/><\/strong><\/p>\n<p style=\"text-align: center;\">[\/et_pb_text][et_pb_text _builder_version=&#8221;4.24.2&#8243; _module_preset=&#8221;default&#8221; global_colors_info=&#8221;{}&#8221;]<p style=\"text-align: center;\"><span style=\"color: #ffffff;\"><strong><a href=\"https:\/\/www.prototehas.ee\/lv\/davanu-karte\/\" target=\"_blank\" rel=\"noopener noreferrer\" style=\"color: #ffffff;\">VAIR\u0100K PAR D\u0100VANU KART\u0112M LASI \u0160EIT &gt;&gt;<\/a><\/strong><\/span><\/p>\n<p style=\"text-align: center;\">\n<p style=\"text-align: center;\"><em><span style=\"color: #ffffff;\"><strong>*<\/strong> D\u0101vanu karte ir der\u012bga vienu gadu no ieg\u0101des br\u012b\u017ea. D\u0101vanu kartes ietver visu aktivit\u0101\u0161u ekspon\u0101tu izmanto\u0161anu un virtu\u0101l\u0101s realit\u0101tes pieredzi. <\/span><\/em><\/p>[\/et_pb_text][\/et_pb_column][\/et_pb_row][et_pb_row _builder_version=&#8221;4.24.2&#8243; background_color=&#8221;#FFFFFF&#8221; border_radii=&#8221;on|13px|13px|13px|13px&#8221; global_colors_info=&#8221;{}&#8221;][et_pb_column type=&#8221;4_4&#8243; _builder_version=&#8221;4.16&#8243; global_colors_info=&#8221;{}&#8221;][et_pb_heading title=&#8221;ATLAIDES&#8221; _builder_version=&#8221;4.24.2&#8243; _module_preset=&#8221;default&#8221; title_level=&#8221;h2&#8243; title_text_align=&#8221;center&#8221; global_colors_info=&#8221;{}&#8221;][\/et_pb_heading][et_pb_text module_class=&#8221;regular-text&#8221; _builder_version=&#8221;4.24.2&#8243; text_font=&#8221;Amsi Pro Narrow Regular||||||||&#8221; text_text_color=&#8221;#000000&#8243; text_line_height=&#8221;21px&#8221; global_colors_info=&#8221;{}&#8221;]<p style=\"text-align: center;\"><strong><a href=\"https:\/\/www.visittallinn.ee\/est\/turist\/mida-teha\/aktiivne-puhkus\/pid-180045\/proto-avastustehas\" target=\"_blank\" rel=\"noopener noreferrer\">Tallinn Card<\/a><\/strong> \u2013 ieeja bez maksas.<\/p>\n<p style=\"text-align: center;\"><strong><a href=\"https:\/\/muuseumikaart.ee\/muuseumid\/proto-avastustehas\/\">Muzeja karte<\/a><\/strong> \u2013 ieeja bez maksas.<\/p>\n<p style=\"text-align: center;\"><strong><a href=\"https:\/\/www.tallink.ee\/et\/club-one\">Club One<\/a><\/strong> &#8211; 10% atlaide. Der\u012bgs pilnas un \u0123imenes bi\u013cet\u0113m. Vienlaic\u012bgi var ieg\u0101d\u0101ties l\u012bdz 2 bi\u013cet\u0113m.  <\/p>\n<p style=\"text-align: center;\"><a href=\"https:\/\/www.perekaart.ee\/soodustused\/607\"><strong>\u0122imenes karte<\/strong><\/a> &#8211; 22-30% atlaide. Magn\u0113tisk\u0101 karte \u0123imen\u0113m ar b\u0113rniem der\u012bga pilnai, \u0123imenes, studentu un atlai\u017eu bi\u013cet\u0113m. <\/p>\n<p style=\"text-align: center;\"><strong><a href=\"https:\/\/isic.ee\/soodustused\/?providerId=253243\">ISIC karte<\/a><\/strong> &amp; <a href=\"https:\/\/esncard.org\/discount\/proto-invention-factory\"><strong>ESN karte<\/strong><\/a> &#8211; parast\u0101s cenas bi\u013cetes par 20% l\u0113t\u0101kas.<\/p>[\/et_pb_text][\/et_pb_column][\/et_pb_row][\/et_pb_section]<span class=\"et_bloom_bottom_trigger\"><\/span>","protected":false},"excerpt":{"rendered":"<p>No 19 gadu vecuma (ar\u012b) \u20ac16\u00a0(otrdiena \u2013piektdiena)\u20ac20\u00a0(sestdiena\u2013sv\u0113tdiena) P\u0112RC BI\u013bETI2 pieaugu\u0161ie un vi\u0146u nepilngad\u012bgie b\u0113rni\u20ac35\u00a0(otrdiena\u2013piektdiena)\u20ac40\u00a0(sestdiena\u2013sv\u0113tdiena) P\u0112RC BI\u013bETIL\u012bdz 18 gadu vecumam (ar\u012b) \u20ac11 P\u0112RC BI\u013bETIAttiecas uz pension\u0101riem un cilv\u0113kiem ar \u012bpa\u0161\u0101m vajadz\u012bb\u0101m (pamatojoties uz pier\u0101d\u012bjumu).\u20ac10 P\u0112RC BI\u013bETIB\u0113rni l\u012bdz 6 gadu vecumam (ar\u012b) un pavado\u0161\u0101 persona ar \u012bpa\u0161\u0101m vajadz\u012bb\u0101m BEZ MAKSAS* Bi\u013cetes ietver visu aktivit\u0101\u0161u ekspon\u0101tu izmanto\u0161anu un [&hellip;]<\/p>\n","protected":false},"author":15,"featured_media":0,"parent":0,"menu_order":0,"comment_status":"closed","ping_status":"closed","template":"","meta":{"_acf_changed":false,"_et_pb_use_builder":"on","_et_pb_old_content":"","_et_gb_content_width":"","inline_featured_image":false,"footnotes":""},"class_list":["post-2992","page","type-page","status-publish","hentry"],"acf":[],"yoast_head":"<!-- This site is optimized with the Yoast SEO plugin v26.9 - https:\/\/yoast.com\/product\/yoast-seo-wordpress\/ -->\n<title>Inform\u0101cija un bi\u013cetes - Elamuskeskus - PROTO avastustehas<\/title>\n<meta name=\"description\" content=\"CENAS: Pilna bi\u013cete vienai personai maks\u0101 14 eiro. \u0122imenes bi\u013cete maks\u0101 32 eiro. B\u0113rni, kas jaun\u0101ki par 6 gadiem, iek\u013c\u016bst bez maksas. \u27a4 Skat\u012bt vair\u0101k!\" \/>\n<meta name=\"robots\" content=\"index, follow, max-snippet:-1, max-image-preview:large, max-video-preview:-1\" \/>\n<link rel=\"canonical\" href=\"https:\/\/www.prototehas.ee\/lv\/biletes\/\" \/>\n<meta property=\"og:locale\" content=\"lv_LV\" \/>\n<meta property=\"og:type\" content=\"article\" \/>\n<meta property=\"og:title\" content=\"Inform\u0101cija un bi\u013cetes - Elamuskeskus - PROTO avastustehas\" \/>\n<meta property=\"og:description\" content=\"CENAS: Pilna bi\u013cete vienai personai maks\u0101 14 eiro. \u0122imenes bi\u013cete maks\u0101 32 eiro. B\u0113rni, kas jaun\u0101ki par 6 gadiem, iek\u013c\u016bst bez maksas. \u27a4 Skat\u012bt vair\u0101k!\" \/>\n<meta property=\"og:url\" content=\"https:\/\/www.prototehas.ee\/lv\/biletes\/\" \/>\n<meta property=\"og:site_name\" content=\"PROTO avastustehas\" \/>\n<meta property=\"article:publisher\" content=\"https:\/\/www.facebook.com\/prototehas\/\" \/>\n<meta property=\"article:modified_time\" content=\"2025-01-08T09:51:32+00:00\" \/>\n<meta name=\"twitter:card\" content=\"summary_large_image\" \/>\n<meta name=\"twitter:label1\" content=\"Est. reading time\" \/>\n\t<meta name=\"twitter:data1\" content=\"3 minutes\" \/>\n<script type=\"application\/ld+json\" class=\"yoast-schema-graph\">{\"@context\":\"https:\/\/schema.org\",\"@graph\":[{\"@type\":\"WebPage\",\"@id\":\"https:\/\/www.prototehas.ee\/lv\/biletes\/\",\"url\":\"https:\/\/www.prototehas.ee\/lv\/biletes\/\",\"name\":\"Inform\u0101cija un bi\u013cetes - Elamuskeskus - PROTO avastustehas\",\"isPartOf\":{\"@id\":\"https:\/\/www.prototehas.ee\/lv\/#website\"},\"datePublished\":\"2019-10-09T19:07:54+00:00\",\"dateModified\":\"2025-01-08T09:51:32+00:00\",\"description\":\"CENAS: Pilna bi\u013cete vienai personai maks\u0101 14 eiro. \u0122imenes bi\u013cete maks\u0101 32 eiro. B\u0113rni, kas jaun\u0101ki par 6 gadiem, iek\u013c\u016bst bez maksas. \u27a4 Skat\u012bt vair\u0101k!\",\"breadcrumb\":{\"@id\":\"https:\/\/www.prototehas.ee\/lv\/biletes\/#breadcrumb\"},\"inLanguage\":\"lv-LV\",\"potentialAction\":[{\"@type\":\"ReadAction\",\"target\":[\"https:\/\/www.prototehas.ee\/lv\/biletes\/\"]}]},{\"@type\":\"BreadcrumbList\",\"@id\":\"https:\/\/www.prototehas.ee\/lv\/biletes\/#breadcrumb\",\"itemListElement\":[{\"@type\":\"ListItem\",\"position\":1,\"name\":\"Avaleht\",\"item\":\"https:\/\/www.prototehas.ee\/lv\/\"},{\"@type\":\"ListItem\",\"position\":2,\"name\":\"INFORM\u0100CIJA UN BI\u013bETES\"}]},{\"@type\":\"WebSite\",\"@id\":\"https:\/\/www.prototehas.ee\/lv\/#website\",\"url\":\"https:\/\/www.prototehas.ee\/lv\/\",\"name\":\"PROTO avastustehas\",\"description\":\"Where science meets fantasy\",\"publisher\":{\"@id\":\"https:\/\/www.prototehas.ee\/lv\/#organization\"},\"potentialAction\":[{\"@type\":\"SearchAction\",\"target\":{\"@type\":\"EntryPoint\",\"urlTemplate\":\"https:\/\/www.prototehas.ee\/lv\/?s={search_term_string}\"},\"query-input\":{\"@type\":\"PropertyValueSpecification\",\"valueRequired\":true,\"valueName\":\"search_term_string\"}}],\"inLanguage\":\"lv-LV\"},{\"@type\":\"Organization\",\"@id\":\"https:\/\/www.prototehas.ee\/lv\/#organization\",\"name\":\"PROTO avastustehas\",\"url\":\"https:\/\/www.prototehas.ee\/lv\/\",\"logo\":{\"@type\":\"ImageObject\",\"inLanguage\":\"lv-LV\",\"@id\":\"https:\/\/www.prototehas.ee\/lv\/#\/schema\/logo\/image\/\",\"url\":\"https:\/\/www.prototehas.ee\/wp-content\/uploads\/2019\/10\/prototehas_logo_et_2.svg\",\"contentUrl\":\"https:\/\/www.prototehas.ee\/wp-content\/uploads\/2019\/10\/prototehas_logo_et_2.svg\",\"width\":100,\"height\":100,\"caption\":\"PROTO avastustehas\"},\"image\":{\"@id\":\"https:\/\/www.prototehas.ee\/lv\/#\/schema\/logo\/image\/\"},\"sameAs\":[\"https:\/\/www.facebook.com\/prototehas\/\"]}]}<\/script>\n<!-- \/ Yoast SEO plugin. -->","yoast_head_json":{"title":"Inform\u0101cija un bi\u013cetes - Elamuskeskus - PROTO avastustehas","description":"CENAS: Pilna bi\u013cete vienai personai maks\u0101 14 eiro. \u0122imenes bi\u013cete maks\u0101 32 eiro. B\u0113rni, kas jaun\u0101ki par 6 gadiem, iek\u013c\u016bst bez maksas. \u27a4 Skat\u012bt vair\u0101k!","robots":{"index":"index","follow":"follow","max-snippet":"max-snippet:-1","max-image-preview":"max-image-preview:large","max-video-preview":"max-video-preview:-1"},"canonical":"https:\/\/www.prototehas.ee\/lv\/biletes\/","og_locale":"lv_LV","og_type":"article","og_title":"Inform\u0101cija un bi\u013cetes - Elamuskeskus - PROTO avastustehas","og_description":"CENAS: Pilna bi\u013cete vienai personai maks\u0101 14 eiro. \u0122imenes bi\u013cete maks\u0101 32 eiro. B\u0113rni, kas jaun\u0101ki par 6 gadiem, iek\u013c\u016bst bez maksas. \u27a4 Skat\u012bt vair\u0101k!","og_url":"https:\/\/www.prototehas.ee\/lv\/biletes\/","og_site_name":"PROTO avastustehas","article_publisher":"https:\/\/www.facebook.com\/prototehas\/","article_modified_time":"2025-01-08T09:51:32+00:00","twitter_card":"summary_large_image","twitter_misc":{"Est. reading time":"3 minutes"},"schema":{"@context":"https:\/\/schema.org","@graph":[{"@type":"WebPage","@id":"https:\/\/www.prototehas.ee\/lv\/biletes\/","url":"https:\/\/www.prototehas.ee\/lv\/biletes\/","name":"Inform\u0101cija un bi\u013cetes - Elamuskeskus - PROTO avastustehas","isPartOf":{"@id":"https:\/\/www.prototehas.ee\/lv\/#website"},"datePublished":"2019-10-09T19:07:54+00:00","dateModified":"2025-01-08T09:51:32+00:00","description":"CENAS: Pilna bi\u013cete vienai personai maks\u0101 14 eiro. \u0122imenes bi\u013cete maks\u0101 32 eiro. B\u0113rni, kas jaun\u0101ki par 6 gadiem, iek\u013c\u016bst bez maksas. \u27a4 Skat\u012bt vair\u0101k!","breadcrumb":{"@id":"https:\/\/www.prototehas.ee\/lv\/biletes\/#breadcrumb"},"inLanguage":"lv-LV","potentialAction":[{"@type":"ReadAction","target":["https:\/\/www.prototehas.ee\/lv\/biletes\/"]}]},{"@type":"BreadcrumbList","@id":"https:\/\/www.prototehas.ee\/lv\/biletes\/#breadcrumb","itemListElement":[{"@type":"ListItem","position":1,"name":"Avaleht","item":"https:\/\/www.prototehas.ee\/lv\/"},{"@type":"ListItem","position":2,"name":"INFORM\u0100CIJA UN BI\u013bETES"}]},{"@type":"WebSite","@id":"https:\/\/www.prototehas.ee\/lv\/#website","url":"https:\/\/www.prototehas.ee\/lv\/","name":"PROTO avastustehas","description":"Where science meets fantasy","publisher":{"@id":"https:\/\/www.prototehas.ee\/lv\/#organization"},"potentialAction":[{"@type":"SearchAction","target":{"@type":"EntryPoint","urlTemplate":"https:\/\/www.prototehas.ee\/lv\/?s={search_term_string}"},"query-input":{"@type":"PropertyValueSpecification","valueRequired":true,"valueName":"search_term_string"}}],"inLanguage":"lv-LV"},{"@type":"Organization","@id":"https:\/\/www.prototehas.ee\/lv\/#organization","name":"PROTO avastustehas","url":"https:\/\/www.prototehas.ee\/lv\/","logo":{"@type":"ImageObject","inLanguage":"lv-LV","@id":"https:\/\/www.prototehas.ee\/lv\/#\/schema\/logo\/image\/","url":"https:\/\/www.prototehas.ee\/wp-content\/uploads\/2019\/10\/prototehas_logo_et_2.svg","contentUrl":"https:\/\/www.prototehas.ee\/wp-content\/uploads\/2019\/10\/prototehas_logo_et_2.svg","width":100,"height":100,"caption":"PROTO avastustehas"},"image":{"@id":"https:\/\/www.prototehas.ee\/lv\/#\/schema\/logo\/image\/"},"sameAs":["https:\/\/www.facebook.com\/prototehas\/"]}]}},"_links":{"self":[{"href":"https:\/\/www.prototehas.ee\/lv\/wp-json\/wp\/v2\/pages\/2992","targetHints":{"allow":["GET"]}}],"collection":[{"href":"https:\/\/www.prototehas.ee\/lv\/wp-json\/wp\/v2\/pages"}],"about":[{"href":"https:\/\/www.prototehas.ee\/lv\/wp-json\/wp\/v2\/types\/page"}],"author":[{"embeddable":true,"href":"https:\/\/www.prototehas.ee\/lv\/wp-json\/wp\/v2\/users\/15"}],"replies":[{"embeddable":true,"href":"https:\/\/www.prototehas.ee\/lv\/wp-json\/wp\/v2\/comments?post=2992"}],"version-history":[{"count":5,"href":"https:\/\/www.prototehas.ee\/lv\/wp-json\/wp\/v2\/pages\/2992\/revisions"}],"predecessor-version":[{"id":32762,"href":"https:\/\/www.prototehas.ee\/lv\/wp-json\/wp\/v2\/pages\/2992\/revisions\/32762"}],"wp:attachment":[{"href":"https:\/\/www.prototehas.ee\/lv\/wp-json\/wp\/v2\/media?parent=2992"}],"curies":[{"name":"wp","href":"https:\/\/api.w.org\/{rel}","templated":true}]}}