{"id":31447,"date":"2020-09-30T10:24:40","date_gmt":"2020-09-30T10:24:40","guid":{"rendered":"https:\/\/www.prototehas.ee\/oppeprogramm-leiutajaks-sundinud\/"},"modified":"2026-02-09T15:52:42","modified_gmt":"2026-02-09T15:52:42","slug":"oppeprogramm-leiutajaks-sundinud","status":"publish","type":"page","link":"https:\/\/www.prototehas.ee\/lv\/oppeprogramm-leiutajaks-sundinud\/","title":{"rendered":"\u00d5PPEPROGRAMM \u201eLEIUTAJAKS S\u00dcNDINUD\u201c"},"content":{"rendered":"[et_pb_section fb_built=&#8221;1&#8243; _builder_version=&#8221;4.16&#8243; background_image=&#8221;https:\/\/www.prototehas.ee\/wp-content\/uploads\/2020\/09\/Fujifilm_Panorama3-2.jpg&#8221; custom_margin=&#8221;0px||||false|false&#8221; custom_padding=&#8221;13em||13em||true|false&#8221; global_colors_info=&#8221;{}&#8221;][\/et_pb_section][et_pb_section fb_built=&#8221;1&#8243; _builder_version=&#8221;4.16&#8243; background_enable_image=&#8221;off&#8221; global_colors_info=&#8221;{}&#8221;][et_pb_row admin_label=&#8221;Eesti Maitsed&#8221; _builder_version=&#8221;4.24.2&#8243; _module_preset=&#8221;default&#8221; width=&#8221;95%&#8221; locked=&#8221;off&#8221; global_colors_info=&#8221;{}&#8221;][et_pb_column type=&#8221;4_4&#8243; _builder_version=&#8221;4.16&#8243; _module_preset=&#8221;default&#8221; global_colors_info=&#8221;{}&#8221;][et_pb_heading title=&#8221;\u00d5PPEPROGRAMM \u201eLEIUTAJAKS S\u00dcNDINUD\u201c&#8221; _builder_version=&#8221;4.24.2&#8243; _module_preset=&#8221;c9a4dd29-8345-43ea-bd4d-e73ae35e5717&#8243; global_colors_info=&#8221;{}&#8221;][\/et_pb_heading][et_pb_text _builder_version=&#8221;4.24.2&#8243; _module_preset=&#8221;e179c0c4-c115-407d-a110-ebe813713cd6&#8243; custom_padding=&#8221;|90px||90px|false|false&#8221; custom_padding_tablet=&#8221;|20px||20px|false|false&#8221; custom_padding_phone=&#8221;|0px||0px|false|false&#8221; custom_padding_last_edited=&#8221;on|tablet&#8221; hover_enabled=&#8221;0&#8243; global_colors_info=&#8221;{}&#8221; sticky_enabled=&#8221;0&#8243;]<p style=\"text-align: center;\"><strong>Vanus:<\/strong> lasteaed (koolieelikud) ja <span style=\"font-size: 18px;\"><span>1.-3. klass<\/span><\/span><br \/><strong>Aeg:<\/strong> 60 minutit (lasteaed) v\u00f5i 75 minutit (1.-3. klass)<\/p>[\/et_pb_text][\/et_pb_column][\/et_pb_row][et_pb_row column_structure=&#8221;1_2,1_2&#8243; use_custom_gutter=&#8221;on&#8221; gutter_width=&#8221;2&#8243; _builder_version=&#8221;4.24.2&#8243; _module_preset=&#8221;default&#8221; width=&#8221;95%&#8221; custom_margin=&#8221;||||false|false&#8221; locked=&#8221;off&#8221; global_colors_info=&#8221;{}&#8221;][et_pb_column type=&#8221;1_2&#8243; _builder_version=&#8221;4.24.2&#8243; _module_preset=&#8221;default&#8221; global_colors_info=&#8221;{}&#8221;][et_pb_blurb title=&#8221;M\u00c4RKS\u00d5NAD&#8221; _builder_version=&#8221;4.24.2&#8243; _module_preset=&#8221;481f6fb3-e1ad-4711-b65b-226135c026c0&#8243; global_colors_info=&#8221;{}&#8221;]<p>Leiutaja, leiutamine, idee, asi, probleem, m\u00e4ng, kuuma\u00f5hupall, <br \/>allveelaev, rakett.<\/p>[\/et_pb_blurb][et_pb_blurb title=&#8221;eesm\u00e4rgid&#8221; _builder_version=&#8221;4.24.2&#8243; _module_preset=&#8221;481f6fb3-e1ad-4711-b65b-226135c026c0&#8243; custom_margin=&#8221;||||false|false&#8221; locked=&#8221;off&#8221; global_colors_info=&#8221;{}&#8221;]<p style=\"text-align: left;\">* Selgitada ja m\u00f5testada m\u00f5isteid leiutis ja leiutamine.<br \/>* Arendada sotsiaalseid oskusi ja koost\u00f6\u00f6v\u00f5imet ning siduda tegevusi igap\u00e4evaeluga.<br \/>* Arendada oma ideede v\u00e4ljendamis- ja k\u00fcsimuste k\u00fcsimisoskust.<br \/>* Laiendada silmaringi ja arendada k\u00e4elist osavust.<\/p>[\/et_pb_blurb][\/et_pb_column][et_pb_column type=&#8221;1_2&#8243; _builder_version=&#8221;4.24.2&#8243; _module_preset=&#8221;default&#8221; global_colors_info=&#8221;{}&#8221;][et_pb_blurb title=&#8221;SISUTUTVUSTUS&#8221; _builder_version=&#8221;4.24.2&#8243; _module_preset=&#8221;481f6fb3-e1ad-4711-b65b-226135c026c0&#8243; custom_margin=&#8221;||||false|false&#8221; locked=&#8221;off&#8221; global_colors_info=&#8221;{}&#8221;]<p style=\"text-align: left;\"><span style=\"font-weight: 400;\">M\u00f5nikord on tarvis suurelt unistada ja katsetada ning ka eba\u00f5nnestuda, et saaks s\u00fcndida midagi erakordset, mis muudab maailma. PROTO avastustehas on pungil fantastilisi ideid ja katsetusi, kuidas inimene saaks lennata \u00f5hus, sukelduda vee alla v\u00f5i s\u00f5ita kiiresti maa peal.\u00a0<\/span><\/p>\n<p style=\"text-align: left;\"><span style=\"font-weight: 400;\">\u00d5ppeprogramm \u201cLeiutajaks s\u00fcndinud\u201d jaguneb kaheks osaks: esimeses pooles asume m\u00e4ngulisele avastusretkele vanas allveelaeva tehases, kus uurime, kuidas leiutamisoskus meie igap\u00e4evaelu rikastab ja muudab. Tunni teises pooles liigume <\/span><b>LEIUTAJATE LABORISSE<\/b><span style=\"font-weight: 400;\">, kus kehastume ise leiutajateks ja ehitame endale raketid, millega lendame maailma ja teisi planeete avastama.<\/span><\/p>[\/et_pb_blurb][et_pb_blurb title=&#8221;Seosed \u00f5ppekavaga&#8221; _builder_version=&#8221;4.24.2&#8243; _module_preset=&#8221;481f6fb3-e1ad-4711-b65b-226135c026c0&#8243; custom_margin=&#8221;30px||25px||false|false&#8221; global_colors_info=&#8221;{}&#8221;]<p style=\"text-align: left;\">* Laps m\u00f5tleb ja tegutseb loovalt ning oskab end v\u00e4ljendada loominguliselt.<br \/>* Laps oskab tuua n\u00e4iteid m\u00f5nest leiutisest ning m\u00f5istab \u00fcldjoontes, kes on leiutaja.<br \/>* Lapse kujutlusv\u00f5ime ja fantaasia areneb.<\/p>[\/et_pb_blurb][\/et_pb_column][\/et_pb_row][et_pb_row use_custom_gutter=&#8221;on&#8221; gutter_width=&#8221;1&#8243; admin_label=&#8221;Eesti Maitsed&#8221; _builder_version=&#8221;4.24.2&#8243; _module_preset=&#8221;default&#8221; width=&#8221;100%&#8221; locked=&#8221;off&#8221; global_colors_info=&#8221;{}&#8221;][et_pb_column type=&#8221;4_4&#8243; _builder_version=&#8221;4.16&#8243; _module_preset=&#8221;default&#8221; global_colors_info=&#8221;{}&#8221;][et_pb_heading title=&#8221;FOTOGALERII&#8221; _builder_version=&#8221;4.24.2&#8243; _module_preset=&#8221;c9a4dd29-8345-43ea-bd4d-e73ae35e5717&#8243; custom_margin=&#8221;||30px||false|false&#8221; global_colors_info=&#8221;{}&#8221;][\/et_pb_heading][et_pb_gallery gallery_ids=&#8221;27466,27471,27481,27486&#8243; posts_number=&#8221;8&#8243; show_title_and_caption=&#8221;off&#8221; show_pagination=&#8221;off&#8221; zoom_icon_color=&#8221;#6400FF&#8221; hover_overlay_color=&#8221;rgba(255,255,255,0.52)&#8221; hover_icon=&#8221;&#x2d;||divi||400&#8243; module_class=&#8221;col-width&#8221; _builder_version=&#8221;4.24.2&#8243; _module_preset=&#8221;default&#8221; custom_margin=&#8221;||||false|false&#8221; custom_margin_tablet=&#8221;||||false|false&#8221; custom_margin_phone=&#8221;||||false|false&#8221; custom_margin_last_edited=&#8221;on|tablet&#8221; custom_padding=&#8221;|10px||10px|false|false&#8221; border_width_all=&#8221;14px&#8221; border_color_all=&#8221;RGBA(255,255,255,0)&#8221; border_width_all_tablet=&#8221;14px&#8221; border_width_all_phone=&#8221;6px&#8221; border_width_all_last_edited=&#8221;on|phone&#8221; border_radii_image=&#8221;on|12px|12px|12px|12px&#8221; global_colors_info=&#8221;{}&#8221;][\/et_pb_gallery][\/et_pb_column][\/et_pb_row][et_pb_row admin_label=&#8221;Eesti Maitsed&#8221; _builder_version=&#8221;4.24.2&#8243; _module_preset=&#8221;default&#8221; locked=&#8221;off&#8221; global_colors_info=&#8221;{}&#8221;][et_pb_column type=&#8221;4_4&#8243; _builder_version=&#8221;4.16&#8243; _module_preset=&#8221;default&#8221; global_colors_info=&#8221;{}&#8221;][et_pb_heading title=&#8221;BRONEERI \u00d5PPEPROGRAMM&#8221; _builder_version=&#8221;4.24.2&#8243; _module_preset=&#8221;default&#8221; title_text_align=&#8221;center&#8221; global_colors_info=&#8221;{}&#8221;][\/et_pb_heading][et_pb_text _builder_version=&#8221;4.24.2&#8243; _module_preset=&#8221;e179c0c4-c115-407d-a110-ebe813713cd6&#8243; global_colors_info=&#8221;{}&#8221;]<p class=\"p1\"><b>Saada <\/b><a href=\"https:\/\/www.prototehas.ee\/oppeprogrammide-paring\/\"><span class=\"s1\"><b>P\u00c4RING<\/b><\/span><\/a><b> v\u00f5i vaata haridusprogrammide <\/b><a href=\"https:\/\/www.prototehas.ee\/lv\/haridusprogrammide-tellimisinfo\/\"><span class=\"s1\"><b>TELLIMISINFOT.<\/b><\/span><\/a><\/p>\n<p class=\"p2\">[\/et_pb_text][et_pb_button button_url=&#8221;https:\/\/www.prototehas.ee\/oppeprogrammide-paring\/&#8221; button_text=&#8221;SAADA P\u00c4RING&#8221; button_alignment=&#8221;center&#8221; _builder_version=&#8221;4.24.2&#8243; _module_preset=&#8221;f68e210a-7307-4655-825f-63256ae554ce&#8221; global_colors_info=&#8221;{}&#8221;][\/et_pb_button][\/et_pb_column][\/et_pb_row][\/et_pb_section]<span class=\"et_bloom_bottom_trigger\"><\/span>","protected":false},"excerpt":{"rendered":"<p>Vanus: lasteaed (koolieelikud) ja 1.-3. klassAeg: 60 minutit (lasteaed) v\u00f5i 75 minutit (1.-3. klass)Leiutaja, leiutamine, idee, asi, probleem, m\u00e4ng, kuuma\u00f5hupall, allveelaev, rakett.* Selgitada ja m\u00f5testada m\u00f5isteid leiutis ja leiutamine.* Arendada sotsiaalseid oskusi ja koost\u00f6\u00f6v\u00f5imet ning siduda tegevusi igap\u00e4evaeluga.* Arendada oma ideede v\u00e4ljendamis- ja k\u00fcsimuste k\u00fcsimisoskust.* Laiendada silmaringi ja arendada k\u00e4elist osavust.M\u00f5nikord on tarvis suurelt unistada [&hellip;]<\/p>\n","protected":false},"author":15,"featured_media":0,"parent":0,"menu_order":0,"comment_status":"closed","ping_status":"closed","template":"","meta":{"_acf_changed":false,"_et_pb_use_builder":"on","_et_pb_old_content":"","_et_gb_content_width":"","inline_featured_image":false,"footnotes":""},"class_list":["post-31447","page","type-page","status-publish","hentry"],"acf":[],"yoast_head":"<!-- This site is optimized with the Yoast SEO plugin v26.9 - https:\/\/yoast.com\/product\/yoast-seo-wordpress\/ -->\n<title>\u00d5ppeprogramm &quot;Leiutajaks s\u00fcndinud&quot; - PROTO avastustehases<\/title>\n<meta name=\"description\" content=\"\u00d5ppeprogramm &quot;Leiutajaks s\u00fcndinud&quot; PROTO avastustehases arendab lasteaia ja algklasside laste leiutamisoskusi ja fantaasiat. \u27a4 Broneeri!\" \/>\n<meta name=\"robots\" content=\"index, follow, max-snippet:-1, max-image-preview:large, max-video-preview:-1\" \/>\n<link rel=\"canonical\" href=\"https:\/\/www.prototehas.ee\/lv\/oppeprogramm-leiutajaks-sundinud\/\" \/>\n<meta property=\"og:locale\" content=\"lv_LV\" \/>\n<meta property=\"og:type\" content=\"article\" \/>\n<meta property=\"og:title\" content=\"\u00d5ppeprogramm &quot;Leiutajaks s\u00fcndinud&quot; - PROTO avastustehases\" \/>\n<meta property=\"og:description\" content=\"\u00d5ppeprogramm &quot;Leiutajaks s\u00fcndinud&quot; PROTO avastustehases arendab lasteaia ja algklasside laste leiutamisoskusi ja fantaasiat. \u27a4 Broneeri!\" \/>\n<meta property=\"og:url\" content=\"https:\/\/www.prototehas.ee\/lv\/oppeprogramm-leiutajaks-sundinud\/\" \/>\n<meta property=\"og:site_name\" content=\"PROTO avastustehas\" \/>\n<meta property=\"article:publisher\" content=\"https:\/\/www.facebook.com\/prototehas\/\" \/>\n<meta property=\"article:modified_time\" content=\"2026-02-09T15:52:42+00:00\" \/>\n<meta name=\"twitter:card\" content=\"summary_large_image\" \/>\n<meta name=\"twitter:label1\" content=\"Est. reading time\" \/>\n\t<meta name=\"twitter:data1\" content=\"2 minutes\" \/>\n<script type=\"application\/ld+json\" class=\"yoast-schema-graph\">{\"@context\":\"https:\/\/schema.org\",\"@graph\":[{\"@type\":\"WebPage\",\"@id\":\"https:\/\/www.prototehas.ee\/lv\/oppeprogramm-leiutajaks-sundinud\/\",\"url\":\"https:\/\/www.prototehas.ee\/lv\/oppeprogramm-leiutajaks-sundinud\/\",\"name\":\"\u00d5ppeprogramm \\\"Leiutajaks s\u00fcndinud\\\" - PROTO avastustehases\",\"isPartOf\":{\"@id\":\"https:\/\/www.prototehas.ee\/lv\/#website\"},\"datePublished\":\"2020-09-30T10:24:40+00:00\",\"dateModified\":\"2026-02-09T15:52:42+00:00\",\"description\":\"\u00d5ppeprogramm \\\"Leiutajaks s\u00fcndinud\\\" PROTO avastustehases arendab lasteaia ja algklasside laste leiutamisoskusi ja fantaasiat. \u27a4 Broneeri!\",\"breadcrumb\":{\"@id\":\"https:\/\/www.prototehas.ee\/lv\/oppeprogramm-leiutajaks-sundinud\/#breadcrumb\"},\"inLanguage\":\"lv-LV\",\"potentialAction\":[{\"@type\":\"ReadAction\",\"target\":[\"https:\/\/www.prototehas.ee\/lv\/oppeprogramm-leiutajaks-sundinud\/\"]}]},{\"@type\":\"BreadcrumbList\",\"@id\":\"https:\/\/www.prototehas.ee\/lv\/oppeprogramm-leiutajaks-sundinud\/#breadcrumb\",\"itemListElement\":[{\"@type\":\"ListItem\",\"position\":1,\"name\":\"Avaleht\",\"item\":\"https:\/\/www.prototehas.ee\/lv\/\"},{\"@type\":\"ListItem\",\"position\":2,\"name\":\"\u00d5PPEPROGRAMM \u201eLEIUTAJAKS S\u00dcNDINUD\u201c\"}]},{\"@type\":\"WebSite\",\"@id\":\"https:\/\/www.prototehas.ee\/lv\/#website\",\"url\":\"https:\/\/www.prototehas.ee\/lv\/\",\"name\":\"PROTO avastustehas\",\"description\":\"Where science meets fantasy\",\"publisher\":{\"@id\":\"https:\/\/www.prototehas.ee\/lv\/#organization\"},\"potentialAction\":[{\"@type\":\"SearchAction\",\"target\":{\"@type\":\"EntryPoint\",\"urlTemplate\":\"https:\/\/www.prototehas.ee\/lv\/?s={search_term_string}\"},\"query-input\":{\"@type\":\"PropertyValueSpecification\",\"valueRequired\":true,\"valueName\":\"search_term_string\"}}],\"inLanguage\":\"lv-LV\"},{\"@type\":\"Organization\",\"@id\":\"https:\/\/www.prototehas.ee\/lv\/#organization\",\"name\":\"PROTO avastustehas\",\"url\":\"https:\/\/www.prototehas.ee\/lv\/\",\"logo\":{\"@type\":\"ImageObject\",\"inLanguage\":\"lv-LV\",\"@id\":\"https:\/\/www.prototehas.ee\/lv\/#\/schema\/logo\/image\/\",\"url\":\"https:\/\/www.prototehas.ee\/wp-content\/uploads\/2019\/10\/prototehas_logo_et_2.svg\",\"contentUrl\":\"https:\/\/www.prototehas.ee\/wp-content\/uploads\/2019\/10\/prototehas_logo_et_2.svg\",\"width\":100,\"height\":100,\"caption\":\"PROTO avastustehas\"},\"image\":{\"@id\":\"https:\/\/www.prototehas.ee\/lv\/#\/schema\/logo\/image\/\"},\"sameAs\":[\"https:\/\/www.facebook.com\/prototehas\/\"]}]}<\/script>\n<!-- \/ Yoast SEO plugin. -->","yoast_head_json":{"title":"\u00d5ppeprogramm \"Leiutajaks s\u00fcndinud\" - PROTO avastustehases","description":"\u00d5ppeprogramm \"Leiutajaks s\u00fcndinud\" PROTO avastustehases arendab lasteaia ja algklasside laste leiutamisoskusi ja fantaasiat. \u27a4 Broneeri!","robots":{"index":"index","follow":"follow","max-snippet":"max-snippet:-1","max-image-preview":"max-image-preview:large","max-video-preview":"max-video-preview:-1"},"canonical":"https:\/\/www.prototehas.ee\/lv\/oppeprogramm-leiutajaks-sundinud\/","og_locale":"lv_LV","og_type":"article","og_title":"\u00d5ppeprogramm \"Leiutajaks s\u00fcndinud\" - PROTO avastustehases","og_description":"\u00d5ppeprogramm \"Leiutajaks s\u00fcndinud\" PROTO avastustehases arendab lasteaia ja algklasside laste leiutamisoskusi ja fantaasiat. \u27a4 Broneeri!","og_url":"https:\/\/www.prototehas.ee\/lv\/oppeprogramm-leiutajaks-sundinud\/","og_site_name":"PROTO avastustehas","article_publisher":"https:\/\/www.facebook.com\/prototehas\/","article_modified_time":"2026-02-09T15:52:42+00:00","twitter_card":"summary_large_image","twitter_misc":{"Est. reading time":"2 minutes"},"schema":{"@context":"https:\/\/schema.org","@graph":[{"@type":"WebPage","@id":"https:\/\/www.prototehas.ee\/lv\/oppeprogramm-leiutajaks-sundinud\/","url":"https:\/\/www.prototehas.ee\/lv\/oppeprogramm-leiutajaks-sundinud\/","name":"\u00d5ppeprogramm \"Leiutajaks s\u00fcndinud\" - PROTO avastustehases","isPartOf":{"@id":"https:\/\/www.prototehas.ee\/lv\/#website"},"datePublished":"2020-09-30T10:24:40+00:00","dateModified":"2026-02-09T15:52:42+00:00","description":"\u00d5ppeprogramm \"Leiutajaks s\u00fcndinud\" PROTO avastustehases arendab lasteaia ja algklasside laste leiutamisoskusi ja fantaasiat. \u27a4 Broneeri!","breadcrumb":{"@id":"https:\/\/www.prototehas.ee\/lv\/oppeprogramm-leiutajaks-sundinud\/#breadcrumb"},"inLanguage":"lv-LV","potentialAction":[{"@type":"ReadAction","target":["https:\/\/www.prototehas.ee\/lv\/oppeprogramm-leiutajaks-sundinud\/"]}]},{"@type":"BreadcrumbList","@id":"https:\/\/www.prototehas.ee\/lv\/oppeprogramm-leiutajaks-sundinud\/#breadcrumb","itemListElement":[{"@type":"ListItem","position":1,"name":"Avaleht","item":"https:\/\/www.prototehas.ee\/lv\/"},{"@type":"ListItem","position":2,"name":"\u00d5PPEPROGRAMM \u201eLEIUTAJAKS S\u00dcNDINUD\u201c"}]},{"@type":"WebSite","@id":"https:\/\/www.prototehas.ee\/lv\/#website","url":"https:\/\/www.prototehas.ee\/lv\/","name":"PROTO avastustehas","description":"Where science meets fantasy","publisher":{"@id":"https:\/\/www.prototehas.ee\/lv\/#organization"},"potentialAction":[{"@type":"SearchAction","target":{"@type":"EntryPoint","urlTemplate":"https:\/\/www.prototehas.ee\/lv\/?s={search_term_string}"},"query-input":{"@type":"PropertyValueSpecification","valueRequired":true,"valueName":"search_term_string"}}],"inLanguage":"lv-LV"},{"@type":"Organization","@id":"https:\/\/www.prototehas.ee\/lv\/#organization","name":"PROTO avastustehas","url":"https:\/\/www.prototehas.ee\/lv\/","logo":{"@type":"ImageObject","inLanguage":"lv-LV","@id":"https:\/\/www.prototehas.ee\/lv\/#\/schema\/logo\/image\/","url":"https:\/\/www.prototehas.ee\/wp-content\/uploads\/2019\/10\/prototehas_logo_et_2.svg","contentUrl":"https:\/\/www.prototehas.ee\/wp-content\/uploads\/2019\/10\/prototehas_logo_et_2.svg","width":100,"height":100,"caption":"PROTO avastustehas"},"image":{"@id":"https:\/\/www.prototehas.ee\/lv\/#\/schema\/logo\/image\/"},"sameAs":["https:\/\/www.facebook.com\/prototehas\/"]}]}},"_links":{"self":[{"href":"https:\/\/www.prototehas.ee\/lv\/wp-json\/wp\/v2\/pages\/31447","targetHints":{"allow":["GET"]}}],"collection":[{"href":"https:\/\/www.prototehas.ee\/lv\/wp-json\/wp\/v2\/pages"}],"about":[{"href":"https:\/\/www.prototehas.ee\/lv\/wp-json\/wp\/v2\/types\/page"}],"author":[{"embeddable":true,"href":"https:\/\/www.prototehas.ee\/lv\/wp-json\/wp\/v2\/users\/15"}],"replies":[{"embeddable":true,"href":"https:\/\/www.prototehas.ee\/lv\/wp-json\/wp\/v2\/comments?post=31447"}],"version-history":[{"count":4,"href":"https:\/\/www.prototehas.ee\/lv\/wp-json\/wp\/v2\/pages\/31447\/revisions"}],"predecessor-version":[{"id":36234,"href":"https:\/\/www.prototehas.ee\/lv\/wp-json\/wp\/v2\/pages\/31447\/revisions\/36234"}],"wp:attachment":[{"href":"https:\/\/www.prototehas.ee\/lv\/wp-json\/wp\/v2\/media?parent=31447"}],"curies":[{"name":"wp","href":"https:\/\/api.w.org\/{rel}","templated":true}]}}