{"id":4414,"date":"2019-10-09T19:24:57","date_gmt":"2019-10-09T19:24:57","guid":{"rendered":"http:\/\/protodev.ee\/?page_id=4414"},"modified":"2025-09-23T08:32:51","modified_gmt":"2025-09-23T08:32:51","slug":"kafejnica","status":"publish","type":"page","link":"https:\/\/www.prototehas.ee\/lv\/kafejnica\/","title":{"rendered":"KAFEJN\u012aCA"},"content":{"rendered":"[et_pb_section fb_built=&#8221;1&#8243; _builder_version=&#8221;4.16&#8243; background_image=&#8221;https:\/\/www.prototehas.ee\/wp-content\/uploads\/2021\/04\/kohvik-web.jpg&#8221; custom_margin=&#8221;0px||||false|false&#8221; custom_padding=&#8221;13em||13em||true|false&#8221; global_colors_info=&#8221;{}&#8221;][\/et_pb_section][et_pb_section fb_built=&#8221;1&#8243; _builder_version=&#8221;4.16&#8243; background_color=&#8221;#fff0d9&#8243; background_enable_image=&#8221;off&#8221; global_colors_info=&#8221;{}&#8221;][et_pb_row admin_label=&#8221;Main heading&#8221; _builder_version=&#8221;4.24.2&#8243; _module_preset=&#8221;default&#8221; global_colors_info=&#8221;{}&#8221;][et_pb_column type=&#8221;4_4&#8243; _builder_version=&#8221;4.24.2&#8243; _module_preset=&#8221;default&#8221; global_colors_info=&#8221;{}&#8221;][et_pb_heading title=&#8221;KAFEJN\u012aCA&#8221; _builder_version=&#8221;4.24.2&#8243; _module_preset=&#8221;c9a4dd29-8345-43ea-bd4d-e73ae35e5717&#8243; global_colors_info=&#8221;{}&#8221;][\/et_pb_heading][\/et_pb_column][\/et_pb_row][et_pb_row column_structure=&#8221;1_2,1_2&#8243; use_custom_gutter=&#8221;on&#8221; gutter_width=&#8221;1&#8243; make_equal=&#8221;on&#8221; admin_label=&#8221;Card Image Right&#8221; _builder_version=&#8221;4.24.2&#8243; _module_preset=&#8221;default&#8221; background_color=&#8221;#FFFFFF&#8221; custom_margin=&#8221;25px||25px||false|false&#8221; custom_padding=&#8221;0px||0px||false|false&#8221; border_radii=&#8221;on|20px|20px|20px|20px&#8221; global_colors_info=&#8221;{}&#8221; custom_css_main_element_last_edited=&#8221;on|tablet&#8221;][et_pb_column type=&#8221;1_2&#8243; _builder_version=&#8221;4.24.2&#8243; _module_preset=&#8221;default&#8221; custom_padding=&#8221;|30px||30px|false|false&#8221; global_colors_info=&#8221;{}&#8221;][et_pb_text _builder_version=&#8221;4.24.2&#8243; _module_preset=&#8221;e179c0c4-c115-407d-a110-ebe813713cd6&#8243; custom_margin=&#8221;|0px|||false|false&#8221; custom_padding=&#8221;60px||30px|0px|false|false&#8221; global_colors_info=&#8221;{}&#8221;]<p><strong>PROTO atkl\u0101jumu fabrikas kafejn\u012bca atrodas centra pirmaj\u0101 st\u0101v\u0101, adrese: Peetri 10. N\u0101c un izbaudi gardos \u0113dienus uz vietas vai \u0146em \u0113dienu l\u012bdzi uz m\u0101j\u0101m vai biroju.<\/strong><\/p>\n<p>M\u016bsu kafejn\u012bca gaida visus piedz\u012bvojumu mekl\u0113t\u0101jus un zin\u0101tniekus, kuriem, papildus gar\u012bgajam barojumam no atkl\u0101jumiem, nepiecie\u0161ams ar\u012b \u0137erme\u0146a barojums. Kafejn\u012bcai ir atsevi\u0161\u0137a ieeja no ielas, un m\u0113s gaid\u0101m ar\u012b visus, kas mekl\u0113 gardas pusdienas vai \u0113rtu vietu kafijas pauzei.<\/p>\n<p><strong>KAFEJN\u012aCAS DARBALAIKI:<\/strong><br \/><strong>P<\/strong><strong>\u00a0<\/strong><span>plkst. 11.30\u201315.00<\/span><br \/><strong>O-Pk<\/strong><strong>\u00a0<\/strong><span>plkst. 11.30\u201317.00<\/span><br \/><strong>S-<\/strong><strong>Sv\u00a0<\/strong><span>plkst. 11.30\u201318.00<\/span><\/p>[\/et_pb_text][\/et_pb_column][et_pb_column type=&#8221;1_2&#8243; _builder_version=&#8221;4.24.2&#8243; _module_preset=&#8221;default&#8221; global_colors_info=&#8221;{}&#8221;][et_pb_image src=&#8221;https:\/\/www.prototehas.ee\/wp-content\/uploads\/2024\/04\/Proto-2-19-1024&#215;683-1.jpg&#8221; alt=&#8221;PROTO kohviku p\u00e4evapakkumised&#8221; title_text=&#8221;PROTO kohvik&#8221; show_bottom_space=&#8221;off&#8221; module_class=&#8221;pa-full-height-image-column&#8221; _builder_version=&#8221;4.24.2&#8243; _module_preset=&#8221;default&#8221; height=&#8221;100%&#8221; global_colors_info=&#8221;{}&#8221;][\/et_pb_image][\/et_pb_column][\/et_pb_row][et_pb_row column_structure=&#8221;1_2,1_2&#8243; admin_label=&#8221;Card Image Left&#8221; _builder_version=&#8221;4.24.2&#8243; _module_preset=&#8221;90498953-537a-45d8-96c9-83e32ef8ef4e&#8221; custom_margin=&#8221;25px||25px||false|false&#8221; saved_tabs=&#8221;all&#8221; global_colors_info=&#8221;{}&#8221;][et_pb_column type=&#8221;1_2&#8243; _builder_version=&#8221;4.24.2&#8243; _module_preset=&#8221;default&#8221; global_colors_info=&#8221;{}&#8221;][et_pb_image src=&#8221;https:\/\/www.prototehas.ee\/wp-content\/uploads\/2021\/04\/web_paevapakkumised_201120.jpg&#8221; alt=&#8221;PROTO kohvik ja catering&#8221; title_text=&#8221;PROTO kohvik&#8221; show_bottom_space=&#8221;off&#8221; module_class=&#8221;pa-full-height-image-column&#8221; _builder_version=&#8221;4.24.2&#8243; _module_preset=&#8221;default&#8221; height=&#8221;100%&#8221; global_colors_info=&#8221;{}&#8221;][\/et_pb_image][\/et_pb_column][et_pb_column type=&#8221;1_2&#8243; _builder_version=&#8221;4.24.2&#8243; _module_preset=&#8221;default&#8221; custom_padding=&#8221;|30px||30px|false|false&#8221; global_colors_info=&#8221;{}&#8221;][et_pb_text _builder_version=&#8221;4.24.2&#8243; _module_preset=&#8221;e179c0c4-c115-407d-a110-ebe813713cd6&#8243; min_height=&#8221;410.4px&#8221; custom_margin=&#8221;|0px|||false|false&#8221; custom_padding=&#8221;40px||30px|0px|false|false&#8221; global_colors_info=&#8221;{}&#8221;]R\u016bpn\u012bcas virtuve ir k\u0101 pati r\u016bpn\u012bca \u2013 apvienojusi da\u017e\u0101das pasaules vietas un lab\u0101k\u0101s gar\u0161as. Kafejn\u012bcas \u0113dienkarte sast\u0101v no vienk\u0101r\u0161iem un \u0101tri pagatavojamiem gardumiem, kas vienm\u0113r tiek gatavoti no svaigiem produktiem, iev\u0113rojot t\u0101 saukto l\u0113n\u0101 \u0101tr\u0101s \u0113din\u0101\u0161anas principu. Piem\u0113ram, m\u016bsu \u0113dienkart\u0113 ir svaigi sal\u0101ti, sm\u016btiji, sviestmaizes, p\u012br\u0101gi, k\u0101 ar\u012b pusdien\u0101s pied\u0101v\u0101jam siltos \u0113dienus un zupas. N\u0101c \u0113st uz vietas vai pas\u016bti \u0113dienu ar Bold Food pieg\u0101di uz m\u0101j\u0101m vai biroju.\n<br>\nKafejn\u012bca pied\u0101v\u0101 ar\u012b uzkodas kafijas pauz\u0113m p\u0113c iepriek\u0161\u0113ja pas\u016bt\u012bjuma un izstr\u0101d\u0101 svin\u012bgo vakari\u0146u \u0113dienkartes.\n<br>\n<strong>Pieprasiet pied\u0101v\u0101jumu:\n<a href=\"mailto:booking@protofactory.ee\">booking@protofactory.ee<\/a><\/strong>[\/et_pb_text][\/et_pb_column][\/et_pb_row][et_pb_row _builder_version=&#8221;4.24.2&#8243; _module_preset=&#8221;default&#8221; min_height=&#8221;99px&#8221; global_colors_info=&#8221;{}&#8221;][et_pb_column type=&#8221;4_4&#8243; _builder_version=&#8221;4.24.2&#8243; _module_preset=&#8221;default&#8221; global_colors_info=&#8221;{}&#8221;][\/et_pb_column][\/et_pb_row][\/et_pb_section]<span class=\"et_bloom_bottom_trigger\"><\/span>","protected":false},"excerpt":{"rendered":"<p>PROTO atkl\u0101jumu fabrikas kafejn\u012bca atrodas centra pirmaj\u0101 st\u0101v\u0101, adrese: Peetri 10. N\u0101c un izbaudi gardos \u0113dienus uz vietas vai \u0146em \u0113dienu l\u012bdzi uz m\u0101j\u0101m vai biroju. M\u016bsu kafejn\u012bca gaida visus piedz\u012bvojumu mekl\u0113t\u0101jus un zin\u0101tniekus, kuriem, papildus gar\u012bgajam barojumam no atkl\u0101jumiem, nepiecie\u0161ams ar\u012b \u0137erme\u0146a barojums. Kafejn\u012bcai ir atsevi\u0161\u0137a ieeja no ielas, un m\u0113s gaid\u0101m ar\u012b visus, [&hellip;]<\/p>\n","protected":false},"author":15,"featured_media":0,"parent":0,"menu_order":0,"comment_status":"closed","ping_status":"closed","template":"","meta":{"_acf_changed":false,"_et_pb_use_builder":"on","_et_pb_old_content":"","_et_gb_content_width":"","inline_featured_image":false,"footnotes":""},"class_list":["post-4414","page","type-page","status-publish","hentry"],"acf":[],"yoast_head":"<!-- This site is optimized with the Yoast SEO plugin v26.9 - https:\/\/yoast.com\/product\/yoast-seo-wordpress\/ -->\n<title>PROTO kohvik | L\u00f5unapakkumised | PROTO avastustehases<\/title>\n<meta name=\"description\" content=\"PROTO kohvik pakub iga p\u00e4ev maitsvaid ja tervislikke toitusid m\u00f5istliku hinna eest. Telli kaasa v\u00f5i tule koha peale!\" \/>\n<meta name=\"robots\" content=\"index, follow, max-snippet:-1, max-image-preview:large, max-video-preview:-1\" \/>\n<link rel=\"canonical\" href=\"https:\/\/www.prototehas.ee\/lv\/kafejnica\/\" \/>\n<meta property=\"og:locale\" content=\"lv_LV\" \/>\n<meta property=\"og:type\" content=\"article\" \/>\n<meta property=\"og:title\" content=\"PROTO kohvik | L\u00f5unapakkumised | PROTO avastustehases\" \/>\n<meta property=\"og:description\" content=\"PROTO kohvik pakub iga p\u00e4ev maitsvaid ja tervislikke toitusid m\u00f5istliku hinna eest. Telli kaasa v\u00f5i tule koha peale!\" \/>\n<meta property=\"og:url\" content=\"https:\/\/www.prototehas.ee\/lv\/kafejnica\/\" \/>\n<meta property=\"og:site_name\" content=\"PROTO avastustehas\" \/>\n<meta property=\"article:publisher\" content=\"https:\/\/www.facebook.com\/prototehas\/\" \/>\n<meta property=\"article:modified_time\" content=\"2025-09-23T08:32:51+00:00\" \/>\n<meta name=\"twitter:card\" content=\"summary_large_image\" \/>\n<meta name=\"twitter:label1\" content=\"Est. reading time\" \/>\n\t<meta name=\"twitter:data1\" content=\"2 minutes\" \/>\n<script type=\"application\/ld+json\" class=\"yoast-schema-graph\">{\"@context\":\"https:\/\/schema.org\",\"@graph\":[{\"@type\":\"WebPage\",\"@id\":\"https:\/\/www.prototehas.ee\/lv\/kafejnica\/\",\"url\":\"https:\/\/www.prototehas.ee\/lv\/kafejnica\/\",\"name\":\"PROTO kohvik | L\u00f5unapakkumised | PROTO avastustehases\",\"isPartOf\":{\"@id\":\"https:\/\/www.prototehas.ee\/lv\/#website\"},\"datePublished\":\"2019-10-09T19:24:57+00:00\",\"dateModified\":\"2025-09-23T08:32:51+00:00\",\"description\":\"PROTO kohvik pakub iga p\u00e4ev maitsvaid ja tervislikke toitusid m\u00f5istliku hinna eest. Telli kaasa v\u00f5i tule koha peale!\",\"breadcrumb\":{\"@id\":\"https:\/\/www.prototehas.ee\/lv\/kafejnica\/#breadcrumb\"},\"inLanguage\":\"lv-LV\",\"potentialAction\":[{\"@type\":\"ReadAction\",\"target\":[\"https:\/\/www.prototehas.ee\/lv\/kafejnica\/\"]}]},{\"@type\":\"BreadcrumbList\",\"@id\":\"https:\/\/www.prototehas.ee\/lv\/kafejnica\/#breadcrumb\",\"itemListElement\":[{\"@type\":\"ListItem\",\"position\":1,\"name\":\"Avaleht\",\"item\":\"https:\/\/www.prototehas.ee\/lv\/\"},{\"@type\":\"ListItem\",\"position\":2,\"name\":\"KAFEJN\u012aCA\"}]},{\"@type\":\"WebSite\",\"@id\":\"https:\/\/www.prototehas.ee\/lv\/#website\",\"url\":\"https:\/\/www.prototehas.ee\/lv\/\",\"name\":\"PROTO avastustehas\",\"description\":\"Where science meets fantasy\",\"publisher\":{\"@id\":\"https:\/\/www.prototehas.ee\/lv\/#organization\"},\"potentialAction\":[{\"@type\":\"SearchAction\",\"target\":{\"@type\":\"EntryPoint\",\"urlTemplate\":\"https:\/\/www.prototehas.ee\/lv\/?s={search_term_string}\"},\"query-input\":{\"@type\":\"PropertyValueSpecification\",\"valueRequired\":true,\"valueName\":\"search_term_string\"}}],\"inLanguage\":\"lv-LV\"},{\"@type\":\"Organization\",\"@id\":\"https:\/\/www.prototehas.ee\/lv\/#organization\",\"name\":\"PROTO avastustehas\",\"url\":\"https:\/\/www.prototehas.ee\/lv\/\",\"logo\":{\"@type\":\"ImageObject\",\"inLanguage\":\"lv-LV\",\"@id\":\"https:\/\/www.prototehas.ee\/lv\/#\/schema\/logo\/image\/\",\"url\":\"https:\/\/www.prototehas.ee\/wp-content\/uploads\/2019\/10\/prototehas_logo_et_2.svg\",\"contentUrl\":\"https:\/\/www.prototehas.ee\/wp-content\/uploads\/2019\/10\/prototehas_logo_et_2.svg\",\"width\":100,\"height\":100,\"caption\":\"PROTO avastustehas\"},\"image\":{\"@id\":\"https:\/\/www.prototehas.ee\/lv\/#\/schema\/logo\/image\/\"},\"sameAs\":[\"https:\/\/www.facebook.com\/prototehas\/\"]}]}<\/script>\n<!-- \/ Yoast SEO plugin. -->","yoast_head_json":{"title":"PROTO kohvik | L\u00f5unapakkumised | PROTO avastustehases","description":"PROTO kohvik pakub iga p\u00e4ev maitsvaid ja tervislikke toitusid m\u00f5istliku hinna eest. Telli kaasa v\u00f5i tule koha peale!","robots":{"index":"index","follow":"follow","max-snippet":"max-snippet:-1","max-image-preview":"max-image-preview:large","max-video-preview":"max-video-preview:-1"},"canonical":"https:\/\/www.prototehas.ee\/lv\/kafejnica\/","og_locale":"lv_LV","og_type":"article","og_title":"PROTO kohvik | L\u00f5unapakkumised | PROTO avastustehases","og_description":"PROTO kohvik pakub iga p\u00e4ev maitsvaid ja tervislikke toitusid m\u00f5istliku hinna eest. Telli kaasa v\u00f5i tule koha peale!","og_url":"https:\/\/www.prototehas.ee\/lv\/kafejnica\/","og_site_name":"PROTO avastustehas","article_publisher":"https:\/\/www.facebook.com\/prototehas\/","article_modified_time":"2025-09-23T08:32:51+00:00","twitter_card":"summary_large_image","twitter_misc":{"Est. reading time":"2 minutes"},"schema":{"@context":"https:\/\/schema.org","@graph":[{"@type":"WebPage","@id":"https:\/\/www.prototehas.ee\/lv\/kafejnica\/","url":"https:\/\/www.prototehas.ee\/lv\/kafejnica\/","name":"PROTO kohvik | L\u00f5unapakkumised | PROTO avastustehases","isPartOf":{"@id":"https:\/\/www.prototehas.ee\/lv\/#website"},"datePublished":"2019-10-09T19:24:57+00:00","dateModified":"2025-09-23T08:32:51+00:00","description":"PROTO kohvik pakub iga p\u00e4ev maitsvaid ja tervislikke toitusid m\u00f5istliku hinna eest. Telli kaasa v\u00f5i tule koha peale!","breadcrumb":{"@id":"https:\/\/www.prototehas.ee\/lv\/kafejnica\/#breadcrumb"},"inLanguage":"lv-LV","potentialAction":[{"@type":"ReadAction","target":["https:\/\/www.prototehas.ee\/lv\/kafejnica\/"]}]},{"@type":"BreadcrumbList","@id":"https:\/\/www.prototehas.ee\/lv\/kafejnica\/#breadcrumb","itemListElement":[{"@type":"ListItem","position":1,"name":"Avaleht","item":"https:\/\/www.prototehas.ee\/lv\/"},{"@type":"ListItem","position":2,"name":"KAFEJN\u012aCA"}]},{"@type":"WebSite","@id":"https:\/\/www.prototehas.ee\/lv\/#website","url":"https:\/\/www.prototehas.ee\/lv\/","name":"PROTO avastustehas","description":"Where science meets fantasy","publisher":{"@id":"https:\/\/www.prototehas.ee\/lv\/#organization"},"potentialAction":[{"@type":"SearchAction","target":{"@type":"EntryPoint","urlTemplate":"https:\/\/www.prototehas.ee\/lv\/?s={search_term_string}"},"query-input":{"@type":"PropertyValueSpecification","valueRequired":true,"valueName":"search_term_string"}}],"inLanguage":"lv-LV"},{"@type":"Organization","@id":"https:\/\/www.prototehas.ee\/lv\/#organization","name":"PROTO avastustehas","url":"https:\/\/www.prototehas.ee\/lv\/","logo":{"@type":"ImageObject","inLanguage":"lv-LV","@id":"https:\/\/www.prototehas.ee\/lv\/#\/schema\/logo\/image\/","url":"https:\/\/www.prototehas.ee\/wp-content\/uploads\/2019\/10\/prototehas_logo_et_2.svg","contentUrl":"https:\/\/www.prototehas.ee\/wp-content\/uploads\/2019\/10\/prototehas_logo_et_2.svg","width":100,"height":100,"caption":"PROTO avastustehas"},"image":{"@id":"https:\/\/www.prototehas.ee\/lv\/#\/schema\/logo\/image\/"},"sameAs":["https:\/\/www.facebook.com\/prototehas\/"]}]}},"_links":{"self":[{"href":"https:\/\/www.prototehas.ee\/lv\/wp-json\/wp\/v2\/pages\/4414","targetHints":{"allow":["GET"]}}],"collection":[{"href":"https:\/\/www.prototehas.ee\/lv\/wp-json\/wp\/v2\/pages"}],"about":[{"href":"https:\/\/www.prototehas.ee\/lv\/wp-json\/wp\/v2\/types\/page"}],"author":[{"embeddable":true,"href":"https:\/\/www.prototehas.ee\/lv\/wp-json\/wp\/v2\/users\/15"}],"replies":[{"embeddable":true,"href":"https:\/\/www.prototehas.ee\/lv\/wp-json\/wp\/v2\/comments?post=4414"}],"version-history":[{"count":5,"href":"https:\/\/www.prototehas.ee\/lv\/wp-json\/wp\/v2\/pages\/4414\/revisions"}],"predecessor-version":[{"id":35217,"href":"https:\/\/www.prototehas.ee\/lv\/wp-json\/wp\/v2\/pages\/4414\/revisions\/35217"}],"wp:attachment":[{"href":"https:\/\/www.prototehas.ee\/lv\/wp-json\/wp\/v2\/media?parent=4414"}],"curies":[{"name":"wp","href":"https:\/\/api.w.org\/{rel}","templated":true}]}}