{"id":7040,"date":"2019-12-05T13:28:44","date_gmt":"2019-12-05T13:28:44","guid":{"rendered":"http:\/\/protodev.ee\/?page_id=7040"},"modified":"2026-05-04T13:50:19","modified_gmt":"2026-05-04T13:50:19","slug":"darbalaiks","status":"publish","type":"page","link":"https:\/\/www.prototehas.ee\/lv\/darbalaiks\/","title":{"rendered":"DARBALAIKS"},"content":{"rendered":"[et_pb_section fb_built=&#8221;1&#8243; _builder_version=&#8221;4.16&#8243; background_image=&#8221;https:\/\/www.prototehas.ee\/wp-content\/uploads\/2019\/11\/Fujifilm_Panorama3.jpg&#8221; width=&#8221;100%&#8221; custom_margin=&#8221;0px||||false|false&#8221; custom_padding=&#8221;13em||13em||true|false&#8221; global_colors_info=&#8221;{}&#8221;][\/et_pb_section][et_pb_section fb_built=&#8221;1&#8243; _builder_version=&#8221;4.16&#8243; background_enable_image=&#8221;off&#8221; global_colors_info=&#8221;{}&#8221;][et_pb_row admin_label=&#8221;Eesti Maitsed&#8221; _builder_version=&#8221;4.24.2&#8243; _module_preset=&#8221;default&#8221; background_color=&#8221;RGBA(255,255,255,0)&#8221; border_radii=&#8221;on|12px|12px|12px|12px&#8221; locked=&#8221;off&#8221; global_colors_info=&#8221;{}&#8221;][et_pb_column type=&#8221;4_4&#8243; _builder_version=&#8221;4.16&#8243; _module_preset=&#8221;default&#8221; global_colors_info=&#8221;{}&#8221;][et_pb_heading title=&#8221;M\u0112S ESAM ATV\u0112RTI!&#8221; _builder_version=&#8221;4.24.2&#8243; _module_preset=&#8221;c9a4dd29-8345-43ea-bd4d-e73ae35e5717&#8243; global_colors_info=&#8221;{}&#8221;][\/et_pb_heading][et_pb_text _builder_version=&#8221;4.24.2&#8243; _module_preset=&#8221;e179c0c4-c115-407d-a110-ebe813713cd6&#8243; custom_padding=&#8221;|90px||90px|false|false&#8221; custom_padding_tablet=&#8221;|20px||20px|false|false&#8221; custom_padding_phone=&#8221;|0px||0px|false|false&#8221; custom_padding_last_edited=&#8221;on|tablet&#8221; global_colors_info=&#8221;{}&#8221;]<p><strong>PROTO CENTRA DARBALAIKI:<\/strong><strong><\/strong><strong><\/strong><\/p>\n<p><strong>P\u00a0<\/strong>sl\u0113gts<br \/><strong>O\u2013Sv\u00a0<\/strong>plkst. 11.00\u201318.00<strong><\/strong><\/p>\n<p><strong>31. maij\u0101<\/strong> PROTO parastajiem apmekl\u0113jumiem ir sl\u0113gta, jo pie mums notiek b\u0113rnu d\u017eeza festiv\u0101ls <strong>&#8220;Kr\u00e4sh&#8221; \u2013 <a href=\"https:\/\/piletikeskus.ee\/en\/e\/wd8hvx\">p\u0113rc bi\u013ceti \u0161eit!<\/a><\/strong><\/p>\n<p class=\"p1\"><strong>J\u016blij\u0101<\/strong> PROTO atkl\u0101jumu fabrika ir atv\u0113rta <strong>P\u2013Sv<\/strong>\u00a010:00\u201319:00.<\/p>\n<p><strong>KAFEJN\u012aCAS DARBALAIKI:<\/strong><br \/><strong>P<\/strong><strong>\u00a0<\/strong>plkst. 11.30\u201316.00<br \/><strong>O-Pk<\/strong><strong>\u00a0<\/strong>plkst. 11.30\u201317.00<br \/><strong>S-<\/strong><strong>Sv\u00a0<\/strong>plkst. 11.30\u201318.00<\/p>\n<p>D\u0101rgie apmekl\u0113t\u0101ji! Sestdien\u0101s ir v\u0113rojams liel\u0101ks viesu skaits nek\u0101 ierasts, t\u0101d\u0113\u013c pie ekspon\u0101tiem var rasties rindas. L\u016bdzam b\u016bt saproto\u0161iem un apbru\u0146oties ar paciet\u012bbu! Uz tik\u0161anos PROTO centr\u0101!<\/p>\n<p><strong>Ja nepiecie\u0161ama papildu inform\u0101cija, zvaniet pa t\u0101lruni: +372 627 6661<\/strong><\/p>[\/et_pb_text][et_pb_button button_url=&#8221;https:\/\/www.prototehas.ee\/lv\/&#8221; button_text=&#8221;SKAT\u012aT PROGRAMMU&#8221; button_alignment=&#8221;center&#8221; _builder_version=&#8221;4.24.2&#8243; _module_preset=&#8221;default&#8221; global_colors_info=&#8221;{}&#8221;][\/et_pb_button][\/et_pb_column][\/et_pb_row][\/et_pb_section]<span class=\"et_bloom_bottom_trigger\"><\/span>","protected":false},"excerpt":{"rendered":"<p>PROTO CENTRA DARBALAIKI: P\u00a0sl\u0113gtsO\u2013Sv\u00a0plkst. 11.00\u201318.00 31. maij\u0101 PROTO parastajiem apmekl\u0113jumiem ir sl\u0113gta, jo pie mums notiek b\u0113rnu d\u017eeza festiv\u0101ls &#8220;Kr\u00e4sh&#8221; \u2013 p\u0113rc bi\u013ceti \u0161eit! J\u016blij\u0101 PROTO atkl\u0101jumu fabrika ir atv\u0113rta P\u2013Sv\u00a010:00\u201319:00. KAFEJN\u012aCAS DARBALAIKI:P\u00a0plkst. 11.30\u201316.00O-Pk\u00a0plkst. 11.30\u201317.00S-Sv\u00a0plkst. 11.30\u201318.00 D\u0101rgie apmekl\u0113t\u0101ji! Sestdien\u0101s ir v\u0113rojams liel\u0101ks viesu skaits nek\u0101 ierasts, t\u0101d\u0113\u013c pie ekspon\u0101tiem var rasties rindas. L\u016bdzam b\u016bt saproto\u0161iem [&hellip;]<\/p>\n","protected":false},"author":15,"featured_media":0,"parent":0,"menu_order":0,"comment_status":"closed","ping_status":"closed","template":"","meta":{"_acf_changed":false,"_et_pb_use_builder":"on","_et_pb_old_content":"","_et_gb_content_width":"","inline_featured_image":false,"footnotes":""},"class_list":["post-7040","page","type-page","status-publish","hentry"],"acf":[],"yoast_head":"<!-- This site is optimized with the Yoast SEO plugin v26.9 - https:\/\/yoast.com\/product\/yoast-seo-wordpress\/ -->\n<title>DARBALAIKS - Elamuskeskus - PROTO avastustehas<\/title>\n<meta name=\"description\" content=\"Lahtiolekuajad: PROTO avastustehas on avatud T-P kell 11-18. Kogupere elamuskeskus ootab seiklema. Avasta endas leiutaja!\" \/>\n<meta name=\"robots\" content=\"index, follow, max-snippet:-1, max-image-preview:large, max-video-preview:-1\" \/>\n<link rel=\"canonical\" href=\"https:\/\/www.prototehas.ee\/lv\/darbalaiks\/\" \/>\n<meta property=\"og:locale\" content=\"lv_LV\" \/>\n<meta property=\"og:type\" content=\"article\" \/>\n<meta property=\"og:title\" content=\"DARBALAIKS - Elamuskeskus - PROTO avastustehas\" \/>\n<meta property=\"og:description\" content=\"Lahtiolekuajad: PROTO avastustehas on avatud T-P kell 11-18. Kogupere elamuskeskus ootab seiklema. Avasta endas leiutaja!\" \/>\n<meta property=\"og:url\" content=\"https:\/\/www.prototehas.ee\/lv\/darbalaiks\/\" \/>\n<meta property=\"og:site_name\" content=\"PROTO avastustehas\" \/>\n<meta property=\"article:publisher\" content=\"https:\/\/www.facebook.com\/prototehas\/\" \/>\n<meta property=\"article:modified_time\" content=\"2026-05-04T13:50:19+00:00\" \/>\n<meta name=\"twitter:card\" content=\"summary_large_image\" \/>\n<meta name=\"twitter:label1\" content=\"Est. reading time\" \/>\n\t<meta name=\"twitter:data1\" content=\"1 minute\" \/>\n<script type=\"application\/ld+json\" class=\"yoast-schema-graph\">{\"@context\":\"https:\/\/schema.org\",\"@graph\":[{\"@type\":\"WebPage\",\"@id\":\"https:\/\/www.prototehas.ee\/lv\/darbalaiks\/\",\"url\":\"https:\/\/www.prototehas.ee\/lv\/darbalaiks\/\",\"name\":\"DARBALAIKS - Elamuskeskus - PROTO avastustehas\",\"isPartOf\":{\"@id\":\"https:\/\/www.prototehas.ee\/lv\/#website\"},\"datePublished\":\"2019-12-05T13:28:44+00:00\",\"dateModified\":\"2026-05-04T13:50:19+00:00\",\"description\":\"Lahtiolekuajad: PROTO avastustehas on avatud T-P kell 11-18. Kogupere elamuskeskus ootab seiklema. Avasta endas leiutaja!\",\"breadcrumb\":{\"@id\":\"https:\/\/www.prototehas.ee\/lv\/darbalaiks\/#breadcrumb\"},\"inLanguage\":\"lv-LV\",\"potentialAction\":[{\"@type\":\"ReadAction\",\"target\":[\"https:\/\/www.prototehas.ee\/lv\/darbalaiks\/\"]}]},{\"@type\":\"BreadcrumbList\",\"@id\":\"https:\/\/www.prototehas.ee\/lv\/darbalaiks\/#breadcrumb\",\"itemListElement\":[{\"@type\":\"ListItem\",\"position\":1,\"name\":\"Avaleht\",\"item\":\"https:\/\/www.prototehas.ee\/lv\/\"},{\"@type\":\"ListItem\",\"position\":2,\"name\":\"DARBALAIKS\"}]},{\"@type\":\"WebSite\",\"@id\":\"https:\/\/www.prototehas.ee\/lv\/#website\",\"url\":\"https:\/\/www.prototehas.ee\/lv\/\",\"name\":\"PROTO avastustehas\",\"description\":\"Where science meets fantasy\",\"publisher\":{\"@id\":\"https:\/\/www.prototehas.ee\/lv\/#organization\"},\"potentialAction\":[{\"@type\":\"SearchAction\",\"target\":{\"@type\":\"EntryPoint\",\"urlTemplate\":\"https:\/\/www.prototehas.ee\/lv\/?s={search_term_string}\"},\"query-input\":{\"@type\":\"PropertyValueSpecification\",\"valueRequired\":true,\"valueName\":\"search_term_string\"}}],\"inLanguage\":\"lv-LV\"},{\"@type\":\"Organization\",\"@id\":\"https:\/\/www.prototehas.ee\/lv\/#organization\",\"name\":\"PROTO avastustehas\",\"url\":\"https:\/\/www.prototehas.ee\/lv\/\",\"logo\":{\"@type\":\"ImageObject\",\"inLanguage\":\"lv-LV\",\"@id\":\"https:\/\/www.prototehas.ee\/lv\/#\/schema\/logo\/image\/\",\"url\":\"https:\/\/www.prototehas.ee\/wp-content\/uploads\/2019\/10\/prototehas_logo_et_2.svg\",\"contentUrl\":\"https:\/\/www.prototehas.ee\/wp-content\/uploads\/2019\/10\/prototehas_logo_et_2.svg\",\"width\":100,\"height\":100,\"caption\":\"PROTO avastustehas\"},\"image\":{\"@id\":\"https:\/\/www.prototehas.ee\/lv\/#\/schema\/logo\/image\/\"},\"sameAs\":[\"https:\/\/www.facebook.com\/prototehas\/\"]}]}<\/script>\n<!-- \/ Yoast SEO plugin. -->","yoast_head_json":{"title":"DARBALAIKS - Elamuskeskus - PROTO avastustehas","description":"Lahtiolekuajad: PROTO avastustehas on avatud T-P kell 11-18. Kogupere elamuskeskus ootab seiklema. Avasta endas leiutaja!","robots":{"index":"index","follow":"follow","max-snippet":"max-snippet:-1","max-image-preview":"max-image-preview:large","max-video-preview":"max-video-preview:-1"},"canonical":"https:\/\/www.prototehas.ee\/lv\/darbalaiks\/","og_locale":"lv_LV","og_type":"article","og_title":"DARBALAIKS - Elamuskeskus - PROTO avastustehas","og_description":"Lahtiolekuajad: PROTO avastustehas on avatud T-P kell 11-18. Kogupere elamuskeskus ootab seiklema. Avasta endas leiutaja!","og_url":"https:\/\/www.prototehas.ee\/lv\/darbalaiks\/","og_site_name":"PROTO avastustehas","article_publisher":"https:\/\/www.facebook.com\/prototehas\/","article_modified_time":"2026-05-04T13:50:19+00:00","twitter_card":"summary_large_image","twitter_misc":{"Est. reading time":"1 minute"},"schema":{"@context":"https:\/\/schema.org","@graph":[{"@type":"WebPage","@id":"https:\/\/www.prototehas.ee\/lv\/darbalaiks\/","url":"https:\/\/www.prototehas.ee\/lv\/darbalaiks\/","name":"DARBALAIKS - Elamuskeskus - PROTO avastustehas","isPartOf":{"@id":"https:\/\/www.prototehas.ee\/lv\/#website"},"datePublished":"2019-12-05T13:28:44+00:00","dateModified":"2026-05-04T13:50:19+00:00","description":"Lahtiolekuajad: PROTO avastustehas on avatud T-P kell 11-18. Kogupere elamuskeskus ootab seiklema. Avasta endas leiutaja!","breadcrumb":{"@id":"https:\/\/www.prototehas.ee\/lv\/darbalaiks\/#breadcrumb"},"inLanguage":"lv-LV","potentialAction":[{"@type":"ReadAction","target":["https:\/\/www.prototehas.ee\/lv\/darbalaiks\/"]}]},{"@type":"BreadcrumbList","@id":"https:\/\/www.prototehas.ee\/lv\/darbalaiks\/#breadcrumb","itemListElement":[{"@type":"ListItem","position":1,"name":"Avaleht","item":"https:\/\/www.prototehas.ee\/lv\/"},{"@type":"ListItem","position":2,"name":"DARBALAIKS"}]},{"@type":"WebSite","@id":"https:\/\/www.prototehas.ee\/lv\/#website","url":"https:\/\/www.prototehas.ee\/lv\/","name":"PROTO avastustehas","description":"Where science meets fantasy","publisher":{"@id":"https:\/\/www.prototehas.ee\/lv\/#organization"},"potentialAction":[{"@type":"SearchAction","target":{"@type":"EntryPoint","urlTemplate":"https:\/\/www.prototehas.ee\/lv\/?s={search_term_string}"},"query-input":{"@type":"PropertyValueSpecification","valueRequired":true,"valueName":"search_term_string"}}],"inLanguage":"lv-LV"},{"@type":"Organization","@id":"https:\/\/www.prototehas.ee\/lv\/#organization","name":"PROTO avastustehas","url":"https:\/\/www.prototehas.ee\/lv\/","logo":{"@type":"ImageObject","inLanguage":"lv-LV","@id":"https:\/\/www.prototehas.ee\/lv\/#\/schema\/logo\/image\/","url":"https:\/\/www.prototehas.ee\/wp-content\/uploads\/2019\/10\/prototehas_logo_et_2.svg","contentUrl":"https:\/\/www.prototehas.ee\/wp-content\/uploads\/2019\/10\/prototehas_logo_et_2.svg","width":100,"height":100,"caption":"PROTO avastustehas"},"image":{"@id":"https:\/\/www.prototehas.ee\/lv\/#\/schema\/logo\/image\/"},"sameAs":["https:\/\/www.facebook.com\/prototehas\/"]}]}},"_links":{"self":[{"href":"https:\/\/www.prototehas.ee\/lv\/wp-json\/wp\/v2\/pages\/7040","targetHints":{"allow":["GET"]}}],"collection":[{"href":"https:\/\/www.prototehas.ee\/lv\/wp-json\/wp\/v2\/pages"}],"about":[{"href":"https:\/\/www.prototehas.ee\/lv\/wp-json\/wp\/v2\/types\/page"}],"author":[{"embeddable":true,"href":"https:\/\/www.prototehas.ee\/lv\/wp-json\/wp\/v2\/users\/15"}],"replies":[{"embeddable":true,"href":"https:\/\/www.prototehas.ee\/lv\/wp-json\/wp\/v2\/comments?post=7040"}],"version-history":[{"count":9,"href":"https:\/\/www.prototehas.ee\/lv\/wp-json\/wp\/v2\/pages\/7040\/revisions"}],"predecessor-version":[{"id":37291,"href":"https:\/\/www.prototehas.ee\/lv\/wp-json\/wp\/v2\/pages\/7040\/revisions\/37291"}],"wp:attachment":[{"href":"https:\/\/www.prototehas.ee\/lv\/wp-json\/wp\/v2\/media?parent=7040"}],"curies":[{"name":"wp","href":"https:\/\/api.w.org\/{rel}","templated":true}]}}