{"id":8993,"date":"2020-02-11T10:25:29","date_gmt":"2020-02-11T10:25:29","guid":{"rendered":"http:\/\/protodev.ee\/?page_id=8993"},"modified":"2026-04-14T11:55:08","modified_gmt":"2026-04-14T11:55:08","slug":"proto-atklajumu-rupnicas-ekspozicijas-zale","status":"publish","type":"page","link":"https:\/\/www.prototehas.ee\/lv\/proto-atklajumu-rupnicas-ekspozicijas-zale\/","title":{"rendered":"PROTO atkl\u0101jumu r\u016bpn\u012bcas ekspoz\u012bcijas z\u0101le"},"content":{"rendered":"[et_pb_section fb_built=&#8221;1&#8243; _builder_version=&#8221;4.16&#8243; background_enable_image=&#8221;off&#8221; locked=&#8221;off&#8221; global_colors_info=&#8221;{}&#8221;][et_pb_row admin_label=&#8221;Eesti Maitsed&#8221; _builder_version=&#8221;4.24.2&#8243; _module_preset=&#8221;default&#8221; locked=&#8221;off&#8221; global_colors_info=&#8221;{}&#8221;][et_pb_column type=&#8221;4_4&#8243; _builder_version=&#8221;4.16&#8243; _module_preset=&#8221;default&#8221; global_colors_info=&#8221;{}&#8221;][et_pb_heading title=&#8221;PROTO atkl\u0101jumu r\u016bpn\u012bcas ekspoz\u012bcijas z\u0101le&#8221; _builder_version=&#8221;4.24.2&#8243; _module_preset=&#8221;c9a4dd29-8345-43ea-bd4d-e73ae35e5717&#8243; global_colors_info=&#8221;{}&#8221;][\/et_pb_heading][et_pb_text _builder_version=&#8221;4.24.2&#8243; _module_preset=&#8221;e179c0c4-c115-407d-a110-ebe813713cd6&#8243; custom_padding=&#8221;|90px||90px|false|false&#8221; custom_padding_tablet=&#8221;|20px||20px|false|false&#8221; custom_padding_phone=&#8221;|0px||0px|false|false&#8221; custom_padding_last_edited=&#8221;on|tablet&#8221; global_colors_info=&#8221;{}&#8221;]<p>PROTO avastustehases viesus iepaz\u012bstina apmekl\u0113t\u0101jus ar br\u012bni\u0161\u0137\u012bgo 19. gadsimta izgudrojumu pasauli, kas lieliski piem\u0113rota svin\u012bgiem pas\u0101kumiem. PROTO avastustehn\u0113 tiek r\u012bkoti konferences, izst\u0101des, film\u0113\u0161anas, foto sesijas, k\u0101z\u0101m un te\u0101tra un koncertu izr\u0101des. Pateicoties sava laika arhitekt\u016brai, \u0113k\u0101 ir unik\u0101la akustika, kas \u012bpa\u0161i piem\u0113rota priec\u012bgiem koncertiem.<\/p>\n<p>Telp\u0101 ir vair\u0101k nek\u0101 20 virtu\u0101l\u0101s realit\u0101tes un darb\u012bbas atrakcijas, kas ir aizraujo\u0161as gan b\u0113rniem, gan pieaugu\u0161ajiem. Iev\u0113rojam\u0101s atrakcijas pa\u0161as rot\u0101 telpu, t\u0101p\u0113c organizatoram nav j\u0101dom\u0101 par atsevi\u0161\u0137as telpas noform\u0113\u0161anu.<\/p>\n<p>No ielas PROTO avastustehn\u0113 var iebraukt pat ar automa\u0161\u012bnu, jo nav augstuma starp\u012bbu.<\/p>[\/et_pb_text][\/et_pb_column][\/et_pb_row][et_pb_row column_structure=&#8221;1_2,1_2&#8243; use_custom_gutter=&#8221;on&#8221; gutter_width=&#8221;1&#8243; make_equal=&#8221;on&#8221; admin_label=&#8221;Card Image Right&#8221; _builder_version=&#8221;4.24.2&#8243; _module_preset=&#8221;default&#8221; background_color=&#8221;#FFFFFF&#8221; custom_margin=&#8221;25px||25px||false|false&#8221; custom_padding=&#8221;0px||0px||false|false&#8221; border_radii=&#8221;on|20px|20px|20px|20px&#8221; locked=&#8221;off&#8221; global_colors_info=&#8221;{}&#8221; custom_css_main_element_last_edited=&#8221;on|tablet&#8221;][et_pb_column type=&#8221;1_2&#8243; _builder_version=&#8221;4.24.2&#8243; _module_preset=&#8221;default&#8221; custom_padding=&#8221;|30px||30px|false|false&#8221; global_colors_info=&#8221;{}&#8221;][et_pb_heading title=&#8221;PROTO atkl\u0101jumu r\u016bpn\u012bcas ekspoz\u012bcijas z\u0101le&#8221; _builder_version=&#8221;4.24.2&#8243; _module_preset=&#8221;default&#8221; title_font=&#8221;Amsi Pro Cond Bold|||on|||||&#8221; title_text_align=&#8221;center&#8221; background_color=&#8221;rgba(255,255,255,0)&#8221; custom_margin=&#8221;30px||0px||false|false&#8221; global_colors_info=&#8221;{}&#8221;][\/et_pb_heading][et_pb_text _builder_version=&#8221;4.24.2&#8243; _module_preset=&#8221;e179c0c4-c115-407d-a110-ebe813713cd6&#8243; custom_margin=&#8221;|0px|||false|false&#8221; custom_padding=&#8221;11px||30px|0px|false|false&#8221; global_colors_info=&#8221;{}&#8221;]<p>Pas\u0101kumu r\u012bkot\u0101jam ir iesp\u0113ja iz\u012br\u0113t telpu ar atrakciju lieto\u0161anas vad\u012bbas pakalpojumu vai bez t\u0101. Ir iep\u0113ja da\u013c\u0113ji p\u0101rvietot atrakcijas t\u0101, lai b\u016btu iesp\u0113ja vien\u0101 telpas da\u013c\u0101 uzst\u0101d\u012bt skatuvi ar laukumu klaus\u012bt\u0101jiem un dejot\u0101jiem. PROTO galveno z\u0101li var iz\u012br\u0113t \u0101rpus centra darba laika vai apmekl\u0113t ekspoz\u012bciju ar\u012b tad, ja pas\u0101kums norisin\u0101s k\u0101d\u0101 no cit\u0101m m\u016bsu telp\u0101m.<\/p>\n<p><strong>Izm\u0113rs:<\/strong> 1245,5 m2<br \/><strong>Pie\u0146em\u0161ana bez s\u0113dviet\u0101m:<\/strong> 600 pers<br \/><strong>Te\u0101tris:<\/strong> 220 pers<br \/><strong>Gal\u0101:<\/strong> 250 pers<\/p>\n<p><strong>TELPU PL\u0100NS:<br \/><\/strong>1. <a href=\"https:\/\/www.prototehas.ee\/wp-content\/uploads\/2020\/03\/01-Noblessneri-valukoda_porandaplaan.pdf\">Gr\u012bdas pl\u0101ns<\/a><br \/><strong><br \/>Rezerv\u0113\u0161ana:<br \/><a href=\"mailto:booking@protofactory.ee\">booking@protofactory.ee<\/a><br \/>+372 53 620 400<\/strong><\/p>[\/et_pb_text][\/et_pb_column][et_pb_column type=&#8221;1_2&#8243; _builder_version=&#8221;4.24.2&#8243; _module_preset=&#8221;default&#8221; global_colors_info=&#8221;{}&#8221;][et_pb_image src=&#8221;https:\/\/www.prototehas.ee\/wp-content\/uploads\/2023\/01\/7-1-scaled.jpg&#8221; title_text=&#8221;7&#8243; show_bottom_space=&#8221;off&#8221; module_class=&#8221;pa-full-height-image-column&#8221; _builder_version=&#8221;4.24.2&#8243; _module_preset=&#8221;default&#8221; height=&#8221;100%&#8221; global_colors_info=&#8221;{}&#8221;][\/et_pb_image][\/et_pb_column][\/et_pb_row][et_pb_row use_custom_gutter=&#8221;on&#8221; gutter_width=&#8221;1&#8243; admin_label=&#8221;Eesti Maitsed&#8221; _builder_version=&#8221;4.24.2&#8243; _module_preset=&#8221;default&#8221; width=&#8221;100%&#8221; locked=&#8221;off&#8221; global_colors_info=&#8221;{}&#8221;][et_pb_column type=&#8221;4_4&#8243; _builder_version=&#8221;4.16&#8243; _module_preset=&#8221;default&#8221; global_colors_info=&#8221;{}&#8221;][et_pb_heading title=&#8221;foto galerija&#8221; _builder_version=&#8221;4.24.2&#8243; _module_preset=&#8221;c9a4dd29-8345-43ea-bd4d-e73ae35e5717&#8243; custom_margin=&#8221;||30px||false|false&#8221; global_colors_info=&#8221;{}&#8221;][\/et_pb_heading][et_pb_gallery gallery_ids=&#8221;24382,24362,24366,24370,24422,24246,27264,27410&#8243; posts_number=&#8221;8&#8243; show_title_and_caption=&#8221;off&#8221; show_pagination=&#8221;off&#8221; zoom_icon_color=&#8221;#6400FF&#8221; hover_overlay_color=&#8221;rgba(255,255,255,0.52)&#8221; hover_icon=&#8221;&#x2d;||divi||400&#8243; module_class=&#8221;col-width&#8221; _builder_version=&#8221;4.24.2&#8243; _module_preset=&#8221;default&#8221; custom_margin=&#8221;||||false|false&#8221; custom_margin_tablet=&#8221;||||false|false&#8221; custom_margin_phone=&#8221;||||false|false&#8221; custom_margin_last_edited=&#8221;on|tablet&#8221; custom_padding=&#8221;|10px||10px|false|false&#8221; border_width_all=&#8221;14px&#8221; border_color_all=&#8221;RGBA(255,255,255,0)&#8221; border_width_all_tablet=&#8221;14px&#8221; border_width_all_phone=&#8221;6px&#8221; border_width_all_last_edited=&#8221;on|phone&#8221; border_radii_image=&#8221;on|12px|12px|12px|12px&#8221; global_colors_info=&#8221;{}&#8221;][\/et_pb_gallery][\/et_pb_column][\/et_pb_row][\/et_pb_section]<span class=\"et_bloom_bottom_trigger\"><\/span>","protected":false},"excerpt":{"rendered":"<p>PROTO avastustehases viesus iepaz\u012bstina apmekl\u0113t\u0101jus ar br\u012bni\u0161\u0137\u012bgo 19. gadsimta izgudrojumu pasauli, kas lieliski piem\u0113rota svin\u012bgiem pas\u0101kumiem. PROTO avastustehn\u0113 tiek r\u012bkoti konferences, izst\u0101des, film\u0113\u0161anas, foto sesijas, k\u0101z\u0101m un te\u0101tra un koncertu izr\u0101des. Pateicoties sava laika arhitekt\u016brai, \u0113k\u0101 ir unik\u0101la akustika, kas \u012bpa\u0161i piem\u0113rota priec\u012bgiem koncertiem. Telp\u0101 ir vair\u0101k nek\u0101 20 virtu\u0101l\u0101s realit\u0101tes un darb\u012bbas atrakcijas, kas [&hellip;]<\/p>\n","protected":false},"author":19,"featured_media":0,"parent":0,"menu_order":0,"comment_status":"closed","ping_status":"closed","template":"","meta":{"_acf_changed":false,"_et_pb_use_builder":"on","_et_pb_old_content":"","_et_gb_content_width":"","inline_featured_image":false,"footnotes":""},"class_list":["post-8993","page","type-page","status-publish","hentry"],"acf":[],"yoast_head":"<!-- This site is optimized with the Yoast SEO plugin v26.9 - https:\/\/yoast.com\/product\/yoast-seo-wordpress\/ -->\n<title>PROTO atkl\u0101jumu r\u016bpn\u012bcas ekspoz\u012bcijas z\u0101le - PROTO avastustehas<\/title>\n<meta name=\"robots\" content=\"index, follow, max-snippet:-1, max-image-preview:large, max-video-preview:-1\" \/>\n<link rel=\"canonical\" href=\"https:\/\/www.prototehas.ee\/lv\/proto-atklajumu-rupnicas-ekspozicijas-zale\/\" \/>\n<meta property=\"og:locale\" content=\"lv_LV\" \/>\n<meta property=\"og:type\" content=\"article\" \/>\n<meta property=\"og:title\" content=\"PROTO atkl\u0101jumu r\u016bpn\u012bcas ekspoz\u012bcijas z\u0101le - PROTO avastustehas\" \/>\n<meta property=\"og:description\" content=\"PROTO avastustehases viesus iepaz\u012bstina apmekl\u0113t\u0101jus ar br\u012bni\u0161\u0137\u012bgo 19. gadsimta izgudrojumu pasauli, kas lieliski piem\u0113rota svin\u012bgiem pas\u0101kumiem. PROTO avastustehn\u0113 tiek r\u012bkoti konferences, izst\u0101des, film\u0113\u0161anas, foto sesijas, k\u0101z\u0101m un te\u0101tra un koncertu izr\u0101des. Pateicoties sava laika arhitekt\u016brai, \u0113k\u0101 ir unik\u0101la akustika, kas \u012bpa\u0161i piem\u0113rota priec\u012bgiem koncertiem. Telp\u0101 ir vair\u0101k nek\u0101 20 virtu\u0101l\u0101s realit\u0101tes un darb\u012bbas atrakcijas, kas [&hellip;]\" \/>\n<meta property=\"og:url\" content=\"https:\/\/www.prototehas.ee\/lv\/proto-atklajumu-rupnicas-ekspozicijas-zale\/\" \/>\n<meta property=\"og:site_name\" content=\"PROTO avastustehas\" \/>\n<meta property=\"article:publisher\" content=\"https:\/\/www.facebook.com\/prototehas\/\" \/>\n<meta property=\"article:modified_time\" content=\"2026-04-14T11:55:08+00:00\" \/>\n<meta name=\"twitter:card\" content=\"summary_large_image\" \/>\n<meta name=\"twitter:label1\" content=\"Est. reading time\" \/>\n\t<meta name=\"twitter:data1\" content=\"2 minutes\" \/>\n<script type=\"application\/ld+json\" class=\"yoast-schema-graph\">{\"@context\":\"https:\/\/schema.org\",\"@graph\":[{\"@type\":\"WebPage\",\"@id\":\"https:\/\/www.prototehas.ee\/lv\/proto-atklajumu-rupnicas-ekspozicijas-zale\/\",\"url\":\"https:\/\/www.prototehas.ee\/lv\/proto-atklajumu-rupnicas-ekspozicijas-zale\/\",\"name\":\"PROTO atkl\u0101jumu r\u016bpn\u012bcas ekspoz\u012bcijas z\u0101le - PROTO avastustehas\",\"isPartOf\":{\"@id\":\"https:\/\/www.prototehas.ee\/lv\/#website\"},\"datePublished\":\"2020-02-11T10:25:29+00:00\",\"dateModified\":\"2026-04-14T11:55:08+00:00\",\"breadcrumb\":{\"@id\":\"https:\/\/www.prototehas.ee\/lv\/proto-atklajumu-rupnicas-ekspozicijas-zale\/#breadcrumb\"},\"inLanguage\":\"lv-LV\",\"potentialAction\":[{\"@type\":\"ReadAction\",\"target\":[\"https:\/\/www.prototehas.ee\/lv\/proto-atklajumu-rupnicas-ekspozicijas-zale\/\"]}]},{\"@type\":\"BreadcrumbList\",\"@id\":\"https:\/\/www.prototehas.ee\/lv\/proto-atklajumu-rupnicas-ekspozicijas-zale\/#breadcrumb\",\"itemListElement\":[{\"@type\":\"ListItem\",\"position\":1,\"name\":\"Avaleht\",\"item\":\"https:\/\/www.prototehas.ee\/lv\/\"},{\"@type\":\"ListItem\",\"position\":2,\"name\":\"PROTO atkl\u0101jumu r\u016bpn\u012bcas ekspoz\u012bcijas z\u0101le\"}]},{\"@type\":\"WebSite\",\"@id\":\"https:\/\/www.prototehas.ee\/lv\/#website\",\"url\":\"https:\/\/www.prototehas.ee\/lv\/\",\"name\":\"PROTO avastustehas\",\"description\":\"Where science meets fantasy\",\"publisher\":{\"@id\":\"https:\/\/www.prototehas.ee\/lv\/#organization\"},\"potentialAction\":[{\"@type\":\"SearchAction\",\"target\":{\"@type\":\"EntryPoint\",\"urlTemplate\":\"https:\/\/www.prototehas.ee\/lv\/?s={search_term_string}\"},\"query-input\":{\"@type\":\"PropertyValueSpecification\",\"valueRequired\":true,\"valueName\":\"search_term_string\"}}],\"inLanguage\":\"lv-LV\"},{\"@type\":\"Organization\",\"@id\":\"https:\/\/www.prototehas.ee\/lv\/#organization\",\"name\":\"PROTO avastustehas\",\"url\":\"https:\/\/www.prototehas.ee\/lv\/\",\"logo\":{\"@type\":\"ImageObject\",\"inLanguage\":\"lv-LV\",\"@id\":\"https:\/\/www.prototehas.ee\/lv\/#\/schema\/logo\/image\/\",\"url\":\"https:\/\/www.prototehas.ee\/wp-content\/uploads\/2019\/10\/prototehas_logo_et_2.svg\",\"contentUrl\":\"https:\/\/www.prototehas.ee\/wp-content\/uploads\/2019\/10\/prototehas_logo_et_2.svg\",\"width\":100,\"height\":100,\"caption\":\"PROTO avastustehas\"},\"image\":{\"@id\":\"https:\/\/www.prototehas.ee\/lv\/#\/schema\/logo\/image\/\"},\"sameAs\":[\"https:\/\/www.facebook.com\/prototehas\/\"]}]}<\/script>\n<!-- \/ Yoast SEO plugin. -->","yoast_head_json":{"title":"PROTO atkl\u0101jumu r\u016bpn\u012bcas ekspoz\u012bcijas z\u0101le - PROTO avastustehas","robots":{"index":"index","follow":"follow","max-snippet":"max-snippet:-1","max-image-preview":"max-image-preview:large","max-video-preview":"max-video-preview:-1"},"canonical":"https:\/\/www.prototehas.ee\/lv\/proto-atklajumu-rupnicas-ekspozicijas-zale\/","og_locale":"lv_LV","og_type":"article","og_title":"PROTO atkl\u0101jumu r\u016bpn\u012bcas ekspoz\u012bcijas z\u0101le - PROTO avastustehas","og_description":"PROTO avastustehases viesus iepaz\u012bstina apmekl\u0113t\u0101jus ar br\u012bni\u0161\u0137\u012bgo 19. gadsimta izgudrojumu pasauli, kas lieliski piem\u0113rota svin\u012bgiem pas\u0101kumiem. PROTO avastustehn\u0113 tiek r\u012bkoti konferences, izst\u0101des, film\u0113\u0161anas, foto sesijas, k\u0101z\u0101m un te\u0101tra un koncertu izr\u0101des. Pateicoties sava laika arhitekt\u016brai, \u0113k\u0101 ir unik\u0101la akustika, kas \u012bpa\u0161i piem\u0113rota priec\u012bgiem koncertiem. Telp\u0101 ir vair\u0101k nek\u0101 20 virtu\u0101l\u0101s realit\u0101tes un darb\u012bbas atrakcijas, kas [&hellip;]","og_url":"https:\/\/www.prototehas.ee\/lv\/proto-atklajumu-rupnicas-ekspozicijas-zale\/","og_site_name":"PROTO avastustehas","article_publisher":"https:\/\/www.facebook.com\/prototehas\/","article_modified_time":"2026-04-14T11:55:08+00:00","twitter_card":"summary_large_image","twitter_misc":{"Est. reading time":"2 minutes"},"schema":{"@context":"https:\/\/schema.org","@graph":[{"@type":"WebPage","@id":"https:\/\/www.prototehas.ee\/lv\/proto-atklajumu-rupnicas-ekspozicijas-zale\/","url":"https:\/\/www.prototehas.ee\/lv\/proto-atklajumu-rupnicas-ekspozicijas-zale\/","name":"PROTO atkl\u0101jumu r\u016bpn\u012bcas ekspoz\u012bcijas z\u0101le - PROTO avastustehas","isPartOf":{"@id":"https:\/\/www.prototehas.ee\/lv\/#website"},"datePublished":"2020-02-11T10:25:29+00:00","dateModified":"2026-04-14T11:55:08+00:00","breadcrumb":{"@id":"https:\/\/www.prototehas.ee\/lv\/proto-atklajumu-rupnicas-ekspozicijas-zale\/#breadcrumb"},"inLanguage":"lv-LV","potentialAction":[{"@type":"ReadAction","target":["https:\/\/www.prototehas.ee\/lv\/proto-atklajumu-rupnicas-ekspozicijas-zale\/"]}]},{"@type":"BreadcrumbList","@id":"https:\/\/www.prototehas.ee\/lv\/proto-atklajumu-rupnicas-ekspozicijas-zale\/#breadcrumb","itemListElement":[{"@type":"ListItem","position":1,"name":"Avaleht","item":"https:\/\/www.prototehas.ee\/lv\/"},{"@type":"ListItem","position":2,"name":"PROTO atkl\u0101jumu r\u016bpn\u012bcas ekspoz\u012bcijas z\u0101le"}]},{"@type":"WebSite","@id":"https:\/\/www.prototehas.ee\/lv\/#website","url":"https:\/\/www.prototehas.ee\/lv\/","name":"PROTO avastustehas","description":"Where science meets fantasy","publisher":{"@id":"https:\/\/www.prototehas.ee\/lv\/#organization"},"potentialAction":[{"@type":"SearchAction","target":{"@type":"EntryPoint","urlTemplate":"https:\/\/www.prototehas.ee\/lv\/?s={search_term_string}"},"query-input":{"@type":"PropertyValueSpecification","valueRequired":true,"valueName":"search_term_string"}}],"inLanguage":"lv-LV"},{"@type":"Organization","@id":"https:\/\/www.prototehas.ee\/lv\/#organization","name":"PROTO avastustehas","url":"https:\/\/www.prototehas.ee\/lv\/","logo":{"@type":"ImageObject","inLanguage":"lv-LV","@id":"https:\/\/www.prototehas.ee\/lv\/#\/schema\/logo\/image\/","url":"https:\/\/www.prototehas.ee\/wp-content\/uploads\/2019\/10\/prototehas_logo_et_2.svg","contentUrl":"https:\/\/www.prototehas.ee\/wp-content\/uploads\/2019\/10\/prototehas_logo_et_2.svg","width":100,"height":100,"caption":"PROTO avastustehas"},"image":{"@id":"https:\/\/www.prototehas.ee\/lv\/#\/schema\/logo\/image\/"},"sameAs":["https:\/\/www.facebook.com\/prototehas\/"]}]}},"_links":{"self":[{"href":"https:\/\/www.prototehas.ee\/lv\/wp-json\/wp\/v2\/pages\/8993","targetHints":{"allow":["GET"]}}],"collection":[{"href":"https:\/\/www.prototehas.ee\/lv\/wp-json\/wp\/v2\/pages"}],"about":[{"href":"https:\/\/www.prototehas.ee\/lv\/wp-json\/wp\/v2\/types\/page"}],"author":[{"embeddable":true,"href":"https:\/\/www.prototehas.ee\/lv\/wp-json\/wp\/v2\/users\/19"}],"replies":[{"embeddable":true,"href":"https:\/\/www.prototehas.ee\/lv\/wp-json\/wp\/v2\/comments?post=8993"}],"version-history":[{"count":5,"href":"https:\/\/www.prototehas.ee\/lv\/wp-json\/wp\/v2\/pages\/8993\/revisions"}],"predecessor-version":[{"id":36799,"href":"https:\/\/www.prototehas.ee\/lv\/wp-json\/wp\/v2\/pages\/8993\/revisions\/36799"}],"wp:attachment":[{"href":"https:\/\/www.prototehas.ee\/lv\/wp-json\/wp\/v2\/media?parent=8993"}],"curies":[{"name":"wp","href":"https:\/\/api.w.org\/{rel}","templated":true}]}}